{"id":57646,"date":"2026-02-10T22:01:27","date_gmt":"2026-02-10T22:01:27","guid":{"rendered":"https:\/\/testwebsite.citygame.com\/games\/unknown-location\/sherlock-holmes-vilnius\/"},"modified":"2026-04-08T00:52:25","modified_gmt":"2026-04-08T00:52:25","slug":"sherlock-holmes-vilnius","status":"publish","type":"product","link":"https:\/\/testwebsite.citygame.com\/fr\/games\/vilnius\/sherlock-holmes-vilnius\/","title":{"rendered":"Sherlock Holmes Vilnius"},"content":{"rendered":"<p>Plongez dans l&rsquo;univers de Sherlock Holmes avec ce City Game autonome et sc\u00e9naris\u00e9 de myst\u00e8re de meurtre, situ\u00e9 dans le centre historique de Vilnius. Alors que la ville devient le th\u00e9\u00e2tre d&rsquo;une enqu\u00eate gla\u00e7ante, vous suivrez un r\u00e9cit qui se d\u00e9voile, recueillerez des indices, r\u00e9soudrez des \u00e9nigmes cryptiques et interrogerez des suspects num\u00e9riques pour percer le myst\u00e8re derri\u00e8re un meurtre survenu pendant le Liberty Festival. Parcourez les rues \u00e0 votre rythme et immergez-vous dans l&rsquo;exp\u00e9rience de d\u00e9tective, car chaque d\u00e9cision vous rapproche de la d\u00e9couverte de la v\u00e9rit\u00e9.<\/p>\n","protected":false},"excerpt":{"rendered":"<p>Incarnez l&rsquo;in\u00e9galable Sherlock Holmes et plongez dans un myst\u00e8re de meurtre soigneusement \u00e9labor\u00e9 \u00e0 Vilnius. Avec votre \u00e9quipe, suivez des indices cryptiques, r\u00e9solvez des \u00e9nigmes complexes et d\u00e9couvrez la v\u00e9rit\u00e9 derri\u00e8re le crime. L&rsquo;enqu\u00eate est ouverte !<\/p>\n","protected":false},"featured_media":12131,"template":"","meta":{"_acf_changed":false,"_yoast_wpseo_focuskw":"Sherlock Holmes Vilnius","_yoast_wpseo_metadesc":"Sherlock Holmes Vilnius. Jouez \u00e0 un City Game de myst\u00e8re de meurtre autonome, r\u00e9solvez des \u00e9nigmes, suivez des indices et d\u00e9masquez le meurtrier \u00e0 votre rythme !","_kad_blocks_custom_css":"","_kad_blocks_head_custom_js":"","_kad_blocks_body_custom_js":"","_kad_blocks_footer_custom_js":"","ghostkit_customizer_options":"","ghostkit_custom_css":"","ghostkit_custom_js_head":"","ghostkit_custom_js_foot":"","ghostkit_typography":"","_kad_post_transparent":"","_kad_post_title":"","_kad_post_layout":"","_kad_post_sidebar_id":"","_kad_post_content_style":"","_kad_post_vertical_padding":"","_kad_post_feature":"","_kad_post_feature_position":"","_kad_post_header":false,"_kad_post_footer":false,"_kad_post_classname":"","_links_to":"","_links_to_target":""},"game-concept":[774],"location":[423],"product_brand":[],"product_cat":[663],"product_tag":[],"class_list":{"0":"post-57646","1":"product","2":"type-product","3":"status-publish","4":"has-post-thumbnail","6":"game-concept-sherlock","7":"location-vilnius","8":"product_cat-non-classe","10":"first","11":"instock","12":"shipping-taxable","13":"purchasable","14":"product-type-simple","15":"entry","16":"content-bg","17":"loop-entry"},"acf":{"full_bokun_product_name":"Vilnius Self-Guided Sherlock Holmes Murder Mystery Game","location_name":"Vilnius","bokun_calendar_widget_code":"<script type=\"text\/javascript\" src=\"https:\/\/widgets.bokun.io\/assets\/javascripts\/apps\/build\/BokunWidgetsLoader.js?bookingChannelUUID=a1e93e96-5232-4734-a595-28405f4b5a31\" async><\/script>\n     \n    <div class=\"bokunWidget\" data-src=\"https:\/\/widgets.bokun.io\/online-sales\/a1e93e96-5232-4734-a595-28405f4b5a31\/experience-calendar\/771647\"><\/div>\n    <noscript>Please enable javascript in your browser to book<\/noscript>","bokun_button_widget_code":"<script type=\"text\/javascript\" src=\"https:\/\/widgets.bokun.io\/assets\/javascripts\/apps\/build\/BokunWidgetsLoader.js?bookingChannelUUID=a1e93e96-5232-4734-a595-28405f4b5a31\" async><\/script>\n      <style> #bokun_ed001e45_5927_4f62_b470_ca766338d083 { display: inline-block; padding: .4em 1em; background: #47b82e; border-radius: 999999px; box-shadow: none; font-weight: 600; font-size: 24px; text-decoration: none; text-align: center; color: #FFFFFF; border:none; cursor: pointer; transition: background .2s ease; } #bokun_ed001e45_5927_4f62_b470_ca766338d083:hover{ background: #2f7b1f; } #bokun_ed001e45_5927_4f62_b470_ca766338d083:active{ background: #378f24; } <\/style> <button class=\"bokunButton\" disabled id=bokun_ed001e45_5927_4f62_b470_ca766338d083 data-src=\"https:\/\/widgets.bokun.io\/online-sales\/a1e93e96-5232-4734-a595-28405f4b5a31\/experience-calendar\/771647?partialView=1\" data-testid=\"widget-book-button\" > Book now <\/button> ","what_you\u2019ll_experience_during_the_game":"Vous plongez dans une histoire polici\u00e8re captivante situ\u00e9e au c\u0153ur de Vilnius, o\u00f9 chaque rue cache un indice et chaque lieu vous entra\u00eene plus profond\u00e9ment dans le myst\u00e8re. Au fur et \u00e0 mesure que vous vous d\u00e9placez dans la ville, l'enqu\u00eate se d\u00e9roule autour de vous, vous pla\u00e7ant au centre d'un meurtre non r\u00e9solu survenu pendant le Liberty Festival. Vous d\u00e9couvrirez des \u00e9nigmes, suivrez les preuves et ferez face \u00e0 des rebondissements inattendus qui mettront votre raisonnement \u00e0 l'\u00e9preuve.  \n\nUtilisez une observation et une d\u00e9duction aiguis\u00e9es pour interroger des suspects num\u00e9riques, analyser des alibis et exposer les contradictions dans leurs d\u00e9clarations. L'histoire est totalement immersive, con\u00e7ue pour r\u00e9compenser votre esprit critique alors que vous vous rapprochez de la v\u00e9rit\u00e9. Vous pouvez mettre votre enqu\u00eate en pause et la reprendre \u00e0 tout moment, ce qui vous permet d'explorer le myst\u00e8re \u00e0 votre rythme. Si vous jouez en \u00e9quipe, vous pouvez m\u00eame concourir pour voir qui d\u00e9couvre la v\u00e9rit\u00e9 en premier.","how_to_play":"Jouez seul ou avec des amis, de la famille ou des coll\u00e8gues, en \u00e9quipes de quatre personnes maximum par appareil. Apr\u00e8s la r\u00e9servation, vous recevrez un e-mail d'instructions avec tout ce dont vous avez besoin.","start_location":"Vilnius, Vilniaus arkikatedra","available_languages":["en","es","fr","de","it","nl"],"players_per_group":"1-4","duration":"1.5-2 hours","image_overlay_color_image":"https:\/\/testwebsite.citygame.com\/wp-content\/blogs.dir\/1\/files\/sites\/62\/2026\/01\/SherlockColor.svg","image_overlay_game_logo":"https:\/\/testwebsite.citygame.com\/wp-content\/blogs.dir\/1\/files\/sites\/62\/2026\/01\/SherlockLogo.png","city_page":8940,"woocommerce_general_content":null},"yoast_head":"<!-- This site is optimized with the Yoast SEO Premium plugin v26.2 (Yoast SEO v26.3) - https:\/\/yoast.com\/wordpress\/plugins\/seo\/ -->\n<title>Sherlock Holmes Vilnius - City Game<\/title>\n<meta name=\"description\" content=\"Sherlock Holmes Vilnius. Jouez \u00e0 un City Game de myst\u00e8re de meurtre autonome, r\u00e9solvez des \u00e9nigmes, suivez des indices et d\u00e9masquez le meurtrier \u00e0 votre rythme !\" \/>\n<meta name=\"robots\" content=\"noindex, follow, max-snippet:-1, max-image-preview:large, max-video-preview:-1\" \/>\n<meta property=\"og:locale\" content=\"fr_FR\" \/>\n<meta property=\"og:type\" content=\"article\" \/>\n<meta property=\"og:title\" content=\"Sherlock Holmes Vilnius\" \/>\n<meta property=\"og:description\" content=\"Sherlock Holmes Vilnius. Jouez \u00e0 un City Game de myst\u00e8re de meurtre autonome, r\u00e9solvez des \u00e9nigmes, suivez des indices et d\u00e9masquez le meurtrier \u00e0 votre rythme !\" \/>\n<meta property=\"og:url\" content=\"https:\/\/testwebsite.citygame.com\/fr\/games\/vilnius\/sherlock-holmes-vilnius\/\" \/>\n<meta property=\"og:site_name\" content=\"City Game\" \/>\n<meta property=\"article:publisher\" content=\"https:\/\/www.facebook.com\/profile.php?id=100086426226253\" \/>\n<meta property=\"article:modified_time\" content=\"2026-04-08T00:52:25+00:00\" \/>\n<meta property=\"og:image\" content=\"https:\/\/testwebsite.citygame.com\/wp-content\/blogs.dir\/1\/files\/sites\/62\/2026\/02\/vilnius-group-playing-sherlock-city-game.jpg\" \/>\n\t<meta property=\"og:image:width\" content=\"1344\" \/>\n\t<meta property=\"og:image:height\" content=\"768\" \/>\n\t<meta property=\"og:image:type\" content=\"image\/jpeg\" \/>\n<meta name=\"twitter:card\" content=\"summary_large_image\" \/>\n<meta name=\"twitter:label1\" content=\"Dur\u00e9e de lecture estim\u00e9e\" \/>\n\t<meta name=\"twitter:data1\" content=\"1 minute\" \/>\n<script type=\"application\/ld+json\" class=\"yoast-schema-graph\">{\"@context\":\"https:\/\/schema.org\",\"@graph\":[{\"@type\":\"WebPage\",\"@id\":\"https:\/\/testwebsite.citygame.com\/fr\/games\/vilnius\/sherlock-holmes-vilnius\/\",\"url\":\"https:\/\/testwebsite.citygame.com\/fr\/games\/vilnius\/sherlock-holmes-vilnius\/\",\"name\":\"Sherlock Holmes Vilnius - City Game\",\"isPartOf\":{\"@id\":\"https:\/\/testwebsite.upevents.nl\/#website\"},\"primaryImageOfPage\":{\"@id\":\"https:\/\/testwebsite.citygame.com\/fr\/games\/vilnius\/sherlock-holmes-vilnius\/#primaryimage\"},\"image\":{\"@id\":\"https:\/\/testwebsite.citygame.com\/fr\/games\/vilnius\/sherlock-holmes-vilnius\/#primaryimage\"},\"thumbnailUrl\":\"https:\/\/testwebsite.citygame.com\/wp-content\/blogs.dir\/1\/files\/sites\/62\/2026\/02\/vilnius-group-playing-sherlock-city-game.jpg\",\"datePublished\":\"2026-02-10T22:01:27+00:00\",\"dateModified\":\"2026-04-08T00:52:25+00:00\",\"description\":\"Sherlock Holmes Vilnius. Jouez \u00e0 un City Game de myst\u00e8re de meurtre autonome, r\u00e9solvez des \u00e9nigmes, suivez des indices et d\u00e9masquez le meurtrier \u00e0 votre rythme !\",\"breadcrumb\":{\"@id\":\"https:\/\/testwebsite.citygame.com\/fr\/games\/vilnius\/sherlock-holmes-vilnius\/#breadcrumb\"},\"inLanguage\":\"fr-FR\",\"potentialAction\":[{\"@type\":\"ReadAction\",\"target\":[\"https:\/\/testwebsite.citygame.com\/fr\/games\/vilnius\/sherlock-holmes-vilnius\/\"]}]},{\"@type\":\"ImageObject\",\"inLanguage\":\"fr-FR\",\"@id\":\"https:\/\/testwebsite.citygame.com\/fr\/games\/vilnius\/sherlock-holmes-vilnius\/#primaryimage\",\"url\":\"https:\/\/testwebsite.citygame.com\/wp-content\/blogs.dir\/1\/files\/sites\/62\/2026\/02\/vilnius-group-playing-sherlock-city-game.jpg\",\"contentUrl\":\"https:\/\/testwebsite.citygame.com\/wp-content\/blogs.dir\/1\/files\/sites\/62\/2026\/02\/vilnius-group-playing-sherlock-city-game.jpg\",\"width\":1344,\"height\":768,\"caption\":\"Four young people explore the streets of Vilnius while playing a game on a smartphone.\"},{\"@type\":\"BreadcrumbList\",\"@id\":\"https:\/\/testwebsite.citygame.com\/fr\/games\/vilnius\/sherlock-holmes-vilnius\/#breadcrumb\",\"itemListElement\":[{\"@type\":\"ListItem\",\"position\":1,\"name\":\"Home\",\"item\":\"https:\/\/testwebsite.citygame.com\/fr\/\"},{\"@type\":\"ListItem\",\"position\":2,\"name\":\"Shop\",\"item\":\"https:\/\/testwebsite.citygame.com\/shop\/\"},{\"@type\":\"ListItem\",\"position\":3,\"name\":\"Sherlock Holmes Vilnius\"}]},{\"@type\":\"WebSite\",\"@id\":\"https:\/\/testwebsite.upevents.nl\/#website\",\"url\":\"https:\/\/testwebsite.upevents.nl\/\",\"name\":\"City Game\",\"description\":\"\",\"publisher\":{\"@id\":\"https:\/\/testwebsite.upevents.nl\/#organization\"},\"alternateName\":\"citygame.com\",\"potentialAction\":[{\"@type\":\"SearchAction\",\"target\":{\"@type\":\"EntryPoint\",\"urlTemplate\":\"https:\/\/testwebsite.upevents.nl\/?s={search_term_string}\"},\"query-input\":{\"@type\":\"PropertyValueSpecification\",\"valueRequired\":true,\"valueName\":\"search_term_string\"}}],\"inLanguage\":\"fr-FR\"},{\"@type\":[\"Organization\",\"Place\"],\"@id\":\"https:\/\/testwebsite.upevents.nl\/#organization\",\"name\":\"City Game\",\"alternateName\":\"citygame.com\",\"url\":\"https:\/\/testwebsite.upevents.nl\/\",\"logo\":{\"@id\":\"https:\/\/testwebsite.citygame.com\/fr\/games\/vilnius\/sherlock-holmes-vilnius\/#local-main-organization-logo\"},\"image\":{\"@id\":\"https:\/\/testwebsite.citygame.com\/fr\/games\/vilnius\/sherlock-holmes-vilnius\/#local-main-organization-logo\"},\"sameAs\":[\"https:\/\/www.facebook.com\/profile.php?id=100086426226253\",\"https:\/\/www.instagram.com\/citygame_com\",\"https:\/\/www.tiktok.com\/@citygamecom\/\",\"https:\/\/www.linkedin.com\/company\/citygame-com\"],\"description\":\"Turn any city into a playground with our interactive City Games and self-guided tours. Fun, flexible, and ideal for groups and team building.\",\"telephone\":[],\"openingHoursSpecification\":[{\"@type\":\"OpeningHoursSpecification\",\"dayOfWeek\":[\"Monday\",\"Tuesday\",\"Wednesday\",\"Thursday\",\"Friday\",\"Saturday\",\"Sunday\"],\"opens\":\"09:00\",\"closes\":\"17:00\"}]},{\"@type\":\"ImageObject\",\"inLanguage\":\"fr-FR\",\"@id\":\"https:\/\/testwebsite.citygame.com\/fr\/games\/vilnius\/sherlock-holmes-vilnius\/#local-main-organization-logo\",\"url\":\"https:\/\/testwebsite.citygame.com\/wp-content\/blogs.dir\/1\/files\/sites\/62\/2025\/10\/CG_LOGO-City-Game.png\",\"contentUrl\":\"https:\/\/testwebsite.citygame.com\/wp-content\/blogs.dir\/1\/files\/sites\/62\/2025\/10\/CG_LOGO-City-Game.png\",\"width\":351,\"height\":377,\"caption\":\"City Game\"}]}<\/script>\n<!-- \/ Yoast SEO Premium plugin. -->","yoast_head_json":{"title":"Sherlock Holmes Vilnius - City Game","description":"Sherlock Holmes Vilnius. Jouez \u00e0 un City Game de myst\u00e8re de meurtre autonome, r\u00e9solvez des \u00e9nigmes, suivez des indices et d\u00e9masquez le meurtrier \u00e0 votre rythme !","robots":{"index":"noindex","follow":"follow","max-snippet":"max-snippet:-1","max-image-preview":"max-image-preview:large","max-video-preview":"max-video-preview:-1"},"og_locale":"fr_FR","og_type":"article","og_title":"Sherlock Holmes Vilnius","og_description":"Sherlock Holmes Vilnius. Jouez \u00e0 un City Game de myst\u00e8re de meurtre autonome, r\u00e9solvez des \u00e9nigmes, suivez des indices et d\u00e9masquez le meurtrier \u00e0 votre rythme !","og_url":"https:\/\/testwebsite.citygame.com\/fr\/games\/vilnius\/sherlock-holmes-vilnius\/","og_site_name":"City Game","article_publisher":"https:\/\/www.facebook.com\/profile.php?id=100086426226253","article_modified_time":"2026-04-08T00:52:25+00:00","og_image":[{"width":1344,"height":768,"url":"https:\/\/testwebsite.citygame.com\/wp-content\/blogs.dir\/1\/files\/sites\/62\/2026\/02\/vilnius-group-playing-sherlock-city-game.jpg","type":"image\/jpeg"}],"twitter_card":"summary_large_image","twitter_misc":{"Dur\u00e9e de lecture estim\u00e9e":"1 minute"},"schema":{"@context":"https:\/\/schema.org","@graph":[{"@type":"WebPage","@id":"https:\/\/testwebsite.citygame.com\/fr\/games\/vilnius\/sherlock-holmes-vilnius\/","url":"https:\/\/testwebsite.citygame.com\/fr\/games\/vilnius\/sherlock-holmes-vilnius\/","name":"Sherlock Holmes Vilnius - City Game","isPartOf":{"@id":"https:\/\/testwebsite.upevents.nl\/#website"},"primaryImageOfPage":{"@id":"https:\/\/testwebsite.citygame.com\/fr\/games\/vilnius\/sherlock-holmes-vilnius\/#primaryimage"},"image":{"@id":"https:\/\/testwebsite.citygame.com\/fr\/games\/vilnius\/sherlock-holmes-vilnius\/#primaryimage"},"thumbnailUrl":"https:\/\/testwebsite.citygame.com\/wp-content\/blogs.dir\/1\/files\/sites\/62\/2026\/02\/vilnius-group-playing-sherlock-city-game.jpg","datePublished":"2026-02-10T22:01:27+00:00","dateModified":"2026-04-08T00:52:25+00:00","description":"Sherlock Holmes Vilnius. Jouez \u00e0 un City Game de myst\u00e8re de meurtre autonome, r\u00e9solvez des \u00e9nigmes, suivez des indices et d\u00e9masquez le meurtrier \u00e0 votre rythme !","breadcrumb":{"@id":"https:\/\/testwebsite.citygame.com\/fr\/games\/vilnius\/sherlock-holmes-vilnius\/#breadcrumb"},"inLanguage":"fr-FR","potentialAction":[{"@type":"ReadAction","target":["https:\/\/testwebsite.citygame.com\/fr\/games\/vilnius\/sherlock-holmes-vilnius\/"]}]},{"@type":"ImageObject","inLanguage":"fr-FR","@id":"https:\/\/testwebsite.citygame.com\/fr\/games\/vilnius\/sherlock-holmes-vilnius\/#primaryimage","url":"https:\/\/testwebsite.citygame.com\/wp-content\/blogs.dir\/1\/files\/sites\/62\/2026\/02\/vilnius-group-playing-sherlock-city-game.jpg","contentUrl":"https:\/\/testwebsite.citygame.com\/wp-content\/blogs.dir\/1\/files\/sites\/62\/2026\/02\/vilnius-group-playing-sherlock-city-game.jpg","width":1344,"height":768,"caption":"Four young people explore the streets of Vilnius while playing a game on a smartphone."},{"@type":"BreadcrumbList","@id":"https:\/\/testwebsite.citygame.com\/fr\/games\/vilnius\/sherlock-holmes-vilnius\/#breadcrumb","itemListElement":[{"@type":"ListItem","position":1,"name":"Home","item":"https:\/\/testwebsite.citygame.com\/fr\/"},{"@type":"ListItem","position":2,"name":"Shop","item":"https:\/\/testwebsite.citygame.com\/shop\/"},{"@type":"ListItem","position":3,"name":"Sherlock Holmes Vilnius"}]},{"@type":"WebSite","@id":"https:\/\/testwebsite.upevents.nl\/#website","url":"https:\/\/testwebsite.upevents.nl\/","name":"City Game","description":"","publisher":{"@id":"https:\/\/testwebsite.upevents.nl\/#organization"},"alternateName":"citygame.com","potentialAction":[{"@type":"SearchAction","target":{"@type":"EntryPoint","urlTemplate":"https:\/\/testwebsite.upevents.nl\/?s={search_term_string}"},"query-input":{"@type":"PropertyValueSpecification","valueRequired":true,"valueName":"search_term_string"}}],"inLanguage":"fr-FR"},{"@type":["Organization","Place"],"@id":"https:\/\/testwebsite.upevents.nl\/#organization","name":"City Game","alternateName":"citygame.com","url":"https:\/\/testwebsite.upevents.nl\/","logo":{"@id":"https:\/\/testwebsite.citygame.com\/fr\/games\/vilnius\/sherlock-holmes-vilnius\/#local-main-organization-logo"},"image":{"@id":"https:\/\/testwebsite.citygame.com\/fr\/games\/vilnius\/sherlock-holmes-vilnius\/#local-main-organization-logo"},"sameAs":["https:\/\/www.facebook.com\/profile.php?id=100086426226253","https:\/\/www.instagram.com\/citygame_com","https:\/\/www.tiktok.com\/@citygamecom\/","https:\/\/www.linkedin.com\/company\/citygame-com"],"description":"Turn any city into a playground with our interactive City Games and self-guided tours. Fun, flexible, and ideal for groups and team building.","telephone":[],"openingHoursSpecification":[{"@type":"OpeningHoursSpecification","dayOfWeek":["Monday","Tuesday","Wednesday","Thursday","Friday","Saturday","Sunday"],"opens":"09:00","closes":"17:00"}]},{"@type":"ImageObject","inLanguage":"fr-FR","@id":"https:\/\/testwebsite.citygame.com\/fr\/games\/vilnius\/sherlock-holmes-vilnius\/#local-main-organization-logo","url":"https:\/\/testwebsite.citygame.com\/wp-content\/blogs.dir\/1\/files\/sites\/62\/2025\/10\/CG_LOGO-City-Game.png","contentUrl":"https:\/\/testwebsite.citygame.com\/wp-content\/blogs.dir\/1\/files\/sites\/62\/2025\/10\/CG_LOGO-City-Game.png","width":351,"height":377,"caption":"City Game"}]}},"taxonomy_info":{"game-concept":[{"value":774,"label":"Sherlock"}],"location":[{"value":423,"label":"Vilnius"}],"product_cat":[{"value":663,"label":"Non class\u00e9"}]},"featured_image_src_large":["https:\/\/testwebsite.citygame.com\/wp-content\/blogs.dir\/1\/files\/sites\/62\/2026\/02\/vilnius-group-playing-sherlock-city-game-1024x585.jpg",1024,585,true],"author_info":[],"comment_info":"","_links":{"self":[{"href":"https:\/\/testwebsite.citygame.com\/fr\/wp-json\/wp\/v2\/product\/57646","targetHints":{"allow":["GET"]}}],"collection":[{"href":"https:\/\/testwebsite.citygame.com\/fr\/wp-json\/wp\/v2\/product"}],"about":[{"href":"https:\/\/testwebsite.citygame.com\/fr\/wp-json\/wp\/v2\/types\/product"}],"acf:post":[{"embeddable":true,"href":"https:\/\/testwebsite.citygame.com\/fr\/wp-json\/wp\/v2\/pages\/8940"}],"wp:featuredmedia":[{"embeddable":true,"href":"https:\/\/testwebsite.citygame.com\/fr\/wp-json\/wp\/v2\/media\/12131"}],"wp:attachment":[{"href":"https:\/\/testwebsite.citygame.com\/fr\/wp-json\/wp\/v2\/media?parent=57646"}],"wp:term":[{"taxonomy":"game-concept","embeddable":true,"href":"https:\/\/testwebsite.citygame.com\/fr\/wp-json\/wp\/v2\/game-concept?post=57646"},{"taxonomy":"location","embeddable":true,"href":"https:\/\/testwebsite.citygame.com\/fr\/wp-json\/wp\/v2\/location?post=57646"},{"taxonomy":"product_brand","embeddable":true,"href":"https:\/\/testwebsite.citygame.com\/fr\/wp-json\/wp\/v2\/product_brand?post=57646"},{"taxonomy":"product_cat","embeddable":true,"href":"https:\/\/testwebsite.citygame.com\/fr\/wp-json\/wp\/v2\/product_cat?post=57646"},{"taxonomy":"product_tag","embeddable":true,"href":"https:\/\/testwebsite.citygame.com\/fr\/wp-json\/wp\/v2\/product_tag?post=57646"}],"curies":[{"name":"wp","href":"https:\/\/api.w.org\/{rel}","templated":true}]}}