{"id":56905,"date":"2026-01-27T10:52:40","date_gmt":"2026-01-27T10:52:40","guid":{"rendered":"https:\/\/testwebsite.citygame.com\/games\/unknown-location\/secrets-of-maastricht\/"},"modified":"2026-04-07T23:28:50","modified_gmt":"2026-04-07T23:28:50","slug":"secrets-of-maastricht","status":"publish","type":"product","link":"https:\/\/testwebsite.citygame.com\/fr\/games\/maastricht\/secrets-of-maastricht\/","title":{"rendered":"Secrets of Maastricht"},"content":{"rendered":"<p>Le City Game Maastricht est un jeu autonome, bas\u00e9 sur le GPS, qui se d\u00e9roule dans le centre historique de Maastricht. \u00c0 l&rsquo;aide d&rsquo;un smartphone, les joueurs explorent les rues de la ville tout en r\u00e9solvant des puzzles, des \u00e9nigmes et des d\u00e9fis photo amusants dans le cadre de ce jeu d&rsquo;exploration interactif. En chemin, les participants d\u00e9couvrent des histoires sur l&rsquo;histoire, la culture et les d\u00e9tails cach\u00e9s de Maastricht qui pourraient autrement passer inaper\u00e7us. Ce jeu de ville autonome est id\u00e9al aussi bien pour les visiteurs souhaitant d\u00e9couvrir le charme de la ville que pour les habitants cherchant une nouvelle perspective. Adapt\u00e9 aux joueurs seuls, aux couples, aux familles et aux groupes d&rsquo;amis, le jeu bas\u00e9 sur le GPS offre une mani\u00e8re flexible et engageante de d\u00e9couvrir Maastricht.<\/p>\n","protected":false},"excerpt":{"rendered":"<p>R\u00e9v\u00e9lez les Myst\u00e8res et la Majest\u00e9 de Maastricht ! Plongez dans une ville o\u00f9 le vibrant spectre de l&rsquo;histoire croise le charme contemporain \u00e0 travers chaque rue pav\u00e9e et chaque forteresse ancienne. D\u00e9m\u00ealez des \u00e9nigmes intrigantes en parcourant son \u00e2me vivante, Maastricht d\u00e9borde d&rsquo;enchantement \u00e0 chaque coin de rue !<\/p>\n","protected":false},"featured_media":4452,"template":"","meta":{"_acf_changed":false,"_yoast_wpseo_focuskw":"Secrets of Maastricht","_yoast_wpseo_metadesc":"Secrets of Maastricht. Jouez \u00e0 un City Game autonome et explorez la ville \u00e0 travers des puzzles, des \u00e9nigmes et des d\u00e9fis. Jouez \u00e0 votre rythme et d\u00e9couvrez comme un local !","_kad_blocks_custom_css":"","_kad_blocks_head_custom_js":"","_kad_blocks_body_custom_js":"","_kad_blocks_footer_custom_js":"","ghostkit_customizer_options":"","ghostkit_custom_css":"","ghostkit_custom_js_head":"","ghostkit_custom_js_foot":"","ghostkit_typography":"","_kad_post_transparent":"","_kad_post_title":"","_kad_post_layout":"","_kad_post_sidebar_id":"","_kad_post_content_style":"","_kad_post_vertical_padding":"","_kad_post_feature":"","_kad_post_feature_position":"","_kad_post_header":false,"_kad_post_footer":false,"_kad_post_classname":"","_links_to":"","_links_to_target":""},"game-concept":[713],"location":[256],"product_brand":[],"product_cat":[663],"product_tag":[],"class_list":{"0":"post-56905","1":"product","2":"type-product","3":"status-publish","4":"has-post-thumbnail","6":"game-concept-secrets","7":"location-maastricht","8":"product_cat-non-classe","10":"first","11":"instock","12":"shipping-taxable","13":"purchasable","14":"product-type-simple","15":"entry","16":"content-bg","17":"loop-entry"},"acf":{"full_bokun_product_name":"Self-Guided Secrets of Maastricht Exploration Game","location_name":"Maastricht","bokun_calendar_widget_code":"<script type=\"text\/javascript\" src=\"https:\/\/widgets.bokun.io\/assets\/javascripts\/apps\/build\/BokunWidgetsLoader.js?bookingChannelUUID=a1e93e96-5232-4734-a595-28405f4b5a31\" async><\/script>\n     \n    <div class=\"bokunWidget\" data-src=\"https:\/\/widgets.bokun.io\/online-sales\/a1e93e96-5232-4734-a595-28405f4b5a31\/experience-calendar\/723448\"><\/div>\n    <noscript>Please enable javascript in your browser to book<\/noscript>","bokun_button_widget_code":"<script type=\"text\/javascript\" src=\"https:\/\/widgets.bokun.io\/assets\/javascripts\/apps\/build\/BokunWidgetsLoader.js?bookingChannelUUID=a1e93e96-5232-4734-a595-28405f4b5a31\" async><\/script>\n      <style> #bokun_ed001e45_5927_4f62_b470_ca766338d083 { display: inline-block; padding: .4em 1em; background: #47b82e; border-radius: 999999px; box-shadow: none; font-weight: 600; font-size: 24px; text-decoration: none; text-align: center; color: #FFFFFF; border:none; cursor: pointer; transition: background .2s ease; } #bokun_ed001e45_5927_4f62_b470_ca766338d083:hover{ background: #2f7b1f; } #bokun_ed001e45_5927_4f62_b470_ca766338d083:active{ background: #378f24; } <\/style> <button class=\"bokunButton\" disabled id=bokun_ed001e45_5927_4f62_b470_ca766338d083 data-src=\"https:\/\/widgets.bokun.io\/online-sales\/a1e93e96-5232-4734-a595-28405f4b5a31\/experience-calendar\/723448?partialView=1\" data-testid=\"widget-book-button\" > Book now <\/button> ","what_you\u2019ll_experience_during_the_game":"Pendant le Secrets of Maastricht City Game, vous explorerez la ville \u00e0 travers un m\u00e9lange captivant de narration, de tourisme et de d\u00e9couverte interactive. En suivant les indices, le jeu vous guidera \u00e0 travers des rues pittoresques, vous faisant d\u00e9couvrir des monuments embl\u00e9matiques et des recoins cach\u00e9s de Maastricht. En chemin, vous rencontrerez des lieux tels que l'historique place du Vrijthof, l'impressionnante Basilique Saint-Servais et les charmants quartiers pr\u00e8s du Jekerkwartier. Chaque lieu ajoute de la profondeur au r\u00e9cit tout en offrant une nouvelle perspective sur le riche caract\u00e8re de la ville.\n\nTout au long du City Game, vous rel\u00e8verez une vari\u00e9t\u00e9 de puzzles, de t\u00e2ches photo cr\u00e9atives et d'\u00e9nigmes locales qui mettront au d\u00e9fi vos comp\u00e9tences d'observation et de r\u00e9solution de probl\u00e8mes. Terminer chaque d\u00e9fi vous rapporte des points et d\u00e9bloque des indices qui vous aident \u00e0 progresser, r\u00e9v\u00e9lant progressivement le myst\u00e8re au c\u0153ur de Maastricht. Le jeu est flexible \u2013 mettez-le en pause quand vous le souhaitez et continuez plus tard \u00e0 votre propre rythme. Si vous avez l'esprit de comp\u00e9tition, vous pouvez suivre votre score et viser une place de choix au classement parmi les autres \u00e9quipes explorant Maastricht.","how_to_play":"R\u00e9servez le Jeu d'Exploration, v\u00e9rifiez l'e-mail que nous vous envoyons avec les instructions simples, t\u00e9l\u00e9chargez l'application Loquiz, acc\u00e9dez au Jeu d'Exploration et vous \u00eates pr\u00eat \u00e0 commencer votre exp\u00e9rience de jeu !","start_location":"Vrijthof Maastricht","available_languages":["en","nl","de"],"players_per_group":"1-4","duration":"1.5-2 hours","image_overlay_color_image":"https:\/\/testwebsite.citygame.com\/wp-content\/blogs.dir\/1\/files\/sites\/62\/2026\/01\/SecretsColor.svg","image_overlay_game_logo":"https:\/\/testwebsite.citygame.com\/wp-content\/blogs.dir\/1\/files\/sites\/62\/2026\/01\/SecretsLogo.png","city_page":4442,"woocommerce_general_content":null},"yoast_head":"<!-- This site is optimized with the Yoast SEO Premium plugin v26.2 (Yoast SEO v26.3) - https:\/\/yoast.com\/wordpress\/plugins\/seo\/ -->\n<title>Secrets of Maastricht - City Game<\/title>\n<meta name=\"description\" content=\"Secrets of Maastricht. Jouez \u00e0 un City Game autonome et explorez la ville \u00e0 travers des puzzles, des \u00e9nigmes et des d\u00e9fis. Jouez \u00e0 votre rythme et d\u00e9couvrez comme un local !\" \/>\n<meta name=\"robots\" content=\"noindex, follow, max-snippet:-1, max-image-preview:large, max-video-preview:-1\" \/>\n<meta property=\"og:locale\" content=\"fr_FR\" \/>\n<meta property=\"og:type\" content=\"article\" \/>\n<meta property=\"og:title\" content=\"Secrets of Maastricht\" \/>\n<meta property=\"og:description\" content=\"Secrets of Maastricht. Jouez \u00e0 un City Game autonome et explorez la ville \u00e0 travers des puzzles, des \u00e9nigmes et des d\u00e9fis. Jouez \u00e0 votre rythme et d\u00e9couvrez comme un local !\" \/>\n<meta property=\"og:url\" content=\"https:\/\/testwebsite.citygame.com\/fr\/games\/maastricht\/secrets-of-maastricht\/\" \/>\n<meta property=\"og:site_name\" content=\"City Game\" \/>\n<meta property=\"article:publisher\" content=\"https:\/\/www.facebook.com\/profile.php?id=100086426226253\" \/>\n<meta property=\"article:modified_time\" content=\"2026-04-07T23:28:50+00:00\" \/>\n<meta property=\"og:image\" content=\"https:\/\/testwebsite.citygame.com\/wp-content\/blogs.dir\/1\/files\/sites\/62\/2026\/01\/group-of-friends-playing-city-game-maastricht.jpg\" \/>\n\t<meta property=\"og:image:width\" content=\"1248\" \/>\n\t<meta property=\"og:image:height\" content=\"832\" \/>\n\t<meta property=\"og:image:type\" content=\"image\/jpeg\" \/>\n<meta name=\"twitter:card\" content=\"summary_large_image\" \/>\n<meta name=\"twitter:label1\" content=\"Dur\u00e9e de lecture estim\u00e9e\" \/>\n\t<meta name=\"twitter:data1\" content=\"1 minute\" \/>\n<script type=\"application\/ld+json\" class=\"yoast-schema-graph\">{\"@context\":\"https:\/\/schema.org\",\"@graph\":[{\"@type\":\"WebPage\",\"@id\":\"https:\/\/testwebsite.citygame.com\/fr\/games\/maastricht\/secrets-of-maastricht\/\",\"url\":\"https:\/\/testwebsite.citygame.com\/fr\/games\/maastricht\/secrets-of-maastricht\/\",\"name\":\"Secrets of Maastricht - City Game\",\"isPartOf\":{\"@id\":\"https:\/\/testwebsite.upevents.nl\/#website\"},\"primaryImageOfPage\":{\"@id\":\"https:\/\/testwebsite.citygame.com\/fr\/games\/maastricht\/secrets-of-maastricht\/#primaryimage\"},\"image\":{\"@id\":\"https:\/\/testwebsite.citygame.com\/fr\/games\/maastricht\/secrets-of-maastricht\/#primaryimage\"},\"thumbnailUrl\":\"https:\/\/testwebsite.citygame.com\/wp-content\/blogs.dir\/1\/files\/sites\/62\/2026\/01\/group-of-friends-playing-city-game-maastricht.jpg\",\"datePublished\":\"2026-01-27T10:52:40+00:00\",\"dateModified\":\"2026-04-07T23:28:50+00:00\",\"description\":\"Secrets of Maastricht. Jouez \u00e0 un City Game autonome et explorez la ville \u00e0 travers des puzzles, des \u00e9nigmes et des d\u00e9fis. Jouez \u00e0 votre rythme et d\u00e9couvrez comme un local !\",\"breadcrumb\":{\"@id\":\"https:\/\/testwebsite.citygame.com\/fr\/games\/maastricht\/secrets-of-maastricht\/#breadcrumb\"},\"inLanguage\":\"fr-FR\",\"potentialAction\":[{\"@type\":\"ReadAction\",\"target\":[\"https:\/\/testwebsite.citygame.com\/fr\/games\/maastricht\/secrets-of-maastricht\/\"]}]},{\"@type\":\"ImageObject\",\"inLanguage\":\"fr-FR\",\"@id\":\"https:\/\/testwebsite.citygame.com\/fr\/games\/maastricht\/secrets-of-maastricht\/#primaryimage\",\"url\":\"https:\/\/testwebsite.citygame.com\/wp-content\/blogs.dir\/1\/files\/sites\/62\/2026\/01\/group-of-friends-playing-city-game-maastricht.jpg\",\"contentUrl\":\"https:\/\/testwebsite.citygame.com\/wp-content\/blogs.dir\/1\/files\/sites\/62\/2026\/01\/group-of-friends-playing-city-game-maastricht.jpg\",\"width\":1248,\"height\":832,\"caption\":\"A group of young friends happily gathered around a smartphone while exploring Maastricht's historic canals.\"},{\"@type\":\"BreadcrumbList\",\"@id\":\"https:\/\/testwebsite.citygame.com\/fr\/games\/maastricht\/secrets-of-maastricht\/#breadcrumb\",\"itemListElement\":[{\"@type\":\"ListItem\",\"position\":1,\"name\":\"Home\",\"item\":\"https:\/\/testwebsite.citygame.com\/fr\/\"},{\"@type\":\"ListItem\",\"position\":2,\"name\":\"Shop\",\"item\":\"https:\/\/testwebsite.citygame.com\/shop\/\"},{\"@type\":\"ListItem\",\"position\":3,\"name\":\"Secrets of Maastricht\"}]},{\"@type\":\"WebSite\",\"@id\":\"https:\/\/testwebsite.upevents.nl\/#website\",\"url\":\"https:\/\/testwebsite.upevents.nl\/\",\"name\":\"City Game\",\"description\":\"\",\"publisher\":{\"@id\":\"https:\/\/testwebsite.upevents.nl\/#organization\"},\"alternateName\":\"citygame.com\",\"potentialAction\":[{\"@type\":\"SearchAction\",\"target\":{\"@type\":\"EntryPoint\",\"urlTemplate\":\"https:\/\/testwebsite.upevents.nl\/?s={search_term_string}\"},\"query-input\":{\"@type\":\"PropertyValueSpecification\",\"valueRequired\":true,\"valueName\":\"search_term_string\"}}],\"inLanguage\":\"fr-FR\"},{\"@type\":[\"Organization\",\"Place\"],\"@id\":\"https:\/\/testwebsite.upevents.nl\/#organization\",\"name\":\"City Game\",\"alternateName\":\"citygame.com\",\"url\":\"https:\/\/testwebsite.upevents.nl\/\",\"logo\":{\"@id\":\"https:\/\/testwebsite.citygame.com\/fr\/games\/maastricht\/secrets-of-maastricht\/#local-main-organization-logo\"},\"image\":{\"@id\":\"https:\/\/testwebsite.citygame.com\/fr\/games\/maastricht\/secrets-of-maastricht\/#local-main-organization-logo\"},\"sameAs\":[\"https:\/\/www.facebook.com\/profile.php?id=100086426226253\",\"https:\/\/www.instagram.com\/citygame_com\",\"https:\/\/www.tiktok.com\/@citygamecom\/\",\"https:\/\/www.linkedin.com\/company\/citygame-com\"],\"description\":\"Turn any city into a playground with our interactive City Games and self-guided tours. Fun, flexible, and ideal for groups and team building.\",\"telephone\":[],\"openingHoursSpecification\":[{\"@type\":\"OpeningHoursSpecification\",\"dayOfWeek\":[\"Monday\",\"Tuesday\",\"Wednesday\",\"Thursday\",\"Friday\",\"Saturday\",\"Sunday\"],\"opens\":\"09:00\",\"closes\":\"17:00\"}]},{\"@type\":\"ImageObject\",\"inLanguage\":\"fr-FR\",\"@id\":\"https:\/\/testwebsite.citygame.com\/fr\/games\/maastricht\/secrets-of-maastricht\/#local-main-organization-logo\",\"url\":\"https:\/\/testwebsite.citygame.com\/wp-content\/blogs.dir\/1\/files\/sites\/62\/2025\/10\/CG_LOGO-City-Game.png\",\"contentUrl\":\"https:\/\/testwebsite.citygame.com\/wp-content\/blogs.dir\/1\/files\/sites\/62\/2025\/10\/CG_LOGO-City-Game.png\",\"width\":351,\"height\":377,\"caption\":\"City Game\"}]}<\/script>\n<!-- \/ Yoast SEO Premium plugin. -->","yoast_head_json":{"title":"Secrets of Maastricht - City Game","description":"Secrets of Maastricht. Jouez \u00e0 un City Game autonome et explorez la ville \u00e0 travers des puzzles, des \u00e9nigmes et des d\u00e9fis. Jouez \u00e0 votre rythme et d\u00e9couvrez comme un local !","robots":{"index":"noindex","follow":"follow","max-snippet":"max-snippet:-1","max-image-preview":"max-image-preview:large","max-video-preview":"max-video-preview:-1"},"og_locale":"fr_FR","og_type":"article","og_title":"Secrets of Maastricht","og_description":"Secrets of Maastricht. Jouez \u00e0 un City Game autonome et explorez la ville \u00e0 travers des puzzles, des \u00e9nigmes et des d\u00e9fis. Jouez \u00e0 votre rythme et d\u00e9couvrez comme un local !","og_url":"https:\/\/testwebsite.citygame.com\/fr\/games\/maastricht\/secrets-of-maastricht\/","og_site_name":"City Game","article_publisher":"https:\/\/www.facebook.com\/profile.php?id=100086426226253","article_modified_time":"2026-04-07T23:28:50+00:00","og_image":[{"width":1248,"height":832,"url":"https:\/\/testwebsite.citygame.com\/wp-content\/blogs.dir\/1\/files\/sites\/62\/2026\/01\/group-of-friends-playing-city-game-maastricht.jpg","type":"image\/jpeg"}],"twitter_card":"summary_large_image","twitter_misc":{"Dur\u00e9e de lecture estim\u00e9e":"1 minute"},"schema":{"@context":"https:\/\/schema.org","@graph":[{"@type":"WebPage","@id":"https:\/\/testwebsite.citygame.com\/fr\/games\/maastricht\/secrets-of-maastricht\/","url":"https:\/\/testwebsite.citygame.com\/fr\/games\/maastricht\/secrets-of-maastricht\/","name":"Secrets of Maastricht - City Game","isPartOf":{"@id":"https:\/\/testwebsite.upevents.nl\/#website"},"primaryImageOfPage":{"@id":"https:\/\/testwebsite.citygame.com\/fr\/games\/maastricht\/secrets-of-maastricht\/#primaryimage"},"image":{"@id":"https:\/\/testwebsite.citygame.com\/fr\/games\/maastricht\/secrets-of-maastricht\/#primaryimage"},"thumbnailUrl":"https:\/\/testwebsite.citygame.com\/wp-content\/blogs.dir\/1\/files\/sites\/62\/2026\/01\/group-of-friends-playing-city-game-maastricht.jpg","datePublished":"2026-01-27T10:52:40+00:00","dateModified":"2026-04-07T23:28:50+00:00","description":"Secrets of Maastricht. Jouez \u00e0 un City Game autonome et explorez la ville \u00e0 travers des puzzles, des \u00e9nigmes et des d\u00e9fis. Jouez \u00e0 votre rythme et d\u00e9couvrez comme un local !","breadcrumb":{"@id":"https:\/\/testwebsite.citygame.com\/fr\/games\/maastricht\/secrets-of-maastricht\/#breadcrumb"},"inLanguage":"fr-FR","potentialAction":[{"@type":"ReadAction","target":["https:\/\/testwebsite.citygame.com\/fr\/games\/maastricht\/secrets-of-maastricht\/"]}]},{"@type":"ImageObject","inLanguage":"fr-FR","@id":"https:\/\/testwebsite.citygame.com\/fr\/games\/maastricht\/secrets-of-maastricht\/#primaryimage","url":"https:\/\/testwebsite.citygame.com\/wp-content\/blogs.dir\/1\/files\/sites\/62\/2026\/01\/group-of-friends-playing-city-game-maastricht.jpg","contentUrl":"https:\/\/testwebsite.citygame.com\/wp-content\/blogs.dir\/1\/files\/sites\/62\/2026\/01\/group-of-friends-playing-city-game-maastricht.jpg","width":1248,"height":832,"caption":"A group of young friends happily gathered around a smartphone while exploring Maastricht's historic canals."},{"@type":"BreadcrumbList","@id":"https:\/\/testwebsite.citygame.com\/fr\/games\/maastricht\/secrets-of-maastricht\/#breadcrumb","itemListElement":[{"@type":"ListItem","position":1,"name":"Home","item":"https:\/\/testwebsite.citygame.com\/fr\/"},{"@type":"ListItem","position":2,"name":"Shop","item":"https:\/\/testwebsite.citygame.com\/shop\/"},{"@type":"ListItem","position":3,"name":"Secrets of Maastricht"}]},{"@type":"WebSite","@id":"https:\/\/testwebsite.upevents.nl\/#website","url":"https:\/\/testwebsite.upevents.nl\/","name":"City Game","description":"","publisher":{"@id":"https:\/\/testwebsite.upevents.nl\/#organization"},"alternateName":"citygame.com","potentialAction":[{"@type":"SearchAction","target":{"@type":"EntryPoint","urlTemplate":"https:\/\/testwebsite.upevents.nl\/?s={search_term_string}"},"query-input":{"@type":"PropertyValueSpecification","valueRequired":true,"valueName":"search_term_string"}}],"inLanguage":"fr-FR"},{"@type":["Organization","Place"],"@id":"https:\/\/testwebsite.upevents.nl\/#organization","name":"City Game","alternateName":"citygame.com","url":"https:\/\/testwebsite.upevents.nl\/","logo":{"@id":"https:\/\/testwebsite.citygame.com\/fr\/games\/maastricht\/secrets-of-maastricht\/#local-main-organization-logo"},"image":{"@id":"https:\/\/testwebsite.citygame.com\/fr\/games\/maastricht\/secrets-of-maastricht\/#local-main-organization-logo"},"sameAs":["https:\/\/www.facebook.com\/profile.php?id=100086426226253","https:\/\/www.instagram.com\/citygame_com","https:\/\/www.tiktok.com\/@citygamecom\/","https:\/\/www.linkedin.com\/company\/citygame-com"],"description":"Turn any city into a playground with our interactive City Games and self-guided tours. Fun, flexible, and ideal for groups and team building.","telephone":[],"openingHoursSpecification":[{"@type":"OpeningHoursSpecification","dayOfWeek":["Monday","Tuesday","Wednesday","Thursday","Friday","Saturday","Sunday"],"opens":"09:00","closes":"17:00"}]},{"@type":"ImageObject","inLanguage":"fr-FR","@id":"https:\/\/testwebsite.citygame.com\/fr\/games\/maastricht\/secrets-of-maastricht\/#local-main-organization-logo","url":"https:\/\/testwebsite.citygame.com\/wp-content\/blogs.dir\/1\/files\/sites\/62\/2025\/10\/CG_LOGO-City-Game.png","contentUrl":"https:\/\/testwebsite.citygame.com\/wp-content\/blogs.dir\/1\/files\/sites\/62\/2025\/10\/CG_LOGO-City-Game.png","width":351,"height":377,"caption":"City Game"}]}},"taxonomy_info":{"game-concept":[{"value":713,"label":"Secrets"}],"location":[{"value":256,"label":"Maastricht"}],"product_cat":[{"value":663,"label":"Non class\u00e9"}]},"featured_image_src_large":["https:\/\/testwebsite.citygame.com\/wp-content\/blogs.dir\/1\/files\/sites\/62\/2026\/01\/group-of-friends-playing-city-game-maastricht-1024x683.jpg",1024,683,true],"author_info":[],"comment_info":"","_links":{"self":[{"href":"https:\/\/testwebsite.citygame.com\/fr\/wp-json\/wp\/v2\/product\/56905","targetHints":{"allow":["GET"]}}],"collection":[{"href":"https:\/\/testwebsite.citygame.com\/fr\/wp-json\/wp\/v2\/product"}],"about":[{"href":"https:\/\/testwebsite.citygame.com\/fr\/wp-json\/wp\/v2\/types\/product"}],"acf:post":[{"embeddable":true,"href":"https:\/\/testwebsite.citygame.com\/fr\/wp-json\/wp\/v2\/pages\/4442"}],"wp:featuredmedia":[{"embeddable":true,"href":"https:\/\/testwebsite.citygame.com\/fr\/wp-json\/wp\/v2\/media\/4452"}],"wp:attachment":[{"href":"https:\/\/testwebsite.citygame.com\/fr\/wp-json\/wp\/v2\/media?parent=56905"}],"wp:term":[{"taxonomy":"game-concept","embeddable":true,"href":"https:\/\/testwebsite.citygame.com\/fr\/wp-json\/wp\/v2\/game-concept?post=56905"},{"taxonomy":"location","embeddable":true,"href":"https:\/\/testwebsite.citygame.com\/fr\/wp-json\/wp\/v2\/location?post=56905"},{"taxonomy":"product_brand","embeddable":true,"href":"https:\/\/testwebsite.citygame.com\/fr\/wp-json\/wp\/v2\/product_brand?post=56905"},{"taxonomy":"product_cat","embeddable":true,"href":"https:\/\/testwebsite.citygame.com\/fr\/wp-json\/wp\/v2\/product_cat?post=56905"},{"taxonomy":"product_tag","embeddable":true,"href":"https:\/\/testwebsite.citygame.com\/fr\/wp-json\/wp\/v2\/product_tag?post=56905"}],"curies":[{"name":"wp","href":"https:\/\/api.w.org\/{rel}","templated":true}]}}