{"id":56208,"date":"2026-01-13T15:37:58","date_gmt":"2026-01-13T15:37:58","guid":{"rendered":"https:\/\/testwebsite.citygame.com\/games\/unknown-location\/secrets-of-vasteras\/"},"modified":"2026-04-07T22:18:35","modified_gmt":"2026-04-07T22:18:35","slug":"secrets-of-vasteras","status":"publish","type":"product","link":"https:\/\/testwebsite.citygame.com\/fr\/games\/vasteras\/secrets-of-vasteras\/","title":{"rendered":"Secrets of Vasteras"},"content":{"rendered":"<p>Le City Game V\u00e4ster\u00e5s est un jeu de ville autoguid\u00e9 qui se d\u00e9roule dans le centre-ville de V\u00e4ster\u00e5s. \u00c0 l&rsquo;aide d&rsquo;une application de jeu bas\u00e9e sur le GPS sur leurs smartphones, les joueurs explorent la zone tout en r\u00e9solvant des puzzles, des \u00e9nigmes et des d\u00e9fis photo. En chemin, les participants d\u00e9couvrent des aspects de la culture de V\u00e4ster\u00e5s, des histoires locales et des d\u00e9tails cach\u00e9s qui pourraient autrement passer inaper\u00e7us. Ce jeu d&rsquo;exploration offre une mani\u00e8re flexible et engageante de d\u00e9couvrir la ville, que vous soyez un visiteur ou un local. Adapt\u00e9 aux joueurs solo, aux couples, aux familles et aux groupes d&rsquo;amis, le City Game V\u00e4ster\u00e5s offre un moyen interactif de se connecter au paysage urbain.<\/p>\n","protected":false},"excerpt":{"rendered":"<p>Lib\u00e9rez l&rsquo;esprit viking de V\u00e4ster\u00e5s ! Plongez dans une ville o\u00f9 les l\u00e9gendes anciennes rencontrent le charme moderne, r\u00e9solvez des indices pour aider Erik Stormbeard Skaldsson \u00e0 r\u00e9cup\u00e9rer la Horn of Endless Cheer et \u00e0 r\u00e9veiller le c\u0153ur du pass\u00e9 intr\u00e9pide de la Su\u00e8de.<\/p>\n","protected":false},"featured_media":3841,"template":"","meta":{"_acf_changed":false,"_yoast_wpseo_focuskw":"Secrets of Vasteras","_yoast_wpseo_metadesc":"Secrets of Vasteras. Jouez \u00e0 un City Game autoguid\u00e9 et explorez la ville \u00e0 travers des puzzles, des \u00e9nigmes et des d\u00e9fis. Jouez \u00e0 votre propre rythme et d\u00e9couvrez comme un local !","_kad_blocks_custom_css":"","_kad_blocks_head_custom_js":"","_kad_blocks_body_custom_js":"","_kad_blocks_footer_custom_js":"","ghostkit_customizer_options":"","ghostkit_custom_css":"","ghostkit_custom_js_head":"","ghostkit_custom_js_foot":"","ghostkit_typography":"","_kad_post_transparent":"","_kad_post_title":"","_kad_post_layout":"","_kad_post_sidebar_id":"","_kad_post_content_style":"","_kad_post_vertical_padding":"","_kad_post_feature":"","_kad_post_feature_position":"","_kad_post_header":false,"_kad_post_footer":false,"_kad_post_classname":"","_links_to":"","_links_to_target":""},"game-concept":[713],"location":[417],"product_brand":[],"product_cat":[663],"product_tag":[],"class_list":{"0":"post-56208","1":"product","2":"type-product","3":"status-publish","4":"has-post-thumbnail","6":"game-concept-secrets","7":"location-vasteras","8":"product_cat-non-classe","10":"first","11":"instock","12":"shipping-taxable","13":"purchasable","14":"product-type-simple","15":"entry","16":"content-bg","17":"loop-entry"},"acf":{"full_bokun_product_name":"Self-Guided Secrets of V\u00e4ster\u00e5s Exploration Game","location_name":"Vasteras","bokun_calendar_widget_code":"<script type=\"text\/javascript\" src=\"https:\/\/widgets.bokun.io\/assets\/javascripts\/apps\/build\/BokunWidgetsLoader.js?bookingChannelUUID=a1e93e96-5232-4734-a595-28405f4b5a31\" async><\/script>\n     \n    <div class=\"bokunWidget\" data-src=\"https:\/\/widgets.bokun.io\/online-sales\/a1e93e96-5232-4734-a595-28405f4b5a31\/experience-calendar\/1096709\"><\/div>\n    <noscript>Please enable javascript in your browser to book<\/noscript>","bokun_button_widget_code":"<script type=\"text\/javascript\" src=\"https:\/\/widgets.bokun.io\/assets\/javascripts\/apps\/build\/BokunWidgetsLoader.js?bookingChannelUUID=a1e93e96-5232-4734-a595-28405f4b5a31\" async><\/script>\n      <style> #bokun_ed001e45_5927_4f62_b470_ca766338d083 { display: inline-block; padding: .4em 1em; background: #47b82e; border-radius: 999999px; box-shadow: none; font-weight: 600; font-size: 24px; text-decoration: none; text-align: center; color: #FFFFFF; border:none; cursor: pointer; transition: background .2s ease; } #bokun_ed001e45_5927_4f62_b470_ca766338d083:hover{ background: #2f7b1f; } #bokun_ed001e45_5927_4f62_b470_ca766338d083:active{ background: #378f24; } <\/style> <button class=\"bokunButton\" disabled id=bokun_ed001e45_5927_4f62_b470_ca766338d083 data-src=\"https:\/\/widgets.bokun.io\/online-sales\/a1e93e96-5232-4734-a595-28405f4b5a31\/experience-calendar\/1096709?partialView=1\" data-testid=\"widget-book-button\" > Book now <\/button> ","what_you\u2019ll_experience_during_the_game":"Pendant le City Game Secrets of V\u00e4ster\u00e5s, vous explorerez la ville \u00e0 travers un m\u00e9lange de narration, d'indices et de d\u00e9couvertes. Alors que le jeu vous m\u00e8ne \u00e0 travers des lieux embl\u00e9matiques et des endroits cach\u00e9s, vous d\u00e9couvrirez la richesse culturelle de V\u00e4ster\u00e5s sous de nouvelles perspectives. En chemin, vous pourriez vous retrouver devant la Cath\u00e9drale de V\u00e4ster\u00e5s, traverser les vieilles arches de pierre de Storbron, ou longer les murs impressionnants de V\u00e4ster\u00e5s Konsthall. Des points de rep\u00e8re locaux comme Karlsgatan 2 et V\u00e4xhuset apparaissent \u00e9galement, aidant \u00e0 pr\u00e9senter la ville \u00e0 travers l'art, l'histoire et la vie quotidienne.\n\nEn naviguant dans V\u00e4ster\u00e5s, vous rel\u00e8verez des puzzles, des \u00e9nigmes et des d\u00e9fis cr\u00e9atifs qui donneront vie aux lieux. Chaque t\u00e2che vous rapporte des points, r\u00e9v\u00e8le des indices et vous rapproche de la r\u00e9solution d'un myst\u00e8re final tiss\u00e9 dans l'itin\u00e9raire. Vous pouvez vous arr\u00eater et reprendre quand vous le souhaitez, vous permettant de profiter de la ville \u00e0 votre propre rythme. Pour ceux qui aiment un peu de comp\u00e9tition amicale, le classement offre une couche suppl\u00e9mentaire de motivation pendant ce jeu d'exploration.","how_to_play":"Apr\u00e8s avoir r\u00e9serv\u00e9 votre City Game V\u00e4ster\u00e5s, vous recevrez un e-mail avec un lien de jeu direct. Rendez-vous simplement au point de d\u00e9part au V\u00e4ster\u00e5s Konstmuseum (Maison de l'Art), et lancez le jeu sur votre t\u00e9l\u00e9phone. De l\u00e0, suivez l'itin\u00e9raire GPS, r\u00e9solvez les t\u00e2ches et explorez \u00e0 votre propre rythme. Vous pouvez mettre le jeu en pause \u00e0 tout moment et continuer plus tard \u2013 l'aventure vous attend.","start_location":"V\u00e4ster\u00e5s, V\u00e4ster\u00e5s Konstmuseum","available_languages":[],"players_per_group":"1-4","duration":"1.5-2 hours","image_overlay_color_image":"https:\/\/testwebsite.citygame.com\/wp-content\/blogs.dir\/1\/files\/sites\/62\/2026\/01\/SecretsColor.svg","image_overlay_game_logo":"https:\/\/testwebsite.citygame.com\/wp-content\/blogs.dir\/1\/files\/sites\/62\/2026\/01\/SecretsLogo.png","city_page":7563,"woocommerce_general_content":null},"yoast_head":"<!-- This site is optimized with the Yoast SEO Premium plugin v26.2 (Yoast SEO v26.3) - https:\/\/yoast.com\/wordpress\/plugins\/seo\/ -->\n<title>Secrets of Vasteras - City Game<\/title>\n<meta name=\"description\" content=\"Secrets of Vasteras. Jouez \u00e0 un City Game autoguid\u00e9 et explorez la ville \u00e0 travers des puzzles, des \u00e9nigmes et des d\u00e9fis. Jouez \u00e0 votre propre rythme et d\u00e9couvrez comme un local !\" \/>\n<meta name=\"robots\" content=\"noindex, follow, max-snippet:-1, max-image-preview:large, max-video-preview:-1\" \/>\n<meta property=\"og:locale\" content=\"fr_FR\" \/>\n<meta property=\"og:type\" content=\"article\" \/>\n<meta property=\"og:title\" content=\"Secrets of Vasteras\" \/>\n<meta property=\"og:description\" content=\"Secrets of Vasteras. Jouez \u00e0 un City Game autoguid\u00e9 et explorez la ville \u00e0 travers des puzzles, des \u00e9nigmes et des d\u00e9fis. Jouez \u00e0 votre propre rythme et d\u00e9couvrez comme un local !\" \/>\n<meta property=\"og:url\" content=\"https:\/\/testwebsite.citygame.com\/fr\/games\/vasteras\/secrets-of-vasteras\/\" \/>\n<meta property=\"og:site_name\" content=\"City Game\" \/>\n<meta property=\"article:publisher\" content=\"https:\/\/www.facebook.com\/profile.php?id=100086426226253\" \/>\n<meta property=\"article:modified_time\" content=\"2026-04-07T22:18:35+00:00\" \/>\n<meta property=\"og:image\" content=\"https:\/\/testwebsite.citygame.com\/wp-content\/blogs.dir\/1\/files\/sites\/62\/2026\/01\/group-of-friends-playing-city-game-on-phone-by-canal-vasteras.jpg\" \/>\n\t<meta property=\"og:image:width\" content=\"864\" \/>\n\t<meta property=\"og:image:height\" content=\"1184\" \/>\n\t<meta property=\"og:image:type\" content=\"image\/jpeg\" \/>\n<meta name=\"twitter:card\" content=\"summary_large_image\" \/>\n<meta name=\"twitter:label1\" content=\"Dur\u00e9e de lecture estim\u00e9e\" \/>\n\t<meta name=\"twitter:data1\" content=\"1 minute\" \/>\n<script type=\"application\/ld+json\" class=\"yoast-schema-graph\">{\"@context\":\"https:\/\/schema.org\",\"@graph\":[{\"@type\":\"WebPage\",\"@id\":\"https:\/\/testwebsite.citygame.com\/fr\/games\/vasteras\/secrets-of-vasteras\/\",\"url\":\"https:\/\/testwebsite.citygame.com\/fr\/games\/vasteras\/secrets-of-vasteras\/\",\"name\":\"Secrets of Vasteras - City Game\",\"isPartOf\":{\"@id\":\"https:\/\/testwebsite.upevents.nl\/#website\"},\"primaryImageOfPage\":{\"@id\":\"https:\/\/testwebsite.citygame.com\/fr\/games\/vasteras\/secrets-of-vasteras\/#primaryimage\"},\"image\":{\"@id\":\"https:\/\/testwebsite.citygame.com\/fr\/games\/vasteras\/secrets-of-vasteras\/#primaryimage\"},\"thumbnailUrl\":\"https:\/\/testwebsite.citygame.com\/wp-content\/blogs.dir\/1\/files\/sites\/62\/2026\/01\/group-of-friends-playing-city-game-on-phone-by-canal-vasteras.jpg\",\"datePublished\":\"2026-01-13T15:37:58+00:00\",\"dateModified\":\"2026-04-07T22:18:35+00:00\",\"description\":\"Secrets of Vasteras. Jouez \u00e0 un City Game autoguid\u00e9 et explorez la ville \u00e0 travers des puzzles, des \u00e9nigmes et des d\u00e9fis. Jouez \u00e0 votre propre rythme et d\u00e9couvrez comme un local !\",\"breadcrumb\":{\"@id\":\"https:\/\/testwebsite.citygame.com\/fr\/games\/vasteras\/secrets-of-vasteras\/#breadcrumb\"},\"inLanguage\":\"fr-FR\",\"potentialAction\":[{\"@type\":\"ReadAction\",\"target\":[\"https:\/\/testwebsite.citygame.com\/fr\/games\/vasteras\/secrets-of-vasteras\/\"]}]},{\"@type\":\"ImageObject\",\"inLanguage\":\"fr-FR\",\"@id\":\"https:\/\/testwebsite.citygame.com\/fr\/games\/vasteras\/secrets-of-vasteras\/#primaryimage\",\"url\":\"https:\/\/testwebsite.citygame.com\/wp-content\/blogs.dir\/1\/files\/sites\/62\/2026\/01\/group-of-friends-playing-city-game-on-phone-by-canal-vasteras.jpg\",\"contentUrl\":\"https:\/\/testwebsite.citygame.com\/wp-content\/blogs.dir\/1\/files\/sites\/62\/2026\/01\/group-of-friends-playing-city-game-on-phone-by-canal-vasteras.jpg\",\"width\":864,\"height\":1184,\"caption\":\"A group of friends explores the historic city center of Vasteras with a mobile game.\"},{\"@type\":\"BreadcrumbList\",\"@id\":\"https:\/\/testwebsite.citygame.com\/fr\/games\/vasteras\/secrets-of-vasteras\/#breadcrumb\",\"itemListElement\":[{\"@type\":\"ListItem\",\"position\":1,\"name\":\"Home\",\"item\":\"https:\/\/testwebsite.citygame.com\/fr\/\"},{\"@type\":\"ListItem\",\"position\":2,\"name\":\"Shop\",\"item\":\"https:\/\/testwebsite.citygame.com\/shop\/\"},{\"@type\":\"ListItem\",\"position\":3,\"name\":\"Secrets of Vasteras\"}]},{\"@type\":\"WebSite\",\"@id\":\"https:\/\/testwebsite.upevents.nl\/#website\",\"url\":\"https:\/\/testwebsite.upevents.nl\/\",\"name\":\"City Game\",\"description\":\"\",\"publisher\":{\"@id\":\"https:\/\/testwebsite.upevents.nl\/#organization\"},\"alternateName\":\"citygame.com\",\"potentialAction\":[{\"@type\":\"SearchAction\",\"target\":{\"@type\":\"EntryPoint\",\"urlTemplate\":\"https:\/\/testwebsite.upevents.nl\/?s={search_term_string}\"},\"query-input\":{\"@type\":\"PropertyValueSpecification\",\"valueRequired\":true,\"valueName\":\"search_term_string\"}}],\"inLanguage\":\"fr-FR\"},{\"@type\":[\"Organization\",\"Place\"],\"@id\":\"https:\/\/testwebsite.upevents.nl\/#organization\",\"name\":\"City Game\",\"alternateName\":\"citygame.com\",\"url\":\"https:\/\/testwebsite.upevents.nl\/\",\"logo\":{\"@id\":\"https:\/\/testwebsite.citygame.com\/fr\/games\/vasteras\/secrets-of-vasteras\/#local-main-organization-logo\"},\"image\":{\"@id\":\"https:\/\/testwebsite.citygame.com\/fr\/games\/vasteras\/secrets-of-vasteras\/#local-main-organization-logo\"},\"sameAs\":[\"https:\/\/www.facebook.com\/profile.php?id=100086426226253\",\"https:\/\/www.instagram.com\/citygame_com\",\"https:\/\/www.tiktok.com\/@citygamecom\/\",\"https:\/\/www.linkedin.com\/company\/citygame-com\"],\"description\":\"Turn any city into a playground with our interactive City Games and self-guided tours. Fun, flexible, and ideal for groups and team building.\",\"telephone\":[],\"openingHoursSpecification\":[{\"@type\":\"OpeningHoursSpecification\",\"dayOfWeek\":[\"Monday\",\"Tuesday\",\"Wednesday\",\"Thursday\",\"Friday\",\"Saturday\",\"Sunday\"],\"opens\":\"09:00\",\"closes\":\"17:00\"}]},{\"@type\":\"ImageObject\",\"inLanguage\":\"fr-FR\",\"@id\":\"https:\/\/testwebsite.citygame.com\/fr\/games\/vasteras\/secrets-of-vasteras\/#local-main-organization-logo\",\"url\":\"https:\/\/testwebsite.citygame.com\/wp-content\/blogs.dir\/1\/files\/sites\/62\/2025\/10\/CG_LOGO-City-Game.png\",\"contentUrl\":\"https:\/\/testwebsite.citygame.com\/wp-content\/blogs.dir\/1\/files\/sites\/62\/2025\/10\/CG_LOGO-City-Game.png\",\"width\":351,\"height\":377,\"caption\":\"City Game\"}]}<\/script>\n<!-- \/ Yoast SEO Premium plugin. -->","yoast_head_json":{"title":"Secrets of Vasteras - City Game","description":"Secrets of Vasteras. Jouez \u00e0 un City Game autoguid\u00e9 et explorez la ville \u00e0 travers des puzzles, des \u00e9nigmes et des d\u00e9fis. Jouez \u00e0 votre propre rythme et d\u00e9couvrez comme un local !","robots":{"index":"noindex","follow":"follow","max-snippet":"max-snippet:-1","max-image-preview":"max-image-preview:large","max-video-preview":"max-video-preview:-1"},"og_locale":"fr_FR","og_type":"article","og_title":"Secrets of Vasteras","og_description":"Secrets of Vasteras. Jouez \u00e0 un City Game autoguid\u00e9 et explorez la ville \u00e0 travers des puzzles, des \u00e9nigmes et des d\u00e9fis. Jouez \u00e0 votre propre rythme et d\u00e9couvrez comme un local !","og_url":"https:\/\/testwebsite.citygame.com\/fr\/games\/vasteras\/secrets-of-vasteras\/","og_site_name":"City Game","article_publisher":"https:\/\/www.facebook.com\/profile.php?id=100086426226253","article_modified_time":"2026-04-07T22:18:35+00:00","og_image":[{"width":864,"height":1184,"url":"https:\/\/testwebsite.citygame.com\/wp-content\/blogs.dir\/1\/files\/sites\/62\/2026\/01\/group-of-friends-playing-city-game-on-phone-by-canal-vasteras.jpg","type":"image\/jpeg"}],"twitter_card":"summary_large_image","twitter_misc":{"Dur\u00e9e de lecture estim\u00e9e":"1 minute"},"schema":{"@context":"https:\/\/schema.org","@graph":[{"@type":"WebPage","@id":"https:\/\/testwebsite.citygame.com\/fr\/games\/vasteras\/secrets-of-vasteras\/","url":"https:\/\/testwebsite.citygame.com\/fr\/games\/vasteras\/secrets-of-vasteras\/","name":"Secrets of Vasteras - City Game","isPartOf":{"@id":"https:\/\/testwebsite.upevents.nl\/#website"},"primaryImageOfPage":{"@id":"https:\/\/testwebsite.citygame.com\/fr\/games\/vasteras\/secrets-of-vasteras\/#primaryimage"},"image":{"@id":"https:\/\/testwebsite.citygame.com\/fr\/games\/vasteras\/secrets-of-vasteras\/#primaryimage"},"thumbnailUrl":"https:\/\/testwebsite.citygame.com\/wp-content\/blogs.dir\/1\/files\/sites\/62\/2026\/01\/group-of-friends-playing-city-game-on-phone-by-canal-vasteras.jpg","datePublished":"2026-01-13T15:37:58+00:00","dateModified":"2026-04-07T22:18:35+00:00","description":"Secrets of Vasteras. Jouez \u00e0 un City Game autoguid\u00e9 et explorez la ville \u00e0 travers des puzzles, des \u00e9nigmes et des d\u00e9fis. Jouez \u00e0 votre propre rythme et d\u00e9couvrez comme un local !","breadcrumb":{"@id":"https:\/\/testwebsite.citygame.com\/fr\/games\/vasteras\/secrets-of-vasteras\/#breadcrumb"},"inLanguage":"fr-FR","potentialAction":[{"@type":"ReadAction","target":["https:\/\/testwebsite.citygame.com\/fr\/games\/vasteras\/secrets-of-vasteras\/"]}]},{"@type":"ImageObject","inLanguage":"fr-FR","@id":"https:\/\/testwebsite.citygame.com\/fr\/games\/vasteras\/secrets-of-vasteras\/#primaryimage","url":"https:\/\/testwebsite.citygame.com\/wp-content\/blogs.dir\/1\/files\/sites\/62\/2026\/01\/group-of-friends-playing-city-game-on-phone-by-canal-vasteras.jpg","contentUrl":"https:\/\/testwebsite.citygame.com\/wp-content\/blogs.dir\/1\/files\/sites\/62\/2026\/01\/group-of-friends-playing-city-game-on-phone-by-canal-vasteras.jpg","width":864,"height":1184,"caption":"A group of friends explores the historic city center of Vasteras with a mobile game."},{"@type":"BreadcrumbList","@id":"https:\/\/testwebsite.citygame.com\/fr\/games\/vasteras\/secrets-of-vasteras\/#breadcrumb","itemListElement":[{"@type":"ListItem","position":1,"name":"Home","item":"https:\/\/testwebsite.citygame.com\/fr\/"},{"@type":"ListItem","position":2,"name":"Shop","item":"https:\/\/testwebsite.citygame.com\/shop\/"},{"@type":"ListItem","position":3,"name":"Secrets of Vasteras"}]},{"@type":"WebSite","@id":"https:\/\/testwebsite.upevents.nl\/#website","url":"https:\/\/testwebsite.upevents.nl\/","name":"City Game","description":"","publisher":{"@id":"https:\/\/testwebsite.upevents.nl\/#organization"},"alternateName":"citygame.com","potentialAction":[{"@type":"SearchAction","target":{"@type":"EntryPoint","urlTemplate":"https:\/\/testwebsite.upevents.nl\/?s={search_term_string}"},"query-input":{"@type":"PropertyValueSpecification","valueRequired":true,"valueName":"search_term_string"}}],"inLanguage":"fr-FR"},{"@type":["Organization","Place"],"@id":"https:\/\/testwebsite.upevents.nl\/#organization","name":"City Game","alternateName":"citygame.com","url":"https:\/\/testwebsite.upevents.nl\/","logo":{"@id":"https:\/\/testwebsite.citygame.com\/fr\/games\/vasteras\/secrets-of-vasteras\/#local-main-organization-logo"},"image":{"@id":"https:\/\/testwebsite.citygame.com\/fr\/games\/vasteras\/secrets-of-vasteras\/#local-main-organization-logo"},"sameAs":["https:\/\/www.facebook.com\/profile.php?id=100086426226253","https:\/\/www.instagram.com\/citygame_com","https:\/\/www.tiktok.com\/@citygamecom\/","https:\/\/www.linkedin.com\/company\/citygame-com"],"description":"Turn any city into a playground with our interactive City Games and self-guided tours. Fun, flexible, and ideal for groups and team building.","telephone":[],"openingHoursSpecification":[{"@type":"OpeningHoursSpecification","dayOfWeek":["Monday","Tuesday","Wednesday","Thursday","Friday","Saturday","Sunday"],"opens":"09:00","closes":"17:00"}]},{"@type":"ImageObject","inLanguage":"fr-FR","@id":"https:\/\/testwebsite.citygame.com\/fr\/games\/vasteras\/secrets-of-vasteras\/#local-main-organization-logo","url":"https:\/\/testwebsite.citygame.com\/wp-content\/blogs.dir\/1\/files\/sites\/62\/2025\/10\/CG_LOGO-City-Game.png","contentUrl":"https:\/\/testwebsite.citygame.com\/wp-content\/blogs.dir\/1\/files\/sites\/62\/2025\/10\/CG_LOGO-City-Game.png","width":351,"height":377,"caption":"City Game"}]}},"taxonomy_info":{"game-concept":[{"value":713,"label":"Secrets"}],"location":[{"value":417,"label":"V\u00e4ster\u00e5s"}],"product_cat":[{"value":663,"label":"Non class\u00e9"}]},"featured_image_src_large":["https:\/\/testwebsite.citygame.com\/wp-content\/blogs.dir\/1\/files\/sites\/62\/2026\/01\/group-of-friends-playing-city-game-on-phone-by-canal-vasteras-747x1024.jpg",747,1024,true],"author_info":[],"comment_info":"","_links":{"self":[{"href":"https:\/\/testwebsite.citygame.com\/fr\/wp-json\/wp\/v2\/product\/56208","targetHints":{"allow":["GET"]}}],"collection":[{"href":"https:\/\/testwebsite.citygame.com\/fr\/wp-json\/wp\/v2\/product"}],"about":[{"href":"https:\/\/testwebsite.citygame.com\/fr\/wp-json\/wp\/v2\/types\/product"}],"acf:post":[{"embeddable":true,"href":"https:\/\/testwebsite.citygame.com\/fr\/wp-json\/wp\/v2\/pages\/7563"}],"wp:featuredmedia":[{"embeddable":true,"href":"https:\/\/testwebsite.citygame.com\/fr\/wp-json\/wp\/v2\/media\/3841"}],"wp:attachment":[{"href":"https:\/\/testwebsite.citygame.com\/fr\/wp-json\/wp\/v2\/media?parent=56208"}],"wp:term":[{"taxonomy":"game-concept","embeddable":true,"href":"https:\/\/testwebsite.citygame.com\/fr\/wp-json\/wp\/v2\/game-concept?post=56208"},{"taxonomy":"location","embeddable":true,"href":"https:\/\/testwebsite.citygame.com\/fr\/wp-json\/wp\/v2\/location?post=56208"},{"taxonomy":"product_brand","embeddable":true,"href":"https:\/\/testwebsite.citygame.com\/fr\/wp-json\/wp\/v2\/product_brand?post=56208"},{"taxonomy":"product_cat","embeddable":true,"href":"https:\/\/testwebsite.citygame.com\/fr\/wp-json\/wp\/v2\/product_cat?post=56208"},{"taxonomy":"product_tag","embeddable":true,"href":"https:\/\/testwebsite.citygame.com\/fr\/wp-json\/wp\/v2\/product_tag?post=56208"}],"curies":[{"name":"wp","href":"https:\/\/api.w.org\/{rel}","templated":true}]}}