{"id":54171,"date":"2026-01-13T10:35:55","date_gmt":"2026-01-13T10:35:55","guid":{"rendered":"https:\/\/testwebsite.citygame.com\/games\/unknown-location\/secrets-of-czestochowa\/"},"modified":"2026-04-07T18:23:35","modified_gmt":"2026-04-07T18:23:35","slug":"secrets-of-czestochowa","status":"publish","type":"product","link":"https:\/\/testwebsite.citygame.com\/fr\/games\/czestochowa\/secrets-of-czestochowa\/","title":{"rendered":"Secrets of Czestochowa"},"content":{"rendered":"<p>Le jeu de ville \u00ab Secrets de Czestochowa \u00bb est une aventure autonome bas\u00e9e sur le GPS qui se d\u00e9roule dans le centre-ville de Czestochowa. \u00c0 l&rsquo;aide de votre smartphone, vous explorerez la r\u00e9gion tout en r\u00e9solvant des \u00e9nigmes, des devinettes et des d\u00e9fis photo qui r\u00e9v\u00e8lent des histoires cach\u00e9es et des d\u00e9tails fascinants sur la culture et l&rsquo;histoire de la ville. Ce jeu de ville autonome offre une mani\u00e8re captivante de d\u00e9couvrir Czestochowa \u00e0 votre propre rythme, que vous soyez de passage ou d\u00e9j\u00e0 familier avec la ville. Le jeu d&rsquo;exploration est con\u00e7u pour \u00eatre agr\u00e9able aussi bien pour les joueurs solitaires que pour les couples, les familles et les groupes d&rsquo;amis. Le jeu de ville Czestochowa combine des d\u00e9fis interactifs avec une d\u00e9couverte bas\u00e9e sur la marche, en faisant une exp\u00e9rience de jeu GPS amusante et informative.<\/p>\n","protected":false},"excerpt":{"rendered":"<p>Revendiquez l&rsquo;esprit et l&rsquo;\u00e9clat de Cz\u0119stochowa ! Fl\u00e2nez des murales vibrantes aux cloches sonnantes des monast\u00e8res, d\u00e9couvrant des indices \u00e0 travers une ville o\u00f9 la foi, le courage et la culture s&rsquo;unissent, tandis que vous aidez le Mar\u00e9chal J\u00f3zef Pi\u0142sudski \u00e0 retrouver le chapeau qui symbolisait autrefois la force et la fiert\u00e9.<\/p>\n","protected":false},"featured_media":3583,"template":"","meta":{"_acf_changed":false,"_yoast_wpseo_focuskw":"Secrets of Czestochowa","_yoast_wpseo_metadesc":"Secrets of Czestochowa. Jouez \u00e0 un jeu de ville autonome et explorez la ville \u00e0 travers des \u00e9nigmes, des devinettes et des d\u00e9fis. Jouez \u00e0 votre propre rythme et d\u00e9couvrez comme un local !","_kad_blocks_custom_css":"","_kad_blocks_head_custom_js":"","_kad_blocks_body_custom_js":"","_kad_blocks_footer_custom_js":"","ghostkit_customizer_options":"","ghostkit_custom_css":"","ghostkit_custom_js_head":"","ghostkit_custom_js_foot":"","ghostkit_typography":"","_kad_post_transparent":"","_kad_post_title":"","_kad_post_layout":"","_kad_post_sidebar_id":"","_kad_post_content_style":"","_kad_post_vertical_padding":"","_kad_post_feature":"","_kad_post_feature_position":"","_kad_post_header":false,"_kad_post_footer":false,"_kad_post_classname":"","_links_to":"","_links_to_target":""},"game-concept":[713],"location":[135],"product_brand":[],"product_cat":[663],"product_tag":[],"class_list":{"0":"post-54171","1":"product","2":"type-product","3":"status-publish","4":"has-post-thumbnail","6":"game-concept-secrets","7":"location-czestochowa","8":"product_cat-non-classe","10":"first","11":"instock","12":"shipping-taxable","13":"purchasable","14":"product-type-simple","15":"entry","16":"content-bg","17":"loop-entry"},"acf":{"full_bokun_product_name":"Self-Guided Secrets of Cz\u0119stochowa Exploration Game","location_name":"Czestochowa","bokun_calendar_widget_code":"<script type=\"text\/javascript\" src=\"https:\/\/widgets.bokun.io\/assets\/javascripts\/apps\/build\/BokunWidgetsLoader.js?bookingChannelUUID=a1e93e96-5232-4734-a595-28405f4b5a31\" async><\/script>\n     \n    <div class=\"bokunWidget\" data-src=\"https:\/\/widgets.bokun.io\/online-sales\/a1e93e96-5232-4734-a595-28405f4b5a31\/experience-calendar\/1103803\"><\/div>\n    <noscript>Please enable javascript in your browser to book<\/noscript>","bokun_button_widget_code":"<script type=\"text\/javascript\" src=\"https:\/\/widgets.bokun.io\/assets\/javascripts\/apps\/build\/BokunWidgetsLoader.js?bookingChannelUUID=a1e93e96-5232-4734-a595-28405f4b5a31\" async><\/script>\n      <style> #bokun_ed001e45_5927_4f62_b470_ca766338d083 { display: inline-block; padding: .4em 1em; background: #47b82e; border-radius: 999999px; box-shadow: none; font-weight: 600; font-size: 24px; text-decoration: none; text-align: center; color: #FFFFFF; border:none; cursor: pointer; transition: background .2s ease; } #bokun_ed001e45_5927_4f62_b470_ca766338d083:hover{ background: #2f7b1f; } #bokun_ed001e45_5927_4f62_b470_ca766338d083:active{ background: #378f24; } <\/style> <button class=\"bokunButton\" disabled id=bokun_ed001e45_5927_4f62_b470_ca766338d083 data-src=\"https:\/\/widgets.bokun.io\/online-sales\/a1e93e96-5232-4734-a595-28405f4b5a31\/experience-calendar\/1103803?partialView=1\" data-testid=\"widget-book-button\" > Book now <\/button> ","what_you\u2019ll_experience_during_the_game":"Pendant le jeu de ville \u00ab Secrets de Cz\u0119stochowa \u00bb, vous explorerez la ville \u00e0 travers un m\u00e9lange captivant de narration et d'enqu\u00eate interactive. En vous d\u00e9pla\u00e7ant entre des monuments embl\u00e9matiques et inattendus, le jeu vous m\u00e8nera au c\u0153ur de l'atmosph\u00e8re de la ville. Vous pourriez faire une pause sous la fresque imposante de Tomasz S\u0119towski, fl\u00e2ner dans l'enceinte solennelle de Jasna G\u00f3ra pour apercevoir la Porte Lubomirski, ou vous retrouver sur le banc en bronze d\u00e9di\u00e9 \u00e0 Marek Perepeczko. En chemin, des lieux tels que le Mus\u00e9e de l'H\u00f4tel de Ville et la statue artistique en mosa\u00efque sur la Place de la Solidarit\u00e9 offrent un aper\u00e7u du caract\u00e8re stratifi\u00e9 et de la m\u00e9moire culturelle de Cz\u0119stochowa.\n\nPendant que vous jouez, vous serez charg\u00e9 de r\u00e9soudre une vari\u00e9t\u00e9 de d\u00e9fis \u2013 y compris des puzzles, des \u00e9nigmes, des questions bas\u00e9es sur la localisation et des invites photo cr\u00e9atives \u2013 qui donnent vie \u00e0 chaque site. Chaque t\u00e2che accomplie avec succ\u00e8s vous rapporte des points, r\u00e9v\u00e8le des indices et vous rapproche du myst\u00e8re final qui vous attend \u00e0 la fin. Le jeu peut \u00eatre mis en pause et repris \u00e0 tout moment, vous permettant de d\u00e9couvrir Cz\u0119stochowa \u00e0 votre propre rythme. Si vous avez l'esprit de comp\u00e9tition, vous pouvez suivre votre progression sur le classement et comparer votre score \u00e0 celui des autres explorateurs.","how_to_play":"Apr\u00e8s la r\u00e9servation, vous recevrez un e-mail avec un lien direct pour jouer au jeu de ville \u00ab Secrets de Cz\u0119stochowa \u00bb. Rendez-vous au point de d\u00e9part, la fresque de Tomasz S\u0119towski (\u00ab La Tour de Babel \u00bb), et commencez votre mission d\u00e8s que vous \u00eates pr\u00eat. Utilisez votre smartphone pour naviguer dans la ville, r\u00e9soudre les t\u00e2ches et d\u00e9couvrir ses secrets \u00e0 votre propre rythme. Vous pouvez mettre le jeu en pause \u00e0 tout moment et le reprendre plus tard \u2013 l'histoire et votre progression seront toujours sauvegard\u00e9es.","start_location":"Tomasz S\u0119towski Mural (\"Tower of Babel\")","available_languages":[],"players_per_group":"1-4","duration":"1.5-2 hours","image_overlay_color_image":"https:\/\/testwebsite.citygame.com\/wp-content\/blogs.dir\/1\/files\/sites\/62\/2026\/01\/SecretsColor.svg","image_overlay_game_logo":"https:\/\/testwebsite.citygame.com\/wp-content\/blogs.dir\/1\/files\/sites\/62\/2026\/01\/SecretsLogo.png","city_page":15923,"woocommerce_general_content":null},"yoast_head":"<!-- This site is optimized with the Yoast SEO Premium plugin v26.2 (Yoast SEO v26.3) - https:\/\/yoast.com\/wordpress\/plugins\/seo\/ -->\n<title>Secrets of Czestochowa - City Game<\/title>\n<meta name=\"description\" content=\"Secrets of Czestochowa. Jouez \u00e0 un jeu de ville autonome et explorez la ville \u00e0 travers des \u00e9nigmes, des devinettes et des d\u00e9fis. Jouez \u00e0 votre propre rythme et d\u00e9couvrez comme un local !\" \/>\n<meta name=\"robots\" content=\"noindex, follow, max-snippet:-1, max-image-preview:large, max-video-preview:-1\" \/>\n<meta property=\"og:locale\" content=\"fr_FR\" \/>\n<meta property=\"og:type\" content=\"article\" \/>\n<meta property=\"og:title\" content=\"Secrets of Czestochowa\" \/>\n<meta property=\"og:description\" content=\"Secrets of Czestochowa. Jouez \u00e0 un jeu de ville autonome et explorez la ville \u00e0 travers des \u00e9nigmes, des devinettes et des d\u00e9fis. Jouez \u00e0 votre propre rythme et d\u00e9couvrez comme un local !\" \/>\n<meta property=\"og:url\" content=\"https:\/\/testwebsite.citygame.com\/fr\/games\/czestochowa\/secrets-of-czestochowa\/\" \/>\n<meta property=\"og:site_name\" content=\"City Game\" \/>\n<meta property=\"article:publisher\" content=\"https:\/\/www.facebook.com\/profile.php?id=100086426226253\" \/>\n<meta property=\"article:modified_time\" content=\"2026-04-07T18:23:35+00:00\" \/>\n<meta property=\"og:image\" content=\"https:\/\/testwebsite.citygame.com\/wp-content\/blogs.dir\/1\/files\/sites\/62\/2026\/01\/czestochowa-jasna-gora-monastery-outdoor-event-stage.jpg\" \/>\n\t<meta property=\"og:image:width\" content=\"864\" \/>\n\t<meta property=\"og:image:height\" content=\"1184\" \/>\n\t<meta property=\"og:image:type\" content=\"image\/jpeg\" \/>\n<meta name=\"twitter:card\" content=\"summary_large_image\" \/>\n<meta name=\"twitter:label1\" content=\"Dur\u00e9e de lecture estim\u00e9e\" \/>\n\t<meta name=\"twitter:data1\" content=\"1 minute\" \/>\n<script type=\"application\/ld+json\" class=\"yoast-schema-graph\">{\"@context\":\"https:\/\/schema.org\",\"@graph\":[{\"@type\":\"WebPage\",\"@id\":\"https:\/\/testwebsite.citygame.com\/fr\/games\/czestochowa\/secrets-of-czestochowa\/\",\"url\":\"https:\/\/testwebsite.citygame.com\/fr\/games\/czestochowa\/secrets-of-czestochowa\/\",\"name\":\"Secrets of Czestochowa - City Game\",\"isPartOf\":{\"@id\":\"https:\/\/testwebsite.upevents.nl\/#website\"},\"primaryImageOfPage\":{\"@id\":\"https:\/\/testwebsite.citygame.com\/fr\/games\/czestochowa\/secrets-of-czestochowa\/#primaryimage\"},\"image\":{\"@id\":\"https:\/\/testwebsite.citygame.com\/fr\/games\/czestochowa\/secrets-of-czestochowa\/#primaryimage\"},\"thumbnailUrl\":\"https:\/\/testwebsite.citygame.com\/wp-content\/blogs.dir\/1\/files\/sites\/62\/2026\/01\/czestochowa-jasna-gora-monastery-outdoor-event-stage.jpg\",\"datePublished\":\"2026-01-13T10:35:55+00:00\",\"dateModified\":\"2026-04-07T18:23:35+00:00\",\"description\":\"Secrets of Czestochowa. Jouez \u00e0 un jeu de ville autonome et explorez la ville \u00e0 travers des \u00e9nigmes, des devinettes et des d\u00e9fis. Jouez \u00e0 votre propre rythme et d\u00e9couvrez comme un local !\",\"breadcrumb\":{\"@id\":\"https:\/\/testwebsite.citygame.com\/fr\/games\/czestochowa\/secrets-of-czestochowa\/#breadcrumb\"},\"inLanguage\":\"fr-FR\",\"potentialAction\":[{\"@type\":\"ReadAction\",\"target\":[\"https:\/\/testwebsite.citygame.com\/fr\/games\/czestochowa\/secrets-of-czestochowa\/\"]}]},{\"@type\":\"ImageObject\",\"inLanguage\":\"fr-FR\",\"@id\":\"https:\/\/testwebsite.citygame.com\/fr\/games\/czestochowa\/secrets-of-czestochowa\/#primaryimage\",\"url\":\"https:\/\/testwebsite.citygame.com\/wp-content\/blogs.dir\/1\/files\/sites\/62\/2026\/01\/czestochowa-jasna-gora-monastery-outdoor-event-stage.jpg\",\"contentUrl\":\"https:\/\/testwebsite.citygame.com\/wp-content\/blogs.dir\/1\/files\/sites\/62\/2026\/01\/czestochowa-jasna-gora-monastery-outdoor-event-stage.jpg\",\"width\":864,\"height\":1184,\"caption\":\"A large outdoor stage is set up for an event in front of the Jasna G\u00f3ra Monastery.\"},{\"@type\":\"BreadcrumbList\",\"@id\":\"https:\/\/testwebsite.citygame.com\/fr\/games\/czestochowa\/secrets-of-czestochowa\/#breadcrumb\",\"itemListElement\":[{\"@type\":\"ListItem\",\"position\":1,\"name\":\"Home\",\"item\":\"https:\/\/testwebsite.citygame.com\/fr\/\"},{\"@type\":\"ListItem\",\"position\":2,\"name\":\"Shop\",\"item\":\"https:\/\/testwebsite.citygame.com\/shop\/\"},{\"@type\":\"ListItem\",\"position\":3,\"name\":\"Secrets of Czestochowa\"}]},{\"@type\":\"WebSite\",\"@id\":\"https:\/\/testwebsite.upevents.nl\/#website\",\"url\":\"https:\/\/testwebsite.upevents.nl\/\",\"name\":\"City Game\",\"description\":\"\",\"publisher\":{\"@id\":\"https:\/\/testwebsite.upevents.nl\/#organization\"},\"alternateName\":\"citygame.com\",\"potentialAction\":[{\"@type\":\"SearchAction\",\"target\":{\"@type\":\"EntryPoint\",\"urlTemplate\":\"https:\/\/testwebsite.upevents.nl\/?s={search_term_string}\"},\"query-input\":{\"@type\":\"PropertyValueSpecification\",\"valueRequired\":true,\"valueName\":\"search_term_string\"}}],\"inLanguage\":\"fr-FR\"},{\"@type\":[\"Organization\",\"Place\"],\"@id\":\"https:\/\/testwebsite.upevents.nl\/#organization\",\"name\":\"City Game\",\"alternateName\":\"citygame.com\",\"url\":\"https:\/\/testwebsite.upevents.nl\/\",\"logo\":{\"@id\":\"https:\/\/testwebsite.citygame.com\/fr\/games\/czestochowa\/secrets-of-czestochowa\/#local-main-organization-logo\"},\"image\":{\"@id\":\"https:\/\/testwebsite.citygame.com\/fr\/games\/czestochowa\/secrets-of-czestochowa\/#local-main-organization-logo\"},\"sameAs\":[\"https:\/\/www.facebook.com\/profile.php?id=100086426226253\",\"https:\/\/www.instagram.com\/citygame_com\",\"https:\/\/www.tiktok.com\/@citygamecom\/\",\"https:\/\/www.linkedin.com\/company\/citygame-com\"],\"description\":\"Turn any city into a playground with our interactive City Games and self-guided tours. Fun, flexible, and ideal for groups and team building.\",\"telephone\":[],\"openingHoursSpecification\":[{\"@type\":\"OpeningHoursSpecification\",\"dayOfWeek\":[\"Monday\",\"Tuesday\",\"Wednesday\",\"Thursday\",\"Friday\",\"Saturday\",\"Sunday\"],\"opens\":\"09:00\",\"closes\":\"17:00\"}]},{\"@type\":\"ImageObject\",\"inLanguage\":\"fr-FR\",\"@id\":\"https:\/\/testwebsite.citygame.com\/fr\/games\/czestochowa\/secrets-of-czestochowa\/#local-main-organization-logo\",\"url\":\"https:\/\/testwebsite.citygame.com\/wp-content\/blogs.dir\/1\/files\/sites\/62\/2025\/10\/CG_LOGO-City-Game.png\",\"contentUrl\":\"https:\/\/testwebsite.citygame.com\/wp-content\/blogs.dir\/1\/files\/sites\/62\/2025\/10\/CG_LOGO-City-Game.png\",\"width\":351,\"height\":377,\"caption\":\"City Game\"}]}<\/script>\n<!-- \/ Yoast SEO Premium plugin. -->","yoast_head_json":{"title":"Secrets of Czestochowa - City Game","description":"Secrets of Czestochowa. Jouez \u00e0 un jeu de ville autonome et explorez la ville \u00e0 travers des \u00e9nigmes, des devinettes et des d\u00e9fis. Jouez \u00e0 votre propre rythme et d\u00e9couvrez comme un local !","robots":{"index":"noindex","follow":"follow","max-snippet":"max-snippet:-1","max-image-preview":"max-image-preview:large","max-video-preview":"max-video-preview:-1"},"og_locale":"fr_FR","og_type":"article","og_title":"Secrets of Czestochowa","og_description":"Secrets of Czestochowa. Jouez \u00e0 un jeu de ville autonome et explorez la ville \u00e0 travers des \u00e9nigmes, des devinettes et des d\u00e9fis. Jouez \u00e0 votre propre rythme et d\u00e9couvrez comme un local !","og_url":"https:\/\/testwebsite.citygame.com\/fr\/games\/czestochowa\/secrets-of-czestochowa\/","og_site_name":"City Game","article_publisher":"https:\/\/www.facebook.com\/profile.php?id=100086426226253","article_modified_time":"2026-04-07T18:23:35+00:00","og_image":[{"width":864,"height":1184,"url":"https:\/\/testwebsite.citygame.com\/wp-content\/blogs.dir\/1\/files\/sites\/62\/2026\/01\/czestochowa-jasna-gora-monastery-outdoor-event-stage.jpg","type":"image\/jpeg"}],"twitter_card":"summary_large_image","twitter_misc":{"Dur\u00e9e de lecture estim\u00e9e":"1 minute"},"schema":{"@context":"https:\/\/schema.org","@graph":[{"@type":"WebPage","@id":"https:\/\/testwebsite.citygame.com\/fr\/games\/czestochowa\/secrets-of-czestochowa\/","url":"https:\/\/testwebsite.citygame.com\/fr\/games\/czestochowa\/secrets-of-czestochowa\/","name":"Secrets of Czestochowa - City Game","isPartOf":{"@id":"https:\/\/testwebsite.upevents.nl\/#website"},"primaryImageOfPage":{"@id":"https:\/\/testwebsite.citygame.com\/fr\/games\/czestochowa\/secrets-of-czestochowa\/#primaryimage"},"image":{"@id":"https:\/\/testwebsite.citygame.com\/fr\/games\/czestochowa\/secrets-of-czestochowa\/#primaryimage"},"thumbnailUrl":"https:\/\/testwebsite.citygame.com\/wp-content\/blogs.dir\/1\/files\/sites\/62\/2026\/01\/czestochowa-jasna-gora-monastery-outdoor-event-stage.jpg","datePublished":"2026-01-13T10:35:55+00:00","dateModified":"2026-04-07T18:23:35+00:00","description":"Secrets of Czestochowa. Jouez \u00e0 un jeu de ville autonome et explorez la ville \u00e0 travers des \u00e9nigmes, des devinettes et des d\u00e9fis. Jouez \u00e0 votre propre rythme et d\u00e9couvrez comme un local !","breadcrumb":{"@id":"https:\/\/testwebsite.citygame.com\/fr\/games\/czestochowa\/secrets-of-czestochowa\/#breadcrumb"},"inLanguage":"fr-FR","potentialAction":[{"@type":"ReadAction","target":["https:\/\/testwebsite.citygame.com\/fr\/games\/czestochowa\/secrets-of-czestochowa\/"]}]},{"@type":"ImageObject","inLanguage":"fr-FR","@id":"https:\/\/testwebsite.citygame.com\/fr\/games\/czestochowa\/secrets-of-czestochowa\/#primaryimage","url":"https:\/\/testwebsite.citygame.com\/wp-content\/blogs.dir\/1\/files\/sites\/62\/2026\/01\/czestochowa-jasna-gora-monastery-outdoor-event-stage.jpg","contentUrl":"https:\/\/testwebsite.citygame.com\/wp-content\/blogs.dir\/1\/files\/sites\/62\/2026\/01\/czestochowa-jasna-gora-monastery-outdoor-event-stage.jpg","width":864,"height":1184,"caption":"A large outdoor stage is set up for an event in front of the Jasna G\u00f3ra Monastery."},{"@type":"BreadcrumbList","@id":"https:\/\/testwebsite.citygame.com\/fr\/games\/czestochowa\/secrets-of-czestochowa\/#breadcrumb","itemListElement":[{"@type":"ListItem","position":1,"name":"Home","item":"https:\/\/testwebsite.citygame.com\/fr\/"},{"@type":"ListItem","position":2,"name":"Shop","item":"https:\/\/testwebsite.citygame.com\/shop\/"},{"@type":"ListItem","position":3,"name":"Secrets of Czestochowa"}]},{"@type":"WebSite","@id":"https:\/\/testwebsite.upevents.nl\/#website","url":"https:\/\/testwebsite.upevents.nl\/","name":"City Game","description":"","publisher":{"@id":"https:\/\/testwebsite.upevents.nl\/#organization"},"alternateName":"citygame.com","potentialAction":[{"@type":"SearchAction","target":{"@type":"EntryPoint","urlTemplate":"https:\/\/testwebsite.upevents.nl\/?s={search_term_string}"},"query-input":{"@type":"PropertyValueSpecification","valueRequired":true,"valueName":"search_term_string"}}],"inLanguage":"fr-FR"},{"@type":["Organization","Place"],"@id":"https:\/\/testwebsite.upevents.nl\/#organization","name":"City Game","alternateName":"citygame.com","url":"https:\/\/testwebsite.upevents.nl\/","logo":{"@id":"https:\/\/testwebsite.citygame.com\/fr\/games\/czestochowa\/secrets-of-czestochowa\/#local-main-organization-logo"},"image":{"@id":"https:\/\/testwebsite.citygame.com\/fr\/games\/czestochowa\/secrets-of-czestochowa\/#local-main-organization-logo"},"sameAs":["https:\/\/www.facebook.com\/profile.php?id=100086426226253","https:\/\/www.instagram.com\/citygame_com","https:\/\/www.tiktok.com\/@citygamecom\/","https:\/\/www.linkedin.com\/company\/citygame-com"],"description":"Turn any city into a playground with our interactive City Games and self-guided tours. Fun, flexible, and ideal for groups and team building.","telephone":[],"openingHoursSpecification":[{"@type":"OpeningHoursSpecification","dayOfWeek":["Monday","Tuesday","Wednesday","Thursday","Friday","Saturday","Sunday"],"opens":"09:00","closes":"17:00"}]},{"@type":"ImageObject","inLanguage":"fr-FR","@id":"https:\/\/testwebsite.citygame.com\/fr\/games\/czestochowa\/secrets-of-czestochowa\/#local-main-organization-logo","url":"https:\/\/testwebsite.citygame.com\/wp-content\/blogs.dir\/1\/files\/sites\/62\/2025\/10\/CG_LOGO-City-Game.png","contentUrl":"https:\/\/testwebsite.citygame.com\/wp-content\/blogs.dir\/1\/files\/sites\/62\/2025\/10\/CG_LOGO-City-Game.png","width":351,"height":377,"caption":"City Game"}]}},"taxonomy_info":{"game-concept":[{"value":713,"label":"Secrets"}],"location":[{"value":135,"label":"Cz\u0119stochowa"}],"product_cat":[{"value":663,"label":"Non class\u00e9"}]},"featured_image_src_large":["https:\/\/testwebsite.citygame.com\/wp-content\/blogs.dir\/1\/files\/sites\/62\/2026\/01\/czestochowa-jasna-gora-monastery-outdoor-event-stage-747x1024.jpg",747,1024,true],"author_info":[],"comment_info":"","_links":{"self":[{"href":"https:\/\/testwebsite.citygame.com\/fr\/wp-json\/wp\/v2\/product\/54171","targetHints":{"allow":["GET"]}}],"collection":[{"href":"https:\/\/testwebsite.citygame.com\/fr\/wp-json\/wp\/v2\/product"}],"about":[{"href":"https:\/\/testwebsite.citygame.com\/fr\/wp-json\/wp\/v2\/types\/product"}],"acf:post":[{"embeddable":true,"href":"https:\/\/testwebsite.citygame.com\/fr\/wp-json\/wp\/v2\/pages\/15923"}],"wp:featuredmedia":[{"embeddable":true,"href":"https:\/\/testwebsite.citygame.com\/fr\/wp-json\/wp\/v2\/media\/3583"}],"wp:attachment":[{"href":"https:\/\/testwebsite.citygame.com\/fr\/wp-json\/wp\/v2\/media?parent=54171"}],"wp:term":[{"taxonomy":"game-concept","embeddable":true,"href":"https:\/\/testwebsite.citygame.com\/fr\/wp-json\/wp\/v2\/game-concept?post=54171"},{"taxonomy":"location","embeddable":true,"href":"https:\/\/testwebsite.citygame.com\/fr\/wp-json\/wp\/v2\/location?post=54171"},{"taxonomy":"product_brand","embeddable":true,"href":"https:\/\/testwebsite.citygame.com\/fr\/wp-json\/wp\/v2\/product_brand?post=54171"},{"taxonomy":"product_cat","embeddable":true,"href":"https:\/\/testwebsite.citygame.com\/fr\/wp-json\/wp\/v2\/product_cat?post=54171"},{"taxonomy":"product_tag","embeddable":true,"href":"https:\/\/testwebsite.citygame.com\/fr\/wp-json\/wp\/v2\/product_tag?post=54171"}],"curies":[{"name":"wp","href":"https:\/\/api.w.org\/{rel}","templated":true}]}}