{"id":53973,"date":"2026-02-04T08:29:33","date_gmt":"2026-02-04T08:29:33","guid":{"rendered":"https:\/\/testwebsite.citygame.com\/games\/unknown-location\/sherlock-holmes-dusseldorf\/"},"modified":"2026-04-07T18:00:55","modified_gmt":"2026-04-07T18:00:55","slug":"sherlock-holmes-dusseldorf","status":"publish","type":"product","link":"https:\/\/testwebsite.citygame.com\/fr\/games\/dusseldorf\/sherlock-holmes-dusseldorf\/","title":{"rendered":"Sherlock Holmes Dusseldorf"},"content":{"rendered":"<p>Plongez dans le monde de Sherlock Holmes avec ce City Game de myst\u00e8re de meurtre autoguid\u00e9 et narratif, situ\u00e9 dans le centre-ville de Dusseldorf. La ville devient le d\u00e9cor d&rsquo;une enqu\u00eate polici\u00e8re immersive tandis que vous \u00e9lucidez le cas d&rsquo;un meurtre choquant survenu pendant le Liberty Festival. En suivant un r\u00e9cit qui se d\u00e9roule, vous explorerez Dusseldorf \u00e0 votre propre rythme\u2014recueillant des indices, r\u00e9solvant des \u00e9nigmes et interrogeant des suspects num\u00e9riques pour d\u00e9couvrir la v\u00e9rit\u00e9.<\/p>\n","protected":false},"excerpt":{"rendered":"<p>Mettez-vous dans la peau de Sherlock Holmes au c\u0153ur de Dusseldorf, en vous lan\u00e7ant dans un myst\u00e8re de meurtre autoguid\u00e9 qui se d\u00e9roule juste sous vos yeux. Alors que vous suivez des indices cryptiques, que vous vous d\u00e9battez avec des \u00e9nigmes captivantes et que vous approfondissez l&rsquo;enqu\u00eate avec votre \u00e9quipe, rappelez-vous &#8211; la v\u00e9rit\u00e9 ne se r\u00e9v\u00e9lera pas d&rsquo;elle-m\u00eame, le temps est votre adversaire !<\/p>\n","protected":false},"featured_media":9992,"template":"","meta":{"_acf_changed":false,"_yoast_wpseo_focuskw":"Sherlock Holmes Dusseldorf","_yoast_wpseo_metadesc":"Sherlock Holmes Dusseldorf. Jouez \u00e0 un City Game de myst\u00e8re de meurtre autoguid\u00e9, r\u00e9solvez des \u00e9nigmes, suivez des indices et d\u00e9couvrez le meurtrier \u00e0 votre propre rythme !","_kad_blocks_custom_css":"","_kad_blocks_head_custom_js":"","_kad_blocks_body_custom_js":"","_kad_blocks_footer_custom_js":"","ghostkit_customizer_options":"","ghostkit_custom_css":"","ghostkit_custom_js_head":"","ghostkit_custom_js_foot":"","ghostkit_typography":"","_kad_post_transparent":"","_kad_post_title":"","_kad_post_layout":"","_kad_post_sidebar_id":"","_kad_post_content_style":"","_kad_post_vertical_padding":"","_kad_post_feature":"","_kad_post_feature_position":"","_kad_post_header":false,"_kad_post_footer":false,"_kad_post_classname":"","_links_to":"","_links_to_target":""},"game-concept":[774],"location":[150],"product_brand":[],"product_cat":[663],"product_tag":[],"class_list":{"0":"post-53973","1":"product","2":"type-product","3":"status-publish","4":"has-post-thumbnail","6":"game-concept-sherlock","7":"location-dusseldorf","8":"product_cat-non-classe","10":"first","11":"instock","12":"shipping-taxable","13":"purchasable","14":"product-type-simple","15":"entry","16":"content-bg","17":"loop-entry"},"acf":{"full_bokun_product_name":"Dusseldorf Self-Guided Sherlock Holmes Murder Mystery Game","location_name":"Dusseldorf","bokun_calendar_widget_code":"<script type=\"text\/javascript\" src=\"https:\/\/widgets.bokun.io\/assets\/javascripts\/apps\/build\/BokunWidgetsLoader.js?bookingChannelUUID=a1e93e96-5232-4734-a595-28405f4b5a31\" async><\/script>\n     \n    <div class=\"bokunWidget\" data-src=\"https:\/\/widgets.bokun.io\/online-sales\/a1e93e96-5232-4734-a595-28405f4b5a31\/experience-calendar\/726325\"><\/div>\n    <noscript>Please enable javascript in your browser to book<\/noscript>","bokun_button_widget_code":"<script type=\"text\/javascript\" src=\"https:\/\/widgets.bokun.io\/assets\/javascripts\/apps\/build\/BokunWidgetsLoader.js?bookingChannelUUID=a1e93e96-5232-4734-a595-28405f4b5a31\" async><\/script>\n      <style> #bokun_ed001e45_5927_4f62_b470_ca766338d083 { display: inline-block; padding: .4em 1em; background: #47b82e; border-radius: 999999px; box-shadow: none; font-weight: 600; font-size: 24px; text-decoration: none; text-align: center; color: #FFFFFF; border:none; cursor: pointer; transition: background .2s ease; } #bokun_ed001e45_5927_4f62_b470_ca766338d083:hover{ background: #2f7b1f; } #bokun_ed001e45_5927_4f62_b470_ca766338d083:active{ background: #378f24; } <\/style> <button class=\"bokunButton\" disabled id=bokun_ed001e45_5927_4f62_b470_ca766338d083 data-src=\"https:\/\/widgets.bokun.io\/online-sales\/a1e93e96-5232-4734-a595-28405f4b5a31\/experience-calendar\/726325?partialView=1\" data-testid=\"widget-book-button\" > Book now <\/button> ","what_you\u2019ll_experience_during_the_game":"Vous entrez dans une histoire polici\u00e8re captivante se d\u00e9roulant au c\u0153ur de D\u00fcsseldorf, o\u00f9 l'affaire d'un meurtre myst\u00e9rieux survenu pendant le Liberty Festival commence \u00e0 se d\u00e9voiler. En vous d\u00e9pla\u00e7ant dans la ville, chaque lieu vous entra\u00eene plus profond\u00e9ment dans l'enqu\u00eate, r\u00e9v\u00e9lant des couches de secrets et de soup\u00e7ons. \u00c0 chaque pas, vous d\u00e9couvrez de nouveaux indices, r\u00e9solvez des \u00e9nigmes stimulantes et faites face \u00e0 des rebondissements inattendus qui remettent en question vos suppositions.\n\nEn chemin, vous interrogez des suspects num\u00e9riques, analysez des alibis et mettez au jour des contradictions qui aiguisent votre sens de la d\u00e9duction. Toute l'exp\u00e9rience est enti\u00e8rement ax\u00e9e sur l'histoire, exigeant votre meilleure pens\u00e9e critique et votre meilleure observation pour suivre la piste vers la v\u00e9rit\u00e9. Vous pouvez faire une pause chaque fois que n\u00e9cessaire et poursuivre l'enqu\u00eate \u00e0 votre propre rythme, laissant le myst\u00e8re se d\u00e9voiler selon vos conditions. Si vous jouez en \u00e9quipe, il y a aussi de la place pour un avantage comp\u00e9titif, chacun de vous faisant la course pour r\u00e9soudre l'affaire en premier.","how_to_play":"Jouez en solo ou avec des amis, votre famille ou des coll\u00e8gues, en \u00e9quipes de quatre personnes maximum par appareil. Apr\u00e8s la r\u00e9servation, vous recevrez un e-mail d'instructions avec tout ce dont vous avez besoin.","start_location":"Dusseldorf, Grabbeplatz","available_languages":["en","es","fr","de","it","nl"],"players_per_group":"1-4","duration":"1.5-2 hours","image_overlay_color_image":"https:\/\/testwebsite.citygame.com\/wp-content\/blogs.dir\/1\/files\/sites\/62\/2026\/01\/SherlockColor.svg","image_overlay_game_logo":"https:\/\/testwebsite.citygame.com\/wp-content\/blogs.dir\/1\/files\/sites\/62\/2026\/01\/SherlockLogo.png","city_page":4905,"woocommerce_general_content":null},"yoast_head":"<!-- This site is optimized with the Yoast SEO Premium plugin v26.2 (Yoast SEO v26.3) - https:\/\/yoast.com\/wordpress\/plugins\/seo\/ -->\n<title>Sherlock Holmes Dusseldorf - City Game<\/title>\n<meta name=\"description\" content=\"Sherlock Holmes Dusseldorf. Jouez \u00e0 un City Game de myst\u00e8re de meurtre autoguid\u00e9, r\u00e9solvez des \u00e9nigmes, suivez des indices et d\u00e9couvrez le meurtrier \u00e0 votre propre rythme !\" \/>\n<meta name=\"robots\" content=\"noindex, follow, max-snippet:-1, max-image-preview:large, max-video-preview:-1\" \/>\n<meta property=\"og:locale\" content=\"fr_FR\" \/>\n<meta property=\"og:type\" content=\"article\" \/>\n<meta property=\"og:title\" content=\"Sherlock Holmes Dusseldorf\" \/>\n<meta property=\"og:description\" content=\"Sherlock Holmes Dusseldorf. Jouez \u00e0 un City Game de myst\u00e8re de meurtre autoguid\u00e9, r\u00e9solvez des \u00e9nigmes, suivez des indices et d\u00e9couvrez le meurtrier \u00e0 votre propre rythme !\" \/>\n<meta property=\"og:url\" content=\"https:\/\/testwebsite.citygame.com\/fr\/games\/dusseldorf\/sherlock-holmes-dusseldorf\/\" \/>\n<meta property=\"og:site_name\" content=\"City Game\" \/>\n<meta property=\"article:publisher\" content=\"https:\/\/www.facebook.com\/profile.php?id=100086426226253\" \/>\n<meta property=\"article:modified_time\" content=\"2026-04-07T18:00:55+00:00\" \/>\n<meta property=\"og:image\" content=\"https:\/\/testwebsite.citygame.com\/wp-content\/blogs.dir\/1\/files\/sites\/62\/2026\/02\/dusseldorf-syndicate-city-game-player-phone.jpg\" \/>\n\t<meta property=\"og:image:width\" content=\"1344\" \/>\n\t<meta property=\"og:image:height\" content=\"768\" \/>\n\t<meta property=\"og:image:type\" content=\"image\/jpeg\" \/>\n<meta name=\"twitter:card\" content=\"summary_large_image\" \/>\n<script type=\"application\/ld+json\" class=\"yoast-schema-graph\">{\"@context\":\"https:\/\/schema.org\",\"@graph\":[{\"@type\":\"WebPage\",\"@id\":\"https:\/\/testwebsite.citygame.com\/fr\/games\/dusseldorf\/sherlock-holmes-dusseldorf\/\",\"url\":\"https:\/\/testwebsite.citygame.com\/fr\/games\/dusseldorf\/sherlock-holmes-dusseldorf\/\",\"name\":\"Sherlock Holmes Dusseldorf - City Game\",\"isPartOf\":{\"@id\":\"https:\/\/testwebsite.upevents.nl\/#website\"},\"primaryImageOfPage\":{\"@id\":\"https:\/\/testwebsite.citygame.com\/fr\/games\/dusseldorf\/sherlock-holmes-dusseldorf\/#primaryimage\"},\"image\":{\"@id\":\"https:\/\/testwebsite.citygame.com\/fr\/games\/dusseldorf\/sherlock-holmes-dusseldorf\/#primaryimage\"},\"thumbnailUrl\":\"https:\/\/testwebsite.citygame.com\/wp-content\/blogs.dir\/1\/files\/sites\/62\/2026\/02\/dusseldorf-syndicate-city-game-player-phone.jpg\",\"datePublished\":\"2026-02-04T08:29:33+00:00\",\"dateModified\":\"2026-04-07T18:00:55+00:00\",\"description\":\"Sherlock Holmes Dusseldorf. Jouez \u00e0 un City Game de myst\u00e8re de meurtre autoguid\u00e9, r\u00e9solvez des \u00e9nigmes, suivez des indices et d\u00e9couvrez le meurtrier \u00e0 votre propre rythme !\",\"breadcrumb\":{\"@id\":\"https:\/\/testwebsite.citygame.com\/fr\/games\/dusseldorf\/sherlock-holmes-dusseldorf\/#breadcrumb\"},\"inLanguage\":\"fr-FR\",\"potentialAction\":[{\"@type\":\"ReadAction\",\"target\":[\"https:\/\/testwebsite.citygame.com\/fr\/games\/dusseldorf\/sherlock-holmes-dusseldorf\/\"]}]},{\"@type\":\"ImageObject\",\"inLanguage\":\"fr-FR\",\"@id\":\"https:\/\/testwebsite.citygame.com\/fr\/games\/dusseldorf\/sherlock-holmes-dusseldorf\/#primaryimage\",\"url\":\"https:\/\/testwebsite.citygame.com\/wp-content\/blogs.dir\/1\/files\/sites\/62\/2026\/02\/dusseldorf-syndicate-city-game-player-phone.jpg\",\"contentUrl\":\"https:\/\/testwebsite.citygame.com\/wp-content\/blogs.dir\/1\/files\/sites\/62\/2026\/02\/dusseldorf-syndicate-city-game-player-phone.jpg\",\"width\":1344,\"height\":768,\"caption\":\"A player explores a charming, narrow cobblestone street while playing a city game on her phone in Dusseldorf.\"},{\"@type\":\"BreadcrumbList\",\"@id\":\"https:\/\/testwebsite.citygame.com\/fr\/games\/dusseldorf\/sherlock-holmes-dusseldorf\/#breadcrumb\",\"itemListElement\":[{\"@type\":\"ListItem\",\"position\":1,\"name\":\"Home\",\"item\":\"https:\/\/testwebsite.citygame.com\/fr\/\"},{\"@type\":\"ListItem\",\"position\":2,\"name\":\"Shop\",\"item\":\"https:\/\/testwebsite.citygame.com\/shop\/\"},{\"@type\":\"ListItem\",\"position\":3,\"name\":\"Sherlock Holmes Dusseldorf\"}]},{\"@type\":\"WebSite\",\"@id\":\"https:\/\/testwebsite.upevents.nl\/#website\",\"url\":\"https:\/\/testwebsite.upevents.nl\/\",\"name\":\"City Game\",\"description\":\"\",\"publisher\":{\"@id\":\"https:\/\/testwebsite.upevents.nl\/#organization\"},\"alternateName\":\"citygame.com\",\"potentialAction\":[{\"@type\":\"SearchAction\",\"target\":{\"@type\":\"EntryPoint\",\"urlTemplate\":\"https:\/\/testwebsite.upevents.nl\/?s={search_term_string}\"},\"query-input\":{\"@type\":\"PropertyValueSpecification\",\"valueRequired\":true,\"valueName\":\"search_term_string\"}}],\"inLanguage\":\"fr-FR\"},{\"@type\":[\"Organization\",\"Place\"],\"@id\":\"https:\/\/testwebsite.upevents.nl\/#organization\",\"name\":\"City Game\",\"alternateName\":\"citygame.com\",\"url\":\"https:\/\/testwebsite.upevents.nl\/\",\"logo\":{\"@id\":\"https:\/\/testwebsite.citygame.com\/fr\/games\/dusseldorf\/sherlock-holmes-dusseldorf\/#local-main-organization-logo\"},\"image\":{\"@id\":\"https:\/\/testwebsite.citygame.com\/fr\/games\/dusseldorf\/sherlock-holmes-dusseldorf\/#local-main-organization-logo\"},\"sameAs\":[\"https:\/\/www.facebook.com\/profile.php?id=100086426226253\",\"https:\/\/www.instagram.com\/citygame_com\",\"https:\/\/www.tiktok.com\/@citygamecom\/\",\"https:\/\/www.linkedin.com\/company\/citygame-com\"],\"description\":\"Turn any city into a playground with our interactive City Games and self-guided tours. Fun, flexible, and ideal for groups and team building.\",\"telephone\":[],\"openingHoursSpecification\":[{\"@type\":\"OpeningHoursSpecification\",\"dayOfWeek\":[\"Monday\",\"Tuesday\",\"Wednesday\",\"Thursday\",\"Friday\",\"Saturday\",\"Sunday\"],\"opens\":\"09:00\",\"closes\":\"17:00\"}]},{\"@type\":\"ImageObject\",\"inLanguage\":\"fr-FR\",\"@id\":\"https:\/\/testwebsite.citygame.com\/fr\/games\/dusseldorf\/sherlock-holmes-dusseldorf\/#local-main-organization-logo\",\"url\":\"https:\/\/testwebsite.citygame.com\/wp-content\/blogs.dir\/1\/files\/sites\/62\/2025\/10\/CG_LOGO-City-Game.png\",\"contentUrl\":\"https:\/\/testwebsite.citygame.com\/wp-content\/blogs.dir\/1\/files\/sites\/62\/2025\/10\/CG_LOGO-City-Game.png\",\"width\":351,\"height\":377,\"caption\":\"City Game\"}]}<\/script>\n<!-- \/ Yoast SEO Premium plugin. -->","yoast_head_json":{"title":"Sherlock Holmes Dusseldorf - City Game","description":"Sherlock Holmes Dusseldorf. Jouez \u00e0 un City Game de myst\u00e8re de meurtre autoguid\u00e9, r\u00e9solvez des \u00e9nigmes, suivez des indices et d\u00e9couvrez le meurtrier \u00e0 votre propre rythme !","robots":{"index":"noindex","follow":"follow","max-snippet":"max-snippet:-1","max-image-preview":"max-image-preview:large","max-video-preview":"max-video-preview:-1"},"og_locale":"fr_FR","og_type":"article","og_title":"Sherlock Holmes Dusseldorf","og_description":"Sherlock Holmes Dusseldorf. Jouez \u00e0 un City Game de myst\u00e8re de meurtre autoguid\u00e9, r\u00e9solvez des \u00e9nigmes, suivez des indices et d\u00e9couvrez le meurtrier \u00e0 votre propre rythme !","og_url":"https:\/\/testwebsite.citygame.com\/fr\/games\/dusseldorf\/sherlock-holmes-dusseldorf\/","og_site_name":"City Game","article_publisher":"https:\/\/www.facebook.com\/profile.php?id=100086426226253","article_modified_time":"2026-04-07T18:00:55+00:00","og_image":[{"width":1344,"height":768,"url":"https:\/\/testwebsite.citygame.com\/wp-content\/blogs.dir\/1\/files\/sites\/62\/2026\/02\/dusseldorf-syndicate-city-game-player-phone.jpg","type":"image\/jpeg"}],"twitter_card":"summary_large_image","schema":{"@context":"https:\/\/schema.org","@graph":[{"@type":"WebPage","@id":"https:\/\/testwebsite.citygame.com\/fr\/games\/dusseldorf\/sherlock-holmes-dusseldorf\/","url":"https:\/\/testwebsite.citygame.com\/fr\/games\/dusseldorf\/sherlock-holmes-dusseldorf\/","name":"Sherlock Holmes Dusseldorf - City Game","isPartOf":{"@id":"https:\/\/testwebsite.upevents.nl\/#website"},"primaryImageOfPage":{"@id":"https:\/\/testwebsite.citygame.com\/fr\/games\/dusseldorf\/sherlock-holmes-dusseldorf\/#primaryimage"},"image":{"@id":"https:\/\/testwebsite.citygame.com\/fr\/games\/dusseldorf\/sherlock-holmes-dusseldorf\/#primaryimage"},"thumbnailUrl":"https:\/\/testwebsite.citygame.com\/wp-content\/blogs.dir\/1\/files\/sites\/62\/2026\/02\/dusseldorf-syndicate-city-game-player-phone.jpg","datePublished":"2026-02-04T08:29:33+00:00","dateModified":"2026-04-07T18:00:55+00:00","description":"Sherlock Holmes Dusseldorf. Jouez \u00e0 un City Game de myst\u00e8re de meurtre autoguid\u00e9, r\u00e9solvez des \u00e9nigmes, suivez des indices et d\u00e9couvrez le meurtrier \u00e0 votre propre rythme !","breadcrumb":{"@id":"https:\/\/testwebsite.citygame.com\/fr\/games\/dusseldorf\/sherlock-holmes-dusseldorf\/#breadcrumb"},"inLanguage":"fr-FR","potentialAction":[{"@type":"ReadAction","target":["https:\/\/testwebsite.citygame.com\/fr\/games\/dusseldorf\/sherlock-holmes-dusseldorf\/"]}]},{"@type":"ImageObject","inLanguage":"fr-FR","@id":"https:\/\/testwebsite.citygame.com\/fr\/games\/dusseldorf\/sherlock-holmes-dusseldorf\/#primaryimage","url":"https:\/\/testwebsite.citygame.com\/wp-content\/blogs.dir\/1\/files\/sites\/62\/2026\/02\/dusseldorf-syndicate-city-game-player-phone.jpg","contentUrl":"https:\/\/testwebsite.citygame.com\/wp-content\/blogs.dir\/1\/files\/sites\/62\/2026\/02\/dusseldorf-syndicate-city-game-player-phone.jpg","width":1344,"height":768,"caption":"A player explores a charming, narrow cobblestone street while playing a city game on her phone in Dusseldorf."},{"@type":"BreadcrumbList","@id":"https:\/\/testwebsite.citygame.com\/fr\/games\/dusseldorf\/sherlock-holmes-dusseldorf\/#breadcrumb","itemListElement":[{"@type":"ListItem","position":1,"name":"Home","item":"https:\/\/testwebsite.citygame.com\/fr\/"},{"@type":"ListItem","position":2,"name":"Shop","item":"https:\/\/testwebsite.citygame.com\/shop\/"},{"@type":"ListItem","position":3,"name":"Sherlock Holmes Dusseldorf"}]},{"@type":"WebSite","@id":"https:\/\/testwebsite.upevents.nl\/#website","url":"https:\/\/testwebsite.upevents.nl\/","name":"City Game","description":"","publisher":{"@id":"https:\/\/testwebsite.upevents.nl\/#organization"},"alternateName":"citygame.com","potentialAction":[{"@type":"SearchAction","target":{"@type":"EntryPoint","urlTemplate":"https:\/\/testwebsite.upevents.nl\/?s={search_term_string}"},"query-input":{"@type":"PropertyValueSpecification","valueRequired":true,"valueName":"search_term_string"}}],"inLanguage":"fr-FR"},{"@type":["Organization","Place"],"@id":"https:\/\/testwebsite.upevents.nl\/#organization","name":"City Game","alternateName":"citygame.com","url":"https:\/\/testwebsite.upevents.nl\/","logo":{"@id":"https:\/\/testwebsite.citygame.com\/fr\/games\/dusseldorf\/sherlock-holmes-dusseldorf\/#local-main-organization-logo"},"image":{"@id":"https:\/\/testwebsite.citygame.com\/fr\/games\/dusseldorf\/sherlock-holmes-dusseldorf\/#local-main-organization-logo"},"sameAs":["https:\/\/www.facebook.com\/profile.php?id=100086426226253","https:\/\/www.instagram.com\/citygame_com","https:\/\/www.tiktok.com\/@citygamecom\/","https:\/\/www.linkedin.com\/company\/citygame-com"],"description":"Turn any city into a playground with our interactive City Games and self-guided tours. Fun, flexible, and ideal for groups and team building.","telephone":[],"openingHoursSpecification":[{"@type":"OpeningHoursSpecification","dayOfWeek":["Monday","Tuesday","Wednesday","Thursday","Friday","Saturday","Sunday"],"opens":"09:00","closes":"17:00"}]},{"@type":"ImageObject","inLanguage":"fr-FR","@id":"https:\/\/testwebsite.citygame.com\/fr\/games\/dusseldorf\/sherlock-holmes-dusseldorf\/#local-main-organization-logo","url":"https:\/\/testwebsite.citygame.com\/wp-content\/blogs.dir\/1\/files\/sites\/62\/2025\/10\/CG_LOGO-City-Game.png","contentUrl":"https:\/\/testwebsite.citygame.com\/wp-content\/blogs.dir\/1\/files\/sites\/62\/2025\/10\/CG_LOGO-City-Game.png","width":351,"height":377,"caption":"City Game"}]}},"taxonomy_info":{"game-concept":[{"value":774,"label":"Sherlock"}],"location":[{"value":150,"label":"D\u00fcsseldorf"}],"product_cat":[{"value":663,"label":"Non class\u00e9"}]},"featured_image_src_large":["https:\/\/testwebsite.citygame.com\/wp-content\/blogs.dir\/1\/files\/sites\/62\/2026\/02\/dusseldorf-syndicate-city-game-player-phone-1024x585.jpg",1024,585,true],"author_info":[],"comment_info":"","_links":{"self":[{"href":"https:\/\/testwebsite.citygame.com\/fr\/wp-json\/wp\/v2\/product\/53973","targetHints":{"allow":["GET"]}}],"collection":[{"href":"https:\/\/testwebsite.citygame.com\/fr\/wp-json\/wp\/v2\/product"}],"about":[{"href":"https:\/\/testwebsite.citygame.com\/fr\/wp-json\/wp\/v2\/types\/product"}],"acf:post":[{"embeddable":true,"href":"https:\/\/testwebsite.citygame.com\/fr\/wp-json\/wp\/v2\/pages\/4905"}],"wp:featuredmedia":[{"embeddable":true,"href":"https:\/\/testwebsite.citygame.com\/fr\/wp-json\/wp\/v2\/media\/9992"}],"wp:attachment":[{"href":"https:\/\/testwebsite.citygame.com\/fr\/wp-json\/wp\/v2\/media?parent=53973"}],"wp:term":[{"taxonomy":"game-concept","embeddable":true,"href":"https:\/\/testwebsite.citygame.com\/fr\/wp-json\/wp\/v2\/game-concept?post=53973"},{"taxonomy":"location","embeddable":true,"href":"https:\/\/testwebsite.citygame.com\/fr\/wp-json\/wp\/v2\/location?post=53973"},{"taxonomy":"product_brand","embeddable":true,"href":"https:\/\/testwebsite.citygame.com\/fr\/wp-json\/wp\/v2\/product_brand?post=53973"},{"taxonomy":"product_cat","embeddable":true,"href":"https:\/\/testwebsite.citygame.com\/fr\/wp-json\/wp\/v2\/product_cat?post=53973"},{"taxonomy":"product_tag","embeddable":true,"href":"https:\/\/testwebsite.citygame.com\/fr\/wp-json\/wp\/v2\/product_tag?post=53973"}],"curies":[{"name":"wp","href":"https:\/\/api.w.org\/{rel}","templated":true}]}}