{"id":53641,"date":"2026-02-06T18:10:15","date_gmt":"2026-02-06T18:10:15","guid":{"rendered":"https:\/\/testwebsite.citygame.com\/games\/unknown-location\/sherlock-holmes-riga\/"},"modified":"2026-04-07T17:21:56","modified_gmt":"2026-04-07T17:21:56","slug":"sherlock-holmes-riga","status":"publish","type":"product","link":"https:\/\/testwebsite.citygame.com\/fr\/games\/riga\/sherlock-holmes-riga\/","title":{"rendered":"Sherlock Holmes Riga"},"content":{"rendered":"<p>Plongez dans le monde de Sherlock Holmes avec ce jeu de ville autoguid\u00e9 et narratif de meurtre myst\u00e9rieux, situ\u00e9 dans le centre-ville historique de Riga. L&rsquo;atmosph\u00e8re anim\u00e9e devient le d\u00e9cor d&rsquo;une enqu\u00eate captivante, tandis que vous suivez un r\u00e9cit qui se d\u00e9roule autour d&rsquo;un meurtre choquant survenu pendant le Liberty Festival. Avancez \u00e0 votre rythme en collectant des indices, en r\u00e9solvant des \u00e9nigmes complexes et en interrogeant des suspects num\u00e9riques \u2013 le tout \u00e0 la recherche de la v\u00e9rit\u00e9 derri\u00e8re cette exp\u00e9rience d\u00e9tective immersive.<\/p>\n","protected":false},"excerpt":{"rendered":"<p>Plongez dans les ruelles pav\u00e9es et brumeuses de Riga, en vous glissant dans la peau de Sherlock Holmes dans une exp\u00e9rience de meurtre myst\u00e9rieux autoguid\u00e9e et pleine de suspense. Avec votre \u00e9quipe, suivez des indices insaisissables, d\u00e9m\u00ealez des \u00e9nigmes complexes et d\u00e9couvrez la v\u00e9rit\u00e9 choquante avant qu&rsquo;il ne soit trop tard !<\/p>\n","protected":false},"featured_media":11531,"template":"","meta":{"_acf_changed":false,"_yoast_wpseo_focuskw":"Sherlock Holmes Riga","_yoast_wpseo_metadesc":"Sherlock Holmes Riga. Jouez \u00e0 un jeu de ville de meurtre myst\u00e9rieux autoguid\u00e9, r\u00e9solvez des \u00e9nigmes, suivez des indices et d\u00e9masquez le meurtrier \u00e0 votre rythme !","_kad_blocks_custom_css":"","_kad_blocks_head_custom_js":"","_kad_blocks_body_custom_js":"","_kad_blocks_footer_custom_js":"","ghostkit_customizer_options":"","ghostkit_custom_css":"","ghostkit_custom_js_head":"","ghostkit_custom_js_foot":"","ghostkit_typography":"","_kad_post_transparent":"","_kad_post_title":"","_kad_post_layout":"","_kad_post_sidebar_id":"","_kad_post_content_style":"","_kad_post_vertical_padding":"","_kad_post_feature":"","_kad_post_feature_position":"","_kad_post_header":false,"_kad_post_footer":false,"_kad_post_classname":"","_links_to":"","_links_to_target":""},"game-concept":[774],"location":[343],"product_brand":[],"product_cat":[663],"product_tag":[],"class_list":{"0":"post-53641","1":"product","2":"type-product","3":"status-publish","4":"has-post-thumbnail","6":"game-concept-sherlock","7":"location-riga","8":"product_cat-non-classe","10":"first","11":"instock","12":"shipping-taxable","13":"purchasable","14":"product-type-simple","15":"entry","16":"content-bg","17":"loop-entry"},"acf":{"full_bokun_product_name":"Riga Self-Guided Sherlock Holmes Murder Mystery Game","location_name":"Riga","bokun_calendar_widget_code":"<script type=\"text\/javascript\" src=\"https:\/\/widgets.bokun.io\/assets\/javascripts\/apps\/build\/BokunWidgetsLoader.js?bookingChannelUUID=a1e93e96-5232-4734-a595-28405f4b5a31\" async><\/script>\n     \n    <div class=\"bokunWidget\" data-src=\"https:\/\/widgets.bokun.io\/online-sales\/a1e93e96-5232-4734-a595-28405f4b5a31\/experience-calendar\/764495\"><\/div>\n    <noscript>Please enable javascript in your browser to book<\/noscript>","bokun_button_widget_code":"<script type=\"text\/javascript\" src=\"https:\/\/widgets.bokun.io\/assets\/javascripts\/apps\/build\/BokunWidgetsLoader.js?bookingChannelUUID=a1e93e96-5232-4734-a595-28405f4b5a31\" async><\/script>\n      <style> #bokun_ed001e45_5927_4f62_b470_ca766338d083 { display: inline-block; padding: .4em 1em; background: #47b82e; border-radius: 999999px; box-shadow: none; font-weight: 600; font-size: 24px; text-decoration: none; text-align: center; color: #FFFFFF; border:none; cursor: pointer; transition: background .2s ease; } #bokun_ed001e45_5927_4f62_b470_ca766338d083:hover{ background: #2f7b1f; } #bokun_ed001e45_5927_4f62_b470_ca766338d083:active{ background: #378f24; } <\/style> <button class=\"bokunButton\" disabled id=bokun_ed001e45_5927_4f62_b470_ca766338d083 data-src=\"https:\/\/widgets.bokun.io\/online-sales\/a1e93e96-5232-4734-a595-28405f4b5a31\/experience-calendar\/764495?partialView=1\" data-testid=\"widget-book-button\" > Book now <\/button> ","what_you\u2019ll_experience_during_the_game":"Plongez dans une histoire polici\u00e8re captivante au c\u0153ur de Riga, o\u00f9 chaque rue rec\u00e8le un indice et chaque d\u00e9cision fa\u00e7onne l'issue. Au fur et \u00e0 mesure que le myst\u00e8re se d\u00e9voile, vous vous d\u00e9placez dans la ville \u00e0 votre propre rythme, tra\u00e7ant le chemin d'une v\u00e9rit\u00e9 cach\u00e9e derri\u00e8re un meurtre gla\u00e7ant survenu pendant le Liberty Festival. Chaque lieu r\u00e9v\u00e8le de nouveaux d\u00e9tails : des \u00e9nigmes cryptiques \u00e0 r\u00e9soudre, des rebondissements inattendus dans l'enqu\u00eate et des secrets qui attendent d'\u00eatre d\u00e9couverts.  \n\nVous interrogez des suspects num\u00e9riques, examinez des alibis et recherchez des contradictions qui pourraient d\u00e9masquer un tueur. L'observation aigu\u00eb, la pens\u00e9e critique et la d\u00e9duction minutieuse sont vos meilleurs outils pour d\u00e9m\u00ealer cette exp\u00e9rience enti\u00e8rement ax\u00e9e sur l'histoire. Avec la libert\u00e9 de faire une pause et de reprendre quand vous le souhaitez, vous contr\u00f4lez le d\u00e9roulement de l'affaire. Et si vous aimez la comp\u00e9tition, vous pouvez confronter vos talents de d\u00e9tective \u00e0 ceux des autres dans une course pour r\u00e9soudre le myst\u00e8re en premier.","how_to_play":"Jouez seul ou avec des amis, de la famille ou des coll\u00e8gues, en \u00e9quipes de quatre personnes maximum par appareil. Apr\u00e8s la r\u00e9servation, vous recevrez un e-mail d'instructions avec tout ce dont vous avez besoin.","start_location":"Riga, Melngalvju nams","available_languages":["en","es","fr","de","it","nl"],"players_per_group":"1-4","duration":"1.5-2 hours","image_overlay_color_image":"https:\/\/testwebsite.citygame.com\/wp-content\/blogs.dir\/1\/files\/sites\/62\/2026\/01\/SherlockColor.svg","image_overlay_game_logo":"https:\/\/testwebsite.citygame.com\/wp-content\/blogs.dir\/1\/files\/sites\/62\/2026\/01\/SherlockLogo.png","city_page":5405,"woocommerce_general_content":null},"yoast_head":"<!-- This site is optimized with the Yoast SEO Premium plugin v26.2 (Yoast SEO v26.3) - https:\/\/yoast.com\/wordpress\/plugins\/seo\/ -->\n<title>Sherlock Holmes Riga - City Game<\/title>\n<meta name=\"description\" content=\"Sherlock Holmes Riga. Jouez \u00e0 un jeu de ville de meurtre myst\u00e9rieux autoguid\u00e9, r\u00e9solvez des \u00e9nigmes, suivez des indices et d\u00e9masquez le meurtrier \u00e0 votre rythme !\" \/>\n<meta name=\"robots\" content=\"noindex, follow, max-snippet:-1, max-image-preview:large, max-video-preview:-1\" \/>\n<meta property=\"og:locale\" content=\"fr_FR\" \/>\n<meta property=\"og:type\" content=\"article\" \/>\n<meta property=\"og:title\" content=\"Sherlock Holmes Riga\" \/>\n<meta property=\"og:description\" content=\"Sherlock Holmes Riga. Jouez \u00e0 un jeu de ville de meurtre myst\u00e9rieux autoguid\u00e9, r\u00e9solvez des \u00e9nigmes, suivez des indices et d\u00e9masquez le meurtrier \u00e0 votre rythme !\" \/>\n<meta property=\"og:url\" content=\"https:\/\/testwebsite.citygame.com\/fr\/games\/riga\/sherlock-holmes-riga\/\" \/>\n<meta property=\"og:site_name\" content=\"City Game\" \/>\n<meta property=\"article:publisher\" content=\"https:\/\/www.facebook.com\/profile.php?id=100086426226253\" \/>\n<meta property=\"article:modified_time\" content=\"2026-04-07T17:21:56+00:00\" \/>\n<meta property=\"og:image\" content=\"https:\/\/testwebsite.citygame.com\/wp-content\/blogs.dir\/1\/files\/sites\/62\/2026\/02\/riga-woman-playing-city-game-on-street.jpg\" \/>\n\t<meta property=\"og:image:width\" content=\"672\" \/>\n\t<meta property=\"og:image:height\" content=\"1536\" \/>\n\t<meta property=\"og:image:type\" content=\"image\/jpeg\" \/>\n<meta name=\"twitter:card\" content=\"summary_large_image\" \/>\n<script type=\"application\/ld+json\" class=\"yoast-schema-graph\">{\"@context\":\"https:\/\/schema.org\",\"@graph\":[{\"@type\":\"WebPage\",\"@id\":\"https:\/\/testwebsite.citygame.com\/fr\/games\/riga\/sherlock-holmes-riga\/\",\"url\":\"https:\/\/testwebsite.citygame.com\/fr\/games\/riga\/sherlock-holmes-riga\/\",\"name\":\"Sherlock Holmes Riga - City Game\",\"isPartOf\":{\"@id\":\"https:\/\/testwebsite.upevents.nl\/#website\"},\"primaryImageOfPage\":{\"@id\":\"https:\/\/testwebsite.citygame.com\/fr\/games\/riga\/sherlock-holmes-riga\/#primaryimage\"},\"image\":{\"@id\":\"https:\/\/testwebsite.citygame.com\/fr\/games\/riga\/sherlock-holmes-riga\/#primaryimage\"},\"thumbnailUrl\":\"https:\/\/testwebsite.citygame.com\/wp-content\/blogs.dir\/1\/files\/sites\/62\/2026\/02\/riga-woman-playing-city-game-on-street.jpg\",\"datePublished\":\"2026-02-06T18:10:15+00:00\",\"dateModified\":\"2026-04-07T17:21:56+00:00\",\"description\":\"Sherlock Holmes Riga. Jouez \u00e0 un jeu de ville de meurtre myst\u00e9rieux autoguid\u00e9, r\u00e9solvez des \u00e9nigmes, suivez des indices et d\u00e9masquez le meurtrier \u00e0 votre rythme !\",\"breadcrumb\":{\"@id\":\"https:\/\/testwebsite.citygame.com\/fr\/games\/riga\/sherlock-holmes-riga\/#breadcrumb\"},\"inLanguage\":\"fr-FR\",\"potentialAction\":[{\"@type\":\"ReadAction\",\"target\":[\"https:\/\/testwebsite.citygame.com\/fr\/games\/riga\/sherlock-holmes-riga\/\"]}]},{\"@type\":\"ImageObject\",\"inLanguage\":\"fr-FR\",\"@id\":\"https:\/\/testwebsite.citygame.com\/fr\/games\/riga\/sherlock-holmes-riga\/#primaryimage\",\"url\":\"https:\/\/testwebsite.citygame.com\/wp-content\/blogs.dir\/1\/files\/sites\/62\/2026\/02\/riga-woman-playing-city-game-on-street.jpg\",\"contentUrl\":\"https:\/\/testwebsite.citygame.com\/wp-content\/blogs.dir\/1\/files\/sites\/62\/2026\/02\/riga-woman-playing-city-game-on-street.jpg\",\"width\":672,\"height\":1536,\"caption\":\"A woman uses her phone to navigate a historic, sunny street in Riga, Latvia.\"},{\"@type\":\"BreadcrumbList\",\"@id\":\"https:\/\/testwebsite.citygame.com\/fr\/games\/riga\/sherlock-holmes-riga\/#breadcrumb\",\"itemListElement\":[{\"@type\":\"ListItem\",\"position\":1,\"name\":\"Home\",\"item\":\"https:\/\/testwebsite.citygame.com\/fr\/\"},{\"@type\":\"ListItem\",\"position\":2,\"name\":\"Shop\",\"item\":\"https:\/\/testwebsite.citygame.com\/shop\/\"},{\"@type\":\"ListItem\",\"position\":3,\"name\":\"Sherlock Holmes Riga\"}]},{\"@type\":\"WebSite\",\"@id\":\"https:\/\/testwebsite.upevents.nl\/#website\",\"url\":\"https:\/\/testwebsite.upevents.nl\/\",\"name\":\"City Game\",\"description\":\"\",\"publisher\":{\"@id\":\"https:\/\/testwebsite.upevents.nl\/#organization\"},\"alternateName\":\"citygame.com\",\"potentialAction\":[{\"@type\":\"SearchAction\",\"target\":{\"@type\":\"EntryPoint\",\"urlTemplate\":\"https:\/\/testwebsite.upevents.nl\/?s={search_term_string}\"},\"query-input\":{\"@type\":\"PropertyValueSpecification\",\"valueRequired\":true,\"valueName\":\"search_term_string\"}}],\"inLanguage\":\"fr-FR\"},{\"@type\":[\"Organization\",\"Place\"],\"@id\":\"https:\/\/testwebsite.upevents.nl\/#organization\",\"name\":\"City Game\",\"alternateName\":\"citygame.com\",\"url\":\"https:\/\/testwebsite.upevents.nl\/\",\"logo\":{\"@id\":\"https:\/\/testwebsite.citygame.com\/fr\/games\/riga\/sherlock-holmes-riga\/#local-main-organization-logo\"},\"image\":{\"@id\":\"https:\/\/testwebsite.citygame.com\/fr\/games\/riga\/sherlock-holmes-riga\/#local-main-organization-logo\"},\"sameAs\":[\"https:\/\/www.facebook.com\/profile.php?id=100086426226253\",\"https:\/\/www.instagram.com\/citygame_com\",\"https:\/\/www.tiktok.com\/@citygamecom\/\",\"https:\/\/www.linkedin.com\/company\/citygame-com\"],\"description\":\"Turn any city into a playground with our interactive City Games and self-guided tours. Fun, flexible, and ideal for groups and team building.\",\"telephone\":[],\"openingHoursSpecification\":[{\"@type\":\"OpeningHoursSpecification\",\"dayOfWeek\":[\"Monday\",\"Tuesday\",\"Wednesday\",\"Thursday\",\"Friday\",\"Saturday\",\"Sunday\"],\"opens\":\"09:00\",\"closes\":\"17:00\"}]},{\"@type\":\"ImageObject\",\"inLanguage\":\"fr-FR\",\"@id\":\"https:\/\/testwebsite.citygame.com\/fr\/games\/riga\/sherlock-holmes-riga\/#local-main-organization-logo\",\"url\":\"https:\/\/testwebsite.citygame.com\/wp-content\/blogs.dir\/1\/files\/sites\/62\/2025\/10\/CG_LOGO-City-Game.png\",\"contentUrl\":\"https:\/\/testwebsite.citygame.com\/wp-content\/blogs.dir\/1\/files\/sites\/62\/2025\/10\/CG_LOGO-City-Game.png\",\"width\":351,\"height\":377,\"caption\":\"City Game\"}]}<\/script>\n<!-- \/ Yoast SEO Premium plugin. -->","yoast_head_json":{"title":"Sherlock Holmes Riga - City Game","description":"Sherlock Holmes Riga. Jouez \u00e0 un jeu de ville de meurtre myst\u00e9rieux autoguid\u00e9, r\u00e9solvez des \u00e9nigmes, suivez des indices et d\u00e9masquez le meurtrier \u00e0 votre rythme !","robots":{"index":"noindex","follow":"follow","max-snippet":"max-snippet:-1","max-image-preview":"max-image-preview:large","max-video-preview":"max-video-preview:-1"},"og_locale":"fr_FR","og_type":"article","og_title":"Sherlock Holmes Riga","og_description":"Sherlock Holmes Riga. Jouez \u00e0 un jeu de ville de meurtre myst\u00e9rieux autoguid\u00e9, r\u00e9solvez des \u00e9nigmes, suivez des indices et d\u00e9masquez le meurtrier \u00e0 votre rythme !","og_url":"https:\/\/testwebsite.citygame.com\/fr\/games\/riga\/sherlock-holmes-riga\/","og_site_name":"City Game","article_publisher":"https:\/\/www.facebook.com\/profile.php?id=100086426226253","article_modified_time":"2026-04-07T17:21:56+00:00","og_image":[{"width":672,"height":1536,"url":"https:\/\/testwebsite.citygame.com\/wp-content\/blogs.dir\/1\/files\/sites\/62\/2026\/02\/riga-woman-playing-city-game-on-street.jpg","type":"image\/jpeg"}],"twitter_card":"summary_large_image","schema":{"@context":"https:\/\/schema.org","@graph":[{"@type":"WebPage","@id":"https:\/\/testwebsite.citygame.com\/fr\/games\/riga\/sherlock-holmes-riga\/","url":"https:\/\/testwebsite.citygame.com\/fr\/games\/riga\/sherlock-holmes-riga\/","name":"Sherlock Holmes Riga - City Game","isPartOf":{"@id":"https:\/\/testwebsite.upevents.nl\/#website"},"primaryImageOfPage":{"@id":"https:\/\/testwebsite.citygame.com\/fr\/games\/riga\/sherlock-holmes-riga\/#primaryimage"},"image":{"@id":"https:\/\/testwebsite.citygame.com\/fr\/games\/riga\/sherlock-holmes-riga\/#primaryimage"},"thumbnailUrl":"https:\/\/testwebsite.citygame.com\/wp-content\/blogs.dir\/1\/files\/sites\/62\/2026\/02\/riga-woman-playing-city-game-on-street.jpg","datePublished":"2026-02-06T18:10:15+00:00","dateModified":"2026-04-07T17:21:56+00:00","description":"Sherlock Holmes Riga. Jouez \u00e0 un jeu de ville de meurtre myst\u00e9rieux autoguid\u00e9, r\u00e9solvez des \u00e9nigmes, suivez des indices et d\u00e9masquez le meurtrier \u00e0 votre rythme !","breadcrumb":{"@id":"https:\/\/testwebsite.citygame.com\/fr\/games\/riga\/sherlock-holmes-riga\/#breadcrumb"},"inLanguage":"fr-FR","potentialAction":[{"@type":"ReadAction","target":["https:\/\/testwebsite.citygame.com\/fr\/games\/riga\/sherlock-holmes-riga\/"]}]},{"@type":"ImageObject","inLanguage":"fr-FR","@id":"https:\/\/testwebsite.citygame.com\/fr\/games\/riga\/sherlock-holmes-riga\/#primaryimage","url":"https:\/\/testwebsite.citygame.com\/wp-content\/blogs.dir\/1\/files\/sites\/62\/2026\/02\/riga-woman-playing-city-game-on-street.jpg","contentUrl":"https:\/\/testwebsite.citygame.com\/wp-content\/blogs.dir\/1\/files\/sites\/62\/2026\/02\/riga-woman-playing-city-game-on-street.jpg","width":672,"height":1536,"caption":"A woman uses her phone to navigate a historic, sunny street in Riga, Latvia."},{"@type":"BreadcrumbList","@id":"https:\/\/testwebsite.citygame.com\/fr\/games\/riga\/sherlock-holmes-riga\/#breadcrumb","itemListElement":[{"@type":"ListItem","position":1,"name":"Home","item":"https:\/\/testwebsite.citygame.com\/fr\/"},{"@type":"ListItem","position":2,"name":"Shop","item":"https:\/\/testwebsite.citygame.com\/shop\/"},{"@type":"ListItem","position":3,"name":"Sherlock Holmes Riga"}]},{"@type":"WebSite","@id":"https:\/\/testwebsite.upevents.nl\/#website","url":"https:\/\/testwebsite.upevents.nl\/","name":"City Game","description":"","publisher":{"@id":"https:\/\/testwebsite.upevents.nl\/#organization"},"alternateName":"citygame.com","potentialAction":[{"@type":"SearchAction","target":{"@type":"EntryPoint","urlTemplate":"https:\/\/testwebsite.upevents.nl\/?s={search_term_string}"},"query-input":{"@type":"PropertyValueSpecification","valueRequired":true,"valueName":"search_term_string"}}],"inLanguage":"fr-FR"},{"@type":["Organization","Place"],"@id":"https:\/\/testwebsite.upevents.nl\/#organization","name":"City Game","alternateName":"citygame.com","url":"https:\/\/testwebsite.upevents.nl\/","logo":{"@id":"https:\/\/testwebsite.citygame.com\/fr\/games\/riga\/sherlock-holmes-riga\/#local-main-organization-logo"},"image":{"@id":"https:\/\/testwebsite.citygame.com\/fr\/games\/riga\/sherlock-holmes-riga\/#local-main-organization-logo"},"sameAs":["https:\/\/www.facebook.com\/profile.php?id=100086426226253","https:\/\/www.instagram.com\/citygame_com","https:\/\/www.tiktok.com\/@citygamecom\/","https:\/\/www.linkedin.com\/company\/citygame-com"],"description":"Turn any city into a playground with our interactive City Games and self-guided tours. Fun, flexible, and ideal for groups and team building.","telephone":[],"openingHoursSpecification":[{"@type":"OpeningHoursSpecification","dayOfWeek":["Monday","Tuesday","Wednesday","Thursday","Friday","Saturday","Sunday"],"opens":"09:00","closes":"17:00"}]},{"@type":"ImageObject","inLanguage":"fr-FR","@id":"https:\/\/testwebsite.citygame.com\/fr\/games\/riga\/sherlock-holmes-riga\/#local-main-organization-logo","url":"https:\/\/testwebsite.citygame.com\/wp-content\/blogs.dir\/1\/files\/sites\/62\/2025\/10\/CG_LOGO-City-Game.png","contentUrl":"https:\/\/testwebsite.citygame.com\/wp-content\/blogs.dir\/1\/files\/sites\/62\/2025\/10\/CG_LOGO-City-Game.png","width":351,"height":377,"caption":"City Game"}]}},"taxonomy_info":{"game-concept":[{"value":774,"label":"Sherlock"}],"location":[{"value":343,"label":"Riga"}],"product_cat":[{"value":663,"label":"Non class\u00e9"}]},"featured_image_src_large":["https:\/\/testwebsite.citygame.com\/wp-content\/blogs.dir\/1\/files\/sites\/62\/2026\/02\/riga-woman-playing-city-game-on-street-448x1024.jpg",448,1024,true],"author_info":[],"comment_info":"","_links":{"self":[{"href":"https:\/\/testwebsite.citygame.com\/fr\/wp-json\/wp\/v2\/product\/53641","targetHints":{"allow":["GET"]}}],"collection":[{"href":"https:\/\/testwebsite.citygame.com\/fr\/wp-json\/wp\/v2\/product"}],"about":[{"href":"https:\/\/testwebsite.citygame.com\/fr\/wp-json\/wp\/v2\/types\/product"}],"acf:post":[{"embeddable":true,"href":"https:\/\/testwebsite.citygame.com\/fr\/wp-json\/wp\/v2\/pages\/5405"}],"wp:featuredmedia":[{"embeddable":true,"href":"https:\/\/testwebsite.citygame.com\/fr\/wp-json\/wp\/v2\/media\/11531"}],"wp:attachment":[{"href":"https:\/\/testwebsite.citygame.com\/fr\/wp-json\/wp\/v2\/media?parent=53641"}],"wp:term":[{"taxonomy":"game-concept","embeddable":true,"href":"https:\/\/testwebsite.citygame.com\/fr\/wp-json\/wp\/v2\/game-concept?post=53641"},{"taxonomy":"location","embeddable":true,"href":"https:\/\/testwebsite.citygame.com\/fr\/wp-json\/wp\/v2\/location?post=53641"},{"taxonomy":"product_brand","embeddable":true,"href":"https:\/\/testwebsite.citygame.com\/fr\/wp-json\/wp\/v2\/product_brand?post=53641"},{"taxonomy":"product_cat","embeddable":true,"href":"https:\/\/testwebsite.citygame.com\/fr\/wp-json\/wp\/v2\/product_cat?post=53641"},{"taxonomy":"product_tag","embeddable":true,"href":"https:\/\/testwebsite.citygame.com\/fr\/wp-json\/wp\/v2\/product_tag?post=53641"}],"curies":[{"name":"wp","href":"https:\/\/api.w.org\/{rel}","templated":true}]}}