{"id":52688,"date":"2026-02-03T15:29:30","date_gmt":"2026-02-03T15:29:30","guid":{"rendered":"https:\/\/testwebsite.citygame.com\/games\/unknown-location\/sherlock-holmes-rotterdam\/"},"modified":"2026-04-07T15:22:13","modified_gmt":"2026-04-07T15:22:13","slug":"sherlock-holmes-rotterdam","status":"publish","type":"product","link":"https:\/\/testwebsite.citygame.com\/fr\/games\/rotterdam\/sherlock-holmes-rotterdam\/","title":{"rendered":"Sherlock Holmes Rotterdam"},"content":{"rendered":"<p>Entrez dans le monde de Sherlock Holmes avec ce jeu de ville autoguid\u00e9 et narratif de myst\u00e8re de meurtre, se d\u00e9roulant dans le centre-ville de Rotterdam. En tant que d\u00e9tectives, les joueurs naviguent dans le paysage urbain tout en enqu\u00eatant sur une affaire gla\u00e7ante : un meurtre commis pendant le Liberty Festival. Suivant une narration qui se d\u00e9roule, vous&#8217;ll recueillerez des indices, r\u00e9soudrez des \u00e9nigmes complexes et interrogerez des suspects num\u00e9riques \u00e0 votre propre rythme, enti\u00e8rement immerg\u00e9 dans une enqu\u00eate palpitante fa\u00e7onn\u00e9e par vos d\u00e9cisions.<\/p>\n","protected":false},"excerpt":{"rendered":"<p>Mettez-vous dans la peau estim\u00e9e de Sherlock Holmes, vous immergeant dans un myst\u00e8re de meurtre autoguid\u00e9 traversant le paysage urbain intrigant de Rotterdam. Suivez des indices cryptiques, r\u00e9solvez des \u00e9nigmes complexes et, avec votre \u00e9quipe, levez le voile sur une v\u00e9rit\u00e9 cach\u00e9e avant que le temps ne s&rsquo;\u00e9chappe !<\/p>\n","protected":false},"featured_media":9818,"template":"","meta":{"_acf_changed":false,"_yoast_wpseo_focuskw":"Sherlock Holmes Rotterdam","_yoast_wpseo_metadesc":"Sherlock Holmes Rotterdam. Jouez \u00e0 un jeu de ville de myst\u00e8re de meurtre autoguid\u00e9, r\u00e9solvez des \u00e9nigmes, suivez des indices et d\u00e9couvrez le meurtrier \u00e0 votre propre rythme !","_kad_blocks_custom_css":"","_kad_blocks_head_custom_js":"","_kad_blocks_body_custom_js":"","_kad_blocks_footer_custom_js":"","ghostkit_customizer_options":"","ghostkit_custom_css":"","ghostkit_custom_js_head":"","ghostkit_custom_js_foot":"","ghostkit_typography":"","_kad_post_transparent":"","_kad_post_title":"","_kad_post_layout":"","_kad_post_sidebar_id":"","_kad_post_content_style":"","_kad_post_vertical_padding":"","_kad_post_feature":"","_kad_post_feature_position":"","_kad_post_header":false,"_kad_post_footer":false,"_kad_post_classname":"","_links_to":"","_links_to_target":""},"game-concept":[774],"location":[348],"product_brand":[],"product_cat":[663],"product_tag":[],"class_list":{"0":"post-52688","1":"product","2":"type-product","3":"status-publish","4":"has-post-thumbnail","6":"game-concept-sherlock","7":"location-rotterdam","8":"product_cat-non-classe","10":"first","11":"instock","12":"shipping-taxable","13":"purchasable","14":"product-type-simple","15":"entry","16":"content-bg","17":"loop-entry"},"acf":{"full_bokun_product_name":"Rotterdam Self-Guided Sherlock Holmes Murder Mystery Game","location_name":"Rotterdam","bokun_calendar_widget_code":"<script type=\"text\/javascript\" src=\"https:\/\/widgets.bokun.io\/assets\/javascripts\/apps\/build\/BokunWidgetsLoader.js?bookingChannelUUID=a1e93e96-5232-4734-a595-28405f4b5a31\" async><\/script>\n     \n    <div class=\"bokunWidget\" data-src=\"https:\/\/widgets.bokun.io\/online-sales\/a1e93e96-5232-4734-a595-28405f4b5a31\/experience-calendar\/719490\"><\/div>\n    <noscript>Please enable javascript in your browser to book<\/noscript>","bokun_button_widget_code":"<script type=\"text\/javascript\" src=\"https:\/\/widgets.bokun.io\/assets\/javascripts\/apps\/build\/BokunWidgetsLoader.js?bookingChannelUUID=a1e93e96-5232-4734-a595-28405f4b5a31\" async><\/script>\n      <style> #bokun_ed001e45_5927_4f62_b470_ca766338d083 { display: inline-block; padding: .4em 1em; background: #47b82e; border-radius: 999999px; box-shadow: none; font-weight: 600; font-size: 24px; text-decoration: none; text-align: center; color: #FFFFFF; border:none; cursor: pointer; transition: background .2s ease; } #bokun_ed001e45_5927_4f62_b470_ca766338d083:hover{ background: #2f7b1f; } #bokun_ed001e45_5927_4f62_b470_ca766338d083:active{ background: #378f24; } <\/style> <button class=\"bokunButton\" disabled id=bokun_ed001e45_5927_4f62_b470_ca766338d083 data-src=\"https:\/\/widgets.bokun.io\/online-sales\/a1e93e96-5232-4734-a595-28405f4b5a31\/experience-calendar\/719490?partialView=1\" data-testid=\"widget-book-button\" > Book now <\/button> ","what_you\u2019ll_experience_during_the_game":"Plongez dans une histoire polici\u00e8re captivante se d\u00e9roulant au c\u0153ur de Rotterdam, o\u00f9 chaque rue rec\u00e8le un secret et chaque coin pourrait r\u00e9v\u00e9ler votre prochain indice. \u00c0 mesure que vous avancez dans l'enqu\u00eate, l'histoire se d\u00e9roule autour de vous, vous entra\u00eenant dans un myst\u00e8re complexe entourant un meurtre choquant survenu pendant le Liberty Festival. Vous ne suivez pas seulement une piste \u2014 vous la construisez, en utilisant vos comp\u00e9tences en observation, en d\u00e9duction et en pens\u00e9e critique pour d\u00e9couvrir ce que d'autres ont manqu\u00e9.\n\nR\u00e9solvez des \u00e9nigmes tordues, interrogez des suspects num\u00e9riques et passez au crible des alibis contradictoires tout en d\u00e9couvrant des liens cach\u00e9s. Chaque r\u00e9v\u00e9lation vous rapproche de la v\u00e9rit\u00e9, mais attendez-vous \u00e0 des rebondissements inattendus qui mettront vos instincts \u00e0 l'\u00e9preuve et garderont l'affaire grande ouverte. L'exp\u00e9rience est enti\u00e8rement ax\u00e9e sur l'histoire, vous permettant de jouer enti\u00e8rement \u00e0 votre propre rythme \u2014 que vous choisissiez de faire une pause et de reprendre plus tard ou de courir pour battre une autre \u00e9quipe jusqu'\u00e0 la conclusion. Dans ce jeu de ville, le myst\u00e8re est \u00e0 vous de le r\u00e9soudre.","how_to_play":"Travaillez seul ou avec des amis, de la famille ou des coll\u00e8gues en \u00e9quipes de quatre personnes maximum par appareil. Apr\u00e8s la r\u00e9servation, vous recevrez un e-mail d'instructions avec tout ce dont vous avez besoin.","start_location":"Staduis Rotterdam","available_languages":["en","es","fr","de","it","nl"],"players_per_group":"1-4","duration":"1.5-2 hours","image_overlay_color_image":"https:\/\/testwebsite.citygame.com\/wp-content\/blogs.dir\/1\/files\/sites\/62\/2026\/01\/SherlockColor.svg","image_overlay_game_logo":"https:\/\/testwebsite.citygame.com\/wp-content\/blogs.dir\/1\/files\/sites\/62\/2026\/01\/SherlockLogo.png","city_page":4437,"woocommerce_general_content":null},"yoast_head":"<!-- This site is optimized with the Yoast SEO Premium plugin v26.2 (Yoast SEO v26.3) - https:\/\/yoast.com\/wordpress\/plugins\/seo\/ -->\n<title>Sherlock Holmes Rotterdam - City Game<\/title>\n<meta name=\"description\" content=\"Sherlock Holmes Rotterdam. Jouez \u00e0 un jeu de ville de myst\u00e8re de meurtre autoguid\u00e9, r\u00e9solvez des \u00e9nigmes, suivez des indices et d\u00e9couvrez le meurtrier \u00e0 votre propre rythme !\" \/>\n<meta name=\"robots\" content=\"noindex, follow, max-snippet:-1, max-image-preview:large, max-video-preview:-1\" \/>\n<meta property=\"og:locale\" content=\"fr_FR\" \/>\n<meta property=\"og:type\" content=\"article\" \/>\n<meta property=\"og:title\" content=\"Sherlock Holmes Rotterdam\" \/>\n<meta property=\"og:description\" content=\"Sherlock Holmes Rotterdam. Jouez \u00e0 un jeu de ville de myst\u00e8re de meurtre autoguid\u00e9, r\u00e9solvez des \u00e9nigmes, suivez des indices et d\u00e9couvrez le meurtrier \u00e0 votre propre rythme !\" \/>\n<meta property=\"og:url\" content=\"https:\/\/testwebsite.citygame.com\/fr\/games\/rotterdam\/sherlock-holmes-rotterdam\/\" \/>\n<meta property=\"og:site_name\" content=\"City Game\" \/>\n<meta property=\"article:publisher\" content=\"https:\/\/www.facebook.com\/profile.php?id=100086426226253\" \/>\n<meta property=\"article:modified_time\" content=\"2026-04-07T15:22:13+00:00\" \/>\n<meta property=\"og:image\" content=\"https:\/\/testwebsite.citygame.com\/wp-content\/blogs.dir\/1\/files\/sites\/62\/2026\/02\/rotterdam-man-playing-city-game-sherlock-on-phone.jpg\" \/>\n\t<meta property=\"og:image:width\" content=\"896\" \/>\n\t<meta property=\"og:image:height\" content=\"1152\" \/>\n\t<meta property=\"og:image:type\" content=\"image\/jpeg\" \/>\n<meta name=\"twitter:card\" content=\"summary_large_image\" \/>\n<script type=\"application\/ld+json\" class=\"yoast-schema-graph\">{\"@context\":\"https:\/\/schema.org\",\"@graph\":[{\"@type\":\"WebPage\",\"@id\":\"https:\/\/testwebsite.citygame.com\/fr\/games\/rotterdam\/sherlock-holmes-rotterdam\/\",\"url\":\"https:\/\/testwebsite.citygame.com\/fr\/games\/rotterdam\/sherlock-holmes-rotterdam\/\",\"name\":\"Sherlock Holmes Rotterdam - City Game\",\"isPartOf\":{\"@id\":\"https:\/\/testwebsite.upevents.nl\/#website\"},\"primaryImageOfPage\":{\"@id\":\"https:\/\/testwebsite.citygame.com\/fr\/games\/rotterdam\/sherlock-holmes-rotterdam\/#primaryimage\"},\"image\":{\"@id\":\"https:\/\/testwebsite.citygame.com\/fr\/games\/rotterdam\/sherlock-holmes-rotterdam\/#primaryimage\"},\"thumbnailUrl\":\"https:\/\/testwebsite.citygame.com\/wp-content\/blogs.dir\/1\/files\/sites\/62\/2026\/02\/rotterdam-man-playing-city-game-sherlock-on-phone.jpg\",\"datePublished\":\"2026-02-03T15:29:30+00:00\",\"dateModified\":\"2026-04-07T15:22:13+00:00\",\"description\":\"Sherlock Holmes Rotterdam. Jouez \u00e0 un jeu de ville de myst\u00e8re de meurtre autoguid\u00e9, r\u00e9solvez des \u00e9nigmes, suivez des indices et d\u00e9couvrez le meurtrier \u00e0 votre propre rythme !\",\"breadcrumb\":{\"@id\":\"https:\/\/testwebsite.citygame.com\/fr\/games\/rotterdam\/sherlock-holmes-rotterdam\/#breadcrumb\"},\"inLanguage\":\"fr-FR\",\"potentialAction\":[{\"@type\":\"ReadAction\",\"target\":[\"https:\/\/testwebsite.citygame.com\/fr\/games\/rotterdam\/sherlock-holmes-rotterdam\/\"]}]},{\"@type\":\"ImageObject\",\"inLanguage\":\"fr-FR\",\"@id\":\"https:\/\/testwebsite.citygame.com\/fr\/games\/rotterdam\/sherlock-holmes-rotterdam\/#primaryimage\",\"url\":\"https:\/\/testwebsite.citygame.com\/wp-content\/blogs.dir\/1\/files\/sites\/62\/2026\/02\/rotterdam-man-playing-city-game-sherlock-on-phone.jpg\",\"contentUrl\":\"https:\/\/testwebsite.citygame.com\/wp-content\/blogs.dir\/1\/files\/sites\/62\/2026\/02\/rotterdam-man-playing-city-game-sherlock-on-phone.jpg\",\"width\":896,\"height\":1152,\"caption\":\"A player stands on a crosswalk in Rotterdam while engaging with the Sherlock city game.\"},{\"@type\":\"BreadcrumbList\",\"@id\":\"https:\/\/testwebsite.citygame.com\/fr\/games\/rotterdam\/sherlock-holmes-rotterdam\/#breadcrumb\",\"itemListElement\":[{\"@type\":\"ListItem\",\"position\":1,\"name\":\"Home\",\"item\":\"https:\/\/testwebsite.citygame.com\/fr\/\"},{\"@type\":\"ListItem\",\"position\":2,\"name\":\"Shop\",\"item\":\"https:\/\/testwebsite.citygame.com\/shop\/\"},{\"@type\":\"ListItem\",\"position\":3,\"name\":\"Sherlock Holmes Rotterdam\"}]},{\"@type\":\"WebSite\",\"@id\":\"https:\/\/testwebsite.upevents.nl\/#website\",\"url\":\"https:\/\/testwebsite.upevents.nl\/\",\"name\":\"City Game\",\"description\":\"\",\"publisher\":{\"@id\":\"https:\/\/testwebsite.upevents.nl\/#organization\"},\"alternateName\":\"citygame.com\",\"potentialAction\":[{\"@type\":\"SearchAction\",\"target\":{\"@type\":\"EntryPoint\",\"urlTemplate\":\"https:\/\/testwebsite.upevents.nl\/?s={search_term_string}\"},\"query-input\":{\"@type\":\"PropertyValueSpecification\",\"valueRequired\":true,\"valueName\":\"search_term_string\"}}],\"inLanguage\":\"fr-FR\"},{\"@type\":[\"Organization\",\"Place\"],\"@id\":\"https:\/\/testwebsite.upevents.nl\/#organization\",\"name\":\"City Game\",\"alternateName\":\"citygame.com\",\"url\":\"https:\/\/testwebsite.upevents.nl\/\",\"logo\":{\"@id\":\"https:\/\/testwebsite.citygame.com\/fr\/games\/rotterdam\/sherlock-holmes-rotterdam\/#local-main-organization-logo\"},\"image\":{\"@id\":\"https:\/\/testwebsite.citygame.com\/fr\/games\/rotterdam\/sherlock-holmes-rotterdam\/#local-main-organization-logo\"},\"sameAs\":[\"https:\/\/www.facebook.com\/profile.php?id=100086426226253\",\"https:\/\/www.instagram.com\/citygame_com\",\"https:\/\/www.tiktok.com\/@citygamecom\/\",\"https:\/\/www.linkedin.com\/company\/citygame-com\"],\"description\":\"Turn any city into a playground with our interactive City Games and self-guided tours. Fun, flexible, and ideal for groups and team building.\",\"telephone\":[],\"openingHoursSpecification\":[{\"@type\":\"OpeningHoursSpecification\",\"dayOfWeek\":[\"Monday\",\"Tuesday\",\"Wednesday\",\"Thursday\",\"Friday\",\"Saturday\",\"Sunday\"],\"opens\":\"09:00\",\"closes\":\"17:00\"}]},{\"@type\":\"ImageObject\",\"inLanguage\":\"fr-FR\",\"@id\":\"https:\/\/testwebsite.citygame.com\/fr\/games\/rotterdam\/sherlock-holmes-rotterdam\/#local-main-organization-logo\",\"url\":\"https:\/\/testwebsite.citygame.com\/wp-content\/blogs.dir\/1\/files\/sites\/62\/2025\/10\/CG_LOGO-City-Game.png\",\"contentUrl\":\"https:\/\/testwebsite.citygame.com\/wp-content\/blogs.dir\/1\/files\/sites\/62\/2025\/10\/CG_LOGO-City-Game.png\",\"width\":351,\"height\":377,\"caption\":\"City Game\"}]}<\/script>\n<!-- \/ Yoast SEO Premium plugin. -->","yoast_head_json":{"title":"Sherlock Holmes Rotterdam - City Game","description":"Sherlock Holmes Rotterdam. Jouez \u00e0 un jeu de ville de myst\u00e8re de meurtre autoguid\u00e9, r\u00e9solvez des \u00e9nigmes, suivez des indices et d\u00e9couvrez le meurtrier \u00e0 votre propre rythme !","robots":{"index":"noindex","follow":"follow","max-snippet":"max-snippet:-1","max-image-preview":"max-image-preview:large","max-video-preview":"max-video-preview:-1"},"og_locale":"fr_FR","og_type":"article","og_title":"Sherlock Holmes Rotterdam","og_description":"Sherlock Holmes Rotterdam. Jouez \u00e0 un jeu de ville de myst\u00e8re de meurtre autoguid\u00e9, r\u00e9solvez des \u00e9nigmes, suivez des indices et d\u00e9couvrez le meurtrier \u00e0 votre propre rythme !","og_url":"https:\/\/testwebsite.citygame.com\/fr\/games\/rotterdam\/sherlock-holmes-rotterdam\/","og_site_name":"City Game","article_publisher":"https:\/\/www.facebook.com\/profile.php?id=100086426226253","article_modified_time":"2026-04-07T15:22:13+00:00","og_image":[{"width":896,"height":1152,"url":"https:\/\/testwebsite.citygame.com\/wp-content\/blogs.dir\/1\/files\/sites\/62\/2026\/02\/rotterdam-man-playing-city-game-sherlock-on-phone.jpg","type":"image\/jpeg"}],"twitter_card":"summary_large_image","schema":{"@context":"https:\/\/schema.org","@graph":[{"@type":"WebPage","@id":"https:\/\/testwebsite.citygame.com\/fr\/games\/rotterdam\/sherlock-holmes-rotterdam\/","url":"https:\/\/testwebsite.citygame.com\/fr\/games\/rotterdam\/sherlock-holmes-rotterdam\/","name":"Sherlock Holmes Rotterdam - City Game","isPartOf":{"@id":"https:\/\/testwebsite.upevents.nl\/#website"},"primaryImageOfPage":{"@id":"https:\/\/testwebsite.citygame.com\/fr\/games\/rotterdam\/sherlock-holmes-rotterdam\/#primaryimage"},"image":{"@id":"https:\/\/testwebsite.citygame.com\/fr\/games\/rotterdam\/sherlock-holmes-rotterdam\/#primaryimage"},"thumbnailUrl":"https:\/\/testwebsite.citygame.com\/wp-content\/blogs.dir\/1\/files\/sites\/62\/2026\/02\/rotterdam-man-playing-city-game-sherlock-on-phone.jpg","datePublished":"2026-02-03T15:29:30+00:00","dateModified":"2026-04-07T15:22:13+00:00","description":"Sherlock Holmes Rotterdam. Jouez \u00e0 un jeu de ville de myst\u00e8re de meurtre autoguid\u00e9, r\u00e9solvez des \u00e9nigmes, suivez des indices et d\u00e9couvrez le meurtrier \u00e0 votre propre rythme !","breadcrumb":{"@id":"https:\/\/testwebsite.citygame.com\/fr\/games\/rotterdam\/sherlock-holmes-rotterdam\/#breadcrumb"},"inLanguage":"fr-FR","potentialAction":[{"@type":"ReadAction","target":["https:\/\/testwebsite.citygame.com\/fr\/games\/rotterdam\/sherlock-holmes-rotterdam\/"]}]},{"@type":"ImageObject","inLanguage":"fr-FR","@id":"https:\/\/testwebsite.citygame.com\/fr\/games\/rotterdam\/sherlock-holmes-rotterdam\/#primaryimage","url":"https:\/\/testwebsite.citygame.com\/wp-content\/blogs.dir\/1\/files\/sites\/62\/2026\/02\/rotterdam-man-playing-city-game-sherlock-on-phone.jpg","contentUrl":"https:\/\/testwebsite.citygame.com\/wp-content\/blogs.dir\/1\/files\/sites\/62\/2026\/02\/rotterdam-man-playing-city-game-sherlock-on-phone.jpg","width":896,"height":1152,"caption":"A player stands on a crosswalk in Rotterdam while engaging with the Sherlock city game."},{"@type":"BreadcrumbList","@id":"https:\/\/testwebsite.citygame.com\/fr\/games\/rotterdam\/sherlock-holmes-rotterdam\/#breadcrumb","itemListElement":[{"@type":"ListItem","position":1,"name":"Home","item":"https:\/\/testwebsite.citygame.com\/fr\/"},{"@type":"ListItem","position":2,"name":"Shop","item":"https:\/\/testwebsite.citygame.com\/shop\/"},{"@type":"ListItem","position":3,"name":"Sherlock Holmes Rotterdam"}]},{"@type":"WebSite","@id":"https:\/\/testwebsite.upevents.nl\/#website","url":"https:\/\/testwebsite.upevents.nl\/","name":"City Game","description":"","publisher":{"@id":"https:\/\/testwebsite.upevents.nl\/#organization"},"alternateName":"citygame.com","potentialAction":[{"@type":"SearchAction","target":{"@type":"EntryPoint","urlTemplate":"https:\/\/testwebsite.upevents.nl\/?s={search_term_string}"},"query-input":{"@type":"PropertyValueSpecification","valueRequired":true,"valueName":"search_term_string"}}],"inLanguage":"fr-FR"},{"@type":["Organization","Place"],"@id":"https:\/\/testwebsite.upevents.nl\/#organization","name":"City Game","alternateName":"citygame.com","url":"https:\/\/testwebsite.upevents.nl\/","logo":{"@id":"https:\/\/testwebsite.citygame.com\/fr\/games\/rotterdam\/sherlock-holmes-rotterdam\/#local-main-organization-logo"},"image":{"@id":"https:\/\/testwebsite.citygame.com\/fr\/games\/rotterdam\/sherlock-holmes-rotterdam\/#local-main-organization-logo"},"sameAs":["https:\/\/www.facebook.com\/profile.php?id=100086426226253","https:\/\/www.instagram.com\/citygame_com","https:\/\/www.tiktok.com\/@citygamecom\/","https:\/\/www.linkedin.com\/company\/citygame-com"],"description":"Turn any city into a playground with our interactive City Games and self-guided tours. Fun, flexible, and ideal for groups and team building.","telephone":[],"openingHoursSpecification":[{"@type":"OpeningHoursSpecification","dayOfWeek":["Monday","Tuesday","Wednesday","Thursday","Friday","Saturday","Sunday"],"opens":"09:00","closes":"17:00"}]},{"@type":"ImageObject","inLanguage":"fr-FR","@id":"https:\/\/testwebsite.citygame.com\/fr\/games\/rotterdam\/sherlock-holmes-rotterdam\/#local-main-organization-logo","url":"https:\/\/testwebsite.citygame.com\/wp-content\/blogs.dir\/1\/files\/sites\/62\/2025\/10\/CG_LOGO-City-Game.png","contentUrl":"https:\/\/testwebsite.citygame.com\/wp-content\/blogs.dir\/1\/files\/sites\/62\/2025\/10\/CG_LOGO-City-Game.png","width":351,"height":377,"caption":"City Game"}]}},"taxonomy_info":{"game-concept":[{"value":774,"label":"Sherlock"}],"location":[{"value":348,"label":"Rotterdam"}],"product_cat":[{"value":663,"label":"Non class\u00e9"}]},"featured_image_src_large":["https:\/\/testwebsite.citygame.com\/wp-content\/blogs.dir\/1\/files\/sites\/62\/2026\/02\/rotterdam-man-playing-city-game-sherlock-on-phone-796x1024.jpg",796,1024,true],"author_info":[],"comment_info":"","_links":{"self":[{"href":"https:\/\/testwebsite.citygame.com\/fr\/wp-json\/wp\/v2\/product\/52688","targetHints":{"allow":["GET"]}}],"collection":[{"href":"https:\/\/testwebsite.citygame.com\/fr\/wp-json\/wp\/v2\/product"}],"about":[{"href":"https:\/\/testwebsite.citygame.com\/fr\/wp-json\/wp\/v2\/types\/product"}],"acf:post":[{"embeddable":true,"href":"https:\/\/testwebsite.citygame.com\/fr\/wp-json\/wp\/v2\/pages\/4437"}],"wp:featuredmedia":[{"embeddable":true,"href":"https:\/\/testwebsite.citygame.com\/fr\/wp-json\/wp\/v2\/media\/9818"}],"wp:attachment":[{"href":"https:\/\/testwebsite.citygame.com\/fr\/wp-json\/wp\/v2\/media?parent=52688"}],"wp:term":[{"taxonomy":"game-concept","embeddable":true,"href":"https:\/\/testwebsite.citygame.com\/fr\/wp-json\/wp\/v2\/game-concept?post=52688"},{"taxonomy":"location","embeddable":true,"href":"https:\/\/testwebsite.citygame.com\/fr\/wp-json\/wp\/v2\/location?post=52688"},{"taxonomy":"product_brand","embeddable":true,"href":"https:\/\/testwebsite.citygame.com\/fr\/wp-json\/wp\/v2\/product_brand?post=52688"},{"taxonomy":"product_cat","embeddable":true,"href":"https:\/\/testwebsite.citygame.com\/fr\/wp-json\/wp\/v2\/product_cat?post=52688"},{"taxonomy":"product_tag","embeddable":true,"href":"https:\/\/testwebsite.citygame.com\/fr\/wp-json\/wp\/v2\/product_tag?post=52688"}],"curies":[{"name":"wp","href":"https:\/\/api.w.org\/{rel}","templated":true}]}}