{"id":44345,"date":"2026-04-02T23:28:07","date_gmt":"2026-04-02T23:28:07","guid":{"rendered":"https:\/\/testwebsite.citygame.com\/games\/unknown-location\/produit-397\/"},"modified":"2026-04-02T23:28:09","modified_gmt":"2026-04-02T23:28:09","slug":"produit-397","status":"publish","type":"product","link":"https:\/\/testwebsite.citygame.com\/fr\/games\/singapore-city\/produit-397\/","title":{"rendered":"Produit"},"content":{"rendered":"","protected":false},"excerpt":{"rendered":"","protected":false},"featured_media":0,"template":"","meta":{"_acf_changed":false,"_yoast_wpseo_focuskw":"Secrets of Singapore City","_yoast_wpseo_metadesc":"Secrets of Singapore City. Jouez \u00e0 un jeu de ville autoguid\u00e9 et explorez la ville \u00e0 travers des \u00e9nigmes, des devinettes et des d\u00e9fis. Jouez \u00e0 votre rythme et d\u00e9couvrez la ville comme un local !","_kad_blocks_custom_css":"","_kad_blocks_head_custom_js":"","_kad_blocks_body_custom_js":"","_kad_blocks_footer_custom_js":"","ghostkit_customizer_options":"","ghostkit_custom_css":"","ghostkit_custom_js_head":"","ghostkit_custom_js_foot":"","ghostkit_typography":"","_kad_post_transparent":"","_kad_post_title":"","_kad_post_layout":"","_kad_post_sidebar_id":"","_kad_post_content_style":"","_kad_post_vertical_padding":"","_kad_post_feature":"","_kad_post_feature_position":"","_kad_post_header":false,"_kad_post_footer":false,"_kad_post_classname":"","_links_to":"","_links_to_target":""},"game-concept":[713],"location":[588],"product_brand":[],"product_cat":[27],"product_tag":[],"class_list":{"0":"post-44345","1":"product","2":"type-product","3":"status-publish","5":"game-concept-secrets","6":"location-singapore-city","7":"product_cat-geen-categorie","9":"first","10":"instock","11":"shipping-taxable","12":"product-type-simple","13":"entry","14":"content-bg","15":"loop-entry"},"acf":{"full_bokun_product_name":"Self-Guided Secrets of Singapore Exploration Game","location_name":"Singapore City","bokun_calendar_widget_code":"<script type=\"text\/javascript\" src=\"https:\/\/widgets.bokun.io\/assets\/javascripts\/apps\/build\/BokunWidgetsLoader.js?bookingChannelUUID=a1e93e96-5232-4734-a595-28405f4b5a31\" async><\/script>\n     \n    <div class=\"bokunWidget\" data-src=\"https:\/\/widgets.bokun.io\/online-sales\/a1e93e96-5232-4734-a595-28405f4b5a31\/experience-calendar\/796264\"><\/div>\n    <noscript>Please enable javascript in your browser to book<\/noscript>","bokun_button_widget_code":"<script type=\"text\/javascript\" src=\"https:\/\/widgets.bokun.io\/assets\/javascripts\/apps\/build\/BokunWidgetsLoader.js?bookingChannelUUID=a1e93e96-5232-4734-a595-28405f4b5a31\" async><\/script>\n      <style> #bokun_ed001e45_5927_4f62_b470_ca766338d083 { display: inline-block; padding: .4em 1em; background: #47b82e; border-radius: 999999px; box-shadow: none; font-weight: 600; font-size: 24px; text-decoration: none; text-align: center; color: #FFFFFF; border:none; cursor: pointer; transition: background .2s ease; } #bokun_ed001e45_5927_4f62_b470_ca766338d083:hover{ background: #2f7b1f; } #bokun_ed001e45_5927_4f62_b470_ca766338d083:active{ background: #378f24; } <\/style> <button class=\"bokunButton\" disabled id=bokun_ed001e45_5927_4f62_b470_ca766338d083 data-src=\"https:\/\/widgets.bokun.io\/online-sales\/a1e93e96-5232-4734-a595-28405f4b5a31\/experience-calendar\/796264?partialView=1\" data-testid=\"widget-book-button\" > Book now <\/button> ","what_you\u2019ll_experience_during_the_game":"Dans le jeu 'Secrets of Singapore City', vous n'explorerez pas seulement cette ville dynamique, mais vous participerez \u00e9galement \u00e0 une exp\u00e9rience interactive regorgeant de r\u00e9cits immersifs et de d\u00e9fis intrigants. Le jeu vous guidera \u00e0 travers un m\u00e9lange de sites c\u00e9l\u00e8bres et de joyaux cach\u00e9s de Singapour, offrant un aper\u00e7u unique et complet de son charme. Des lieux de restauration distinctifs nich\u00e9s dans des quartiers anim\u00e9s aux merveilles architecturales comme l'ArtScience Museum, vous d\u00e9couvrirez les chemins moins fr\u00e9quent\u00e9s \u00e0 travers le riche paysage de Singapour. Ce jeu d'exploration offre une mani\u00e8re innovante de vivre, d'appr\u00e9cier et de comprendre Singapore City. \n\nJouer \u00e0 ce jeu de ville vous fera r\u00e9soudre des \u00e9nigmes, r\u00e9pondre \u00e0 des questions et relever des d\u00e9fis photo amusants, tout en vous plongeant dans le c\u0153ur captivant de Singapour. Chaque \u00e9nigme r\u00e9solue apportera non seulement le frisson de gagner des points, mais vous guidera \u00e9galement un pas de plus vers le d\u00e9chiffrement d'un myst\u00e8re final captivant. Bien que ce jeu se d\u00e9roule \u00e0 votre rythme et puisse \u00eatre mis en pause et repris selon votre emploi du temps, il offre une chance excitante aux joueurs comp\u00e9titifs de viser la premi\u00e8re place du classement. Alors, si vous \u00eates pr\u00eat \u00e0 injecter un peu plus d'excitation dans votre exp\u00e9rience touristique \u00e0 Singapour, notre jeu de ville est l\u00e0 pour ajouter cette touche d'aventure !","how_to_play":"R\u00e9servez le jeu d'exploration, v\u00e9rifiez l'e-mail que nous vous envoyons avec les instructions simples, t\u00e9l\u00e9chargez l'application Loquiz, acc\u00e9dez au jeu d'exploration et vous \u00eates pr\u00eat \u00e0 commencer votre exp\u00e9rience de jeu !","start_location":"Buddha Tooth Relic Temple, Singapore","available_languages":[],"players_per_group":"1-4","duration":"1.5-2 hours","image_overlay_color_image":"","image_overlay_game_logo":"","city_page":13161,"woocommerce_general_content":null},"yoast_head":"<!-- This site is optimized with the Yoast SEO Premium plugin v26.2 (Yoast SEO v26.3) - https:\/\/yoast.com\/wordpress\/plugins\/seo\/ -->\n<title>Produit - City Game<\/title>\n<meta name=\"description\" content=\"Secrets of Singapore City. Jouez \u00e0 un jeu de ville autoguid\u00e9 et explorez la ville \u00e0 travers des \u00e9nigmes, des devinettes et des d\u00e9fis. Jouez \u00e0 votre rythme et d\u00e9couvrez la ville comme un local !\" \/>\n<meta name=\"robots\" content=\"noindex, follow, max-snippet:-1, max-image-preview:large, max-video-preview:-1\" \/>\n<meta property=\"og:locale\" content=\"fr_FR\" \/>\n<meta property=\"og:type\" content=\"article\" \/>\n<meta property=\"og:title\" content=\"Produit\" \/>\n<meta property=\"og:description\" content=\"Secrets of Singapore City. Jouez \u00e0 un jeu de ville autoguid\u00e9 et explorez la ville \u00e0 travers des \u00e9nigmes, des devinettes et des d\u00e9fis. Jouez \u00e0 votre rythme et d\u00e9couvrez la ville comme un local !\" \/>\n<meta property=\"og:url\" content=\"https:\/\/testwebsite.citygame.com\/fr\/games\/singapore-city\/produit-397\/\" \/>\n<meta property=\"og:site_name\" content=\"City Game\" \/>\n<meta property=\"article:publisher\" content=\"https:\/\/www.facebook.com\/profile.php?id=100086426226253\" \/>\n<meta property=\"article:modified_time\" content=\"2026-04-02T23:28:09+00:00\" \/>\n<meta name=\"twitter:card\" content=\"summary_large_image\" \/>\n<script type=\"application\/ld+json\" class=\"yoast-schema-graph\">{\"@context\":\"https:\/\/schema.org\",\"@graph\":[{\"@type\":\"WebPage\",\"@id\":\"https:\/\/testwebsite.citygame.com\/fr\/games\/singapore-city\/produit-397\/\",\"url\":\"https:\/\/testwebsite.citygame.com\/fr\/games\/singapore-city\/produit-397\/\",\"name\":\"Produit - City Game\",\"isPartOf\":{\"@id\":\"https:\/\/testwebsite.upevents.nl\/#website\"},\"datePublished\":\"2026-04-02T23:28:07+00:00\",\"dateModified\":\"2026-04-02T23:28:09+00:00\",\"description\":\"Secrets of Singapore City. Jouez \u00e0 un jeu de ville autoguid\u00e9 et explorez la ville \u00e0 travers des \u00e9nigmes, des devinettes et des d\u00e9fis. Jouez \u00e0 votre rythme et d\u00e9couvrez la ville comme un local !\",\"breadcrumb\":{\"@id\":\"https:\/\/testwebsite.citygame.com\/fr\/games\/singapore-city\/produit-397\/#breadcrumb\"},\"inLanguage\":\"fr-FR\",\"potentialAction\":[{\"@type\":\"ReadAction\",\"target\":[\"https:\/\/testwebsite.citygame.com\/fr\/games\/singapore-city\/produit-397\/\"]}]},{\"@type\":\"BreadcrumbList\",\"@id\":\"https:\/\/testwebsite.citygame.com\/fr\/games\/singapore-city\/produit-397\/#breadcrumb\",\"itemListElement\":[{\"@type\":\"ListItem\",\"position\":1,\"name\":\"Home\",\"item\":\"https:\/\/testwebsite.citygame.com\/fr\/\"},{\"@type\":\"ListItem\",\"position\":2,\"name\":\"Shop\",\"item\":\"https:\/\/testwebsite.citygame.com\/shop\/\"},{\"@type\":\"ListItem\",\"position\":3,\"name\":\"Produit\"}]},{\"@type\":\"WebSite\",\"@id\":\"https:\/\/testwebsite.upevents.nl\/#website\",\"url\":\"https:\/\/testwebsite.upevents.nl\/\",\"name\":\"City Game\",\"description\":\"\",\"publisher\":{\"@id\":\"https:\/\/testwebsite.upevents.nl\/#organization\"},\"alternateName\":\"citygame.com\",\"potentialAction\":[{\"@type\":\"SearchAction\",\"target\":{\"@type\":\"EntryPoint\",\"urlTemplate\":\"https:\/\/testwebsite.upevents.nl\/?s={search_term_string}\"},\"query-input\":{\"@type\":\"PropertyValueSpecification\",\"valueRequired\":true,\"valueName\":\"search_term_string\"}}],\"inLanguage\":\"fr-FR\"},{\"@type\":[\"Organization\",\"Place\"],\"@id\":\"https:\/\/testwebsite.upevents.nl\/#organization\",\"name\":\"City Game\",\"alternateName\":\"citygame.com\",\"url\":\"https:\/\/testwebsite.upevents.nl\/\",\"logo\":{\"@id\":\"https:\/\/testwebsite.citygame.com\/fr\/games\/singapore-city\/produit-397\/#local-main-organization-logo\"},\"image\":{\"@id\":\"https:\/\/testwebsite.citygame.com\/fr\/games\/singapore-city\/produit-397\/#local-main-organization-logo\"},\"sameAs\":[\"https:\/\/www.facebook.com\/profile.php?id=100086426226253\",\"https:\/\/www.instagram.com\/citygame_com\",\"https:\/\/www.tiktok.com\/@citygamecom\/\",\"https:\/\/www.linkedin.com\/company\/citygame-com\"],\"description\":\"Turn any city into a playground with our interactive City Games and self-guided tours. Fun, flexible, and ideal for groups and team building.\",\"telephone\":[],\"openingHoursSpecification\":[{\"@type\":\"OpeningHoursSpecification\",\"dayOfWeek\":[\"Monday\",\"Tuesday\",\"Wednesday\",\"Thursday\",\"Friday\",\"Saturday\",\"Sunday\"],\"opens\":\"09:00\",\"closes\":\"17:00\"}]},{\"@type\":\"ImageObject\",\"inLanguage\":\"fr-FR\",\"@id\":\"https:\/\/testwebsite.citygame.com\/fr\/games\/singapore-city\/produit-397\/#local-main-organization-logo\",\"url\":\"https:\/\/testwebsite.citygame.com\/wp-content\/blogs.dir\/1\/files\/sites\/62\/2025\/10\/CG_LOGO-City-Game.png\",\"contentUrl\":\"https:\/\/testwebsite.citygame.com\/wp-content\/blogs.dir\/1\/files\/sites\/62\/2025\/10\/CG_LOGO-City-Game.png\",\"width\":351,\"height\":377,\"caption\":\"City Game\"}]}<\/script>\n<!-- \/ Yoast SEO Premium plugin. -->","yoast_head_json":{"title":"Produit - City Game","description":"Secrets of Singapore City. Jouez \u00e0 un jeu de ville autoguid\u00e9 et explorez la ville \u00e0 travers des \u00e9nigmes, des devinettes et des d\u00e9fis. Jouez \u00e0 votre rythme et d\u00e9couvrez la ville comme un local !","robots":{"index":"noindex","follow":"follow","max-snippet":"max-snippet:-1","max-image-preview":"max-image-preview:large","max-video-preview":"max-video-preview:-1"},"og_locale":"fr_FR","og_type":"article","og_title":"Produit","og_description":"Secrets of Singapore City. Jouez \u00e0 un jeu de ville autoguid\u00e9 et explorez la ville \u00e0 travers des \u00e9nigmes, des devinettes et des d\u00e9fis. Jouez \u00e0 votre rythme et d\u00e9couvrez la ville comme un local !","og_url":"https:\/\/testwebsite.citygame.com\/fr\/games\/singapore-city\/produit-397\/","og_site_name":"City Game","article_publisher":"https:\/\/www.facebook.com\/profile.php?id=100086426226253","article_modified_time":"2026-04-02T23:28:09+00:00","twitter_card":"summary_large_image","schema":{"@context":"https:\/\/schema.org","@graph":[{"@type":"WebPage","@id":"https:\/\/testwebsite.citygame.com\/fr\/games\/singapore-city\/produit-397\/","url":"https:\/\/testwebsite.citygame.com\/fr\/games\/singapore-city\/produit-397\/","name":"Produit - City Game","isPartOf":{"@id":"https:\/\/testwebsite.upevents.nl\/#website"},"datePublished":"2026-04-02T23:28:07+00:00","dateModified":"2026-04-02T23:28:09+00:00","description":"Secrets of Singapore City. Jouez \u00e0 un jeu de ville autoguid\u00e9 et explorez la ville \u00e0 travers des \u00e9nigmes, des devinettes et des d\u00e9fis. Jouez \u00e0 votre rythme et d\u00e9couvrez la ville comme un local !","breadcrumb":{"@id":"https:\/\/testwebsite.citygame.com\/fr\/games\/singapore-city\/produit-397\/#breadcrumb"},"inLanguage":"fr-FR","potentialAction":[{"@type":"ReadAction","target":["https:\/\/testwebsite.citygame.com\/fr\/games\/singapore-city\/produit-397\/"]}]},{"@type":"BreadcrumbList","@id":"https:\/\/testwebsite.citygame.com\/fr\/games\/singapore-city\/produit-397\/#breadcrumb","itemListElement":[{"@type":"ListItem","position":1,"name":"Home","item":"https:\/\/testwebsite.citygame.com\/fr\/"},{"@type":"ListItem","position":2,"name":"Shop","item":"https:\/\/testwebsite.citygame.com\/shop\/"},{"@type":"ListItem","position":3,"name":"Produit"}]},{"@type":"WebSite","@id":"https:\/\/testwebsite.upevents.nl\/#website","url":"https:\/\/testwebsite.upevents.nl\/","name":"City Game","description":"","publisher":{"@id":"https:\/\/testwebsite.upevents.nl\/#organization"},"alternateName":"citygame.com","potentialAction":[{"@type":"SearchAction","target":{"@type":"EntryPoint","urlTemplate":"https:\/\/testwebsite.upevents.nl\/?s={search_term_string}"},"query-input":{"@type":"PropertyValueSpecification","valueRequired":true,"valueName":"search_term_string"}}],"inLanguage":"fr-FR"},{"@type":["Organization","Place"],"@id":"https:\/\/testwebsite.upevents.nl\/#organization","name":"City Game","alternateName":"citygame.com","url":"https:\/\/testwebsite.upevents.nl\/","logo":{"@id":"https:\/\/testwebsite.citygame.com\/fr\/games\/singapore-city\/produit-397\/#local-main-organization-logo"},"image":{"@id":"https:\/\/testwebsite.citygame.com\/fr\/games\/singapore-city\/produit-397\/#local-main-organization-logo"},"sameAs":["https:\/\/www.facebook.com\/profile.php?id=100086426226253","https:\/\/www.instagram.com\/citygame_com","https:\/\/www.tiktok.com\/@citygamecom\/","https:\/\/www.linkedin.com\/company\/citygame-com"],"description":"Turn any city into a playground with our interactive City Games and self-guided tours. Fun, flexible, and ideal for groups and team building.","telephone":[],"openingHoursSpecification":[{"@type":"OpeningHoursSpecification","dayOfWeek":["Monday","Tuesday","Wednesday","Thursday","Friday","Saturday","Sunday"],"opens":"09:00","closes":"17:00"}]},{"@type":"ImageObject","inLanguage":"fr-FR","@id":"https:\/\/testwebsite.citygame.com\/fr\/games\/singapore-city\/produit-397\/#local-main-organization-logo","url":"https:\/\/testwebsite.citygame.com\/wp-content\/blogs.dir\/1\/files\/sites\/62\/2025\/10\/CG_LOGO-City-Game.png","contentUrl":"https:\/\/testwebsite.citygame.com\/wp-content\/blogs.dir\/1\/files\/sites\/62\/2025\/10\/CG_LOGO-City-Game.png","width":351,"height":377,"caption":"City Game"}]}},"taxonomy_info":{"game-concept":[{"value":713,"label":"Secrets"}],"location":[{"value":588,"label":"Singapore City"}],"product_cat":[{"value":27,"label":"Geen categorie"}]},"featured_image_src_large":false,"author_info":[],"comment_info":"","_links":{"self":[{"href":"https:\/\/testwebsite.citygame.com\/fr\/wp-json\/wp\/v2\/product\/44345","targetHints":{"allow":["GET"]}}],"collection":[{"href":"https:\/\/testwebsite.citygame.com\/fr\/wp-json\/wp\/v2\/product"}],"about":[{"href":"https:\/\/testwebsite.citygame.com\/fr\/wp-json\/wp\/v2\/types\/product"}],"acf:post":[{"embeddable":true,"href":"https:\/\/testwebsite.citygame.com\/fr\/wp-json\/wp\/v2\/pages\/13161"}],"wp:attachment":[{"href":"https:\/\/testwebsite.citygame.com\/fr\/wp-json\/wp\/v2\/media?parent=44345"}],"wp:term":[{"taxonomy":"game-concept","embeddable":true,"href":"https:\/\/testwebsite.citygame.com\/fr\/wp-json\/wp\/v2\/game-concept?post=44345"},{"taxonomy":"location","embeddable":true,"href":"https:\/\/testwebsite.citygame.com\/fr\/wp-json\/wp\/v2\/location?post=44345"},{"taxonomy":"product_brand","embeddable":true,"href":"https:\/\/testwebsite.citygame.com\/fr\/wp-json\/wp\/v2\/product_brand?post=44345"},{"taxonomy":"product_cat","embeddable":true,"href":"https:\/\/testwebsite.citygame.com\/fr\/wp-json\/wp\/v2\/product_cat?post=44345"},{"taxonomy":"product_tag","embeddable":true,"href":"https:\/\/testwebsite.citygame.com\/fr\/wp-json\/wp\/v2\/product_tag?post=44345"}],"curies":[{"name":"wp","href":"https:\/\/api.w.org\/{rel}","templated":true}]}}