{"id":39868,"date":"2026-01-14T09:18:37","date_gmt":"2026-01-14T09:18:37","guid":{"rendered":"https:\/\/testwebsite.citygame.com\/games\/unknown-location\/produit-344\/"},"modified":"2026-04-02T11:18:47","modified_gmt":"2026-04-02T11:18:47","slug":"produit-344","status":"publish","type":"product","link":"https:\/\/testwebsite.citygame.com\/fr\/games\/unknown-location\/produit-344\/","title":{"rendered":"Produit"},"content":{"rendered":"","protected":false},"excerpt":{"rendered":"","protected":false},"featured_media":4003,"template":"","meta":{"_acf_changed":false,"_yoast_wpseo_focuskw":"Secrets of Paris Louvre","_yoast_wpseo_metadesc":"Secrets of Paris Louvre. Jouez \u00e0 un City Game auto-guid\u00e9 et explorez la ville \u00e0 travers des \u00e9nigmes, des devinettes et des d\u00e9fis. Jouez \u00e0 votre rythme et d\u00e9couvrez comme un local !","_kad_blocks_custom_css":"","_kad_blocks_head_custom_js":"","_kad_blocks_body_custom_js":"","_kad_blocks_footer_custom_js":"","ghostkit_customizer_options":"","ghostkit_custom_css":"","ghostkit_custom_js_head":"","ghostkit_custom_js_foot":"","ghostkit_typography":"","_kad_post_transparent":"default","_kad_post_title":"","_kad_post_layout":"default","_kad_post_sidebar_id":"","_kad_post_content_style":"default","_kad_post_vertical_padding":"default","_kad_post_feature":"","_kad_post_feature_position":"","_kad_post_header":false,"_kad_post_footer":false,"_kad_post_classname":"","_links_to":"","_links_to_target":""},"game-concept":[36],"location":[],"product_brand":[],"product_cat":[663],"product_tag":[],"class_list":{"0":"post-39868","1":"product","2":"type-product","3":"status-publish","4":"has-post-thumbnail","6":"game-concept-secrets","7":"product_cat-non-classe","9":"first","10":"instock","11":"shipping-taxable","12":"purchasable","13":"product-type-simple","14":"entry","15":"content-bg","16":"loop-entry"},"acf":{"full_bokun_product_name":"Self-Guided Secrets of Paris: Louvre Area Exploration Game","location_name":"Paris Louvre","bokun_calendar_widget_code":"<script type=\"text\/javascript\" src=\"https:\/\/widgets.bokun.io\/assets\/javascripts\/apps\/build\/BokunWidgetsLoader.js?bookingChannelUUID=a1e93e96-5232-4734-a595-28405f4b5a31\" async><\/script>\n     \n    <div class=\"bokunWidget\" data-src=\"https:\/\/widgets.bokun.io\/online-sales\/a1e93e96-5232-4734-a595-28405f4b5a31\/experience-calendar\/1002136\"><\/div>\n    <noscript>Please enable javascript in your browser to book<\/noscript>","bokun_button_widget_code":"<script type=\"text\/javascript\" src=\"https:\/\/widgets.bokun.io\/assets\/javascripts\/apps\/build\/BokunWidgetsLoader.js?bookingChannelUUID=a1e93e96-5232-4734-a595-28405f4b5a31\" async><\/script>\n      <style> #bokun_ed001e45_5927_4f62_b470_ca766338d083 { display: inline-block; padding: .4em 1em; background: #47b82e; border-radius: 999999px; box-shadow: none; font-weight: 600; font-size: 24px; text-decoration: none; text-align: center; color: #FFFFFF; border:none; cursor: pointer; transition: background .2s ease; } #bokun_ed001e45_5927_4f62_b470_ca766338d083:hover{ background: #2f7b1f; } #bokun_ed001e45_5927_4f62_b470_ca766338d083:active{ background: #378f24; } <\/style> <button class=\"bokunButton\" disabled id=bokun_ed001e45_5927_4f62_b470_ca766338d083 data-src=\"https:\/\/widgets.bokun.io\/online-sales\/a1e93e96-5232-4734-a595-28405f4b5a31\/experience-calendar\/1002136?partialView=1\" data-testid=\"widget-book-button\" > Book now <\/button> ","what_you\u2019ll_experience_during_the_game":"Pendant le City Game Secrets of Paris Louvre, vous explorerez la ville \u00e0 travers un sc\u00e9nario immersif qui m\u00eale d\u00e9couverte et d\u00e9fis interactifs. Le parcours vous m\u00e8nera \u00e0 la fois devant des monuments embl\u00e9matiques et des recoins moins connus, r\u00e9v\u00e9lant l'atmosph\u00e8re de Paris tandis que vous suivrez des indices num\u00e9riques. En chemin, vous pourriez vous retrouver devant la Pyramide du Louvre, admirant les d\u00e9tails orn\u00e9s de l'H\u00f4tel de la Marine, ou faisant une pause pr\u00e8s de l'\u00e9l\u00e9gant Pont Royal. Des coins tranquilles comme le Grand Bassin Rond dans le Jardin des Tuileries ou la pensive Statue of Thomas Jefferson offrent un contraste avec la grandeur de la ville, cr\u00e9ant un espace de r\u00e9flexion entre les indices.\r\n\r\nEn parcourant Paris, vous r\u00e9soudrez des \u00e9nigmes, r\u00e9pondrez \u00e0 des questions et rel\u00e8verez des d\u00e9fis photo cr\u00e9atifs, chacun vous aidant \u00e0 accumuler des points et \u00e0 d\u00e9bloquer de nouveaux indices. Ces t\u00e2ches vous m\u00e8neront progressivement \u00e0 la r\u00e9solution d'un myst\u00e8re plus vaste, tout en vous encourageant \u00e0 remarquer des d\u00e9tails souvent n\u00e9glig\u00e9s. Le jeu est flexible, vous permettant de faire une pause et de continuer \u00e0 votre propre rythme, ce qui le rend facile \u00e0 int\u00e9grer \u00e0 votre visite. Si vous avez l'esprit de comp\u00e9tition, vous pouvez \u00e9galement essayer de grimper dans le classement en obtenant un score \u00e9lev\u00e9 en \u00e9quipe ou individuellement.","how_to_play":"Apr\u00e8s la r\u00e9servation, vous recevrez un e-mail avec un lien de jeu direct. Rendez-vous simplement au point de d\u00e9part \u00e0 la Porte des Lions et commencez votre aventure imm\u00e9diatement. Le jeu peut \u00eatre mis en pause \u00e0 tout moment, afin que vous puissiez explorer Paris librement et continuer d\u00e8s que vous \u00eates pr\u00eat.","start_location":"Paris, Porte des Lions","available_languages":"","players_per_group":"1-4","duration":"1.5-2 hours","image_overlay_color_image":"https:\/\/testwebsite.citygame.com\/wp-content\/blogs.dir\/1\/files\/sites\/62\/2026\/01\/SecretsColor.svg","image_overlay_game_logo":"https:\/\/testwebsite.citygame.com\/wp-content\/blogs.dir\/1\/files\/sites\/62\/2026\/01\/SecretsLogo.png","city_page":7295,"woocommerce_general_content":null,"the_story":"<strong>Leonardo da Vinci est \u00e0 la recherche de quelque chose, pas d'un tr\u00e9sor, pas de la gloire, mais de l'inspiration. Un visage, une \u00e9motion, un instant digne d'\u00eatre peint. Au c\u0153ur du Louvre, entour\u00e9 de beaut\u00e9 et d'histoire, il ne l'a toujours pas trouv\u00e9e. Pas avant de vous rencontrer.<\/strong><br><br>Marchez avec lui \u00e0 travers de grandes salles et des recoins tranquilles. D\u00e9couvrez l'art qui a fa\u00e7onn\u00e9 le monde et les secrets que Paris garde cach\u00e9s dans sa lumi\u00e8re et sa pierre. Ensemble, vous chercherez ce qui rend un chef-d'\u0153uvre intemporel. Et peut-\u00eatre, juste peut-\u00eatre, en ferez-vous partie vous-m\u00eame.<br><br><strong>Vous \u00eates venu pour explorer. Vous \u00eates rest\u00e9 pour sauver l'histoire.<\/strong>","name_main_character":"Leonardo da Vinci","photo_main_character":39869,"loquiz_or_kokimoki":"Kokimoki"},"yoast_head":"<!-- This site is optimized with the Yoast SEO Premium plugin v26.2 (Yoast SEO v26.3) - https:\/\/yoast.com\/wordpress\/plugins\/seo\/ -->\n<title>Produit - City Game<\/title>\n<meta name=\"description\" content=\"Secrets of Paris Louvre. Jouez \u00e0 un City Game auto-guid\u00e9 et explorez la ville \u00e0 travers des \u00e9nigmes, des devinettes et des d\u00e9fis. Jouez \u00e0 votre rythme et d\u00e9couvrez comme un local !\" \/>\n<meta name=\"robots\" content=\"noindex, follow, max-snippet:-1, max-image-preview:large, max-video-preview:-1\" \/>\n<meta property=\"og:locale\" content=\"fr_FR\" \/>\n<meta property=\"og:type\" content=\"article\" \/>\n<meta property=\"og:title\" content=\"Produit\" \/>\n<meta property=\"og:description\" content=\"Secrets of Paris Louvre. Jouez \u00e0 un City Game auto-guid\u00e9 et explorez la ville \u00e0 travers des \u00e9nigmes, des devinettes et des d\u00e9fis. Jouez \u00e0 votre rythme et d\u00e9couvrez comme un local !\" \/>\n<meta property=\"og:url\" content=\"https:\/\/testwebsite.citygame.com\/fr\/games\/unknown-location\/produit-344\/\" \/>\n<meta property=\"og:site_name\" content=\"City Game\" \/>\n<meta property=\"article:publisher\" content=\"https:\/\/www.facebook.com\/profile.php?id=100086426226253\" \/>\n<meta property=\"article:modified_time\" content=\"2026-04-02T11:18:47+00:00\" \/>\n<meta property=\"og:image\" content=\"https:\/\/testwebsite.citygame.com\/wp-content\/blogs.dir\/1\/files\/sites\/62\/2026\/01\/woman-using-phone-app-at-musee-national-de-la-marine-paris.jpg\" \/>\n\t<meta property=\"og:image:width\" content=\"1024\" \/>\n\t<meta property=\"og:image:height\" content=\"1024\" \/>\n\t<meta property=\"og:image:type\" content=\"image\/jpeg\" \/>\n<meta name=\"twitter:card\" content=\"summary_large_image\" \/>\n<script type=\"application\/ld+json\" class=\"yoast-schema-graph\">{\"@context\":\"https:\/\/schema.org\",\"@graph\":[{\"@type\":\"WebPage\",\"@id\":\"https:\/\/testwebsite.citygame.com\/fr\/games\/unknown-location\/produit-344\/\",\"url\":\"https:\/\/testwebsite.citygame.com\/fr\/games\/unknown-location\/produit-344\/\",\"name\":\"Produit - City Game\",\"isPartOf\":{\"@id\":\"https:\/\/testwebsite.upevents.nl\/#website\"},\"primaryImageOfPage\":{\"@id\":\"https:\/\/testwebsite.citygame.com\/fr\/games\/unknown-location\/produit-344\/#primaryimage\"},\"image\":{\"@id\":\"https:\/\/testwebsite.citygame.com\/fr\/games\/unknown-location\/produit-344\/#primaryimage\"},\"thumbnailUrl\":\"https:\/\/testwebsite.citygame.com\/wp-content\/blogs.dir\/1\/files\/sites\/62\/2026\/01\/woman-using-phone-app-at-musee-national-de-la-marine-paris.jpg\",\"datePublished\":\"2026-01-14T09:18:37+00:00\",\"dateModified\":\"2026-04-02T11:18:47+00:00\",\"description\":\"Secrets of Paris Louvre. Jouez \u00e0 un City Game auto-guid\u00e9 et explorez la ville \u00e0 travers des \u00e9nigmes, des devinettes et des d\u00e9fis. Jouez \u00e0 votre rythme et d\u00e9couvrez comme un local !\",\"breadcrumb\":{\"@id\":\"https:\/\/testwebsite.citygame.com\/fr\/games\/unknown-location\/produit-344\/#breadcrumb\"},\"inLanguage\":\"fr-FR\",\"potentialAction\":[{\"@type\":\"ReadAction\",\"target\":[\"https:\/\/testwebsite.citygame.com\/fr\/games\/unknown-location\/produit-344\/\"]}]},{\"@type\":\"ImageObject\",\"inLanguage\":\"fr-FR\",\"@id\":\"https:\/\/testwebsite.citygame.com\/fr\/games\/unknown-location\/produit-344\/#primaryimage\",\"url\":\"https:\/\/testwebsite.citygame.com\/wp-content\/blogs.dir\/1\/files\/sites\/62\/2026\/01\/woman-using-phone-app-at-musee-national-de-la-marine-paris.jpg\",\"contentUrl\":\"https:\/\/testwebsite.citygame.com\/wp-content\/blogs.dir\/1\/files\/sites\/62\/2026\/01\/woman-using-phone-app-at-musee-national-de-la-marine-paris.jpg\",\"width\":1024,\"height\":1024,\"caption\":\"A woman uses a mobile app while exploring the area around a historic museum in Paris.\"},{\"@type\":\"BreadcrumbList\",\"@id\":\"https:\/\/testwebsite.citygame.com\/fr\/games\/unknown-location\/produit-344\/#breadcrumb\",\"itemListElement\":[{\"@type\":\"ListItem\",\"position\":1,\"name\":\"Home\",\"item\":\"https:\/\/testwebsite.citygame.com\/fr\/\"},{\"@type\":\"ListItem\",\"position\":2,\"name\":\"Shop\",\"item\":\"https:\/\/testwebsite.citygame.com\/shop\/\"},{\"@type\":\"ListItem\",\"position\":3,\"name\":\"Produit\"}]},{\"@type\":\"WebSite\",\"@id\":\"https:\/\/testwebsite.upevents.nl\/#website\",\"url\":\"https:\/\/testwebsite.upevents.nl\/\",\"name\":\"City Game\",\"description\":\"\",\"publisher\":{\"@id\":\"https:\/\/testwebsite.upevents.nl\/#organization\"},\"alternateName\":\"citygame.com\",\"potentialAction\":[{\"@type\":\"SearchAction\",\"target\":{\"@type\":\"EntryPoint\",\"urlTemplate\":\"https:\/\/testwebsite.upevents.nl\/?s={search_term_string}\"},\"query-input\":{\"@type\":\"PropertyValueSpecification\",\"valueRequired\":true,\"valueName\":\"search_term_string\"}}],\"inLanguage\":\"fr-FR\"},{\"@type\":[\"Organization\",\"Place\"],\"@id\":\"https:\/\/testwebsite.upevents.nl\/#organization\",\"name\":\"City Game\",\"alternateName\":\"citygame.com\",\"url\":\"https:\/\/testwebsite.upevents.nl\/\",\"logo\":{\"@id\":\"https:\/\/testwebsite.citygame.com\/fr\/games\/unknown-location\/produit-344\/#local-main-organization-logo\"},\"image\":{\"@id\":\"https:\/\/testwebsite.citygame.com\/fr\/games\/unknown-location\/produit-344\/#local-main-organization-logo\"},\"sameAs\":[\"https:\/\/www.facebook.com\/profile.php?id=100086426226253\",\"https:\/\/www.instagram.com\/citygame_com\",\"https:\/\/www.tiktok.com\/@citygamecom\/\",\"https:\/\/www.linkedin.com\/company\/citygame-com\"],\"description\":\"Turn any city into a playground with our interactive City Games and self-guided tours. Fun, flexible, and ideal for groups and team building.\",\"telephone\":[],\"openingHoursSpecification\":[{\"@type\":\"OpeningHoursSpecification\",\"dayOfWeek\":[\"Monday\",\"Tuesday\",\"Wednesday\",\"Thursday\",\"Friday\",\"Saturday\",\"Sunday\"],\"opens\":\"09:00\",\"closes\":\"17:00\"}]},{\"@type\":\"ImageObject\",\"inLanguage\":\"fr-FR\",\"@id\":\"https:\/\/testwebsite.citygame.com\/fr\/games\/unknown-location\/produit-344\/#local-main-organization-logo\",\"url\":\"https:\/\/testwebsite.citygame.com\/wp-content\/blogs.dir\/1\/files\/sites\/62\/2025\/10\/CG_LOGO-City-Game.png\",\"contentUrl\":\"https:\/\/testwebsite.citygame.com\/wp-content\/blogs.dir\/1\/files\/sites\/62\/2025\/10\/CG_LOGO-City-Game.png\",\"width\":351,\"height\":377,\"caption\":\"City Game\"}]}<\/script>\n<!-- \/ Yoast SEO Premium plugin. -->","yoast_head_json":{"title":"Produit - City Game","description":"Secrets of Paris Louvre. Jouez \u00e0 un City Game auto-guid\u00e9 et explorez la ville \u00e0 travers des \u00e9nigmes, des devinettes et des d\u00e9fis. Jouez \u00e0 votre rythme et d\u00e9couvrez comme un local !","robots":{"index":"noindex","follow":"follow","max-snippet":"max-snippet:-1","max-image-preview":"max-image-preview:large","max-video-preview":"max-video-preview:-1"},"og_locale":"fr_FR","og_type":"article","og_title":"Produit","og_description":"Secrets of Paris Louvre. Jouez \u00e0 un City Game auto-guid\u00e9 et explorez la ville \u00e0 travers des \u00e9nigmes, des devinettes et des d\u00e9fis. Jouez \u00e0 votre rythme et d\u00e9couvrez comme un local !","og_url":"https:\/\/testwebsite.citygame.com\/fr\/games\/unknown-location\/produit-344\/","og_site_name":"City Game","article_publisher":"https:\/\/www.facebook.com\/profile.php?id=100086426226253","article_modified_time":"2026-04-02T11:18:47+00:00","og_image":[{"width":1024,"height":1024,"url":"https:\/\/testwebsite.citygame.com\/wp-content\/blogs.dir\/1\/files\/sites\/62\/2026\/01\/woman-using-phone-app-at-musee-national-de-la-marine-paris.jpg","type":"image\/jpeg"}],"twitter_card":"summary_large_image","schema":{"@context":"https:\/\/schema.org","@graph":[{"@type":"WebPage","@id":"https:\/\/testwebsite.citygame.com\/fr\/games\/unknown-location\/produit-344\/","url":"https:\/\/testwebsite.citygame.com\/fr\/games\/unknown-location\/produit-344\/","name":"Produit - City Game","isPartOf":{"@id":"https:\/\/testwebsite.upevents.nl\/#website"},"primaryImageOfPage":{"@id":"https:\/\/testwebsite.citygame.com\/fr\/games\/unknown-location\/produit-344\/#primaryimage"},"image":{"@id":"https:\/\/testwebsite.citygame.com\/fr\/games\/unknown-location\/produit-344\/#primaryimage"},"thumbnailUrl":"https:\/\/testwebsite.citygame.com\/wp-content\/blogs.dir\/1\/files\/sites\/62\/2026\/01\/woman-using-phone-app-at-musee-national-de-la-marine-paris.jpg","datePublished":"2026-01-14T09:18:37+00:00","dateModified":"2026-04-02T11:18:47+00:00","description":"Secrets of Paris Louvre. Jouez \u00e0 un City Game auto-guid\u00e9 et explorez la ville \u00e0 travers des \u00e9nigmes, des devinettes et des d\u00e9fis. Jouez \u00e0 votre rythme et d\u00e9couvrez comme un local !","breadcrumb":{"@id":"https:\/\/testwebsite.citygame.com\/fr\/games\/unknown-location\/produit-344\/#breadcrumb"},"inLanguage":"fr-FR","potentialAction":[{"@type":"ReadAction","target":["https:\/\/testwebsite.citygame.com\/fr\/games\/unknown-location\/produit-344\/"]}]},{"@type":"ImageObject","inLanguage":"fr-FR","@id":"https:\/\/testwebsite.citygame.com\/fr\/games\/unknown-location\/produit-344\/#primaryimage","url":"https:\/\/testwebsite.citygame.com\/wp-content\/blogs.dir\/1\/files\/sites\/62\/2026\/01\/woman-using-phone-app-at-musee-national-de-la-marine-paris.jpg","contentUrl":"https:\/\/testwebsite.citygame.com\/wp-content\/blogs.dir\/1\/files\/sites\/62\/2026\/01\/woman-using-phone-app-at-musee-national-de-la-marine-paris.jpg","width":1024,"height":1024,"caption":"A woman uses a mobile app while exploring the area around a historic museum in Paris."},{"@type":"BreadcrumbList","@id":"https:\/\/testwebsite.citygame.com\/fr\/games\/unknown-location\/produit-344\/#breadcrumb","itemListElement":[{"@type":"ListItem","position":1,"name":"Home","item":"https:\/\/testwebsite.citygame.com\/fr\/"},{"@type":"ListItem","position":2,"name":"Shop","item":"https:\/\/testwebsite.citygame.com\/shop\/"},{"@type":"ListItem","position":3,"name":"Produit"}]},{"@type":"WebSite","@id":"https:\/\/testwebsite.upevents.nl\/#website","url":"https:\/\/testwebsite.upevents.nl\/","name":"City Game","description":"","publisher":{"@id":"https:\/\/testwebsite.upevents.nl\/#organization"},"alternateName":"citygame.com","potentialAction":[{"@type":"SearchAction","target":{"@type":"EntryPoint","urlTemplate":"https:\/\/testwebsite.upevents.nl\/?s={search_term_string}"},"query-input":{"@type":"PropertyValueSpecification","valueRequired":true,"valueName":"search_term_string"}}],"inLanguage":"fr-FR"},{"@type":["Organization","Place"],"@id":"https:\/\/testwebsite.upevents.nl\/#organization","name":"City Game","alternateName":"citygame.com","url":"https:\/\/testwebsite.upevents.nl\/","logo":{"@id":"https:\/\/testwebsite.citygame.com\/fr\/games\/unknown-location\/produit-344\/#local-main-organization-logo"},"image":{"@id":"https:\/\/testwebsite.citygame.com\/fr\/games\/unknown-location\/produit-344\/#local-main-organization-logo"},"sameAs":["https:\/\/www.facebook.com\/profile.php?id=100086426226253","https:\/\/www.instagram.com\/citygame_com","https:\/\/www.tiktok.com\/@citygamecom\/","https:\/\/www.linkedin.com\/company\/citygame-com"],"description":"Turn any city into a playground with our interactive City Games and self-guided tours. Fun, flexible, and ideal for groups and team building.","telephone":[],"openingHoursSpecification":[{"@type":"OpeningHoursSpecification","dayOfWeek":["Monday","Tuesday","Wednesday","Thursday","Friday","Saturday","Sunday"],"opens":"09:00","closes":"17:00"}]},{"@type":"ImageObject","inLanguage":"fr-FR","@id":"https:\/\/testwebsite.citygame.com\/fr\/games\/unknown-location\/produit-344\/#local-main-organization-logo","url":"https:\/\/testwebsite.citygame.com\/wp-content\/blogs.dir\/1\/files\/sites\/62\/2025\/10\/CG_LOGO-City-Game.png","contentUrl":"https:\/\/testwebsite.citygame.com\/wp-content\/blogs.dir\/1\/files\/sites\/62\/2025\/10\/CG_LOGO-City-Game.png","width":351,"height":377,"caption":"City Game"}]}},"taxonomy_info":{"game-concept":[{"value":36,"label":"Secrets"}],"product_cat":[{"value":663,"label":"Non class\u00e9"}]},"featured_image_src_large":["https:\/\/testwebsite.citygame.com\/wp-content\/blogs.dir\/1\/files\/sites\/62\/2026\/01\/woman-using-phone-app-at-musee-national-de-la-marine-paris.jpg",1024,1024,false],"author_info":[],"comment_info":"","_links":{"self":[{"href":"https:\/\/testwebsite.citygame.com\/fr\/wp-json\/wp\/v2\/product\/39868","targetHints":{"allow":["GET"]}}],"collection":[{"href":"https:\/\/testwebsite.citygame.com\/fr\/wp-json\/wp\/v2\/product"}],"about":[{"href":"https:\/\/testwebsite.citygame.com\/fr\/wp-json\/wp\/v2\/types\/product"}],"acf:post":[{"embeddable":true,"href":"https:\/\/testwebsite.citygame.com\/fr\/wp-json\/wp\/v2\/pages\/7295"}],"wp:featuredmedia":[{"embeddable":true,"href":"https:\/\/testwebsite.citygame.com\/fr\/wp-json\/wp\/v2\/media\/4003"}],"wp:attachment":[{"href":"https:\/\/testwebsite.citygame.com\/fr\/wp-json\/wp\/v2\/media?parent=39868"}],"wp:term":[{"taxonomy":"game-concept","embeddable":true,"href":"https:\/\/testwebsite.citygame.com\/fr\/wp-json\/wp\/v2\/game-concept?post=39868"},{"taxonomy":"location","embeddable":true,"href":"https:\/\/testwebsite.citygame.com\/fr\/wp-json\/wp\/v2\/location?post=39868"},{"taxonomy":"product_brand","embeddable":true,"href":"https:\/\/testwebsite.citygame.com\/fr\/wp-json\/wp\/v2\/product_brand?post=39868"},{"taxonomy":"product_cat","embeddable":true,"href":"https:\/\/testwebsite.citygame.com\/fr\/wp-json\/wp\/v2\/product_cat?post=39868"},{"taxonomy":"product_tag","embeddable":true,"href":"https:\/\/testwebsite.citygame.com\/fr\/wp-json\/wp\/v2\/product_tag?post=39868"}],"curies":[{"name":"wp","href":"https:\/\/api.w.org\/{rel}","templated":true}]}}