{"id":37792,"date":"2026-02-16T08:42:48","date_gmt":"2026-02-16T08:42:48","guid":{"rendered":"https:\/\/testwebsite.citygame.com\/games\/unknown-location\/produit-315\/"},"modified":"2026-04-02T05:20:59","modified_gmt":"2026-04-02T05:20:59","slug":"produit-315","status":"publish","type":"product","link":"https:\/\/testwebsite.citygame.com\/fr\/games\/unknown-location\/produit-315\/","title":{"rendered":"Produit"},"content":{"rendered":"","protected":false},"excerpt":{"rendered":"","protected":false},"featured_media":14240,"template":"","meta":{"_acf_changed":false,"_yoast_wpseo_focuskw":"The Lubeck Syndicate","_yoast_wpseo_metadesc":"The Lubeck Syndicate. Jouez \u00e0 un City Escape Game auto-guid\u00e9, r\u00e9solvez des \u00e9nigmes, accomplissez des missions et r\u00e9cup\u00e9rez les formules vol\u00e9es \u00e0 votre propre rythme !","_kad_blocks_custom_css":"","_kad_blocks_head_custom_js":"","_kad_blocks_body_custom_js":"","_kad_blocks_footer_custom_js":"","ghostkit_customizer_options":"","ghostkit_custom_css":"","ghostkit_custom_js_head":"","ghostkit_custom_js_foot":"","ghostkit_typography":"","_kad_post_transparent":"","_kad_post_title":"","_kad_post_layout":"","_kad_post_sidebar_id":"","_kad_post_content_style":"","_kad_post_vertical_padding":"","_kad_post_feature":"","_kad_post_feature_position":"","_kad_post_header":false,"_kad_post_footer":false,"_kad_post_classname":"","_links_to":"","_links_to_target":""},"game-concept":[37],"location":[],"product_brand":[],"product_cat":[663],"product_tag":[],"class_list":{"0":"post-37792","1":"product","2":"type-product","3":"status-publish","4":"has-post-thumbnail","6":"game-concept-syndicate","7":"product_cat-non-classe","9":"first","10":"instock","11":"shipping-taxable","12":"purchasable","13":"product-type-simple","14":"entry","15":"content-bg","16":"loop-entry"},"acf":{"full_bokun_product_name":"Self-Guided The Lubeck Syndicate City Escape Game","location_name":"Lubeck","bokun_calendar_widget_code":"<script type=\"text\/javascript\" src=\"https:\/\/widgets.bokun.io\/assets\/javascripts\/apps\/build\/BokunWidgetsLoader.js?bookingChannelUUID=a1e93e96-5232-4734-a595-28405f4b5a31\" async><\/script>\n     \n    <div class=\"bokunWidget\" data-src=\"https:\/\/widgets.bokun.io\/online-sales\/a1e93e96-5232-4734-a595-28405f4b5a31\/experience-calendar\/875815\"><\/div>\n    <noscript>Please enable javascript in your browser to book<\/noscript>","bokun_button_widget_code":"<script type=\"text\/javascript\" src=\"https:\/\/widgets.bokun.io\/assets\/javascripts\/apps\/build\/BokunWidgetsLoader.js?bookingChannelUUID=a1e93e96-5232-4734-a595-28405f4b5a31\" async><\/script>\n      <style> #bokun_ed001e45_5927_4f62_b470_ca766338d083 { display: inline-block; padding: .4em 1em; background: #47b82e; border-radius: 999999px; box-shadow: none; font-weight: 600; font-size: 24px; text-decoration: none; text-align: center; color: #FFFFFF; border:none; cursor: pointer; transition: background .2s ease; } #bokun_ed001e45_5927_4f62_b470_ca766338d083:hover{ background: #2f7b1f; } #bokun_ed001e45_5927_4f62_b470_ca766338d083:active{ background: #378f24; } <\/style> <button class=\"bokunButton\" disabled id=bokun_ed001e45_5927_4f62_b470_ca766338d083 data-src=\"https:\/\/widgets.bokun.io\/online-sales\/a1e93e96-5232-4734-a595-28405f4b5a31\/experience-calendar\/875815?partialView=1\" data-testid=\"widget-book-button\" > Book now <\/button> ","what_you\u2019ll_experience_during_the_game":"Plong\u00e9s dans une mission d'\u00e9vasion \u00e0 haut risque \u00e0 travers les rues de Lubeck, vous et votre \u00e9quipe devez d\u00e9couvrir des indices, d\u00e9jouer vos rivaux et traquer l'insaisissable Magnus avant que sa piste ne se refroidisse. L'op\u00e9ration se d\u00e9roule pas \u00e0 pas au fur et \u00e0 mesure que vous traversez la ville, chaque lieu r\u00e9v\u00e9lant de nouvelles couches de l'histoire et une autre formule vol\u00e9e \u00e0 r\u00e9cup\u00e9rer.\n\nVotre objectif : r\u00e9cup\u00e9rer six formules scientifiques vol\u00e9es que Magnus a cach\u00e9es \u00e0 travers Lubeck. En chemin, vous ferez face \u00e0 des \u00e9nigmes logiques, des messages cod\u00e9s et des d\u00e9fis chronom\u00e9tr\u00e9s qui exigent une communication claire et une prise de d\u00e9cision intelligente. Chaque t\u00e2che est tiss\u00e9e dans le r\u00e9cit de la mission, cr\u00e9ant une exp\u00e9rience enti\u00e8rement ax\u00e9e sur l'histoire o\u00f9 le travail d'\u00e9quipe est essentiel. Le jeu vous permet de faire une pause entre les \u00e9tapes et de continuer selon votre propre emploi du temps, vous assurant de garder le contr\u00f4le du rythme \u00e0 mesure que vous d\u00e9m\u00ealez cette op\u00e9ration urbaine en cours.","how_to_play":"R\u00e9servez le City Game, v\u00e9rifiez l'e-mail que nous vous envoyons avec les instructions, t\u00e9l\u00e9chargez l'application Loquiz et commencez votre exp\u00e9rience de jeu !","start_location":"Lubeck, Markt","available_languages":["en"],"players_per_group":"1-4","duration":"1.5-2 hours","image_overlay_color_image":"https:\/\/testwebsite.citygame.com\/wp-content\/blogs.dir\/1\/files\/sites\/62\/2026\/01\/SyndicateColor.svg","image_overlay_game_logo":"https:\/\/testwebsite.citygame.com\/wp-content\/blogs.dir\/1\/files\/sites\/62\/2026\/01\/SyndicateLogo.png","city_page":12917,"woocommerce_general_content":null},"yoast_head":"<!-- This site is optimized with the Yoast SEO Premium plugin v26.2 (Yoast SEO v26.3) - https:\/\/yoast.com\/wordpress\/plugins\/seo\/ -->\n<title>Produit - City Game<\/title>\n<meta name=\"description\" content=\"The Lubeck Syndicate. Jouez \u00e0 un City Escape Game auto-guid\u00e9, r\u00e9solvez des \u00e9nigmes, accomplissez des missions et r\u00e9cup\u00e9rez les formules vol\u00e9es \u00e0 votre propre rythme !\" \/>\n<meta name=\"robots\" content=\"noindex, follow, max-snippet:-1, max-image-preview:large, max-video-preview:-1\" \/>\n<meta property=\"og:locale\" content=\"fr_FR\" \/>\n<meta property=\"og:type\" content=\"article\" \/>\n<meta property=\"og:title\" content=\"Produit\" \/>\n<meta property=\"og:description\" content=\"The Lubeck Syndicate. Jouez \u00e0 un City Escape Game auto-guid\u00e9, r\u00e9solvez des \u00e9nigmes, accomplissez des missions et r\u00e9cup\u00e9rez les formules vol\u00e9es \u00e0 votre propre rythme !\" \/>\n<meta property=\"og:url\" content=\"https:\/\/testwebsite.citygame.com\/fr\/games\/unknown-location\/produit-315\/\" \/>\n<meta property=\"og:site_name\" content=\"City Game\" \/>\n<meta property=\"article:publisher\" content=\"https:\/\/www.facebook.com\/profile.php?id=100086426226253\" \/>\n<meta property=\"article:modified_time\" content=\"2026-04-02T05:20:59+00:00\" \/>\n<meta property=\"og:image\" content=\"https:\/\/testwebsite.citygame.com\/wp-content\/blogs.dir\/1\/files\/sites\/62\/2026\/02\/man-using-phone-on-street-in-lubeck-germany.jpg\" \/>\n\t<meta property=\"og:image:width\" content=\"1024\" \/>\n\t<meta property=\"og:image:height\" content=\"1024\" \/>\n\t<meta property=\"og:image:type\" content=\"image\/jpeg\" \/>\n<meta name=\"twitter:card\" content=\"summary_large_image\" \/>\n<script type=\"application\/ld+json\" class=\"yoast-schema-graph\">{\"@context\":\"https:\/\/schema.org\",\"@graph\":[{\"@type\":\"WebPage\",\"@id\":\"https:\/\/testwebsite.citygame.com\/fr\/games\/unknown-location\/produit-315\/\",\"url\":\"https:\/\/testwebsite.citygame.com\/fr\/games\/unknown-location\/produit-315\/\",\"name\":\"Produit - City Game\",\"isPartOf\":{\"@id\":\"https:\/\/testwebsite.upevents.nl\/#website\"},\"primaryImageOfPage\":{\"@id\":\"https:\/\/testwebsite.citygame.com\/fr\/games\/unknown-location\/produit-315\/#primaryimage\"},\"image\":{\"@id\":\"https:\/\/testwebsite.citygame.com\/fr\/games\/unknown-location\/produit-315\/#primaryimage\"},\"thumbnailUrl\":\"https:\/\/testwebsite.citygame.com\/wp-content\/blogs.dir\/1\/files\/sites\/62\/2026\/02\/man-using-phone-on-street-in-lubeck-germany.jpg\",\"datePublished\":\"2026-02-16T08:42:48+00:00\",\"dateModified\":\"2026-04-02T05:20:59+00:00\",\"description\":\"The Lubeck Syndicate. Jouez \u00e0 un City Escape Game auto-guid\u00e9, r\u00e9solvez des \u00e9nigmes, accomplissez des missions et r\u00e9cup\u00e9rez les formules vol\u00e9es \u00e0 votre propre rythme !\",\"breadcrumb\":{\"@id\":\"https:\/\/testwebsite.citygame.com\/fr\/games\/unknown-location\/produit-315\/#breadcrumb\"},\"inLanguage\":\"fr-FR\",\"potentialAction\":[{\"@type\":\"ReadAction\",\"target\":[\"https:\/\/testwebsite.citygame.com\/fr\/games\/unknown-location\/produit-315\/\"]}]},{\"@type\":\"ImageObject\",\"inLanguage\":\"fr-FR\",\"@id\":\"https:\/\/testwebsite.citygame.com\/fr\/games\/unknown-location\/produit-315\/#primaryimage\",\"url\":\"https:\/\/testwebsite.citygame.com\/wp-content\/blogs.dir\/1\/files\/sites\/62\/2026\/02\/man-using-phone-on-street-in-lubeck-germany.jpg\",\"contentUrl\":\"https:\/\/testwebsite.citygame.com\/wp-content\/blogs.dir\/1\/files\/sites\/62\/2026\/02\/man-using-phone-on-street-in-lubeck-germany.jpg\",\"width\":1024,\"height\":1024,\"caption\":\"A person navigates a historic street in L\u00fcbeck, Germany, with a mobile phone.\"},{\"@type\":\"BreadcrumbList\",\"@id\":\"https:\/\/testwebsite.citygame.com\/fr\/games\/unknown-location\/produit-315\/#breadcrumb\",\"itemListElement\":[{\"@type\":\"ListItem\",\"position\":1,\"name\":\"Home\",\"item\":\"https:\/\/testwebsite.citygame.com\/fr\/\"},{\"@type\":\"ListItem\",\"position\":2,\"name\":\"Shop\",\"item\":\"https:\/\/testwebsite.citygame.com\/shop\/\"},{\"@type\":\"ListItem\",\"position\":3,\"name\":\"Produit\"}]},{\"@type\":\"WebSite\",\"@id\":\"https:\/\/testwebsite.upevents.nl\/#website\",\"url\":\"https:\/\/testwebsite.upevents.nl\/\",\"name\":\"City Game\",\"description\":\"\",\"publisher\":{\"@id\":\"https:\/\/testwebsite.upevents.nl\/#organization\"},\"alternateName\":\"citygame.com\",\"potentialAction\":[{\"@type\":\"SearchAction\",\"target\":{\"@type\":\"EntryPoint\",\"urlTemplate\":\"https:\/\/testwebsite.upevents.nl\/?s={search_term_string}\"},\"query-input\":{\"@type\":\"PropertyValueSpecification\",\"valueRequired\":true,\"valueName\":\"search_term_string\"}}],\"inLanguage\":\"fr-FR\"},{\"@type\":[\"Organization\",\"Place\"],\"@id\":\"https:\/\/testwebsite.upevents.nl\/#organization\",\"name\":\"City Game\",\"alternateName\":\"citygame.com\",\"url\":\"https:\/\/testwebsite.upevents.nl\/\",\"logo\":{\"@id\":\"https:\/\/testwebsite.citygame.com\/fr\/games\/unknown-location\/produit-315\/#local-main-organization-logo\"},\"image\":{\"@id\":\"https:\/\/testwebsite.citygame.com\/fr\/games\/unknown-location\/produit-315\/#local-main-organization-logo\"},\"sameAs\":[\"https:\/\/www.facebook.com\/profile.php?id=100086426226253\",\"https:\/\/www.instagram.com\/citygame_com\",\"https:\/\/www.tiktok.com\/@citygamecom\/\",\"https:\/\/www.linkedin.com\/company\/citygame-com\"],\"description\":\"Turn any city into a playground with our interactive City Games and self-guided tours. Fun, flexible, and ideal for groups and team building.\",\"telephone\":[],\"openingHoursSpecification\":[{\"@type\":\"OpeningHoursSpecification\",\"dayOfWeek\":[\"Monday\",\"Tuesday\",\"Wednesday\",\"Thursday\",\"Friday\",\"Saturday\",\"Sunday\"],\"opens\":\"09:00\",\"closes\":\"17:00\"}]},{\"@type\":\"ImageObject\",\"inLanguage\":\"fr-FR\",\"@id\":\"https:\/\/testwebsite.citygame.com\/fr\/games\/unknown-location\/produit-315\/#local-main-organization-logo\",\"url\":\"https:\/\/testwebsite.citygame.com\/wp-content\/blogs.dir\/1\/files\/sites\/62\/2025\/10\/CG_LOGO-City-Game.png\",\"contentUrl\":\"https:\/\/testwebsite.citygame.com\/wp-content\/blogs.dir\/1\/files\/sites\/62\/2025\/10\/CG_LOGO-City-Game.png\",\"width\":351,\"height\":377,\"caption\":\"City Game\"}]}<\/script>\n<!-- \/ Yoast SEO Premium plugin. -->","yoast_head_json":{"title":"Produit - City Game","description":"The Lubeck Syndicate. Jouez \u00e0 un City Escape Game auto-guid\u00e9, r\u00e9solvez des \u00e9nigmes, accomplissez des missions et r\u00e9cup\u00e9rez les formules vol\u00e9es \u00e0 votre propre rythme !","robots":{"index":"noindex","follow":"follow","max-snippet":"max-snippet:-1","max-image-preview":"max-image-preview:large","max-video-preview":"max-video-preview:-1"},"og_locale":"fr_FR","og_type":"article","og_title":"Produit","og_description":"The Lubeck Syndicate. Jouez \u00e0 un City Escape Game auto-guid\u00e9, r\u00e9solvez des \u00e9nigmes, accomplissez des missions et r\u00e9cup\u00e9rez les formules vol\u00e9es \u00e0 votre propre rythme !","og_url":"https:\/\/testwebsite.citygame.com\/fr\/games\/unknown-location\/produit-315\/","og_site_name":"City Game","article_publisher":"https:\/\/www.facebook.com\/profile.php?id=100086426226253","article_modified_time":"2026-04-02T05:20:59+00:00","og_image":[{"width":1024,"height":1024,"url":"https:\/\/testwebsite.citygame.com\/wp-content\/blogs.dir\/1\/files\/sites\/62\/2026\/02\/man-using-phone-on-street-in-lubeck-germany.jpg","type":"image\/jpeg"}],"twitter_card":"summary_large_image","schema":{"@context":"https:\/\/schema.org","@graph":[{"@type":"WebPage","@id":"https:\/\/testwebsite.citygame.com\/fr\/games\/unknown-location\/produit-315\/","url":"https:\/\/testwebsite.citygame.com\/fr\/games\/unknown-location\/produit-315\/","name":"Produit - City Game","isPartOf":{"@id":"https:\/\/testwebsite.upevents.nl\/#website"},"primaryImageOfPage":{"@id":"https:\/\/testwebsite.citygame.com\/fr\/games\/unknown-location\/produit-315\/#primaryimage"},"image":{"@id":"https:\/\/testwebsite.citygame.com\/fr\/games\/unknown-location\/produit-315\/#primaryimage"},"thumbnailUrl":"https:\/\/testwebsite.citygame.com\/wp-content\/blogs.dir\/1\/files\/sites\/62\/2026\/02\/man-using-phone-on-street-in-lubeck-germany.jpg","datePublished":"2026-02-16T08:42:48+00:00","dateModified":"2026-04-02T05:20:59+00:00","description":"The Lubeck Syndicate. Jouez \u00e0 un City Escape Game auto-guid\u00e9, r\u00e9solvez des \u00e9nigmes, accomplissez des missions et r\u00e9cup\u00e9rez les formules vol\u00e9es \u00e0 votre propre rythme !","breadcrumb":{"@id":"https:\/\/testwebsite.citygame.com\/fr\/games\/unknown-location\/produit-315\/#breadcrumb"},"inLanguage":"fr-FR","potentialAction":[{"@type":"ReadAction","target":["https:\/\/testwebsite.citygame.com\/fr\/games\/unknown-location\/produit-315\/"]}]},{"@type":"ImageObject","inLanguage":"fr-FR","@id":"https:\/\/testwebsite.citygame.com\/fr\/games\/unknown-location\/produit-315\/#primaryimage","url":"https:\/\/testwebsite.citygame.com\/wp-content\/blogs.dir\/1\/files\/sites\/62\/2026\/02\/man-using-phone-on-street-in-lubeck-germany.jpg","contentUrl":"https:\/\/testwebsite.citygame.com\/wp-content\/blogs.dir\/1\/files\/sites\/62\/2026\/02\/man-using-phone-on-street-in-lubeck-germany.jpg","width":1024,"height":1024,"caption":"A person navigates a historic street in L\u00fcbeck, Germany, with a mobile phone."},{"@type":"BreadcrumbList","@id":"https:\/\/testwebsite.citygame.com\/fr\/games\/unknown-location\/produit-315\/#breadcrumb","itemListElement":[{"@type":"ListItem","position":1,"name":"Home","item":"https:\/\/testwebsite.citygame.com\/fr\/"},{"@type":"ListItem","position":2,"name":"Shop","item":"https:\/\/testwebsite.citygame.com\/shop\/"},{"@type":"ListItem","position":3,"name":"Produit"}]},{"@type":"WebSite","@id":"https:\/\/testwebsite.upevents.nl\/#website","url":"https:\/\/testwebsite.upevents.nl\/","name":"City Game","description":"","publisher":{"@id":"https:\/\/testwebsite.upevents.nl\/#organization"},"alternateName":"citygame.com","potentialAction":[{"@type":"SearchAction","target":{"@type":"EntryPoint","urlTemplate":"https:\/\/testwebsite.upevents.nl\/?s={search_term_string}"},"query-input":{"@type":"PropertyValueSpecification","valueRequired":true,"valueName":"search_term_string"}}],"inLanguage":"fr-FR"},{"@type":["Organization","Place"],"@id":"https:\/\/testwebsite.upevents.nl\/#organization","name":"City Game","alternateName":"citygame.com","url":"https:\/\/testwebsite.upevents.nl\/","logo":{"@id":"https:\/\/testwebsite.citygame.com\/fr\/games\/unknown-location\/produit-315\/#local-main-organization-logo"},"image":{"@id":"https:\/\/testwebsite.citygame.com\/fr\/games\/unknown-location\/produit-315\/#local-main-organization-logo"},"sameAs":["https:\/\/www.facebook.com\/profile.php?id=100086426226253","https:\/\/www.instagram.com\/citygame_com","https:\/\/www.tiktok.com\/@citygamecom\/","https:\/\/www.linkedin.com\/company\/citygame-com"],"description":"Turn any city into a playground with our interactive City Games and self-guided tours. Fun, flexible, and ideal for groups and team building.","telephone":[],"openingHoursSpecification":[{"@type":"OpeningHoursSpecification","dayOfWeek":["Monday","Tuesday","Wednesday","Thursday","Friday","Saturday","Sunday"],"opens":"09:00","closes":"17:00"}]},{"@type":"ImageObject","inLanguage":"fr-FR","@id":"https:\/\/testwebsite.citygame.com\/fr\/games\/unknown-location\/produit-315\/#local-main-organization-logo","url":"https:\/\/testwebsite.citygame.com\/wp-content\/blogs.dir\/1\/files\/sites\/62\/2025\/10\/CG_LOGO-City-Game.png","contentUrl":"https:\/\/testwebsite.citygame.com\/wp-content\/blogs.dir\/1\/files\/sites\/62\/2025\/10\/CG_LOGO-City-Game.png","width":351,"height":377,"caption":"City Game"}]}},"taxonomy_info":{"game-concept":[{"value":37,"label":"Syndicate"}],"product_cat":[{"value":663,"label":"Non class\u00e9"}]},"featured_image_src_large":["https:\/\/testwebsite.citygame.com\/wp-content\/blogs.dir\/1\/files\/sites\/62\/2026\/02\/man-using-phone-on-street-in-lubeck-germany.jpg",1024,1024,false],"author_info":[],"comment_info":"","_links":{"self":[{"href":"https:\/\/testwebsite.citygame.com\/fr\/wp-json\/wp\/v2\/product\/37792","targetHints":{"allow":["GET"]}}],"collection":[{"href":"https:\/\/testwebsite.citygame.com\/fr\/wp-json\/wp\/v2\/product"}],"about":[{"href":"https:\/\/testwebsite.citygame.com\/fr\/wp-json\/wp\/v2\/types\/product"}],"acf:post":[{"embeddable":true,"href":"https:\/\/testwebsite.citygame.com\/fr\/wp-json\/wp\/v2\/pages\/12917"}],"wp:featuredmedia":[{"embeddable":true,"href":"https:\/\/testwebsite.citygame.com\/fr\/wp-json\/wp\/v2\/media\/14240"}],"wp:attachment":[{"href":"https:\/\/testwebsite.citygame.com\/fr\/wp-json\/wp\/v2\/media?parent=37792"}],"wp:term":[{"taxonomy":"game-concept","embeddable":true,"href":"https:\/\/testwebsite.citygame.com\/fr\/wp-json\/wp\/v2\/game-concept?post=37792"},{"taxonomy":"location","embeddable":true,"href":"https:\/\/testwebsite.citygame.com\/fr\/wp-json\/wp\/v2\/location?post=37792"},{"taxonomy":"product_brand","embeddable":true,"href":"https:\/\/testwebsite.citygame.com\/fr\/wp-json\/wp\/v2\/product_brand?post=37792"},{"taxonomy":"product_cat","embeddable":true,"href":"https:\/\/testwebsite.citygame.com\/fr\/wp-json\/wp\/v2\/product_cat?post=37792"},{"taxonomy":"product_tag","embeddable":true,"href":"https:\/\/testwebsite.citygame.com\/fr\/wp-json\/wp\/v2\/product_tag?post=37792"}],"curies":[{"name":"wp","href":"https:\/\/api.w.org\/{rel}","templated":true}]}}