{"id":34461,"date":"2026-01-12T08:55:54","date_gmt":"2026-01-12T08:55:54","guid":{"rendered":"https:\/\/testwebsite.citygame.com\/games\/unknown-location\/produit-255\/"},"modified":"2026-04-01T18:27:48","modified_gmt":"2026-04-01T18:27:48","slug":"produit-255","status":"publish","type":"product","link":"https:\/\/testwebsite.citygame.com\/fr\/games\/unknown-location\/produit-255\/","title":{"rendered":"Produit"},"content":{"rendered":"","protected":false},"excerpt":{"rendered":"","protected":false},"featured_media":2062,"template":"","meta":{"_acf_changed":false,"_yoast_wpseo_focuskw":"The Haarlem Syndicate","_yoast_wpseo_metadesc":"The Haarlem Syndicate. Jouez \u00e0 un jeu d'\u00e9vasion urbain autonome, r\u00e9solvez des \u00e9nigmes, accomplissez des missions et r\u00e9cup\u00e9rez les formules vol\u00e9es \u00e0 votre propre rythme !","_kad_blocks_custom_css":"","_kad_blocks_head_custom_js":"","_kad_blocks_body_custom_js":"","_kad_blocks_footer_custom_js":"","ghostkit_customizer_options":"","ghostkit_custom_css":"","ghostkit_custom_js_head":"","ghostkit_custom_js_foot":"","ghostkit_typography":"","_kad_post_transparent":"default","_kad_post_title":"","_kad_post_layout":"default","_kad_post_sidebar_id":"","_kad_post_content_style":"default","_kad_post_vertical_padding":"default","_kad_post_feature":"","_kad_post_feature_position":"","_kad_post_header":false,"_kad_post_footer":false,"_kad_post_classname":"","_links_to":"","_links_to_target":""},"game-concept":[37],"location":[],"product_brand":[],"product_cat":[663],"product_tag":[],"class_list":{"0":"post-34461","1":"product","2":"type-product","3":"status-publish","4":"has-post-thumbnail","6":"game-concept-syndicate","7":"product_cat-non-classe","9":"first","10":"instock","11":"virtual","12":"purchasable","13":"product-type-simple","14":"entry","15":"content-bg","16":"loop-entry"},"acf":{"full_bokun_product_name":"Self-Guided The Haarlem Syndicate City Escape Game","location_name":"Haarlem","bokun_calendar_widget_code":"<script type=\"text\/javascript\" src=\"https:\/\/widgets.bokun.io\/assets\/javascripts\/apps\/build\/BokunWidgetsLoader.js?bookingChannelUUID=a1e93e96-5232-4734-a595-28405f4b5a31\" async><\/script>\r\n     \r\n    <div class=\"bokunWidget\" data-src=\"https:\/\/widgets.bokun.io\/online-sales\/a1e93e96-5232-4734-a595-28405f4b5a31\/experience-calendar\/751001\"><\/div>\r\n    <noscript>Please enable javascript in your browser to book<\/noscript>\r\n","bokun_button_widget_code":"<script type=\"text\/javascript\" src=\"https:\/\/widgets.bokun.io\/assets\/javascripts\/apps\/build\/BokunWidgetsLoader.js?bookingChannelUUID=a1e93e96-5232-4734-a595-28405f4b5a31\" async><\/script>\r\n      <style> #bokun_bb822557_429a_496b_a8cf_f0981150f392 { display: inline-block; padding: 10px 20px; background: #408C3D; border-radius: 5px; box-shadow: none; font-weight: 600; font-size: 16px; text-decoration: none; text-align: center; color: #FFFFFF; border:none; cursor: pointer; transition: background .2s ease; } #bokun_bb822557_429a_496b_a8cf_f0981150f392:hover{ background: #285726; } #bokun_bb822557_429a_496b_a8cf_f0981150f392:active{ background: #30682e; } <\/style> <button class=\"bokunButton\" disabled id=bokun_bb822557_429a_496b_a8cf_f0981150f392 data-src=\"https:\/\/widgets.bokun.io\/online-sales\/a1e93e96-5232-4734-a595-28405f4b5a31\/experience-calendar\/751001?partialView=1\" data-testid=\"widget-book-button\" > Book now <\/button> ","what_you\u2019ll_experience_during_the_game":"Pendant The Haarlem Syndicate, vous \u00eates plong\u00e9 dans une mission d'\u00e9vasion \u00e0 hauts enjeux qui se d\u00e9roule au fur et \u00e0 mesure que vous traversez la ville. Pas \u00e0 pas, vous travaillez ensemble pour traquer un dangereux alchimiste nomm\u00e9 Magnus et r\u00e9cup\u00e9rer les six formules vol\u00e9es avant que le temps ne soit \u00e9coul\u00e9. En chemin, vous r\u00e9solvez des \u00e9nigmes stimulantes, d\u00e9chiffrez des codes et accomplissez des t\u00e2ches cr\u00e9atives qui r\u00e9v\u00e8lent de nouvelles parties de l'histoire et vous rapprochent de l'ach\u00e8vement de la mission.\r\n\r\nL'exp\u00e9rience est enti\u00e8rement ax\u00e9e sur l'histoire et met l'accent sur le travail d'\u00e9quipe et la prise de d\u00e9cision. Chaque t\u00e2che vous pousse \u00e0 penser strat\u00e9giquement, \u00e0 communiquer clairement et \u00e0 agir rapidement sous pression. Vous \u00eates libre de mettre le jeu en pause quand vous le souhaitez et de continuer \u00e0 votre propre rythme, faisant de ce jeu d'\u00e9vasion urbain \u00e0 Haarlem une aventure passionnante et flexible du d\u00e9but \u00e0 la fin.","how_to_play":"Apr\u00e8s avoir r\u00e9serv\u00e9 The Haarlem Syndicate, vous recevrez un e-mail avec vos identifiants de connexion et des instructions claires. Le jour o\u00f9 vous souhaitez jouer, rendez-vous au point de d\u00e9part indiqu\u00e9 \u00e0 Haarlem, connectez-vous sur votre smartphone et commencez la mission. Au fur et \u00e0 mesure que l'histoire se d\u00e9roule, vous travaillez ensemble pour accomplir des t\u00e2ches, r\u00e9soudre des \u00e9nigmes et r\u00e9cup\u00e9rer les formules vol\u00e9es, avec la libert\u00e9 de mettre le jeu en pause et de continuer quand cela vous convient.","start_location":"Haarlem, Grote Markt","available_languages":["en","nl"],"players_per_group":"1-4","duration":"1.5-2 hours","image_overlay_color_image":"https:\/\/testwebsite.citygame.com\/wp-content\/blogs.dir\/1\/files\/sites\/62\/2026\/01\/SyndicateColor.svg","image_overlay_game_logo":"https:\/\/testwebsite.citygame.com\/wp-content\/blogs.dir\/1\/files\/sites\/62\/2026\/01\/SyndicateLogo.png","city_page":1778,"woocommerce_general_content":null},"yoast_head":"<!-- This site is optimized with the Yoast SEO Premium plugin v26.2 (Yoast SEO v26.3) - https:\/\/yoast.com\/wordpress\/plugins\/seo\/ -->\n<title>Produit - City Game<\/title>\n<meta name=\"description\" content=\"The Haarlem Syndicate. Jouez \u00e0 un jeu d&#039;\u00e9vasion urbain autonome, r\u00e9solvez des \u00e9nigmes, accomplissez des missions et r\u00e9cup\u00e9rez les formules vol\u00e9es \u00e0 votre propre rythme !\" \/>\n<meta name=\"robots\" content=\"noindex, follow, max-snippet:-1, max-image-preview:large, max-video-preview:-1\" \/>\n<meta property=\"og:locale\" content=\"fr_FR\" \/>\n<meta property=\"og:type\" content=\"article\" \/>\n<meta property=\"og:title\" content=\"Produit\" \/>\n<meta property=\"og:description\" content=\"The Haarlem Syndicate. Jouez \u00e0 un jeu d&#039;\u00e9vasion urbain autonome, r\u00e9solvez des \u00e9nigmes, accomplissez des missions et r\u00e9cup\u00e9rez les formules vol\u00e9es \u00e0 votre propre rythme !\" \/>\n<meta property=\"og:url\" content=\"https:\/\/testwebsite.citygame.com\/fr\/games\/unknown-location\/produit-255\/\" \/>\n<meta property=\"og:site_name\" content=\"City Game\" \/>\n<meta property=\"article:publisher\" content=\"https:\/\/www.facebook.com\/profile.php?id=100086426226253\" \/>\n<meta property=\"article:modified_time\" content=\"2026-04-01T18:27:48+00:00\" \/>\n<meta property=\"og:image\" content=\"https:\/\/testwebsite.citygame.com\/wp-content\/blogs.dir\/1\/files\/sites\/62\/2025\/12\/haarlem-brick-street-houses.jpg\" \/>\n\t<meta property=\"og:image:width\" content=\"1080\" \/>\n\t<meta property=\"og:image:height\" content=\"1920\" \/>\n\t<meta property=\"og:image:type\" content=\"image\/jpeg\" \/>\n<meta name=\"twitter:card\" content=\"summary_large_image\" \/>\n<script type=\"application\/ld+json\" class=\"yoast-schema-graph\">{\"@context\":\"https:\/\/schema.org\",\"@graph\":[{\"@type\":\"WebPage\",\"@id\":\"https:\/\/testwebsite.citygame.com\/fr\/games\/unknown-location\/produit-255\/\",\"url\":\"https:\/\/testwebsite.citygame.com\/fr\/games\/unknown-location\/produit-255\/\",\"name\":\"Produit - City Game\",\"isPartOf\":{\"@id\":\"https:\/\/testwebsite.upevents.nl\/#website\"},\"primaryImageOfPage\":{\"@id\":\"https:\/\/testwebsite.citygame.com\/fr\/games\/unknown-location\/produit-255\/#primaryimage\"},\"image\":{\"@id\":\"https:\/\/testwebsite.citygame.com\/fr\/games\/unknown-location\/produit-255\/#primaryimage\"},\"thumbnailUrl\":\"https:\/\/testwebsite.citygame.com\/wp-content\/blogs.dir\/1\/files\/sites\/62\/2025\/12\/haarlem-brick-street-houses.jpg\",\"datePublished\":\"2026-01-12T08:55:54+00:00\",\"dateModified\":\"2026-04-01T18:27:48+00:00\",\"description\":\"The Haarlem Syndicate. Jouez \u00e0 un jeu d'\u00e9vasion urbain autonome, r\u00e9solvez des \u00e9nigmes, accomplissez des missions et r\u00e9cup\u00e9rez les formules vol\u00e9es \u00e0 votre propre rythme !\",\"breadcrumb\":{\"@id\":\"https:\/\/testwebsite.citygame.com\/fr\/games\/unknown-location\/produit-255\/#breadcrumb\"},\"inLanguage\":\"fr-FR\",\"potentialAction\":[{\"@type\":\"ReadAction\",\"target\":[\"https:\/\/testwebsite.citygame.com\/fr\/games\/unknown-location\/produit-255\/\"]}]},{\"@type\":\"ImageObject\",\"inLanguage\":\"fr-FR\",\"@id\":\"https:\/\/testwebsite.citygame.com\/fr\/games\/unknown-location\/produit-255\/#primaryimage\",\"url\":\"https:\/\/testwebsite.citygame.com\/wp-content\/blogs.dir\/1\/files\/sites\/62\/2025\/12\/haarlem-brick-street-houses.jpg\",\"contentUrl\":\"https:\/\/testwebsite.citygame.com\/wp-content\/blogs.dir\/1\/files\/sites\/62\/2025\/12\/haarlem-brick-street-houses.jpg\",\"width\":1080,\"height\":1920,\"caption\":\"Quiet brick street in Haarlem. Photo: Marvin Langer (Unsplash)\"},{\"@type\":\"BreadcrumbList\",\"@id\":\"https:\/\/testwebsite.citygame.com\/fr\/games\/unknown-location\/produit-255\/#breadcrumb\",\"itemListElement\":[{\"@type\":\"ListItem\",\"position\":1,\"name\":\"Home\",\"item\":\"https:\/\/testwebsite.citygame.com\/fr\/\"},{\"@type\":\"ListItem\",\"position\":2,\"name\":\"Shop\",\"item\":\"https:\/\/testwebsite.citygame.com\/shop\/\"},{\"@type\":\"ListItem\",\"position\":3,\"name\":\"Produit\"}]},{\"@type\":\"WebSite\",\"@id\":\"https:\/\/testwebsite.upevents.nl\/#website\",\"url\":\"https:\/\/testwebsite.upevents.nl\/\",\"name\":\"City Game\",\"description\":\"\",\"publisher\":{\"@id\":\"https:\/\/testwebsite.upevents.nl\/#organization\"},\"alternateName\":\"citygame.com\",\"potentialAction\":[{\"@type\":\"SearchAction\",\"target\":{\"@type\":\"EntryPoint\",\"urlTemplate\":\"https:\/\/testwebsite.upevents.nl\/?s={search_term_string}\"},\"query-input\":{\"@type\":\"PropertyValueSpecification\",\"valueRequired\":true,\"valueName\":\"search_term_string\"}}],\"inLanguage\":\"fr-FR\"},{\"@type\":[\"Organization\",\"Place\"],\"@id\":\"https:\/\/testwebsite.upevents.nl\/#organization\",\"name\":\"City Game\",\"alternateName\":\"citygame.com\",\"url\":\"https:\/\/testwebsite.upevents.nl\/\",\"logo\":{\"@id\":\"https:\/\/testwebsite.citygame.com\/fr\/games\/unknown-location\/produit-255\/#local-main-organization-logo\"},\"image\":{\"@id\":\"https:\/\/testwebsite.citygame.com\/fr\/games\/unknown-location\/produit-255\/#local-main-organization-logo\"},\"sameAs\":[\"https:\/\/www.facebook.com\/profile.php?id=100086426226253\",\"https:\/\/www.instagram.com\/citygame_com\",\"https:\/\/www.tiktok.com\/@citygamecom\/\",\"https:\/\/www.linkedin.com\/company\/citygame-com\"],\"description\":\"Turn any city into a playground with our interactive City Games and self-guided tours. Fun, flexible, and ideal for groups and team building.\",\"telephone\":[],\"openingHoursSpecification\":[{\"@type\":\"OpeningHoursSpecification\",\"dayOfWeek\":[\"Monday\",\"Tuesday\",\"Wednesday\",\"Thursday\",\"Friday\",\"Saturday\",\"Sunday\"],\"opens\":\"09:00\",\"closes\":\"17:00\"}]},{\"@type\":\"ImageObject\",\"inLanguage\":\"fr-FR\",\"@id\":\"https:\/\/testwebsite.citygame.com\/fr\/games\/unknown-location\/produit-255\/#local-main-organization-logo\",\"url\":\"https:\/\/testwebsite.citygame.com\/wp-content\/blogs.dir\/1\/files\/sites\/62\/2025\/10\/CG_LOGO-City-Game.png\",\"contentUrl\":\"https:\/\/testwebsite.citygame.com\/wp-content\/blogs.dir\/1\/files\/sites\/62\/2025\/10\/CG_LOGO-City-Game.png\",\"width\":351,\"height\":377,\"caption\":\"City Game\"}]}<\/script>\n<!-- \/ Yoast SEO Premium plugin. -->","yoast_head_json":{"title":"Produit - City Game","description":"The Haarlem Syndicate. Jouez \u00e0 un jeu d'\u00e9vasion urbain autonome, r\u00e9solvez des \u00e9nigmes, accomplissez des missions et r\u00e9cup\u00e9rez les formules vol\u00e9es \u00e0 votre propre rythme !","robots":{"index":"noindex","follow":"follow","max-snippet":"max-snippet:-1","max-image-preview":"max-image-preview:large","max-video-preview":"max-video-preview:-1"},"og_locale":"fr_FR","og_type":"article","og_title":"Produit","og_description":"The Haarlem Syndicate. Jouez \u00e0 un jeu d'\u00e9vasion urbain autonome, r\u00e9solvez des \u00e9nigmes, accomplissez des missions et r\u00e9cup\u00e9rez les formules vol\u00e9es \u00e0 votre propre rythme !","og_url":"https:\/\/testwebsite.citygame.com\/fr\/games\/unknown-location\/produit-255\/","og_site_name":"City Game","article_publisher":"https:\/\/www.facebook.com\/profile.php?id=100086426226253","article_modified_time":"2026-04-01T18:27:48+00:00","og_image":[{"width":1080,"height":1920,"url":"https:\/\/testwebsite.citygame.com\/wp-content\/blogs.dir\/1\/files\/sites\/62\/2025\/12\/haarlem-brick-street-houses.jpg","type":"image\/jpeg"}],"twitter_card":"summary_large_image","schema":{"@context":"https:\/\/schema.org","@graph":[{"@type":"WebPage","@id":"https:\/\/testwebsite.citygame.com\/fr\/games\/unknown-location\/produit-255\/","url":"https:\/\/testwebsite.citygame.com\/fr\/games\/unknown-location\/produit-255\/","name":"Produit - City Game","isPartOf":{"@id":"https:\/\/testwebsite.upevents.nl\/#website"},"primaryImageOfPage":{"@id":"https:\/\/testwebsite.citygame.com\/fr\/games\/unknown-location\/produit-255\/#primaryimage"},"image":{"@id":"https:\/\/testwebsite.citygame.com\/fr\/games\/unknown-location\/produit-255\/#primaryimage"},"thumbnailUrl":"https:\/\/testwebsite.citygame.com\/wp-content\/blogs.dir\/1\/files\/sites\/62\/2025\/12\/haarlem-brick-street-houses.jpg","datePublished":"2026-01-12T08:55:54+00:00","dateModified":"2026-04-01T18:27:48+00:00","description":"The Haarlem Syndicate. Jouez \u00e0 un jeu d'\u00e9vasion urbain autonome, r\u00e9solvez des \u00e9nigmes, accomplissez des missions et r\u00e9cup\u00e9rez les formules vol\u00e9es \u00e0 votre propre rythme !","breadcrumb":{"@id":"https:\/\/testwebsite.citygame.com\/fr\/games\/unknown-location\/produit-255\/#breadcrumb"},"inLanguage":"fr-FR","potentialAction":[{"@type":"ReadAction","target":["https:\/\/testwebsite.citygame.com\/fr\/games\/unknown-location\/produit-255\/"]}]},{"@type":"ImageObject","inLanguage":"fr-FR","@id":"https:\/\/testwebsite.citygame.com\/fr\/games\/unknown-location\/produit-255\/#primaryimage","url":"https:\/\/testwebsite.citygame.com\/wp-content\/blogs.dir\/1\/files\/sites\/62\/2025\/12\/haarlem-brick-street-houses.jpg","contentUrl":"https:\/\/testwebsite.citygame.com\/wp-content\/blogs.dir\/1\/files\/sites\/62\/2025\/12\/haarlem-brick-street-houses.jpg","width":1080,"height":1920,"caption":"Quiet brick street in Haarlem. Photo: Marvin Langer (Unsplash)"},{"@type":"BreadcrumbList","@id":"https:\/\/testwebsite.citygame.com\/fr\/games\/unknown-location\/produit-255\/#breadcrumb","itemListElement":[{"@type":"ListItem","position":1,"name":"Home","item":"https:\/\/testwebsite.citygame.com\/fr\/"},{"@type":"ListItem","position":2,"name":"Shop","item":"https:\/\/testwebsite.citygame.com\/shop\/"},{"@type":"ListItem","position":3,"name":"Produit"}]},{"@type":"WebSite","@id":"https:\/\/testwebsite.upevents.nl\/#website","url":"https:\/\/testwebsite.upevents.nl\/","name":"City Game","description":"","publisher":{"@id":"https:\/\/testwebsite.upevents.nl\/#organization"},"alternateName":"citygame.com","potentialAction":[{"@type":"SearchAction","target":{"@type":"EntryPoint","urlTemplate":"https:\/\/testwebsite.upevents.nl\/?s={search_term_string}"},"query-input":{"@type":"PropertyValueSpecification","valueRequired":true,"valueName":"search_term_string"}}],"inLanguage":"fr-FR"},{"@type":["Organization","Place"],"@id":"https:\/\/testwebsite.upevents.nl\/#organization","name":"City Game","alternateName":"citygame.com","url":"https:\/\/testwebsite.upevents.nl\/","logo":{"@id":"https:\/\/testwebsite.citygame.com\/fr\/games\/unknown-location\/produit-255\/#local-main-organization-logo"},"image":{"@id":"https:\/\/testwebsite.citygame.com\/fr\/games\/unknown-location\/produit-255\/#local-main-organization-logo"},"sameAs":["https:\/\/www.facebook.com\/profile.php?id=100086426226253","https:\/\/www.instagram.com\/citygame_com","https:\/\/www.tiktok.com\/@citygamecom\/","https:\/\/www.linkedin.com\/company\/citygame-com"],"description":"Turn any city into a playground with our interactive City Games and self-guided tours. Fun, flexible, and ideal for groups and team building.","telephone":[],"openingHoursSpecification":[{"@type":"OpeningHoursSpecification","dayOfWeek":["Monday","Tuesday","Wednesday","Thursday","Friday","Saturday","Sunday"],"opens":"09:00","closes":"17:00"}]},{"@type":"ImageObject","inLanguage":"fr-FR","@id":"https:\/\/testwebsite.citygame.com\/fr\/games\/unknown-location\/produit-255\/#local-main-organization-logo","url":"https:\/\/testwebsite.citygame.com\/wp-content\/blogs.dir\/1\/files\/sites\/62\/2025\/10\/CG_LOGO-City-Game.png","contentUrl":"https:\/\/testwebsite.citygame.com\/wp-content\/blogs.dir\/1\/files\/sites\/62\/2025\/10\/CG_LOGO-City-Game.png","width":351,"height":377,"caption":"City Game"}]}},"taxonomy_info":{"game-concept":[{"value":37,"label":"Syndicate"}],"product_cat":[{"value":663,"label":"Non class\u00e9"}]},"featured_image_src_large":["https:\/\/testwebsite.citygame.com\/wp-content\/blogs.dir\/1\/files\/sites\/62\/2025\/12\/haarlem-brick-street-houses-576x1024.jpg",576,1024,true],"author_info":[],"comment_info":"","_links":{"self":[{"href":"https:\/\/testwebsite.citygame.com\/fr\/wp-json\/wp\/v2\/product\/34461","targetHints":{"allow":["GET"]}}],"collection":[{"href":"https:\/\/testwebsite.citygame.com\/fr\/wp-json\/wp\/v2\/product"}],"about":[{"href":"https:\/\/testwebsite.citygame.com\/fr\/wp-json\/wp\/v2\/types\/product"}],"acf:post":[{"embeddable":true,"href":"https:\/\/testwebsite.citygame.com\/fr\/wp-json\/wp\/v2\/pages\/1778"}],"wp:featuredmedia":[{"embeddable":true,"href":"https:\/\/testwebsite.citygame.com\/fr\/wp-json\/wp\/v2\/media\/2062"}],"wp:attachment":[{"href":"https:\/\/testwebsite.citygame.com\/fr\/wp-json\/wp\/v2\/media?parent=34461"}],"wp:term":[{"taxonomy":"game-concept","embeddable":true,"href":"https:\/\/testwebsite.citygame.com\/fr\/wp-json\/wp\/v2\/game-concept?post=34461"},{"taxonomy":"location","embeddable":true,"href":"https:\/\/testwebsite.citygame.com\/fr\/wp-json\/wp\/v2\/location?post=34461"},{"taxonomy":"product_brand","embeddable":true,"href":"https:\/\/testwebsite.citygame.com\/fr\/wp-json\/wp\/v2\/product_brand?post=34461"},{"taxonomy":"product_cat","embeddable":true,"href":"https:\/\/testwebsite.citygame.com\/fr\/wp-json\/wp\/v2\/product_cat?post=34461"},{"taxonomy":"product_tag","embeddable":true,"href":"https:\/\/testwebsite.citygame.com\/fr\/wp-json\/wp\/v2\/product_tag?post=34461"}],"curies":[{"name":"wp","href":"https:\/\/api.w.org\/{rel}","templated":true}]}}