{"id":32568,"date":"2026-02-12T12:15:14","date_gmt":"2026-02-12T12:15:14","guid":{"rendered":"https:\/\/testwebsite.citygame.com\/games\/unknown-location\/produit-220\/"},"modified":"2026-04-01T11:59:44","modified_gmt":"2026-04-01T11:59:44","slug":"produit-220","status":"publish","type":"product","link":"https:\/\/testwebsite.citygame.com\/fr\/games\/unknown-location\/produit-220\/","title":{"rendered":"Produit"},"content":{"rendered":"","protected":false},"excerpt":{"rendered":"","protected":false},"featured_media":12919,"template":"","meta":{"_acf_changed":false,"_yoast_wpseo_focuskw":"Sherlock Holmes Lubeck","_yoast_wpseo_metadesc":"Sherlock Holmes Lubeck. Jouez \u00e0 un City Game de myst\u00e8re de meurtre autoguid\u00e9, r\u00e9solvez des \u00e9nigmes, suivez les indices et d\u00e9masquez le meurtrier \u00e0 votre rythme !","_kad_blocks_custom_css":"","_kad_blocks_head_custom_js":"","_kad_blocks_body_custom_js":"","_kad_blocks_footer_custom_js":"","ghostkit_customizer_options":"","ghostkit_custom_css":"","ghostkit_custom_js_head":"","ghostkit_custom_js_foot":"","ghostkit_typography":"","_kad_post_transparent":"","_kad_post_title":"","_kad_post_layout":"","_kad_post_sidebar_id":"","_kad_post_content_style":"","_kad_post_vertical_padding":"","_kad_post_feature":"","_kad_post_feature_position":"","_kad_post_header":false,"_kad_post_footer":false,"_kad_post_classname":"","_links_to":"","_links_to_target":""},"game-concept":[38],"location":[],"product_brand":[],"product_cat":[663],"product_tag":[],"class_list":{"0":"post-32568","1":"product","2":"type-product","3":"status-publish","4":"has-post-thumbnail","6":"game-concept-sherlock","7":"product_cat-non-classe","9":"first","10":"instock","11":"shipping-taxable","12":"purchasable","13":"product-type-simple","14":"entry","15":"content-bg","16":"loop-entry"},"acf":{"full_bokun_product_name":"Lubeck Self-Guided Sherlock Holmes Murder Mystery Game","location_name":"Lubeck","bokun_calendar_widget_code":"<script type=\"text\/javascript\" src=\"https:\/\/widgets.bokun.io\/assets\/javascripts\/apps\/build\/BokunWidgetsLoader.js?bookingChannelUUID=a1e93e96-5232-4734-a595-28405f4b5a31\" async><\/script>\n     \n    <div class=\"bokunWidget\" data-src=\"https:\/\/widgets.bokun.io\/online-sales\/a1e93e96-5232-4734-a595-28405f4b5a31\/experience-calendar\/784629\"><\/div>\n    <noscript>Please enable javascript in your browser to book<\/noscript>","bokun_button_widget_code":"<script type=\"text\/javascript\" src=\"https:\/\/widgets.bokun.io\/assets\/javascripts\/apps\/build\/BokunWidgetsLoader.js?bookingChannelUUID=a1e93e96-5232-4734-a595-28405f4b5a31\" async><\/script>\n      <style> #bokun_ed001e45_5927_4f62_b470_ca766338d083 { display: inline-block; padding: .4em 1em; background: #47b82e; border-radius: 999999px; box-shadow: none; font-weight: 600; font-size: 24px; text-decoration: none; text-align: center; color: #FFFFFF; border:none; cursor: pointer; transition: background .2s ease; } #bokun_ed001e45_5927_4f62_b470_ca766338d083:hover{ background: #2f7b1f; } #bokun_ed001e45_5927_4f62_b470_ca766338d083:active{ background: #378f24; } <\/style> <button class=\"bokunButton\" disabled id=bokun_ed001e45_5927_4f62_b470_ca766338d083 data-src=\"https:\/\/widgets.bokun.io\/online-sales\/a1e93e96-5232-4734-a595-28405f4b5a31\/experience-calendar\/784629?partialView=1\" data-testid=\"widget-book-button\" > Book now <\/button> ","what_you\u2019ll_experience_during_the_game":"Plongez dans une histoire polici\u00e8re captivante au c\u0153ur de L\u00fcbeck, o\u00f9 un meurtre gla\u00e7ant lors du Festival de la Libert\u00e9 a mis la ville en \u00e9moi. \u00c0 mesure que vous vous d\u00e9placez dans les rues sinueuses et les recoins sombres, le r\u00e9cit se d\u00e9roule \u00e0 chaque lieu visit\u00e9. Votre parcours est enti\u00e8rement bas\u00e9 sur l'histoire, vous plongeant dans un monde de myst\u00e8re, de motifs et de v\u00e9rit\u00e9s cach\u00e9es qui attendent d'\u00eatre d\u00e9couvertes.\n\nVous rechercherez des indices insaisissables, r\u00e9soudrez des \u00e9nigmes difficiles et suivrez des rebondissements inattendus \u00e0 mesure que l'enqu\u00eate s'approfondit. Interrogez des suspects num\u00e9riques, analysez leurs alibis et d\u00e9tectez les contradictions qui pourraient r\u00e9v\u00e9ler plus qu'ils ne le souhaitent. Votre capacit\u00e9 \u00e0 observer, \u00e0 penser de mani\u00e8re critique et \u00e0 tirer des d\u00e9ductions vous guidera vers la v\u00e9rit\u00e9. Jouez \u00e0 votre rythme, avec la libert\u00e9 de faire une pause et de reprendre au besoin. Si vous \u00eates en \u00e9quipe, comparez vos comp\u00e9tences d'enqu\u00eateur \u00e0 celles des autres pour une touche de comp\u00e9tition amicale.","how_to_play":"Jouez seul ou avec des amis, de la famille ou des coll\u00e8gues en \u00e9quipes de quatre personnes maximum par appareil. Apr\u00e8s la r\u00e9servation, vous recevrez un e-mail d'instructions avec tout ce dont vous avez besoin.","start_location":"Lubeck, Marienkirchhof","available_languages":["en","fr","de","es","nl","it"],"players_per_group":"1-4","duration":"1.5-2 hours","image_overlay_color_image":"https:\/\/testwebsite.citygame.com\/wp-content\/blogs.dir\/1\/files\/sites\/62\/2026\/01\/SherlockColor.svg","image_overlay_game_logo":"https:\/\/testwebsite.citygame.com\/wp-content\/blogs.dir\/1\/files\/sites\/62\/2026\/01\/SherlockLogo.png","city_page":12917,"woocommerce_general_content":null,"":""},"yoast_head":"<!-- This site is optimized with the Yoast SEO Premium plugin v26.2 (Yoast SEO v26.3) - https:\/\/yoast.com\/wordpress\/plugins\/seo\/ -->\n<title>Produit - City Game<\/title>\n<meta name=\"description\" content=\"Sherlock Holmes Lubeck. Jouez \u00e0 un City Game de myst\u00e8re de meurtre autoguid\u00e9, r\u00e9solvez des \u00e9nigmes, suivez les indices et d\u00e9masquez le meurtrier \u00e0 votre rythme !\" \/>\n<meta name=\"robots\" content=\"noindex, follow, max-snippet:-1, max-image-preview:large, max-video-preview:-1\" \/>\n<meta property=\"og:locale\" content=\"fr_FR\" \/>\n<meta property=\"og:type\" content=\"article\" \/>\n<meta property=\"og:title\" content=\"Produit\" \/>\n<meta property=\"og:description\" content=\"Sherlock Holmes Lubeck. Jouez \u00e0 un City Game de myst\u00e8re de meurtre autoguid\u00e9, r\u00e9solvez des \u00e9nigmes, suivez les indices et d\u00e9masquez le meurtrier \u00e0 votre rythme !\" \/>\n<meta property=\"og:url\" content=\"https:\/\/testwebsite.citygame.com\/fr\/games\/unknown-location\/produit-220\/\" \/>\n<meta property=\"og:site_name\" content=\"City Game\" \/>\n<meta property=\"article:publisher\" content=\"https:\/\/www.facebook.com\/profile.php?id=100086426226253\" \/>\n<meta property=\"article:modified_time\" content=\"2026-04-01T11:59:44+00:00\" \/>\n<meta property=\"og:image\" content=\"https:\/\/testwebsite.citygame.com\/wp-content\/blogs.dir\/1\/files\/sites\/62\/2026\/02\/city-game-lubeck-players-salt-warehouses.jpg\" \/>\n\t<meta property=\"og:image:width\" content=\"1024\" \/>\n\t<meta property=\"og:image:height\" content=\"1024\" \/>\n\t<meta property=\"og:image:type\" content=\"image\/jpeg\" \/>\n<meta name=\"twitter:card\" content=\"summary_large_image\" \/>\n<script type=\"application\/ld+json\" class=\"yoast-schema-graph\">{\"@context\":\"https:\/\/schema.org\",\"@graph\":[{\"@type\":\"WebPage\",\"@id\":\"https:\/\/testwebsite.citygame.com\/fr\/games\/unknown-location\/produit-220\/\",\"url\":\"https:\/\/testwebsite.citygame.com\/fr\/games\/unknown-location\/produit-220\/\",\"name\":\"Produit - City Game\",\"isPartOf\":{\"@id\":\"https:\/\/testwebsite.upevents.nl\/#website\"},\"primaryImageOfPage\":{\"@id\":\"https:\/\/testwebsite.citygame.com\/fr\/games\/unknown-location\/produit-220\/#primaryimage\"},\"image\":{\"@id\":\"https:\/\/testwebsite.citygame.com\/fr\/games\/unknown-location\/produit-220\/#primaryimage\"},\"thumbnailUrl\":\"https:\/\/testwebsite.citygame.com\/wp-content\/blogs.dir\/1\/files\/sites\/62\/2026\/02\/city-game-lubeck-players-salt-warehouses.jpg\",\"datePublished\":\"2026-02-12T12:15:14+00:00\",\"dateModified\":\"2026-04-01T11:59:44+00:00\",\"description\":\"Sherlock Holmes Lubeck. Jouez \u00e0 un City Game de myst\u00e8re de meurtre autoguid\u00e9, r\u00e9solvez des \u00e9nigmes, suivez les indices et d\u00e9masquez le meurtrier \u00e0 votre rythme !\",\"breadcrumb\":{\"@id\":\"https:\/\/testwebsite.citygame.com\/fr\/games\/unknown-location\/produit-220\/#breadcrumb\"},\"inLanguage\":\"fr-FR\",\"potentialAction\":[{\"@type\":\"ReadAction\",\"target\":[\"https:\/\/testwebsite.citygame.com\/fr\/games\/unknown-location\/produit-220\/\"]}]},{\"@type\":\"ImageObject\",\"inLanguage\":\"fr-FR\",\"@id\":\"https:\/\/testwebsite.citygame.com\/fr\/games\/unknown-location\/produit-220\/#primaryimage\",\"url\":\"https:\/\/testwebsite.citygame.com\/wp-content\/blogs.dir\/1\/files\/sites\/62\/2026\/02\/city-game-lubeck-players-salt-warehouses.jpg\",\"contentUrl\":\"https:\/\/testwebsite.citygame.com\/wp-content\/blogs.dir\/1\/files\/sites\/62\/2026\/02\/city-game-lubeck-players-salt-warehouses.jpg\",\"width\":1024,\"height\":1024,\"caption\":\"A group of young people gather around a smartphone while exploring Lubeck's historic waterfront.\"},{\"@type\":\"BreadcrumbList\",\"@id\":\"https:\/\/testwebsite.citygame.com\/fr\/games\/unknown-location\/produit-220\/#breadcrumb\",\"itemListElement\":[{\"@type\":\"ListItem\",\"position\":1,\"name\":\"Home\",\"item\":\"https:\/\/testwebsite.citygame.com\/fr\/\"},{\"@type\":\"ListItem\",\"position\":2,\"name\":\"Shop\",\"item\":\"https:\/\/testwebsite.citygame.com\/shop\/\"},{\"@type\":\"ListItem\",\"position\":3,\"name\":\"Produit\"}]},{\"@type\":\"WebSite\",\"@id\":\"https:\/\/testwebsite.upevents.nl\/#website\",\"url\":\"https:\/\/testwebsite.upevents.nl\/\",\"name\":\"City Game\",\"description\":\"\",\"publisher\":{\"@id\":\"https:\/\/testwebsite.upevents.nl\/#organization\"},\"alternateName\":\"citygame.com\",\"potentialAction\":[{\"@type\":\"SearchAction\",\"target\":{\"@type\":\"EntryPoint\",\"urlTemplate\":\"https:\/\/testwebsite.upevents.nl\/?s={search_term_string}\"},\"query-input\":{\"@type\":\"PropertyValueSpecification\",\"valueRequired\":true,\"valueName\":\"search_term_string\"}}],\"inLanguage\":\"fr-FR\"},{\"@type\":[\"Organization\",\"Place\"],\"@id\":\"https:\/\/testwebsite.upevents.nl\/#organization\",\"name\":\"City Game\",\"alternateName\":\"citygame.com\",\"url\":\"https:\/\/testwebsite.upevents.nl\/\",\"logo\":{\"@id\":\"https:\/\/testwebsite.citygame.com\/fr\/games\/unknown-location\/produit-220\/#local-main-organization-logo\"},\"image\":{\"@id\":\"https:\/\/testwebsite.citygame.com\/fr\/games\/unknown-location\/produit-220\/#local-main-organization-logo\"},\"sameAs\":[\"https:\/\/www.facebook.com\/profile.php?id=100086426226253\",\"https:\/\/www.instagram.com\/citygame_com\",\"https:\/\/www.tiktok.com\/@citygamecom\/\",\"https:\/\/www.linkedin.com\/company\/citygame-com\"],\"description\":\"Turn any city into a playground with our interactive City Games and self-guided tours. Fun, flexible, and ideal for groups and team building.\",\"telephone\":[],\"openingHoursSpecification\":[{\"@type\":\"OpeningHoursSpecification\",\"dayOfWeek\":[\"Monday\",\"Tuesday\",\"Wednesday\",\"Thursday\",\"Friday\",\"Saturday\",\"Sunday\"],\"opens\":\"09:00\",\"closes\":\"17:00\"}]},{\"@type\":\"ImageObject\",\"inLanguage\":\"fr-FR\",\"@id\":\"https:\/\/testwebsite.citygame.com\/fr\/games\/unknown-location\/produit-220\/#local-main-organization-logo\",\"url\":\"https:\/\/testwebsite.citygame.com\/wp-content\/blogs.dir\/1\/files\/sites\/62\/2025\/10\/CG_LOGO-City-Game.png\",\"contentUrl\":\"https:\/\/testwebsite.citygame.com\/wp-content\/blogs.dir\/1\/files\/sites\/62\/2025\/10\/CG_LOGO-City-Game.png\",\"width\":351,\"height\":377,\"caption\":\"City Game\"}]}<\/script>\n<!-- \/ Yoast SEO Premium plugin. -->","yoast_head_json":{"title":"Produit - City Game","description":"Sherlock Holmes Lubeck. Jouez \u00e0 un City Game de myst\u00e8re de meurtre autoguid\u00e9, r\u00e9solvez des \u00e9nigmes, suivez les indices et d\u00e9masquez le meurtrier \u00e0 votre rythme !","robots":{"index":"noindex","follow":"follow","max-snippet":"max-snippet:-1","max-image-preview":"max-image-preview:large","max-video-preview":"max-video-preview:-1"},"og_locale":"fr_FR","og_type":"article","og_title":"Produit","og_description":"Sherlock Holmes Lubeck. Jouez \u00e0 un City Game de myst\u00e8re de meurtre autoguid\u00e9, r\u00e9solvez des \u00e9nigmes, suivez les indices et d\u00e9masquez le meurtrier \u00e0 votre rythme !","og_url":"https:\/\/testwebsite.citygame.com\/fr\/games\/unknown-location\/produit-220\/","og_site_name":"City Game","article_publisher":"https:\/\/www.facebook.com\/profile.php?id=100086426226253","article_modified_time":"2026-04-01T11:59:44+00:00","og_image":[{"width":1024,"height":1024,"url":"https:\/\/testwebsite.citygame.com\/wp-content\/blogs.dir\/1\/files\/sites\/62\/2026\/02\/city-game-lubeck-players-salt-warehouses.jpg","type":"image\/jpeg"}],"twitter_card":"summary_large_image","schema":{"@context":"https:\/\/schema.org","@graph":[{"@type":"WebPage","@id":"https:\/\/testwebsite.citygame.com\/fr\/games\/unknown-location\/produit-220\/","url":"https:\/\/testwebsite.citygame.com\/fr\/games\/unknown-location\/produit-220\/","name":"Produit - City Game","isPartOf":{"@id":"https:\/\/testwebsite.upevents.nl\/#website"},"primaryImageOfPage":{"@id":"https:\/\/testwebsite.citygame.com\/fr\/games\/unknown-location\/produit-220\/#primaryimage"},"image":{"@id":"https:\/\/testwebsite.citygame.com\/fr\/games\/unknown-location\/produit-220\/#primaryimage"},"thumbnailUrl":"https:\/\/testwebsite.citygame.com\/wp-content\/blogs.dir\/1\/files\/sites\/62\/2026\/02\/city-game-lubeck-players-salt-warehouses.jpg","datePublished":"2026-02-12T12:15:14+00:00","dateModified":"2026-04-01T11:59:44+00:00","description":"Sherlock Holmes Lubeck. Jouez \u00e0 un City Game de myst\u00e8re de meurtre autoguid\u00e9, r\u00e9solvez des \u00e9nigmes, suivez les indices et d\u00e9masquez le meurtrier \u00e0 votre rythme !","breadcrumb":{"@id":"https:\/\/testwebsite.citygame.com\/fr\/games\/unknown-location\/produit-220\/#breadcrumb"},"inLanguage":"fr-FR","potentialAction":[{"@type":"ReadAction","target":["https:\/\/testwebsite.citygame.com\/fr\/games\/unknown-location\/produit-220\/"]}]},{"@type":"ImageObject","inLanguage":"fr-FR","@id":"https:\/\/testwebsite.citygame.com\/fr\/games\/unknown-location\/produit-220\/#primaryimage","url":"https:\/\/testwebsite.citygame.com\/wp-content\/blogs.dir\/1\/files\/sites\/62\/2026\/02\/city-game-lubeck-players-salt-warehouses.jpg","contentUrl":"https:\/\/testwebsite.citygame.com\/wp-content\/blogs.dir\/1\/files\/sites\/62\/2026\/02\/city-game-lubeck-players-salt-warehouses.jpg","width":1024,"height":1024,"caption":"A group of young people gather around a smartphone while exploring Lubeck's historic waterfront."},{"@type":"BreadcrumbList","@id":"https:\/\/testwebsite.citygame.com\/fr\/games\/unknown-location\/produit-220\/#breadcrumb","itemListElement":[{"@type":"ListItem","position":1,"name":"Home","item":"https:\/\/testwebsite.citygame.com\/fr\/"},{"@type":"ListItem","position":2,"name":"Shop","item":"https:\/\/testwebsite.citygame.com\/shop\/"},{"@type":"ListItem","position":3,"name":"Produit"}]},{"@type":"WebSite","@id":"https:\/\/testwebsite.upevents.nl\/#website","url":"https:\/\/testwebsite.upevents.nl\/","name":"City Game","description":"","publisher":{"@id":"https:\/\/testwebsite.upevents.nl\/#organization"},"alternateName":"citygame.com","potentialAction":[{"@type":"SearchAction","target":{"@type":"EntryPoint","urlTemplate":"https:\/\/testwebsite.upevents.nl\/?s={search_term_string}"},"query-input":{"@type":"PropertyValueSpecification","valueRequired":true,"valueName":"search_term_string"}}],"inLanguage":"fr-FR"},{"@type":["Organization","Place"],"@id":"https:\/\/testwebsite.upevents.nl\/#organization","name":"City Game","alternateName":"citygame.com","url":"https:\/\/testwebsite.upevents.nl\/","logo":{"@id":"https:\/\/testwebsite.citygame.com\/fr\/games\/unknown-location\/produit-220\/#local-main-organization-logo"},"image":{"@id":"https:\/\/testwebsite.citygame.com\/fr\/games\/unknown-location\/produit-220\/#local-main-organization-logo"},"sameAs":["https:\/\/www.facebook.com\/profile.php?id=100086426226253","https:\/\/www.instagram.com\/citygame_com","https:\/\/www.tiktok.com\/@citygamecom\/","https:\/\/www.linkedin.com\/company\/citygame-com"],"description":"Turn any city into a playground with our interactive City Games and self-guided tours. Fun, flexible, and ideal for groups and team building.","telephone":[],"openingHoursSpecification":[{"@type":"OpeningHoursSpecification","dayOfWeek":["Monday","Tuesday","Wednesday","Thursday","Friday","Saturday","Sunday"],"opens":"09:00","closes":"17:00"}]},{"@type":"ImageObject","inLanguage":"fr-FR","@id":"https:\/\/testwebsite.citygame.com\/fr\/games\/unknown-location\/produit-220\/#local-main-organization-logo","url":"https:\/\/testwebsite.citygame.com\/wp-content\/blogs.dir\/1\/files\/sites\/62\/2025\/10\/CG_LOGO-City-Game.png","contentUrl":"https:\/\/testwebsite.citygame.com\/wp-content\/blogs.dir\/1\/files\/sites\/62\/2025\/10\/CG_LOGO-City-Game.png","width":351,"height":377,"caption":"City Game"}]}},"taxonomy_info":{"game-concept":[{"value":38,"label":"Sherlock"}],"product_cat":[{"value":663,"label":"Non class\u00e9"}]},"featured_image_src_large":["https:\/\/testwebsite.citygame.com\/wp-content\/blogs.dir\/1\/files\/sites\/62\/2026\/02\/city-game-lubeck-players-salt-warehouses.jpg",1024,1024,false],"author_info":[],"comment_info":"","_links":{"self":[{"href":"https:\/\/testwebsite.citygame.com\/fr\/wp-json\/wp\/v2\/product\/32568","targetHints":{"allow":["GET"]}}],"collection":[{"href":"https:\/\/testwebsite.citygame.com\/fr\/wp-json\/wp\/v2\/product"}],"about":[{"href":"https:\/\/testwebsite.citygame.com\/fr\/wp-json\/wp\/v2\/types\/product"}],"acf:post":[{"embeddable":true,"href":"https:\/\/testwebsite.citygame.com\/fr\/wp-json\/wp\/v2\/pages\/12917"}],"wp:featuredmedia":[{"embeddable":true,"href":"https:\/\/testwebsite.citygame.com\/fr\/wp-json\/wp\/v2\/media\/12919"}],"wp:attachment":[{"href":"https:\/\/testwebsite.citygame.com\/fr\/wp-json\/wp\/v2\/media?parent=32568"}],"wp:term":[{"taxonomy":"game-concept","embeddable":true,"href":"https:\/\/testwebsite.citygame.com\/fr\/wp-json\/wp\/v2\/game-concept?post=32568"},{"taxonomy":"location","embeddable":true,"href":"https:\/\/testwebsite.citygame.com\/fr\/wp-json\/wp\/v2\/location?post=32568"},{"taxonomy":"product_brand","embeddable":true,"href":"https:\/\/testwebsite.citygame.com\/fr\/wp-json\/wp\/v2\/product_brand?post=32568"},{"taxonomy":"product_cat","embeddable":true,"href":"https:\/\/testwebsite.citygame.com\/fr\/wp-json\/wp\/v2\/product_cat?post=32568"},{"taxonomy":"product_tag","embeddable":true,"href":"https:\/\/testwebsite.citygame.com\/fr\/wp-json\/wp\/v2\/product_tag?post=32568"}],"curies":[{"name":"wp","href":"https:\/\/api.w.org\/{rel}","templated":true}]}}