{"id":66814,"date":"2026-03-16T10:23:32","date_gmt":"2026-03-16T10:23:32","guid":{"rendered":"https:\/\/testwebsite.citygame.com\/games\/unknown-location\/secrets-of-volendam\/"},"modified":"2026-04-08T23:28:55","modified_gmt":"2026-04-08T23:28:55","slug":"secrets-of-volendam","status":"publish","type":"product","link":"https:\/\/testwebsite.citygame.com\/fi\/games\/volendam\/secrets-of-volendam\/","title":{"rendered":"Secrets of Volendam"},"content":{"rendered":"<p>Uppoudu hollantilaiseen vieh\u00e4tykseen Secrets of Volendam City Gamen parissa, joka on itseohjautuva, GPS-pohjainen kaupunkipeli Volendamin keskustassa. Kun pelaajat navigoivat t\u00e4ss\u00e4 eloisassa kalastajakyl\u00e4ss\u00e4 \u00e4lypuhelimellaan, he kohtaavat ajatuksia her\u00e4tt\u00e4vi\u00e4 pulmia, mukaansatempaavia arvoituksia ja hauskoja valokuvahaasteita, jotka tehostavat heid\u00e4n tutkimuspeli\u00e4\u00e4n. Kun kuljet t\u00e4m\u00e4n vieh\u00e4tt\u00e4v\u00e4n maiseman l\u00e4pi, jokainen ratkaistu vihje paljastaa mielenkiintoisia paloja Volendamin kiehtovasta historiasta, rikkaasta kulttuurista ja v\u00e4hemm\u00e4n tunnetuista yksityiskohdista. City Game Volendam ei ole vain turisteille, vaan se on my\u00f6s hauska tapa paikallisille l\u00f6yt\u00e4\u00e4 kaupunkinsa uudelleen. Olitpa sitten yksin matkustava, pariskunta romanttisella lomalla, seikkailua etsiv\u00e4 perhe tai kaveriporukka, t\u00e4m\u00e4 tutkimus johtaa ainutlaatuiseen kokemukseen, paljastaen Volendamin sellaisena kuin et ole sit\u00e4 koskaan ennen n\u00e4hnyt.<\/p>\n","protected":false},"excerpt":{"rendered":"<p>Koe Volendamin vieh\u00e4tys ja perint\u00f6! Uppoudu kyl\u00e4\u00e4n, jossa perinne kohtaa meren ja historian kaiku her\u00e4\u00e4 eloon sen ikonisista tuulimyllyist\u00e4 vieh\u00e4tt\u00e4viin puutaloihin. Kokoa palapelin palaset navigoidessasi Volendamin lumoavan syd\u00e4men l\u00e4pi, joka on t\u00e4ynn\u00e4 vieh\u00e4tt\u00e4vi\u00e4 yll\u00e4tyksi\u00e4 joka kulmassa!<\/p>\n","protected":false},"featured_media":19028,"template":"","meta":{"_acf_changed":false,"_yoast_wpseo_focuskw":"Secrets of Volendam","_yoast_wpseo_metadesc":"Secrets of Volendam. Pelaa itseohjautuvaa kaupunkipeli\u00e4 ja tutki kaupunkia pulmien, arvoitusten ja haasteiden avulla. Pelaa omaan tahtiisi ja l\u00f6yd\u00e4 paikkoja kuin paikallinen!","_kad_blocks_custom_css":"","_kad_blocks_head_custom_js":"","_kad_blocks_body_custom_js":"","_kad_blocks_footer_custom_js":"","ghostkit_customizer_options":"","ghostkit_custom_css":"","ghostkit_custom_js_head":"","ghostkit_custom_js_foot":"","ghostkit_typography":"","_kad_post_transparent":"","_kad_post_title":"","_kad_post_layout":"","_kad_post_sidebar_id":"","_kad_post_content_style":"","_kad_post_vertical_padding":"","_kad_post_feature":"","_kad_post_feature_position":"","_kad_post_header":false,"_kad_post_footer":false,"_kad_post_classname":"","_links_to":"","_links_to_target":""},"game-concept":[712],"location":[424],"product_brand":[],"product_cat":[27],"product_tag":[],"class_list":{"0":"post-66814","1":"product","2":"type-product","3":"status-publish","4":"has-post-thumbnail","6":"game-concept-secrets","7":"location-volendam","8":"product_cat-geen-categorie","10":"first","11":"instock","12":"shipping-taxable","13":"purchasable","14":"product-type-simple","15":"entry","16":"content-bg","17":"loop-entry"},"acf":{"full_bokun_product_name":"Self-Guided Secrets of Volendam Exploration Game","location_name":"Volendam","bokun_calendar_widget_code":"<script type=\"text\/javascript\" src=\"https:\/\/widgets.bokun.io\/assets\/javascripts\/apps\/build\/BokunWidgetsLoader.js?bookingChannelUUID=a1e93e96-5232-4734-a595-28405f4b5a31\" async><\/script>\n     \n    <div class=\"bokunWidget\" data-src=\"https:\/\/widgets.bokun.io\/online-sales\/a1e93e96-5232-4734-a595-28405f4b5a31\/experience-calendar\/885161\"><\/div>\n    <noscript>Please enable javascript in your browser to book<\/noscript>","bokun_button_widget_code":"<script type=\"text\/javascript\" src=\"https:\/\/widgets.bokun.io\/assets\/javascripts\/apps\/build\/BokunWidgetsLoader.js?bookingChannelUUID=a1e93e96-5232-4734-a595-28405f4b5a31\" async><\/script>\n      <style> #bokun_ed001e45_5927_4f62_b470_ca766338d083 { display: inline-block; padding: .4em 1em; background: #47b82e; border-radius: 999999px; box-shadow: none; font-weight: 600; font-size: 24px; text-decoration: none; text-align: center; color: #FFFFFF; border:none; cursor: pointer; transition: background .2s ease; } #bokun_ed001e45_5927_4f62_b470_ca766338d083:hover{ background: #2f7b1f; } #bokun_ed001e45_5927_4f62_b470_ca766338d083:active{ background: #378f24; } <\/style> <button class=\"bokunButton\" disabled id=bokun_ed001e45_5927_4f62_b470_ca766338d083 data-src=\"https:\/\/widgets.bokun.io\/online-sales\/a1e93e96-5232-4734-a595-28405f4b5a31\/experience-calendar\/885161?partialView=1\" data-testid=\"widget-book-button\" > Book now <\/button> ","what_you\u2019ll_experience_during_the_game":"Volendamin vieh\u00e4tt\u00e4v\u00e4ss\u00e4 kaupungissa aloitat ainutlaatuisen City Gamen, matkan, joka yhdist\u00e4\u00e4 t\u00e4ydellisesti n\u00e4ht\u00e4vyyksien katselun mukaansatempaavaan tarinaan ja sarjaan interaktiivisia haasteita. Kadota itsesi Volendamin kapeiden kujien ja ajattoman arkkitehtuurin vieh\u00e4tykseen, kun pelioppaasi johdattaa sinut alueen ikonisten ja piilotettujen helmien l\u00e4pi. L\u00f6yd\u00e4 henke\u00e4salpaavia paikkoja, kuten vilkas kauppatori, rauhallinen satama ja vieh\u00e4tt\u00e4v\u00e4t kanavat, upottaen sinut t\u00e4ysin t\u00e4m\u00e4n lumoavan hollantilaiskaupungin syd\u00e4meen ja sieluun. T\u00e4m\u00e4 tutkimuspeli ei ainoastaan anna sinun sukeltaa syv\u00e4lle Volendamin rikkaaseen historiaan, vaan varmistaa, ett\u00e4 jokainen k\u00e4\u00e4nne on j\u00e4nnitt\u00e4v\u00e4 l\u00f6yt\u00f6hetki.\n\nNavigoidessasi Volendamissa, ratkaise sarja pulmia, arvoituksia ja kysymyksi\u00e4, jotka on suunniteltu testaamaan intuitiotasi ja luovuuttasi. Peli sis\u00e4lt\u00e4\u00e4 innovatiivisia haasteita, kuten ep\u00e4tavallisten kuvien ottamisen, jotka on suunniteltu tehostamaan kokemustasi, kun selvit\u00e4t t\u00e4m\u00e4n muinaisen kaupungin mysteerej\u00e4. Jokainen suoritettu teht\u00e4v\u00e4 ansaitsee sinulle pisteit\u00e4 ja auttaa avaamaan vihjeit\u00e4, vieden sinua yh\u00e4 l\u00e4hemm\u00e4s lopullisen mysteerin ratkaisemista. Jos peli muuttuu intensiiviseksi, voit vapaasti keskeytt\u00e4\u00e4 sen milloin tahansa ja jatkaa, kun olet valmis. Lis\u00e4ksi kilpailuhenkiset pelaajat voivat tavoitella k\u00e4rkipaikkoja pelin tulostaululla, mik\u00e4 lis\u00e4\u00e4 j\u00e4nnitt\u00e4v\u00e4n ulottuvuuden kokemukseen. T\u00e4m\u00e4 mukaansatempaava City Game tarjoaa todella ainutlaatuisen ja innostavan tavan kokea Volendamin taikaa.","how_to_play":"Varaa tutkimuspeli, tarkista s\u00e4hk\u00f6postiviesti, jonka l\u00e4het\u00e4mme sinulle yksinkertaisine ohjeineen, lataa Loquiz-sovellus, p\u00e4\u00e4set tutkimuspeliin ja olet valmis aloittamaan pelikokemuksesi!","start_location":"Volendam, Havendijkje","available_languages":["en"],"players_per_group":"1-4","duration":"1.5-2 hours","image_overlay_color_image":"https:\/\/testwebsite.citygame.com\/wp-content\/blogs.dir\/1\/files\/sites\/62\/2026\/01\/SecretsColor.svg","image_overlay_game_logo":"https:\/\/testwebsite.citygame.com\/wp-content\/blogs.dir\/1\/files\/sites\/62\/2026\/01\/SecretsLogo.png","city_page":15881,"woocommerce_general_content":null},"yoast_head":"<!-- This site is optimized with the Yoast SEO Premium plugin v26.2 (Yoast SEO v26.3) - https:\/\/yoast.com\/wordpress\/plugins\/seo\/ -->\n<title>Secrets of Volendam - City Game<\/title>\n<meta name=\"description\" content=\"Secrets of Volendam. Pelaa itseohjautuvaa kaupunkipeli\u00e4 ja tutki kaupunkia pulmien, arvoitusten ja haasteiden avulla. Pelaa omaan tahtiisi ja l\u00f6yd\u00e4 paikkoja kuin paikallinen!\" \/>\n<meta name=\"robots\" content=\"noindex, follow, max-snippet:-1, max-image-preview:large, max-video-preview:-1\" \/>\n<meta property=\"og:locale\" content=\"fi_FI\" \/>\n<meta property=\"og:type\" content=\"article\" \/>\n<meta property=\"og:title\" content=\"Secrets of Volendam\" \/>\n<meta property=\"og:description\" content=\"Secrets of Volendam. Pelaa itseohjautuvaa kaupunkipeli\u00e4 ja tutki kaupunkia pulmien, arvoitusten ja haasteiden avulla. Pelaa omaan tahtiisi ja l\u00f6yd\u00e4 paikkoja kuin paikallinen!\" \/>\n<meta property=\"og:url\" content=\"https:\/\/testwebsite.citygame.com\/fi\/games\/volendam\/secrets-of-volendam\/\" \/>\n<meta property=\"og:site_name\" content=\"City Game\" \/>\n<meta property=\"article:publisher\" content=\"https:\/\/www.facebook.com\/profile.php?id=100086426226253\" \/>\n<meta property=\"article:modified_time\" content=\"2026-04-08T23:28:55+00:00\" \/>\n<meta property=\"og:image\" content=\"https:\/\/testwebsite.citygame.com\/wp-content\/blogs.dir\/1\/files\/sites\/62\/2026\/03\/volendam-players-city-game-vincentius-church.jpg\" \/>\n\t<meta property=\"og:image:width\" content=\"1024\" \/>\n\t<meta property=\"og:image:height\" content=\"1024\" \/>\n\t<meta property=\"og:image:type\" content=\"image\/jpeg\" \/>\n<meta name=\"twitter:card\" content=\"summary_large_image\" \/>\n<meta name=\"twitter:label1\" content=\"Arvioitu lukuaika\" \/>\n\t<meta name=\"twitter:data1\" content=\"1 minuutti\" \/>\n<script type=\"application\/ld+json\" class=\"yoast-schema-graph\">{\"@context\":\"https:\/\/schema.org\",\"@graph\":[{\"@type\":\"WebPage\",\"@id\":\"https:\/\/testwebsite.citygame.com\/fi\/games\/volendam\/secrets-of-volendam\/\",\"url\":\"https:\/\/testwebsite.citygame.com\/fi\/games\/volendam\/secrets-of-volendam\/\",\"name\":\"Secrets of Volendam - City Game\",\"isPartOf\":{\"@id\":\"https:\/\/testwebsite.upevents.nl\/#website\"},\"primaryImageOfPage\":{\"@id\":\"https:\/\/testwebsite.citygame.com\/fi\/games\/volendam\/secrets-of-volendam\/#primaryimage\"},\"image\":{\"@id\":\"https:\/\/testwebsite.citygame.com\/fi\/games\/volendam\/secrets-of-volendam\/#primaryimage\"},\"thumbnailUrl\":\"https:\/\/testwebsite.citygame.com\/wp-content\/blogs.dir\/1\/files\/sites\/62\/2026\/03\/volendam-players-city-game-vincentius-church.jpg\",\"datePublished\":\"2026-03-16T10:23:32+00:00\",\"dateModified\":\"2026-04-08T23:28:55+00:00\",\"description\":\"Secrets of Volendam. Pelaa itseohjautuvaa kaupunkipeli\u00e4 ja tutki kaupunkia pulmien, arvoitusten ja haasteiden avulla. Pelaa omaan tahtiisi ja l\u00f6yd\u00e4 paikkoja kuin paikallinen!\",\"breadcrumb\":{\"@id\":\"https:\/\/testwebsite.citygame.com\/fi\/games\/volendam\/secrets-of-volendam\/#breadcrumb\"},\"inLanguage\":\"fi\",\"potentialAction\":[{\"@type\":\"ReadAction\",\"target\":[\"https:\/\/testwebsite.citygame.com\/fi\/games\/volendam\/secrets-of-volendam\/\"]}]},{\"@type\":\"ImageObject\",\"inLanguage\":\"fi\",\"@id\":\"https:\/\/testwebsite.citygame.com\/fi\/games\/volendam\/secrets-of-volendam\/#primaryimage\",\"url\":\"https:\/\/testwebsite.citygame.com\/wp-content\/blogs.dir\/1\/files\/sites\/62\/2026\/03\/volendam-players-city-game-vincentius-church.jpg\",\"contentUrl\":\"https:\/\/testwebsite.citygame.com\/wp-content\/blogs.dir\/1\/files\/sites\/62\/2026\/03\/volendam-players-city-game-vincentius-church.jpg\",\"width\":1024,\"height\":1024,\"caption\":\"A group of friends looking at a smartphone while playing a city game in Volendam.\"},{\"@type\":\"BreadcrumbList\",\"@id\":\"https:\/\/testwebsite.citygame.com\/fi\/games\/volendam\/secrets-of-volendam\/#breadcrumb\",\"itemListElement\":[{\"@type\":\"ListItem\",\"position\":1,\"name\":\"Home\",\"item\":\"https:\/\/testwebsite.citygame.com\/fi\/\"},{\"@type\":\"ListItem\",\"position\":2,\"name\":\"Shop\",\"item\":\"https:\/\/testwebsite.citygame.com\/shop\/\"},{\"@type\":\"ListItem\",\"position\":3,\"name\":\"Secrets of Volendam\"}]},{\"@type\":\"WebSite\",\"@id\":\"https:\/\/testwebsite.upevents.nl\/#website\",\"url\":\"https:\/\/testwebsite.upevents.nl\/\",\"name\":\"City Game\",\"description\":\"\",\"publisher\":{\"@id\":\"https:\/\/testwebsite.upevents.nl\/#organization\"},\"alternateName\":\"citygame.com\",\"potentialAction\":[{\"@type\":\"SearchAction\",\"target\":{\"@type\":\"EntryPoint\",\"urlTemplate\":\"https:\/\/testwebsite.upevents.nl\/?s={search_term_string}\"},\"query-input\":{\"@type\":\"PropertyValueSpecification\",\"valueRequired\":true,\"valueName\":\"search_term_string\"}}],\"inLanguage\":\"fi\"},{\"@type\":[\"Organization\",\"Place\"],\"@id\":\"https:\/\/testwebsite.upevents.nl\/#organization\",\"name\":\"City Game\",\"alternateName\":\"citygame.com\",\"url\":\"https:\/\/testwebsite.upevents.nl\/\",\"logo\":{\"@id\":\"https:\/\/testwebsite.citygame.com\/fi\/games\/volendam\/secrets-of-volendam\/#local-main-organization-logo\"},\"image\":{\"@id\":\"https:\/\/testwebsite.citygame.com\/fi\/games\/volendam\/secrets-of-volendam\/#local-main-organization-logo\"},\"sameAs\":[\"https:\/\/www.facebook.com\/profile.php?id=100086426226253\",\"https:\/\/www.instagram.com\/citygame_com\",\"https:\/\/www.tiktok.com\/@citygamecom\/\",\"https:\/\/www.linkedin.com\/company\/citygame-com\"],\"description\":\"Turn any city into a playground with our interactive City Games and self-guided tours. Fun, flexible, and ideal for groups and team building.\",\"telephone\":[],\"openingHoursSpecification\":[{\"@type\":\"OpeningHoursSpecification\",\"dayOfWeek\":[\"Monday\",\"Tuesday\",\"Wednesday\",\"Thursday\",\"Friday\",\"Saturday\",\"Sunday\"],\"opens\":\"09:00\",\"closes\":\"17:00\"}]},{\"@type\":\"ImageObject\",\"inLanguage\":\"fi\",\"@id\":\"https:\/\/testwebsite.citygame.com\/fi\/games\/volendam\/secrets-of-volendam\/#local-main-organization-logo\",\"url\":\"https:\/\/testwebsite.citygame.com\/wp-content\/blogs.dir\/1\/files\/sites\/62\/2025\/10\/CG_LOGO-City-Game.png\",\"contentUrl\":\"https:\/\/testwebsite.citygame.com\/wp-content\/blogs.dir\/1\/files\/sites\/62\/2025\/10\/CG_LOGO-City-Game.png\",\"width\":351,\"height\":377,\"caption\":\"City Game\"}]}<\/script>\n<!-- \/ Yoast SEO Premium plugin. -->","yoast_head_json":{"title":"Secrets of Volendam - City Game","description":"Secrets of Volendam. Pelaa itseohjautuvaa kaupunkipeli\u00e4 ja tutki kaupunkia pulmien, arvoitusten ja haasteiden avulla. Pelaa omaan tahtiisi ja l\u00f6yd\u00e4 paikkoja kuin paikallinen!","robots":{"index":"noindex","follow":"follow","max-snippet":"max-snippet:-1","max-image-preview":"max-image-preview:large","max-video-preview":"max-video-preview:-1"},"og_locale":"fi_FI","og_type":"article","og_title":"Secrets of Volendam","og_description":"Secrets of Volendam. Pelaa itseohjautuvaa kaupunkipeli\u00e4 ja tutki kaupunkia pulmien, arvoitusten ja haasteiden avulla. Pelaa omaan tahtiisi ja l\u00f6yd\u00e4 paikkoja kuin paikallinen!","og_url":"https:\/\/testwebsite.citygame.com\/fi\/games\/volendam\/secrets-of-volendam\/","og_site_name":"City Game","article_publisher":"https:\/\/www.facebook.com\/profile.php?id=100086426226253","article_modified_time":"2026-04-08T23:28:55+00:00","og_image":[{"width":1024,"height":1024,"url":"https:\/\/testwebsite.citygame.com\/wp-content\/blogs.dir\/1\/files\/sites\/62\/2026\/03\/volendam-players-city-game-vincentius-church.jpg","type":"image\/jpeg"}],"twitter_card":"summary_large_image","twitter_misc":{"Arvioitu lukuaika":"1 minuutti"},"schema":{"@context":"https:\/\/schema.org","@graph":[{"@type":"WebPage","@id":"https:\/\/testwebsite.citygame.com\/fi\/games\/volendam\/secrets-of-volendam\/","url":"https:\/\/testwebsite.citygame.com\/fi\/games\/volendam\/secrets-of-volendam\/","name":"Secrets of Volendam - City Game","isPartOf":{"@id":"https:\/\/testwebsite.upevents.nl\/#website"},"primaryImageOfPage":{"@id":"https:\/\/testwebsite.citygame.com\/fi\/games\/volendam\/secrets-of-volendam\/#primaryimage"},"image":{"@id":"https:\/\/testwebsite.citygame.com\/fi\/games\/volendam\/secrets-of-volendam\/#primaryimage"},"thumbnailUrl":"https:\/\/testwebsite.citygame.com\/wp-content\/blogs.dir\/1\/files\/sites\/62\/2026\/03\/volendam-players-city-game-vincentius-church.jpg","datePublished":"2026-03-16T10:23:32+00:00","dateModified":"2026-04-08T23:28:55+00:00","description":"Secrets of Volendam. Pelaa itseohjautuvaa kaupunkipeli\u00e4 ja tutki kaupunkia pulmien, arvoitusten ja haasteiden avulla. Pelaa omaan tahtiisi ja l\u00f6yd\u00e4 paikkoja kuin paikallinen!","breadcrumb":{"@id":"https:\/\/testwebsite.citygame.com\/fi\/games\/volendam\/secrets-of-volendam\/#breadcrumb"},"inLanguage":"fi","potentialAction":[{"@type":"ReadAction","target":["https:\/\/testwebsite.citygame.com\/fi\/games\/volendam\/secrets-of-volendam\/"]}]},{"@type":"ImageObject","inLanguage":"fi","@id":"https:\/\/testwebsite.citygame.com\/fi\/games\/volendam\/secrets-of-volendam\/#primaryimage","url":"https:\/\/testwebsite.citygame.com\/wp-content\/blogs.dir\/1\/files\/sites\/62\/2026\/03\/volendam-players-city-game-vincentius-church.jpg","contentUrl":"https:\/\/testwebsite.citygame.com\/wp-content\/blogs.dir\/1\/files\/sites\/62\/2026\/03\/volendam-players-city-game-vincentius-church.jpg","width":1024,"height":1024,"caption":"A group of friends looking at a smartphone while playing a city game in Volendam."},{"@type":"BreadcrumbList","@id":"https:\/\/testwebsite.citygame.com\/fi\/games\/volendam\/secrets-of-volendam\/#breadcrumb","itemListElement":[{"@type":"ListItem","position":1,"name":"Home","item":"https:\/\/testwebsite.citygame.com\/fi\/"},{"@type":"ListItem","position":2,"name":"Shop","item":"https:\/\/testwebsite.citygame.com\/shop\/"},{"@type":"ListItem","position":3,"name":"Secrets of Volendam"}]},{"@type":"WebSite","@id":"https:\/\/testwebsite.upevents.nl\/#website","url":"https:\/\/testwebsite.upevents.nl\/","name":"City Game","description":"","publisher":{"@id":"https:\/\/testwebsite.upevents.nl\/#organization"},"alternateName":"citygame.com","potentialAction":[{"@type":"SearchAction","target":{"@type":"EntryPoint","urlTemplate":"https:\/\/testwebsite.upevents.nl\/?s={search_term_string}"},"query-input":{"@type":"PropertyValueSpecification","valueRequired":true,"valueName":"search_term_string"}}],"inLanguage":"fi"},{"@type":["Organization","Place"],"@id":"https:\/\/testwebsite.upevents.nl\/#organization","name":"City Game","alternateName":"citygame.com","url":"https:\/\/testwebsite.upevents.nl\/","logo":{"@id":"https:\/\/testwebsite.citygame.com\/fi\/games\/volendam\/secrets-of-volendam\/#local-main-organization-logo"},"image":{"@id":"https:\/\/testwebsite.citygame.com\/fi\/games\/volendam\/secrets-of-volendam\/#local-main-organization-logo"},"sameAs":["https:\/\/www.facebook.com\/profile.php?id=100086426226253","https:\/\/www.instagram.com\/citygame_com","https:\/\/www.tiktok.com\/@citygamecom\/","https:\/\/www.linkedin.com\/company\/citygame-com"],"description":"Turn any city into a playground with our interactive City Games and self-guided tours. Fun, flexible, and ideal for groups and team building.","telephone":[],"openingHoursSpecification":[{"@type":"OpeningHoursSpecification","dayOfWeek":["Monday","Tuesday","Wednesday","Thursday","Friday","Saturday","Sunday"],"opens":"09:00","closes":"17:00"}]},{"@type":"ImageObject","inLanguage":"fi","@id":"https:\/\/testwebsite.citygame.com\/fi\/games\/volendam\/secrets-of-volendam\/#local-main-organization-logo","url":"https:\/\/testwebsite.citygame.com\/wp-content\/blogs.dir\/1\/files\/sites\/62\/2025\/10\/CG_LOGO-City-Game.png","contentUrl":"https:\/\/testwebsite.citygame.com\/wp-content\/blogs.dir\/1\/files\/sites\/62\/2025\/10\/CG_LOGO-City-Game.png","width":351,"height":377,"caption":"City Game"}]}},"taxonomy_info":{"game-concept":[{"value":712,"label":"Secrets"}],"location":[{"value":424,"label":"Volendam"}],"product_cat":[{"value":27,"label":"Geen categorie"}]},"featured_image_src_large":["https:\/\/testwebsite.citygame.com\/wp-content\/blogs.dir\/1\/files\/sites\/62\/2026\/03\/volendam-players-city-game-vincentius-church.jpg",1024,1024,false],"author_info":[],"comment_info":"","_links":{"self":[{"href":"https:\/\/testwebsite.citygame.com\/fi\/wp-json\/wp\/v2\/product\/66814","targetHints":{"allow":["GET"]}}],"collection":[{"href":"https:\/\/testwebsite.citygame.com\/fi\/wp-json\/wp\/v2\/product"}],"about":[{"href":"https:\/\/testwebsite.citygame.com\/fi\/wp-json\/wp\/v2\/types\/product"}],"acf:post":[{"embeddable":true,"href":"https:\/\/testwebsite.citygame.com\/fi\/wp-json\/wp\/v2\/pages\/15881"}],"wp:featuredmedia":[{"embeddable":true,"href":"https:\/\/testwebsite.citygame.com\/fi\/wp-json\/wp\/v2\/media\/19028"}],"wp:attachment":[{"href":"https:\/\/testwebsite.citygame.com\/fi\/wp-json\/wp\/v2\/media?parent=66814"}],"wp:term":[{"taxonomy":"game-concept","embeddable":true,"href":"https:\/\/testwebsite.citygame.com\/fi\/wp-json\/wp\/v2\/game-concept?post=66814"},{"taxonomy":"location","embeddable":true,"href":"https:\/\/testwebsite.citygame.com\/fi\/wp-json\/wp\/v2\/location?post=66814"},{"taxonomy":"product_brand","embeddable":true,"href":"https:\/\/testwebsite.citygame.com\/fi\/wp-json\/wp\/v2\/product_brand?post=66814"},{"taxonomy":"product_cat","embeddable":true,"href":"https:\/\/testwebsite.citygame.com\/fi\/wp-json\/wp\/v2\/product_cat?post=66814"},{"taxonomy":"product_tag","embeddable":true,"href":"https:\/\/testwebsite.citygame.com\/fi\/wp-json\/wp\/v2\/product_tag?post=66814"}],"curies":[{"name":"wp","href":"https:\/\/api.w.org\/{rel}","templated":true}]}}