{"id":66659,"date":"2026-03-13T19:32:16","date_gmt":"2026-03-13T19:32:16","guid":{"rendered":"https:\/\/testwebsite.citygame.com\/games\/unknown-location\/secrets-of-oudewater\/"},"modified":"2026-04-08T22:06:54","modified_gmt":"2026-04-08T22:06:54","slug":"secrets-of-oudewater","status":"publish","type":"product","link":"https:\/\/testwebsite.citygame.com\/fi\/games\/oudewater\/secrets-of-oudewater\/","title":{"rendered":"Secrets of Oudewater"},"content":{"rendered":"<p>L\u00e4hde seikkailuun Oudewaterin historiallisessa keskustassa GPS-pohjaisen City Game Oudewater -kaupunkipelimme avulla. T\u00e4m\u00e4 omatoiminen kaupunkipeli muuttaa n\u00e4ht\u00e4vyyksien katselun helposti l\u00e4hestytt\u00e4v\u00e4ksi ja mukaansatempaavaksi tutkimuspeliksi. \u00c4lypuhelimellasi navigoi tiesi kaupungin l\u00e4pi samalla ratkoen sarjan pulmia, arvoituksia ja valokuvahaasteita. Kun pelaajat syventyv\u00e4t peliin, he l\u00f6yt\u00e4v\u00e4t Oudewaterin rikkaan historian, eloisan kulttuurin ja paljastavat piilotettuja yksityiskohtia, jotka jopa paikalliset saattavat j\u00e4tt\u00e4\u00e4 huomiotta. Peli sopii yht\u00e4 hyvin sek\u00e4 Oudewaterista kiinnostuneille vierailijoille ett\u00e4 paikallisille asukkaille, jotka etsiv\u00e4t uutta n\u00e4k\u00f6kulmaa kaupunkiinsa. Olitpa sitten liikkeell\u00e4 yksin, pariskuntana tai yst\u00e4v\u00e4- tai perheryhm\u00e4n kanssa, t\u00e4m\u00e4 interaktiivinen tutkimus tarjoaa uudenlaisen tavan kokea Oudewater.<\/p>\n","protected":false},"excerpt":{"rendered":"<p>Koe Oudewaterin piilotettu vieh\u00e4tys! Sukella kaupunkiin, joka hengitt\u00e4\u00e4 vieh\u00e4tt\u00e4vi\u00e4 maisemia, idyllisi\u00e4 kanavia ja noitaoikeudenk\u00e4yntien aavemaista historiaa. Ratkaise kiehtovia pulmia kulkiessasi sen vieh\u00e4tt\u00e4vi\u00e4, mukulakivikatuja pitkin. Oudewater on vangitseva sekoitus rauhaa ja mysteeri\u00e4 jokaisella sillalla!<\/p>\n","protected":false},"featured_media":18883,"template":"","meta":{"_acf_changed":false,"_yoast_wpseo_focuskw":"Secrets of Oudewater","_yoast_wpseo_metadesc":"Secrets of Oudewater. Pelaa omatoimista kaupunkipeli\u00e4 ja tutki kaupunkia pulmien, arvoitusten ja haasteiden avulla. Pelaa omaan tahtiisi ja l\u00f6yd\u00e4 kuin paikallinen!","_kad_blocks_custom_css":"","_kad_blocks_head_custom_js":"","_kad_blocks_body_custom_js":"","_kad_blocks_footer_custom_js":"","ghostkit_customizer_options":"","ghostkit_custom_css":"","ghostkit_custom_js_head":"","ghostkit_custom_js_foot":"","ghostkit_typography":"","_kad_post_transparent":"","_kad_post_title":"","_kad_post_layout":"","_kad_post_sidebar_id":"","_kad_post_content_style":"","_kad_post_vertical_padding":"","_kad_post_feature":"","_kad_post_feature_position":"","_kad_post_header":false,"_kad_post_footer":false,"_kad_post_classname":"","_links_to":"","_links_to_target":""},"game-concept":[712],"location":[313],"product_brand":[],"product_cat":[27],"product_tag":[],"class_list":{"0":"post-66659","1":"product","2":"type-product","3":"status-publish","4":"has-post-thumbnail","6":"game-concept-secrets","7":"location-oudewater","8":"product_cat-geen-categorie","10":"first","11":"instock","12":"shipping-taxable","13":"purchasable","14":"product-type-simple","15":"entry","16":"content-bg","17":"loop-entry"},"acf":{"full_bokun_product_name":"Self-Guided Secrets of Oudewater Exploration Game","location_name":"Oudewater","bokun_calendar_widget_code":"<script type=\"text\/javascript\" src=\"https:\/\/widgets.bokun.io\/assets\/javascripts\/apps\/build\/BokunWidgetsLoader.js?bookingChannelUUID=a1e93e96-5232-4734-a595-28405f4b5a31\" async><\/script>\n     \n    <div class=\"bokunWidget\" data-src=\"https:\/\/widgets.bokun.io\/online-sales\/a1e93e96-5232-4734-a595-28405f4b5a31\/experience-calendar\/885132\"><\/div>\n    <noscript>Please enable javascript in your browser to book<\/noscript>","bokun_button_widget_code":"<script type=\"text\/javascript\" src=\"https:\/\/widgets.bokun.io\/assets\/javascripts\/apps\/build\/BokunWidgetsLoader.js?bookingChannelUUID=a1e93e96-5232-4734-a595-28405f4b5a31\" async><\/script>\n      <style> #bokun_ed001e45_5927_4f62_b470_ca766338d083 { display: inline-block; padding: .4em 1em; background: #47b82e; border-radius: 999999px; box-shadow: none; font-weight: 600; font-size: 24px; text-decoration: none; text-align: center; color: #FFFFFF; border:none; cursor: pointer; transition: background .2s ease; } #bokun_ed001e45_5927_4f62_b470_ca766338d083:hover{ background: #2f7b1f; } #bokun_ed001e45_5927_4f62_b470_ca766338d083:active{ background: #378f24; } <\/style> <button class=\"bokunButton\" disabled id=bokun_ed001e45_5927_4f62_b470_ca766338d083 data-src=\"https:\/\/widgets.bokun.io\/online-sales\/a1e93e96-5232-4734-a595-28405f4b5a31\/experience-calendar\/885132?partialView=1\" data-testid=\"widget-book-button\" > Book now <\/button> ","what_you\u2019ll_experience_during_the_game":"Kun syvennyt Secrets of Oudewater City Game -peliin, sinulla on mahdollisuus yhdist\u00e4\u00e4 n\u00e4ht\u00e4vyyksien katselu mukaansatempaavaan tarinaan, joka on t\u00e4ynn\u00e4 interaktiivisia haasteita. T\u00e4m\u00e4 kokemus on suunniteltu opastamaan sinut sek\u00e4 Oudewaterin ikonisten ett\u00e4 piilotettujen helmien l\u00e4pi, vieden sinut matkalle kaupungin luonteenomaisten katujen varrella. Tutustu ainutlaatuiseen arkkitehtuuriin ja hienovaraisiin vivahteisiin, jotka t\u00e4ydellisesti vangitsevat Oudewaterin tunnelman, vaeltaen vieh\u00e4tt\u00e4vilt\u00e4 kanavilta vieh\u00e4tt\u00e4ville, syrj\u00e4isille poluille, jotka k\u00e4tkev\u00e4t tarinoita historiasta ja kulttuurista. Peli tuo ainutlaatuisen l\u00e4hestymistavan kaupungin l\u00f6yt\u00e4miseen, antaen sinulle mahdollisuuden kokea Oudewater ainutlaatuisen mukaansatempaavalla ja seikkailullisella tavalla.\n\nSecrets of Oudewater City Game -pelin pelaaminen ei ole vain tutkimista, vaan se on my\u00f6s ongelmanratkaisutaitojesi testaamista. K\u00e4yt\u00f6ss\u00e4si on valikoima pulmia, h\u00e4mment\u00e4vi\u00e4 arvoituksia, interaktiivisia kysymyksi\u00e4 ja luovia valokuvahaasteita, joiden parissa uppoudut t\u00e4ysin t\u00e4h\u00e4n kiehtovaan City Game -kokemukseen. N\u00e4m\u00e4 haasteet eiv\u00e4t ole vain huviksi, vaan ne mahdollistavat my\u00f6s pisteiden ansaitsemisen, t\u00e4rkeiden vihjeiden avaamisen ja seikkailusi edist\u00e4misen, kun l\u00e4hestyt pelin lopullisen mysteerin ratkaisemista. Jos tarvitset taukoa, peli voidaan keskeytt\u00e4\u00e4 milloin tahansa, jolloin voit nauttia ymp\u00e4rist\u00f6st\u00e4 tai k\u00e4yd\u00e4 sy\u00f6m\u00e4ss\u00e4 paikallisessa kahvilassa, jatkaen milloin tahansa olet valmis. Lis\u00e4t\u00e4ksesi j\u00e4nnityst\u00e4, kilpailuhenkiset voivat pyrki\u00e4 ansaitsemaan k\u00e4rkipaikan tulostaululla t\u00e4m\u00e4n unohtumattoman Oudewaterin tutkimusmatkan aikana.","how_to_play":"Varaa tutkimuspeli, tarkista sinulle l\u00e4hett\u00e4m\u00e4mme s\u00e4hk\u00f6postiviesti yksinkertaisilla ohjeilla, lataa Loquiz App, siirry tutkimuspeliin ja olet valmis aloittamaan pelikokemuksesi!","start_location":"Oudewater, Visbrug","available_languages":["en"],"players_per_group":"1-4","duration":"1.5-2 hours","image_overlay_color_image":"https:\/\/testwebsite.citygame.com\/wp-content\/blogs.dir\/1\/files\/sites\/62\/2026\/01\/SecretsColor.svg","image_overlay_game_logo":"https:\/\/testwebsite.citygame.com\/wp-content\/blogs.dir\/1\/files\/sites\/62\/2026\/01\/SecretsLogo.png","city_page":15857,"woocommerce_general_content":null},"yoast_head":"<!-- This site is optimized with the Yoast SEO Premium plugin v26.2 (Yoast SEO v26.3) - https:\/\/yoast.com\/wordpress\/plugins\/seo\/ -->\n<title>Secrets of Oudewater - City Game<\/title>\n<meta name=\"description\" content=\"Secrets of Oudewater. Pelaa omatoimista kaupunkipeli\u00e4 ja tutki kaupunkia pulmien, arvoitusten ja haasteiden avulla. Pelaa omaan tahtiisi ja l\u00f6yd\u00e4 kuin paikallinen!\" \/>\n<meta name=\"robots\" content=\"noindex, follow, max-snippet:-1, max-image-preview:large, max-video-preview:-1\" \/>\n<meta property=\"og:locale\" content=\"fi_FI\" \/>\n<meta property=\"og:type\" content=\"article\" \/>\n<meta property=\"og:title\" content=\"Secrets of Oudewater\" \/>\n<meta property=\"og:description\" content=\"Secrets of Oudewater. Pelaa omatoimista kaupunkipeli\u00e4 ja tutki kaupunkia pulmien, arvoitusten ja haasteiden avulla. Pelaa omaan tahtiisi ja l\u00f6yd\u00e4 kuin paikallinen!\" \/>\n<meta property=\"og:url\" content=\"https:\/\/testwebsite.citygame.com\/fi\/games\/oudewater\/secrets-of-oudewater\/\" \/>\n<meta property=\"og:site_name\" content=\"City Game\" \/>\n<meta property=\"article:publisher\" content=\"https:\/\/www.facebook.com\/profile.php?id=100086426226253\" \/>\n<meta property=\"article:modified_time\" content=\"2026-04-08T22:06:54+00:00\" \/>\n<meta property=\"og:image\" content=\"https:\/\/testwebsite.citygame.com\/wp-content\/blogs.dir\/1\/files\/sites\/62\/2026\/03\/woman-playing-secrets-of-oudewater-on-smartphone-historic-center.jpg\" \/>\n\t<meta property=\"og:image:width\" content=\"1024\" \/>\n\t<meta property=\"og:image:height\" content=\"1024\" \/>\n\t<meta property=\"og:image:type\" content=\"image\/jpeg\" \/>\n<meta name=\"twitter:card\" content=\"summary_large_image\" \/>\n<meta name=\"twitter:label1\" content=\"Arvioitu lukuaika\" \/>\n\t<meta name=\"twitter:data1\" content=\"1 minuutti\" \/>\n<script type=\"application\/ld+json\" class=\"yoast-schema-graph\">{\"@context\":\"https:\/\/schema.org\",\"@graph\":[{\"@type\":\"WebPage\",\"@id\":\"https:\/\/testwebsite.citygame.com\/fi\/games\/oudewater\/secrets-of-oudewater\/\",\"url\":\"https:\/\/testwebsite.citygame.com\/fi\/games\/oudewater\/secrets-of-oudewater\/\",\"name\":\"Secrets of Oudewater - City Game\",\"isPartOf\":{\"@id\":\"https:\/\/testwebsite.upevents.nl\/#website\"},\"primaryImageOfPage\":{\"@id\":\"https:\/\/testwebsite.citygame.com\/fi\/games\/oudewater\/secrets-of-oudewater\/#primaryimage\"},\"image\":{\"@id\":\"https:\/\/testwebsite.citygame.com\/fi\/games\/oudewater\/secrets-of-oudewater\/#primaryimage\"},\"thumbnailUrl\":\"https:\/\/testwebsite.citygame.com\/wp-content\/blogs.dir\/1\/files\/sites\/62\/2026\/03\/woman-playing-secrets-of-oudewater-on-smartphone-historic-center.jpg\",\"datePublished\":\"2026-03-13T19:32:16+00:00\",\"dateModified\":\"2026-04-08T22:06:54+00:00\",\"description\":\"Secrets of Oudewater. Pelaa omatoimista kaupunkipeli\u00e4 ja tutki kaupunkia pulmien, arvoitusten ja haasteiden avulla. Pelaa omaan tahtiisi ja l\u00f6yd\u00e4 kuin paikallinen!\",\"breadcrumb\":{\"@id\":\"https:\/\/testwebsite.citygame.com\/fi\/games\/oudewater\/secrets-of-oudewater\/#breadcrumb\"},\"inLanguage\":\"fi\",\"potentialAction\":[{\"@type\":\"ReadAction\",\"target\":[\"https:\/\/testwebsite.citygame.com\/fi\/games\/oudewater\/secrets-of-oudewater\/\"]}]},{\"@type\":\"ImageObject\",\"inLanguage\":\"fi\",\"@id\":\"https:\/\/testwebsite.citygame.com\/fi\/games\/oudewater\/secrets-of-oudewater\/#primaryimage\",\"url\":\"https:\/\/testwebsite.citygame.com\/wp-content\/blogs.dir\/1\/files\/sites\/62\/2026\/03\/woman-playing-secrets-of-oudewater-on-smartphone-historic-center.jpg\",\"contentUrl\":\"https:\/\/testwebsite.citygame.com\/wp-content\/blogs.dir\/1\/files\/sites\/62\/2026\/03\/woman-playing-secrets-of-oudewater-on-smartphone-historic-center.jpg\",\"width\":1024,\"height\":1024,\"caption\":\"A player interacts with the Secrets of Oudewater game app in the historic city center.\"},{\"@type\":\"BreadcrumbList\",\"@id\":\"https:\/\/testwebsite.citygame.com\/fi\/games\/oudewater\/secrets-of-oudewater\/#breadcrumb\",\"itemListElement\":[{\"@type\":\"ListItem\",\"position\":1,\"name\":\"Home\",\"item\":\"https:\/\/testwebsite.citygame.com\/fi\/\"},{\"@type\":\"ListItem\",\"position\":2,\"name\":\"Shop\",\"item\":\"https:\/\/testwebsite.citygame.com\/shop\/\"},{\"@type\":\"ListItem\",\"position\":3,\"name\":\"Secrets of Oudewater\"}]},{\"@type\":\"WebSite\",\"@id\":\"https:\/\/testwebsite.upevents.nl\/#website\",\"url\":\"https:\/\/testwebsite.upevents.nl\/\",\"name\":\"City Game\",\"description\":\"\",\"publisher\":{\"@id\":\"https:\/\/testwebsite.upevents.nl\/#organization\"},\"alternateName\":\"citygame.com\",\"potentialAction\":[{\"@type\":\"SearchAction\",\"target\":{\"@type\":\"EntryPoint\",\"urlTemplate\":\"https:\/\/testwebsite.upevents.nl\/?s={search_term_string}\"},\"query-input\":{\"@type\":\"PropertyValueSpecification\",\"valueRequired\":true,\"valueName\":\"search_term_string\"}}],\"inLanguage\":\"fi\"},{\"@type\":[\"Organization\",\"Place\"],\"@id\":\"https:\/\/testwebsite.upevents.nl\/#organization\",\"name\":\"City Game\",\"alternateName\":\"citygame.com\",\"url\":\"https:\/\/testwebsite.upevents.nl\/\",\"logo\":{\"@id\":\"https:\/\/testwebsite.citygame.com\/fi\/games\/oudewater\/secrets-of-oudewater\/#local-main-organization-logo\"},\"image\":{\"@id\":\"https:\/\/testwebsite.citygame.com\/fi\/games\/oudewater\/secrets-of-oudewater\/#local-main-organization-logo\"},\"sameAs\":[\"https:\/\/www.facebook.com\/profile.php?id=100086426226253\",\"https:\/\/www.instagram.com\/citygame_com\",\"https:\/\/www.tiktok.com\/@citygamecom\/\",\"https:\/\/www.linkedin.com\/company\/citygame-com\"],\"description\":\"Turn any city into a playground with our interactive City Games and self-guided tours. Fun, flexible, and ideal for groups and team building.\",\"telephone\":[],\"openingHoursSpecification\":[{\"@type\":\"OpeningHoursSpecification\",\"dayOfWeek\":[\"Monday\",\"Tuesday\",\"Wednesday\",\"Thursday\",\"Friday\",\"Saturday\",\"Sunday\"],\"opens\":\"09:00\",\"closes\":\"17:00\"}]},{\"@type\":\"ImageObject\",\"inLanguage\":\"fi\",\"@id\":\"https:\/\/testwebsite.citygame.com\/fi\/games\/oudewater\/secrets-of-oudewater\/#local-main-organization-logo\",\"url\":\"https:\/\/testwebsite.citygame.com\/wp-content\/blogs.dir\/1\/files\/sites\/62\/2025\/10\/CG_LOGO-City-Game.png\",\"contentUrl\":\"https:\/\/testwebsite.citygame.com\/wp-content\/blogs.dir\/1\/files\/sites\/62\/2025\/10\/CG_LOGO-City-Game.png\",\"width\":351,\"height\":377,\"caption\":\"City Game\"}]}<\/script>\n<!-- \/ Yoast SEO Premium plugin. -->","yoast_head_json":{"title":"Secrets of Oudewater - City Game","description":"Secrets of Oudewater. Pelaa omatoimista kaupunkipeli\u00e4 ja tutki kaupunkia pulmien, arvoitusten ja haasteiden avulla. Pelaa omaan tahtiisi ja l\u00f6yd\u00e4 kuin paikallinen!","robots":{"index":"noindex","follow":"follow","max-snippet":"max-snippet:-1","max-image-preview":"max-image-preview:large","max-video-preview":"max-video-preview:-1"},"og_locale":"fi_FI","og_type":"article","og_title":"Secrets of Oudewater","og_description":"Secrets of Oudewater. Pelaa omatoimista kaupunkipeli\u00e4 ja tutki kaupunkia pulmien, arvoitusten ja haasteiden avulla. Pelaa omaan tahtiisi ja l\u00f6yd\u00e4 kuin paikallinen!","og_url":"https:\/\/testwebsite.citygame.com\/fi\/games\/oudewater\/secrets-of-oudewater\/","og_site_name":"City Game","article_publisher":"https:\/\/www.facebook.com\/profile.php?id=100086426226253","article_modified_time":"2026-04-08T22:06:54+00:00","og_image":[{"width":1024,"height":1024,"url":"https:\/\/testwebsite.citygame.com\/wp-content\/blogs.dir\/1\/files\/sites\/62\/2026\/03\/woman-playing-secrets-of-oudewater-on-smartphone-historic-center.jpg","type":"image\/jpeg"}],"twitter_card":"summary_large_image","twitter_misc":{"Arvioitu lukuaika":"1 minuutti"},"schema":{"@context":"https:\/\/schema.org","@graph":[{"@type":"WebPage","@id":"https:\/\/testwebsite.citygame.com\/fi\/games\/oudewater\/secrets-of-oudewater\/","url":"https:\/\/testwebsite.citygame.com\/fi\/games\/oudewater\/secrets-of-oudewater\/","name":"Secrets of Oudewater - City Game","isPartOf":{"@id":"https:\/\/testwebsite.upevents.nl\/#website"},"primaryImageOfPage":{"@id":"https:\/\/testwebsite.citygame.com\/fi\/games\/oudewater\/secrets-of-oudewater\/#primaryimage"},"image":{"@id":"https:\/\/testwebsite.citygame.com\/fi\/games\/oudewater\/secrets-of-oudewater\/#primaryimage"},"thumbnailUrl":"https:\/\/testwebsite.citygame.com\/wp-content\/blogs.dir\/1\/files\/sites\/62\/2026\/03\/woman-playing-secrets-of-oudewater-on-smartphone-historic-center.jpg","datePublished":"2026-03-13T19:32:16+00:00","dateModified":"2026-04-08T22:06:54+00:00","description":"Secrets of Oudewater. Pelaa omatoimista kaupunkipeli\u00e4 ja tutki kaupunkia pulmien, arvoitusten ja haasteiden avulla. Pelaa omaan tahtiisi ja l\u00f6yd\u00e4 kuin paikallinen!","breadcrumb":{"@id":"https:\/\/testwebsite.citygame.com\/fi\/games\/oudewater\/secrets-of-oudewater\/#breadcrumb"},"inLanguage":"fi","potentialAction":[{"@type":"ReadAction","target":["https:\/\/testwebsite.citygame.com\/fi\/games\/oudewater\/secrets-of-oudewater\/"]}]},{"@type":"ImageObject","inLanguage":"fi","@id":"https:\/\/testwebsite.citygame.com\/fi\/games\/oudewater\/secrets-of-oudewater\/#primaryimage","url":"https:\/\/testwebsite.citygame.com\/wp-content\/blogs.dir\/1\/files\/sites\/62\/2026\/03\/woman-playing-secrets-of-oudewater-on-smartphone-historic-center.jpg","contentUrl":"https:\/\/testwebsite.citygame.com\/wp-content\/blogs.dir\/1\/files\/sites\/62\/2026\/03\/woman-playing-secrets-of-oudewater-on-smartphone-historic-center.jpg","width":1024,"height":1024,"caption":"A player interacts with the Secrets of Oudewater game app in the historic city center."},{"@type":"BreadcrumbList","@id":"https:\/\/testwebsite.citygame.com\/fi\/games\/oudewater\/secrets-of-oudewater\/#breadcrumb","itemListElement":[{"@type":"ListItem","position":1,"name":"Home","item":"https:\/\/testwebsite.citygame.com\/fi\/"},{"@type":"ListItem","position":2,"name":"Shop","item":"https:\/\/testwebsite.citygame.com\/shop\/"},{"@type":"ListItem","position":3,"name":"Secrets of Oudewater"}]},{"@type":"WebSite","@id":"https:\/\/testwebsite.upevents.nl\/#website","url":"https:\/\/testwebsite.upevents.nl\/","name":"City Game","description":"","publisher":{"@id":"https:\/\/testwebsite.upevents.nl\/#organization"},"alternateName":"citygame.com","potentialAction":[{"@type":"SearchAction","target":{"@type":"EntryPoint","urlTemplate":"https:\/\/testwebsite.upevents.nl\/?s={search_term_string}"},"query-input":{"@type":"PropertyValueSpecification","valueRequired":true,"valueName":"search_term_string"}}],"inLanguage":"fi"},{"@type":["Organization","Place"],"@id":"https:\/\/testwebsite.upevents.nl\/#organization","name":"City Game","alternateName":"citygame.com","url":"https:\/\/testwebsite.upevents.nl\/","logo":{"@id":"https:\/\/testwebsite.citygame.com\/fi\/games\/oudewater\/secrets-of-oudewater\/#local-main-organization-logo"},"image":{"@id":"https:\/\/testwebsite.citygame.com\/fi\/games\/oudewater\/secrets-of-oudewater\/#local-main-organization-logo"},"sameAs":["https:\/\/www.facebook.com\/profile.php?id=100086426226253","https:\/\/www.instagram.com\/citygame_com","https:\/\/www.tiktok.com\/@citygamecom\/","https:\/\/www.linkedin.com\/company\/citygame-com"],"description":"Turn any city into a playground with our interactive City Games and self-guided tours. Fun, flexible, and ideal for groups and team building.","telephone":[],"openingHoursSpecification":[{"@type":"OpeningHoursSpecification","dayOfWeek":["Monday","Tuesday","Wednesday","Thursday","Friday","Saturday","Sunday"],"opens":"09:00","closes":"17:00"}]},{"@type":"ImageObject","inLanguage":"fi","@id":"https:\/\/testwebsite.citygame.com\/fi\/games\/oudewater\/secrets-of-oudewater\/#local-main-organization-logo","url":"https:\/\/testwebsite.citygame.com\/wp-content\/blogs.dir\/1\/files\/sites\/62\/2025\/10\/CG_LOGO-City-Game.png","contentUrl":"https:\/\/testwebsite.citygame.com\/wp-content\/blogs.dir\/1\/files\/sites\/62\/2025\/10\/CG_LOGO-City-Game.png","width":351,"height":377,"caption":"City Game"}]}},"taxonomy_info":{"game-concept":[{"value":712,"label":"Secrets"}],"location":[{"value":313,"label":"Oudewater"}],"product_cat":[{"value":27,"label":"Geen categorie"}]},"featured_image_src_large":["https:\/\/testwebsite.citygame.com\/wp-content\/blogs.dir\/1\/files\/sites\/62\/2026\/03\/woman-playing-secrets-of-oudewater-on-smartphone-historic-center.jpg",1024,1024,false],"author_info":[],"comment_info":"","_links":{"self":[{"href":"https:\/\/testwebsite.citygame.com\/fi\/wp-json\/wp\/v2\/product\/66659","targetHints":{"allow":["GET"]}}],"collection":[{"href":"https:\/\/testwebsite.citygame.com\/fi\/wp-json\/wp\/v2\/product"}],"about":[{"href":"https:\/\/testwebsite.citygame.com\/fi\/wp-json\/wp\/v2\/types\/product"}],"acf:post":[{"embeddable":true,"href":"https:\/\/testwebsite.citygame.com\/fi\/wp-json\/wp\/v2\/pages\/15857"}],"wp:featuredmedia":[{"embeddable":true,"href":"https:\/\/testwebsite.citygame.com\/fi\/wp-json\/wp\/v2\/media\/18883"}],"wp:attachment":[{"href":"https:\/\/testwebsite.citygame.com\/fi\/wp-json\/wp\/v2\/media?parent=66659"}],"wp:term":[{"taxonomy":"game-concept","embeddable":true,"href":"https:\/\/testwebsite.citygame.com\/fi\/wp-json\/wp\/v2\/game-concept?post=66659"},{"taxonomy":"location","embeddable":true,"href":"https:\/\/testwebsite.citygame.com\/fi\/wp-json\/wp\/v2\/location?post=66659"},{"taxonomy":"product_brand","embeddable":true,"href":"https:\/\/testwebsite.citygame.com\/fi\/wp-json\/wp\/v2\/product_brand?post=66659"},{"taxonomy":"product_cat","embeddable":true,"href":"https:\/\/testwebsite.citygame.com\/fi\/wp-json\/wp\/v2\/product_cat?post=66659"},{"taxonomy":"product_tag","embeddable":true,"href":"https:\/\/testwebsite.citygame.com\/fi\/wp-json\/wp\/v2\/product_tag?post=66659"}],"curies":[{"name":"wp","href":"https:\/\/api.w.org\/{rel}","templated":true}]}}