{"id":66301,"date":"2026-03-13T15:50:41","date_gmt":"2026-03-13T15:50:41","guid":{"rendered":"https:\/\/testwebsite.citygame.com\/games\/unknown-location\/secrets-of-bunschoten-spakenburg\/"},"modified":"2026-04-08T18:47:02","modified_gmt":"2026-04-08T18:47:02","slug":"secrets-of-bunschoten-spakenburg","status":"publish","type":"product","link":"https:\/\/testwebsite.citygame.com\/fi\/games\/bunschoten-spakenburg\/secrets-of-bunschoten-spakenburg\/","title":{"rendered":"Secrets of Bunschoten-Spakenburg"},"content":{"rendered":"<p>Koe Bunschoten-Spakenburgin tutkimisen j\u00e4nnitys huippuluokan &#8220;Secrets of Bunschoten-Spakenburg City Game&#8221; -kaupunkipelill\u00e4mme. T\u00e4m\u00e4 GPS-pohjainen peli opastaa sinua Bunschoten-Spakenburgin keskustan l\u00e4pi yhdist\u00e4en teknologian itseohjatun kaupunkipelin vieh\u00e4tysvoimaan. \u00c4lypuhelinta ty\u00f6kaluna k\u00e4ytt\u00e4en pelaajat voivat ratkaista kiehtovia pulmia, vastata arvoituksiin ja suorittaa valokuvausteht\u00e4vi\u00e4, muuttaen kaupungin suureksi seikkailuksi. Matkan varrella paljastat Bunschoten-Spakenburgin historiaa, kulttuuria ja salaisia yksityiskohtia, jotka ovat piilossa kaikkien n\u00e4ht\u00e4vill\u00e4. T\u00e4m\u00e4 l\u00f6yt\u00f6retkipeli hy\u00f6dytt\u00e4\u00e4 ensikertalaisia kaupungin tutkijoita sek\u00e4 paikallisia, jotka haluavat n\u00e4hd\u00e4 kotikaupunkinsa uudesta n\u00e4k\u00f6kulmasta. Se on nautinnollinen tapa tutkia yksin, vieh\u00e4tt\u00e4v\u00e4 pariskunnille, mukaansatempaava perheille ja hauska aktiviteetti kaveriporukoille.<\/p>\n","protected":false},"excerpt":{"rendered":"<p>L\u00f6yd\u00e4 Bunschoten-Spakenburgin k\u00e4tketyt helmet! Sukella kaupunkiin, jossa perinne ja kulttuuri tanssivat sopusoinnussa, ja historia kuiskaa vanhoista kalamarkkinoista v\u00e4rikk\u00e4\u00e4lle venesatamalle. Paljasta salaisuuksia kulkiessasi vieh\u00e4tt\u00e4vill\u00e4 kujilla \u2013 Bunschoten-Spakenburg on t\u00e4ynn\u00e4 poikkeuksellisia tarinoita, jotka odottavat l\u00f6yt\u00e4mist\u00e4si!<\/p>\n","protected":false},"featured_media":18747,"template":"","meta":{"_acf_changed":false,"_yoast_wpseo_focuskw":"Secrets of Bunschoten-Spakenburg","_yoast_wpseo_metadesc":"Secrets of Bunschoten-Spakenburg. Pelaa itseohjattua City Game -peli\u00e4 ja tutki kaupunkia pulmien, arvoitusten ja haasteiden avulla. Pelaa omaan tahtiisi ja l\u00f6yd\u00e4 paikkoja kuin paikallinen!","_kad_blocks_custom_css":"","_kad_blocks_head_custom_js":"","_kad_blocks_body_custom_js":"","_kad_blocks_footer_custom_js":"","ghostkit_customizer_options":"","ghostkit_custom_css":"","ghostkit_custom_js_head":"","ghostkit_custom_js_foot":"","ghostkit_typography":"","_kad_post_transparent":"","_kad_post_title":"","_kad_post_layout":"","_kad_post_sidebar_id":"","_kad_post_content_style":"","_kad_post_vertical_padding":"","_kad_post_feature":"","_kad_post_feature_position":"","_kad_post_header":false,"_kad_post_footer":false,"_kad_post_classname":"","_links_to":"","_links_to_target":""},"game-concept":[712],"location":[108],"product_brand":[],"product_cat":[27],"product_tag":[],"class_list":{"0":"post-66301","1":"product","2":"type-product","3":"status-publish","4":"has-post-thumbnail","6":"game-concept-secrets","7":"location-bunschoten-spakenburg","8":"product_cat-geen-categorie","10":"first","11":"instock","12":"shipping-taxable","13":"purchasable","14":"product-type-simple","15":"entry","16":"content-bg","17":"loop-entry"},"acf":{"full_bokun_product_name":"Self-Guided Secrets of Bunschoten-Spakenburg Exploration Game","location_name":"Bunschoten-Spakenburg","bokun_calendar_widget_code":"<script type=\"text\/javascript\" src=\"https:\/\/widgets.bokun.io\/assets\/javascripts\/apps\/build\/BokunWidgetsLoader.js?bookingChannelUUID=a1e93e96-5232-4734-a595-28405f4b5a31\" async><\/script>\n     \n    <div class=\"bokunWidget\" data-src=\"https:\/\/widgets.bokun.io\/online-sales\/a1e93e96-5232-4734-a595-28405f4b5a31\/experience-calendar\/928042\"><\/div>\n    <noscript>Please enable javascript in your browser to book<\/noscript>","bokun_button_widget_code":"<script type=\"text\/javascript\" src=\"https:\/\/widgets.bokun.io\/assets\/javascripts\/apps\/build\/BokunWidgetsLoader.js?bookingChannelUUID=a1e93e96-5232-4734-a595-28405f4b5a31\" async><\/script>\n      <style> #bokun_ed001e45_5927_4f62_b470_ca766338d083 { display: inline-block; padding: .4em 1em; background: #47b82e; border-radius: 999999px; box-shadow: none; font-weight: 600; font-size: 24px; text-decoration: none; text-align: center; color: #FFFFFF; border:none; cursor: pointer; transition: background .2s ease; } #bokun_ed001e45_5927_4f62_b470_ca766338d083:hover{ background: #2f7b1f; } #bokun_ed001e45_5927_4f62_b470_ca766338d083:active{ background: #378f24; } <\/style> <button class=\"bokunButton\" disabled id=bokun_ed001e45_5927_4f62_b470_ca766338d083 data-src=\"https:\/\/widgets.bokun.io\/online-sales\/a1e93e96-5232-4734-a595-28405f4b5a31\/experience-calendar\/928042?partialView=1\" data-testid=\"widget-book-button\" > Book now <\/button> ","what_you\u2019ll_experience_during_the_game":"The Secrets of Bunschoten-Spakenburg City Game kutsuu sinut mukaansatempaavaan seikkailuun, joka yhdist\u00e4\u00e4 saumattomasti tarinankerronnan, n\u00e4ht\u00e4vyyksien katselun ja mukaansatempaavan pelattavuuden elementtej\u00e4. Kun navigoit vieh\u00e4tt\u00e4v\u00e4n hollantilaisen Bunschoten-Spakenburgin kaupungin l\u00e4pi, koet kiehtovan tarinan, joka paljastaa sek\u00e4 alueen suosittuja ett\u00e4 piilotettuja helmi\u00e4. Matkasi sis\u00e4lt\u00e4\u00e4 monipuolisen valikoiman kohokohtia, kuten historiallisen telakan, vanhan kyl\u00e4n kiehtovan syd\u00e4men ja upean satama-alueen. N\u00e4it\u00e4 ikonisia alueita l\u00f6yt\u00e4ess\u00e4si koet tutkimuksen ja ihmeen tunteen, joka rikastuttaa ymm\u00e4rryst\u00e4si Bunschoten-Spakenburgin ainutlaatuisesta luonteesta ja kulttuurista.\n\nKun tutkit Bunschoten-Spakenburgia, sukellat suoraan sarjaan hauskoja ja ajatuksia her\u00e4tt\u00e4vi\u00e4 haasteita, jotka testaavat ongelmanratkaisutaitojasi. Arvoitukset, pulmat ja luovat valokuvausteht\u00e4v\u00e4t tarjoavat j\u00e4nnitt\u00e4v\u00e4n hauskanpidon vuoristoradan lis\u00e4ksi my\u00f6s v\u00e4lineit\u00e4 l\u00f6yt\u00e4\u00e4 pisteit\u00e4, jotka viev\u00e4t sinua eteenp\u00e4in peliss\u00e4. Vihjeiden avaaminen ja pelin keskeisen mysteerin ratkaisemiseen p\u00e4\u00e4seminen pala palalta on s\u00e4hk\u00f6ist\u00e4v\u00e4 kokemus. Toinen t\u00e4m\u00e4n City Game -pelin etu on sen tarjoama joustavuus; voit pys\u00e4ytt\u00e4\u00e4 pelin milloin tahansa ja jatkaa retke\u00e4si silloin, kun silt\u00e4 tuntuu. Kilpailuhenkisille on lis\u00e4j\u00e4nnityst\u00e4 tarjolla tulostaululle kiipe\u00e4misess\u00e4. Muita matkailijoita vastaan pelaaminen t\u00e4ss\u00e4 tutkimuspeliss\u00e4 luo dynaamisen k\u00e4\u00e4nteen, joka lis\u00e4\u00e4 ylim\u00e4\u00e4r\u00e4isen kerroksen j\u00e4nnityst\u00e4 Bunschoten-Spakenburgin seikkailuusi.","how_to_play":"Varaa Exploration Game, tarkista sinulle l\u00e4hett\u00e4m\u00e4mme s\u00e4hk\u00f6posti yksinkertaisine ohjeineen, lataa Loquiz App, siirry Exploration Game -peliin ja olet valmis aloittamaan pelikokemuksesi!","start_location":"Bunschoten-Spakenburg, Spuiplein","available_languages":["en"],"players_per_group":"1-4","duration":"1.5-2 hours","image_overlay_color_image":"https:\/\/testwebsite.citygame.com\/wp-content\/blogs.dir\/1\/files\/sites\/62\/2026\/01\/SecretsColor.svg","image_overlay_game_logo":"https:\/\/testwebsite.citygame.com\/wp-content\/blogs.dir\/1\/files\/sites\/62\/2026\/01\/SecretsLogo.png","city_page":15788,"woocommerce_general_content":null},"yoast_head":"<!-- This site is optimized with the Yoast SEO Premium plugin v26.2 (Yoast SEO v26.3) - https:\/\/yoast.com\/wordpress\/plugins\/seo\/ -->\n<title>Secrets of Bunschoten-Spakenburg - City Game<\/title>\n<meta name=\"description\" content=\"Secrets of Bunschoten-Spakenburg. Pelaa itseohjattua City Game -peli\u00e4 ja tutki kaupunkia pulmien, arvoitusten ja haasteiden avulla. Pelaa omaan tahtiisi ja l\u00f6yd\u00e4 paikkoja kuin paikallinen!\" \/>\n<meta name=\"robots\" content=\"noindex, follow, max-snippet:-1, max-image-preview:large, max-video-preview:-1\" \/>\n<meta property=\"og:locale\" content=\"fi_FI\" \/>\n<meta property=\"og:type\" content=\"article\" \/>\n<meta property=\"og:title\" content=\"Secrets of Bunschoten-Spakenburg\" \/>\n<meta property=\"og:description\" content=\"Secrets of Bunschoten-Spakenburg. Pelaa itseohjattua City Game -peli\u00e4 ja tutki kaupunkia pulmien, arvoitusten ja haasteiden avulla. Pelaa omaan tahtiisi ja l\u00f6yd\u00e4 paikkoja kuin paikallinen!\" \/>\n<meta property=\"og:url\" content=\"https:\/\/testwebsite.citygame.com\/fi\/games\/bunschoten-spakenburg\/secrets-of-bunschoten-spakenburg\/\" \/>\n<meta property=\"og:site_name\" content=\"City Game\" \/>\n<meta property=\"article:publisher\" content=\"https:\/\/www.facebook.com\/profile.php?id=100086426226253\" \/>\n<meta property=\"article:modified_time\" content=\"2026-04-08T18:47:02+00:00\" \/>\n<meta property=\"og:image\" content=\"https:\/\/testwebsite.citygame.com\/wp-content\/blogs.dir\/1\/files\/sites\/62\/2026\/03\/group-of-friends-playing-city-game-bunschoten-spakenburg.jpg\" \/>\n\t<meta property=\"og:image:width\" content=\"1024\" \/>\n\t<meta property=\"og:image:height\" content=\"1024\" \/>\n\t<meta property=\"og:image:type\" content=\"image\/jpeg\" \/>\n<meta name=\"twitter:card\" content=\"summary_large_image\" \/>\n<meta name=\"twitter:label1\" content=\"Arvioitu lukuaika\" \/>\n\t<meta name=\"twitter:data1\" content=\"1 minuutti\" \/>\n<script type=\"application\/ld+json\" class=\"yoast-schema-graph\">{\"@context\":\"https:\/\/schema.org\",\"@graph\":[{\"@type\":\"WebPage\",\"@id\":\"https:\/\/testwebsite.citygame.com\/fi\/games\/bunschoten-spakenburg\/secrets-of-bunschoten-spakenburg\/\",\"url\":\"https:\/\/testwebsite.citygame.com\/fi\/games\/bunschoten-spakenburg\/secrets-of-bunschoten-spakenburg\/\",\"name\":\"Secrets of Bunschoten-Spakenburg - City Game\",\"isPartOf\":{\"@id\":\"https:\/\/testwebsite.upevents.nl\/#website\"},\"primaryImageOfPage\":{\"@id\":\"https:\/\/testwebsite.citygame.com\/fi\/games\/bunschoten-spakenburg\/secrets-of-bunschoten-spakenburg\/#primaryimage\"},\"image\":{\"@id\":\"https:\/\/testwebsite.citygame.com\/fi\/games\/bunschoten-spakenburg\/secrets-of-bunschoten-spakenburg\/#primaryimage\"},\"thumbnailUrl\":\"https:\/\/testwebsite.citygame.com\/wp-content\/blogs.dir\/1\/files\/sites\/62\/2026\/03\/group-of-friends-playing-city-game-bunschoten-spakenburg.jpg\",\"datePublished\":\"2026-03-13T15:50:41+00:00\",\"dateModified\":\"2026-04-08T18:47:02+00:00\",\"description\":\"Secrets of Bunschoten-Spakenburg. Pelaa itseohjattua City Game -peli\u00e4 ja tutki kaupunkia pulmien, arvoitusten ja haasteiden avulla. Pelaa omaan tahtiisi ja l\u00f6yd\u00e4 paikkoja kuin paikallinen!\",\"breadcrumb\":{\"@id\":\"https:\/\/testwebsite.citygame.com\/fi\/games\/bunschoten-spakenburg\/secrets-of-bunschoten-spakenburg\/#breadcrumb\"},\"inLanguage\":\"fi\",\"potentialAction\":[{\"@type\":\"ReadAction\",\"target\":[\"https:\/\/testwebsite.citygame.com\/fi\/games\/bunschoten-spakenburg\/secrets-of-bunschoten-spakenburg\/\"]}]},{\"@type\":\"ImageObject\",\"inLanguage\":\"fi\",\"@id\":\"https:\/\/testwebsite.citygame.com\/fi\/games\/bunschoten-spakenburg\/secrets-of-bunschoten-spakenburg\/#primaryimage\",\"url\":\"https:\/\/testwebsite.citygame.com\/wp-content\/blogs.dir\/1\/files\/sites\/62\/2026\/03\/group-of-friends-playing-city-game-bunschoten-spakenburg.jpg\",\"contentUrl\":\"https:\/\/testwebsite.citygame.com\/wp-content\/blogs.dir\/1\/files\/sites\/62\/2026\/03\/group-of-friends-playing-city-game-bunschoten-spakenburg.jpg\",\"width\":1024,\"height\":1024,\"caption\":\"A group of friends looks at a smartphone by the sunny harbor in Bunschoten-Spakenburg. Image: Google\"},{\"@type\":\"BreadcrumbList\",\"@id\":\"https:\/\/testwebsite.citygame.com\/fi\/games\/bunschoten-spakenburg\/secrets-of-bunschoten-spakenburg\/#breadcrumb\",\"itemListElement\":[{\"@type\":\"ListItem\",\"position\":1,\"name\":\"Home\",\"item\":\"https:\/\/testwebsite.citygame.com\/fi\/\"},{\"@type\":\"ListItem\",\"position\":2,\"name\":\"Shop\",\"item\":\"https:\/\/testwebsite.citygame.com\/shop\/\"},{\"@type\":\"ListItem\",\"position\":3,\"name\":\"Secrets of Bunschoten-Spakenburg\"}]},{\"@type\":\"WebSite\",\"@id\":\"https:\/\/testwebsite.upevents.nl\/#website\",\"url\":\"https:\/\/testwebsite.upevents.nl\/\",\"name\":\"City Game\",\"description\":\"\",\"publisher\":{\"@id\":\"https:\/\/testwebsite.upevents.nl\/#organization\"},\"alternateName\":\"citygame.com\",\"potentialAction\":[{\"@type\":\"SearchAction\",\"target\":{\"@type\":\"EntryPoint\",\"urlTemplate\":\"https:\/\/testwebsite.upevents.nl\/?s={search_term_string}\"},\"query-input\":{\"@type\":\"PropertyValueSpecification\",\"valueRequired\":true,\"valueName\":\"search_term_string\"}}],\"inLanguage\":\"fi\"},{\"@type\":[\"Organization\",\"Place\"],\"@id\":\"https:\/\/testwebsite.upevents.nl\/#organization\",\"name\":\"City Game\",\"alternateName\":\"citygame.com\",\"url\":\"https:\/\/testwebsite.upevents.nl\/\",\"logo\":{\"@id\":\"https:\/\/testwebsite.citygame.com\/fi\/games\/bunschoten-spakenburg\/secrets-of-bunschoten-spakenburg\/#local-main-organization-logo\"},\"image\":{\"@id\":\"https:\/\/testwebsite.citygame.com\/fi\/games\/bunschoten-spakenburg\/secrets-of-bunschoten-spakenburg\/#local-main-organization-logo\"},\"sameAs\":[\"https:\/\/www.facebook.com\/profile.php?id=100086426226253\",\"https:\/\/www.instagram.com\/citygame_com\",\"https:\/\/www.tiktok.com\/@citygamecom\/\",\"https:\/\/www.linkedin.com\/company\/citygame-com\"],\"description\":\"Turn any city into a playground with our interactive City Games and self-guided tours. Fun, flexible, and ideal for groups and team building.\",\"telephone\":[],\"openingHoursSpecification\":[{\"@type\":\"OpeningHoursSpecification\",\"dayOfWeek\":[\"Monday\",\"Tuesday\",\"Wednesday\",\"Thursday\",\"Friday\",\"Saturday\",\"Sunday\"],\"opens\":\"09:00\",\"closes\":\"17:00\"}]},{\"@type\":\"ImageObject\",\"inLanguage\":\"fi\",\"@id\":\"https:\/\/testwebsite.citygame.com\/fi\/games\/bunschoten-spakenburg\/secrets-of-bunschoten-spakenburg\/#local-main-organization-logo\",\"url\":\"https:\/\/testwebsite.citygame.com\/wp-content\/blogs.dir\/1\/files\/sites\/62\/2025\/10\/CG_LOGO-City-Game.png\",\"contentUrl\":\"https:\/\/testwebsite.citygame.com\/wp-content\/blogs.dir\/1\/files\/sites\/62\/2025\/10\/CG_LOGO-City-Game.png\",\"width\":351,\"height\":377,\"caption\":\"City Game\"}]}<\/script>\n<!-- \/ Yoast SEO Premium plugin. -->","yoast_head_json":{"title":"Secrets of Bunschoten-Spakenburg - City Game","description":"Secrets of Bunschoten-Spakenburg. Pelaa itseohjattua City Game -peli\u00e4 ja tutki kaupunkia pulmien, arvoitusten ja haasteiden avulla. Pelaa omaan tahtiisi ja l\u00f6yd\u00e4 paikkoja kuin paikallinen!","robots":{"index":"noindex","follow":"follow","max-snippet":"max-snippet:-1","max-image-preview":"max-image-preview:large","max-video-preview":"max-video-preview:-1"},"og_locale":"fi_FI","og_type":"article","og_title":"Secrets of Bunschoten-Spakenburg","og_description":"Secrets of Bunschoten-Spakenburg. Pelaa itseohjattua City Game -peli\u00e4 ja tutki kaupunkia pulmien, arvoitusten ja haasteiden avulla. Pelaa omaan tahtiisi ja l\u00f6yd\u00e4 paikkoja kuin paikallinen!","og_url":"https:\/\/testwebsite.citygame.com\/fi\/games\/bunschoten-spakenburg\/secrets-of-bunschoten-spakenburg\/","og_site_name":"City Game","article_publisher":"https:\/\/www.facebook.com\/profile.php?id=100086426226253","article_modified_time":"2026-04-08T18:47:02+00:00","og_image":[{"width":1024,"height":1024,"url":"https:\/\/testwebsite.citygame.com\/wp-content\/blogs.dir\/1\/files\/sites\/62\/2026\/03\/group-of-friends-playing-city-game-bunschoten-spakenburg.jpg","type":"image\/jpeg"}],"twitter_card":"summary_large_image","twitter_misc":{"Arvioitu lukuaika":"1 minuutti"},"schema":{"@context":"https:\/\/schema.org","@graph":[{"@type":"WebPage","@id":"https:\/\/testwebsite.citygame.com\/fi\/games\/bunschoten-spakenburg\/secrets-of-bunschoten-spakenburg\/","url":"https:\/\/testwebsite.citygame.com\/fi\/games\/bunschoten-spakenburg\/secrets-of-bunschoten-spakenburg\/","name":"Secrets of Bunschoten-Spakenburg - City Game","isPartOf":{"@id":"https:\/\/testwebsite.upevents.nl\/#website"},"primaryImageOfPage":{"@id":"https:\/\/testwebsite.citygame.com\/fi\/games\/bunschoten-spakenburg\/secrets-of-bunschoten-spakenburg\/#primaryimage"},"image":{"@id":"https:\/\/testwebsite.citygame.com\/fi\/games\/bunschoten-spakenburg\/secrets-of-bunschoten-spakenburg\/#primaryimage"},"thumbnailUrl":"https:\/\/testwebsite.citygame.com\/wp-content\/blogs.dir\/1\/files\/sites\/62\/2026\/03\/group-of-friends-playing-city-game-bunschoten-spakenburg.jpg","datePublished":"2026-03-13T15:50:41+00:00","dateModified":"2026-04-08T18:47:02+00:00","description":"Secrets of Bunschoten-Spakenburg. Pelaa itseohjattua City Game -peli\u00e4 ja tutki kaupunkia pulmien, arvoitusten ja haasteiden avulla. Pelaa omaan tahtiisi ja l\u00f6yd\u00e4 paikkoja kuin paikallinen!","breadcrumb":{"@id":"https:\/\/testwebsite.citygame.com\/fi\/games\/bunschoten-spakenburg\/secrets-of-bunschoten-spakenburg\/#breadcrumb"},"inLanguage":"fi","potentialAction":[{"@type":"ReadAction","target":["https:\/\/testwebsite.citygame.com\/fi\/games\/bunschoten-spakenburg\/secrets-of-bunschoten-spakenburg\/"]}]},{"@type":"ImageObject","inLanguage":"fi","@id":"https:\/\/testwebsite.citygame.com\/fi\/games\/bunschoten-spakenburg\/secrets-of-bunschoten-spakenburg\/#primaryimage","url":"https:\/\/testwebsite.citygame.com\/wp-content\/blogs.dir\/1\/files\/sites\/62\/2026\/03\/group-of-friends-playing-city-game-bunschoten-spakenburg.jpg","contentUrl":"https:\/\/testwebsite.citygame.com\/wp-content\/blogs.dir\/1\/files\/sites\/62\/2026\/03\/group-of-friends-playing-city-game-bunschoten-spakenburg.jpg","width":1024,"height":1024,"caption":"A group of friends looks at a smartphone by the sunny harbor in Bunschoten-Spakenburg. Image: Google"},{"@type":"BreadcrumbList","@id":"https:\/\/testwebsite.citygame.com\/fi\/games\/bunschoten-spakenburg\/secrets-of-bunschoten-spakenburg\/#breadcrumb","itemListElement":[{"@type":"ListItem","position":1,"name":"Home","item":"https:\/\/testwebsite.citygame.com\/fi\/"},{"@type":"ListItem","position":2,"name":"Shop","item":"https:\/\/testwebsite.citygame.com\/shop\/"},{"@type":"ListItem","position":3,"name":"Secrets of Bunschoten-Spakenburg"}]},{"@type":"WebSite","@id":"https:\/\/testwebsite.upevents.nl\/#website","url":"https:\/\/testwebsite.upevents.nl\/","name":"City Game","description":"","publisher":{"@id":"https:\/\/testwebsite.upevents.nl\/#organization"},"alternateName":"citygame.com","potentialAction":[{"@type":"SearchAction","target":{"@type":"EntryPoint","urlTemplate":"https:\/\/testwebsite.upevents.nl\/?s={search_term_string}"},"query-input":{"@type":"PropertyValueSpecification","valueRequired":true,"valueName":"search_term_string"}}],"inLanguage":"fi"},{"@type":["Organization","Place"],"@id":"https:\/\/testwebsite.upevents.nl\/#organization","name":"City Game","alternateName":"citygame.com","url":"https:\/\/testwebsite.upevents.nl\/","logo":{"@id":"https:\/\/testwebsite.citygame.com\/fi\/games\/bunschoten-spakenburg\/secrets-of-bunschoten-spakenburg\/#local-main-organization-logo"},"image":{"@id":"https:\/\/testwebsite.citygame.com\/fi\/games\/bunschoten-spakenburg\/secrets-of-bunschoten-spakenburg\/#local-main-organization-logo"},"sameAs":["https:\/\/www.facebook.com\/profile.php?id=100086426226253","https:\/\/www.instagram.com\/citygame_com","https:\/\/www.tiktok.com\/@citygamecom\/","https:\/\/www.linkedin.com\/company\/citygame-com"],"description":"Turn any city into a playground with our interactive City Games and self-guided tours. Fun, flexible, and ideal for groups and team building.","telephone":[],"openingHoursSpecification":[{"@type":"OpeningHoursSpecification","dayOfWeek":["Monday","Tuesday","Wednesday","Thursday","Friday","Saturday","Sunday"],"opens":"09:00","closes":"17:00"}]},{"@type":"ImageObject","inLanguage":"fi","@id":"https:\/\/testwebsite.citygame.com\/fi\/games\/bunschoten-spakenburg\/secrets-of-bunschoten-spakenburg\/#local-main-organization-logo","url":"https:\/\/testwebsite.citygame.com\/wp-content\/blogs.dir\/1\/files\/sites\/62\/2025\/10\/CG_LOGO-City-Game.png","contentUrl":"https:\/\/testwebsite.citygame.com\/wp-content\/blogs.dir\/1\/files\/sites\/62\/2025\/10\/CG_LOGO-City-Game.png","width":351,"height":377,"caption":"City Game"}]}},"taxonomy_info":{"game-concept":[{"value":712,"label":"Secrets"}],"location":[{"value":108,"label":"Bunschoten-Spakenburg"}],"product_cat":[{"value":27,"label":"Geen categorie"}]},"featured_image_src_large":["https:\/\/testwebsite.citygame.com\/wp-content\/blogs.dir\/1\/files\/sites\/62\/2026\/03\/group-of-friends-playing-city-game-bunschoten-spakenburg.jpg",1024,1024,false],"author_info":[],"comment_info":"","_links":{"self":[{"href":"https:\/\/testwebsite.citygame.com\/fi\/wp-json\/wp\/v2\/product\/66301","targetHints":{"allow":["GET"]}}],"collection":[{"href":"https:\/\/testwebsite.citygame.com\/fi\/wp-json\/wp\/v2\/product"}],"about":[{"href":"https:\/\/testwebsite.citygame.com\/fi\/wp-json\/wp\/v2\/types\/product"}],"acf:post":[{"embeddable":true,"href":"https:\/\/testwebsite.citygame.com\/fi\/wp-json\/wp\/v2\/pages\/15788"}],"wp:featuredmedia":[{"embeddable":true,"href":"https:\/\/testwebsite.citygame.com\/fi\/wp-json\/wp\/v2\/media\/18747"}],"wp:attachment":[{"href":"https:\/\/testwebsite.citygame.com\/fi\/wp-json\/wp\/v2\/media?parent=66301"}],"wp:term":[{"taxonomy":"game-concept","embeddable":true,"href":"https:\/\/testwebsite.citygame.com\/fi\/wp-json\/wp\/v2\/game-concept?post=66301"},{"taxonomy":"location","embeddable":true,"href":"https:\/\/testwebsite.citygame.com\/fi\/wp-json\/wp\/v2\/location?post=66301"},{"taxonomy":"product_brand","embeddable":true,"href":"https:\/\/testwebsite.citygame.com\/fi\/wp-json\/wp\/v2\/product_brand?post=66301"},{"taxonomy":"product_cat","embeddable":true,"href":"https:\/\/testwebsite.citygame.com\/fi\/wp-json\/wp\/v2\/product_cat?post=66301"},{"taxonomy":"product_tag","embeddable":true,"href":"https:\/\/testwebsite.citygame.com\/fi\/wp-json\/wp\/v2\/product_tag?post=66301"}],"curies":[{"name":"wp","href":"https:\/\/api.w.org\/{rel}","templated":true}]}}