{"id":65552,"date":"2026-03-16T08:39:27","date_gmt":"2026-03-16T08:39:27","guid":{"rendered":"https:\/\/testwebsite.citygame.com\/games\/unknown-location\/secrets-of-magdeburg\/"},"modified":"2026-04-08T16:12:43","modified_gmt":"2026-04-08T16:12:43","slug":"secrets-of-magdeburg","status":"publish","type":"product","link":"https:\/\/testwebsite.citygame.com\/fi\/games\/magdeburg\/secrets-of-magdeburg\/","title":{"rendered":"Secrets of Magdeburg"},"content":{"rendered":"<p>Sukella &#8220;Secrets of Magdeburg&#8221; City Game -kaupunkipelin, omatoimisen, GPS-pohjaisen tutkimuspelin, kehittyviin mysteereihin, joka sijoittuu Magdeburgin keskustaan. Kun kuljet vilkkaassa kaupunkimaisemassa \u00e4lypuhelimesi kanssa, avaat pulmia, ratkaiset arvoituksia ja suoritat valokuvahaasteita, jotka paljastavat kaupungin syv\u00e4\u00e4n juurtuneen historian, rikkaan kulttuurin ja piilotetut vivahteet. T\u00e4m\u00e4 mukaansatempaava kaupunkipeli kutsuu sinut paitsi nauttimaan leikkis\u00e4st\u00e4 seikkailusta my\u00f6s oppimaan lis\u00e4\u00e4 Magdeburgista, tehden siit\u00e4 ihanteellisen valinnan sek\u00e4 paikallisille ett\u00e4 vierailijoille. Etsitk\u00f6 leppoisaa yksinretke\u00e4 tai ryhm\u00e4aktiviteettia perheen tai yst\u00e4vien kanssa? &#8220;Secrets of Magdeburg&#8221; City Game sopii t\u00e4ydellisesti, tarjoten ainutlaatuisen tavan kokea ja arvostaa eloisaa Magdeburgin kaupunkia.<\/p>\n","protected":false},"excerpt":{"rendered":"<p>Tutustu Magdeburgin majesteettisuuteen ja mystiikkaan! Sukella kaupunkiin, jossa innovaatio v\u00e4r\u00e4htelee Elbe-joen yli ja keskiajan tarinat kaikuvat moderneissa ihmeiss\u00e4. Seuraa vihjeit\u00e4 ja kulje sen sykkiv\u00e4n ytimen l\u00e4pi, Magdeburg tarjoaa yll\u00e4tyksi\u00e4 joka kulman takana!<\/p>\n","protected":false},"featured_media":18944,"template":"","meta":{"_acf_changed":false,"_yoast_wpseo_focuskw":"Secrets of Magdeburg","_yoast_wpseo_metadesc":"Secrets of Magdeburg. Pelaa omatoimista kaupunkipeli\u00e4 ja tutki kaupunkia pulmien, arvoitusten ja haasteiden kautta. Pelaa omaan tahtiisi ja l\u00f6yd\u00e4 kuin paikallinen!","_kad_blocks_custom_css":"","_kad_blocks_head_custom_js":"","_kad_blocks_body_custom_js":"","_kad_blocks_footer_custom_js":"","ghostkit_customizer_options":"","ghostkit_custom_css":"","ghostkit_custom_js_head":"","ghostkit_custom_js_foot":"","ghostkit_typography":"","_kad_post_transparent":"","_kad_post_title":"","_kad_post_layout":"","_kad_post_sidebar_id":"","_kad_post_content_style":"","_kad_post_vertical_padding":"","_kad_post_feature":"","_kad_post_feature_position":"","_kad_post_header":false,"_kad_post_footer":false,"_kad_post_classname":"","_links_to":"","_links_to_target":""},"game-concept":[712],"location":[258],"product_brand":[],"product_cat":[27],"product_tag":[],"class_list":{"0":"post-65552","1":"product","2":"type-product","3":"status-publish","4":"has-post-thumbnail","6":"game-concept-secrets","7":"location-magdeburg","8":"product_cat-geen-categorie","10":"first","11":"instock","12":"shipping-taxable","13":"purchasable","14":"product-type-simple","15":"entry","16":"content-bg","17":"loop-entry"},"acf":{"full_bokun_product_name":"Self-Guided Secrets of Magdeburg Exploration Game","location_name":"Magdeburg","bokun_calendar_widget_code":"<script type=\"text\/javascript\" src=\"https:\/\/widgets.bokun.io\/assets\/javascripts\/apps\/build\/BokunWidgetsLoader.js?bookingChannelUUID=a1e93e96-5232-4734-a595-28405f4b5a31\" async><\/script>\n     \n    <div class=\"bokunWidget\" data-src=\"https:\/\/widgets.bokun.io\/online-sales\/a1e93e96-5232-4734-a595-28405f4b5a31\/experience-calendar\/918887\"><\/div>\n    <noscript>Please enable javascript in your browser to book<\/noscript>","bokun_button_widget_code":"<script type=\"text\/javascript\" src=\"https:\/\/widgets.bokun.io\/assets\/javascripts\/apps\/build\/BokunWidgetsLoader.js?bookingChannelUUID=a1e93e96-5232-4734-a595-28405f4b5a31\" async><\/script>\n      <style> #bokun_ed001e45_5927_4f62_b470_ca766338d083 { display: inline-block; padding: .4em 1em; background: #47b82e; border-radius: 999999px; box-shadow: none; font-weight: 600; font-size: 24px; text-decoration: none; text-align: center; color: #FFFFFF; border:none; cursor: pointer; transition: background .2s ease; } #bokun_ed001e45_5927_4f62_b470_ca766338d083:hover{ background: #2f7b1f; } #bokun_ed001e45_5927_4f62_b470_ca766338d083:active{ background: #378f24; } <\/style> <button class=\"bokunButton\" disabled id=bokun_ed001e45_5927_4f62_b470_ca766338d083 data-src=\"https:\/\/widgets.bokun.io\/online-sales\/a1e93e96-5232-4734-a595-28405f4b5a31\/experience-calendar\/918887?partialView=1\" data-testid=\"widget-book-button\" > Book now <\/button> ","what_you\u2019ll_experience_during_the_game":"L\u00e4hde j\u00e4nnitt\u00e4v\u00e4lle matkalle tutustuessasi eloisaan Magdeburgin kaupunkiin mukaansatempaavassa kaupunkipeliss\u00e4mme. Tarjoten t\u00e4ydellisen yhdistelm\u00e4n n\u00e4ht\u00e4vyyksien katselua ja interaktiivista pelaamista, kaupunkipelimme opastaa pelaajat kaupungin syd\u00e4men ikonisiin ja piilotettuihin helmiin. Pelin edetess\u00e4 l\u00f6yd\u00e4t itsesi kulkemasta merkitt\u00e4vien maamerkkien, kuten koristeellisen Magdeburg Cathedralin, merkitt\u00e4v\u00e4n Elbauenparkin ja suuren Hundertwasserhausin, l\u00e4pi. Jokainen n\u00e4ist\u00e4 Magdeburgin v\u00e4rikk\u00e4ist\u00e4 nurkista her\u00e4\u00e4 eloon, kun syvenn\u00e4t kaupungin mysteereihin, rikastuttaen tutkimus- ja l\u00f6yt\u00f6kokemustasi.\n\nKaupunkipelimme pelielementti sis\u00e4lt\u00e4\u00e4 kiehtovia pulmia, arvoituksia ja kekseli\u00e4it\u00e4 valokuvahaasteita, jotka her\u00e4tt\u00e4v\u00e4t uteliaisuutesi ja nokkeluutesi. N\u00e4m\u00e4 haasteet eiv\u00e4t ainoastaan lis\u00e4\u00e4 houkuttelevaa kierrett\u00e4 Magdeburgin tutkimiseen, vaan my\u00f6s ansaitsevat sinulle pisteit\u00e4 vihjeiden avaamiseen ja pelin viimeisen mysteerin selvitt\u00e4miseen. Pelin joustava rakenne mahdollistaa tauottamisen milloin tahansa, antaen sinun tutkia kaupunkia omaan tahtiisi ja jatkaa, kun olet valmis. Jos pid\u00e4t pienest\u00e4 kilpailusta, tavoittele korkeaa sijaa tulostaululla ja lis\u00e4\u00e4 j\u00e4nnityst\u00e4 tutkivaan pakoretkeesi t\u00e4ss\u00e4 merkitt\u00e4v\u00e4ss\u00e4 kaupungissa.","how_to_play":"Varaa tutkimuspeli, tarkista l\u00e4hett\u00e4m\u00e4mme s\u00e4hk\u00f6posti yksinkertaisine ohjeineen, lataa Loquiz App, siirry tutkimuspeliin ja olet valmis aloittamaan pelikokemuksesi!","start_location":"Magdeburg, Alter Markt","available_languages":["en"],"players_per_group":"1-4","duration":"1.5-2 hours","image_overlay_color_image":"https:\/\/testwebsite.citygame.com\/wp-content\/blogs.dir\/1\/files\/sites\/62\/2026\/01\/SecretsColor.svg","image_overlay_game_logo":"https:\/\/testwebsite.citygame.com\/wp-content\/blogs.dir\/1\/files\/sites\/62\/2026\/01\/SecretsLogo.png","city_page":15357,"woocommerce_general_content":null},"yoast_head":"<!-- This site is optimized with the Yoast SEO Premium plugin v26.2 (Yoast SEO v26.3) - https:\/\/yoast.com\/wordpress\/plugins\/seo\/ -->\n<title>Secrets of Magdeburg - City Game<\/title>\n<meta name=\"description\" content=\"Secrets of Magdeburg. Pelaa omatoimista kaupunkipeli\u00e4 ja tutki kaupunkia pulmien, arvoitusten ja haasteiden kautta. Pelaa omaan tahtiisi ja l\u00f6yd\u00e4 kuin paikallinen!\" \/>\n<meta name=\"robots\" content=\"noindex, follow, max-snippet:-1, max-image-preview:large, max-video-preview:-1\" \/>\n<meta property=\"og:locale\" content=\"fi_FI\" \/>\n<meta property=\"og:type\" content=\"article\" \/>\n<meta property=\"og:title\" content=\"Secrets of Magdeburg\" \/>\n<meta property=\"og:description\" content=\"Secrets of Magdeburg. Pelaa omatoimista kaupunkipeli\u00e4 ja tutki kaupunkia pulmien, arvoitusten ja haasteiden kautta. Pelaa omaan tahtiisi ja l\u00f6yd\u00e4 kuin paikallinen!\" \/>\n<meta property=\"og:url\" content=\"https:\/\/testwebsite.citygame.com\/fi\/games\/magdeburg\/secrets-of-magdeburg\/\" \/>\n<meta property=\"og:site_name\" content=\"City Game\" \/>\n<meta property=\"article:publisher\" content=\"https:\/\/www.facebook.com\/profile.php?id=100086426226253\" \/>\n<meta property=\"article:modified_time\" content=\"2026-04-08T16:12:43+00:00\" \/>\n<meta property=\"og:image\" content=\"https:\/\/testwebsite.citygame.com\/wp-content\/blogs.dir\/1\/files\/sites\/62\/2026\/03\/city-game-magdeburg-player-phone-historic-buildings.jpg\" \/>\n\t<meta property=\"og:image:width\" content=\"1024\" \/>\n\t<meta property=\"og:image:height\" content=\"1024\" \/>\n\t<meta property=\"og:image:type\" content=\"image\/jpeg\" \/>\n<meta name=\"twitter:card\" content=\"summary_large_image\" \/>\n<script type=\"application\/ld+json\" class=\"yoast-schema-graph\">{\"@context\":\"https:\/\/schema.org\",\"@graph\":[{\"@type\":\"WebPage\",\"@id\":\"https:\/\/testwebsite.citygame.com\/fi\/games\/magdeburg\/secrets-of-magdeburg\/\",\"url\":\"https:\/\/testwebsite.citygame.com\/fi\/games\/magdeburg\/secrets-of-magdeburg\/\",\"name\":\"Secrets of Magdeburg - City Game\",\"isPartOf\":{\"@id\":\"https:\/\/testwebsite.upevents.nl\/#website\"},\"primaryImageOfPage\":{\"@id\":\"https:\/\/testwebsite.citygame.com\/fi\/games\/magdeburg\/secrets-of-magdeburg\/#primaryimage\"},\"image\":{\"@id\":\"https:\/\/testwebsite.citygame.com\/fi\/games\/magdeburg\/secrets-of-magdeburg\/#primaryimage\"},\"thumbnailUrl\":\"https:\/\/testwebsite.citygame.com\/wp-content\/blogs.dir\/1\/files\/sites\/62\/2026\/03\/city-game-magdeburg-player-phone-historic-buildings.jpg\",\"datePublished\":\"2026-03-16T08:39:27+00:00\",\"dateModified\":\"2026-04-08T16:12:43+00:00\",\"description\":\"Secrets of Magdeburg. Pelaa omatoimista kaupunkipeli\u00e4 ja tutki kaupunkia pulmien, arvoitusten ja haasteiden kautta. Pelaa omaan tahtiisi ja l\u00f6yd\u00e4 kuin paikallinen!\",\"breadcrumb\":{\"@id\":\"https:\/\/testwebsite.citygame.com\/fi\/games\/magdeburg\/secrets-of-magdeburg\/#breadcrumb\"},\"inLanguage\":\"fi\",\"potentialAction\":[{\"@type\":\"ReadAction\",\"target\":[\"https:\/\/testwebsite.citygame.com\/fi\/games\/magdeburg\/secrets-of-magdeburg\/\"]}]},{\"@type\":\"ImageObject\",\"inLanguage\":\"fi\",\"@id\":\"https:\/\/testwebsite.citygame.com\/fi\/games\/magdeburg\/secrets-of-magdeburg\/#primaryimage\",\"url\":\"https:\/\/testwebsite.citygame.com\/wp-content\/blogs.dir\/1\/files\/sites\/62\/2026\/03\/city-game-magdeburg-player-phone-historic-buildings.jpg\",\"contentUrl\":\"https:\/\/testwebsite.citygame.com\/wp-content\/blogs.dir\/1\/files\/sites\/62\/2026\/03\/city-game-magdeburg-player-phone-historic-buildings.jpg\",\"width\":1024,\"height\":1024,\"caption\":\"A young man uses a smartphone app to discover the secrets of Magdeburg, Germany.\"},{\"@type\":\"BreadcrumbList\",\"@id\":\"https:\/\/testwebsite.citygame.com\/fi\/games\/magdeburg\/secrets-of-magdeburg\/#breadcrumb\",\"itemListElement\":[{\"@type\":\"ListItem\",\"position\":1,\"name\":\"Home\",\"item\":\"https:\/\/testwebsite.citygame.com\/fi\/\"},{\"@type\":\"ListItem\",\"position\":2,\"name\":\"Shop\",\"item\":\"https:\/\/testwebsite.citygame.com\/shop\/\"},{\"@type\":\"ListItem\",\"position\":3,\"name\":\"Secrets of Magdeburg\"}]},{\"@type\":\"WebSite\",\"@id\":\"https:\/\/testwebsite.upevents.nl\/#website\",\"url\":\"https:\/\/testwebsite.upevents.nl\/\",\"name\":\"City Game\",\"description\":\"\",\"publisher\":{\"@id\":\"https:\/\/testwebsite.upevents.nl\/#organization\"},\"alternateName\":\"citygame.com\",\"potentialAction\":[{\"@type\":\"SearchAction\",\"target\":{\"@type\":\"EntryPoint\",\"urlTemplate\":\"https:\/\/testwebsite.upevents.nl\/?s={search_term_string}\"},\"query-input\":{\"@type\":\"PropertyValueSpecification\",\"valueRequired\":true,\"valueName\":\"search_term_string\"}}],\"inLanguage\":\"fi\"},{\"@type\":[\"Organization\",\"Place\"],\"@id\":\"https:\/\/testwebsite.upevents.nl\/#organization\",\"name\":\"City Game\",\"alternateName\":\"citygame.com\",\"url\":\"https:\/\/testwebsite.upevents.nl\/\",\"logo\":{\"@id\":\"https:\/\/testwebsite.citygame.com\/fi\/games\/magdeburg\/secrets-of-magdeburg\/#local-main-organization-logo\"},\"image\":{\"@id\":\"https:\/\/testwebsite.citygame.com\/fi\/games\/magdeburg\/secrets-of-magdeburg\/#local-main-organization-logo\"},\"sameAs\":[\"https:\/\/www.facebook.com\/profile.php?id=100086426226253\",\"https:\/\/www.instagram.com\/citygame_com\",\"https:\/\/www.tiktok.com\/@citygamecom\/\",\"https:\/\/www.linkedin.com\/company\/citygame-com\"],\"description\":\"Turn any city into a playground with our interactive City Games and self-guided tours. Fun, flexible, and ideal for groups and team building.\",\"telephone\":[],\"openingHoursSpecification\":[{\"@type\":\"OpeningHoursSpecification\",\"dayOfWeek\":[\"Monday\",\"Tuesday\",\"Wednesday\",\"Thursday\",\"Friday\",\"Saturday\",\"Sunday\"],\"opens\":\"09:00\",\"closes\":\"17:00\"}]},{\"@type\":\"ImageObject\",\"inLanguage\":\"fi\",\"@id\":\"https:\/\/testwebsite.citygame.com\/fi\/games\/magdeburg\/secrets-of-magdeburg\/#local-main-organization-logo\",\"url\":\"https:\/\/testwebsite.citygame.com\/wp-content\/blogs.dir\/1\/files\/sites\/62\/2025\/10\/CG_LOGO-City-Game.png\",\"contentUrl\":\"https:\/\/testwebsite.citygame.com\/wp-content\/blogs.dir\/1\/files\/sites\/62\/2025\/10\/CG_LOGO-City-Game.png\",\"width\":351,\"height\":377,\"caption\":\"City Game\"}]}<\/script>\n<!-- \/ Yoast SEO Premium plugin. -->","yoast_head_json":{"title":"Secrets of Magdeburg - City Game","description":"Secrets of Magdeburg. Pelaa omatoimista kaupunkipeli\u00e4 ja tutki kaupunkia pulmien, arvoitusten ja haasteiden kautta. Pelaa omaan tahtiisi ja l\u00f6yd\u00e4 kuin paikallinen!","robots":{"index":"noindex","follow":"follow","max-snippet":"max-snippet:-1","max-image-preview":"max-image-preview:large","max-video-preview":"max-video-preview:-1"},"og_locale":"fi_FI","og_type":"article","og_title":"Secrets of Magdeburg","og_description":"Secrets of Magdeburg. Pelaa omatoimista kaupunkipeli\u00e4 ja tutki kaupunkia pulmien, arvoitusten ja haasteiden kautta. Pelaa omaan tahtiisi ja l\u00f6yd\u00e4 kuin paikallinen!","og_url":"https:\/\/testwebsite.citygame.com\/fi\/games\/magdeburg\/secrets-of-magdeburg\/","og_site_name":"City Game","article_publisher":"https:\/\/www.facebook.com\/profile.php?id=100086426226253","article_modified_time":"2026-04-08T16:12:43+00:00","og_image":[{"width":1024,"height":1024,"url":"https:\/\/testwebsite.citygame.com\/wp-content\/blogs.dir\/1\/files\/sites\/62\/2026\/03\/city-game-magdeburg-player-phone-historic-buildings.jpg","type":"image\/jpeg"}],"twitter_card":"summary_large_image","schema":{"@context":"https:\/\/schema.org","@graph":[{"@type":"WebPage","@id":"https:\/\/testwebsite.citygame.com\/fi\/games\/magdeburg\/secrets-of-magdeburg\/","url":"https:\/\/testwebsite.citygame.com\/fi\/games\/magdeburg\/secrets-of-magdeburg\/","name":"Secrets of Magdeburg - City Game","isPartOf":{"@id":"https:\/\/testwebsite.upevents.nl\/#website"},"primaryImageOfPage":{"@id":"https:\/\/testwebsite.citygame.com\/fi\/games\/magdeburg\/secrets-of-magdeburg\/#primaryimage"},"image":{"@id":"https:\/\/testwebsite.citygame.com\/fi\/games\/magdeburg\/secrets-of-magdeburg\/#primaryimage"},"thumbnailUrl":"https:\/\/testwebsite.citygame.com\/wp-content\/blogs.dir\/1\/files\/sites\/62\/2026\/03\/city-game-magdeburg-player-phone-historic-buildings.jpg","datePublished":"2026-03-16T08:39:27+00:00","dateModified":"2026-04-08T16:12:43+00:00","description":"Secrets of Magdeburg. Pelaa omatoimista kaupunkipeli\u00e4 ja tutki kaupunkia pulmien, arvoitusten ja haasteiden kautta. Pelaa omaan tahtiisi ja l\u00f6yd\u00e4 kuin paikallinen!","breadcrumb":{"@id":"https:\/\/testwebsite.citygame.com\/fi\/games\/magdeburg\/secrets-of-magdeburg\/#breadcrumb"},"inLanguage":"fi","potentialAction":[{"@type":"ReadAction","target":["https:\/\/testwebsite.citygame.com\/fi\/games\/magdeburg\/secrets-of-magdeburg\/"]}]},{"@type":"ImageObject","inLanguage":"fi","@id":"https:\/\/testwebsite.citygame.com\/fi\/games\/magdeburg\/secrets-of-magdeburg\/#primaryimage","url":"https:\/\/testwebsite.citygame.com\/wp-content\/blogs.dir\/1\/files\/sites\/62\/2026\/03\/city-game-magdeburg-player-phone-historic-buildings.jpg","contentUrl":"https:\/\/testwebsite.citygame.com\/wp-content\/blogs.dir\/1\/files\/sites\/62\/2026\/03\/city-game-magdeburg-player-phone-historic-buildings.jpg","width":1024,"height":1024,"caption":"A young man uses a smartphone app to discover the secrets of Magdeburg, Germany."},{"@type":"BreadcrumbList","@id":"https:\/\/testwebsite.citygame.com\/fi\/games\/magdeburg\/secrets-of-magdeburg\/#breadcrumb","itemListElement":[{"@type":"ListItem","position":1,"name":"Home","item":"https:\/\/testwebsite.citygame.com\/fi\/"},{"@type":"ListItem","position":2,"name":"Shop","item":"https:\/\/testwebsite.citygame.com\/shop\/"},{"@type":"ListItem","position":3,"name":"Secrets of Magdeburg"}]},{"@type":"WebSite","@id":"https:\/\/testwebsite.upevents.nl\/#website","url":"https:\/\/testwebsite.upevents.nl\/","name":"City Game","description":"","publisher":{"@id":"https:\/\/testwebsite.upevents.nl\/#organization"},"alternateName":"citygame.com","potentialAction":[{"@type":"SearchAction","target":{"@type":"EntryPoint","urlTemplate":"https:\/\/testwebsite.upevents.nl\/?s={search_term_string}"},"query-input":{"@type":"PropertyValueSpecification","valueRequired":true,"valueName":"search_term_string"}}],"inLanguage":"fi"},{"@type":["Organization","Place"],"@id":"https:\/\/testwebsite.upevents.nl\/#organization","name":"City Game","alternateName":"citygame.com","url":"https:\/\/testwebsite.upevents.nl\/","logo":{"@id":"https:\/\/testwebsite.citygame.com\/fi\/games\/magdeburg\/secrets-of-magdeburg\/#local-main-organization-logo"},"image":{"@id":"https:\/\/testwebsite.citygame.com\/fi\/games\/magdeburg\/secrets-of-magdeburg\/#local-main-organization-logo"},"sameAs":["https:\/\/www.facebook.com\/profile.php?id=100086426226253","https:\/\/www.instagram.com\/citygame_com","https:\/\/www.tiktok.com\/@citygamecom\/","https:\/\/www.linkedin.com\/company\/citygame-com"],"description":"Turn any city into a playground with our interactive City Games and self-guided tours. Fun, flexible, and ideal for groups and team building.","telephone":[],"openingHoursSpecification":[{"@type":"OpeningHoursSpecification","dayOfWeek":["Monday","Tuesday","Wednesday","Thursday","Friday","Saturday","Sunday"],"opens":"09:00","closes":"17:00"}]},{"@type":"ImageObject","inLanguage":"fi","@id":"https:\/\/testwebsite.citygame.com\/fi\/games\/magdeburg\/secrets-of-magdeburg\/#local-main-organization-logo","url":"https:\/\/testwebsite.citygame.com\/wp-content\/blogs.dir\/1\/files\/sites\/62\/2025\/10\/CG_LOGO-City-Game.png","contentUrl":"https:\/\/testwebsite.citygame.com\/wp-content\/blogs.dir\/1\/files\/sites\/62\/2025\/10\/CG_LOGO-City-Game.png","width":351,"height":377,"caption":"City Game"}]}},"taxonomy_info":{"game-concept":[{"value":712,"label":"Secrets"}],"location":[{"value":258,"label":"Magdeburg"}],"product_cat":[{"value":27,"label":"Geen categorie"}]},"featured_image_src_large":["https:\/\/testwebsite.citygame.com\/wp-content\/blogs.dir\/1\/files\/sites\/62\/2026\/03\/city-game-magdeburg-player-phone-historic-buildings.jpg",1024,1024,false],"author_info":[],"comment_info":"","_links":{"self":[{"href":"https:\/\/testwebsite.citygame.com\/fi\/wp-json\/wp\/v2\/product\/65552","targetHints":{"allow":["GET"]}}],"collection":[{"href":"https:\/\/testwebsite.citygame.com\/fi\/wp-json\/wp\/v2\/product"}],"about":[{"href":"https:\/\/testwebsite.citygame.com\/fi\/wp-json\/wp\/v2\/types\/product"}],"acf:post":[{"embeddable":true,"href":"https:\/\/testwebsite.citygame.com\/fi\/wp-json\/wp\/v2\/pages\/15357"}],"wp:featuredmedia":[{"embeddable":true,"href":"https:\/\/testwebsite.citygame.com\/fi\/wp-json\/wp\/v2\/media\/18944"}],"wp:attachment":[{"href":"https:\/\/testwebsite.citygame.com\/fi\/wp-json\/wp\/v2\/media?parent=65552"}],"wp:term":[{"taxonomy":"game-concept","embeddable":true,"href":"https:\/\/testwebsite.citygame.com\/fi\/wp-json\/wp\/v2\/game-concept?post=65552"},{"taxonomy":"location","embeddable":true,"href":"https:\/\/testwebsite.citygame.com\/fi\/wp-json\/wp\/v2\/location?post=65552"},{"taxonomy":"product_brand","embeddable":true,"href":"https:\/\/testwebsite.citygame.com\/fi\/wp-json\/wp\/v2\/product_brand?post=65552"},{"taxonomy":"product_cat","embeddable":true,"href":"https:\/\/testwebsite.citygame.com\/fi\/wp-json\/wp\/v2\/product_cat?post=65552"},{"taxonomy":"product_tag","embeddable":true,"href":"https:\/\/testwebsite.citygame.com\/fi\/wp-json\/wp\/v2\/product_tag?post=65552"}],"curies":[{"name":"wp","href":"https:\/\/api.w.org\/{rel}","templated":true}]}}