{"id":65390,"date":"2026-01-13T09:43:14","date_gmt":"2026-01-13T09:43:14","guid":{"rendered":"https:\/\/testwebsite.citygame.com\/games\/unknown-location\/secrets-of-edinburgh\/"},"modified":"2026-04-08T15:51:19","modified_gmt":"2026-04-08T15:51:19","slug":"secrets-of-edinburgh","status":"publish","type":"product","link":"https:\/\/testwebsite.citygame.com\/fi\/games\/edinburgh\/secrets-of-edinburgh\/","title":{"rendered":"Secrets of Edinburgh"},"content":{"rendered":"<p>Secrets of Edinburgh City Game on itseohjautuva, GPS-pohjainen peli, joka sijoittuu Edinburghin historialliseen keskustaan. \u00c4lypuhelimen avulla pelaajat l\u00e4htev\u00e4t interaktiiviseen tutkimuspeliin, jossa he ratkaisevat pulmia, selvitt\u00e4v\u00e4t arvoituksia ja suorittavat valokuvahaasteita. Matkan varrella osallistujat oppivat Edinburghin rikkaasta historiasta, erottuvasta kulttuurista ja usein huomiotta j\u00e4\u00e4vist\u00e4 yksityiskohdista, jotka on kudottu kaupungin kaduille ja maamerkkeihin. T\u00e4m\u00e4 City Game Edinburgh sopii erinomaisesti sek\u00e4 uusia paikkoja etsiville vierailijoille ett\u00e4 paikallisille, jotka etsiv\u00e4t uutta n\u00e4k\u00f6kulmaa. Itseohjautuva City Game on suunniteltu yksin seikkailijoille, pariskunnille, perheille tai kaveriporukoille, jotka etsiv\u00e4t joustavaa ja mukaansatempaavaa kaupunkikokemusta.<\/p>\n","protected":false},"excerpt":{"rendered":"<p>Ratkaise Edinburghin synkin mysteeri! Kulje mukulakivikatujen l\u00e4pi, jotka ovat t\u00e4ynn\u00e4 kuninkaallisia juonia ja hyyt\u00e4vi\u00e4 legendoja, kun liityt Maggie Dicksonin seuraan etsim\u00e4\u00e4n kirottua Py\u00f6velin huppua ennen kuin se vaatii seuraavan uhrinsa.<\/p>\n","protected":false},"featured_media":3535,"template":"","meta":{"_acf_changed":false,"_yoast_wpseo_focuskw":"Secrets of Edinburgh","_yoast_wpseo_metadesc":"Secrets of Edinburgh. Pelaa itseohjautuvaa City Gamea ja tutustu kaupunkiin pulmien, arvoitusten ja haasteiden avulla. Pelaa omaan tahtiisi ja l\u00f6yd\u00e4 paikkoja kuin paikallinen!","_kad_blocks_custom_css":"","_kad_blocks_head_custom_js":"","_kad_blocks_body_custom_js":"","_kad_blocks_footer_custom_js":"","ghostkit_customizer_options":"","ghostkit_custom_css":"","ghostkit_custom_js_head":"","ghostkit_custom_js_foot":"","ghostkit_typography":"","_kad_post_transparent":"default","_kad_post_title":"","_kad_post_layout":"default","_kad_post_sidebar_id":"","_kad_post_content_style":"default","_kad_post_vertical_padding":"default","_kad_post_feature":"","_kad_post_feature_position":"","_kad_post_header":false,"_kad_post_footer":false,"_kad_post_classname":"","_links_to":"","_links_to_target":""},"game-concept":[712],"location":[152],"product_brand":[],"product_cat":[27],"product_tag":[],"class_list":{"0":"post-65390","1":"product","2":"type-product","3":"status-publish","4":"has-post-thumbnail","6":"game-concept-secrets","7":"location-edinburgh","8":"product_cat-geen-categorie","10":"first","11":"instock","12":"shipping-taxable","13":"purchasable","14":"product-type-simple","15":"entry","16":"content-bg","17":"loop-entry"},"acf":{"full_bokun_product_name":"Self-Guided Secrets of Edinburgh Exploration Game","location_name":"Edinburgh","bokun_calendar_widget_code":"<script type=\"text\/javascript\" src=\"https:\/\/widgets.bokun.io\/assets\/javascripts\/apps\/build\/BokunWidgetsLoader.js?bookingChannelUUID=a1e93e96-5232-4734-a595-28405f4b5a31\" async><\/script>\n     \n    <div class=\"bokunWidget\" data-src=\"https:\/\/widgets.bokun.io\/online-sales\/a1e93e96-5232-4734-a595-28405f4b5a31\/experience-calendar\/992369\"><\/div>\n    <noscript>Please enable javascript in your browser to book<\/noscript>","bokun_button_widget_code":"<script type=\"text\/javascript\" src=\"https:\/\/widgets.bokun.io\/assets\/javascripts\/apps\/build\/BokunWidgetsLoader.js?bookingChannelUUID=a1e93e96-5232-4734-a595-28405f4b5a31\" async><\/script>\n      <style> #bokun_ed001e45_5927_4f62_b470_ca766338d083 { display: inline-block; padding: .4em 1em; background: #47b82e; border-radius: 999999px; box-shadow: none; font-weight: 600; font-size: 24px; text-decoration: none; text-align: center; color: #FFFFFF; border:none; cursor: pointer; transition: background .2s ease; } #bokun_ed001e45_5927_4f62_b470_ca766338d083:hover{ background: #2f7b1f; } #bokun_ed001e45_5927_4f62_b470_ca766338d083:active{ background: #378f24; } <\/style> <button class=\"bokunButton\" disabled id=bokun_ed001e45_5927_4f62_b470_ca766338d083 data-src=\"https:\/\/widgets.bokun.io\/online-sales\/a1e93e96-5232-4734-a595-28405f4b5a31\/experience-calendar\/992369?partialView=1\" data-testid=\"widget-book-button\" > Book now <\/button> ","what_you\u2019ll_experience_during_the_game":"Kun tutustut Edinburghiin t\u00e4ll\u00e4 City Gamell\u00e4, seuraat etenev\u00e4\u00e4 tarinaa, joka opastaa sinut sek\u00e4 tunnettuihin maamerkkeihin ett\u00e4 kaupungin tunnelmallisiin nurkkiin. Matkan varrella saatat ihailla Victoria Streetin v\u00e4rikk\u00e4it\u00e4 kauppoja, ylitt\u00e4\u00e4 vilkkaan Grassmarketin tai pys\u00e4hty\u00e4 Greyfriars Bobbyn patsaan luona. Historialliset pys\u00e4hdykset, kuten Deacon Brodie\u2019s Tavern ja Greyfriars Kirkyardin varjoisat polut, lis\u00e4\u00e4v\u00e4t syvyytt\u00e4 ja luonnetta matkaasi. Jokainen paikka tarjoaa vihjeit\u00e4 ja tunnelmaa, jotka vet\u00e4v\u00e4t sinut syvemm\u00e4lle kaupungin kerrokselliseen menneisyyteen ja piilotettuihin yksityiskohtiin.\r\n\r\nPelin aikana ratkaiset nokkelia arvoituksia, vastaat paikallisiin kysymyksiin ja suoritat luovia valokuvahaasteita, jotka on suunniteltu yhdist\u00e4m\u00e4\u00e4n sinut Edinburghin historialliseen vieh\u00e4tysvoimaan. Pisteiden ker\u00e4\u00e4minen ja vihjeiden avaaminen auttavat sinua edistym\u00e4\u00e4n lopullisen mysteerin paljastamisessa, kaikki omaan tahtiisi. Voit keskeytt\u00e4\u00e4 pelin milloin haluat ja jatkaa my\u00f6hemmin, olitpa sitten tutkimassa yksin tai muiden kanssa. Niille, jotka pelaavat kilpailullisesti, tavoittelu johtopaikalle tulostaululla lis\u00e4\u00e4 ylim\u00e4\u00e4r\u00e4isen haasteen ja hauskanpidon tason.","how_to_play":"Kun olet varannut, saat s\u00e4hk\u00f6postitse suoran pelilinkin. Siirry aloituspaikkaan Walter Francis Montagu Douglas Scottin patsaan luo ja aloita seikkailusi milloin haluat. Peli toimii suoraan \u00e4lypuhelimellasi, eik\u00e4 sovellusta tarvitse ladata. Voit keskeytt\u00e4\u00e4 milloin tahansa ja jatkaa my\u00f6hemmin, mik\u00e4 antaa sinulle t\u00e4ydellisen joustavuuden matkallesi.","start_location":"Edinburgh, Lawnmarket Statue of Walter Francis Montagu Douglas Scott","available_languages":"","players_per_group":"1-4","duration":"1.5-2 hours","image_overlay_color_image":"https:\/\/testwebsite.citygame.com\/wp-content\/blogs.dir\/1\/files\/sites\/62\/2026\/01\/SecretsColor.svg","image_overlay_game_logo":"https:\/\/testwebsite.citygame.com\/wp-content\/blogs.dir\/1\/files\/sites\/62\/2026\/01\/SecretsLogo.png","city_page":12208,"woocommerce_general_content":null},"yoast_head":"<!-- This site is optimized with the Yoast SEO Premium plugin v26.2 (Yoast SEO v26.3) - https:\/\/yoast.com\/wordpress\/plugins\/seo\/ -->\n<title>Secrets of Edinburgh - City Game<\/title>\n<meta name=\"description\" content=\"Secrets of Edinburgh. Pelaa itseohjautuvaa City Gamea ja tutustu kaupunkiin pulmien, arvoitusten ja haasteiden avulla. Pelaa omaan tahtiisi ja l\u00f6yd\u00e4 paikkoja kuin paikallinen!\" \/>\n<meta name=\"robots\" content=\"noindex, follow, max-snippet:-1, max-image-preview:large, max-video-preview:-1\" \/>\n<meta property=\"og:locale\" content=\"fi_FI\" \/>\n<meta property=\"og:type\" content=\"article\" \/>\n<meta property=\"og:title\" content=\"Secrets of Edinburgh\" \/>\n<meta property=\"og:description\" content=\"Secrets of Edinburgh. Pelaa itseohjautuvaa City Gamea ja tutustu kaupunkiin pulmien, arvoitusten ja haasteiden avulla. Pelaa omaan tahtiisi ja l\u00f6yd\u00e4 paikkoja kuin paikallinen!\" \/>\n<meta property=\"og:url\" content=\"https:\/\/testwebsite.citygame.com\/fi\/games\/edinburgh\/secrets-of-edinburgh\/\" \/>\n<meta property=\"og:site_name\" content=\"City Game\" \/>\n<meta property=\"article:publisher\" content=\"https:\/\/www.facebook.com\/profile.php?id=100086426226253\" \/>\n<meta property=\"article:modified_time\" content=\"2026-04-08T15:51:19+00:00\" \/>\n<meta property=\"og:image\" content=\"https:\/\/testwebsite.citygame.com\/wp-content\/blogs.dir\/1\/files\/sites\/62\/2026\/01\/edinburgh-st-giles-cathedral-city-game-player-secrets.jpg\" \/>\n\t<meta property=\"og:image:width\" content=\"1184\" \/>\n\t<meta property=\"og:image:height\" content=\"864\" \/>\n\t<meta property=\"og:image:type\" content=\"image\/jpeg\" \/>\n<meta name=\"twitter:card\" content=\"summary_large_image\" \/>\n<script type=\"application\/ld+json\" class=\"yoast-schema-graph\">{\"@context\":\"https:\/\/schema.org\",\"@graph\":[{\"@type\":\"WebPage\",\"@id\":\"https:\/\/testwebsite.citygame.com\/fi\/games\/edinburgh\/secrets-of-edinburgh\/\",\"url\":\"https:\/\/testwebsite.citygame.com\/fi\/games\/edinburgh\/secrets-of-edinburgh\/\",\"name\":\"Secrets of Edinburgh - City Game\",\"isPartOf\":{\"@id\":\"https:\/\/testwebsite.upevents.nl\/#website\"},\"primaryImageOfPage\":{\"@id\":\"https:\/\/testwebsite.citygame.com\/fi\/games\/edinburgh\/secrets-of-edinburgh\/#primaryimage\"},\"image\":{\"@id\":\"https:\/\/testwebsite.citygame.com\/fi\/games\/edinburgh\/secrets-of-edinburgh\/#primaryimage\"},\"thumbnailUrl\":\"https:\/\/testwebsite.citygame.com\/wp-content\/blogs.dir\/1\/files\/sites\/62\/2026\/01\/edinburgh-st-giles-cathedral-city-game-player-secrets.jpg\",\"datePublished\":\"2026-01-13T09:43:14+00:00\",\"dateModified\":\"2026-04-08T15:51:19+00:00\",\"description\":\"Secrets of Edinburgh. Pelaa itseohjautuvaa City Gamea ja tutustu kaupunkiin pulmien, arvoitusten ja haasteiden avulla. Pelaa omaan tahtiisi ja l\u00f6yd\u00e4 paikkoja kuin paikallinen!\",\"breadcrumb\":{\"@id\":\"https:\/\/testwebsite.citygame.com\/fi\/games\/edinburgh\/secrets-of-edinburgh\/#breadcrumb\"},\"inLanguage\":\"fi\",\"potentialAction\":[{\"@type\":\"ReadAction\",\"target\":[\"https:\/\/testwebsite.citygame.com\/fi\/games\/edinburgh\/secrets-of-edinburgh\/\"]}]},{\"@type\":\"ImageObject\",\"inLanguage\":\"fi\",\"@id\":\"https:\/\/testwebsite.citygame.com\/fi\/games\/edinburgh\/secrets-of-edinburgh\/#primaryimage\",\"url\":\"https:\/\/testwebsite.citygame.com\/wp-content\/blogs.dir\/1\/files\/sites\/62\/2026\/01\/edinburgh-st-giles-cathedral-city-game-player-secrets.jpg\",\"contentUrl\":\"https:\/\/testwebsite.citygame.com\/wp-content\/blogs.dir\/1\/files\/sites\/62\/2026\/01\/edinburgh-st-giles-cathedral-city-game-player-secrets.jpg\",\"width\":1184,\"height\":864,\"caption\":\"A person discovers a city secret on their phone in front of a historic landmark in Edinburgh.\"},{\"@type\":\"BreadcrumbList\",\"@id\":\"https:\/\/testwebsite.citygame.com\/fi\/games\/edinburgh\/secrets-of-edinburgh\/#breadcrumb\",\"itemListElement\":[{\"@type\":\"ListItem\",\"position\":1,\"name\":\"Home\",\"item\":\"https:\/\/testwebsite.citygame.com\/fi\/\"},{\"@type\":\"ListItem\",\"position\":2,\"name\":\"Shop\",\"item\":\"https:\/\/testwebsite.citygame.com\/shop\/\"},{\"@type\":\"ListItem\",\"position\":3,\"name\":\"Secrets of Edinburgh\"}]},{\"@type\":\"WebSite\",\"@id\":\"https:\/\/testwebsite.upevents.nl\/#website\",\"url\":\"https:\/\/testwebsite.upevents.nl\/\",\"name\":\"City Game\",\"description\":\"\",\"publisher\":{\"@id\":\"https:\/\/testwebsite.upevents.nl\/#organization\"},\"alternateName\":\"citygame.com\",\"potentialAction\":[{\"@type\":\"SearchAction\",\"target\":{\"@type\":\"EntryPoint\",\"urlTemplate\":\"https:\/\/testwebsite.upevents.nl\/?s={search_term_string}\"},\"query-input\":{\"@type\":\"PropertyValueSpecification\",\"valueRequired\":true,\"valueName\":\"search_term_string\"}}],\"inLanguage\":\"fi\"},{\"@type\":[\"Organization\",\"Place\"],\"@id\":\"https:\/\/testwebsite.upevents.nl\/#organization\",\"name\":\"City Game\",\"alternateName\":\"citygame.com\",\"url\":\"https:\/\/testwebsite.upevents.nl\/\",\"logo\":{\"@id\":\"https:\/\/testwebsite.citygame.com\/fi\/games\/edinburgh\/secrets-of-edinburgh\/#local-main-organization-logo\"},\"image\":{\"@id\":\"https:\/\/testwebsite.citygame.com\/fi\/games\/edinburgh\/secrets-of-edinburgh\/#local-main-organization-logo\"},\"sameAs\":[\"https:\/\/www.facebook.com\/profile.php?id=100086426226253\",\"https:\/\/www.instagram.com\/citygame_com\",\"https:\/\/www.tiktok.com\/@citygamecom\/\",\"https:\/\/www.linkedin.com\/company\/citygame-com\"],\"description\":\"Turn any city into a playground with our interactive City Games and self-guided tours. Fun, flexible, and ideal for groups and team building.\",\"telephone\":[],\"openingHoursSpecification\":[{\"@type\":\"OpeningHoursSpecification\",\"dayOfWeek\":[\"Monday\",\"Tuesday\",\"Wednesday\",\"Thursday\",\"Friday\",\"Saturday\",\"Sunday\"],\"opens\":\"09:00\",\"closes\":\"17:00\"}]},{\"@type\":\"ImageObject\",\"inLanguage\":\"fi\",\"@id\":\"https:\/\/testwebsite.citygame.com\/fi\/games\/edinburgh\/secrets-of-edinburgh\/#local-main-organization-logo\",\"url\":\"https:\/\/testwebsite.citygame.com\/wp-content\/blogs.dir\/1\/files\/sites\/62\/2025\/10\/CG_LOGO-City-Game.png\",\"contentUrl\":\"https:\/\/testwebsite.citygame.com\/wp-content\/blogs.dir\/1\/files\/sites\/62\/2025\/10\/CG_LOGO-City-Game.png\",\"width\":351,\"height\":377,\"caption\":\"City Game\"}]}<\/script>\n<!-- \/ Yoast SEO Premium plugin. -->","yoast_head_json":{"title":"Secrets of Edinburgh - City Game","description":"Secrets of Edinburgh. Pelaa itseohjautuvaa City Gamea ja tutustu kaupunkiin pulmien, arvoitusten ja haasteiden avulla. Pelaa omaan tahtiisi ja l\u00f6yd\u00e4 paikkoja kuin paikallinen!","robots":{"index":"noindex","follow":"follow","max-snippet":"max-snippet:-1","max-image-preview":"max-image-preview:large","max-video-preview":"max-video-preview:-1"},"og_locale":"fi_FI","og_type":"article","og_title":"Secrets of Edinburgh","og_description":"Secrets of Edinburgh. Pelaa itseohjautuvaa City Gamea ja tutustu kaupunkiin pulmien, arvoitusten ja haasteiden avulla. Pelaa omaan tahtiisi ja l\u00f6yd\u00e4 paikkoja kuin paikallinen!","og_url":"https:\/\/testwebsite.citygame.com\/fi\/games\/edinburgh\/secrets-of-edinburgh\/","og_site_name":"City Game","article_publisher":"https:\/\/www.facebook.com\/profile.php?id=100086426226253","article_modified_time":"2026-04-08T15:51:19+00:00","og_image":[{"width":1184,"height":864,"url":"https:\/\/testwebsite.citygame.com\/wp-content\/blogs.dir\/1\/files\/sites\/62\/2026\/01\/edinburgh-st-giles-cathedral-city-game-player-secrets.jpg","type":"image\/jpeg"}],"twitter_card":"summary_large_image","schema":{"@context":"https:\/\/schema.org","@graph":[{"@type":"WebPage","@id":"https:\/\/testwebsite.citygame.com\/fi\/games\/edinburgh\/secrets-of-edinburgh\/","url":"https:\/\/testwebsite.citygame.com\/fi\/games\/edinburgh\/secrets-of-edinburgh\/","name":"Secrets of Edinburgh - City Game","isPartOf":{"@id":"https:\/\/testwebsite.upevents.nl\/#website"},"primaryImageOfPage":{"@id":"https:\/\/testwebsite.citygame.com\/fi\/games\/edinburgh\/secrets-of-edinburgh\/#primaryimage"},"image":{"@id":"https:\/\/testwebsite.citygame.com\/fi\/games\/edinburgh\/secrets-of-edinburgh\/#primaryimage"},"thumbnailUrl":"https:\/\/testwebsite.citygame.com\/wp-content\/blogs.dir\/1\/files\/sites\/62\/2026\/01\/edinburgh-st-giles-cathedral-city-game-player-secrets.jpg","datePublished":"2026-01-13T09:43:14+00:00","dateModified":"2026-04-08T15:51:19+00:00","description":"Secrets of Edinburgh. Pelaa itseohjautuvaa City Gamea ja tutustu kaupunkiin pulmien, arvoitusten ja haasteiden avulla. Pelaa omaan tahtiisi ja l\u00f6yd\u00e4 paikkoja kuin paikallinen!","breadcrumb":{"@id":"https:\/\/testwebsite.citygame.com\/fi\/games\/edinburgh\/secrets-of-edinburgh\/#breadcrumb"},"inLanguage":"fi","potentialAction":[{"@type":"ReadAction","target":["https:\/\/testwebsite.citygame.com\/fi\/games\/edinburgh\/secrets-of-edinburgh\/"]}]},{"@type":"ImageObject","inLanguage":"fi","@id":"https:\/\/testwebsite.citygame.com\/fi\/games\/edinburgh\/secrets-of-edinburgh\/#primaryimage","url":"https:\/\/testwebsite.citygame.com\/wp-content\/blogs.dir\/1\/files\/sites\/62\/2026\/01\/edinburgh-st-giles-cathedral-city-game-player-secrets.jpg","contentUrl":"https:\/\/testwebsite.citygame.com\/wp-content\/blogs.dir\/1\/files\/sites\/62\/2026\/01\/edinburgh-st-giles-cathedral-city-game-player-secrets.jpg","width":1184,"height":864,"caption":"A person discovers a city secret on their phone in front of a historic landmark in Edinburgh."},{"@type":"BreadcrumbList","@id":"https:\/\/testwebsite.citygame.com\/fi\/games\/edinburgh\/secrets-of-edinburgh\/#breadcrumb","itemListElement":[{"@type":"ListItem","position":1,"name":"Home","item":"https:\/\/testwebsite.citygame.com\/fi\/"},{"@type":"ListItem","position":2,"name":"Shop","item":"https:\/\/testwebsite.citygame.com\/shop\/"},{"@type":"ListItem","position":3,"name":"Secrets of Edinburgh"}]},{"@type":"WebSite","@id":"https:\/\/testwebsite.upevents.nl\/#website","url":"https:\/\/testwebsite.upevents.nl\/","name":"City Game","description":"","publisher":{"@id":"https:\/\/testwebsite.upevents.nl\/#organization"},"alternateName":"citygame.com","potentialAction":[{"@type":"SearchAction","target":{"@type":"EntryPoint","urlTemplate":"https:\/\/testwebsite.upevents.nl\/?s={search_term_string}"},"query-input":{"@type":"PropertyValueSpecification","valueRequired":true,"valueName":"search_term_string"}}],"inLanguage":"fi"},{"@type":["Organization","Place"],"@id":"https:\/\/testwebsite.upevents.nl\/#organization","name":"City Game","alternateName":"citygame.com","url":"https:\/\/testwebsite.upevents.nl\/","logo":{"@id":"https:\/\/testwebsite.citygame.com\/fi\/games\/edinburgh\/secrets-of-edinburgh\/#local-main-organization-logo"},"image":{"@id":"https:\/\/testwebsite.citygame.com\/fi\/games\/edinburgh\/secrets-of-edinburgh\/#local-main-organization-logo"},"sameAs":["https:\/\/www.facebook.com\/profile.php?id=100086426226253","https:\/\/www.instagram.com\/citygame_com","https:\/\/www.tiktok.com\/@citygamecom\/","https:\/\/www.linkedin.com\/company\/citygame-com"],"description":"Turn any city into a playground with our interactive City Games and self-guided tours. Fun, flexible, and ideal for groups and team building.","telephone":[],"openingHoursSpecification":[{"@type":"OpeningHoursSpecification","dayOfWeek":["Monday","Tuesday","Wednesday","Thursday","Friday","Saturday","Sunday"],"opens":"09:00","closes":"17:00"}]},{"@type":"ImageObject","inLanguage":"fi","@id":"https:\/\/testwebsite.citygame.com\/fi\/games\/edinburgh\/secrets-of-edinburgh\/#local-main-organization-logo","url":"https:\/\/testwebsite.citygame.com\/wp-content\/blogs.dir\/1\/files\/sites\/62\/2025\/10\/CG_LOGO-City-Game.png","contentUrl":"https:\/\/testwebsite.citygame.com\/wp-content\/blogs.dir\/1\/files\/sites\/62\/2025\/10\/CG_LOGO-City-Game.png","width":351,"height":377,"caption":"City Game"}]}},"taxonomy_info":{"game-concept":[{"value":712,"label":"Secrets"}],"location":[{"value":152,"label":"Edinburgh"}],"product_cat":[{"value":27,"label":"Geen categorie"}]},"featured_image_src_large":["https:\/\/testwebsite.citygame.com\/wp-content\/blogs.dir\/1\/files\/sites\/62\/2026\/01\/edinburgh-st-giles-cathedral-city-game-player-secrets-1024x747.jpg",1024,747,true],"author_info":[],"comment_info":"","_links":{"self":[{"href":"https:\/\/testwebsite.citygame.com\/fi\/wp-json\/wp\/v2\/product\/65390","targetHints":{"allow":["GET"]}}],"collection":[{"href":"https:\/\/testwebsite.citygame.com\/fi\/wp-json\/wp\/v2\/product"}],"about":[{"href":"https:\/\/testwebsite.citygame.com\/fi\/wp-json\/wp\/v2\/types\/product"}],"acf:post":[{"embeddable":true,"href":"https:\/\/testwebsite.citygame.com\/fi\/wp-json\/wp\/v2\/pages\/12208"}],"wp:featuredmedia":[{"embeddable":true,"href":"https:\/\/testwebsite.citygame.com\/fi\/wp-json\/wp\/v2\/media\/3535"}],"wp:attachment":[{"href":"https:\/\/testwebsite.citygame.com\/fi\/wp-json\/wp\/v2\/media?parent=65390"}],"wp:term":[{"taxonomy":"game-concept","embeddable":true,"href":"https:\/\/testwebsite.citygame.com\/fi\/wp-json\/wp\/v2\/game-concept?post=65390"},{"taxonomy":"location","embeddable":true,"href":"https:\/\/testwebsite.citygame.com\/fi\/wp-json\/wp\/v2\/location?post=65390"},{"taxonomy":"product_brand","embeddable":true,"href":"https:\/\/testwebsite.citygame.com\/fi\/wp-json\/wp\/v2\/product_brand?post=65390"},{"taxonomy":"product_cat","embeddable":true,"href":"https:\/\/testwebsite.citygame.com\/fi\/wp-json\/wp\/v2\/product_cat?post=65390"},{"taxonomy":"product_tag","embeddable":true,"href":"https:\/\/testwebsite.citygame.com\/fi\/wp-json\/wp\/v2\/product_tag?post=65390"}],"curies":[{"name":"wp","href":"https:\/\/api.w.org\/{rel}","templated":true}]}}