{"id":64941,"date":"2026-02-06T12:20:09","date_gmt":"2026-02-06T12:20:09","guid":{"rendered":"https:\/\/testwebsite.citygame.com\/games\/unknown-location\/sherlock-holmes-birmingham\/"},"modified":"2026-04-08T14:59:31","modified_gmt":"2026-04-08T14:59:31","slug":"sherlock-holmes-birmingham","status":"publish","type":"product","link":"https:\/\/testwebsite.citygame.com\/fi\/games\/birmingham\/sherlock-holmes-birmingham\/","title":{"rendered":"Sherlock Holmes Birmingham"},"content":{"rendered":"<p>Astu Sherlock Holmesin maailmaan t\u00e4ll\u00e4 itseohjautuvalla, tarinavetoisella murhamysteerill\u00e4 ja kaupunkipelill\u00e4, joka sijoittuu Birminghamin keskustaan. Kun Liberty-festivaalin juhlallisuudet synkistyv\u00e4t salaper\u00e4isen murhan my\u00f6t\u00e4, sinusta tulee etsiv\u00e4, joka navigoi kaduilla ker\u00e4ten vihjeit\u00e4, ratkaisten haastavia pulmia ja kuulustellen digitaalisia ep\u00e4iltyj\u00e4. Tutkimustasi ohjaavan etenev\u00e4n tarinan ansiosta t\u00e4m\u00e4 mukaansatempaava kokemus antaa sinun selvitt\u00e4\u00e4 tapauksen omaan tahtiisi astuessasi t\u00e4ysin Holmesin tutkijan kenkiin.<\/p>\n","protected":false},"excerpt":{"rendered":"<p>Astu Sherlock Holmesin ter\u00e4viin kenkiin ja l\u00e4hde itseohjautuvalle murhamysteerille Birminghamin syd\u00e4mess\u00e4. Yhdess\u00e4 tiimisi kanssa jahtaat v\u00e4h\u00e4p\u00e4t\u00f6isi\u00e4 vihjeit\u00e4, ratkaiset haastavia pulmia ja kohtaat totuuden karun todellisuuden \u2013 aika tikitt\u00e4\u00e4, paljasta mysteeri nyt!<\/p>\n","protected":false},"featured_media":11271,"template":"","meta":{"_acf_changed":false,"_yoast_wpseo_focuskw":"Sherlock Holmes Birmingham","_yoast_wpseo_metadesc":"Sherlock Holmes Birmingham. Pelaa itseohjautuvaa murhamysteerikaupunkipeli\u00e4, ratkaise pulmia, seuraa vihjeit\u00e4 ja paljasta murhaaja omaan tahtiisi!","_kad_blocks_custom_css":"","_kad_blocks_head_custom_js":"","_kad_blocks_body_custom_js":"","_kad_blocks_footer_custom_js":"","ghostkit_customizer_options":"","ghostkit_custom_css":"","ghostkit_custom_js_head":"","ghostkit_custom_js_foot":"","ghostkit_typography":"","_kad_post_transparent":"","_kad_post_title":"","_kad_post_layout":"","_kad_post_sidebar_id":"","_kad_post_content_style":"","_kad_post_vertical_padding":"","_kad_post_feature":"","_kad_post_feature_position":"","_kad_post_header":false,"_kad_post_footer":false,"_kad_post_classname":"","_links_to":"","_links_to_target":""},"game-concept":[773],"location":[91],"product_brand":[],"product_cat":[27],"product_tag":[],"class_list":{"0":"post-64941","1":"product","2":"type-product","3":"status-publish","4":"has-post-thumbnail","6":"game-concept-sherlock","7":"location-birmingham","8":"product_cat-geen-categorie","10":"first","11":"instock","12":"shipping-taxable","13":"purchasable","14":"product-type-simple","15":"entry","16":"content-bg","17":"loop-entry"},"acf":{"full_bokun_product_name":"Birmingham Self-Guided Sherlock Holmes Murder Mystery Game","location_name":"Birmingham","bokun_calendar_widget_code":"<script type=\"text\/javascript\" src=\"https:\/\/widgets.bokun.io\/assets\/javascripts\/apps\/build\/BokunWidgetsLoader.js?bookingChannelUUID=a1e93e96-5232-4734-a595-28405f4b5a31\" async><\/script>\n     \n    <div class=\"bokunWidget\" data-src=\"https:\/\/widgets.bokun.io\/online-sales\/a1e93e96-5232-4734-a595-28405f4b5a31\/experience-calendar\/737011\"><\/div>\n    <noscript>Please enable javascript in your browser to book<\/noscript>","bokun_button_widget_code":"<script type=\"text\/javascript\" src=\"https:\/\/widgets.bokun.io\/assets\/javascripts\/apps\/build\/BokunWidgetsLoader.js?bookingChannelUUID=a1e93e96-5232-4734-a595-28405f4b5a31\" async><\/script>\n      <style> #bokun_ed001e45_5927_4f62_b470_ca766338d083 { display: inline-block; padding: .4em 1em; background: #47b82e; border-radius: 999999px; box-shadow: none; font-weight: 600; font-size: 24px; text-decoration: none; text-align: center; color: #FFFFFF; border:none; cursor: pointer; transition: background .2s ease; } #bokun_ed001e45_5927_4f62_b470_ca766338d083:hover{ background: #2f7b1f; } #bokun_ed001e45_5927_4f62_b470_ca766338d083:active{ background: #378f24; } <\/style> <button class=\"bokunButton\" disabled id=bokun_ed001e45_5927_4f62_b470_ca766338d083 data-src=\"https:\/\/widgets.bokun.io\/online-sales\/a1e93e96-5232-4734-a595-28405f4b5a31\/experience-calendar\/737011?partialView=1\" data-testid=\"widget-book-button\" > Book now <\/button> ","what_you\u2019ll_experience_during_the_game":"Astu mukaansatempaavaan etsiv\u00e4tarinaan, joka sijoittuu Birminghamin syd\u00e4meen, miss\u00e4 jokainen askel vie sinut syvemm\u00e4lle mysteeriin. Kun navigoit kaupungin kaduilla, juoni avautuu ymp\u00e4rill\u00e4si paljastaen salaisuuksien verhoaman murhan Liberty-festivaalin aikana. Paljastat piilotettuja vihjeit\u00e4, ratkaiset monimutkaisia pulmia ja kohtaat odottamattomia k\u00e4\u00e4nteit\u00e4, jotka haastavat vaistosi. Jokaisella yksityiskohdalla on merkityst\u00e4, ja kykysi kriittiseen ajatteluun testataan joka k\u00e4\u00e4nteess\u00e4.\n\nKuulustelet digitaalisia ep\u00e4iltyj\u00e4, analysoit alibeja ja purat ristiriitaisuuksia, jotka johdattavat sinua l\u00e4hemm\u00e4ksi totuutta. Kokemus on t\u00e4ysin tarinavetoinen, kutsuen sinua tutkimaan omaan tahtiisi \u2014 keskeyt\u00e4 tarvittaessa, jatka milloin tahansa olet valmis. Havainnointi ja p\u00e4\u00e4ttelykyky ovat vahvimmat ty\u00f6kalusi, ja jos kilpailet toisen tiimin kanssa, vain ter\u00e4vimm\u00e4t tutkijat pysyv\u00e4t edell\u00e4. Birminghamissa on sinun teht\u00e4v\u00e4si selvitt\u00e4\u00e4 todisteet ja ratkaista tapaus.","how_to_play":"Ty\u00f6skentele yksin tai yst\u00e4vien, perheen tai kollegoiden kanssa enint\u00e4\u00e4n nelj\u00e4n hengen tiimeiss\u00e4 laitetta kohden. Varauksen j\u00e4lkeen saat s\u00e4hk\u00f6postiisi ohjeet kaikesta tarvittavasta.","start_location":"Birmingham, Victoria Square","available_languages":["en","es","fr","de","it","nl"],"players_per_group":"1-4","duration":"1.5-2 hours","image_overlay_color_image":"https:\/\/testwebsite.citygame.com\/wp-content\/blogs.dir\/1\/files\/sites\/62\/2026\/01\/SherlockColor.svg","image_overlay_game_logo":"https:\/\/testwebsite.citygame.com\/wp-content\/blogs.dir\/1\/files\/sites\/62\/2026\/01\/SherlockLogo.png","city_page":8196,"woocommerce_general_content":null},"yoast_head":"<!-- This site is optimized with the Yoast SEO Premium plugin v26.2 (Yoast SEO v26.3) - https:\/\/yoast.com\/wordpress\/plugins\/seo\/ -->\n<title>Sherlock Holmes Birmingham - City Game<\/title>\n<meta name=\"description\" content=\"Sherlock Holmes Birmingham. Pelaa itseohjautuvaa murhamysteerikaupunkipeli\u00e4, ratkaise pulmia, seuraa vihjeit\u00e4 ja paljasta murhaaja omaan tahtiisi!\" \/>\n<meta name=\"robots\" content=\"noindex, follow, max-snippet:-1, max-image-preview:large, max-video-preview:-1\" \/>\n<meta property=\"og:locale\" content=\"fi_FI\" \/>\n<meta property=\"og:type\" content=\"article\" \/>\n<meta property=\"og:title\" content=\"Sherlock Holmes Birmingham\" \/>\n<meta property=\"og:description\" content=\"Sherlock Holmes Birmingham. Pelaa itseohjautuvaa murhamysteerikaupunkipeli\u00e4, ratkaise pulmia, seuraa vihjeit\u00e4 ja paljasta murhaaja omaan tahtiisi!\" \/>\n<meta property=\"og:url\" content=\"https:\/\/testwebsite.citygame.com\/fi\/games\/birmingham\/sherlock-holmes-birmingham\/\" \/>\n<meta property=\"og:site_name\" content=\"City Game\" \/>\n<meta property=\"article:publisher\" content=\"https:\/\/www.facebook.com\/profile.php?id=100086426226253\" \/>\n<meta property=\"article:modified_time\" content=\"2026-04-08T14:59:31+00:00\" \/>\n<meta property=\"og:image\" content=\"https:\/\/testwebsite.citygame.com\/wp-content\/blogs.dir\/1\/files\/sites\/62\/2026\/02\/woman-playing-city-game-on-phone-on-pedestrian-street-barcelona.jpg\" \/>\n\t<meta property=\"og:image:width\" content=\"1344\" \/>\n\t<meta property=\"og:image:height\" content=\"768\" \/>\n\t<meta property=\"og:image:type\" content=\"image\/jpeg\" \/>\n<meta name=\"twitter:card\" content=\"summary_large_image\" \/>\n<script type=\"application\/ld+json\" class=\"yoast-schema-graph\">{\"@context\":\"https:\/\/schema.org\",\"@graph\":[{\"@type\":\"WebPage\",\"@id\":\"https:\/\/testwebsite.citygame.com\/fi\/games\/birmingham\/sherlock-holmes-birmingham\/\",\"url\":\"https:\/\/testwebsite.citygame.com\/fi\/games\/birmingham\/sherlock-holmes-birmingham\/\",\"name\":\"Sherlock Holmes Birmingham - City Game\",\"isPartOf\":{\"@id\":\"https:\/\/testwebsite.upevents.nl\/#website\"},\"primaryImageOfPage\":{\"@id\":\"https:\/\/testwebsite.citygame.com\/fi\/games\/birmingham\/sherlock-holmes-birmingham\/#primaryimage\"},\"image\":{\"@id\":\"https:\/\/testwebsite.citygame.com\/fi\/games\/birmingham\/sherlock-holmes-birmingham\/#primaryimage\"},\"thumbnailUrl\":\"https:\/\/testwebsite.citygame.com\/wp-content\/blogs.dir\/1\/files\/sites\/62\/2026\/02\/woman-playing-city-game-on-phone-on-pedestrian-street-barcelona.jpg\",\"datePublished\":\"2026-02-06T12:20:09+00:00\",\"dateModified\":\"2026-04-08T14:59:31+00:00\",\"description\":\"Sherlock Holmes Birmingham. Pelaa itseohjautuvaa murhamysteerikaupunkipeli\u00e4, ratkaise pulmia, seuraa vihjeit\u00e4 ja paljasta murhaaja omaan tahtiisi!\",\"breadcrumb\":{\"@id\":\"https:\/\/testwebsite.citygame.com\/fi\/games\/birmingham\/sherlock-holmes-birmingham\/#breadcrumb\"},\"inLanguage\":\"fi\",\"potentialAction\":[{\"@type\":\"ReadAction\",\"target\":[\"https:\/\/testwebsite.citygame.com\/fi\/games\/birmingham\/sherlock-holmes-birmingham\/\"]}]},{\"@type\":\"ImageObject\",\"inLanguage\":\"fi\",\"@id\":\"https:\/\/testwebsite.citygame.com\/fi\/games\/birmingham\/sherlock-holmes-birmingham\/#primaryimage\",\"url\":\"https:\/\/testwebsite.citygame.com\/wp-content\/blogs.dir\/1\/files\/sites\/62\/2026\/02\/woman-playing-city-game-on-phone-on-pedestrian-street-barcelona.jpg\",\"contentUrl\":\"https:\/\/testwebsite.citygame.com\/wp-content\/blogs.dir\/1\/files\/sites\/62\/2026\/02\/woman-playing-city-game-on-phone-on-pedestrian-street-barcelona.jpg\",\"width\":1344,\"height\":768,\"caption\":\"A young woman uses her mobile phone while standing on a busy pedestrian street in Barcelona.\"},{\"@type\":\"BreadcrumbList\",\"@id\":\"https:\/\/testwebsite.citygame.com\/fi\/games\/birmingham\/sherlock-holmes-birmingham\/#breadcrumb\",\"itemListElement\":[{\"@type\":\"ListItem\",\"position\":1,\"name\":\"Home\",\"item\":\"https:\/\/testwebsite.citygame.com\/fi\/\"},{\"@type\":\"ListItem\",\"position\":2,\"name\":\"Shop\",\"item\":\"https:\/\/testwebsite.citygame.com\/shop\/\"},{\"@type\":\"ListItem\",\"position\":3,\"name\":\"Sherlock Holmes Birmingham\"}]},{\"@type\":\"WebSite\",\"@id\":\"https:\/\/testwebsite.upevents.nl\/#website\",\"url\":\"https:\/\/testwebsite.upevents.nl\/\",\"name\":\"City Game\",\"description\":\"\",\"publisher\":{\"@id\":\"https:\/\/testwebsite.upevents.nl\/#organization\"},\"alternateName\":\"citygame.com\",\"potentialAction\":[{\"@type\":\"SearchAction\",\"target\":{\"@type\":\"EntryPoint\",\"urlTemplate\":\"https:\/\/testwebsite.upevents.nl\/?s={search_term_string}\"},\"query-input\":{\"@type\":\"PropertyValueSpecification\",\"valueRequired\":true,\"valueName\":\"search_term_string\"}}],\"inLanguage\":\"fi\"},{\"@type\":[\"Organization\",\"Place\"],\"@id\":\"https:\/\/testwebsite.upevents.nl\/#organization\",\"name\":\"City Game\",\"alternateName\":\"citygame.com\",\"url\":\"https:\/\/testwebsite.upevents.nl\/\",\"logo\":{\"@id\":\"https:\/\/testwebsite.citygame.com\/fi\/games\/birmingham\/sherlock-holmes-birmingham\/#local-main-organization-logo\"},\"image\":{\"@id\":\"https:\/\/testwebsite.citygame.com\/fi\/games\/birmingham\/sherlock-holmes-birmingham\/#local-main-organization-logo\"},\"sameAs\":[\"https:\/\/www.facebook.com\/profile.php?id=100086426226253\",\"https:\/\/www.instagram.com\/citygame_com\",\"https:\/\/www.tiktok.com\/@citygamecom\/\",\"https:\/\/www.linkedin.com\/company\/citygame-com\"],\"description\":\"Turn any city into a playground with our interactive City Games and self-guided tours. Fun, flexible, and ideal for groups and team building.\",\"telephone\":[],\"openingHoursSpecification\":[{\"@type\":\"OpeningHoursSpecification\",\"dayOfWeek\":[\"Monday\",\"Tuesday\",\"Wednesday\",\"Thursday\",\"Friday\",\"Saturday\",\"Sunday\"],\"opens\":\"09:00\",\"closes\":\"17:00\"}]},{\"@type\":\"ImageObject\",\"inLanguage\":\"fi\",\"@id\":\"https:\/\/testwebsite.citygame.com\/fi\/games\/birmingham\/sherlock-holmes-birmingham\/#local-main-organization-logo\",\"url\":\"https:\/\/testwebsite.citygame.com\/wp-content\/blogs.dir\/1\/files\/sites\/62\/2025\/10\/CG_LOGO-City-Game.png\",\"contentUrl\":\"https:\/\/testwebsite.citygame.com\/wp-content\/blogs.dir\/1\/files\/sites\/62\/2025\/10\/CG_LOGO-City-Game.png\",\"width\":351,\"height\":377,\"caption\":\"City Game\"}]}<\/script>\n<!-- \/ Yoast SEO Premium plugin. -->","yoast_head_json":{"title":"Sherlock Holmes Birmingham - City Game","description":"Sherlock Holmes Birmingham. Pelaa itseohjautuvaa murhamysteerikaupunkipeli\u00e4, ratkaise pulmia, seuraa vihjeit\u00e4 ja paljasta murhaaja omaan tahtiisi!","robots":{"index":"noindex","follow":"follow","max-snippet":"max-snippet:-1","max-image-preview":"max-image-preview:large","max-video-preview":"max-video-preview:-1"},"og_locale":"fi_FI","og_type":"article","og_title":"Sherlock Holmes Birmingham","og_description":"Sherlock Holmes Birmingham. Pelaa itseohjautuvaa murhamysteerikaupunkipeli\u00e4, ratkaise pulmia, seuraa vihjeit\u00e4 ja paljasta murhaaja omaan tahtiisi!","og_url":"https:\/\/testwebsite.citygame.com\/fi\/games\/birmingham\/sherlock-holmes-birmingham\/","og_site_name":"City Game","article_publisher":"https:\/\/www.facebook.com\/profile.php?id=100086426226253","article_modified_time":"2026-04-08T14:59:31+00:00","og_image":[{"width":1344,"height":768,"url":"https:\/\/testwebsite.citygame.com\/wp-content\/blogs.dir\/1\/files\/sites\/62\/2026\/02\/woman-playing-city-game-on-phone-on-pedestrian-street-barcelona.jpg","type":"image\/jpeg"}],"twitter_card":"summary_large_image","schema":{"@context":"https:\/\/schema.org","@graph":[{"@type":"WebPage","@id":"https:\/\/testwebsite.citygame.com\/fi\/games\/birmingham\/sherlock-holmes-birmingham\/","url":"https:\/\/testwebsite.citygame.com\/fi\/games\/birmingham\/sherlock-holmes-birmingham\/","name":"Sherlock Holmes Birmingham - City Game","isPartOf":{"@id":"https:\/\/testwebsite.upevents.nl\/#website"},"primaryImageOfPage":{"@id":"https:\/\/testwebsite.citygame.com\/fi\/games\/birmingham\/sherlock-holmes-birmingham\/#primaryimage"},"image":{"@id":"https:\/\/testwebsite.citygame.com\/fi\/games\/birmingham\/sherlock-holmes-birmingham\/#primaryimage"},"thumbnailUrl":"https:\/\/testwebsite.citygame.com\/wp-content\/blogs.dir\/1\/files\/sites\/62\/2026\/02\/woman-playing-city-game-on-phone-on-pedestrian-street-barcelona.jpg","datePublished":"2026-02-06T12:20:09+00:00","dateModified":"2026-04-08T14:59:31+00:00","description":"Sherlock Holmes Birmingham. Pelaa itseohjautuvaa murhamysteerikaupunkipeli\u00e4, ratkaise pulmia, seuraa vihjeit\u00e4 ja paljasta murhaaja omaan tahtiisi!","breadcrumb":{"@id":"https:\/\/testwebsite.citygame.com\/fi\/games\/birmingham\/sherlock-holmes-birmingham\/#breadcrumb"},"inLanguage":"fi","potentialAction":[{"@type":"ReadAction","target":["https:\/\/testwebsite.citygame.com\/fi\/games\/birmingham\/sherlock-holmes-birmingham\/"]}]},{"@type":"ImageObject","inLanguage":"fi","@id":"https:\/\/testwebsite.citygame.com\/fi\/games\/birmingham\/sherlock-holmes-birmingham\/#primaryimage","url":"https:\/\/testwebsite.citygame.com\/wp-content\/blogs.dir\/1\/files\/sites\/62\/2026\/02\/woman-playing-city-game-on-phone-on-pedestrian-street-barcelona.jpg","contentUrl":"https:\/\/testwebsite.citygame.com\/wp-content\/blogs.dir\/1\/files\/sites\/62\/2026\/02\/woman-playing-city-game-on-phone-on-pedestrian-street-barcelona.jpg","width":1344,"height":768,"caption":"A young woman uses her mobile phone while standing on a busy pedestrian street in Barcelona."},{"@type":"BreadcrumbList","@id":"https:\/\/testwebsite.citygame.com\/fi\/games\/birmingham\/sherlock-holmes-birmingham\/#breadcrumb","itemListElement":[{"@type":"ListItem","position":1,"name":"Home","item":"https:\/\/testwebsite.citygame.com\/fi\/"},{"@type":"ListItem","position":2,"name":"Shop","item":"https:\/\/testwebsite.citygame.com\/shop\/"},{"@type":"ListItem","position":3,"name":"Sherlock Holmes Birmingham"}]},{"@type":"WebSite","@id":"https:\/\/testwebsite.upevents.nl\/#website","url":"https:\/\/testwebsite.upevents.nl\/","name":"City Game","description":"","publisher":{"@id":"https:\/\/testwebsite.upevents.nl\/#organization"},"alternateName":"citygame.com","potentialAction":[{"@type":"SearchAction","target":{"@type":"EntryPoint","urlTemplate":"https:\/\/testwebsite.upevents.nl\/?s={search_term_string}"},"query-input":{"@type":"PropertyValueSpecification","valueRequired":true,"valueName":"search_term_string"}}],"inLanguage":"fi"},{"@type":["Organization","Place"],"@id":"https:\/\/testwebsite.upevents.nl\/#organization","name":"City Game","alternateName":"citygame.com","url":"https:\/\/testwebsite.upevents.nl\/","logo":{"@id":"https:\/\/testwebsite.citygame.com\/fi\/games\/birmingham\/sherlock-holmes-birmingham\/#local-main-organization-logo"},"image":{"@id":"https:\/\/testwebsite.citygame.com\/fi\/games\/birmingham\/sherlock-holmes-birmingham\/#local-main-organization-logo"},"sameAs":["https:\/\/www.facebook.com\/profile.php?id=100086426226253","https:\/\/www.instagram.com\/citygame_com","https:\/\/www.tiktok.com\/@citygamecom\/","https:\/\/www.linkedin.com\/company\/citygame-com"],"description":"Turn any city into a playground with our interactive City Games and self-guided tours. Fun, flexible, and ideal for groups and team building.","telephone":[],"openingHoursSpecification":[{"@type":"OpeningHoursSpecification","dayOfWeek":["Monday","Tuesday","Wednesday","Thursday","Friday","Saturday","Sunday"],"opens":"09:00","closes":"17:00"}]},{"@type":"ImageObject","inLanguage":"fi","@id":"https:\/\/testwebsite.citygame.com\/fi\/games\/birmingham\/sherlock-holmes-birmingham\/#local-main-organization-logo","url":"https:\/\/testwebsite.citygame.com\/wp-content\/blogs.dir\/1\/files\/sites\/62\/2025\/10\/CG_LOGO-City-Game.png","contentUrl":"https:\/\/testwebsite.citygame.com\/wp-content\/blogs.dir\/1\/files\/sites\/62\/2025\/10\/CG_LOGO-City-Game.png","width":351,"height":377,"caption":"City Game"}]}},"taxonomy_info":{"game-concept":[{"value":773,"label":"Sherlock"}],"location":[{"value":91,"label":"Birmingham"}],"product_cat":[{"value":27,"label":"Geen categorie"}]},"featured_image_src_large":["https:\/\/testwebsite.citygame.com\/wp-content\/blogs.dir\/1\/files\/sites\/62\/2026\/02\/woman-playing-city-game-on-phone-on-pedestrian-street-barcelona-1024x585.jpg",1024,585,true],"author_info":[],"comment_info":"","_links":{"self":[{"href":"https:\/\/testwebsite.citygame.com\/fi\/wp-json\/wp\/v2\/product\/64941","targetHints":{"allow":["GET"]}}],"collection":[{"href":"https:\/\/testwebsite.citygame.com\/fi\/wp-json\/wp\/v2\/product"}],"about":[{"href":"https:\/\/testwebsite.citygame.com\/fi\/wp-json\/wp\/v2\/types\/product"}],"acf:post":[{"embeddable":true,"href":"https:\/\/testwebsite.citygame.com\/fi\/wp-json\/wp\/v2\/pages\/8196"}],"wp:featuredmedia":[{"embeddable":true,"href":"https:\/\/testwebsite.citygame.com\/fi\/wp-json\/wp\/v2\/media\/11271"}],"wp:attachment":[{"href":"https:\/\/testwebsite.citygame.com\/fi\/wp-json\/wp\/v2\/media?parent=64941"}],"wp:term":[{"taxonomy":"game-concept","embeddable":true,"href":"https:\/\/testwebsite.citygame.com\/fi\/wp-json\/wp\/v2\/game-concept?post=64941"},{"taxonomy":"location","embeddable":true,"href":"https:\/\/testwebsite.citygame.com\/fi\/wp-json\/wp\/v2\/location?post=64941"},{"taxonomy":"product_brand","embeddable":true,"href":"https:\/\/testwebsite.citygame.com\/fi\/wp-json\/wp\/v2\/product_brand?post=64941"},{"taxonomy":"product_cat","embeddable":true,"href":"https:\/\/testwebsite.citygame.com\/fi\/wp-json\/wp\/v2\/product_cat?post=64941"},{"taxonomy":"product_tag","embeddable":true,"href":"https:\/\/testwebsite.citygame.com\/fi\/wp-json\/wp\/v2\/product_tag?post=64941"}],"curies":[{"name":"wp","href":"https:\/\/api.w.org\/{rel}","templated":true}]}}