{"id":64786,"date":"2026-02-26T13:34:59","date_gmt":"2026-02-26T13:34:59","guid":{"rendered":"https:\/\/testwebsite.citygame.com\/games\/unknown-location\/secrets-of-ferizaj\/"},"modified":"2026-04-08T14:40:19","modified_gmt":"2026-04-08T14:40:19","slug":"secrets-of-ferizaj","status":"publish","type":"product","link":"https:\/\/testwebsite.citygame.com\/fi\/games\/ferizaj\/secrets-of-ferizaj\/","title":{"rendered":"Secrets of Ferizaj"},"content":{"rendered":"<p>L\u00f6yd\u00e4 Ferizajn vieh\u00e4tysvoima &#8217;Secrets of Ferizaj&#8217; -kaupunkipelill\u00e4. T\u00e4m\u00e4 itseohjattu, GPS-pohjainen kaupunkipeli sijoittuu Ferizajn keskustaan ja kutsuu sinut mukaansatempaavaan tutkimusmatkaseikkailuun. \u00c4lypuhelimesi avulla l\u00e4hde ainutlaatuiselle matkalle, ratkaise arvoituksia, selvit\u00e4 mysteerej\u00e4 ja osallistu valokuvaushaasteisiin kaupungin kaduilla. Tutki omaan tahtiisi samalla kun opit Ferizajn rikkaasta historiasta, kulttuurisista l\u00f6yd\u00f6ist\u00e4 ja aiemmin huomiotta j\u00e4\u00e4neist\u00e4 yksityiskohdista. T\u00e4m\u00e4 tutkimuspeli ei ole ihanteellinen vain vierailijoille, jotka haluavat kokea Ferizajn uudella tavalla, vaan my\u00f6s paikallisille, jotka haluavat l\u00f6yt\u00e4\u00e4 rakkaan kaupunkinsa uudelleen. Peli vetoaa yksin pelaaviin, pariskuntiin, perheisiin ja jopa kaveriporukoihin tarjoten nautinnollista tekemist\u00e4 kaikille.<\/p>\n","protected":false},"excerpt":{"rendered":"<p>L\u00f6yd\u00e4 Ferizajn el\u00e4v\u00e4 kangas! Astu kaupunkiin, jossa rohkeat sein\u00e4maalaukset, kerroksellinen historia ja vilkas katuel\u00e4m\u00e4 kohtaavat, ja yhdist\u00e4 sitten voimasi Mira Veselin kanssa l\u00f6yt\u00e4\u00e4ksesi vihjeit\u00e4, j\u00e4ljitt\u00e4\u00e4ksesi h\u00e4nen taiteellista matkaansa ja palauttaaksesi h\u00e4nen kadonneen muraalinsa sein\u00e4lle, joka antoi sille el\u00e4m\u00e4n!<\/p>\n","protected":false},"featured_media":16075,"template":"","meta":{"_acf_changed":false,"_yoast_wpseo_focuskw":"Secrets of Ferizaj","_yoast_wpseo_metadesc":"Secrets of Ferizaj. Pelaa itseohjattua kaupunkipeli\u00e4 ja tutki kaupunkia pulmien, arvoitusten ja haasteiden kautta. Pelaa omaan tahtiisi ja l\u00f6yd\u00e4 paikallisen tavoin!","_kad_blocks_custom_css":"","_kad_blocks_head_custom_js":"","_kad_blocks_body_custom_js":"","_kad_blocks_footer_custom_js":"","ghostkit_customizer_options":"","ghostkit_custom_css":"","ghostkit_custom_js_head":"","ghostkit_custom_js_foot":"","ghostkit_typography":"","_kad_post_transparent":"default","_kad_post_title":"","_kad_post_layout":"default","_kad_post_sidebar_id":"","_kad_post_content_style":"default","_kad_post_vertical_padding":"default","_kad_post_feature":"","_kad_post_feature_position":"","_kad_post_header":false,"_kad_post_footer":false,"_kad_post_classname":"","_links_to":"","_links_to_target":""},"game-concept":[712],"location":[611],"product_brand":[],"product_cat":[27],"product_tag":[],"class_list":{"0":"post-64786","1":"product","2":"type-product","3":"status-publish","4":"has-post-thumbnail","6":"game-concept-secrets","7":"location-ferizaj","8":"product_cat-geen-categorie","10":"first","11":"instock","12":"shipping-taxable","13":"purchasable","14":"product-type-simple","15":"entry","16":"content-bg","17":"loop-entry"},"acf":{"full_bokun_product_name":"Self-Guided Secrets of Ferizaj Exploration Game","location_name":"Ferizaj","bokun_calendar_widget_code":"<script type=\"text\/javascript\" src=\"https:\/\/widgets.bokun.io\/assets\/javascripts\/apps\/build\/BokunWidgetsLoader.js?bookingChannelUUID=a1e93e96-5232-4734-a595-28405f4b5a31\" async><\/script>\n     \n    <div class=\"bokunWidget\" data-src=\"https:\/\/widgets.bokun.io\/online-sales\/a1e93e96-5232-4734-a595-28405f4b5a31\/experience-calendar\/1121404\"><\/div>\n    <noscript>Please enable javascript in your browser to book<\/noscript>","bokun_button_widget_code":"<script type=\"text\/javascript\" src=\"https:\/\/widgets.bokun.io\/assets\/javascripts\/apps\/build\/BokunWidgetsLoader.js?bookingChannelUUID=a1e93e96-5232-4734-a595-28405f4b5a31\" async><\/script>\n      <style> #bokun_ed001e45_5927_4f62_b470_ca766338d083 { display: inline-block; padding: .4em 1em; background: #47b82e; border-radius: 999999px; box-shadow: none; font-weight: 600; font-size: 24px; text-decoration: none; text-align: center; color: #FFFFFF; border:none; cursor: pointer; transition: background .2s ease; } #bokun_ed001e45_5927_4f62_b470_ca766338d083:hover{ background: #2f7b1f; } #bokun_ed001e45_5927_4f62_b470_ca766338d083:active{ background: #378f24; } <\/style> <button class=\"bokunButton\" disabled id=bokun_ed001e45_5927_4f62_b470_ca766338d083 data-src=\"https:\/\/widgets.bokun.io\/online-sales\/a1e93e96-5232-4734-a595-28405f4b5a31\/experience-calendar\/1121404?partialView=1\" data-testid=\"widget-book-button\" > Book now <\/button> ","what_you\u2019ll_experience_during_the_game":"Tutustu Ferizaj'hin ennenn\u00e4kem\u00e4tt\u00f6m\u00e4ll\u00e4 tavalla mukaansatempaavalla City Game -pelill\u00e4mme, joka yhdist\u00e4\u00e4 n\u00e4ht\u00e4vyyksien katselun mukaansatempaavaan tarinankerrontaan ja interaktiivisiin haasteisiin. Sinua opastetaan t\u00e4m\u00e4n kiehtovan paikan tunnettujen ja piilotettujen nurkkien l\u00e4pi, joista jokaisella on oma tarinansa kerrottavanaan. Kuvittele Gazmend Misini Muralin eloisan katutaidekent\u00e4n ja St. Uro\u0161 Ortodoksisen Kirkon (Kisha e Shn Uroshit) vakavan kulttuurillisen merkityksen v\u00e4list\u00e4 kontrastia. J\u00e4lkimm\u00e4inen seisoo vakaasti Ferizajn Suuren Moskeijan (Xhamia e Madhe) vieress\u00e4, osoittaen Ferizajn uskonnollista harmoniaa. K\u00e4vele Ferizaj City Parkin (Parku i Qytetit) l\u00e4pi, joka on vihre\u00e4 keidas urbaaniviidakon keskell\u00e4, ja lopeta korkealla nuotilla, The Village - Shopping &amp; Fun -alueen, kaupungin suurimman modernin ostosalueen, vilin\u00e4n ja h\u00e4lin\u00e4n keskell\u00e4.n\r\n\r\nCity Game -pelin avulla sinusta tulee oman Ferizaj-seikkailusi p\u00e4\u00e4henkil\u00f6 \u2013 ratkaise monimutkaisia pulmia, nokkelia arvoituksia ja vastaa luoviin valokuvaushaasteisiin, jotka paljastavat kaupungin salaisuudet ja ansaitsevat sinulle pisteit\u00e4. N\u00e4m\u00e4 pisteet avaavat vihjeit\u00e4 ja johdattavat sinut l\u00e4hemm\u00e4s matkasi lopullisen mysteerin selvitt\u00e4mist\u00e4. Voit keskeytt\u00e4\u00e4 pelin milloin tahansa ja jatkaa, kun tunnet olevasi valmis, mik\u00e4 tekee siit\u00e4 todella henkil\u00f6kohtaisen kokemuksen. Ja jos kilpailuhenki ottaa vallan, tavoittele paikkaa tulostaulukon k\u00e4rjess\u00e4 ja todista taitosi t\u00e4ss\u00e4 tutkimuspeliss\u00e4. L\u00f6ydett\u00e4v\u00e4n\u00e4 on muutakin kuin vain kaupunki, voitettavana on peli!","how_to_play":"Varausten tehty\u00e4si saat s\u00e4hk\u00f6postiviestin, joka sis\u00e4lt\u00e4\u00e4 henkil\u00f6kohtaisen pelilinkkisi. Siirry aloituspaikkaan, P\u00ebrmbarues Privat Gazmend Misini -muraalin luo, avaa linkki ja voit aloittaa heti. Voit keskeytt\u00e4\u00e4 pelin milloin tahansa ja jatkaa siit\u00e4, mihin j\u00e4it. Nauti kaupungista, seuraa vihjeit\u00e4 ja anna Ferizajn v\u00e4rien ohjata seikkailuasi.","start_location":"Ferizaj, P\u00ebrmbarues Privat Gazmend Misini Mural","available_languages":"","players_per_group":"1-4","duration":"1.5-2 hours","image_overlay_color_image":"https:\/\/testwebsite.citygame.com\/wp-content\/blogs.dir\/1\/files\/sites\/62\/2026\/01\/SecretsColor.svg","image_overlay_game_logo":"https:\/\/testwebsite.citygame.com\/wp-content\/blogs.dir\/1\/files\/sites\/62\/2026\/01\/SecretsLogo.png","city_page":15752,"woocommerce_general_content":null},"yoast_head":"<!-- This site is optimized with the Yoast SEO Premium plugin v26.2 (Yoast SEO v26.3) - https:\/\/yoast.com\/wordpress\/plugins\/seo\/ -->\n<title>Secrets of Ferizaj - City Game<\/title>\n<meta name=\"description\" content=\"Secrets of Ferizaj. Pelaa itseohjattua kaupunkipeli\u00e4 ja tutki kaupunkia pulmien, arvoitusten ja haasteiden kautta. Pelaa omaan tahtiisi ja l\u00f6yd\u00e4 paikallisen tavoin!\" \/>\n<meta name=\"robots\" content=\"noindex, follow, max-snippet:-1, max-image-preview:large, max-video-preview:-1\" \/>\n<meta property=\"og:locale\" content=\"fi_FI\" \/>\n<meta property=\"og:type\" content=\"article\" \/>\n<meta property=\"og:title\" content=\"Secrets of Ferizaj\" \/>\n<meta property=\"og:description\" content=\"Secrets of Ferizaj. Pelaa itseohjattua kaupunkipeli\u00e4 ja tutki kaupunkia pulmien, arvoitusten ja haasteiden kautta. Pelaa omaan tahtiisi ja l\u00f6yd\u00e4 paikallisen tavoin!\" \/>\n<meta property=\"og:url\" content=\"https:\/\/testwebsite.citygame.com\/fi\/games\/ferizaj\/secrets-of-ferizaj\/\" \/>\n<meta property=\"og:site_name\" content=\"City Game\" \/>\n<meta property=\"article:publisher\" content=\"https:\/\/www.facebook.com\/profile.php?id=100086426226253\" \/>\n<meta property=\"article:modified_time\" content=\"2026-04-08T14:40:19+00:00\" \/>\n<meta property=\"og:image\" content=\"https:\/\/testwebsite.citygame.com\/wp-content\/blogs.dir\/1\/files\/sites\/62\/2026\/02\/ferizaj-players-discussing-clue-in-front-of-mural.jpg\" \/>\n\t<meta property=\"og:image:width\" content=\"1024\" \/>\n\t<meta property=\"og:image:height\" content=\"1024\" \/>\n\t<meta property=\"og:image:type\" content=\"image\/jpeg\" \/>\n<meta name=\"twitter:card\" content=\"summary_large_image\" \/>\n<script type=\"application\/ld+json\" class=\"yoast-schema-graph\">{\"@context\":\"https:\/\/schema.org\",\"@graph\":[{\"@type\":\"WebPage\",\"@id\":\"https:\/\/testwebsite.citygame.com\/fi\/games\/ferizaj\/secrets-of-ferizaj\/\",\"url\":\"https:\/\/testwebsite.citygame.com\/fi\/games\/ferizaj\/secrets-of-ferizaj\/\",\"name\":\"Secrets of Ferizaj - City Game\",\"isPartOf\":{\"@id\":\"https:\/\/testwebsite.upevents.nl\/#website\"},\"primaryImageOfPage\":{\"@id\":\"https:\/\/testwebsite.citygame.com\/fi\/games\/ferizaj\/secrets-of-ferizaj\/#primaryimage\"},\"image\":{\"@id\":\"https:\/\/testwebsite.citygame.com\/fi\/games\/ferizaj\/secrets-of-ferizaj\/#primaryimage\"},\"thumbnailUrl\":\"https:\/\/testwebsite.citygame.com\/wp-content\/blogs.dir\/1\/files\/sites\/62\/2026\/02\/ferizaj-players-discussing-clue-in-front-of-mural.jpg\",\"datePublished\":\"2026-02-26T13:34:59+00:00\",\"dateModified\":\"2026-04-08T14:40:19+00:00\",\"description\":\"Secrets of Ferizaj. Pelaa itseohjattua kaupunkipeli\u00e4 ja tutki kaupunkia pulmien, arvoitusten ja haasteiden kautta. Pelaa omaan tahtiisi ja l\u00f6yd\u00e4 paikallisen tavoin!\",\"breadcrumb\":{\"@id\":\"https:\/\/testwebsite.citygame.com\/fi\/games\/ferizaj\/secrets-of-ferizaj\/#breadcrumb\"},\"inLanguage\":\"fi\",\"potentialAction\":[{\"@type\":\"ReadAction\",\"target\":[\"https:\/\/testwebsite.citygame.com\/fi\/games\/ferizaj\/secrets-of-ferizaj\/\"]}]},{\"@type\":\"ImageObject\",\"inLanguage\":\"fi\",\"@id\":\"https:\/\/testwebsite.citygame.com\/fi\/games\/ferizaj\/secrets-of-ferizaj\/#primaryimage\",\"url\":\"https:\/\/testwebsite.citygame.com\/wp-content\/blogs.dir\/1\/files\/sites\/62\/2026\/02\/ferizaj-players-discussing-clue-in-front-of-mural.jpg\",\"contentUrl\":\"https:\/\/testwebsite.citygame.com\/wp-content\/blogs.dir\/1\/files\/sites\/62\/2026\/02\/ferizaj-players-discussing-clue-in-front-of-mural.jpg\",\"width\":1024,\"height\":1024,\"caption\":\"Four friends collaborate on a city exploration game in Ferizaj, using a smartphone for clues.\"},{\"@type\":\"BreadcrumbList\",\"@id\":\"https:\/\/testwebsite.citygame.com\/fi\/games\/ferizaj\/secrets-of-ferizaj\/#breadcrumb\",\"itemListElement\":[{\"@type\":\"ListItem\",\"position\":1,\"name\":\"Home\",\"item\":\"https:\/\/testwebsite.citygame.com\/fi\/\"},{\"@type\":\"ListItem\",\"position\":2,\"name\":\"Shop\",\"item\":\"https:\/\/testwebsite.citygame.com\/shop\/\"},{\"@type\":\"ListItem\",\"position\":3,\"name\":\"Secrets of Ferizaj\"}]},{\"@type\":\"WebSite\",\"@id\":\"https:\/\/testwebsite.upevents.nl\/#website\",\"url\":\"https:\/\/testwebsite.upevents.nl\/\",\"name\":\"City Game\",\"description\":\"\",\"publisher\":{\"@id\":\"https:\/\/testwebsite.upevents.nl\/#organization\"},\"alternateName\":\"citygame.com\",\"potentialAction\":[{\"@type\":\"SearchAction\",\"target\":{\"@type\":\"EntryPoint\",\"urlTemplate\":\"https:\/\/testwebsite.upevents.nl\/?s={search_term_string}\"},\"query-input\":{\"@type\":\"PropertyValueSpecification\",\"valueRequired\":true,\"valueName\":\"search_term_string\"}}],\"inLanguage\":\"fi\"},{\"@type\":[\"Organization\",\"Place\"],\"@id\":\"https:\/\/testwebsite.upevents.nl\/#organization\",\"name\":\"City Game\",\"alternateName\":\"citygame.com\",\"url\":\"https:\/\/testwebsite.upevents.nl\/\",\"logo\":{\"@id\":\"https:\/\/testwebsite.citygame.com\/fi\/games\/ferizaj\/secrets-of-ferizaj\/#local-main-organization-logo\"},\"image\":{\"@id\":\"https:\/\/testwebsite.citygame.com\/fi\/games\/ferizaj\/secrets-of-ferizaj\/#local-main-organization-logo\"},\"sameAs\":[\"https:\/\/www.facebook.com\/profile.php?id=100086426226253\",\"https:\/\/www.instagram.com\/citygame_com\",\"https:\/\/www.tiktok.com\/@citygamecom\/\",\"https:\/\/www.linkedin.com\/company\/citygame-com\"],\"description\":\"Turn any city into a playground with our interactive City Games and self-guided tours. Fun, flexible, and ideal for groups and team building.\",\"telephone\":[],\"openingHoursSpecification\":[{\"@type\":\"OpeningHoursSpecification\",\"dayOfWeek\":[\"Monday\",\"Tuesday\",\"Wednesday\",\"Thursday\",\"Friday\",\"Saturday\",\"Sunday\"],\"opens\":\"09:00\",\"closes\":\"17:00\"}]},{\"@type\":\"ImageObject\",\"inLanguage\":\"fi\",\"@id\":\"https:\/\/testwebsite.citygame.com\/fi\/games\/ferizaj\/secrets-of-ferizaj\/#local-main-organization-logo\",\"url\":\"https:\/\/testwebsite.citygame.com\/wp-content\/blogs.dir\/1\/files\/sites\/62\/2025\/10\/CG_LOGO-City-Game.png\",\"contentUrl\":\"https:\/\/testwebsite.citygame.com\/wp-content\/blogs.dir\/1\/files\/sites\/62\/2025\/10\/CG_LOGO-City-Game.png\",\"width\":351,\"height\":377,\"caption\":\"City Game\"}]}<\/script>\n<!-- \/ Yoast SEO Premium plugin. -->","yoast_head_json":{"title":"Secrets of Ferizaj - City Game","description":"Secrets of Ferizaj. Pelaa itseohjattua kaupunkipeli\u00e4 ja tutki kaupunkia pulmien, arvoitusten ja haasteiden kautta. Pelaa omaan tahtiisi ja l\u00f6yd\u00e4 paikallisen tavoin!","robots":{"index":"noindex","follow":"follow","max-snippet":"max-snippet:-1","max-image-preview":"max-image-preview:large","max-video-preview":"max-video-preview:-1"},"og_locale":"fi_FI","og_type":"article","og_title":"Secrets of Ferizaj","og_description":"Secrets of Ferizaj. Pelaa itseohjattua kaupunkipeli\u00e4 ja tutki kaupunkia pulmien, arvoitusten ja haasteiden kautta. Pelaa omaan tahtiisi ja l\u00f6yd\u00e4 paikallisen tavoin!","og_url":"https:\/\/testwebsite.citygame.com\/fi\/games\/ferizaj\/secrets-of-ferizaj\/","og_site_name":"City Game","article_publisher":"https:\/\/www.facebook.com\/profile.php?id=100086426226253","article_modified_time":"2026-04-08T14:40:19+00:00","og_image":[{"width":1024,"height":1024,"url":"https:\/\/testwebsite.citygame.com\/wp-content\/blogs.dir\/1\/files\/sites\/62\/2026\/02\/ferizaj-players-discussing-clue-in-front-of-mural.jpg","type":"image\/jpeg"}],"twitter_card":"summary_large_image","schema":{"@context":"https:\/\/schema.org","@graph":[{"@type":"WebPage","@id":"https:\/\/testwebsite.citygame.com\/fi\/games\/ferizaj\/secrets-of-ferizaj\/","url":"https:\/\/testwebsite.citygame.com\/fi\/games\/ferizaj\/secrets-of-ferizaj\/","name":"Secrets of Ferizaj - City Game","isPartOf":{"@id":"https:\/\/testwebsite.upevents.nl\/#website"},"primaryImageOfPage":{"@id":"https:\/\/testwebsite.citygame.com\/fi\/games\/ferizaj\/secrets-of-ferizaj\/#primaryimage"},"image":{"@id":"https:\/\/testwebsite.citygame.com\/fi\/games\/ferizaj\/secrets-of-ferizaj\/#primaryimage"},"thumbnailUrl":"https:\/\/testwebsite.citygame.com\/wp-content\/blogs.dir\/1\/files\/sites\/62\/2026\/02\/ferizaj-players-discussing-clue-in-front-of-mural.jpg","datePublished":"2026-02-26T13:34:59+00:00","dateModified":"2026-04-08T14:40:19+00:00","description":"Secrets of Ferizaj. Pelaa itseohjattua kaupunkipeli\u00e4 ja tutki kaupunkia pulmien, arvoitusten ja haasteiden kautta. Pelaa omaan tahtiisi ja l\u00f6yd\u00e4 paikallisen tavoin!","breadcrumb":{"@id":"https:\/\/testwebsite.citygame.com\/fi\/games\/ferizaj\/secrets-of-ferizaj\/#breadcrumb"},"inLanguage":"fi","potentialAction":[{"@type":"ReadAction","target":["https:\/\/testwebsite.citygame.com\/fi\/games\/ferizaj\/secrets-of-ferizaj\/"]}]},{"@type":"ImageObject","inLanguage":"fi","@id":"https:\/\/testwebsite.citygame.com\/fi\/games\/ferizaj\/secrets-of-ferizaj\/#primaryimage","url":"https:\/\/testwebsite.citygame.com\/wp-content\/blogs.dir\/1\/files\/sites\/62\/2026\/02\/ferizaj-players-discussing-clue-in-front-of-mural.jpg","contentUrl":"https:\/\/testwebsite.citygame.com\/wp-content\/blogs.dir\/1\/files\/sites\/62\/2026\/02\/ferizaj-players-discussing-clue-in-front-of-mural.jpg","width":1024,"height":1024,"caption":"Four friends collaborate on a city exploration game in Ferizaj, using a smartphone for clues."},{"@type":"BreadcrumbList","@id":"https:\/\/testwebsite.citygame.com\/fi\/games\/ferizaj\/secrets-of-ferizaj\/#breadcrumb","itemListElement":[{"@type":"ListItem","position":1,"name":"Home","item":"https:\/\/testwebsite.citygame.com\/fi\/"},{"@type":"ListItem","position":2,"name":"Shop","item":"https:\/\/testwebsite.citygame.com\/shop\/"},{"@type":"ListItem","position":3,"name":"Secrets of Ferizaj"}]},{"@type":"WebSite","@id":"https:\/\/testwebsite.upevents.nl\/#website","url":"https:\/\/testwebsite.upevents.nl\/","name":"City Game","description":"","publisher":{"@id":"https:\/\/testwebsite.upevents.nl\/#organization"},"alternateName":"citygame.com","potentialAction":[{"@type":"SearchAction","target":{"@type":"EntryPoint","urlTemplate":"https:\/\/testwebsite.upevents.nl\/?s={search_term_string}"},"query-input":{"@type":"PropertyValueSpecification","valueRequired":true,"valueName":"search_term_string"}}],"inLanguage":"fi"},{"@type":["Organization","Place"],"@id":"https:\/\/testwebsite.upevents.nl\/#organization","name":"City Game","alternateName":"citygame.com","url":"https:\/\/testwebsite.upevents.nl\/","logo":{"@id":"https:\/\/testwebsite.citygame.com\/fi\/games\/ferizaj\/secrets-of-ferizaj\/#local-main-organization-logo"},"image":{"@id":"https:\/\/testwebsite.citygame.com\/fi\/games\/ferizaj\/secrets-of-ferizaj\/#local-main-organization-logo"},"sameAs":["https:\/\/www.facebook.com\/profile.php?id=100086426226253","https:\/\/www.instagram.com\/citygame_com","https:\/\/www.tiktok.com\/@citygamecom\/","https:\/\/www.linkedin.com\/company\/citygame-com"],"description":"Turn any city into a playground with our interactive City Games and self-guided tours. Fun, flexible, and ideal for groups and team building.","telephone":[],"openingHoursSpecification":[{"@type":"OpeningHoursSpecification","dayOfWeek":["Monday","Tuesday","Wednesday","Thursday","Friday","Saturday","Sunday"],"opens":"09:00","closes":"17:00"}]},{"@type":"ImageObject","inLanguage":"fi","@id":"https:\/\/testwebsite.citygame.com\/fi\/games\/ferizaj\/secrets-of-ferizaj\/#local-main-organization-logo","url":"https:\/\/testwebsite.citygame.com\/wp-content\/blogs.dir\/1\/files\/sites\/62\/2025\/10\/CG_LOGO-City-Game.png","contentUrl":"https:\/\/testwebsite.citygame.com\/wp-content\/blogs.dir\/1\/files\/sites\/62\/2025\/10\/CG_LOGO-City-Game.png","width":351,"height":377,"caption":"City Game"}]}},"taxonomy_info":{"game-concept":[{"value":712,"label":"Secrets"}],"location":[{"value":611,"label":"Ferizaj"}],"product_cat":[{"value":27,"label":"Geen categorie"}]},"featured_image_src_large":["https:\/\/testwebsite.citygame.com\/wp-content\/blogs.dir\/1\/files\/sites\/62\/2026\/02\/ferizaj-players-discussing-clue-in-front-of-mural.jpg",1024,1024,false],"author_info":[],"comment_info":"","_links":{"self":[{"href":"https:\/\/testwebsite.citygame.com\/fi\/wp-json\/wp\/v2\/product\/64786","targetHints":{"allow":["GET"]}}],"collection":[{"href":"https:\/\/testwebsite.citygame.com\/fi\/wp-json\/wp\/v2\/product"}],"about":[{"href":"https:\/\/testwebsite.citygame.com\/fi\/wp-json\/wp\/v2\/types\/product"}],"acf:post":[{"embeddable":true,"href":"https:\/\/testwebsite.citygame.com\/fi\/wp-json\/wp\/v2\/pages\/15752"}],"wp:featuredmedia":[{"embeddable":true,"href":"https:\/\/testwebsite.citygame.com\/fi\/wp-json\/wp\/v2\/media\/16075"}],"wp:attachment":[{"href":"https:\/\/testwebsite.citygame.com\/fi\/wp-json\/wp\/v2\/media?parent=64786"}],"wp:term":[{"taxonomy":"game-concept","embeddable":true,"href":"https:\/\/testwebsite.citygame.com\/fi\/wp-json\/wp\/v2\/game-concept?post=64786"},{"taxonomy":"location","embeddable":true,"href":"https:\/\/testwebsite.citygame.com\/fi\/wp-json\/wp\/v2\/location?post=64786"},{"taxonomy":"product_brand","embeddable":true,"href":"https:\/\/testwebsite.citygame.com\/fi\/wp-json\/wp\/v2\/product_brand?post=64786"},{"taxonomy":"product_cat","embeddable":true,"href":"https:\/\/testwebsite.citygame.com\/fi\/wp-json\/wp\/v2\/product_cat?post=64786"},{"taxonomy":"product_tag","embeddable":true,"href":"https:\/\/testwebsite.citygame.com\/fi\/wp-json\/wp\/v2\/product_tag?post=64786"}],"curies":[{"name":"wp","href":"https:\/\/api.w.org\/{rel}","templated":true}]}}