{"id":63848,"date":"2026-02-12T12:34:35","date_gmt":"2026-02-12T12:34:35","guid":{"rendered":"https:\/\/testwebsite.citygame.com\/games\/unknown-location\/sherlock-holmes-belgrade\/"},"modified":"2026-04-08T12:38:02","modified_gmt":"2026-04-08T12:38:02","slug":"sherlock-holmes-belgrade","status":"publish","type":"product","link":"https:\/\/testwebsite.citygame.com\/fi\/games\/belgrade\/sherlock-holmes-belgrade\/","title":{"rendered":"Sherlock Holmes Belgrade"},"content":{"rendered":"<p>Astu Sherlock Holmesin maailmaan itseohjatulla, tarinavetoisella murhamysteeri-kaupunkipelill\u00e4, joka sijoittuu Belgradin keskustaan. Kun Vapausfestivaali vajoaa kaaokseen j\u00e4rkytt\u00e4v\u00e4n murhan my\u00f6t\u00e4, sinun ja muiden etsivien on tutkittava rikos navigoimalla avautuvassa tarinassa kaupungin kaduilla, ker\u00e4\u00e4m\u00e4ll\u00e4 piilotettuja vihjeit\u00e4, ratkaisemalla monimutkaisia pulmia ja kuulustelemalla ovelia digitaalisia ep\u00e4iltyj\u00e4. Vapaudella pelata omaan tahtiisi, t\u00e4m\u00e4 mukaansatempaava etsiv\u00e4seikkailu muuttaa Belgradin henkil\u00f6kohtaisen tutkintasi n\u00e4ytt\u00e4m\u00f6ksi.<\/p>\n","protected":false},"excerpt":{"rendered":"<p>Astu ikonisen etsiv\u00e4n Sherlock Holmesin saappaisiin, kun navigoidut l\u00e4pi Belgradissa tapahtuvan itseohjatun murhamysteerin juonittelun ja j\u00e4nnityksen. Tiimisi kanssa rinnallasi, seuraa arvoituksellisia vihjeit\u00e4, ratkaise ovelia pulmia ja paljasta h\u00e4mm\u00e4stytt\u00e4v\u00e4 totuus, ennen kuin aika loppuu!<\/p>\n","protected":false},"featured_media":12942,"template":"","meta":{"_acf_changed":false,"_yoast_wpseo_focuskw":"Sherlock Holmes Belgrade","_yoast_wpseo_metadesc":"Sherlock Holmes Belgrade. Pelaa itseohjattua murhamysteeri-kaupunkipeli\u00e4, ratkaise pulmia, seuraa vihjeit\u00e4 ja paljasta murhaaja omaan tahtiisi!","_kad_blocks_custom_css":"","_kad_blocks_head_custom_js":"","_kad_blocks_body_custom_js":"","_kad_blocks_footer_custom_js":"","ghostkit_customizer_options":"","ghostkit_custom_css":"","ghostkit_custom_js_head":"","ghostkit_custom_js_foot":"","ghostkit_typography":"","_kad_post_transparent":"","_kad_post_title":"","_kad_post_layout":"","_kad_post_sidebar_id":"","_kad_post_content_style":"","_kad_post_vertical_padding":"","_kad_post_feature":"","_kad_post_feature_position":"","_kad_post_header":false,"_kad_post_footer":false,"_kad_post_classname":"","_links_to":"","_links_to_target":""},"game-concept":[773],"location":[83],"product_brand":[],"product_cat":[27],"product_tag":[],"class_list":{"0":"post-63848","1":"product","2":"type-product","3":"status-publish","4":"has-post-thumbnail","6":"game-concept-sherlock","7":"location-belgrade","8":"product_cat-geen-categorie","10":"first","11":"instock","12":"shipping-taxable","13":"purchasable","14":"product-type-simple","15":"entry","16":"content-bg","17":"loop-entry"},"acf":{"full_bokun_product_name":"Belgrade Self-Guided Sherlock Holmes Murder Mystery Game","location_name":"Belgrade","bokun_calendar_widget_code":"<script type=\"text\/javascript\" src=\"https:\/\/widgets.bokun.io\/assets\/javascripts\/apps\/build\/BokunWidgetsLoader.js?bookingChannelUUID=a1e93e96-5232-4734-a595-28405f4b5a31\" async><\/script>\n     \n    <div class=\"bokunWidget\" data-src=\"https:\/\/widgets.bokun.io\/online-sales\/a1e93e96-5232-4734-a595-28405f4b5a31\/experience-calendar\/785411\"><\/div>\n    <noscript>Please enable javascript in your browser to book<\/noscript>","bokun_button_widget_code":"<script type=\"text\/javascript\" src=\"https:\/\/widgets.bokun.io\/assets\/javascripts\/apps\/build\/BokunWidgetsLoader.js?bookingChannelUUID=a1e93e96-5232-4734-a595-28405f4b5a31\" async><\/script>\n      <style> #bokun_ed001e45_5927_4f62_b470_ca766338d083 { display: inline-block; padding: .4em 1em; background: #47b82e; border-radius: 999999px; box-shadow: none; font-weight: 600; font-size: 24px; text-decoration: none; text-align: center; color: #FFFFFF; border:none; cursor: pointer; transition: background .2s ease; } #bokun_ed001e45_5927_4f62_b470_ca766338d083:hover{ background: #2f7b1f; } #bokun_ed001e45_5927_4f62_b470_ca766338d083:active{ background: #378f24; } <\/style> <button class=\"bokunButton\" disabled id=bokun_ed001e45_5927_4f62_b470_ca766338d083 data-src=\"https:\/\/widgets.bokun.io\/online-sales\/a1e93e96-5232-4734-a595-28405f4b5a31\/experience-calendar\/785411?partialView=1\" data-testid=\"widget-book-button\" > Book now <\/button> ","what_you\u2019ll_experience_during_the_game":"Astu mukaansatempaavaan etsiv\u00e4tarinaan Belgradissa, jossa tutkintasi alkaa heti, kun otat ensimm\u00e4iset askeleesi kaupungin kaduilla. Mysteeri avautuu v\u00e4hitellen, kun paljastat piilotettuja vihjeit\u00e4, ratkaiset haastavia pulmia ja seuraat k\u00e4\u00e4nteit\u00e4, jotka muokkaavat tapausta. Jokainen sijainti syvent\u00e4\u00e4 tarinaa, vet\u00e4en sinua syvemm\u00e4lle totuuden etsint\u00e4\u00e4n Vapausfestivaalin j\u00e4rkytt\u00e4neen murhan takana.\n\nKuulustelet digitaalisia ep\u00e4iltyj\u00e4, analysoit heid\u00e4n alibejaan ja havaitset ristiriitoja, jotka voivat ratkaista tapauksen. Edistymisesi riippuu ter\u00e4v\u00e4st\u00e4 havainnoinnista, kriittisest\u00e4 ajattelusta ja vankasta p\u00e4\u00e4ttelykyvyst\u00e4, pit\u00e4en tutkinnan t\u00e4ysin k\u00e4siss\u00e4si. Vapaudella pelata omaan tahtiisi, voit pys\u00e4hty\u00e4 pohtimaan tai jatkaa, kun j\u00e4ljet ovat kuumia. Tiimeille hienovarainen kilpailuhenki lis\u00e4\u00e4 kokemusta, mutta pelin ydin on itse mysteeri.","how_to_play":"Pelaa yksin tai yst\u00e4vien, perheen tai kollegoiden kanssa enint\u00e4\u00e4n nelj\u00e4n hengen tiimeiss\u00e4 per laite. Varauksen j\u00e4lkeen saat s\u00e4hk\u00f6postitse ohjeet kaikella tarvitsemallasi.","start_location":"Belgrade, Prince Mihailo Monument","available_languages":["en","es","fr","de","it","nl"],"players_per_group":"1-4","duration":"1.5-2 hours","image_overlay_color_image":"https:\/\/testwebsite.citygame.com\/wp-content\/blogs.dir\/1\/files\/sites\/62\/2026\/01\/SherlockColor.svg","image_overlay_game_logo":"https:\/\/testwebsite.citygame.com\/wp-content\/blogs.dir\/1\/files\/sites\/62\/2026\/01\/SherlockLogo.png","city_page":12940,"woocommerce_general_content":null},"yoast_head":"<!-- This site is optimized with the Yoast SEO Premium plugin v26.2 (Yoast SEO v26.3) - https:\/\/yoast.com\/wordpress\/plugins\/seo\/ -->\n<title>Sherlock Holmes Belgrade - City Game<\/title>\n<meta name=\"description\" content=\"Sherlock Holmes Belgrade. Pelaa itseohjattua murhamysteeri-kaupunkipeli\u00e4, ratkaise pulmia, seuraa vihjeit\u00e4 ja paljasta murhaaja omaan tahtiisi!\" \/>\n<meta name=\"robots\" content=\"noindex, follow, max-snippet:-1, max-image-preview:large, max-video-preview:-1\" \/>\n<meta property=\"og:locale\" content=\"fi_FI\" \/>\n<meta property=\"og:type\" content=\"article\" \/>\n<meta property=\"og:title\" content=\"Sherlock Holmes Belgrade\" \/>\n<meta property=\"og:description\" content=\"Sherlock Holmes Belgrade. Pelaa itseohjattua murhamysteeri-kaupunkipeli\u00e4, ratkaise pulmia, seuraa vihjeit\u00e4 ja paljasta murhaaja omaan tahtiisi!\" \/>\n<meta property=\"og:url\" content=\"https:\/\/testwebsite.citygame.com\/fi\/games\/belgrade\/sherlock-holmes-belgrade\/\" \/>\n<meta property=\"og:site_name\" content=\"City Game\" \/>\n<meta property=\"article:publisher\" content=\"https:\/\/www.facebook.com\/profile.php?id=100086426226253\" \/>\n<meta property=\"article:modified_time\" content=\"2026-04-08T12:38:02+00:00\" \/>\n<meta property=\"og:image\" content=\"https:\/\/testwebsite.citygame.com\/wp-content\/blogs.dir\/1\/files\/sites\/62\/2026\/02\/woman-playing-city-game-knez-mihailova-street-belgrade.jpg\" \/>\n\t<meta property=\"og:image:width\" content=\"1024\" \/>\n\t<meta property=\"og:image:height\" content=\"1024\" \/>\n\t<meta property=\"og:image:type\" content=\"image\/jpeg\" \/>\n<meta name=\"twitter:card\" content=\"summary_large_image\" \/>\n<script type=\"application\/ld+json\" class=\"yoast-schema-graph\">{\"@context\":\"https:\/\/schema.org\",\"@graph\":[{\"@type\":\"WebPage\",\"@id\":\"https:\/\/testwebsite.citygame.com\/fi\/games\/belgrade\/sherlock-holmes-belgrade\/\",\"url\":\"https:\/\/testwebsite.citygame.com\/fi\/games\/belgrade\/sherlock-holmes-belgrade\/\",\"name\":\"Sherlock Holmes Belgrade - City Game\",\"isPartOf\":{\"@id\":\"https:\/\/testwebsite.upevents.nl\/#website\"},\"primaryImageOfPage\":{\"@id\":\"https:\/\/testwebsite.citygame.com\/fi\/games\/belgrade\/sherlock-holmes-belgrade\/#primaryimage\"},\"image\":{\"@id\":\"https:\/\/testwebsite.citygame.com\/fi\/games\/belgrade\/sherlock-holmes-belgrade\/#primaryimage\"},\"thumbnailUrl\":\"https:\/\/testwebsite.citygame.com\/wp-content\/blogs.dir\/1\/files\/sites\/62\/2026\/02\/woman-playing-city-game-knez-mihailova-street-belgrade.jpg\",\"datePublished\":\"2026-02-12T12:34:35+00:00\",\"dateModified\":\"2026-04-08T12:38:02+00:00\",\"description\":\"Sherlock Holmes Belgrade. Pelaa itseohjattua murhamysteeri-kaupunkipeli\u00e4, ratkaise pulmia, seuraa vihjeit\u00e4 ja paljasta murhaaja omaan tahtiisi!\",\"breadcrumb\":{\"@id\":\"https:\/\/testwebsite.citygame.com\/fi\/games\/belgrade\/sherlock-holmes-belgrade\/#breadcrumb\"},\"inLanguage\":\"fi\",\"potentialAction\":[{\"@type\":\"ReadAction\",\"target\":[\"https:\/\/testwebsite.citygame.com\/fi\/games\/belgrade\/sherlock-holmes-belgrade\/\"]}]},{\"@type\":\"ImageObject\",\"inLanguage\":\"fi\",\"@id\":\"https:\/\/testwebsite.citygame.com\/fi\/games\/belgrade\/sherlock-holmes-belgrade\/#primaryimage\",\"url\":\"https:\/\/testwebsite.citygame.com\/wp-content\/blogs.dir\/1\/files\/sites\/62\/2026\/02\/woman-playing-city-game-knez-mihailova-street-belgrade.jpg\",\"contentUrl\":\"https:\/\/testwebsite.citygame.com\/wp-content\/blogs.dir\/1\/files\/sites\/62\/2026\/02\/woman-playing-city-game-knez-mihailova-street-belgrade.jpg\",\"width\":1024,\"height\":1024,\"caption\":\"A player explores the famous Knez Mihailova pedestrian street in Belgrade while using a smartphone.\"},{\"@type\":\"BreadcrumbList\",\"@id\":\"https:\/\/testwebsite.citygame.com\/fi\/games\/belgrade\/sherlock-holmes-belgrade\/#breadcrumb\",\"itemListElement\":[{\"@type\":\"ListItem\",\"position\":1,\"name\":\"Home\",\"item\":\"https:\/\/testwebsite.citygame.com\/fi\/\"},{\"@type\":\"ListItem\",\"position\":2,\"name\":\"Shop\",\"item\":\"https:\/\/testwebsite.citygame.com\/shop\/\"},{\"@type\":\"ListItem\",\"position\":3,\"name\":\"Sherlock Holmes Belgrade\"}]},{\"@type\":\"WebSite\",\"@id\":\"https:\/\/testwebsite.upevents.nl\/#website\",\"url\":\"https:\/\/testwebsite.upevents.nl\/\",\"name\":\"City Game\",\"description\":\"\",\"publisher\":{\"@id\":\"https:\/\/testwebsite.upevents.nl\/#organization\"},\"alternateName\":\"citygame.com\",\"potentialAction\":[{\"@type\":\"SearchAction\",\"target\":{\"@type\":\"EntryPoint\",\"urlTemplate\":\"https:\/\/testwebsite.upevents.nl\/?s={search_term_string}\"},\"query-input\":{\"@type\":\"PropertyValueSpecification\",\"valueRequired\":true,\"valueName\":\"search_term_string\"}}],\"inLanguage\":\"fi\"},{\"@type\":[\"Organization\",\"Place\"],\"@id\":\"https:\/\/testwebsite.upevents.nl\/#organization\",\"name\":\"City Game\",\"alternateName\":\"citygame.com\",\"url\":\"https:\/\/testwebsite.upevents.nl\/\",\"logo\":{\"@id\":\"https:\/\/testwebsite.citygame.com\/fi\/games\/belgrade\/sherlock-holmes-belgrade\/#local-main-organization-logo\"},\"image\":{\"@id\":\"https:\/\/testwebsite.citygame.com\/fi\/games\/belgrade\/sherlock-holmes-belgrade\/#local-main-organization-logo\"},\"sameAs\":[\"https:\/\/www.facebook.com\/profile.php?id=100086426226253\",\"https:\/\/www.instagram.com\/citygame_com\",\"https:\/\/www.tiktok.com\/@citygamecom\/\",\"https:\/\/www.linkedin.com\/company\/citygame-com\"],\"description\":\"Turn any city into a playground with our interactive City Games and self-guided tours. Fun, flexible, and ideal for groups and team building.\",\"telephone\":[],\"openingHoursSpecification\":[{\"@type\":\"OpeningHoursSpecification\",\"dayOfWeek\":[\"Monday\",\"Tuesday\",\"Wednesday\",\"Thursday\",\"Friday\",\"Saturday\",\"Sunday\"],\"opens\":\"09:00\",\"closes\":\"17:00\"}]},{\"@type\":\"ImageObject\",\"inLanguage\":\"fi\",\"@id\":\"https:\/\/testwebsite.citygame.com\/fi\/games\/belgrade\/sherlock-holmes-belgrade\/#local-main-organization-logo\",\"url\":\"https:\/\/testwebsite.citygame.com\/wp-content\/blogs.dir\/1\/files\/sites\/62\/2025\/10\/CG_LOGO-City-Game.png\",\"contentUrl\":\"https:\/\/testwebsite.citygame.com\/wp-content\/blogs.dir\/1\/files\/sites\/62\/2025\/10\/CG_LOGO-City-Game.png\",\"width\":351,\"height\":377,\"caption\":\"City Game\"}]}<\/script>\n<!-- \/ Yoast SEO Premium plugin. -->","yoast_head_json":{"title":"Sherlock Holmes Belgrade - City Game","description":"Sherlock Holmes Belgrade. Pelaa itseohjattua murhamysteeri-kaupunkipeli\u00e4, ratkaise pulmia, seuraa vihjeit\u00e4 ja paljasta murhaaja omaan tahtiisi!","robots":{"index":"noindex","follow":"follow","max-snippet":"max-snippet:-1","max-image-preview":"max-image-preview:large","max-video-preview":"max-video-preview:-1"},"og_locale":"fi_FI","og_type":"article","og_title":"Sherlock Holmes Belgrade","og_description":"Sherlock Holmes Belgrade. Pelaa itseohjattua murhamysteeri-kaupunkipeli\u00e4, ratkaise pulmia, seuraa vihjeit\u00e4 ja paljasta murhaaja omaan tahtiisi!","og_url":"https:\/\/testwebsite.citygame.com\/fi\/games\/belgrade\/sherlock-holmes-belgrade\/","og_site_name":"City Game","article_publisher":"https:\/\/www.facebook.com\/profile.php?id=100086426226253","article_modified_time":"2026-04-08T12:38:02+00:00","og_image":[{"width":1024,"height":1024,"url":"https:\/\/testwebsite.citygame.com\/wp-content\/blogs.dir\/1\/files\/sites\/62\/2026\/02\/woman-playing-city-game-knez-mihailova-street-belgrade.jpg","type":"image\/jpeg"}],"twitter_card":"summary_large_image","schema":{"@context":"https:\/\/schema.org","@graph":[{"@type":"WebPage","@id":"https:\/\/testwebsite.citygame.com\/fi\/games\/belgrade\/sherlock-holmes-belgrade\/","url":"https:\/\/testwebsite.citygame.com\/fi\/games\/belgrade\/sherlock-holmes-belgrade\/","name":"Sherlock Holmes Belgrade - City Game","isPartOf":{"@id":"https:\/\/testwebsite.upevents.nl\/#website"},"primaryImageOfPage":{"@id":"https:\/\/testwebsite.citygame.com\/fi\/games\/belgrade\/sherlock-holmes-belgrade\/#primaryimage"},"image":{"@id":"https:\/\/testwebsite.citygame.com\/fi\/games\/belgrade\/sherlock-holmes-belgrade\/#primaryimage"},"thumbnailUrl":"https:\/\/testwebsite.citygame.com\/wp-content\/blogs.dir\/1\/files\/sites\/62\/2026\/02\/woman-playing-city-game-knez-mihailova-street-belgrade.jpg","datePublished":"2026-02-12T12:34:35+00:00","dateModified":"2026-04-08T12:38:02+00:00","description":"Sherlock Holmes Belgrade. Pelaa itseohjattua murhamysteeri-kaupunkipeli\u00e4, ratkaise pulmia, seuraa vihjeit\u00e4 ja paljasta murhaaja omaan tahtiisi!","breadcrumb":{"@id":"https:\/\/testwebsite.citygame.com\/fi\/games\/belgrade\/sherlock-holmes-belgrade\/#breadcrumb"},"inLanguage":"fi","potentialAction":[{"@type":"ReadAction","target":["https:\/\/testwebsite.citygame.com\/fi\/games\/belgrade\/sherlock-holmes-belgrade\/"]}]},{"@type":"ImageObject","inLanguage":"fi","@id":"https:\/\/testwebsite.citygame.com\/fi\/games\/belgrade\/sherlock-holmes-belgrade\/#primaryimage","url":"https:\/\/testwebsite.citygame.com\/wp-content\/blogs.dir\/1\/files\/sites\/62\/2026\/02\/woman-playing-city-game-knez-mihailova-street-belgrade.jpg","contentUrl":"https:\/\/testwebsite.citygame.com\/wp-content\/blogs.dir\/1\/files\/sites\/62\/2026\/02\/woman-playing-city-game-knez-mihailova-street-belgrade.jpg","width":1024,"height":1024,"caption":"A player explores the famous Knez Mihailova pedestrian street in Belgrade while using a smartphone."},{"@type":"BreadcrumbList","@id":"https:\/\/testwebsite.citygame.com\/fi\/games\/belgrade\/sherlock-holmes-belgrade\/#breadcrumb","itemListElement":[{"@type":"ListItem","position":1,"name":"Home","item":"https:\/\/testwebsite.citygame.com\/fi\/"},{"@type":"ListItem","position":2,"name":"Shop","item":"https:\/\/testwebsite.citygame.com\/shop\/"},{"@type":"ListItem","position":3,"name":"Sherlock Holmes Belgrade"}]},{"@type":"WebSite","@id":"https:\/\/testwebsite.upevents.nl\/#website","url":"https:\/\/testwebsite.upevents.nl\/","name":"City Game","description":"","publisher":{"@id":"https:\/\/testwebsite.upevents.nl\/#organization"},"alternateName":"citygame.com","potentialAction":[{"@type":"SearchAction","target":{"@type":"EntryPoint","urlTemplate":"https:\/\/testwebsite.upevents.nl\/?s={search_term_string}"},"query-input":{"@type":"PropertyValueSpecification","valueRequired":true,"valueName":"search_term_string"}}],"inLanguage":"fi"},{"@type":["Organization","Place"],"@id":"https:\/\/testwebsite.upevents.nl\/#organization","name":"City Game","alternateName":"citygame.com","url":"https:\/\/testwebsite.upevents.nl\/","logo":{"@id":"https:\/\/testwebsite.citygame.com\/fi\/games\/belgrade\/sherlock-holmes-belgrade\/#local-main-organization-logo"},"image":{"@id":"https:\/\/testwebsite.citygame.com\/fi\/games\/belgrade\/sherlock-holmes-belgrade\/#local-main-organization-logo"},"sameAs":["https:\/\/www.facebook.com\/profile.php?id=100086426226253","https:\/\/www.instagram.com\/citygame_com","https:\/\/www.tiktok.com\/@citygamecom\/","https:\/\/www.linkedin.com\/company\/citygame-com"],"description":"Turn any city into a playground with our interactive City Games and self-guided tours. Fun, flexible, and ideal for groups and team building.","telephone":[],"openingHoursSpecification":[{"@type":"OpeningHoursSpecification","dayOfWeek":["Monday","Tuesday","Wednesday","Thursday","Friday","Saturday","Sunday"],"opens":"09:00","closes":"17:00"}]},{"@type":"ImageObject","inLanguage":"fi","@id":"https:\/\/testwebsite.citygame.com\/fi\/games\/belgrade\/sherlock-holmes-belgrade\/#local-main-organization-logo","url":"https:\/\/testwebsite.citygame.com\/wp-content\/blogs.dir\/1\/files\/sites\/62\/2025\/10\/CG_LOGO-City-Game.png","contentUrl":"https:\/\/testwebsite.citygame.com\/wp-content\/blogs.dir\/1\/files\/sites\/62\/2025\/10\/CG_LOGO-City-Game.png","width":351,"height":377,"caption":"City Game"}]}},"taxonomy_info":{"game-concept":[{"value":773,"label":"Sherlock"}],"location":[{"value":83,"label":"Belgrade"}],"product_cat":[{"value":27,"label":"Geen categorie"}]},"featured_image_src_large":["https:\/\/testwebsite.citygame.com\/wp-content\/blogs.dir\/1\/files\/sites\/62\/2026\/02\/woman-playing-city-game-knez-mihailova-street-belgrade.jpg",1024,1024,false],"author_info":[],"comment_info":"","_links":{"self":[{"href":"https:\/\/testwebsite.citygame.com\/fi\/wp-json\/wp\/v2\/product\/63848","targetHints":{"allow":["GET"]}}],"collection":[{"href":"https:\/\/testwebsite.citygame.com\/fi\/wp-json\/wp\/v2\/product"}],"about":[{"href":"https:\/\/testwebsite.citygame.com\/fi\/wp-json\/wp\/v2\/types\/product"}],"acf:post":[{"embeddable":true,"href":"https:\/\/testwebsite.citygame.com\/fi\/wp-json\/wp\/v2\/pages\/12940"}],"wp:featuredmedia":[{"embeddable":true,"href":"https:\/\/testwebsite.citygame.com\/fi\/wp-json\/wp\/v2\/media\/12942"}],"wp:attachment":[{"href":"https:\/\/testwebsite.citygame.com\/fi\/wp-json\/wp\/v2\/media?parent=63848"}],"wp:term":[{"taxonomy":"game-concept","embeddable":true,"href":"https:\/\/testwebsite.citygame.com\/fi\/wp-json\/wp\/v2\/game-concept?post=63848"},{"taxonomy":"location","embeddable":true,"href":"https:\/\/testwebsite.citygame.com\/fi\/wp-json\/wp\/v2\/location?post=63848"},{"taxonomy":"product_brand","embeddable":true,"href":"https:\/\/testwebsite.citygame.com\/fi\/wp-json\/wp\/v2\/product_brand?post=63848"},{"taxonomy":"product_cat","embeddable":true,"href":"https:\/\/testwebsite.citygame.com\/fi\/wp-json\/wp\/v2\/product_cat?post=63848"},{"taxonomy":"product_tag","embeddable":true,"href":"https:\/\/testwebsite.citygame.com\/fi\/wp-json\/wp\/v2\/product_tag?post=63848"}],"curies":[{"name":"wp","href":"https:\/\/api.w.org\/{rel}","templated":true}]}}