{"id":62920,"date":"2026-02-20T13:04:34","date_gmt":"2026-02-20T13:04:34","guid":{"rendered":"https:\/\/testwebsite.citygame.com\/games\/unknown-location\/the-hannover-syndicate\/"},"modified":"2026-04-08T10:38:07","modified_gmt":"2026-04-08T10:38:07","slug":"the-hannover-syndicate","status":"publish","type":"product","link":"https:\/\/testwebsite.citygame.com\/fi\/games\/hannover\/the-hannover-syndicate\/","title":{"rendered":"The Hannover Syndicate"},"content":{"rendered":"<p>Tule avainpelaajaksi j\u00e4nnitt\u00e4v\u00e4ss\u00e4, omaehtoisessa City Escape Gamessa Hannoverin keskustassa. Ly\u00f6tt\u00e4ydy yhteen muiden kanssa teht\u00e4v\u00e4\u00e4n, jossa paljastetaan vaikeasti tavoitettavan Magnuksen mysteeri ja haetaan kuusi varastettua kaavaa, pulmien ja teht\u00e4vien sarjan kautta, jotka muodostavat t\u00e4m\u00e4n mukaansatempaavan kaupunkipelin ytimen Hannoverissa. Korostaen tiimity\u00f6t\u00e4 ja dynaamista tarinankerrontaa, pelaajat kokevat vaiheittaisen edistymisen t\u00e4ll\u00e4 vangitsevalla teht\u00e4v\u00e4ll\u00e4, mik\u00e4 edist\u00e4\u00e4 yhteishenke\u00e4 ja syvent\u00e4\u00e4 uppoutumista etenev\u00e4\u00e4n kertomukseen.<\/p>\n","protected":false},"excerpt":{"rendered":"<p>Astu The Hannover Syndicate City Escape Gamen j\u00e4nnitt\u00e4v\u00e4\u00e4n maailmaan, omaehtoiseen seikkailuusi, joka sijoittuu Hannoverin vilkkaaseen syd\u00e4meen. Tee yhteisty\u00f6t\u00e4 tiimisi kanssa, seuraa vihjeit\u00e4, ratkaise haastavia pulmia ja paljasta totuus tarinan edetess\u00e4 jokaisen suoritetun teht\u00e4v\u00e4n my\u00f6t\u00e4. Aika kuluu, joten tartu haasteeseen!<\/p>\n","protected":false},"featured_media":15342,"template":"","meta":{"_acf_changed":false,"_yoast_wpseo_focuskw":"The Hannover Syndicate","_yoast_wpseo_metadesc":"The Hannover Syndicate. Pelaa itseohjattua kaupunkipakopeli\u00e4, ratkaise pulmia, suorita teht\u00e4vi\u00e4 ja palauta varastetut kaavat omaan tahtiisi!","_kad_blocks_custom_css":"","_kad_blocks_head_custom_js":"","_kad_blocks_body_custom_js":"","_kad_blocks_footer_custom_js":"","ghostkit_customizer_options":"","ghostkit_custom_css":"","ghostkit_custom_js_head":"","ghostkit_custom_js_foot":"","ghostkit_typography":"","_kad_post_transparent":"","_kad_post_title":"","_kad_post_layout":"","_kad_post_sidebar_id":"","_kad_post_content_style":"","_kad_post_vertical_padding":"","_kad_post_feature":"","_kad_post_feature_position":"","_kad_post_header":false,"_kad_post_footer":false,"_kad_post_classname":"","_links_to":"","_links_to_target":""},"game-concept":[742],"location":[605],"product_brand":[],"product_cat":[27],"product_tag":[],"class_list":{"0":"post-62920","1":"product","2":"type-product","3":"status-publish","4":"has-post-thumbnail","6":"game-concept-syndicate","7":"location-hannover","8":"product_cat-geen-categorie","10":"first","11":"instock","12":"shipping-taxable","13":"purchasable","14":"product-type-simple","15":"entry","16":"content-bg","17":"loop-entry"},"acf":{"full_bokun_product_name":"Self-Guided The Hannover Syndicate City Escape Game","location_name":"Hannover","bokun_calendar_widget_code":"<script type=\"text\/javascript\" src=\"https:\/\/widgets.bokun.io\/assets\/javascripts\/apps\/build\/BokunWidgetsLoader.js?bookingChannelUUID=a1e93e96-5232-4734-a595-28405f4b5a31\" async><\/script>\n     \n    <div class=\"bokunWidget\" data-src=\"https:\/\/widgets.bokun.io\/online-sales\/a1e93e96-5232-4734-a595-28405f4b5a31\/experience-calendar\/931142\"><\/div>\n    <noscript>Please enable javascript in your browser to book<\/noscript>","bokun_button_widget_code":"<script type=\"text\/javascript\" src=\"https:\/\/widgets.bokun.io\/assets\/javascripts\/apps\/build\/BokunWidgetsLoader.js?bookingChannelUUID=a1e93e96-5232-4734-a595-28405f4b5a31\" async><\/script>\n      <style> #bokun_ed001e45_5927_4f62_b470_ca766338d083 { display: inline-block; padding: .4em 1em; background: #47b82e; border-radius: 999999px; box-shadow: none; font-weight: 600; font-size: 24px; text-decoration: none; text-align: center; color: #FFFFFF; border:none; cursor: pointer; transition: background .2s ease; } #bokun_ed001e45_5927_4f62_b470_ca766338d083:hover{ background: #2f7b1f; } #bokun_ed001e45_5927_4f62_b470_ca766338d083:active{ background: #378f24; } <\/style> <button class=\"bokunButton\" disabled id=bokun_ed001e45_5927_4f62_b470_ca766338d083 data-src=\"https:\/\/widgets.bokun.io\/online-sales\/a1e93e96-5232-4734-a595-28405f4b5a31\/experience-calendar\/931142?partialView=1\" data-testid=\"widget-book-button\" > Book now <\/button> ","what_you\u2019ll_experience_during_the_game":"'The Hannover Syndicatessa' pelaajat sy\u00f6ksyv\u00e4t korkean panoksen pakoteht\u00e4v\u00e4\u00e4n, joka on kudottu itse kaupungin rakenteeseen. Teht\u00e4v\u00e4si avautuu jokaisella askeleella, jonka otat Hannoverin kaduilla, ja jokainen askel paljastaa kriittist\u00e4 tietoa ja ohjaa sinua syvemm\u00e4lle j\u00e4nnitt\u00e4v\u00e4\u00e4n kertomukseen. Matkaa t\u00e4m\u00e4n mukaansatempaavan tarinavetoisen kokemuksen l\u00e4pi yl\u00e4tavoitteena j\u00e4ljitt\u00e4\u00e4 vaikeasti tavoitettava Magnus ja palauttaa kuusi varastettua kaavaa, jotka h\u00e4n on piilottanut ymp\u00e4ri kaupunkia. \n\nPelaaminen on t\u00e4ynn\u00e4 pulmia, salakoodeja, syd\u00e4nt\u00e4 tykytt\u00e4vi\u00e4 haasteita ja teht\u00e4vi\u00e4, jotka koettelevat tiimisi kykyj\u00e4 \u00e4\u00e4rirajoille. T\u00e4m\u00e4 ei ole yksin suoritettava teht\u00e4v\u00e4; tiimity\u00f6, viestint\u00e4 ja p\u00e4\u00e4t\u00f6ksenteko ovat teht\u00e4v\u00e4si menestyksen ytimess\u00e4. Keskeyt\u00e4 ja jatka peli\u00e4 omaan tahtiisi, ja Hannoverin upea kaupunkikuva tarjoaa enemm\u00e4n kuin pelk\u00e4n taustan teht\u00e4v\u00e4llesi. Muista, ett\u00e4 t\u00e4m\u00e4 ei ole n\u00e4ht\u00e4vyyksien katselua \u2013 se on pakoteht\u00e4v\u00e4, ja jokainen katu, rakennus ja nurkka voi sis\u00e4lt\u00e4\u00e4 avaimen menestykseesi.","how_to_play":"Varaa kaupunkipeli, tarkista sinulle l\u00e4hett\u00e4m\u00e4mme s\u00e4hk\u00f6posti ohjeineen, lataa Loquiz-sovellus ja aloita pelikokemuksesi!","start_location":"Hannover, Karmarschstra\u00dfe","available_languages":["en"],"players_per_group":"1-4","duration":"1.5-2 hours","image_overlay_color_image":"https:\/\/testwebsite.citygame.com\/wp-content\/blogs.dir\/1\/files\/sites\/62\/2026\/01\/SyndicateColor.svg","image_overlay_game_logo":"https:\/\/testwebsite.citygame.com\/wp-content\/blogs.dir\/1\/files\/sites\/62\/2026\/01\/SyndicateLogo.png","city_page":15340,"woocommerce_general_content":null},"yoast_head":"<!-- This site is optimized with the Yoast SEO Premium plugin v26.2 (Yoast SEO v26.3) - https:\/\/yoast.com\/wordpress\/plugins\/seo\/ -->\n<title>The Hannover Syndicate - City Game<\/title>\n<meta name=\"description\" content=\"The Hannover Syndicate. Pelaa itseohjattua kaupunkipakopeli\u00e4, ratkaise pulmia, suorita teht\u00e4vi\u00e4 ja palauta varastetut kaavat omaan tahtiisi!\" \/>\n<meta name=\"robots\" content=\"noindex, follow, max-snippet:-1, max-image-preview:large, max-video-preview:-1\" \/>\n<meta property=\"og:locale\" content=\"fi_FI\" \/>\n<meta property=\"og:type\" content=\"article\" \/>\n<meta property=\"og:title\" content=\"The Hannover Syndicate\" \/>\n<meta property=\"og:description\" content=\"The Hannover Syndicate. Pelaa itseohjattua kaupunkipakopeli\u00e4, ratkaise pulmia, suorita teht\u00e4vi\u00e4 ja palauta varastetut kaavat omaan tahtiisi!\" \/>\n<meta property=\"og:url\" content=\"https:\/\/testwebsite.citygame.com\/fi\/games\/hannover\/the-hannover-syndicate\/\" \/>\n<meta property=\"og:site_name\" content=\"City Game\" \/>\n<meta property=\"article:publisher\" content=\"https:\/\/www.facebook.com\/profile.php?id=100086426226253\" \/>\n<meta property=\"article:modified_time\" content=\"2026-04-08T10:38:07+00:00\" \/>\n<meta property=\"og:image\" content=\"https:\/\/testwebsite.citygame.com\/wp-content\/blogs.dir\/1\/files\/sites\/62\/2026\/02\/hannover-players-city-game-old-town.jpg\" \/>\n\t<meta property=\"og:image:width\" content=\"1024\" \/>\n\t<meta property=\"og:image:height\" content=\"1024\" \/>\n\t<meta property=\"og:image:type\" content=\"image\/jpeg\" \/>\n<meta name=\"twitter:card\" content=\"summary_large_image\" \/>\n<script type=\"application\/ld+json\" class=\"yoast-schema-graph\">{\"@context\":\"https:\/\/schema.org\",\"@graph\":[{\"@type\":\"WebPage\",\"@id\":\"https:\/\/testwebsite.citygame.com\/fi\/games\/hannover\/the-hannover-syndicate\/\",\"url\":\"https:\/\/testwebsite.citygame.com\/fi\/games\/hannover\/the-hannover-syndicate\/\",\"name\":\"The Hannover Syndicate - City Game\",\"isPartOf\":{\"@id\":\"https:\/\/testwebsite.upevents.nl\/#website\"},\"primaryImageOfPage\":{\"@id\":\"https:\/\/testwebsite.citygame.com\/fi\/games\/hannover\/the-hannover-syndicate\/#primaryimage\"},\"image\":{\"@id\":\"https:\/\/testwebsite.citygame.com\/fi\/games\/hannover\/the-hannover-syndicate\/#primaryimage\"},\"thumbnailUrl\":\"https:\/\/testwebsite.citygame.com\/wp-content\/blogs.dir\/1\/files\/sites\/62\/2026\/02\/hannover-players-city-game-old-town.jpg\",\"datePublished\":\"2026-02-20T13:04:34+00:00\",\"dateModified\":\"2026-04-08T10:38:07+00:00\",\"description\":\"The Hannover Syndicate. Pelaa itseohjattua kaupunkipakopeli\u00e4, ratkaise pulmia, suorita teht\u00e4vi\u00e4 ja palauta varastetut kaavat omaan tahtiisi!\",\"breadcrumb\":{\"@id\":\"https:\/\/testwebsite.citygame.com\/fi\/games\/hannover\/the-hannover-syndicate\/#breadcrumb\"},\"inLanguage\":\"fi\",\"potentialAction\":[{\"@type\":\"ReadAction\",\"target\":[\"https:\/\/testwebsite.citygame.com\/fi\/games\/hannover\/the-hannover-syndicate\/\"]}]},{\"@type\":\"ImageObject\",\"inLanguage\":\"fi\",\"@id\":\"https:\/\/testwebsite.citygame.com\/fi\/games\/hannover\/the-hannover-syndicate\/#primaryimage\",\"url\":\"https:\/\/testwebsite.citygame.com\/wp-content\/blogs.dir\/1\/files\/sites\/62\/2026\/02\/hannover-players-city-game-old-town.jpg\",\"contentUrl\":\"https:\/\/testwebsite.citygame.com\/wp-content\/blogs.dir\/1\/files\/sites\/62\/2026\/02\/hannover-players-city-game-old-town.jpg\",\"width\":1024,\"height\":1024,\"caption\":\"A group of young people gather around a smartphone while exploring the historic streets of Hannover.\"},{\"@type\":\"BreadcrumbList\",\"@id\":\"https:\/\/testwebsite.citygame.com\/fi\/games\/hannover\/the-hannover-syndicate\/#breadcrumb\",\"itemListElement\":[{\"@type\":\"ListItem\",\"position\":1,\"name\":\"Home\",\"item\":\"https:\/\/testwebsite.citygame.com\/fi\/\"},{\"@type\":\"ListItem\",\"position\":2,\"name\":\"Shop\",\"item\":\"https:\/\/testwebsite.citygame.com\/shop\/\"},{\"@type\":\"ListItem\",\"position\":3,\"name\":\"The Hannover Syndicate\"}]},{\"@type\":\"WebSite\",\"@id\":\"https:\/\/testwebsite.upevents.nl\/#website\",\"url\":\"https:\/\/testwebsite.upevents.nl\/\",\"name\":\"City Game\",\"description\":\"\",\"publisher\":{\"@id\":\"https:\/\/testwebsite.upevents.nl\/#organization\"},\"alternateName\":\"citygame.com\",\"potentialAction\":[{\"@type\":\"SearchAction\",\"target\":{\"@type\":\"EntryPoint\",\"urlTemplate\":\"https:\/\/testwebsite.upevents.nl\/?s={search_term_string}\"},\"query-input\":{\"@type\":\"PropertyValueSpecification\",\"valueRequired\":true,\"valueName\":\"search_term_string\"}}],\"inLanguage\":\"fi\"},{\"@type\":[\"Organization\",\"Place\"],\"@id\":\"https:\/\/testwebsite.upevents.nl\/#organization\",\"name\":\"City Game\",\"alternateName\":\"citygame.com\",\"url\":\"https:\/\/testwebsite.upevents.nl\/\",\"logo\":{\"@id\":\"https:\/\/testwebsite.citygame.com\/fi\/games\/hannover\/the-hannover-syndicate\/#local-main-organization-logo\"},\"image\":{\"@id\":\"https:\/\/testwebsite.citygame.com\/fi\/games\/hannover\/the-hannover-syndicate\/#local-main-organization-logo\"},\"sameAs\":[\"https:\/\/www.facebook.com\/profile.php?id=100086426226253\",\"https:\/\/www.instagram.com\/citygame_com\",\"https:\/\/www.tiktok.com\/@citygamecom\/\",\"https:\/\/www.linkedin.com\/company\/citygame-com\"],\"description\":\"Turn any city into a playground with our interactive City Games and self-guided tours. Fun, flexible, and ideal for groups and team building.\",\"telephone\":[],\"openingHoursSpecification\":[{\"@type\":\"OpeningHoursSpecification\",\"dayOfWeek\":[\"Monday\",\"Tuesday\",\"Wednesday\",\"Thursday\",\"Friday\",\"Saturday\",\"Sunday\"],\"opens\":\"09:00\",\"closes\":\"17:00\"}]},{\"@type\":\"ImageObject\",\"inLanguage\":\"fi\",\"@id\":\"https:\/\/testwebsite.citygame.com\/fi\/games\/hannover\/the-hannover-syndicate\/#local-main-organization-logo\",\"url\":\"https:\/\/testwebsite.citygame.com\/wp-content\/blogs.dir\/1\/files\/sites\/62\/2025\/10\/CG_LOGO-City-Game.png\",\"contentUrl\":\"https:\/\/testwebsite.citygame.com\/wp-content\/blogs.dir\/1\/files\/sites\/62\/2025\/10\/CG_LOGO-City-Game.png\",\"width\":351,\"height\":377,\"caption\":\"City Game\"}]}<\/script>\n<!-- \/ Yoast SEO Premium plugin. -->","yoast_head_json":{"title":"The Hannover Syndicate - City Game","description":"The Hannover Syndicate. Pelaa itseohjattua kaupunkipakopeli\u00e4, ratkaise pulmia, suorita teht\u00e4vi\u00e4 ja palauta varastetut kaavat omaan tahtiisi!","robots":{"index":"noindex","follow":"follow","max-snippet":"max-snippet:-1","max-image-preview":"max-image-preview:large","max-video-preview":"max-video-preview:-1"},"og_locale":"fi_FI","og_type":"article","og_title":"The Hannover Syndicate","og_description":"The Hannover Syndicate. Pelaa itseohjattua kaupunkipakopeli\u00e4, ratkaise pulmia, suorita teht\u00e4vi\u00e4 ja palauta varastetut kaavat omaan tahtiisi!","og_url":"https:\/\/testwebsite.citygame.com\/fi\/games\/hannover\/the-hannover-syndicate\/","og_site_name":"City Game","article_publisher":"https:\/\/www.facebook.com\/profile.php?id=100086426226253","article_modified_time":"2026-04-08T10:38:07+00:00","og_image":[{"width":1024,"height":1024,"url":"https:\/\/testwebsite.citygame.com\/wp-content\/blogs.dir\/1\/files\/sites\/62\/2026\/02\/hannover-players-city-game-old-town.jpg","type":"image\/jpeg"}],"twitter_card":"summary_large_image","schema":{"@context":"https:\/\/schema.org","@graph":[{"@type":"WebPage","@id":"https:\/\/testwebsite.citygame.com\/fi\/games\/hannover\/the-hannover-syndicate\/","url":"https:\/\/testwebsite.citygame.com\/fi\/games\/hannover\/the-hannover-syndicate\/","name":"The Hannover Syndicate - City Game","isPartOf":{"@id":"https:\/\/testwebsite.upevents.nl\/#website"},"primaryImageOfPage":{"@id":"https:\/\/testwebsite.citygame.com\/fi\/games\/hannover\/the-hannover-syndicate\/#primaryimage"},"image":{"@id":"https:\/\/testwebsite.citygame.com\/fi\/games\/hannover\/the-hannover-syndicate\/#primaryimage"},"thumbnailUrl":"https:\/\/testwebsite.citygame.com\/wp-content\/blogs.dir\/1\/files\/sites\/62\/2026\/02\/hannover-players-city-game-old-town.jpg","datePublished":"2026-02-20T13:04:34+00:00","dateModified":"2026-04-08T10:38:07+00:00","description":"The Hannover Syndicate. Pelaa itseohjattua kaupunkipakopeli\u00e4, ratkaise pulmia, suorita teht\u00e4vi\u00e4 ja palauta varastetut kaavat omaan tahtiisi!","breadcrumb":{"@id":"https:\/\/testwebsite.citygame.com\/fi\/games\/hannover\/the-hannover-syndicate\/#breadcrumb"},"inLanguage":"fi","potentialAction":[{"@type":"ReadAction","target":["https:\/\/testwebsite.citygame.com\/fi\/games\/hannover\/the-hannover-syndicate\/"]}]},{"@type":"ImageObject","inLanguage":"fi","@id":"https:\/\/testwebsite.citygame.com\/fi\/games\/hannover\/the-hannover-syndicate\/#primaryimage","url":"https:\/\/testwebsite.citygame.com\/wp-content\/blogs.dir\/1\/files\/sites\/62\/2026\/02\/hannover-players-city-game-old-town.jpg","contentUrl":"https:\/\/testwebsite.citygame.com\/wp-content\/blogs.dir\/1\/files\/sites\/62\/2026\/02\/hannover-players-city-game-old-town.jpg","width":1024,"height":1024,"caption":"A group of young people gather around a smartphone while exploring the historic streets of Hannover."},{"@type":"BreadcrumbList","@id":"https:\/\/testwebsite.citygame.com\/fi\/games\/hannover\/the-hannover-syndicate\/#breadcrumb","itemListElement":[{"@type":"ListItem","position":1,"name":"Home","item":"https:\/\/testwebsite.citygame.com\/fi\/"},{"@type":"ListItem","position":2,"name":"Shop","item":"https:\/\/testwebsite.citygame.com\/shop\/"},{"@type":"ListItem","position":3,"name":"The Hannover Syndicate"}]},{"@type":"WebSite","@id":"https:\/\/testwebsite.upevents.nl\/#website","url":"https:\/\/testwebsite.upevents.nl\/","name":"City Game","description":"","publisher":{"@id":"https:\/\/testwebsite.upevents.nl\/#organization"},"alternateName":"citygame.com","potentialAction":[{"@type":"SearchAction","target":{"@type":"EntryPoint","urlTemplate":"https:\/\/testwebsite.upevents.nl\/?s={search_term_string}"},"query-input":{"@type":"PropertyValueSpecification","valueRequired":true,"valueName":"search_term_string"}}],"inLanguage":"fi"},{"@type":["Organization","Place"],"@id":"https:\/\/testwebsite.upevents.nl\/#organization","name":"City Game","alternateName":"citygame.com","url":"https:\/\/testwebsite.upevents.nl\/","logo":{"@id":"https:\/\/testwebsite.citygame.com\/fi\/games\/hannover\/the-hannover-syndicate\/#local-main-organization-logo"},"image":{"@id":"https:\/\/testwebsite.citygame.com\/fi\/games\/hannover\/the-hannover-syndicate\/#local-main-organization-logo"},"sameAs":["https:\/\/www.facebook.com\/profile.php?id=100086426226253","https:\/\/www.instagram.com\/citygame_com","https:\/\/www.tiktok.com\/@citygamecom\/","https:\/\/www.linkedin.com\/company\/citygame-com"],"description":"Turn any city into a playground with our interactive City Games and self-guided tours. Fun, flexible, and ideal for groups and team building.","telephone":[],"openingHoursSpecification":[{"@type":"OpeningHoursSpecification","dayOfWeek":["Monday","Tuesday","Wednesday","Thursday","Friday","Saturday","Sunday"],"opens":"09:00","closes":"17:00"}]},{"@type":"ImageObject","inLanguage":"fi","@id":"https:\/\/testwebsite.citygame.com\/fi\/games\/hannover\/the-hannover-syndicate\/#local-main-organization-logo","url":"https:\/\/testwebsite.citygame.com\/wp-content\/blogs.dir\/1\/files\/sites\/62\/2025\/10\/CG_LOGO-City-Game.png","contentUrl":"https:\/\/testwebsite.citygame.com\/wp-content\/blogs.dir\/1\/files\/sites\/62\/2025\/10\/CG_LOGO-City-Game.png","width":351,"height":377,"caption":"City Game"}]}},"taxonomy_info":{"game-concept":[{"value":742,"label":"Syndicate"}],"location":[{"value":605,"label":"Hannover"}],"product_cat":[{"value":27,"label":"Geen categorie"}]},"featured_image_src_large":["https:\/\/testwebsite.citygame.com\/wp-content\/blogs.dir\/1\/files\/sites\/62\/2026\/02\/hannover-players-city-game-old-town.jpg",1024,1024,false],"author_info":[],"comment_info":"","_links":{"self":[{"href":"https:\/\/testwebsite.citygame.com\/fi\/wp-json\/wp\/v2\/product\/62920","targetHints":{"allow":["GET"]}}],"collection":[{"href":"https:\/\/testwebsite.citygame.com\/fi\/wp-json\/wp\/v2\/product"}],"about":[{"href":"https:\/\/testwebsite.citygame.com\/fi\/wp-json\/wp\/v2\/types\/product"}],"acf:post":[{"embeddable":true,"href":"https:\/\/testwebsite.citygame.com\/fi\/wp-json\/wp\/v2\/pages\/15340"}],"wp:featuredmedia":[{"embeddable":true,"href":"https:\/\/testwebsite.citygame.com\/fi\/wp-json\/wp\/v2\/media\/15342"}],"wp:attachment":[{"href":"https:\/\/testwebsite.citygame.com\/fi\/wp-json\/wp\/v2\/media?parent=62920"}],"wp:term":[{"taxonomy":"game-concept","embeddable":true,"href":"https:\/\/testwebsite.citygame.com\/fi\/wp-json\/wp\/v2\/game-concept?post=62920"},{"taxonomy":"location","embeddable":true,"href":"https:\/\/testwebsite.citygame.com\/fi\/wp-json\/wp\/v2\/location?post=62920"},{"taxonomy":"product_brand","embeddable":true,"href":"https:\/\/testwebsite.citygame.com\/fi\/wp-json\/wp\/v2\/product_brand?post=62920"},{"taxonomy":"product_cat","embeddable":true,"href":"https:\/\/testwebsite.citygame.com\/fi\/wp-json\/wp\/v2\/product_cat?post=62920"},{"taxonomy":"product_tag","embeddable":true,"href":"https:\/\/testwebsite.citygame.com\/fi\/wp-json\/wp\/v2\/product_tag?post=62920"}],"curies":[{"name":"wp","href":"https:\/\/api.w.org\/{rel}","templated":true}]}}