{"id":62805,"date":"2026-02-20T12:48:08","date_gmt":"2026-02-20T12:48:08","guid":{"rendered":"https:\/\/testwebsite.citygame.com\/games\/unknown-location\/the-lisbon-syndicate\/"},"modified":"2026-04-08T10:23:37","modified_gmt":"2026-04-08T10:23:37","slug":"the-lisbon-syndicate","status":"publish","type":"product","link":"https:\/\/testwebsite.citygame.com\/fi\/games\/lisbon\/the-lisbon-syndicate\/","title":{"rendered":"The Lisbon Syndicate"},"content":{"rendered":"<p>Ota osaa j\u00e4nnitt\u00e4v\u00e4\u00e4n teht\u00e4v\u00e4\u00e4n &#8220;The Lisbon Syndicate&#8221; -itseohjatussa City Escape Gamessa Lissabonin historiallisessa keskustassa. T\u00e4m\u00e4 ainutlaatuinen Lissabonin kaupunkipeli vaatii sinua ja tiimi\u00e4si ty\u00f6skentelem\u00e4\u00e4n yhdess\u00e4, ratkomaan monimutkaisia pulmia ja suorittamaan sarjan teht\u00e4vi\u00e4, kaikki kudottuna mukaansatempaavaan tarinaan, jotta saatte takaisin kuusi varastettua kaavaa j\u00e4ljitt\u00e4m\u00e4ll\u00e4 vaikeasti tavoitettavan Magnuksen. Pelin ytimess\u00e4 on painotus tiimity\u00f6h\u00f6n ja vaiheittaiseen teht\u00e4v\u00e4n etenemiseen, tarjoten j\u00e4nnitt\u00e4v\u00e4n yhdistelm\u00e4n tarinankerrontaa ja strategiaa, joka ei sis\u00e4ll\u00e4 n\u00e4ht\u00e4vyyksien katselua tai historian opiskelua.<\/p>\n","protected":false},"excerpt":{"rendered":"<p>L\u00e4hde j\u00e4nnitt\u00e4v\u00e4\u00e4n, itseohjattuun City Escape Game -seikkailuun Lissabonin syd\u00e4mess\u00e4. Selvit\u00e4 t\u00e4m\u00e4n kaupungin mysteerit seuraamalla vihjeit\u00e4, yhdist\u00e4m\u00e4ll\u00e4 voimasi tiimisi kanssa ja ratkaisemalla monimutkaisia pulmia, jotka viev\u00e4t sinua syvemm\u00e4lle teht\u00e4v\u00e4\u00e4si, on aika paljastaa totuus yhdess\u00e4!<\/p>\n","protected":false},"featured_media":15325,"template":"","meta":{"_acf_changed":false,"_yoast_wpseo_focuskw":"The Lisbon Syndicate","_yoast_wpseo_metadesc":"The Lisbon Syndicate. Pelaa itseohjattua City Escape Gamea, ratkaise pulmia, suorita teht\u00e4vi\u00e4 ja hanki varastetut kaavat takaisin omaan tahtiisi!","_kad_blocks_custom_css":"","_kad_blocks_head_custom_js":"","_kad_blocks_body_custom_js":"","_kad_blocks_footer_custom_js":"","ghostkit_customizer_options":"","ghostkit_custom_css":"","ghostkit_custom_js_head":"","ghostkit_custom_js_foot":"","ghostkit_typography":"","_kad_post_transparent":"","_kad_post_title":"","_kad_post_layout":"","_kad_post_sidebar_id":"","_kad_post_content_style":"","_kad_post_vertical_padding":"","_kad_post_feature":"","_kad_post_feature_position":"","_kad_post_header":false,"_kad_post_footer":false,"_kad_post_classname":"","_links_to":"","_links_to_target":""},"game-concept":[742],"location":[245],"product_brand":[],"product_cat":[27],"product_tag":[],"class_list":{"0":"post-62805","1":"product","2":"type-product","3":"status-publish","4":"has-post-thumbnail","6":"game-concept-syndicate","7":"location-lisbon","8":"product_cat-geen-categorie","10":"first","11":"instock","12":"shipping-taxable","13":"purchasable","14":"product-type-simple","15":"entry","16":"content-bg","17":"loop-entry"},"acf":{"full_bokun_product_name":" Self-Guided The Lisbon Syndicate City Escape Game","location_name":"Lisbon","bokun_calendar_widget_code":"<script type=\"text\/javascript\" src=\"https:\/\/widgets.bokun.io\/assets\/javascripts\/apps\/build\/BokunWidgetsLoader.js?bookingChannelUUID=a1e93e96-5232-4734-a595-28405f4b5a31\" async><\/script>\n     \n    <div class=\"bokunWidget\" data-src=\"https:\/\/widgets.bokun.io\/online-sales\/a1e93e96-5232-4734-a595-28405f4b5a31\/experience-calendar\/924240\"><\/div>\n    <noscript>Please enable javascript in your browser to book<\/noscript>","bokun_button_widget_code":"<script type=\"text\/javascript\" src=\"https:\/\/widgets.bokun.io\/assets\/javascripts\/apps\/build\/BokunWidgetsLoader.js?bookingChannelUUID=a1e93e96-5232-4734-a595-28405f4b5a31\" async><\/script>\n      <style> #bokun_ed001e45_5927_4f62_b470_ca766338d083 { display: inline-block; padding: .4em 1em; background: #47b82e; border-radius: 999999px; box-shadow: none; font-weight: 600; font-size: 24px; text-decoration: none; text-align: center; color: #FFFFFF; border:none; cursor: pointer; transition: background .2s ease; } #bokun_ed001e45_5927_4f62_b470_ca766338d083:hover{ background: #2f7b1f; } #bokun_ed001e45_5927_4f62_b470_ca766338d083:active{ background: #378f24; } <\/style> <button class=\"bokunButton\" disabled id=bokun_ed001e45_5927_4f62_b470_ca766338d083 data-src=\"https:\/\/widgets.bokun.io\/online-sales\/a1e93e96-5232-4734-a595-28405f4b5a31\/experience-calendar\/924240?partialView=1\" data-testid=\"widget-book-button\" > Book now <\/button> ","what_you\u2019ll_experience_during_the_game":"'The Lisbon Syndicate' -peliss\u00e4 l\u00f6yd\u00e4t itsesi j\u00e4nnitt\u00e4v\u00e4n pakoteht\u00e4v\u00e4n keskelt\u00e4 Lissabonin sykkiv\u00e4st\u00e4 syd\u00e4mest\u00e4. Tarina etenee askel askeleelta vet\u00e4en sinut syvemm\u00e4lle kaupunkiin navigoidessasi sen teiden ja kujien verkostossa, tavoitteena j\u00e4ljitt\u00e4\u00e4 Magnus ja hakea takaisin kuusi varastettua kaavaa. \n\nOsallistu sarjaan kiehtovia pelielementtej\u00e4, kuten koodien tulkintaan, monimutkaisten pulmien ratkaisemiseen ja teht\u00e4vien tai haasteiden ylitt\u00e4miseen, jotka kaikki vaativat tehokasta tiimity\u00f6t\u00e4, selke\u00e4\u00e4 viestint\u00e4\u00e4 ja p\u00e4\u00e4tt\u00e4v\u00e4ist\u00e4 harkintaa. Seikkailusi on enemm\u00e4n kuin pelkk\u00e4 peli; se on t\u00e4ysin tarinavetoinen kokemus Lissabonin taustalla. Peli on joustava \u2013 keskeyt\u00e4 ja jatka milloin tahansa, jolloin voit uppoutua omaan tahtiisi t\u00e4h\u00e4n unohtumattomaan pakoteht\u00e4v\u00e4\u00e4n, joka on nerokkaasti suunniteltu Lissabonin dynaamisen kaupunkikuvan sis\u00e4\u00e4n.","how_to_play":"Varaa kaupunkipeli, tarkista s\u00e4hk\u00f6postiviestimme ohjeineen, lataa Loquiz-sovellus ja aloita pelikokemuksesi!","start_location":"Lisbon, Pra\u00e7a Dom Pedro IV","available_languages":["en"],"players_per_group":"1-4","duration":"1.5-2 hours","image_overlay_color_image":"https:\/\/testwebsite.citygame.com\/wp-content\/blogs.dir\/1\/files\/sites\/62\/2026\/01\/SyndicateColor.svg","image_overlay_game_logo":"https:\/\/testwebsite.citygame.com\/wp-content\/blogs.dir\/1\/files\/sites\/62\/2026\/01\/SyndicateLogo.png","city_page":7366,"woocommerce_general_content":null},"yoast_head":"<!-- This site is optimized with the Yoast SEO Premium plugin v26.2 (Yoast SEO v26.3) - https:\/\/yoast.com\/wordpress\/plugins\/seo\/ -->\n<title>The Lisbon Syndicate - City Game<\/title>\n<meta name=\"description\" content=\"The Lisbon Syndicate. Pelaa itseohjattua City Escape Gamea, ratkaise pulmia, suorita teht\u00e4vi\u00e4 ja hanki varastetut kaavat takaisin omaan tahtiisi!\" \/>\n<meta name=\"robots\" content=\"noindex, follow, max-snippet:-1, max-image-preview:large, max-video-preview:-1\" \/>\n<meta property=\"og:locale\" content=\"fi_FI\" \/>\n<meta property=\"og:type\" content=\"article\" \/>\n<meta property=\"og:title\" content=\"The Lisbon Syndicate\" \/>\n<meta property=\"og:description\" content=\"The Lisbon Syndicate. Pelaa itseohjattua City Escape Gamea, ratkaise pulmia, suorita teht\u00e4vi\u00e4 ja hanki varastetut kaavat takaisin omaan tahtiisi!\" \/>\n<meta property=\"og:url\" content=\"https:\/\/testwebsite.citygame.com\/fi\/games\/lisbon\/the-lisbon-syndicate\/\" \/>\n<meta property=\"og:site_name\" content=\"City Game\" \/>\n<meta property=\"article:publisher\" content=\"https:\/\/www.facebook.com\/profile.php?id=100086426226253\" \/>\n<meta property=\"article:modified_time\" content=\"2026-04-08T10:23:37+00:00\" \/>\n<meta property=\"og:image\" content=\"https:\/\/testwebsite.citygame.com\/wp-content\/blogs.dir\/1\/files\/sites\/62\/2026\/02\/group-of-friends-playing-city-game-lisbon-1.jpg\" \/>\n\t<meta property=\"og:image:width\" content=\"1024\" \/>\n\t<meta property=\"og:image:height\" content=\"1024\" \/>\n\t<meta property=\"og:image:type\" content=\"image\/jpeg\" \/>\n<meta name=\"twitter:card\" content=\"summary_large_image\" \/>\n<script type=\"application\/ld+json\" class=\"yoast-schema-graph\">{\"@context\":\"https:\/\/schema.org\",\"@graph\":[{\"@type\":\"WebPage\",\"@id\":\"https:\/\/testwebsite.citygame.com\/fi\/games\/lisbon\/the-lisbon-syndicate\/\",\"url\":\"https:\/\/testwebsite.citygame.com\/fi\/games\/lisbon\/the-lisbon-syndicate\/\",\"name\":\"The Lisbon Syndicate - City Game\",\"isPartOf\":{\"@id\":\"https:\/\/testwebsite.upevents.nl\/#website\"},\"primaryImageOfPage\":{\"@id\":\"https:\/\/testwebsite.citygame.com\/fi\/games\/lisbon\/the-lisbon-syndicate\/#primaryimage\"},\"image\":{\"@id\":\"https:\/\/testwebsite.citygame.com\/fi\/games\/lisbon\/the-lisbon-syndicate\/#primaryimage\"},\"thumbnailUrl\":\"https:\/\/testwebsite.citygame.com\/wp-content\/blogs.dir\/1\/files\/sites\/62\/2026\/02\/group-of-friends-playing-city-game-lisbon-1.jpg\",\"datePublished\":\"2026-02-20T12:48:08+00:00\",\"dateModified\":\"2026-04-08T10:23:37+00:00\",\"description\":\"The Lisbon Syndicate. Pelaa itseohjattua City Escape Gamea, ratkaise pulmia, suorita teht\u00e4vi\u00e4 ja hanki varastetut kaavat takaisin omaan tahtiisi!\",\"breadcrumb\":{\"@id\":\"https:\/\/testwebsite.citygame.com\/fi\/games\/lisbon\/the-lisbon-syndicate\/#breadcrumb\"},\"inLanguage\":\"fi\",\"potentialAction\":[{\"@type\":\"ReadAction\",\"target\":[\"https:\/\/testwebsite.citygame.com\/fi\/games\/lisbon\/the-lisbon-syndicate\/\"]}]},{\"@type\":\"ImageObject\",\"inLanguage\":\"fi\",\"@id\":\"https:\/\/testwebsite.citygame.com\/fi\/games\/lisbon\/the-lisbon-syndicate\/#primaryimage\",\"url\":\"https:\/\/testwebsite.citygame.com\/wp-content\/blogs.dir\/1\/files\/sites\/62\/2026\/02\/group-of-friends-playing-city-game-lisbon-1.jpg\",\"contentUrl\":\"https:\/\/testwebsite.citygame.com\/wp-content\/blogs.dir\/1\/files\/sites\/62\/2026\/02\/group-of-friends-playing-city-game-lisbon-1.jpg\",\"width\":1024,\"height\":1024,\"caption\":\"A group of friends enjoys a sunny day exploring a historic square in Lisbon using a smartphone app.\"},{\"@type\":\"BreadcrumbList\",\"@id\":\"https:\/\/testwebsite.citygame.com\/fi\/games\/lisbon\/the-lisbon-syndicate\/#breadcrumb\",\"itemListElement\":[{\"@type\":\"ListItem\",\"position\":1,\"name\":\"Home\",\"item\":\"https:\/\/testwebsite.citygame.com\/fi\/\"},{\"@type\":\"ListItem\",\"position\":2,\"name\":\"Shop\",\"item\":\"https:\/\/testwebsite.citygame.com\/shop\/\"},{\"@type\":\"ListItem\",\"position\":3,\"name\":\"The Lisbon Syndicate\"}]},{\"@type\":\"WebSite\",\"@id\":\"https:\/\/testwebsite.upevents.nl\/#website\",\"url\":\"https:\/\/testwebsite.upevents.nl\/\",\"name\":\"City Game\",\"description\":\"\",\"publisher\":{\"@id\":\"https:\/\/testwebsite.upevents.nl\/#organization\"},\"alternateName\":\"citygame.com\",\"potentialAction\":[{\"@type\":\"SearchAction\",\"target\":{\"@type\":\"EntryPoint\",\"urlTemplate\":\"https:\/\/testwebsite.upevents.nl\/?s={search_term_string}\"},\"query-input\":{\"@type\":\"PropertyValueSpecification\",\"valueRequired\":true,\"valueName\":\"search_term_string\"}}],\"inLanguage\":\"fi\"},{\"@type\":[\"Organization\",\"Place\"],\"@id\":\"https:\/\/testwebsite.upevents.nl\/#organization\",\"name\":\"City Game\",\"alternateName\":\"citygame.com\",\"url\":\"https:\/\/testwebsite.upevents.nl\/\",\"logo\":{\"@id\":\"https:\/\/testwebsite.citygame.com\/fi\/games\/lisbon\/the-lisbon-syndicate\/#local-main-organization-logo\"},\"image\":{\"@id\":\"https:\/\/testwebsite.citygame.com\/fi\/games\/lisbon\/the-lisbon-syndicate\/#local-main-organization-logo\"},\"sameAs\":[\"https:\/\/www.facebook.com\/profile.php?id=100086426226253\",\"https:\/\/www.instagram.com\/citygame_com\",\"https:\/\/www.tiktok.com\/@citygamecom\/\",\"https:\/\/www.linkedin.com\/company\/citygame-com\"],\"description\":\"Turn any city into a playground with our interactive City Games and self-guided tours. Fun, flexible, and ideal for groups and team building.\",\"telephone\":[],\"openingHoursSpecification\":[{\"@type\":\"OpeningHoursSpecification\",\"dayOfWeek\":[\"Monday\",\"Tuesday\",\"Wednesday\",\"Thursday\",\"Friday\",\"Saturday\",\"Sunday\"],\"opens\":\"09:00\",\"closes\":\"17:00\"}]},{\"@type\":\"ImageObject\",\"inLanguage\":\"fi\",\"@id\":\"https:\/\/testwebsite.citygame.com\/fi\/games\/lisbon\/the-lisbon-syndicate\/#local-main-organization-logo\",\"url\":\"https:\/\/testwebsite.citygame.com\/wp-content\/blogs.dir\/1\/files\/sites\/62\/2025\/10\/CG_LOGO-City-Game.png\",\"contentUrl\":\"https:\/\/testwebsite.citygame.com\/wp-content\/blogs.dir\/1\/files\/sites\/62\/2025\/10\/CG_LOGO-City-Game.png\",\"width\":351,\"height\":377,\"caption\":\"City Game\"}]}<\/script>\n<!-- \/ Yoast SEO Premium plugin. -->","yoast_head_json":{"title":"The Lisbon Syndicate - City Game","description":"The Lisbon Syndicate. Pelaa itseohjattua City Escape Gamea, ratkaise pulmia, suorita teht\u00e4vi\u00e4 ja hanki varastetut kaavat takaisin omaan tahtiisi!","robots":{"index":"noindex","follow":"follow","max-snippet":"max-snippet:-1","max-image-preview":"max-image-preview:large","max-video-preview":"max-video-preview:-1"},"og_locale":"fi_FI","og_type":"article","og_title":"The Lisbon Syndicate","og_description":"The Lisbon Syndicate. Pelaa itseohjattua City Escape Gamea, ratkaise pulmia, suorita teht\u00e4vi\u00e4 ja hanki varastetut kaavat takaisin omaan tahtiisi!","og_url":"https:\/\/testwebsite.citygame.com\/fi\/games\/lisbon\/the-lisbon-syndicate\/","og_site_name":"City Game","article_publisher":"https:\/\/www.facebook.com\/profile.php?id=100086426226253","article_modified_time":"2026-04-08T10:23:37+00:00","og_image":[{"width":1024,"height":1024,"url":"https:\/\/testwebsite.citygame.com\/wp-content\/blogs.dir\/1\/files\/sites\/62\/2026\/02\/group-of-friends-playing-city-game-lisbon-1.jpg","type":"image\/jpeg"}],"twitter_card":"summary_large_image","schema":{"@context":"https:\/\/schema.org","@graph":[{"@type":"WebPage","@id":"https:\/\/testwebsite.citygame.com\/fi\/games\/lisbon\/the-lisbon-syndicate\/","url":"https:\/\/testwebsite.citygame.com\/fi\/games\/lisbon\/the-lisbon-syndicate\/","name":"The Lisbon Syndicate - City Game","isPartOf":{"@id":"https:\/\/testwebsite.upevents.nl\/#website"},"primaryImageOfPage":{"@id":"https:\/\/testwebsite.citygame.com\/fi\/games\/lisbon\/the-lisbon-syndicate\/#primaryimage"},"image":{"@id":"https:\/\/testwebsite.citygame.com\/fi\/games\/lisbon\/the-lisbon-syndicate\/#primaryimage"},"thumbnailUrl":"https:\/\/testwebsite.citygame.com\/wp-content\/blogs.dir\/1\/files\/sites\/62\/2026\/02\/group-of-friends-playing-city-game-lisbon-1.jpg","datePublished":"2026-02-20T12:48:08+00:00","dateModified":"2026-04-08T10:23:37+00:00","description":"The Lisbon Syndicate. Pelaa itseohjattua City Escape Gamea, ratkaise pulmia, suorita teht\u00e4vi\u00e4 ja hanki varastetut kaavat takaisin omaan tahtiisi!","breadcrumb":{"@id":"https:\/\/testwebsite.citygame.com\/fi\/games\/lisbon\/the-lisbon-syndicate\/#breadcrumb"},"inLanguage":"fi","potentialAction":[{"@type":"ReadAction","target":["https:\/\/testwebsite.citygame.com\/fi\/games\/lisbon\/the-lisbon-syndicate\/"]}]},{"@type":"ImageObject","inLanguage":"fi","@id":"https:\/\/testwebsite.citygame.com\/fi\/games\/lisbon\/the-lisbon-syndicate\/#primaryimage","url":"https:\/\/testwebsite.citygame.com\/wp-content\/blogs.dir\/1\/files\/sites\/62\/2026\/02\/group-of-friends-playing-city-game-lisbon-1.jpg","contentUrl":"https:\/\/testwebsite.citygame.com\/wp-content\/blogs.dir\/1\/files\/sites\/62\/2026\/02\/group-of-friends-playing-city-game-lisbon-1.jpg","width":1024,"height":1024,"caption":"A group of friends enjoys a sunny day exploring a historic square in Lisbon using a smartphone app."},{"@type":"BreadcrumbList","@id":"https:\/\/testwebsite.citygame.com\/fi\/games\/lisbon\/the-lisbon-syndicate\/#breadcrumb","itemListElement":[{"@type":"ListItem","position":1,"name":"Home","item":"https:\/\/testwebsite.citygame.com\/fi\/"},{"@type":"ListItem","position":2,"name":"Shop","item":"https:\/\/testwebsite.citygame.com\/shop\/"},{"@type":"ListItem","position":3,"name":"The Lisbon Syndicate"}]},{"@type":"WebSite","@id":"https:\/\/testwebsite.upevents.nl\/#website","url":"https:\/\/testwebsite.upevents.nl\/","name":"City Game","description":"","publisher":{"@id":"https:\/\/testwebsite.upevents.nl\/#organization"},"alternateName":"citygame.com","potentialAction":[{"@type":"SearchAction","target":{"@type":"EntryPoint","urlTemplate":"https:\/\/testwebsite.upevents.nl\/?s={search_term_string}"},"query-input":{"@type":"PropertyValueSpecification","valueRequired":true,"valueName":"search_term_string"}}],"inLanguage":"fi"},{"@type":["Organization","Place"],"@id":"https:\/\/testwebsite.upevents.nl\/#organization","name":"City Game","alternateName":"citygame.com","url":"https:\/\/testwebsite.upevents.nl\/","logo":{"@id":"https:\/\/testwebsite.citygame.com\/fi\/games\/lisbon\/the-lisbon-syndicate\/#local-main-organization-logo"},"image":{"@id":"https:\/\/testwebsite.citygame.com\/fi\/games\/lisbon\/the-lisbon-syndicate\/#local-main-organization-logo"},"sameAs":["https:\/\/www.facebook.com\/profile.php?id=100086426226253","https:\/\/www.instagram.com\/citygame_com","https:\/\/www.tiktok.com\/@citygamecom\/","https:\/\/www.linkedin.com\/company\/citygame-com"],"description":"Turn any city into a playground with our interactive City Games and self-guided tours. Fun, flexible, and ideal for groups and team building.","telephone":[],"openingHoursSpecification":[{"@type":"OpeningHoursSpecification","dayOfWeek":["Monday","Tuesday","Wednesday","Thursday","Friday","Saturday","Sunday"],"opens":"09:00","closes":"17:00"}]},{"@type":"ImageObject","inLanguage":"fi","@id":"https:\/\/testwebsite.citygame.com\/fi\/games\/lisbon\/the-lisbon-syndicate\/#local-main-organization-logo","url":"https:\/\/testwebsite.citygame.com\/wp-content\/blogs.dir\/1\/files\/sites\/62\/2025\/10\/CG_LOGO-City-Game.png","contentUrl":"https:\/\/testwebsite.citygame.com\/wp-content\/blogs.dir\/1\/files\/sites\/62\/2025\/10\/CG_LOGO-City-Game.png","width":351,"height":377,"caption":"City Game"}]}},"taxonomy_info":{"game-concept":[{"value":742,"label":"Syndicate"}],"location":[{"value":245,"label":"Lisbon"}],"product_cat":[{"value":27,"label":"Geen categorie"}]},"featured_image_src_large":["https:\/\/testwebsite.citygame.com\/wp-content\/blogs.dir\/1\/files\/sites\/62\/2026\/02\/group-of-friends-playing-city-game-lisbon-1.jpg",1024,1024,false],"author_info":[],"comment_info":"","_links":{"self":[{"href":"https:\/\/testwebsite.citygame.com\/fi\/wp-json\/wp\/v2\/product\/62805","targetHints":{"allow":["GET"]}}],"collection":[{"href":"https:\/\/testwebsite.citygame.com\/fi\/wp-json\/wp\/v2\/product"}],"about":[{"href":"https:\/\/testwebsite.citygame.com\/fi\/wp-json\/wp\/v2\/types\/product"}],"acf:post":[{"embeddable":true,"href":"https:\/\/testwebsite.citygame.com\/fi\/wp-json\/wp\/v2\/pages\/7366"}],"wp:featuredmedia":[{"embeddable":true,"href":"https:\/\/testwebsite.citygame.com\/fi\/wp-json\/wp\/v2\/media\/15325"}],"wp:attachment":[{"href":"https:\/\/testwebsite.citygame.com\/fi\/wp-json\/wp\/v2\/media?parent=62805"}],"wp:term":[{"taxonomy":"game-concept","embeddable":true,"href":"https:\/\/testwebsite.citygame.com\/fi\/wp-json\/wp\/v2\/game-concept?post=62805"},{"taxonomy":"location","embeddable":true,"href":"https:\/\/testwebsite.citygame.com\/fi\/wp-json\/wp\/v2\/location?post=62805"},{"taxonomy":"product_brand","embeddable":true,"href":"https:\/\/testwebsite.citygame.com\/fi\/wp-json\/wp\/v2\/product_brand?post=62805"},{"taxonomy":"product_cat","embeddable":true,"href":"https:\/\/testwebsite.citygame.com\/fi\/wp-json\/wp\/v2\/product_cat?post=62805"},{"taxonomy":"product_tag","embeddable":true,"href":"https:\/\/testwebsite.citygame.com\/fi\/wp-json\/wp\/v2\/product_tag?post=62805"}],"curies":[{"name":"wp","href":"https:\/\/api.w.org\/{rel}","templated":true}]}}