{"id":62694,"date":"2026-01-28T15:52:32","date_gmt":"2026-01-28T15:52:32","guid":{"rendered":"https:\/\/testwebsite.citygame.com\/games\/unknown-location\/secrets-of-marseille\/"},"modified":"2026-04-08T10:10:29","modified_gmt":"2026-04-08T10:10:29","slug":"secrets-of-marseille","status":"publish","type":"product","link":"https:\/\/testwebsite.citygame.com\/fi\/games\/marseille\/secrets-of-marseille\/","title":{"rendered":"Secrets of Marseille"},"content":{"rendered":"<p>City Game Marseille on itseohjattu, GPS-pohjainen peli, joka sijoittuu Marseillen historialliseen keskustaan. \u00c4lypuhelintaan k\u00e4ytt\u00e4en pelaajat tutkivat kaupunkia ratkaisten samalla arvoituksia, pulmia ja valokuvahaasteita, jotka paljastavat Marseillen rikkaan historian, kulttuurin ja v\u00e4hemm\u00e4n tunnettuja yksityiskohtia. T\u00e4m\u00e4 tutkimuspeli tarjoaa joustavan ja mukaansatempaavan tavan tutustua kaupungin luonteeseen, mik\u00e4 tekee siit\u00e4 ihanteellisen sek\u00e4 vierailijoille ett\u00e4 paikallisille. Pelattiinpa sitten yksin, pariskuntana, perheen kanssa tai kaveriporukalla, itseohjattu kaupunkipeli tarjoaa hauskan ja oivaltavan kaupunkikokemuksen. City Game Marseille on suunniteltu kaikille, jotka haluavat tutustua kaupunkiin omaan tahtiinsa.<\/p>\n","protected":false},"excerpt":{"rendered":"<p>Koe Marseillen mystiikka ja suuruus! L\u00e4hde j\u00e4nnitt\u00e4v\u00e4lle seikkailulle Ranskan vanhimpaan kaupunkiin, jossa jokainen nurkka k\u00e4tkee sis\u00e4\u00e4ns\u00e4 tarinoita muinaisista yhteiskunnista ja monipuolisista kulttuureista. Kaiva esiin salaisuuksia, jotka piilev\u00e4t auringonpaisteisilla rannoilla, vilkkailla markkinoilla ja Marseillen vieh\u00e4tt\u00e4vill\u00e4, kapeilla kaduilla \u2013 kaupungissa, joka on t\u00e4ynn\u00e4 j\u00e4nnityst\u00e4 ja tarinoita.<\/p>\n","protected":false},"featured_media":5731,"template":"","meta":{"_acf_changed":false,"_yoast_wpseo_focuskw":"Secrets of Marseille","_yoast_wpseo_metadesc":"Secrets of Marseille. Pelaa itseohjattua City Gamea ja tutustu kaupunkiin arvoitusten, pulmien ja haasteiden avulla. Pelaa omaan tahtiisi ja l\u00f6yd\u00e4 kaupunki kuin paikallinen!","_kad_blocks_custom_css":"","_kad_blocks_head_custom_js":"","_kad_blocks_body_custom_js":"","_kad_blocks_footer_custom_js":"","ghostkit_customizer_options":"","ghostkit_custom_css":"","ghostkit_custom_js_head":"","ghostkit_custom_js_foot":"","ghostkit_typography":"","_kad_post_transparent":"","_kad_post_title":"","_kad_post_layout":"","_kad_post_sidebar_id":"","_kad_post_content_style":"","_kad_post_vertical_padding":"","_kad_post_feature":"","_kad_post_feature_position":"","_kad_post_header":false,"_kad_post_footer":false,"_kad_post_classname":"","_links_to":"","_links_to_target":""},"game-concept":[712],"location":[271],"product_brand":[],"product_cat":[27],"product_tag":[],"class_list":{"0":"post-62694","1":"product","2":"type-product","3":"status-publish","4":"has-post-thumbnail","6":"game-concept-secrets","7":"location-marseille","8":"product_cat-geen-categorie","10":"first","11":"instock","12":"shipping-taxable","13":"purchasable","14":"product-type-simple","15":"entry","16":"content-bg","17":"loop-entry"},"acf":{"full_bokun_product_name":"Self-Guided Secrets of Marseille Exploration Game","location_name":"Marseille","bokun_calendar_widget_code":"<script type=\"text\/javascript\" src=\"https:\/\/widgets.bokun.io\/assets\/javascripts\/apps\/build\/BokunWidgetsLoader.js?bookingChannelUUID=a1e93e96-5232-4734-a595-28405f4b5a31\" async><\/script>\n     \n    <div class=\"bokunWidget\" data-src=\"https:\/\/widgets.bokun.io\/online-sales\/a1e93e96-5232-4734-a595-28405f4b5a31\/experience-calendar\/863093\"><\/div>\n    <noscript>Please enable javascript in your browser to book<\/noscript>","bokun_button_widget_code":"<script type=\"text\/javascript\" src=\"https:\/\/widgets.bokun.io\/assets\/javascripts\/apps\/build\/BokunWidgetsLoader.js?bookingChannelUUID=a1e93e96-5232-4734-a595-28405f4b5a31\" async><\/script>\n      <style> #bokun_ed001e45_5927_4f62_b470_ca766338d083 { display: inline-block; padding: .4em 1em; background: #47b82e; border-radius: 999999px; box-shadow: none; font-weight: 600; font-size: 24px; text-decoration: none; text-align: center; color: #FFFFFF; border:none; cursor: pointer; transition: background .2s ease; } #bokun_ed001e45_5927_4f62_b470_ca766338d083:hover{ background: #2f7b1f; } #bokun_ed001e45_5927_4f62_b470_ca766338d083:active{ background: #378f24; } <\/style> <button class=\"bokunButton\" disabled id=bokun_ed001e45_5927_4f62_b470_ca766338d083 data-src=\"https:\/\/widgets.bokun.io\/online-sales\/a1e93e96-5232-4734-a595-28405f4b5a31\/experience-calendar\/863093?partialView=1\" data-testid=\"widget-book-button\" > Book now <\/button> ","what_you\u2019ll_experience_during_the_game":"The Secrets of Marseille City Game yhdist\u00e4\u00e4 kaupunkitutkimuksen mukaansatempaavaan tarinaan ja interaktiivisiin haasteisiin, opastaen sinua niin tunnettujen maamerkkien kuin kaupungin piilotettujenkin nurkkien l\u00e4pi. Kun paljastat vihjeit\u00e4 ja seuraat tarinaa, kohtaat kohteita kuten eloisan Old Portin, historiallisen Fort Saint-Jeanin ja ikonisen Notre-Dame de la Garden, joka kohoaa kaupungin ylle. Matkan varrella l\u00f6yd\u00e4t my\u00f6s rauhallisempia alueita, joissa Marseillen luonne paljastuu yll\u00e4tt\u00e4vin tavoin. Kokemus yhdist\u00e4\u00e4 rikkaan kulttuuriperinn\u00f6n uteliaisuuden ja pohdinnan hetkiin, luoden merkityksellisen yhteyden kaupunkiin. Koko City Game -kokemuksen aikana ratkaiset luovia pulmia, sel\u00e4t\u00e4t arvoituksia ja suoritat hauskoja valokuvahaasteita, jotka her\u00e4tt\u00e4v\u00e4t tarinan eloon. Jokainen teht\u00e4v\u00e4 auttaa sinua ker\u00e4\u00e4m\u00e4\u00e4n pisteit\u00e4, avaamaan hy\u00f6dyllisi\u00e4 vinkkej\u00e4 ja p\u00e4\u00e4sem\u00e4\u00e4n askeleen l\u00e4hemm\u00e4s Marseillen salaisuuksien ytimess\u00e4 piilev\u00e4n lopullisen mysteerin paljastamista. Voit keskeytt\u00e4\u00e4 pelin milloin tahansa ja jatkaa omaan tahtiisi, mik\u00e4 mahdollistaa joustavan tavan tutkia kaupunkia. Kilpailuhenkisille on my\u00f6s mahdollisuus kiivet\u00e4 tuloslistalla pelaamalla joukkueissa tai yritt\u00e4m\u00e4ll\u00e4 p\u00e4ihitt\u00e4\u00e4 aikaisempia tuloksia.","how_to_play":"Varaa Exploration Game, tarkista sinulle l\u00e4hett\u00e4m\u00e4mme s\u00e4hk\u00f6posti yksinkertaisine ohjeineen, lataa Loquiz App, kirjaudu Exploration Gameen ja olet valmis aloittamaan pelikokemuksesi!","start_location":"Marseille, Vieux-Port","available_languages":["en"],"players_per_group":"1-4","duration":"1.5-2 hours","image_overlay_color_image":"https:\/\/testwebsite.citygame.com\/wp-content\/blogs.dir\/1\/files\/sites\/62\/2026\/01\/SecretsColor.svg","image_overlay_game_logo":"https:\/\/testwebsite.citygame.com\/wp-content\/blogs.dir\/1\/files\/sites\/62\/2026\/01\/SecretsLogo.png","city_page":5729,"woocommerce_general_content":null},"yoast_head":"<!-- This site is optimized with the Yoast SEO Premium plugin v26.2 (Yoast SEO v26.3) - https:\/\/yoast.com\/wordpress\/plugins\/seo\/ -->\n<title>Secrets of Marseille - City Game<\/title>\n<meta name=\"description\" content=\"Secrets of Marseille. Pelaa itseohjattua City Gamea ja tutustu kaupunkiin arvoitusten, pulmien ja haasteiden avulla. Pelaa omaan tahtiisi ja l\u00f6yd\u00e4 kaupunki kuin paikallinen!\" \/>\n<meta name=\"robots\" content=\"noindex, follow, max-snippet:-1, max-image-preview:large, max-video-preview:-1\" \/>\n<meta property=\"og:locale\" content=\"fi_FI\" \/>\n<meta property=\"og:type\" content=\"article\" \/>\n<meta property=\"og:title\" content=\"Secrets of Marseille\" \/>\n<meta property=\"og:description\" content=\"Secrets of Marseille. Pelaa itseohjattua City Gamea ja tutustu kaupunkiin arvoitusten, pulmien ja haasteiden avulla. Pelaa omaan tahtiisi ja l\u00f6yd\u00e4 kaupunki kuin paikallinen!\" \/>\n<meta property=\"og:url\" content=\"https:\/\/testwebsite.citygame.com\/fi\/games\/marseille\/secrets-of-marseille\/\" \/>\n<meta property=\"og:site_name\" content=\"City Game\" \/>\n<meta property=\"article:publisher\" content=\"https:\/\/www.facebook.com\/profile.php?id=100086426226253\" \/>\n<meta property=\"article:modified_time\" content=\"2026-04-08T10:10:29+00:00\" \/>\n<meta property=\"og:image\" content=\"https:\/\/testwebsite.citygame.com\/wp-content\/blogs.dir\/1\/files\/sites\/62\/2026\/01\/marseille-player-city-game-place-de-lenche-henri-tassy.jpg\" \/>\n\t<meta property=\"og:image:width\" content=\"1024\" \/>\n\t<meta property=\"og:image:height\" content=\"1024\" \/>\n\t<meta property=\"og:image:type\" content=\"image\/jpeg\" \/>\n<meta name=\"twitter:card\" content=\"summary_large_image\" \/>\n<script type=\"application\/ld+json\" class=\"yoast-schema-graph\">{\"@context\":\"https:\/\/schema.org\",\"@graph\":[{\"@type\":\"WebPage\",\"@id\":\"https:\/\/testwebsite.citygame.com\/fi\/games\/marseille\/secrets-of-marseille\/\",\"url\":\"https:\/\/testwebsite.citygame.com\/fi\/games\/marseille\/secrets-of-marseille\/\",\"name\":\"Secrets of Marseille - City Game\",\"isPartOf\":{\"@id\":\"https:\/\/testwebsite.upevents.nl\/#website\"},\"primaryImageOfPage\":{\"@id\":\"https:\/\/testwebsite.citygame.com\/fi\/games\/marseille\/secrets-of-marseille\/#primaryimage\"},\"image\":{\"@id\":\"https:\/\/testwebsite.citygame.com\/fi\/games\/marseille\/secrets-of-marseille\/#primaryimage\"},\"thumbnailUrl\":\"https:\/\/testwebsite.citygame.com\/wp-content\/blogs.dir\/1\/files\/sites\/62\/2026\/01\/marseille-player-city-game-place-de-lenche-henri-tassy.jpg\",\"datePublished\":\"2026-01-28T15:52:32+00:00\",\"dateModified\":\"2026-04-08T10:10:29+00:00\",\"description\":\"Secrets of Marseille. Pelaa itseohjattua City Gamea ja tutustu kaupunkiin arvoitusten, pulmien ja haasteiden avulla. Pelaa omaan tahtiisi ja l\u00f6yd\u00e4 kaupunki kuin paikallinen!\",\"breadcrumb\":{\"@id\":\"https:\/\/testwebsite.citygame.com\/fi\/games\/marseille\/secrets-of-marseille\/#breadcrumb\"},\"inLanguage\":\"fi\",\"potentialAction\":[{\"@type\":\"ReadAction\",\"target\":[\"https:\/\/testwebsite.citygame.com\/fi\/games\/marseille\/secrets-of-marseille\/\"]}]},{\"@type\":\"ImageObject\",\"inLanguage\":\"fi\",\"@id\":\"https:\/\/testwebsite.citygame.com\/fi\/games\/marseille\/secrets-of-marseille\/#primaryimage\",\"url\":\"https:\/\/testwebsite.citygame.com\/wp-content\/blogs.dir\/1\/files\/sites\/62\/2026\/01\/marseille-player-city-game-place-de-lenche-henri-tassy.jpg\",\"contentUrl\":\"https:\/\/testwebsite.citygame.com\/wp-content\/blogs.dir\/1\/files\/sites\/62\/2026\/01\/marseille-player-city-game-place-de-lenche-henri-tassy.jpg\",\"width\":1024,\"height\":1024,\"caption\":\"A traveler explores Marseille using a city game app near the monument to Henri Tassy.\"},{\"@type\":\"BreadcrumbList\",\"@id\":\"https:\/\/testwebsite.citygame.com\/fi\/games\/marseille\/secrets-of-marseille\/#breadcrumb\",\"itemListElement\":[{\"@type\":\"ListItem\",\"position\":1,\"name\":\"Home\",\"item\":\"https:\/\/testwebsite.citygame.com\/fi\/\"},{\"@type\":\"ListItem\",\"position\":2,\"name\":\"Shop\",\"item\":\"https:\/\/testwebsite.citygame.com\/shop\/\"},{\"@type\":\"ListItem\",\"position\":3,\"name\":\"Secrets of Marseille\"}]},{\"@type\":\"WebSite\",\"@id\":\"https:\/\/testwebsite.upevents.nl\/#website\",\"url\":\"https:\/\/testwebsite.upevents.nl\/\",\"name\":\"City Game\",\"description\":\"\",\"publisher\":{\"@id\":\"https:\/\/testwebsite.upevents.nl\/#organization\"},\"alternateName\":\"citygame.com\",\"potentialAction\":[{\"@type\":\"SearchAction\",\"target\":{\"@type\":\"EntryPoint\",\"urlTemplate\":\"https:\/\/testwebsite.upevents.nl\/?s={search_term_string}\"},\"query-input\":{\"@type\":\"PropertyValueSpecification\",\"valueRequired\":true,\"valueName\":\"search_term_string\"}}],\"inLanguage\":\"fi\"},{\"@type\":[\"Organization\",\"Place\"],\"@id\":\"https:\/\/testwebsite.upevents.nl\/#organization\",\"name\":\"City Game\",\"alternateName\":\"citygame.com\",\"url\":\"https:\/\/testwebsite.upevents.nl\/\",\"logo\":{\"@id\":\"https:\/\/testwebsite.citygame.com\/fi\/games\/marseille\/secrets-of-marseille\/#local-main-organization-logo\"},\"image\":{\"@id\":\"https:\/\/testwebsite.citygame.com\/fi\/games\/marseille\/secrets-of-marseille\/#local-main-organization-logo\"},\"sameAs\":[\"https:\/\/www.facebook.com\/profile.php?id=100086426226253\",\"https:\/\/www.instagram.com\/citygame_com\",\"https:\/\/www.tiktok.com\/@citygamecom\/\",\"https:\/\/www.linkedin.com\/company\/citygame-com\"],\"description\":\"Turn any city into a playground with our interactive City Games and self-guided tours. Fun, flexible, and ideal for groups and team building.\",\"telephone\":[],\"openingHoursSpecification\":[{\"@type\":\"OpeningHoursSpecification\",\"dayOfWeek\":[\"Monday\",\"Tuesday\",\"Wednesday\",\"Thursday\",\"Friday\",\"Saturday\",\"Sunday\"],\"opens\":\"09:00\",\"closes\":\"17:00\"}]},{\"@type\":\"ImageObject\",\"inLanguage\":\"fi\",\"@id\":\"https:\/\/testwebsite.citygame.com\/fi\/games\/marseille\/secrets-of-marseille\/#local-main-organization-logo\",\"url\":\"https:\/\/testwebsite.citygame.com\/wp-content\/blogs.dir\/1\/files\/sites\/62\/2025\/10\/CG_LOGO-City-Game.png\",\"contentUrl\":\"https:\/\/testwebsite.citygame.com\/wp-content\/blogs.dir\/1\/files\/sites\/62\/2025\/10\/CG_LOGO-City-Game.png\",\"width\":351,\"height\":377,\"caption\":\"City Game\"}]}<\/script>\n<!-- \/ Yoast SEO Premium plugin. -->","yoast_head_json":{"title":"Secrets of Marseille - City Game","description":"Secrets of Marseille. Pelaa itseohjattua City Gamea ja tutustu kaupunkiin arvoitusten, pulmien ja haasteiden avulla. Pelaa omaan tahtiisi ja l\u00f6yd\u00e4 kaupunki kuin paikallinen!","robots":{"index":"noindex","follow":"follow","max-snippet":"max-snippet:-1","max-image-preview":"max-image-preview:large","max-video-preview":"max-video-preview:-1"},"og_locale":"fi_FI","og_type":"article","og_title":"Secrets of Marseille","og_description":"Secrets of Marseille. Pelaa itseohjattua City Gamea ja tutustu kaupunkiin arvoitusten, pulmien ja haasteiden avulla. Pelaa omaan tahtiisi ja l\u00f6yd\u00e4 kaupunki kuin paikallinen!","og_url":"https:\/\/testwebsite.citygame.com\/fi\/games\/marseille\/secrets-of-marseille\/","og_site_name":"City Game","article_publisher":"https:\/\/www.facebook.com\/profile.php?id=100086426226253","article_modified_time":"2026-04-08T10:10:29+00:00","og_image":[{"width":1024,"height":1024,"url":"https:\/\/testwebsite.citygame.com\/wp-content\/blogs.dir\/1\/files\/sites\/62\/2026\/01\/marseille-player-city-game-place-de-lenche-henri-tassy.jpg","type":"image\/jpeg"}],"twitter_card":"summary_large_image","schema":{"@context":"https:\/\/schema.org","@graph":[{"@type":"WebPage","@id":"https:\/\/testwebsite.citygame.com\/fi\/games\/marseille\/secrets-of-marseille\/","url":"https:\/\/testwebsite.citygame.com\/fi\/games\/marseille\/secrets-of-marseille\/","name":"Secrets of Marseille - City Game","isPartOf":{"@id":"https:\/\/testwebsite.upevents.nl\/#website"},"primaryImageOfPage":{"@id":"https:\/\/testwebsite.citygame.com\/fi\/games\/marseille\/secrets-of-marseille\/#primaryimage"},"image":{"@id":"https:\/\/testwebsite.citygame.com\/fi\/games\/marseille\/secrets-of-marseille\/#primaryimage"},"thumbnailUrl":"https:\/\/testwebsite.citygame.com\/wp-content\/blogs.dir\/1\/files\/sites\/62\/2026\/01\/marseille-player-city-game-place-de-lenche-henri-tassy.jpg","datePublished":"2026-01-28T15:52:32+00:00","dateModified":"2026-04-08T10:10:29+00:00","description":"Secrets of Marseille. Pelaa itseohjattua City Gamea ja tutustu kaupunkiin arvoitusten, pulmien ja haasteiden avulla. Pelaa omaan tahtiisi ja l\u00f6yd\u00e4 kaupunki kuin paikallinen!","breadcrumb":{"@id":"https:\/\/testwebsite.citygame.com\/fi\/games\/marseille\/secrets-of-marseille\/#breadcrumb"},"inLanguage":"fi","potentialAction":[{"@type":"ReadAction","target":["https:\/\/testwebsite.citygame.com\/fi\/games\/marseille\/secrets-of-marseille\/"]}]},{"@type":"ImageObject","inLanguage":"fi","@id":"https:\/\/testwebsite.citygame.com\/fi\/games\/marseille\/secrets-of-marseille\/#primaryimage","url":"https:\/\/testwebsite.citygame.com\/wp-content\/blogs.dir\/1\/files\/sites\/62\/2026\/01\/marseille-player-city-game-place-de-lenche-henri-tassy.jpg","contentUrl":"https:\/\/testwebsite.citygame.com\/wp-content\/blogs.dir\/1\/files\/sites\/62\/2026\/01\/marseille-player-city-game-place-de-lenche-henri-tassy.jpg","width":1024,"height":1024,"caption":"A traveler explores Marseille using a city game app near the monument to Henri Tassy."},{"@type":"BreadcrumbList","@id":"https:\/\/testwebsite.citygame.com\/fi\/games\/marseille\/secrets-of-marseille\/#breadcrumb","itemListElement":[{"@type":"ListItem","position":1,"name":"Home","item":"https:\/\/testwebsite.citygame.com\/fi\/"},{"@type":"ListItem","position":2,"name":"Shop","item":"https:\/\/testwebsite.citygame.com\/shop\/"},{"@type":"ListItem","position":3,"name":"Secrets of Marseille"}]},{"@type":"WebSite","@id":"https:\/\/testwebsite.upevents.nl\/#website","url":"https:\/\/testwebsite.upevents.nl\/","name":"City Game","description":"","publisher":{"@id":"https:\/\/testwebsite.upevents.nl\/#organization"},"alternateName":"citygame.com","potentialAction":[{"@type":"SearchAction","target":{"@type":"EntryPoint","urlTemplate":"https:\/\/testwebsite.upevents.nl\/?s={search_term_string}"},"query-input":{"@type":"PropertyValueSpecification","valueRequired":true,"valueName":"search_term_string"}}],"inLanguage":"fi"},{"@type":["Organization","Place"],"@id":"https:\/\/testwebsite.upevents.nl\/#organization","name":"City Game","alternateName":"citygame.com","url":"https:\/\/testwebsite.upevents.nl\/","logo":{"@id":"https:\/\/testwebsite.citygame.com\/fi\/games\/marseille\/secrets-of-marseille\/#local-main-organization-logo"},"image":{"@id":"https:\/\/testwebsite.citygame.com\/fi\/games\/marseille\/secrets-of-marseille\/#local-main-organization-logo"},"sameAs":["https:\/\/www.facebook.com\/profile.php?id=100086426226253","https:\/\/www.instagram.com\/citygame_com","https:\/\/www.tiktok.com\/@citygamecom\/","https:\/\/www.linkedin.com\/company\/citygame-com"],"description":"Turn any city into a playground with our interactive City Games and self-guided tours. Fun, flexible, and ideal for groups and team building.","telephone":[],"openingHoursSpecification":[{"@type":"OpeningHoursSpecification","dayOfWeek":["Monday","Tuesday","Wednesday","Thursday","Friday","Saturday","Sunday"],"opens":"09:00","closes":"17:00"}]},{"@type":"ImageObject","inLanguage":"fi","@id":"https:\/\/testwebsite.citygame.com\/fi\/games\/marseille\/secrets-of-marseille\/#local-main-organization-logo","url":"https:\/\/testwebsite.citygame.com\/wp-content\/blogs.dir\/1\/files\/sites\/62\/2025\/10\/CG_LOGO-City-Game.png","contentUrl":"https:\/\/testwebsite.citygame.com\/wp-content\/blogs.dir\/1\/files\/sites\/62\/2025\/10\/CG_LOGO-City-Game.png","width":351,"height":377,"caption":"City Game"}]}},"taxonomy_info":{"game-concept":[{"value":712,"label":"Secrets"}],"location":[{"value":271,"label":"Marseille"}],"product_cat":[{"value":27,"label":"Geen categorie"}]},"featured_image_src_large":["https:\/\/testwebsite.citygame.com\/wp-content\/blogs.dir\/1\/files\/sites\/62\/2026\/01\/marseille-player-city-game-place-de-lenche-henri-tassy.jpg",1024,1024,false],"author_info":[],"comment_info":"","_links":{"self":[{"href":"https:\/\/testwebsite.citygame.com\/fi\/wp-json\/wp\/v2\/product\/62694","targetHints":{"allow":["GET"]}}],"collection":[{"href":"https:\/\/testwebsite.citygame.com\/fi\/wp-json\/wp\/v2\/product"}],"about":[{"href":"https:\/\/testwebsite.citygame.com\/fi\/wp-json\/wp\/v2\/types\/product"}],"acf:post":[{"embeddable":true,"href":"https:\/\/testwebsite.citygame.com\/fi\/wp-json\/wp\/v2\/pages\/5729"}],"wp:featuredmedia":[{"embeddable":true,"href":"https:\/\/testwebsite.citygame.com\/fi\/wp-json\/wp\/v2\/media\/5731"}],"wp:attachment":[{"href":"https:\/\/testwebsite.citygame.com\/fi\/wp-json\/wp\/v2\/media?parent=62694"}],"wp:term":[{"taxonomy":"game-concept","embeddable":true,"href":"https:\/\/testwebsite.citygame.com\/fi\/wp-json\/wp\/v2\/game-concept?post=62694"},{"taxonomy":"location","embeddable":true,"href":"https:\/\/testwebsite.citygame.com\/fi\/wp-json\/wp\/v2\/location?post=62694"},{"taxonomy":"product_brand","embeddable":true,"href":"https:\/\/testwebsite.citygame.com\/fi\/wp-json\/wp\/v2\/product_brand?post=62694"},{"taxonomy":"product_cat","embeddable":true,"href":"https:\/\/testwebsite.citygame.com\/fi\/wp-json\/wp\/v2\/product_cat?post=62694"},{"taxonomy":"product_tag","embeddable":true,"href":"https:\/\/testwebsite.citygame.com\/fi\/wp-json\/wp\/v2\/product_tag?post=62694"}],"curies":[{"name":"wp","href":"https:\/\/api.w.org\/{rel}","templated":true}]}}