{"id":62361,"date":"2026-02-05T18:01:44","date_gmt":"2026-02-05T18:01:44","guid":{"rendered":"https:\/\/testwebsite.citygame.com\/games\/unknown-location\/sherlock-holmes-karlskrona\/"},"modified":"2026-04-08T09:30:21","modified_gmt":"2026-04-08T09:30:21","slug":"sherlock-holmes-karlskrona","status":"publish","type":"product","link":"https:\/\/testwebsite.citygame.com\/fi\/games\/karlskrona\/sherlock-holmes-karlskrona\/","title":{"rendered":"Sherlock Holmes Karlskrona"},"content":{"rendered":"<p>Astu Sherlock Holmesin maailmaan t\u00e4m\u00e4n itseohjatun, tarinavetoisen murhamysteeri City Gamen parissa, joka sijoittuu Karlskronan keskustaan. Kun kuljet kaduilla, ahdistava rikos paljastuu \u2013 paikallisen hahmon murha Liberty Festivalin aikana \u2013 ja sinun teht\u00e4v\u00e4si on paljastaa totuus. Ratkaise monimutkaisia pulmia, ker\u00e4\u00e4 hienovaraisia vihjeit\u00e4 ja kuulustele digitaalisia ep\u00e4iltyj\u00e4 omaan tahtiisi t\u00e4ss\u00e4 mukaansatempaavassa etsiv\u00e4kokemuksessa, joka on kudottu j\u00e4nnitt\u00e4v\u00e4\u00e4n tarinaan.<\/p>\n","protected":false},"excerpt":{"rendered":"<p>Astu Sherlock Holmesin ter\u00e4vien saappaiden sis\u00e4\u00e4n ja l\u00e4hde j\u00e4nnitt\u00e4v\u00e4\u00e4n, itseohjattuun murhamysteeriin Karlskronan syd\u00e4mess\u00e4. Tiimisi kanssa seuraatte vihjeiden polkua, ratkaisette monimutkaisia pulmia ja paljastatte n\u00e4kym\u00e4tt\u00f6m\u00e4n totuuden kellon tikitt\u00e4ess\u00e4 \u2013 peli on k\u00e4ynniss\u00e4!<\/p>\n","protected":false},"featured_media":10926,"template":"","meta":{"_acf_changed":false,"_yoast_wpseo_focuskw":"Sherlock Holmes Karlskrona","_yoast_wpseo_metadesc":"Sherlock Holmes Karlskrona. Pelaa itseohjattua murhamysteeri City Gamea, ratkaise pulmia, seuraa vihjeit\u00e4 ja paljasta murhaaja omaan tahtiisi!","_kad_blocks_custom_css":"","_kad_blocks_head_custom_js":"","_kad_blocks_body_custom_js":"","_kad_blocks_footer_custom_js":"","ghostkit_customizer_options":"","ghostkit_custom_css":"","ghostkit_custom_js_head":"","ghostkit_custom_js_foot":"","ghostkit_typography":"","_kad_post_transparent":"","_kad_post_title":"","_kad_post_layout":"","_kad_post_sidebar_id":"","_kad_post_content_style":"","_kad_post_vertical_padding":"","_kad_post_feature":"","_kad_post_feature_position":"","_kad_post_header":false,"_kad_post_footer":false,"_kad_post_classname":"","_links_to":"","_links_to_target":""},"game-concept":[773],"location":[217],"product_brand":[],"product_cat":[27],"product_tag":[],"class_list":{"0":"post-62361","1":"product","2":"type-product","3":"status-publish","4":"has-post-thumbnail","6":"game-concept-sherlock","7":"location-karlskrona","8":"product_cat-geen-categorie","10":"first","11":"instock","12":"shipping-taxable","13":"purchasable","14":"product-type-simple","15":"entry","16":"content-bg","17":"loop-entry"},"acf":{"full_bokun_product_name":"Karlskrona Self-Guided Sherlock Holmes Murder Mystery Game","location_name":"Karlskrona","bokun_calendar_widget_code":"<script type=\"text\/javascript\" src=\"https:\/\/widgets.bokun.io\/assets\/javascripts\/apps\/build\/BokunWidgetsLoader.js?bookingChannelUUID=a1e93e96-5232-4734-a595-28405f4b5a31\" async><\/script>\n     \n    <div class=\"bokunWidget\" data-src=\"https:\/\/widgets.bokun.io\/online-sales\/a1e93e96-5232-4734-a595-28405f4b5a31\/experience-calendar\/733208\"><\/div>\n    <noscript>Please enable javascript in your browser to book<\/noscript>","bokun_button_widget_code":"<script type=\"text\/javascript\" src=\"https:\/\/widgets.bokun.io\/assets\/javascripts\/apps\/build\/BokunWidgetsLoader.js?bookingChannelUUID=a1e93e96-5232-4734-a595-28405f4b5a31\" async><\/script>\n      <style> #bokun_ed001e45_5927_4f62_b470_ca766338d083 { display: inline-block; padding: .4em 1em; background: #47b82e; border-radius: 999999px; box-shadow: none; font-weight: 600; font-size: 24px; text-decoration: none; text-align: center; color: #FFFFFF; border:none; cursor: pointer; transition: background .2s ease; } #bokun_ed001e45_5927_4f62_b470_ca766338d083:hover{ background: #2f7b1f; } #bokun_ed001e45_5927_4f62_b470_ca766338d083:active{ background: #378f24; } <\/style> <button class=\"bokunButton\" disabled id=bokun_ed001e45_5927_4f62_b470_ca766338d083 data-src=\"https:\/\/widgets.bokun.io\/online-sales\/a1e93e96-5232-4734-a595-28405f4b5a31\/experience-calendar\/733208?partialView=1\" data-testid=\"widget-book-button\" > Book now <\/button> ","what_you\u2019ll_experience_during_the_game":"Astu mukaansatempaavaan etsiv\u00e4tarinaan Karlskronan syd\u00e4mess\u00e4, miss\u00e4 kaupungin hiljainen pinta k\u00e4tkee syvemm\u00e4n mysteerin. Kun kuljet sen kaduilla, koko tarina avautuu ymp\u00e4rill\u00e4si vet\u00e4en sinut syvemm\u00e4lle tutkintaan. Ker\u00e4\u00e4t piilotettuja vihjeit\u00e4, ratkaiset monimutkaisia pulmia ja seuraat johtoja, jotka k\u00e4\u00e4ntyv\u00e4t odottamattomiin suuntiin. Jokaisella askeleella ter\u00e4v\u00f6it\u00e4t etsiv\u00e4nvaistojasi, luottaen havainnointiin, logiikkaan ja p\u00e4\u00e4ttelyyn.\n\nKuulustele digitaalisia ep\u00e4iltyj\u00e4, tutki ristiriitaisuuksia heid\u00e4n tarinoissaan ja testaa alibeja selvitt\u00e4\u00e4ksesi, mit\u00e4 todella tapahtui Liberty Festivalin aikana. Jokainen p\u00e4\u00e4t\u00f6s vie sinua l\u00e4hemm\u00e4ksi murhan takana olevaa totuutta, vaikka mik\u00e4\u00e4n ei ole aivan sit\u00e4 milt\u00e4 ensin n\u00e4ytt\u00e4\u00e4. Kokemus on t\u00e4ysin tarinavetoinen, uppouttaen sinut tapauksen j\u00e4nnitykseen alusta loppuun. Hallitset tahtia, joten voit keskeytt\u00e4\u00e4 ja jatkaa tutkintaasi milloin tahansa sinulle sopii. Jos ty\u00f6skentelet tiimin\u00e4, voitte jopa kilpailla n\u00e4hd\u00e4ksenne, kuka paljastaa totuuden nopeimmin.","how_to_play":"Pelaa yksin tai yst\u00e4vien, perheen tai kollegoiden kanssa enint\u00e4\u00e4n nelj\u00e4n hengen tiimeiss\u00e4 per laite. Varauksen j\u00e4lkeen saat s\u00e4hk\u00f6postitse ohjeet kaikesta tarvittavasta.","start_location":"Karlskrona, Stortorget","available_languages":["en","es","fr","de","it","nl"],"players_per_group":"1-4","duration":"1.5-2 hours","image_overlay_color_image":"https:\/\/testwebsite.citygame.com\/wp-content\/blogs.dir\/1\/files\/sites\/62\/2026\/01\/SherlockColor.svg","image_overlay_game_logo":"https:\/\/testwebsite.citygame.com\/wp-content\/blogs.dir\/1\/files\/sites\/62\/2026\/01\/SherlockLogo.png","city_page":7545,"woocommerce_general_content":null},"yoast_head":"<!-- This site is optimized with the Yoast SEO Premium plugin v26.2 (Yoast SEO v26.3) - https:\/\/yoast.com\/wordpress\/plugins\/seo\/ -->\n<title>Sherlock Holmes Karlskrona - City Game<\/title>\n<meta name=\"description\" content=\"Sherlock Holmes Karlskrona. Pelaa itseohjattua murhamysteeri City Gamea, ratkaise pulmia, seuraa vihjeit\u00e4 ja paljasta murhaaja omaan tahtiisi!\" \/>\n<meta name=\"robots\" content=\"noindex, follow, max-snippet:-1, max-image-preview:large, max-video-preview:-1\" \/>\n<meta property=\"og:locale\" content=\"fi_FI\" \/>\n<meta property=\"og:type\" content=\"article\" \/>\n<meta property=\"og:title\" content=\"Sherlock Holmes Karlskrona\" \/>\n<meta property=\"og:description\" content=\"Sherlock Holmes Karlskrona. Pelaa itseohjattua murhamysteeri City Gamea, ratkaise pulmia, seuraa vihjeit\u00e4 ja paljasta murhaaja omaan tahtiisi!\" \/>\n<meta property=\"og:url\" content=\"https:\/\/testwebsite.citygame.com\/fi\/games\/karlskrona\/sherlock-holmes-karlskrona\/\" \/>\n<meta property=\"og:site_name\" content=\"City Game\" \/>\n<meta property=\"article:publisher\" content=\"https:\/\/www.facebook.com\/profile.php?id=100086426226253\" \/>\n<meta property=\"article:modified_time\" content=\"2026-04-08T09:30:21+00:00\" \/>\n<meta property=\"og:image\" content=\"https:\/\/testwebsite.citygame.com\/wp-content\/blogs.dir\/1\/files\/sites\/62\/2026\/02\/group-of-friends-playing-city-game-karlskrona.jpg\" \/>\n\t<meta property=\"og:image:width\" content=\"1344\" \/>\n\t<meta property=\"og:image:height\" content=\"768\" \/>\n\t<meta property=\"og:image:type\" content=\"image\/jpeg\" \/>\n<meta name=\"twitter:card\" content=\"summary_large_image\" \/>\n<script type=\"application\/ld+json\" class=\"yoast-schema-graph\">{\"@context\":\"https:\/\/schema.org\",\"@graph\":[{\"@type\":\"WebPage\",\"@id\":\"https:\/\/testwebsite.citygame.com\/fi\/games\/karlskrona\/sherlock-holmes-karlskrona\/\",\"url\":\"https:\/\/testwebsite.citygame.com\/fi\/games\/karlskrona\/sherlock-holmes-karlskrona\/\",\"name\":\"Sherlock Holmes Karlskrona - City Game\",\"isPartOf\":{\"@id\":\"https:\/\/testwebsite.upevents.nl\/#website\"},\"primaryImageOfPage\":{\"@id\":\"https:\/\/testwebsite.citygame.com\/fi\/games\/karlskrona\/sherlock-holmes-karlskrona\/#primaryimage\"},\"image\":{\"@id\":\"https:\/\/testwebsite.citygame.com\/fi\/games\/karlskrona\/sherlock-holmes-karlskrona\/#primaryimage\"},\"thumbnailUrl\":\"https:\/\/testwebsite.citygame.com\/wp-content\/blogs.dir\/1\/files\/sites\/62\/2026\/02\/group-of-friends-playing-city-game-karlskrona.jpg\",\"datePublished\":\"2026-02-05T18:01:44+00:00\",\"dateModified\":\"2026-04-08T09:30:21+00:00\",\"description\":\"Sherlock Holmes Karlskrona. Pelaa itseohjattua murhamysteeri City Gamea, ratkaise pulmia, seuraa vihjeit\u00e4 ja paljasta murhaaja omaan tahtiisi!\",\"breadcrumb\":{\"@id\":\"https:\/\/testwebsite.citygame.com\/fi\/games\/karlskrona\/sherlock-holmes-karlskrona\/#breadcrumb\"},\"inLanguage\":\"fi\",\"potentialAction\":[{\"@type\":\"ReadAction\",\"target\":[\"https:\/\/testwebsite.citygame.com\/fi\/games\/karlskrona\/sherlock-holmes-karlskrona\/\"]}]},{\"@type\":\"ImageObject\",\"inLanguage\":\"fi\",\"@id\":\"https:\/\/testwebsite.citygame.com\/fi\/games\/karlskrona\/sherlock-holmes-karlskrona\/#primaryimage\",\"url\":\"https:\/\/testwebsite.citygame.com\/wp-content\/blogs.dir\/1\/files\/sites\/62\/2026\/02\/group-of-friends-playing-city-game-karlskrona.jpg\",\"contentUrl\":\"https:\/\/testwebsite.citygame.com\/wp-content\/blogs.dir\/1\/files\/sites\/62\/2026\/02\/group-of-friends-playing-city-game-karlskrona.jpg\",\"width\":1344,\"height\":768,\"caption\":\"A group of friends works together to solve a puzzle on a smartphone in Karlskrona.\"},{\"@type\":\"BreadcrumbList\",\"@id\":\"https:\/\/testwebsite.citygame.com\/fi\/games\/karlskrona\/sherlock-holmes-karlskrona\/#breadcrumb\",\"itemListElement\":[{\"@type\":\"ListItem\",\"position\":1,\"name\":\"Home\",\"item\":\"https:\/\/testwebsite.citygame.com\/fi\/\"},{\"@type\":\"ListItem\",\"position\":2,\"name\":\"Shop\",\"item\":\"https:\/\/testwebsite.citygame.com\/shop\/\"},{\"@type\":\"ListItem\",\"position\":3,\"name\":\"Sherlock Holmes Karlskrona\"}]},{\"@type\":\"WebSite\",\"@id\":\"https:\/\/testwebsite.upevents.nl\/#website\",\"url\":\"https:\/\/testwebsite.upevents.nl\/\",\"name\":\"City Game\",\"description\":\"\",\"publisher\":{\"@id\":\"https:\/\/testwebsite.upevents.nl\/#organization\"},\"alternateName\":\"citygame.com\",\"potentialAction\":[{\"@type\":\"SearchAction\",\"target\":{\"@type\":\"EntryPoint\",\"urlTemplate\":\"https:\/\/testwebsite.upevents.nl\/?s={search_term_string}\"},\"query-input\":{\"@type\":\"PropertyValueSpecification\",\"valueRequired\":true,\"valueName\":\"search_term_string\"}}],\"inLanguage\":\"fi\"},{\"@type\":[\"Organization\",\"Place\"],\"@id\":\"https:\/\/testwebsite.upevents.nl\/#organization\",\"name\":\"City Game\",\"alternateName\":\"citygame.com\",\"url\":\"https:\/\/testwebsite.upevents.nl\/\",\"logo\":{\"@id\":\"https:\/\/testwebsite.citygame.com\/fi\/games\/karlskrona\/sherlock-holmes-karlskrona\/#local-main-organization-logo\"},\"image\":{\"@id\":\"https:\/\/testwebsite.citygame.com\/fi\/games\/karlskrona\/sherlock-holmes-karlskrona\/#local-main-organization-logo\"},\"sameAs\":[\"https:\/\/www.facebook.com\/profile.php?id=100086426226253\",\"https:\/\/www.instagram.com\/citygame_com\",\"https:\/\/www.tiktok.com\/@citygamecom\/\",\"https:\/\/www.linkedin.com\/company\/citygame-com\"],\"description\":\"Turn any city into a playground with our interactive City Games and self-guided tours. Fun, flexible, and ideal for groups and team building.\",\"telephone\":[],\"openingHoursSpecification\":[{\"@type\":\"OpeningHoursSpecification\",\"dayOfWeek\":[\"Monday\",\"Tuesday\",\"Wednesday\",\"Thursday\",\"Friday\",\"Saturday\",\"Sunday\"],\"opens\":\"09:00\",\"closes\":\"17:00\"}]},{\"@type\":\"ImageObject\",\"inLanguage\":\"fi\",\"@id\":\"https:\/\/testwebsite.citygame.com\/fi\/games\/karlskrona\/sherlock-holmes-karlskrona\/#local-main-organization-logo\",\"url\":\"https:\/\/testwebsite.citygame.com\/wp-content\/blogs.dir\/1\/files\/sites\/62\/2025\/10\/CG_LOGO-City-Game.png\",\"contentUrl\":\"https:\/\/testwebsite.citygame.com\/wp-content\/blogs.dir\/1\/files\/sites\/62\/2025\/10\/CG_LOGO-City-Game.png\",\"width\":351,\"height\":377,\"caption\":\"City Game\"}]}<\/script>\n<!-- \/ Yoast SEO Premium plugin. -->","yoast_head_json":{"title":"Sherlock Holmes Karlskrona - City Game","description":"Sherlock Holmes Karlskrona. Pelaa itseohjattua murhamysteeri City Gamea, ratkaise pulmia, seuraa vihjeit\u00e4 ja paljasta murhaaja omaan tahtiisi!","robots":{"index":"noindex","follow":"follow","max-snippet":"max-snippet:-1","max-image-preview":"max-image-preview:large","max-video-preview":"max-video-preview:-1"},"og_locale":"fi_FI","og_type":"article","og_title":"Sherlock Holmes Karlskrona","og_description":"Sherlock Holmes Karlskrona. Pelaa itseohjattua murhamysteeri City Gamea, ratkaise pulmia, seuraa vihjeit\u00e4 ja paljasta murhaaja omaan tahtiisi!","og_url":"https:\/\/testwebsite.citygame.com\/fi\/games\/karlskrona\/sherlock-holmes-karlskrona\/","og_site_name":"City Game","article_publisher":"https:\/\/www.facebook.com\/profile.php?id=100086426226253","article_modified_time":"2026-04-08T09:30:21+00:00","og_image":[{"width":1344,"height":768,"url":"https:\/\/testwebsite.citygame.com\/wp-content\/blogs.dir\/1\/files\/sites\/62\/2026\/02\/group-of-friends-playing-city-game-karlskrona.jpg","type":"image\/jpeg"}],"twitter_card":"summary_large_image","schema":{"@context":"https:\/\/schema.org","@graph":[{"@type":"WebPage","@id":"https:\/\/testwebsite.citygame.com\/fi\/games\/karlskrona\/sherlock-holmes-karlskrona\/","url":"https:\/\/testwebsite.citygame.com\/fi\/games\/karlskrona\/sherlock-holmes-karlskrona\/","name":"Sherlock Holmes Karlskrona - City Game","isPartOf":{"@id":"https:\/\/testwebsite.upevents.nl\/#website"},"primaryImageOfPage":{"@id":"https:\/\/testwebsite.citygame.com\/fi\/games\/karlskrona\/sherlock-holmes-karlskrona\/#primaryimage"},"image":{"@id":"https:\/\/testwebsite.citygame.com\/fi\/games\/karlskrona\/sherlock-holmes-karlskrona\/#primaryimage"},"thumbnailUrl":"https:\/\/testwebsite.citygame.com\/wp-content\/blogs.dir\/1\/files\/sites\/62\/2026\/02\/group-of-friends-playing-city-game-karlskrona.jpg","datePublished":"2026-02-05T18:01:44+00:00","dateModified":"2026-04-08T09:30:21+00:00","description":"Sherlock Holmes Karlskrona. Pelaa itseohjattua murhamysteeri City Gamea, ratkaise pulmia, seuraa vihjeit\u00e4 ja paljasta murhaaja omaan tahtiisi!","breadcrumb":{"@id":"https:\/\/testwebsite.citygame.com\/fi\/games\/karlskrona\/sherlock-holmes-karlskrona\/#breadcrumb"},"inLanguage":"fi","potentialAction":[{"@type":"ReadAction","target":["https:\/\/testwebsite.citygame.com\/fi\/games\/karlskrona\/sherlock-holmes-karlskrona\/"]}]},{"@type":"ImageObject","inLanguage":"fi","@id":"https:\/\/testwebsite.citygame.com\/fi\/games\/karlskrona\/sherlock-holmes-karlskrona\/#primaryimage","url":"https:\/\/testwebsite.citygame.com\/wp-content\/blogs.dir\/1\/files\/sites\/62\/2026\/02\/group-of-friends-playing-city-game-karlskrona.jpg","contentUrl":"https:\/\/testwebsite.citygame.com\/wp-content\/blogs.dir\/1\/files\/sites\/62\/2026\/02\/group-of-friends-playing-city-game-karlskrona.jpg","width":1344,"height":768,"caption":"A group of friends works together to solve a puzzle on a smartphone in Karlskrona."},{"@type":"BreadcrumbList","@id":"https:\/\/testwebsite.citygame.com\/fi\/games\/karlskrona\/sherlock-holmes-karlskrona\/#breadcrumb","itemListElement":[{"@type":"ListItem","position":1,"name":"Home","item":"https:\/\/testwebsite.citygame.com\/fi\/"},{"@type":"ListItem","position":2,"name":"Shop","item":"https:\/\/testwebsite.citygame.com\/shop\/"},{"@type":"ListItem","position":3,"name":"Sherlock Holmes Karlskrona"}]},{"@type":"WebSite","@id":"https:\/\/testwebsite.upevents.nl\/#website","url":"https:\/\/testwebsite.upevents.nl\/","name":"City Game","description":"","publisher":{"@id":"https:\/\/testwebsite.upevents.nl\/#organization"},"alternateName":"citygame.com","potentialAction":[{"@type":"SearchAction","target":{"@type":"EntryPoint","urlTemplate":"https:\/\/testwebsite.upevents.nl\/?s={search_term_string}"},"query-input":{"@type":"PropertyValueSpecification","valueRequired":true,"valueName":"search_term_string"}}],"inLanguage":"fi"},{"@type":["Organization","Place"],"@id":"https:\/\/testwebsite.upevents.nl\/#organization","name":"City Game","alternateName":"citygame.com","url":"https:\/\/testwebsite.upevents.nl\/","logo":{"@id":"https:\/\/testwebsite.citygame.com\/fi\/games\/karlskrona\/sherlock-holmes-karlskrona\/#local-main-organization-logo"},"image":{"@id":"https:\/\/testwebsite.citygame.com\/fi\/games\/karlskrona\/sherlock-holmes-karlskrona\/#local-main-organization-logo"},"sameAs":["https:\/\/www.facebook.com\/profile.php?id=100086426226253","https:\/\/www.instagram.com\/citygame_com","https:\/\/www.tiktok.com\/@citygamecom\/","https:\/\/www.linkedin.com\/company\/citygame-com"],"description":"Turn any city into a playground with our interactive City Games and self-guided tours. Fun, flexible, and ideal for groups and team building.","telephone":[],"openingHoursSpecification":[{"@type":"OpeningHoursSpecification","dayOfWeek":["Monday","Tuesday","Wednesday","Thursday","Friday","Saturday","Sunday"],"opens":"09:00","closes":"17:00"}]},{"@type":"ImageObject","inLanguage":"fi","@id":"https:\/\/testwebsite.citygame.com\/fi\/games\/karlskrona\/sherlock-holmes-karlskrona\/#local-main-organization-logo","url":"https:\/\/testwebsite.citygame.com\/wp-content\/blogs.dir\/1\/files\/sites\/62\/2025\/10\/CG_LOGO-City-Game.png","contentUrl":"https:\/\/testwebsite.citygame.com\/wp-content\/blogs.dir\/1\/files\/sites\/62\/2025\/10\/CG_LOGO-City-Game.png","width":351,"height":377,"caption":"City Game"}]}},"taxonomy_info":{"game-concept":[{"value":773,"label":"Sherlock"}],"location":[{"value":217,"label":"Karlskrona"}],"product_cat":[{"value":27,"label":"Geen categorie"}]},"featured_image_src_large":["https:\/\/testwebsite.citygame.com\/wp-content\/blogs.dir\/1\/files\/sites\/62\/2026\/02\/group-of-friends-playing-city-game-karlskrona-1024x585.jpg",1024,585,true],"author_info":[],"comment_info":"","_links":{"self":[{"href":"https:\/\/testwebsite.citygame.com\/fi\/wp-json\/wp\/v2\/product\/62361","targetHints":{"allow":["GET"]}}],"collection":[{"href":"https:\/\/testwebsite.citygame.com\/fi\/wp-json\/wp\/v2\/product"}],"about":[{"href":"https:\/\/testwebsite.citygame.com\/fi\/wp-json\/wp\/v2\/types\/product"}],"acf:post":[{"embeddable":true,"href":"https:\/\/testwebsite.citygame.com\/fi\/wp-json\/wp\/v2\/pages\/7545"}],"wp:featuredmedia":[{"embeddable":true,"href":"https:\/\/testwebsite.citygame.com\/fi\/wp-json\/wp\/v2\/media\/10926"}],"wp:attachment":[{"href":"https:\/\/testwebsite.citygame.com\/fi\/wp-json\/wp\/v2\/media?parent=62361"}],"wp:term":[{"taxonomy":"game-concept","embeddable":true,"href":"https:\/\/testwebsite.citygame.com\/fi\/wp-json\/wp\/v2\/game-concept?post=62361"},{"taxonomy":"location","embeddable":true,"href":"https:\/\/testwebsite.citygame.com\/fi\/wp-json\/wp\/v2\/location?post=62361"},{"taxonomy":"product_brand","embeddable":true,"href":"https:\/\/testwebsite.citygame.com\/fi\/wp-json\/wp\/v2\/product_brand?post=62361"},{"taxonomy":"product_cat","embeddable":true,"href":"https:\/\/testwebsite.citygame.com\/fi\/wp-json\/wp\/v2\/product_cat?post=62361"},{"taxonomy":"product_tag","embeddable":true,"href":"https:\/\/testwebsite.citygame.com\/fi\/wp-json\/wp\/v2\/product_tag?post=62361"}],"curies":[{"name":"wp","href":"https:\/\/api.w.org\/{rel}","templated":true}]}}