{"id":61537,"date":"2026-01-27T15:05:00","date_gmt":"2026-01-27T15:05:00","guid":{"rendered":"https:\/\/testwebsite.citygame.com\/games\/unknown-location\/secrets-of-dordrecht\/"},"modified":"2026-04-08T07:55:33","modified_gmt":"2026-04-08T07:55:33","slug":"secrets-of-dordrecht","status":"publish","type":"product","link":"https:\/\/testwebsite.citygame.com\/fi\/games\/dordrecht\/secrets-of-dordrecht\/","title":{"rendered":"Secrets of Dordrecht"},"content":{"rendered":"<p>City Game Dordrecht on itseohjattu, GPS-pohjainen peli, joka sijoittuu Dordrechtin historialliseen keskustaan. \u00c4lypuhelimesi avulla tutkit kaupunkia ratkaisemalla pulmia, suorittamalla valokuvahaasteita ja selvitt\u00e4m\u00e4ll\u00e4 arvoituksia, jotka paljastavat piilotettuja yksityiskohtia matkan varrella. T\u00e4m\u00e4 tutkimuspeli tarjoaa mukaansatempaavan tavan oppia Dordrechtin historiasta ja kulttuurista samalla kun l\u00f6yd\u00e4t paikkoja, jotka saattaisit muuten ohittaa. Sek\u00e4 vierailijoille ett\u00e4 paikallisille sopiva itseohjattu kaupunkipeli on suunniteltu yksin seikkaileville, pariskunnille, perheille tai kaveriporukoille. Olitpa sitten uusi kaupungissa tai jo tuttu Dordrechtin kanssa, GPS-pohjainen peli tarjoaa tuoreen n\u00e4k\u00f6kulman ja hauskan, interaktiivisen kokemuksen.<\/p>\n","protected":false},"excerpt":{"rendered":"<p>Sukella Dordrechtin h\u00e4ik\u00e4iseviin syvyyksiin! Vaella kaupungissa, jossa ikivanhat tuulimyllyt kuiskaavat tarinoita menneilt\u00e4 ajoilta ja nykytaide nousee ajattomilta mukulakivikaduilta. Ker\u00e4\u00e4 vihjeit\u00e4 matkustaessasi sen sykkiv\u00e4n keskustan l\u00e4pi, Dordrecht on pullollaan ilahduttavia yll\u00e4tyksi\u00e4 joka k\u00e4\u00e4nteess\u00e4!<\/p>\n","protected":false},"featured_media":13846,"template":"","meta":{"_acf_changed":false,"_yoast_wpseo_focuskw":"Secrets of Dordrecht","_yoast_wpseo_metadesc":"Secrets of Dordrecht. Pelaa itseohjattua kaupunkipeli\u00e4 ja tutki kaupunkia pulmien, arvoitusten ja haasteiden avulla. Pelaa omaan tahtiisi ja l\u00f6yd\u00e4 paikkoja kuin paikallinen!","_kad_blocks_custom_css":"","_kad_blocks_head_custom_js":"","_kad_blocks_body_custom_js":"","_kad_blocks_footer_custom_js":"","ghostkit_customizer_options":"","ghostkit_custom_css":"","ghostkit_custom_js_head":"","ghostkit_custom_js_foot":"","ghostkit_typography":"","_kad_post_transparent":"default","_kad_post_title":"","_kad_post_layout":"default","_kad_post_sidebar_id":"","_kad_post_content_style":"default","_kad_post_vertical_padding":"default","_kad_post_feature":"","_kad_post_feature_position":"","_kad_post_header":false,"_kad_post_footer":false,"_kad_post_classname":"","_links_to":"","_links_to_target":""},"game-concept":[712],"location":[143],"product_brand":[],"product_cat":[27],"product_tag":[],"class_list":{"0":"post-61537","1":"product","2":"type-product","3":"status-publish","4":"has-post-thumbnail","6":"game-concept-secrets","7":"location-dordrecht","8":"product_cat-geen-categorie","10":"first","11":"instock","12":"shipping-taxable","13":"purchasable","14":"product-type-simple","15":"entry","16":"content-bg","17":"loop-entry"},"acf":{"full_bokun_product_name":"Self-Guided Secrets of Dordrecht Exploration Game","location_name":"Dordrecht","bokun_calendar_widget_code":"<script type=\"text\/javascript\" src=\"https:\/\/widgets.bokun.io\/assets\/javascripts\/apps\/build\/BokunWidgetsLoader.js?bookingChannelUUID=a1e93e96-5232-4734-a595-28405f4b5a31\" async><\/script>\n     \n    <div class=\"bokunWidget\" data-src=\"https:\/\/widgets.bokun.io\/online-sales\/a1e93e96-5232-4734-a595-28405f4b5a31\/experience-calendar\/855946\"><\/div>\n    <noscript>Please enable javascript in your browser to book<\/noscript>","bokun_button_widget_code":"<script type=\"text\/javascript\" src=\"https:\/\/widgets.bokun.io\/assets\/javascripts\/apps\/build\/BokunWidgetsLoader.js?bookingChannelUUID=a1e93e96-5232-4734-a595-28405f4b5a31\" async><\/script>\n      <style> #bokun_ed001e45_5927_4f62_b470_ca766338d083 { display: inline-block; padding: .4em 1em; background: #47b82e; border-radius: 999999px; box-shadow: none; font-weight: 600; font-size: 24px; text-decoration: none; text-align: center; color: #FFFFFF; border:none; cursor: pointer; transition: background .2s ease; } #bokun_ed001e45_5927_4f62_b470_ca766338d083:hover{ background: #2f7b1f; } #bokun_ed001e45_5927_4f62_b470_ca766338d083:active{ background: #378f24; } <\/style> <button class=\"bokunButton\" disabled id=bokun_ed001e45_5927_4f62_b470_ca766338d083 data-src=\"https:\/\/widgets.bokun.io\/online-sales\/a1e93e96-5232-4734-a595-28405f4b5a31\/experience-calendar\/855946?partialView=1\" data-testid=\"widget-book-button\" > Book now <\/button> ","what_you\u2019ll_experience_during_the_game":"Kun tutkit Dordrechtia t\u00e4m\u00e4n mukaansatempaavan kaupunkipelin kautta, seuraat tarinaa, joka avautuu kaupungin kaduilla, aukioilla ja piilotetuissa kulmissa. Kokemus yhdist\u00e4\u00e4 l\u00f6yt\u00e4misen ja pelaamisen, opastaen sinua sek\u00e4 tuttuihin maamerkkeihin ett\u00e4 odottamattomiin paikkoihin. Matkan varrella saatat ohittaa vaikuttavan Grote Kerkin, nauttia Groothoofdin n\u00e4kymist\u00e4 tai l\u00f6yt\u00e4\u00e4 itsesi Huis van Gijnin rauhallisesta ymp\u00e4rist\u00f6st\u00e4. Reitti vet\u00e4\u00e4 sinut Dordrechtin kerrokselliseen historiaan ja luonteeseen tasapainottaen tunnettuja kohokohtia hiljaisilla, kiehtovilla nurkilla.\r\n\r\nPelin aikana ratkaiset pulmia, vastaat arvoituksiin ja suoritat luovia valokuvateht\u00e4vi\u00e4, jotka her\u00e4tt\u00e4v\u00e4t tarinan eloon. Jokainen haaste auttaa sinua ker\u00e4\u00e4m\u00e4\u00e4n pisteit\u00e4, avaamaan hy\u00f6dyllisi\u00e4 vihjeit\u00e4 ja p\u00e4\u00e4sem\u00e4\u00e4n l\u00e4hemm\u00e4s lopullisen mysteerin ratkaisemista. Voit keskeytt\u00e4\u00e4 kokemuksen milloin haluat ja palata siihen omaan tahtiisi, mik\u00e4 tekee kaupunkipelin sovittamisesta Dordrechtin p\u00e4iv\u00e4\u00e4si helppoa. Niille, jotka nauttivat pienest\u00e4 yst\u00e4v\u00e4llisest\u00e4 kilpailusta, on my\u00f6s mahdollisuus kiivet\u00e4 tulostaulukossa yksinpelaajana tai joukkueena.","how_to_play":"Varaa Exploration Game, tarkista s\u00e4hk\u00f6postiviesti, jonka l\u00e4het\u00e4mme sinulle yksinkertaisilla ohjeilla, lataa Loquiz App, avaa Exploration Game ja olet valmis aloittamaan pelikokemuksesi!","start_location":"Dordrecht, Stadhuisplein","available_languages":["nl"],"players_per_group":"1-4","duration":"1.5-2 hours","image_overlay_color_image":"https:\/\/testwebsite.citygame.com\/wp-content\/blogs.dir\/1\/files\/sites\/62\/2026\/01\/SecretsColor.svg","image_overlay_game_logo":"https:\/\/testwebsite.citygame.com\/wp-content\/blogs.dir\/1\/files\/sites\/62\/2026\/01\/SecretsLogo.png","city_page":4848,"woocommerce_general_content":null},"yoast_head":"<!-- This site is optimized with the Yoast SEO Premium plugin v26.2 (Yoast SEO v26.3) - https:\/\/yoast.com\/wordpress\/plugins\/seo\/ -->\n<title>Secrets of Dordrecht - City Game<\/title>\n<meta name=\"description\" content=\"Secrets of Dordrecht. Pelaa itseohjattua kaupunkipeli\u00e4 ja tutki kaupunkia pulmien, arvoitusten ja haasteiden avulla. Pelaa omaan tahtiisi ja l\u00f6yd\u00e4 paikkoja kuin paikallinen!\" \/>\n<meta name=\"robots\" content=\"noindex, follow, max-snippet:-1, max-image-preview:large, max-video-preview:-1\" \/>\n<meta property=\"og:locale\" content=\"fi_FI\" \/>\n<meta property=\"og:type\" content=\"article\" \/>\n<meta property=\"og:title\" content=\"Secrets of Dordrecht\" \/>\n<meta property=\"og:description\" content=\"Secrets of Dordrecht. Pelaa itseohjattua kaupunkipeli\u00e4 ja tutki kaupunkia pulmien, arvoitusten ja haasteiden avulla. Pelaa omaan tahtiisi ja l\u00f6yd\u00e4 paikkoja kuin paikallinen!\" \/>\n<meta property=\"og:url\" content=\"https:\/\/testwebsite.citygame.com\/fi\/games\/dordrecht\/secrets-of-dordrecht\/\" \/>\n<meta property=\"og:site_name\" content=\"City Game\" \/>\n<meta property=\"article:publisher\" content=\"https:\/\/www.facebook.com\/profile.php?id=100086426226253\" \/>\n<meta property=\"article:modified_time\" content=\"2026-04-08T07:55:33+00:00\" \/>\n<meta property=\"og:image\" content=\"https:\/\/testwebsite.citygame.com\/wp-content\/blogs.dir\/1\/files\/sites\/62\/2026\/02\/group-playing-city-game-smartphone-dordrecht.jpg\" \/>\n\t<meta property=\"og:image:width\" content=\"1024\" \/>\n\t<meta property=\"og:image:height\" content=\"1024\" \/>\n\t<meta property=\"og:image:type\" content=\"image\/jpeg\" \/>\n<meta name=\"twitter:card\" content=\"summary_large_image\" \/>\n<script type=\"application\/ld+json\" class=\"yoast-schema-graph\">{\"@context\":\"https:\/\/schema.org\",\"@graph\":[{\"@type\":\"WebPage\",\"@id\":\"https:\/\/testwebsite.citygame.com\/fi\/games\/dordrecht\/secrets-of-dordrecht\/\",\"url\":\"https:\/\/testwebsite.citygame.com\/fi\/games\/dordrecht\/secrets-of-dordrecht\/\",\"name\":\"Secrets of Dordrecht - City Game\",\"isPartOf\":{\"@id\":\"https:\/\/testwebsite.upevents.nl\/#website\"},\"primaryImageOfPage\":{\"@id\":\"https:\/\/testwebsite.citygame.com\/fi\/games\/dordrecht\/secrets-of-dordrecht\/#primaryimage\"},\"image\":{\"@id\":\"https:\/\/testwebsite.citygame.com\/fi\/games\/dordrecht\/secrets-of-dordrecht\/#primaryimage\"},\"thumbnailUrl\":\"https:\/\/testwebsite.citygame.com\/wp-content\/blogs.dir\/1\/files\/sites\/62\/2026\/02\/group-playing-city-game-smartphone-dordrecht.jpg\",\"datePublished\":\"2026-01-27T15:05:00+00:00\",\"dateModified\":\"2026-04-08T07:55:33+00:00\",\"description\":\"Secrets of Dordrecht. Pelaa itseohjattua kaupunkipeli\u00e4 ja tutki kaupunkia pulmien, arvoitusten ja haasteiden avulla. Pelaa omaan tahtiisi ja l\u00f6yd\u00e4 paikkoja kuin paikallinen!\",\"breadcrumb\":{\"@id\":\"https:\/\/testwebsite.citygame.com\/fi\/games\/dordrecht\/secrets-of-dordrecht\/#breadcrumb\"},\"inLanguage\":\"fi\",\"potentialAction\":[{\"@type\":\"ReadAction\",\"target\":[\"https:\/\/testwebsite.citygame.com\/fi\/games\/dordrecht\/secrets-of-dordrecht\/\"]}]},{\"@type\":\"ImageObject\",\"inLanguage\":\"fi\",\"@id\":\"https:\/\/testwebsite.citygame.com\/fi\/games\/dordrecht\/secrets-of-dordrecht\/#primaryimage\",\"url\":\"https:\/\/testwebsite.citygame.com\/wp-content\/blogs.dir\/1\/files\/sites\/62\/2026\/02\/group-playing-city-game-smartphone-dordrecht.jpg\",\"contentUrl\":\"https:\/\/testwebsite.citygame.com\/wp-content\/blogs.dir\/1\/files\/sites\/62\/2026\/02\/group-playing-city-game-smartphone-dordrecht.jpg\",\"width\":1024,\"height\":1024,\"caption\":\"A group of friends collaborates while playing an interactive city game on a smartphone in Dordrecht.\"},{\"@type\":\"BreadcrumbList\",\"@id\":\"https:\/\/testwebsite.citygame.com\/fi\/games\/dordrecht\/secrets-of-dordrecht\/#breadcrumb\",\"itemListElement\":[{\"@type\":\"ListItem\",\"position\":1,\"name\":\"Home\",\"item\":\"https:\/\/testwebsite.citygame.com\/fi\/\"},{\"@type\":\"ListItem\",\"position\":2,\"name\":\"Shop\",\"item\":\"https:\/\/testwebsite.citygame.com\/shop\/\"},{\"@type\":\"ListItem\",\"position\":3,\"name\":\"Secrets of Dordrecht\"}]},{\"@type\":\"WebSite\",\"@id\":\"https:\/\/testwebsite.upevents.nl\/#website\",\"url\":\"https:\/\/testwebsite.upevents.nl\/\",\"name\":\"City Game\",\"description\":\"\",\"publisher\":{\"@id\":\"https:\/\/testwebsite.upevents.nl\/#organization\"},\"alternateName\":\"citygame.com\",\"potentialAction\":[{\"@type\":\"SearchAction\",\"target\":{\"@type\":\"EntryPoint\",\"urlTemplate\":\"https:\/\/testwebsite.upevents.nl\/?s={search_term_string}\"},\"query-input\":{\"@type\":\"PropertyValueSpecification\",\"valueRequired\":true,\"valueName\":\"search_term_string\"}}],\"inLanguage\":\"fi\"},{\"@type\":[\"Organization\",\"Place\"],\"@id\":\"https:\/\/testwebsite.upevents.nl\/#organization\",\"name\":\"City Game\",\"alternateName\":\"citygame.com\",\"url\":\"https:\/\/testwebsite.upevents.nl\/\",\"logo\":{\"@id\":\"https:\/\/testwebsite.citygame.com\/fi\/games\/dordrecht\/secrets-of-dordrecht\/#local-main-organization-logo\"},\"image\":{\"@id\":\"https:\/\/testwebsite.citygame.com\/fi\/games\/dordrecht\/secrets-of-dordrecht\/#local-main-organization-logo\"},\"sameAs\":[\"https:\/\/www.facebook.com\/profile.php?id=100086426226253\",\"https:\/\/www.instagram.com\/citygame_com\",\"https:\/\/www.tiktok.com\/@citygamecom\/\",\"https:\/\/www.linkedin.com\/company\/citygame-com\"],\"description\":\"Turn any city into a playground with our interactive City Games and self-guided tours. Fun, flexible, and ideal for groups and team building.\",\"telephone\":[],\"openingHoursSpecification\":[{\"@type\":\"OpeningHoursSpecification\",\"dayOfWeek\":[\"Monday\",\"Tuesday\",\"Wednesday\",\"Thursday\",\"Friday\",\"Saturday\",\"Sunday\"],\"opens\":\"09:00\",\"closes\":\"17:00\"}]},{\"@type\":\"ImageObject\",\"inLanguage\":\"fi\",\"@id\":\"https:\/\/testwebsite.citygame.com\/fi\/games\/dordrecht\/secrets-of-dordrecht\/#local-main-organization-logo\",\"url\":\"https:\/\/testwebsite.citygame.com\/wp-content\/blogs.dir\/1\/files\/sites\/62\/2025\/10\/CG_LOGO-City-Game.png\",\"contentUrl\":\"https:\/\/testwebsite.citygame.com\/wp-content\/blogs.dir\/1\/files\/sites\/62\/2025\/10\/CG_LOGO-City-Game.png\",\"width\":351,\"height\":377,\"caption\":\"City Game\"}]}<\/script>\n<!-- \/ Yoast SEO Premium plugin. -->","yoast_head_json":{"title":"Secrets of Dordrecht - City Game","description":"Secrets of Dordrecht. Pelaa itseohjattua kaupunkipeli\u00e4 ja tutki kaupunkia pulmien, arvoitusten ja haasteiden avulla. Pelaa omaan tahtiisi ja l\u00f6yd\u00e4 paikkoja kuin paikallinen!","robots":{"index":"noindex","follow":"follow","max-snippet":"max-snippet:-1","max-image-preview":"max-image-preview:large","max-video-preview":"max-video-preview:-1"},"og_locale":"fi_FI","og_type":"article","og_title":"Secrets of Dordrecht","og_description":"Secrets of Dordrecht. Pelaa itseohjattua kaupunkipeli\u00e4 ja tutki kaupunkia pulmien, arvoitusten ja haasteiden avulla. Pelaa omaan tahtiisi ja l\u00f6yd\u00e4 paikkoja kuin paikallinen!","og_url":"https:\/\/testwebsite.citygame.com\/fi\/games\/dordrecht\/secrets-of-dordrecht\/","og_site_name":"City Game","article_publisher":"https:\/\/www.facebook.com\/profile.php?id=100086426226253","article_modified_time":"2026-04-08T07:55:33+00:00","og_image":[{"width":1024,"height":1024,"url":"https:\/\/testwebsite.citygame.com\/wp-content\/blogs.dir\/1\/files\/sites\/62\/2026\/02\/group-playing-city-game-smartphone-dordrecht.jpg","type":"image\/jpeg"}],"twitter_card":"summary_large_image","schema":{"@context":"https:\/\/schema.org","@graph":[{"@type":"WebPage","@id":"https:\/\/testwebsite.citygame.com\/fi\/games\/dordrecht\/secrets-of-dordrecht\/","url":"https:\/\/testwebsite.citygame.com\/fi\/games\/dordrecht\/secrets-of-dordrecht\/","name":"Secrets of Dordrecht - City Game","isPartOf":{"@id":"https:\/\/testwebsite.upevents.nl\/#website"},"primaryImageOfPage":{"@id":"https:\/\/testwebsite.citygame.com\/fi\/games\/dordrecht\/secrets-of-dordrecht\/#primaryimage"},"image":{"@id":"https:\/\/testwebsite.citygame.com\/fi\/games\/dordrecht\/secrets-of-dordrecht\/#primaryimage"},"thumbnailUrl":"https:\/\/testwebsite.citygame.com\/wp-content\/blogs.dir\/1\/files\/sites\/62\/2026\/02\/group-playing-city-game-smartphone-dordrecht.jpg","datePublished":"2026-01-27T15:05:00+00:00","dateModified":"2026-04-08T07:55:33+00:00","description":"Secrets of Dordrecht. Pelaa itseohjattua kaupunkipeli\u00e4 ja tutki kaupunkia pulmien, arvoitusten ja haasteiden avulla. Pelaa omaan tahtiisi ja l\u00f6yd\u00e4 paikkoja kuin paikallinen!","breadcrumb":{"@id":"https:\/\/testwebsite.citygame.com\/fi\/games\/dordrecht\/secrets-of-dordrecht\/#breadcrumb"},"inLanguage":"fi","potentialAction":[{"@type":"ReadAction","target":["https:\/\/testwebsite.citygame.com\/fi\/games\/dordrecht\/secrets-of-dordrecht\/"]}]},{"@type":"ImageObject","inLanguage":"fi","@id":"https:\/\/testwebsite.citygame.com\/fi\/games\/dordrecht\/secrets-of-dordrecht\/#primaryimage","url":"https:\/\/testwebsite.citygame.com\/wp-content\/blogs.dir\/1\/files\/sites\/62\/2026\/02\/group-playing-city-game-smartphone-dordrecht.jpg","contentUrl":"https:\/\/testwebsite.citygame.com\/wp-content\/blogs.dir\/1\/files\/sites\/62\/2026\/02\/group-playing-city-game-smartphone-dordrecht.jpg","width":1024,"height":1024,"caption":"A group of friends collaborates while playing an interactive city game on a smartphone in Dordrecht."},{"@type":"BreadcrumbList","@id":"https:\/\/testwebsite.citygame.com\/fi\/games\/dordrecht\/secrets-of-dordrecht\/#breadcrumb","itemListElement":[{"@type":"ListItem","position":1,"name":"Home","item":"https:\/\/testwebsite.citygame.com\/fi\/"},{"@type":"ListItem","position":2,"name":"Shop","item":"https:\/\/testwebsite.citygame.com\/shop\/"},{"@type":"ListItem","position":3,"name":"Secrets of Dordrecht"}]},{"@type":"WebSite","@id":"https:\/\/testwebsite.upevents.nl\/#website","url":"https:\/\/testwebsite.upevents.nl\/","name":"City Game","description":"","publisher":{"@id":"https:\/\/testwebsite.upevents.nl\/#organization"},"alternateName":"citygame.com","potentialAction":[{"@type":"SearchAction","target":{"@type":"EntryPoint","urlTemplate":"https:\/\/testwebsite.upevents.nl\/?s={search_term_string}"},"query-input":{"@type":"PropertyValueSpecification","valueRequired":true,"valueName":"search_term_string"}}],"inLanguage":"fi"},{"@type":["Organization","Place"],"@id":"https:\/\/testwebsite.upevents.nl\/#organization","name":"City Game","alternateName":"citygame.com","url":"https:\/\/testwebsite.upevents.nl\/","logo":{"@id":"https:\/\/testwebsite.citygame.com\/fi\/games\/dordrecht\/secrets-of-dordrecht\/#local-main-organization-logo"},"image":{"@id":"https:\/\/testwebsite.citygame.com\/fi\/games\/dordrecht\/secrets-of-dordrecht\/#local-main-organization-logo"},"sameAs":["https:\/\/www.facebook.com\/profile.php?id=100086426226253","https:\/\/www.instagram.com\/citygame_com","https:\/\/www.tiktok.com\/@citygamecom\/","https:\/\/www.linkedin.com\/company\/citygame-com"],"description":"Turn any city into a playground with our interactive City Games and self-guided tours. Fun, flexible, and ideal for groups and team building.","telephone":[],"openingHoursSpecification":[{"@type":"OpeningHoursSpecification","dayOfWeek":["Monday","Tuesday","Wednesday","Thursday","Friday","Saturday","Sunday"],"opens":"09:00","closes":"17:00"}]},{"@type":"ImageObject","inLanguage":"fi","@id":"https:\/\/testwebsite.citygame.com\/fi\/games\/dordrecht\/secrets-of-dordrecht\/#local-main-organization-logo","url":"https:\/\/testwebsite.citygame.com\/wp-content\/blogs.dir\/1\/files\/sites\/62\/2025\/10\/CG_LOGO-City-Game.png","contentUrl":"https:\/\/testwebsite.citygame.com\/wp-content\/blogs.dir\/1\/files\/sites\/62\/2025\/10\/CG_LOGO-City-Game.png","width":351,"height":377,"caption":"City Game"}]}},"taxonomy_info":{"game-concept":[{"value":712,"label":"Secrets"}],"location":[{"value":143,"label":"Dordrecht"}],"product_cat":[{"value":27,"label":"Geen categorie"}]},"featured_image_src_large":["https:\/\/testwebsite.citygame.com\/wp-content\/blogs.dir\/1\/files\/sites\/62\/2026\/02\/group-playing-city-game-smartphone-dordrecht.jpg",1024,1024,false],"author_info":[],"comment_info":"","_links":{"self":[{"href":"https:\/\/testwebsite.citygame.com\/fi\/wp-json\/wp\/v2\/product\/61537","targetHints":{"allow":["GET"]}}],"collection":[{"href":"https:\/\/testwebsite.citygame.com\/fi\/wp-json\/wp\/v2\/product"}],"about":[{"href":"https:\/\/testwebsite.citygame.com\/fi\/wp-json\/wp\/v2\/types\/product"}],"acf:post":[{"embeddable":true,"href":"https:\/\/testwebsite.citygame.com\/fi\/wp-json\/wp\/v2\/pages\/4848"}],"wp:featuredmedia":[{"embeddable":true,"href":"https:\/\/testwebsite.citygame.com\/fi\/wp-json\/wp\/v2\/media\/13846"}],"wp:attachment":[{"href":"https:\/\/testwebsite.citygame.com\/fi\/wp-json\/wp\/v2\/media?parent=61537"}],"wp:term":[{"taxonomy":"game-concept","embeddable":true,"href":"https:\/\/testwebsite.citygame.com\/fi\/wp-json\/wp\/v2\/game-concept?post=61537"},{"taxonomy":"location","embeddable":true,"href":"https:\/\/testwebsite.citygame.com\/fi\/wp-json\/wp\/v2\/location?post=61537"},{"taxonomy":"product_brand","embeddable":true,"href":"https:\/\/testwebsite.citygame.com\/fi\/wp-json\/wp\/v2\/product_brand?post=61537"},{"taxonomy":"product_cat","embeddable":true,"href":"https:\/\/testwebsite.citygame.com\/fi\/wp-json\/wp\/v2\/product_cat?post=61537"},{"taxonomy":"product_tag","embeddable":true,"href":"https:\/\/testwebsite.citygame.com\/fi\/wp-json\/wp\/v2\/product_tag?post=61537"}],"curies":[{"name":"wp","href":"https:\/\/api.w.org\/{rel}","templated":true}]}}