{"id":60710,"date":"2026-02-16T06:48:16","date_gmt":"2026-02-16T06:48:16","guid":{"rendered":"https:\/\/testwebsite.citygame.com\/games\/unknown-location\/the-hanoi-syndicate\/"},"modified":"2026-04-08T06:15:50","modified_gmt":"2026-04-08T06:15:50","slug":"the-hanoi-syndicate","status":"publish","type":"product","link":"https:\/\/testwebsite.citygame.com\/fi\/games\/hanoi\/the-hanoi-syndicate\/","title":{"rendered":"The Hanoi Syndicate"},"content":{"rendered":"<p>The Hanoi Syndicate on itseohjattu City Escape -peli Hanoissa, joka sijoittuu Hanoin historialliseen keskustaan. T\u00e4ss\u00e4 teht\u00e4v\u00e4pohjaisessa kokemuksessa pelaajat tekev\u00e4t yhteisty\u00f6t\u00e4 j\u00e4ljitt\u00e4\u00e4kseen vaikeasti tavoitettavan Magnuksen ja palauttaakseen kuusi varastettua kaavaa ratkaisemalla sarjan pulmia, teht\u00e4vi\u00e4 ja haasteita. T\u00e4m\u00e4 mukaansatempaava City Game Hanoissa keskittyy tiimity\u00f6skentelyyn, tarinankerrontaan ja askel askeleelta etenev\u00e4\u00e4n dynaamiseen kaupunkioperaatioon.<\/p>\n","protected":false},"excerpt":{"rendered":"<p>Sukella itseohjatun City Escape -pelin ytimeen Hanoissa, miss\u00e4 strateginen ajattelusi ja tiimisi yhteisty\u00f6kyky testataan \u00e4\u00e4rimmilleen. Selvit\u00e4 kiehtovia vihjeit\u00e4, ratkaise monimutkaisia pulmia ja paljasta h\u00e4mm\u00e4stytt\u00e4v\u00e4 totuus navigoidessasi tiimisi kanssa l\u00e4pi asteittain haastavamman teht\u00e4v\u00e4n. Pysy keskittyneen\u00e4, aika on kortilla!<\/p>\n","protected":false},"featured_media":14132,"template":"","meta":{"_acf_changed":false,"_yoast_wpseo_focuskw":"The Hanoi Syndicate","_yoast_wpseo_metadesc":"The Hanoi Syndicate. Pelaa itseohjattua City Escape -peli\u00e4, ratkaise pulmia, suorita teht\u00e4vi\u00e4 ja palauta varastetut kaavat omaan tahtiisi!","_kad_blocks_custom_css":"","_kad_blocks_head_custom_js":"","_kad_blocks_body_custom_js":"","_kad_blocks_footer_custom_js":"","ghostkit_customizer_options":"","ghostkit_custom_css":"","ghostkit_custom_js_head":"","ghostkit_custom_js_foot":"","ghostkit_typography":"","_kad_post_transparent":"default","_kad_post_title":"","_kad_post_layout":"default","_kad_post_sidebar_id":"","_kad_post_content_style":"default","_kad_post_vertical_padding":"default","_kad_post_feature":"","_kad_post_feature_position":"","_kad_post_header":false,"_kad_post_footer":false,"_kad_post_classname":"","_links_to":"","_links_to_target":""},"game-concept":[742],"location":[191],"product_brand":[],"product_cat":[27],"product_tag":[],"class_list":{"0":"post-60710","1":"product","2":"type-product","3":"status-publish","4":"has-post-thumbnail","6":"game-concept-syndicate","7":"location-hanoi","8":"product_cat-geen-categorie","10":"first","11":"instock","12":"shipping-taxable","13":"purchasable","14":"product-type-simple","15":"entry","16":"content-bg","17":"loop-entry"},"acf":{"full_bokun_product_name":"Self-Guided The Hanoi Syndicate City Escape Game","location_name":"Hanoi","bokun_calendar_widget_code":"<script type=\"text\/javascript\" src=\"https:\/\/widgets.bokun.io\/assets\/javascripts\/apps\/build\/BokunWidgetsLoader.js?bookingChannelUUID=a1e93e96-5232-4734-a595-28405f4b5a31\" async><\/script>\n     \n    <div class=\"bokunWidget\" data-src=\"https:\/\/widgets.bokun.io\/online-sales\/a1e93e96-5232-4734-a595-28405f4b5a31\/experience-calendar\/863422\"><\/div>\n    <noscript>Please enable javascript in your browser to book<\/noscript>","bokun_button_widget_code":"<script type=\"text\/javascript\" src=\"https:\/\/widgets.bokun.io\/assets\/javascripts\/apps\/build\/BokunWidgetsLoader.js?bookingChannelUUID=a1e93e96-5232-4734-a595-28405f4b5a31\" async><\/script>\n      <style> #bokun_ed001e45_5927_4f62_b470_ca766338d083 { display: inline-block; padding: .4em 1em; background: #47b82e; border-radius: 999999px; box-shadow: none; font-weight: 600; font-size: 24px; text-decoration: none; text-align: center; color: #FFFFFF; border:none; cursor: pointer; transition: background .2s ease; } #bokun_ed001e45_5927_4f62_b470_ca766338d083:hover{ background: #2f7b1f; } #bokun_ed001e45_5927_4f62_b470_ca766338d083:active{ background: #378f24; } <\/style> <button class=\"bokunButton\" disabled id=bokun_ed001e45_5927_4f62_b470_ca766338d083 data-src=\"https:\/\/widgets.bokun.io\/online-sales\/a1e93e96-5232-4734-a595-28405f4b5a31\/experience-calendar\/863422?partialView=1\" data-testid=\"widget-book-button\" > Book now <\/button> ","what_you\u2019ll_experience_during_the_game":"In *The Hanoi Syndicate*, sinut ja tiimisi sy\u00f6st\u00e4\u00e4n korkean panoksen pakoteht\u00e4v\u00e4\u00e4n, joka on kudottu Hanoin kaduille ja kujille. Operatiivisina agentteina, jotka on kutsuttu j\u00e4ljitt\u00e4m\u00e4\u00e4n vaikeasti tavoitettava Magnus ja palauttamaan kuusi varastettua tieteellist\u00e4 kaavaa, navigoit kaupungin halki paljastaen salaisen operaation kerros kerrokselta. Kokemus etenee askel askeleelta, ja kaupunkimaisemasta tulee teht\u00e4v\u00e4si el\u00e4v\u00e4 tausta.\r\n\r\nJokainen vaihe vaatii yhteisty\u00f6t\u00e4 \u2013 ratkaista kryptisi\u00e4 pulmia, murtaa koodeja ja suorittaa dynaamisia haasteita, jotka viev\u00e4t tarinaa eteenp\u00e4in. Viestint\u00e4 ja nopea p\u00e4\u00e4t\u00f6ksenteko ovat olennaisia, sill\u00e4 valintasi muovaavat teht\u00e4v\u00e4n etenemist\u00e4. Tarina on t\u00e4ysin mukaansatempaava ja tapahtuu reaaliaikaisesti, mutta sin\u00e4 hallitset tahtia, ja voit pys\u00e4ytt\u00e4\u00e4 ja jatkaa milloin tahansa. T\u00e4m\u00e4 on kaupunkipohjainen pakokokemus, joka on suunniteltu tiimeille, jotka ovat valmiita sitoutumaan, ajattelemaan ja toimimaan paineen alla.","how_to_play":"Varaa City Game, tarkista sinulle l\u00e4hett\u00e4m\u00e4mme s\u00e4hk\u00f6postiviesti ohjeineen, lataa Loquiz App ja aloita pelikokemuksesi!","start_location":"Hanoi, P. Nh\u00e0 Chung","available_languages":["en"],"players_per_group":"1-4","duration":"1.5-2 hours","image_overlay_color_image":"https:\/\/testwebsite.citygame.com\/wp-content\/blogs.dir\/1\/files\/sites\/62\/2026\/01\/SyndicateColor.svg","image_overlay_game_logo":"https:\/\/testwebsite.citygame.com\/wp-content\/blogs.dir\/1\/files\/sites\/62\/2026\/01\/SyndicateLogo.png","city_page":5308,"woocommerce_general_content":null},"yoast_head":"<!-- This site is optimized with the Yoast SEO Premium plugin v26.2 (Yoast SEO v26.3) - https:\/\/yoast.com\/wordpress\/plugins\/seo\/ -->\n<title>The Hanoi Syndicate - City Game<\/title>\n<meta name=\"description\" content=\"The Hanoi Syndicate. Pelaa itseohjattua City Escape -peli\u00e4, ratkaise pulmia, suorita teht\u00e4vi\u00e4 ja palauta varastetut kaavat omaan tahtiisi!\" \/>\n<meta name=\"robots\" content=\"noindex, follow, max-snippet:-1, max-image-preview:large, max-video-preview:-1\" \/>\n<meta property=\"og:locale\" content=\"fi_FI\" \/>\n<meta property=\"og:type\" content=\"article\" \/>\n<meta property=\"og:title\" content=\"The Hanoi Syndicate\" \/>\n<meta property=\"og:description\" content=\"The Hanoi Syndicate. Pelaa itseohjattua City Escape -peli\u00e4, ratkaise pulmia, suorita teht\u00e4vi\u00e4 ja palauta varastetut kaavat omaan tahtiisi!\" \/>\n<meta property=\"og:url\" content=\"https:\/\/testwebsite.citygame.com\/fi\/games\/hanoi\/the-hanoi-syndicate\/\" \/>\n<meta property=\"og:site_name\" content=\"City Game\" \/>\n<meta property=\"article:publisher\" content=\"https:\/\/www.facebook.com\/profile.php?id=100086426226253\" \/>\n<meta property=\"article:modified_time\" content=\"2026-04-08T06:15:50+00:00\" \/>\n<meta property=\"og:image\" content=\"https:\/\/testwebsite.citygame.com\/wp-content\/blogs.dir\/1\/files\/sites\/62\/2026\/02\/tourist-using-city-game-app-in-hanoi-vietnam.jpg\" \/>\n\t<meta property=\"og:image:width\" content=\"1024\" \/>\n\t<meta property=\"og:image:height\" content=\"1024\" \/>\n\t<meta property=\"og:image:type\" content=\"image\/jpeg\" \/>\n<meta name=\"twitter:card\" content=\"summary_large_image\" \/>\n<script type=\"application\/ld+json\" class=\"yoast-schema-graph\">{\"@context\":\"https:\/\/schema.org\",\"@graph\":[{\"@type\":\"WebPage\",\"@id\":\"https:\/\/testwebsite.citygame.com\/fi\/games\/hanoi\/the-hanoi-syndicate\/\",\"url\":\"https:\/\/testwebsite.citygame.com\/fi\/games\/hanoi\/the-hanoi-syndicate\/\",\"name\":\"The Hanoi Syndicate - City Game\",\"isPartOf\":{\"@id\":\"https:\/\/testwebsite.upevents.nl\/#website\"},\"primaryImageOfPage\":{\"@id\":\"https:\/\/testwebsite.citygame.com\/fi\/games\/hanoi\/the-hanoi-syndicate\/#primaryimage\"},\"image\":{\"@id\":\"https:\/\/testwebsite.citygame.com\/fi\/games\/hanoi\/the-hanoi-syndicate\/#primaryimage\"},\"thumbnailUrl\":\"https:\/\/testwebsite.citygame.com\/wp-content\/blogs.dir\/1\/files\/sites\/62\/2026\/02\/tourist-using-city-game-app-in-hanoi-vietnam.jpg\",\"datePublished\":\"2026-02-16T06:48:16+00:00\",\"dateModified\":\"2026-04-08T06:15:50+00:00\",\"description\":\"The Hanoi Syndicate. Pelaa itseohjattua City Escape -peli\u00e4, ratkaise pulmia, suorita teht\u00e4vi\u00e4 ja palauta varastetut kaavat omaan tahtiisi!\",\"breadcrumb\":{\"@id\":\"https:\/\/testwebsite.citygame.com\/fi\/games\/hanoi\/the-hanoi-syndicate\/#breadcrumb\"},\"inLanguage\":\"fi\",\"potentialAction\":[{\"@type\":\"ReadAction\",\"target\":[\"https:\/\/testwebsite.citygame.com\/fi\/games\/hanoi\/the-hanoi-syndicate\/\"]}]},{\"@type\":\"ImageObject\",\"inLanguage\":\"fi\",\"@id\":\"https:\/\/testwebsite.citygame.com\/fi\/games\/hanoi\/the-hanoi-syndicate\/#primaryimage\",\"url\":\"https:\/\/testwebsite.citygame.com\/wp-content\/blogs.dir\/1\/files\/sites\/62\/2026\/02\/tourist-using-city-game-app-in-hanoi-vietnam.jpg\",\"contentUrl\":\"https:\/\/testwebsite.citygame.com\/wp-content\/blogs.dir\/1\/files\/sites\/62\/2026\/02\/tourist-using-city-game-app-in-hanoi-vietnam.jpg\",\"width\":1024,\"height\":1024,\"caption\":\"A traveler uses her phone for navigation while exploring the historic streets of Hanoi.\"},{\"@type\":\"BreadcrumbList\",\"@id\":\"https:\/\/testwebsite.citygame.com\/fi\/games\/hanoi\/the-hanoi-syndicate\/#breadcrumb\",\"itemListElement\":[{\"@type\":\"ListItem\",\"position\":1,\"name\":\"Home\",\"item\":\"https:\/\/testwebsite.citygame.com\/fi\/\"},{\"@type\":\"ListItem\",\"position\":2,\"name\":\"Shop\",\"item\":\"https:\/\/testwebsite.citygame.com\/shop\/\"},{\"@type\":\"ListItem\",\"position\":3,\"name\":\"The Hanoi Syndicate\"}]},{\"@type\":\"WebSite\",\"@id\":\"https:\/\/testwebsite.upevents.nl\/#website\",\"url\":\"https:\/\/testwebsite.upevents.nl\/\",\"name\":\"City Game\",\"description\":\"\",\"publisher\":{\"@id\":\"https:\/\/testwebsite.upevents.nl\/#organization\"},\"alternateName\":\"citygame.com\",\"potentialAction\":[{\"@type\":\"SearchAction\",\"target\":{\"@type\":\"EntryPoint\",\"urlTemplate\":\"https:\/\/testwebsite.upevents.nl\/?s={search_term_string}\"},\"query-input\":{\"@type\":\"PropertyValueSpecification\",\"valueRequired\":true,\"valueName\":\"search_term_string\"}}],\"inLanguage\":\"fi\"},{\"@type\":[\"Organization\",\"Place\"],\"@id\":\"https:\/\/testwebsite.upevents.nl\/#organization\",\"name\":\"City Game\",\"alternateName\":\"citygame.com\",\"url\":\"https:\/\/testwebsite.upevents.nl\/\",\"logo\":{\"@id\":\"https:\/\/testwebsite.citygame.com\/fi\/games\/hanoi\/the-hanoi-syndicate\/#local-main-organization-logo\"},\"image\":{\"@id\":\"https:\/\/testwebsite.citygame.com\/fi\/games\/hanoi\/the-hanoi-syndicate\/#local-main-organization-logo\"},\"sameAs\":[\"https:\/\/www.facebook.com\/profile.php?id=100086426226253\",\"https:\/\/www.instagram.com\/citygame_com\",\"https:\/\/www.tiktok.com\/@citygamecom\/\",\"https:\/\/www.linkedin.com\/company\/citygame-com\"],\"description\":\"Turn any city into a playground with our interactive City Games and self-guided tours. Fun, flexible, and ideal for groups and team building.\",\"telephone\":[],\"openingHoursSpecification\":[{\"@type\":\"OpeningHoursSpecification\",\"dayOfWeek\":[\"Monday\",\"Tuesday\",\"Wednesday\",\"Thursday\",\"Friday\",\"Saturday\",\"Sunday\"],\"opens\":\"09:00\",\"closes\":\"17:00\"}]},{\"@type\":\"ImageObject\",\"inLanguage\":\"fi\",\"@id\":\"https:\/\/testwebsite.citygame.com\/fi\/games\/hanoi\/the-hanoi-syndicate\/#local-main-organization-logo\",\"url\":\"https:\/\/testwebsite.citygame.com\/wp-content\/blogs.dir\/1\/files\/sites\/62\/2025\/10\/CG_LOGO-City-Game.png\",\"contentUrl\":\"https:\/\/testwebsite.citygame.com\/wp-content\/blogs.dir\/1\/files\/sites\/62\/2025\/10\/CG_LOGO-City-Game.png\",\"width\":351,\"height\":377,\"caption\":\"City Game\"}]}<\/script>\n<!-- \/ Yoast SEO Premium plugin. -->","yoast_head_json":{"title":"The Hanoi Syndicate - City Game","description":"The Hanoi Syndicate. Pelaa itseohjattua City Escape -peli\u00e4, ratkaise pulmia, suorita teht\u00e4vi\u00e4 ja palauta varastetut kaavat omaan tahtiisi!","robots":{"index":"noindex","follow":"follow","max-snippet":"max-snippet:-1","max-image-preview":"max-image-preview:large","max-video-preview":"max-video-preview:-1"},"og_locale":"fi_FI","og_type":"article","og_title":"The Hanoi Syndicate","og_description":"The Hanoi Syndicate. Pelaa itseohjattua City Escape -peli\u00e4, ratkaise pulmia, suorita teht\u00e4vi\u00e4 ja palauta varastetut kaavat omaan tahtiisi!","og_url":"https:\/\/testwebsite.citygame.com\/fi\/games\/hanoi\/the-hanoi-syndicate\/","og_site_name":"City Game","article_publisher":"https:\/\/www.facebook.com\/profile.php?id=100086426226253","article_modified_time":"2026-04-08T06:15:50+00:00","og_image":[{"width":1024,"height":1024,"url":"https:\/\/testwebsite.citygame.com\/wp-content\/blogs.dir\/1\/files\/sites\/62\/2026\/02\/tourist-using-city-game-app-in-hanoi-vietnam.jpg","type":"image\/jpeg"}],"twitter_card":"summary_large_image","schema":{"@context":"https:\/\/schema.org","@graph":[{"@type":"WebPage","@id":"https:\/\/testwebsite.citygame.com\/fi\/games\/hanoi\/the-hanoi-syndicate\/","url":"https:\/\/testwebsite.citygame.com\/fi\/games\/hanoi\/the-hanoi-syndicate\/","name":"The Hanoi Syndicate - City Game","isPartOf":{"@id":"https:\/\/testwebsite.upevents.nl\/#website"},"primaryImageOfPage":{"@id":"https:\/\/testwebsite.citygame.com\/fi\/games\/hanoi\/the-hanoi-syndicate\/#primaryimage"},"image":{"@id":"https:\/\/testwebsite.citygame.com\/fi\/games\/hanoi\/the-hanoi-syndicate\/#primaryimage"},"thumbnailUrl":"https:\/\/testwebsite.citygame.com\/wp-content\/blogs.dir\/1\/files\/sites\/62\/2026\/02\/tourist-using-city-game-app-in-hanoi-vietnam.jpg","datePublished":"2026-02-16T06:48:16+00:00","dateModified":"2026-04-08T06:15:50+00:00","description":"The Hanoi Syndicate. Pelaa itseohjattua City Escape -peli\u00e4, ratkaise pulmia, suorita teht\u00e4vi\u00e4 ja palauta varastetut kaavat omaan tahtiisi!","breadcrumb":{"@id":"https:\/\/testwebsite.citygame.com\/fi\/games\/hanoi\/the-hanoi-syndicate\/#breadcrumb"},"inLanguage":"fi","potentialAction":[{"@type":"ReadAction","target":["https:\/\/testwebsite.citygame.com\/fi\/games\/hanoi\/the-hanoi-syndicate\/"]}]},{"@type":"ImageObject","inLanguage":"fi","@id":"https:\/\/testwebsite.citygame.com\/fi\/games\/hanoi\/the-hanoi-syndicate\/#primaryimage","url":"https:\/\/testwebsite.citygame.com\/wp-content\/blogs.dir\/1\/files\/sites\/62\/2026\/02\/tourist-using-city-game-app-in-hanoi-vietnam.jpg","contentUrl":"https:\/\/testwebsite.citygame.com\/wp-content\/blogs.dir\/1\/files\/sites\/62\/2026\/02\/tourist-using-city-game-app-in-hanoi-vietnam.jpg","width":1024,"height":1024,"caption":"A traveler uses her phone for navigation while exploring the historic streets of Hanoi."},{"@type":"BreadcrumbList","@id":"https:\/\/testwebsite.citygame.com\/fi\/games\/hanoi\/the-hanoi-syndicate\/#breadcrumb","itemListElement":[{"@type":"ListItem","position":1,"name":"Home","item":"https:\/\/testwebsite.citygame.com\/fi\/"},{"@type":"ListItem","position":2,"name":"Shop","item":"https:\/\/testwebsite.citygame.com\/shop\/"},{"@type":"ListItem","position":3,"name":"The Hanoi Syndicate"}]},{"@type":"WebSite","@id":"https:\/\/testwebsite.upevents.nl\/#website","url":"https:\/\/testwebsite.upevents.nl\/","name":"City Game","description":"","publisher":{"@id":"https:\/\/testwebsite.upevents.nl\/#organization"},"alternateName":"citygame.com","potentialAction":[{"@type":"SearchAction","target":{"@type":"EntryPoint","urlTemplate":"https:\/\/testwebsite.upevents.nl\/?s={search_term_string}"},"query-input":{"@type":"PropertyValueSpecification","valueRequired":true,"valueName":"search_term_string"}}],"inLanguage":"fi"},{"@type":["Organization","Place"],"@id":"https:\/\/testwebsite.upevents.nl\/#organization","name":"City Game","alternateName":"citygame.com","url":"https:\/\/testwebsite.upevents.nl\/","logo":{"@id":"https:\/\/testwebsite.citygame.com\/fi\/games\/hanoi\/the-hanoi-syndicate\/#local-main-organization-logo"},"image":{"@id":"https:\/\/testwebsite.citygame.com\/fi\/games\/hanoi\/the-hanoi-syndicate\/#local-main-organization-logo"},"sameAs":["https:\/\/www.facebook.com\/profile.php?id=100086426226253","https:\/\/www.instagram.com\/citygame_com","https:\/\/www.tiktok.com\/@citygamecom\/","https:\/\/www.linkedin.com\/company\/citygame-com"],"description":"Turn any city into a playground with our interactive City Games and self-guided tours. Fun, flexible, and ideal for groups and team building.","telephone":[],"openingHoursSpecification":[{"@type":"OpeningHoursSpecification","dayOfWeek":["Monday","Tuesday","Wednesday","Thursday","Friday","Saturday","Sunday"],"opens":"09:00","closes":"17:00"}]},{"@type":"ImageObject","inLanguage":"fi","@id":"https:\/\/testwebsite.citygame.com\/fi\/games\/hanoi\/the-hanoi-syndicate\/#local-main-organization-logo","url":"https:\/\/testwebsite.citygame.com\/wp-content\/blogs.dir\/1\/files\/sites\/62\/2025\/10\/CG_LOGO-City-Game.png","contentUrl":"https:\/\/testwebsite.citygame.com\/wp-content\/blogs.dir\/1\/files\/sites\/62\/2025\/10\/CG_LOGO-City-Game.png","width":351,"height":377,"caption":"City Game"}]}},"taxonomy_info":{"game-concept":[{"value":742,"label":"Syndicate"}],"location":[{"value":191,"label":"Hanoi"}],"product_cat":[{"value":27,"label":"Geen categorie"}]},"featured_image_src_large":["https:\/\/testwebsite.citygame.com\/wp-content\/blogs.dir\/1\/files\/sites\/62\/2026\/02\/tourist-using-city-game-app-in-hanoi-vietnam.jpg",1024,1024,false],"author_info":[],"comment_info":"","_links":{"self":[{"href":"https:\/\/testwebsite.citygame.com\/fi\/wp-json\/wp\/v2\/product\/60710","targetHints":{"allow":["GET"]}}],"collection":[{"href":"https:\/\/testwebsite.citygame.com\/fi\/wp-json\/wp\/v2\/product"}],"about":[{"href":"https:\/\/testwebsite.citygame.com\/fi\/wp-json\/wp\/v2\/types\/product"}],"acf:post":[{"embeddable":true,"href":"https:\/\/testwebsite.citygame.com\/fi\/wp-json\/wp\/v2\/pages\/5308"}],"wp:featuredmedia":[{"embeddable":true,"href":"https:\/\/testwebsite.citygame.com\/fi\/wp-json\/wp\/v2\/media\/14132"}],"wp:attachment":[{"href":"https:\/\/testwebsite.citygame.com\/fi\/wp-json\/wp\/v2\/media?parent=60710"}],"wp:term":[{"taxonomy":"game-concept","embeddable":true,"href":"https:\/\/testwebsite.citygame.com\/fi\/wp-json\/wp\/v2\/game-concept?post=60710"},{"taxonomy":"location","embeddable":true,"href":"https:\/\/testwebsite.citygame.com\/fi\/wp-json\/wp\/v2\/location?post=60710"},{"taxonomy":"product_brand","embeddable":true,"href":"https:\/\/testwebsite.citygame.com\/fi\/wp-json\/wp\/v2\/product_brand?post=60710"},{"taxonomy":"product_cat","embeddable":true,"href":"https:\/\/testwebsite.citygame.com\/fi\/wp-json\/wp\/v2\/product_cat?post=60710"},{"taxonomy":"product_tag","embeddable":true,"href":"https:\/\/testwebsite.citygame.com\/fi\/wp-json\/wp\/v2\/product_tag?post=60710"}],"curies":[{"name":"wp","href":"https:\/\/api.w.org\/{rel}","templated":true}]}}