{"id":59908,"date":"2026-03-13T09:32:36","date_gmt":"2026-03-13T09:32:36","guid":{"rendered":"https:\/\/testwebsite.citygame.com\/games\/unknown-location\/secrets-of-jerez-de-la-frontera\/"},"modified":"2026-04-08T04:50:59","modified_gmt":"2026-04-08T04:50:59","slug":"secrets-of-jerez-de-la-frontera","status":"publish","type":"product","link":"https:\/\/testwebsite.citygame.com\/fi\/games\/jerez-de-la-frontera\/secrets-of-jerez-de-la-frontera\/","title":{"rendered":"Secrets of Jerez de la Frontera"},"content":{"rendered":"<p>Koe Jerez de la Fronteran kaupungin keskusta aivan uudella tavalla Secrets of Jerez de la Frontera -kaupunkipelill\u00e4mme. T\u00e4m\u00e4 itseohjautuva, GPS-pohjainen seikkailupeli antaa sinulle mahdollisuuden paljastaa kaupungin piilotetut tarinat samalla kun ratkaiset monimutkaisia arvoituksia, pulmia ja interaktiivisia valokuvaushaasteita \u00e4lypuhelimellasi. Sukellat Jerezin rikkaaseen historiaan ja el\u00e4v\u00e4\u00e4n kulttuuriin, l\u00f6yt\u00e4en tuntemattomia yksityiskohtia, jotka jopa paikalliset ovat saattaneet j\u00e4tt\u00e4\u00e4 huomiotta. Pelimme, joka sopii erinomaisesti yksin\u00e4iselle matkalle tai hauskaksi tilaisuudeksi pariskunnille, perheille ja yst\u00e4v\u00e4ryhmille, toimii loistavasti niin asukkaille kuin turisteillekin kokeakseen Jerez de la Fronteran ennenn\u00e4kem\u00e4tt\u00f6m\u00e4ll\u00e4 tavalla.<\/p>\n","protected":false},"excerpt":{"rendered":"<p>L\u00f6yd\u00e4 Jerez de la Fronteran flamencotuli! Sukella kaupunkiin, jossa historia el\u00e4\u00e4 jokaisessa kaarassa ja kulttuuri kaikuu sen sherry-bodegoista upeisiin tanssistudioihin, selvit\u00e4 arvoitus kulkiessasi sen sielukkailla k\u00e4yt\u00e4vill\u00e4, sill\u00e4 Jerez de la Frontera on kupliva ja se odottaa sinua!<\/p>\n","protected":false},"featured_media":18423,"template":"","meta":{"_acf_changed":false,"_yoast_wpseo_focuskw":"Secrets of Jerez de la Frontera","_yoast_wpseo_metadesc":"Secrets of Jerez de la Frontera. Pelaa itseohjautuvaa kaupunkipeli\u00e4 ja tutki kaupunkia pulmien, arvoitusten ja haasteiden avulla. Pelaa omaan tahtiisi ja l\u00f6yd\u00e4 kuin paikallinen!","_kad_blocks_custom_css":"","_kad_blocks_head_custom_js":"","_kad_blocks_body_custom_js":"","_kad_blocks_footer_custom_js":"","ghostkit_customizer_options":"","ghostkit_custom_css":"","ghostkit_custom_js_head":"","ghostkit_custom_js_foot":"","ghostkit_typography":"","_kad_post_transparent":"","_kad_post_title":"","_kad_post_layout":"","_kad_post_sidebar_id":"","_kad_post_content_style":"","_kad_post_vertical_padding":"","_kad_post_feature":"","_kad_post_feature_position":"","_kad_post_header":false,"_kad_post_footer":false,"_kad_post_classname":"","_links_to":"","_links_to_target":""},"game-concept":[712],"location":[215],"product_brand":[],"product_cat":[27],"product_tag":[],"class_list":{"0":"post-59908","1":"product","2":"type-product","3":"status-publish","4":"has-post-thumbnail","6":"game-concept-secrets","7":"location-jerez-de-la-frontera","8":"product_cat-geen-categorie","10":"first","11":"instock","12":"shipping-taxable","13":"purchasable","14":"product-type-simple","15":"entry","16":"content-bg","17":"loop-entry"},"acf":{"full_bokun_product_name":"Self-Guided Secrets of Jerez de la Frontera Exploration Game","location_name":"Jerez de la Frontera","bokun_calendar_widget_code":"<script type=\"text\/javascript\" src=\"https:\/\/widgets.bokun.io\/assets\/javascripts\/apps\/build\/BokunWidgetsLoader.js?bookingChannelUUID=a1e93e96-5232-4734-a595-28405f4b5a31\" async><\/script>\n     \n    <div class=\"bokunWidget\" data-src=\"https:\/\/widgets.bokun.io\/online-sales\/a1e93e96-5232-4734-a595-28405f4b5a31\/experience-calendar\/828178\"><\/div>\n    <noscript>Please enable javascript in your browser to book<\/noscript>","bokun_button_widget_code":"<script type=\"text\/javascript\" src=\"https:\/\/widgets.bokun.io\/assets\/javascripts\/apps\/build\/BokunWidgetsLoader.js?bookingChannelUUID=a1e93e96-5232-4734-a595-28405f4b5a31\" async><\/script>\n      <style> #bokun_ed001e45_5927_4f62_b470_ca766338d083 { display: inline-block; padding: .4em 1em; background: #47b82e; border-radius: 999999px; box-shadow: none; font-weight: 600; font-size: 24px; text-decoration: none; text-align: center; color: #FFFFFF; border:none; cursor: pointer; transition: background .2s ease; } #bokun_ed001e45_5927_4f62_b470_ca766338d083:hover{ background: #2f7b1f; } #bokun_ed001e45_5927_4f62_b470_ca766338d083:active{ background: #378f24; } <\/style> <button class=\"bokunButton\" disabled id=bokun_ed001e45_5927_4f62_b470_ca766338d083 data-src=\"https:\/\/widgets.bokun.io\/online-sales\/a1e93e96-5232-4734-a595-28405f4b5a31\/experience-calendar\/828178?partialView=1\" data-testid=\"widget-book-button\" > Book now <\/button> ","what_you\u2019ll_experience_during_the_game":"Uppoudu Jerez de la Fronteran eloisaan rytmiin kaupunkipelill\u00e4mme, joka on ainutlaatuinen yhdistelm\u00e4 n\u00e4ht\u00e4vyyksien katselua ja interaktiivista viihdett\u00e4. Kun kuljet Jerezin vieh\u00e4tt\u00e4vill\u00e4 kaduilla, sek\u00e4 ikoniset ett\u00e4 v\u00e4hemm\u00e4n tunnetut maamerkit muuttuvat leikkikent\u00e4ksesi. Hengit\u00e4 sis\u00e4\u00e4n kaupungin lumoavaa ilmapiiri\u00e4 samalla kun l\u00f6yd\u00e4t nurkkia, joista edes paikalliset eiv\u00e4t v\u00e4ltt\u00e4m\u00e4tt\u00e4 tied\u00e4. Matkasi opastaa sinut merkitt\u00e4vien kohokohtien l\u00e4pi, kuten kohteen 0 lumoavan arkkitehtuurin, kohteen 2 piilotettujen jalokivien ja kohteen 4 seinien k\u00e4tkem\u00e4n kiehtovan historian.\n\nT\u00e4m\u00e4n kaupunkiseikkailun peliaspekti ei p\u00e4\u00e4ty pelkk\u00e4\u00e4n n\u00e4ht\u00e4vyyksien katseluun. Kun matkasi Jerez de la Fronteran halki etenee, kohtaat sarjan kiehtovia pulmia, kryptisi\u00e4 arvoituksia, pohdittavia kysymyksi\u00e4 ja luovia valokuvaushaasteita. Jokainen valloittamasi haaste lis\u00e4\u00e4 pisteit\u00e4 saldoosi; avaten vinkkej\u00e4 ja siirt\u00e4en sinua l\u00e4hemm\u00e4ksi lopullisen mysteerin ratkaisemista. Kilpailua rakastaville on tarjolla paikka tulostaulullamme. Kaiken kruununa kaupunkipelimme tarjoaa joustavuuden tauon pit\u00e4miseen milloin tahansa, jolloin voit jatkaa peli\u00e4 kun se sinulle sopii, mik\u00e4 lis\u00e4\u00e4 henkil\u00f6kohtaisen kosketuksen Jerez de la Fronteran tutkimiseesi.","how_to_play":"Varaa seikkailupeli, tarkista s\u00e4hk\u00f6posti, jonka l\u00e4het\u00e4mme sinulle yksinkertaisine ohjeineen, lataa Loquiz-sovellus, avaa seikkailupeli ja olet valmis aloittamaan pelikokemuksesi!","start_location":"Jerez de la Frontera, Plaza del Arenal","available_languages":["en"],"players_per_group":"1-4","duration":"1.5-2 hours","image_overlay_color_image":"https:\/\/testwebsite.citygame.com\/wp-content\/blogs.dir\/1\/files\/sites\/62\/2026\/01\/SecretsColor.svg","image_overlay_game_logo":"https:\/\/testwebsite.citygame.com\/wp-content\/blogs.dir\/1\/files\/sites\/62\/2026\/01\/SecretsLogo.png","city_page":13234,"woocommerce_general_content":null},"yoast_head":"<!-- This site is optimized with the Yoast SEO Premium plugin v26.2 (Yoast SEO v26.3) - https:\/\/yoast.com\/wordpress\/plugins\/seo\/ -->\n<title>Secrets of Jerez de la Frontera - City Game<\/title>\n<meta name=\"description\" content=\"Secrets of Jerez de la Frontera. Pelaa itseohjautuvaa kaupunkipeli\u00e4 ja tutki kaupunkia pulmien, arvoitusten ja haasteiden avulla. Pelaa omaan tahtiisi ja l\u00f6yd\u00e4 kuin paikallinen!\" \/>\n<meta name=\"robots\" content=\"noindex, follow, max-snippet:-1, max-image-preview:large, max-video-preview:-1\" \/>\n<meta property=\"og:locale\" content=\"fi_FI\" \/>\n<meta property=\"og:type\" content=\"article\" \/>\n<meta property=\"og:title\" content=\"Secrets of Jerez de la Frontera\" \/>\n<meta property=\"og:description\" content=\"Secrets of Jerez de la Frontera. Pelaa itseohjautuvaa kaupunkipeli\u00e4 ja tutki kaupunkia pulmien, arvoitusten ja haasteiden avulla. Pelaa omaan tahtiisi ja l\u00f6yd\u00e4 kuin paikallinen!\" \/>\n<meta property=\"og:url\" content=\"https:\/\/testwebsite.citygame.com\/fi\/games\/jerez-de-la-frontera\/secrets-of-jerez-de-la-frontera\/\" \/>\n<meta property=\"og:site_name\" content=\"City Game\" \/>\n<meta property=\"article:publisher\" content=\"https:\/\/www.facebook.com\/profile.php?id=100086426226253\" \/>\n<meta property=\"article:modified_time\" content=\"2026-04-08T04:50:59+00:00\" \/>\n<meta property=\"og:image\" content=\"https:\/\/testwebsite.citygame.com\/wp-content\/blogs.dir\/1\/files\/sites\/62\/2026\/03\/jerez-de-la-frontera-cathedral-steps-spain.jpg\" \/>\n\t<meta property=\"og:image:width\" content=\"1024\" \/>\n\t<meta property=\"og:image:height\" content=\"1024\" \/>\n\t<meta property=\"og:image:type\" content=\"image\/jpeg\" \/>\n<meta name=\"twitter:card\" content=\"summary_large_image\" \/>\n<script type=\"application\/ld+json\" class=\"yoast-schema-graph\">{\"@context\":\"https:\/\/schema.org\",\"@graph\":[{\"@type\":\"WebPage\",\"@id\":\"https:\/\/testwebsite.citygame.com\/fi\/games\/jerez-de-la-frontera\/secrets-of-jerez-de-la-frontera\/\",\"url\":\"https:\/\/testwebsite.citygame.com\/fi\/games\/jerez-de-la-frontera\/secrets-of-jerez-de-la-frontera\/\",\"name\":\"Secrets of Jerez de la Frontera - City Game\",\"isPartOf\":{\"@id\":\"https:\/\/testwebsite.upevents.nl\/#website\"},\"primaryImageOfPage\":{\"@id\":\"https:\/\/testwebsite.citygame.com\/fi\/games\/jerez-de-la-frontera\/secrets-of-jerez-de-la-frontera\/#primaryimage\"},\"image\":{\"@id\":\"https:\/\/testwebsite.citygame.com\/fi\/games\/jerez-de-la-frontera\/secrets-of-jerez-de-la-frontera\/#primaryimage\"},\"thumbnailUrl\":\"https:\/\/testwebsite.citygame.com\/wp-content\/blogs.dir\/1\/files\/sites\/62\/2026\/03\/jerez-de-la-frontera-cathedral-steps-spain.jpg\",\"datePublished\":\"2026-03-13T09:32:36+00:00\",\"dateModified\":\"2026-04-08T04:50:59+00:00\",\"description\":\"Secrets of Jerez de la Frontera. Pelaa itseohjautuvaa kaupunkipeli\u00e4 ja tutki kaupunkia pulmien, arvoitusten ja haasteiden avulla. Pelaa omaan tahtiisi ja l\u00f6yd\u00e4 kuin paikallinen!\",\"breadcrumb\":{\"@id\":\"https:\/\/testwebsite.citygame.com\/fi\/games\/jerez-de-la-frontera\/secrets-of-jerez-de-la-frontera\/#breadcrumb\"},\"inLanguage\":\"fi\",\"potentialAction\":[{\"@type\":\"ReadAction\",\"target\":[\"https:\/\/testwebsite.citygame.com\/fi\/games\/jerez-de-la-frontera\/secrets-of-jerez-de-la-frontera\/\"]}]},{\"@type\":\"ImageObject\",\"inLanguage\":\"fi\",\"@id\":\"https:\/\/testwebsite.citygame.com\/fi\/games\/jerez-de-la-frontera\/secrets-of-jerez-de-la-frontera\/#primaryimage\",\"url\":\"https:\/\/testwebsite.citygame.com\/wp-content\/blogs.dir\/1\/files\/sites\/62\/2026\/03\/jerez-de-la-frontera-cathedral-steps-spain.jpg\",\"contentUrl\":\"https:\/\/testwebsite.citygame.com\/wp-content\/blogs.dir\/1\/files\/sites\/62\/2026\/03\/jerez-de-la-frontera-cathedral-steps-spain.jpg\",\"width\":1024,\"height\":1024,\"caption\":\"Enjoying the sunny view from the historic steps of the cathedral in Jerez de la Frontera.\"},{\"@type\":\"BreadcrumbList\",\"@id\":\"https:\/\/testwebsite.citygame.com\/fi\/games\/jerez-de-la-frontera\/secrets-of-jerez-de-la-frontera\/#breadcrumb\",\"itemListElement\":[{\"@type\":\"ListItem\",\"position\":1,\"name\":\"Home\",\"item\":\"https:\/\/testwebsite.citygame.com\/fi\/\"},{\"@type\":\"ListItem\",\"position\":2,\"name\":\"Shop\",\"item\":\"https:\/\/testwebsite.citygame.com\/shop\/\"},{\"@type\":\"ListItem\",\"position\":3,\"name\":\"Secrets of Jerez de la Frontera\"}]},{\"@type\":\"WebSite\",\"@id\":\"https:\/\/testwebsite.upevents.nl\/#website\",\"url\":\"https:\/\/testwebsite.upevents.nl\/\",\"name\":\"City Game\",\"description\":\"\",\"publisher\":{\"@id\":\"https:\/\/testwebsite.upevents.nl\/#organization\"},\"alternateName\":\"citygame.com\",\"potentialAction\":[{\"@type\":\"SearchAction\",\"target\":{\"@type\":\"EntryPoint\",\"urlTemplate\":\"https:\/\/testwebsite.upevents.nl\/?s={search_term_string}\"},\"query-input\":{\"@type\":\"PropertyValueSpecification\",\"valueRequired\":true,\"valueName\":\"search_term_string\"}}],\"inLanguage\":\"fi\"},{\"@type\":[\"Organization\",\"Place\"],\"@id\":\"https:\/\/testwebsite.upevents.nl\/#organization\",\"name\":\"City Game\",\"alternateName\":\"citygame.com\",\"url\":\"https:\/\/testwebsite.upevents.nl\/\",\"logo\":{\"@id\":\"https:\/\/testwebsite.citygame.com\/fi\/games\/jerez-de-la-frontera\/secrets-of-jerez-de-la-frontera\/#local-main-organization-logo\"},\"image\":{\"@id\":\"https:\/\/testwebsite.citygame.com\/fi\/games\/jerez-de-la-frontera\/secrets-of-jerez-de-la-frontera\/#local-main-organization-logo\"},\"sameAs\":[\"https:\/\/www.facebook.com\/profile.php?id=100086426226253\",\"https:\/\/www.instagram.com\/citygame_com\",\"https:\/\/www.tiktok.com\/@citygamecom\/\",\"https:\/\/www.linkedin.com\/company\/citygame-com\"],\"description\":\"Turn any city into a playground with our interactive City Games and self-guided tours. Fun, flexible, and ideal for groups and team building.\",\"telephone\":[],\"openingHoursSpecification\":[{\"@type\":\"OpeningHoursSpecification\",\"dayOfWeek\":[\"Monday\",\"Tuesday\",\"Wednesday\",\"Thursday\",\"Friday\",\"Saturday\",\"Sunday\"],\"opens\":\"09:00\",\"closes\":\"17:00\"}]},{\"@type\":\"ImageObject\",\"inLanguage\":\"fi\",\"@id\":\"https:\/\/testwebsite.citygame.com\/fi\/games\/jerez-de-la-frontera\/secrets-of-jerez-de-la-frontera\/#local-main-organization-logo\",\"url\":\"https:\/\/testwebsite.citygame.com\/wp-content\/blogs.dir\/1\/files\/sites\/62\/2025\/10\/CG_LOGO-City-Game.png\",\"contentUrl\":\"https:\/\/testwebsite.citygame.com\/wp-content\/blogs.dir\/1\/files\/sites\/62\/2025\/10\/CG_LOGO-City-Game.png\",\"width\":351,\"height\":377,\"caption\":\"City Game\"}]}<\/script>\n<!-- \/ Yoast SEO Premium plugin. -->","yoast_head_json":{"title":"Secrets of Jerez de la Frontera - City Game","description":"Secrets of Jerez de la Frontera. Pelaa itseohjautuvaa kaupunkipeli\u00e4 ja tutki kaupunkia pulmien, arvoitusten ja haasteiden avulla. Pelaa omaan tahtiisi ja l\u00f6yd\u00e4 kuin paikallinen!","robots":{"index":"noindex","follow":"follow","max-snippet":"max-snippet:-1","max-image-preview":"max-image-preview:large","max-video-preview":"max-video-preview:-1"},"og_locale":"fi_FI","og_type":"article","og_title":"Secrets of Jerez de la Frontera","og_description":"Secrets of Jerez de la Frontera. Pelaa itseohjautuvaa kaupunkipeli\u00e4 ja tutki kaupunkia pulmien, arvoitusten ja haasteiden avulla. Pelaa omaan tahtiisi ja l\u00f6yd\u00e4 kuin paikallinen!","og_url":"https:\/\/testwebsite.citygame.com\/fi\/games\/jerez-de-la-frontera\/secrets-of-jerez-de-la-frontera\/","og_site_name":"City Game","article_publisher":"https:\/\/www.facebook.com\/profile.php?id=100086426226253","article_modified_time":"2026-04-08T04:50:59+00:00","og_image":[{"width":1024,"height":1024,"url":"https:\/\/testwebsite.citygame.com\/wp-content\/blogs.dir\/1\/files\/sites\/62\/2026\/03\/jerez-de-la-frontera-cathedral-steps-spain.jpg","type":"image\/jpeg"}],"twitter_card":"summary_large_image","schema":{"@context":"https:\/\/schema.org","@graph":[{"@type":"WebPage","@id":"https:\/\/testwebsite.citygame.com\/fi\/games\/jerez-de-la-frontera\/secrets-of-jerez-de-la-frontera\/","url":"https:\/\/testwebsite.citygame.com\/fi\/games\/jerez-de-la-frontera\/secrets-of-jerez-de-la-frontera\/","name":"Secrets of Jerez de la Frontera - City Game","isPartOf":{"@id":"https:\/\/testwebsite.upevents.nl\/#website"},"primaryImageOfPage":{"@id":"https:\/\/testwebsite.citygame.com\/fi\/games\/jerez-de-la-frontera\/secrets-of-jerez-de-la-frontera\/#primaryimage"},"image":{"@id":"https:\/\/testwebsite.citygame.com\/fi\/games\/jerez-de-la-frontera\/secrets-of-jerez-de-la-frontera\/#primaryimage"},"thumbnailUrl":"https:\/\/testwebsite.citygame.com\/wp-content\/blogs.dir\/1\/files\/sites\/62\/2026\/03\/jerez-de-la-frontera-cathedral-steps-spain.jpg","datePublished":"2026-03-13T09:32:36+00:00","dateModified":"2026-04-08T04:50:59+00:00","description":"Secrets of Jerez de la Frontera. Pelaa itseohjautuvaa kaupunkipeli\u00e4 ja tutki kaupunkia pulmien, arvoitusten ja haasteiden avulla. Pelaa omaan tahtiisi ja l\u00f6yd\u00e4 kuin paikallinen!","breadcrumb":{"@id":"https:\/\/testwebsite.citygame.com\/fi\/games\/jerez-de-la-frontera\/secrets-of-jerez-de-la-frontera\/#breadcrumb"},"inLanguage":"fi","potentialAction":[{"@type":"ReadAction","target":["https:\/\/testwebsite.citygame.com\/fi\/games\/jerez-de-la-frontera\/secrets-of-jerez-de-la-frontera\/"]}]},{"@type":"ImageObject","inLanguage":"fi","@id":"https:\/\/testwebsite.citygame.com\/fi\/games\/jerez-de-la-frontera\/secrets-of-jerez-de-la-frontera\/#primaryimage","url":"https:\/\/testwebsite.citygame.com\/wp-content\/blogs.dir\/1\/files\/sites\/62\/2026\/03\/jerez-de-la-frontera-cathedral-steps-spain.jpg","contentUrl":"https:\/\/testwebsite.citygame.com\/wp-content\/blogs.dir\/1\/files\/sites\/62\/2026\/03\/jerez-de-la-frontera-cathedral-steps-spain.jpg","width":1024,"height":1024,"caption":"Enjoying the sunny view from the historic steps of the cathedral in Jerez de la Frontera."},{"@type":"BreadcrumbList","@id":"https:\/\/testwebsite.citygame.com\/fi\/games\/jerez-de-la-frontera\/secrets-of-jerez-de-la-frontera\/#breadcrumb","itemListElement":[{"@type":"ListItem","position":1,"name":"Home","item":"https:\/\/testwebsite.citygame.com\/fi\/"},{"@type":"ListItem","position":2,"name":"Shop","item":"https:\/\/testwebsite.citygame.com\/shop\/"},{"@type":"ListItem","position":3,"name":"Secrets of Jerez de la Frontera"}]},{"@type":"WebSite","@id":"https:\/\/testwebsite.upevents.nl\/#website","url":"https:\/\/testwebsite.upevents.nl\/","name":"City Game","description":"","publisher":{"@id":"https:\/\/testwebsite.upevents.nl\/#organization"},"alternateName":"citygame.com","potentialAction":[{"@type":"SearchAction","target":{"@type":"EntryPoint","urlTemplate":"https:\/\/testwebsite.upevents.nl\/?s={search_term_string}"},"query-input":{"@type":"PropertyValueSpecification","valueRequired":true,"valueName":"search_term_string"}}],"inLanguage":"fi"},{"@type":["Organization","Place"],"@id":"https:\/\/testwebsite.upevents.nl\/#organization","name":"City Game","alternateName":"citygame.com","url":"https:\/\/testwebsite.upevents.nl\/","logo":{"@id":"https:\/\/testwebsite.citygame.com\/fi\/games\/jerez-de-la-frontera\/secrets-of-jerez-de-la-frontera\/#local-main-organization-logo"},"image":{"@id":"https:\/\/testwebsite.citygame.com\/fi\/games\/jerez-de-la-frontera\/secrets-of-jerez-de-la-frontera\/#local-main-organization-logo"},"sameAs":["https:\/\/www.facebook.com\/profile.php?id=100086426226253","https:\/\/www.instagram.com\/citygame_com","https:\/\/www.tiktok.com\/@citygamecom\/","https:\/\/www.linkedin.com\/company\/citygame-com"],"description":"Turn any city into a playground with our interactive City Games and self-guided tours. Fun, flexible, and ideal for groups and team building.","telephone":[],"openingHoursSpecification":[{"@type":"OpeningHoursSpecification","dayOfWeek":["Monday","Tuesday","Wednesday","Thursday","Friday","Saturday","Sunday"],"opens":"09:00","closes":"17:00"}]},{"@type":"ImageObject","inLanguage":"fi","@id":"https:\/\/testwebsite.citygame.com\/fi\/games\/jerez-de-la-frontera\/secrets-of-jerez-de-la-frontera\/#local-main-organization-logo","url":"https:\/\/testwebsite.citygame.com\/wp-content\/blogs.dir\/1\/files\/sites\/62\/2025\/10\/CG_LOGO-City-Game.png","contentUrl":"https:\/\/testwebsite.citygame.com\/wp-content\/blogs.dir\/1\/files\/sites\/62\/2025\/10\/CG_LOGO-City-Game.png","width":351,"height":377,"caption":"City Game"}]}},"taxonomy_info":{"game-concept":[{"value":712,"label":"Secrets"}],"location":[{"value":215,"label":"Jerez de la Frontera"}],"product_cat":[{"value":27,"label":"Geen categorie"}]},"featured_image_src_large":["https:\/\/testwebsite.citygame.com\/wp-content\/blogs.dir\/1\/files\/sites\/62\/2026\/03\/jerez-de-la-frontera-cathedral-steps-spain.jpg",1024,1024,false],"author_info":[],"comment_info":"","_links":{"self":[{"href":"https:\/\/testwebsite.citygame.com\/fi\/wp-json\/wp\/v2\/product\/59908","targetHints":{"allow":["GET"]}}],"collection":[{"href":"https:\/\/testwebsite.citygame.com\/fi\/wp-json\/wp\/v2\/product"}],"about":[{"href":"https:\/\/testwebsite.citygame.com\/fi\/wp-json\/wp\/v2\/types\/product"}],"acf:post":[{"embeddable":true,"href":"https:\/\/testwebsite.citygame.com\/fi\/wp-json\/wp\/v2\/pages\/13234"}],"wp:featuredmedia":[{"embeddable":true,"href":"https:\/\/testwebsite.citygame.com\/fi\/wp-json\/wp\/v2\/media\/18423"}],"wp:attachment":[{"href":"https:\/\/testwebsite.citygame.com\/fi\/wp-json\/wp\/v2\/media?parent=59908"}],"wp:term":[{"taxonomy":"game-concept","embeddable":true,"href":"https:\/\/testwebsite.citygame.com\/fi\/wp-json\/wp\/v2\/game-concept?post=59908"},{"taxonomy":"location","embeddable":true,"href":"https:\/\/testwebsite.citygame.com\/fi\/wp-json\/wp\/v2\/location?post=59908"},{"taxonomy":"product_brand","embeddable":true,"href":"https:\/\/testwebsite.citygame.com\/fi\/wp-json\/wp\/v2\/product_brand?post=59908"},{"taxonomy":"product_cat","embeddable":true,"href":"https:\/\/testwebsite.citygame.com\/fi\/wp-json\/wp\/v2\/product_cat?post=59908"},{"taxonomy":"product_tag","embeddable":true,"href":"https:\/\/testwebsite.citygame.com\/fi\/wp-json\/wp\/v2\/product_tag?post=59908"}],"curies":[{"name":"wp","href":"https:\/\/api.w.org\/{rel}","templated":true}]}}