{"id":58598,"date":"2026-02-04T19:45:42","date_gmt":"2026-02-04T19:45:42","guid":{"rendered":"https:\/\/testwebsite.citygame.com\/games\/unknown-location\/sherlock-holmes-leuven\/"},"modified":"2026-04-08T02:31:11","modified_gmt":"2026-04-08T02:31:11","slug":"sherlock-holmes-leuven","status":"publish","type":"product","link":"https:\/\/testwebsite.citygame.com\/fi\/games\/leuven\/sherlock-holmes-leuven\/","title":{"rendered":"Sherlock Holmes Leuven"},"content":{"rendered":"<p>Astu mestarietsiv\u00e4n saappaisiin The Sherlock Holmes City Gamessa Leuvenin historiallisessa keskustassa. T\u00e4m\u00e4 omatoiminen, tarinavetoinen murhamysteeri sy\u00f6ksee sinut mukaansatempaavaan tutkintaan, kun paljastat Liberty Festivalin aikana tapahtuneen surman taustat. Tarinan edetess\u00e4 sin\u00e4 ja kumppanisi liikutte Leuvenissa omaan tahtiinne, ker\u00e4\u00e4tte vihjeit\u00e4, ratkaisette pulmia ja kuulustellette digitaalisia ep\u00e4iltyj\u00e4 todellisella Holmesin tyylill\u00e4.<\/p>\n","protected":false},"excerpt":{"rendered":"<p>Astu Sherlock Holmesin kiehtoviin saappaisiin ja koe j\u00e4nnitt\u00e4v\u00e4, omatoiminen murhamysteeri Leuvenissa. Tiimisi kanssa etsik\u00e4\u00e4 vihjeit\u00e4, ratkaiskaa pulmia ja selvitt\u00e4k\u00e4\u00e4 arvoitus paljastaaksenne ehdottoman totuuden, sill\u00e4 jokainen sekunti on t\u00e4rke\u00e4!<\/p>\n","protected":false},"featured_media":10488,"template":"","meta":{"_acf_changed":false,"_yoast_wpseo_focuskw":"Sherlock Holmes Leuven","_yoast_wpseo_metadesc":"Sherlock Holmes Leuven. Pelaa omatoiminen murhamysteeri-City Game, ratkaise pulmia, seuraa vihjeit\u00e4 ja paljasta murhaaja omaan tahtiisi!","_kad_blocks_custom_css":"","_kad_blocks_head_custom_js":"","_kad_blocks_body_custom_js":"","_kad_blocks_footer_custom_js":"","ghostkit_customizer_options":"","ghostkit_custom_css":"","ghostkit_custom_js_head":"","ghostkit_custom_js_foot":"","ghostkit_typography":"","_kad_post_transparent":"","_kad_post_title":"","_kad_post_layout":"","_kad_post_sidebar_id":"","_kad_post_content_style":"","_kad_post_vertical_padding":"","_kad_post_feature":"","_kad_post_feature_position":"","_kad_post_header":false,"_kad_post_footer":false,"_kad_post_classname":"","_links_to":"","_links_to_target":""},"game-concept":[773],"location":[241],"product_brand":[],"product_cat":[27],"product_tag":[],"class_list":{"0":"post-58598","1":"product","2":"type-product","3":"status-publish","4":"has-post-thumbnail","6":"game-concept-sherlock","7":"location-leuven","8":"product_cat-geen-categorie","10":"first","11":"instock","12":"shipping-taxable","13":"purchasable","14":"product-type-simple","15":"entry","16":"content-bg","17":"loop-entry"},"acf":{"full_bokun_product_name":"Leuven Self-Guided Sherlock Holmes Murder Mystery Game","location_name":"Leuven","bokun_calendar_widget_code":"<script type=\"text\/javascript\" src=\"https:\/\/widgets.bokun.io\/assets\/javascripts\/apps\/build\/BokunWidgetsLoader.js?bookingChannelUUID=a1e93e96-5232-4734-a595-28405f4b5a31\" async><\/script>\n     \n    <div class=\"bokunWidget\" data-src=\"https:\/\/widgets.bokun.io\/online-sales\/a1e93e96-5232-4734-a595-28405f4b5a31\/experience-calendar\/731201\"><\/div>\n    <noscript>Please enable javascript in your browser to book<\/noscript>","bokun_button_widget_code":"<script type=\"text\/javascript\" src=\"https:\/\/widgets.bokun.io\/assets\/javascripts\/apps\/build\/BokunWidgetsLoader.js?bookingChannelUUID=a1e93e96-5232-4734-a595-28405f4b5a31\" async><\/script>\n      <style> #bokun_ed001e45_5927_4f62_b470_ca766338d083 { display: inline-block; padding: .4em 1em; background: #47b82e; border-radius: 999999px; box-shadow: none; font-weight: 600; font-size: 24px; text-decoration: none; text-align: center; color: #FFFFFF; border:none; cursor: pointer; transition: background .2s ease; } #bokun_ed001e45_5927_4f62_b470_ca766338d083:hover{ background: #2f7b1f; } #bokun_ed001e45_5927_4f62_b470_ca766338d083:active{ background: #378f24; } <\/style> <button class=\"bokunButton\" disabled id=bokun_ed001e45_5927_4f62_b470_ca766338d083 data-src=\"https:\/\/widgets.bokun.io\/online-sales\/a1e93e96-5232-4734-a595-28405f4b5a31\/experience-calendar\/731201?partialView=1\" data-testid=\"widget-book-button\" > Book now <\/button> ","what_you\u2019ll_experience_during_the_game":"Astu mukaansatempaavaan etsiv\u00e4juttuun Leuvenin syd\u00e4mess\u00e4, miss\u00e4 jokainen kulma voi k\u00e4tke\u00e4 salaisuuden ja jokainen vihje tuo sinut l\u00e4hemm\u00e4s totuutta. Kun etenet kaupungin l\u00e4pi, mysteeri syvenee ja tarina avautuu, opastaen sinua kohtauksesta toiseen t\u00e4ysin tarinavetoisessa tutkinnassa. Ker\u00e4\u00e4t ratkaisevia todisteita, ratkaiset monimutkaisia pulmia ja kohtaat odottamattomia k\u00e4\u00e4nteit\u00e4 samalla kun ty\u00f6skentelet aikaa ja ep\u00e4ilyksi\u00e4 vastaan.  \n\nKuulustelet digitaalisia ep\u00e4iltyj\u00e4, analysoit alibeja ja paljastat ristiriitoja, jotka voivat avata tapauksen t\u00e4ysin. Liberty Festivalin aikana tapahtunut murha ei ole sit\u00e4, milt\u00e4 se aluksi n\u00e4ytt\u00e4\u00e4, ja vain tarkalla havainnoinnilla, kriittisell\u00e4 ajattelulla ja huolellisella p\u00e4\u00e4ttelyll\u00e4 selvit\u00e4t, mit\u00e4 todella tapahtui. Voit tutkia omaan tahtiisi, pit\u00e4en taukoja tarvittaessa ja jatkaen aina kun olet valmis. Jos pelaat ryhm\u00e4ss\u00e4, lis\u00e4\u00e4 kilpailuhenke\u00e4 ratkaisemalla tapauksen ennen muita, mutta todellinen tavoite on totuuden paljastaminen.","how_to_play":"Pelaa yksin tai yst\u00e4vien, perheen tai kollegoiden kanssa jopa nelj\u00e4n hengen joukkueissa laitetta kohden. Varauksen j\u00e4lkeen saat s\u00e4hk\u00f6postitse ohjeet kaikesta tarvittavasta.","start_location":"Historisch Stadhuis","available_languages":["en","es","fr","de","it","nl"],"players_per_group":"1-4","duration":"1.5-2 hours","image_overlay_color_image":"https:\/\/testwebsite.citygame.com\/wp-content\/blogs.dir\/1\/files\/sites\/62\/2026\/01\/SherlockColor.svg","image_overlay_game_logo":"https:\/\/testwebsite.citygame.com\/wp-content\/blogs.dir\/1\/files\/sites\/62\/2026\/01\/SherlockLogo.png","city_page":6595,"woocommerce_general_content":null},"yoast_head":"<!-- This site is optimized with the Yoast SEO Premium plugin v26.2 (Yoast SEO v26.3) - https:\/\/yoast.com\/wordpress\/plugins\/seo\/ -->\n<title>Sherlock Holmes Leuven - City Game<\/title>\n<meta name=\"description\" content=\"Sherlock Holmes Leuven. Pelaa omatoiminen murhamysteeri-City Game, ratkaise pulmia, seuraa vihjeit\u00e4 ja paljasta murhaaja omaan tahtiisi!\" \/>\n<meta name=\"robots\" content=\"noindex, follow, max-snippet:-1, max-image-preview:large, max-video-preview:-1\" \/>\n<meta property=\"og:locale\" content=\"fi_FI\" \/>\n<meta property=\"og:type\" content=\"article\" \/>\n<meta property=\"og:title\" content=\"Sherlock Holmes Leuven\" \/>\n<meta property=\"og:description\" content=\"Sherlock Holmes Leuven. Pelaa omatoiminen murhamysteeri-City Game, ratkaise pulmia, seuraa vihjeit\u00e4 ja paljasta murhaaja omaan tahtiisi!\" \/>\n<meta property=\"og:url\" content=\"https:\/\/testwebsite.citygame.com\/fi\/games\/leuven\/sherlock-holmes-leuven\/\" \/>\n<meta property=\"og:site_name\" content=\"City Game\" \/>\n<meta property=\"article:publisher\" content=\"https:\/\/www.facebook.com\/profile.php?id=100086426226253\" \/>\n<meta property=\"article:modified_time\" content=\"2026-04-08T02:31:11+00:00\" \/>\n<meta property=\"og:image\" content=\"https:\/\/testwebsite.citygame.com\/wp-content\/blogs.dir\/1\/files\/sites\/62\/2026\/02\/person-playing-sherlock-city-game-leuven.jpg\" \/>\n\t<meta property=\"og:image:width\" content=\"1344\" \/>\n\t<meta property=\"og:image:height\" content=\"768\" \/>\n\t<meta property=\"og:image:type\" content=\"image\/jpeg\" \/>\n<meta name=\"twitter:card\" content=\"summary_large_image\" \/>\n<script type=\"application\/ld+json\" class=\"yoast-schema-graph\">{\"@context\":\"https:\/\/schema.org\",\"@graph\":[{\"@type\":\"WebPage\",\"@id\":\"https:\/\/testwebsite.citygame.com\/fi\/games\/leuven\/sherlock-holmes-leuven\/\",\"url\":\"https:\/\/testwebsite.citygame.com\/fi\/games\/leuven\/sherlock-holmes-leuven\/\",\"name\":\"Sherlock Holmes Leuven - City Game\",\"isPartOf\":{\"@id\":\"https:\/\/testwebsite.upevents.nl\/#website\"},\"primaryImageOfPage\":{\"@id\":\"https:\/\/testwebsite.citygame.com\/fi\/games\/leuven\/sherlock-holmes-leuven\/#primaryimage\"},\"image\":{\"@id\":\"https:\/\/testwebsite.citygame.com\/fi\/games\/leuven\/sherlock-holmes-leuven\/#primaryimage\"},\"thumbnailUrl\":\"https:\/\/testwebsite.citygame.com\/wp-content\/blogs.dir\/1\/files\/sites\/62\/2026\/02\/person-playing-sherlock-city-game-leuven.jpg\",\"datePublished\":\"2026-02-04T19:45:42+00:00\",\"dateModified\":\"2026-04-08T02:31:11+00:00\",\"description\":\"Sherlock Holmes Leuven. Pelaa omatoiminen murhamysteeri-City Game, ratkaise pulmia, seuraa vihjeit\u00e4 ja paljasta murhaaja omaan tahtiisi!\",\"breadcrumb\":{\"@id\":\"https:\/\/testwebsite.citygame.com\/fi\/games\/leuven\/sherlock-holmes-leuven\/#breadcrumb\"},\"inLanguage\":\"fi\",\"potentialAction\":[{\"@type\":\"ReadAction\",\"target\":[\"https:\/\/testwebsite.citygame.com\/fi\/games\/leuven\/sherlock-holmes-leuven\/\"]}]},{\"@type\":\"ImageObject\",\"inLanguage\":\"fi\",\"@id\":\"https:\/\/testwebsite.citygame.com\/fi\/games\/leuven\/sherlock-holmes-leuven\/#primaryimage\",\"url\":\"https:\/\/testwebsite.citygame.com\/wp-content\/blogs.dir\/1\/files\/sites\/62\/2026\/02\/person-playing-sherlock-city-game-leuven.jpg\",\"contentUrl\":\"https:\/\/testwebsite.citygame.com\/wp-content\/blogs.dir\/1\/files\/sites\/62\/2026\/02\/person-playing-sherlock-city-game-leuven.jpg\",\"width\":1344,\"height\":768,\"caption\":\"A player uses their smartphone to solve a mystery on the historic streets of Leuven.\"},{\"@type\":\"BreadcrumbList\",\"@id\":\"https:\/\/testwebsite.citygame.com\/fi\/games\/leuven\/sherlock-holmes-leuven\/#breadcrumb\",\"itemListElement\":[{\"@type\":\"ListItem\",\"position\":1,\"name\":\"Home\",\"item\":\"https:\/\/testwebsite.citygame.com\/fi\/\"},{\"@type\":\"ListItem\",\"position\":2,\"name\":\"Shop\",\"item\":\"https:\/\/testwebsite.citygame.com\/shop\/\"},{\"@type\":\"ListItem\",\"position\":3,\"name\":\"Sherlock Holmes Leuven\"}]},{\"@type\":\"WebSite\",\"@id\":\"https:\/\/testwebsite.upevents.nl\/#website\",\"url\":\"https:\/\/testwebsite.upevents.nl\/\",\"name\":\"City Game\",\"description\":\"\",\"publisher\":{\"@id\":\"https:\/\/testwebsite.upevents.nl\/#organization\"},\"alternateName\":\"citygame.com\",\"potentialAction\":[{\"@type\":\"SearchAction\",\"target\":{\"@type\":\"EntryPoint\",\"urlTemplate\":\"https:\/\/testwebsite.upevents.nl\/?s={search_term_string}\"},\"query-input\":{\"@type\":\"PropertyValueSpecification\",\"valueRequired\":true,\"valueName\":\"search_term_string\"}}],\"inLanguage\":\"fi\"},{\"@type\":[\"Organization\",\"Place\"],\"@id\":\"https:\/\/testwebsite.upevents.nl\/#organization\",\"name\":\"City Game\",\"alternateName\":\"citygame.com\",\"url\":\"https:\/\/testwebsite.upevents.nl\/\",\"logo\":{\"@id\":\"https:\/\/testwebsite.citygame.com\/fi\/games\/leuven\/sherlock-holmes-leuven\/#local-main-organization-logo\"},\"image\":{\"@id\":\"https:\/\/testwebsite.citygame.com\/fi\/games\/leuven\/sherlock-holmes-leuven\/#local-main-organization-logo\"},\"sameAs\":[\"https:\/\/www.facebook.com\/profile.php?id=100086426226253\",\"https:\/\/www.instagram.com\/citygame_com\",\"https:\/\/www.tiktok.com\/@citygamecom\/\",\"https:\/\/www.linkedin.com\/company\/citygame-com\"],\"description\":\"Turn any city into a playground with our interactive City Games and self-guided tours. Fun, flexible, and ideal for groups and team building.\",\"telephone\":[],\"openingHoursSpecification\":[{\"@type\":\"OpeningHoursSpecification\",\"dayOfWeek\":[\"Monday\",\"Tuesday\",\"Wednesday\",\"Thursday\",\"Friday\",\"Saturday\",\"Sunday\"],\"opens\":\"09:00\",\"closes\":\"17:00\"}]},{\"@type\":\"ImageObject\",\"inLanguage\":\"fi\",\"@id\":\"https:\/\/testwebsite.citygame.com\/fi\/games\/leuven\/sherlock-holmes-leuven\/#local-main-organization-logo\",\"url\":\"https:\/\/testwebsite.citygame.com\/wp-content\/blogs.dir\/1\/files\/sites\/62\/2025\/10\/CG_LOGO-City-Game.png\",\"contentUrl\":\"https:\/\/testwebsite.citygame.com\/wp-content\/blogs.dir\/1\/files\/sites\/62\/2025\/10\/CG_LOGO-City-Game.png\",\"width\":351,\"height\":377,\"caption\":\"City Game\"}]}<\/script>\n<!-- \/ Yoast SEO Premium plugin. -->","yoast_head_json":{"title":"Sherlock Holmes Leuven - City Game","description":"Sherlock Holmes Leuven. Pelaa omatoiminen murhamysteeri-City Game, ratkaise pulmia, seuraa vihjeit\u00e4 ja paljasta murhaaja omaan tahtiisi!","robots":{"index":"noindex","follow":"follow","max-snippet":"max-snippet:-1","max-image-preview":"max-image-preview:large","max-video-preview":"max-video-preview:-1"},"og_locale":"fi_FI","og_type":"article","og_title":"Sherlock Holmes Leuven","og_description":"Sherlock Holmes Leuven. Pelaa omatoiminen murhamysteeri-City Game, ratkaise pulmia, seuraa vihjeit\u00e4 ja paljasta murhaaja omaan tahtiisi!","og_url":"https:\/\/testwebsite.citygame.com\/fi\/games\/leuven\/sherlock-holmes-leuven\/","og_site_name":"City Game","article_publisher":"https:\/\/www.facebook.com\/profile.php?id=100086426226253","article_modified_time":"2026-04-08T02:31:11+00:00","og_image":[{"width":1344,"height":768,"url":"https:\/\/testwebsite.citygame.com\/wp-content\/blogs.dir\/1\/files\/sites\/62\/2026\/02\/person-playing-sherlock-city-game-leuven.jpg","type":"image\/jpeg"}],"twitter_card":"summary_large_image","schema":{"@context":"https:\/\/schema.org","@graph":[{"@type":"WebPage","@id":"https:\/\/testwebsite.citygame.com\/fi\/games\/leuven\/sherlock-holmes-leuven\/","url":"https:\/\/testwebsite.citygame.com\/fi\/games\/leuven\/sherlock-holmes-leuven\/","name":"Sherlock Holmes Leuven - City Game","isPartOf":{"@id":"https:\/\/testwebsite.upevents.nl\/#website"},"primaryImageOfPage":{"@id":"https:\/\/testwebsite.citygame.com\/fi\/games\/leuven\/sherlock-holmes-leuven\/#primaryimage"},"image":{"@id":"https:\/\/testwebsite.citygame.com\/fi\/games\/leuven\/sherlock-holmes-leuven\/#primaryimage"},"thumbnailUrl":"https:\/\/testwebsite.citygame.com\/wp-content\/blogs.dir\/1\/files\/sites\/62\/2026\/02\/person-playing-sherlock-city-game-leuven.jpg","datePublished":"2026-02-04T19:45:42+00:00","dateModified":"2026-04-08T02:31:11+00:00","description":"Sherlock Holmes Leuven. Pelaa omatoiminen murhamysteeri-City Game, ratkaise pulmia, seuraa vihjeit\u00e4 ja paljasta murhaaja omaan tahtiisi!","breadcrumb":{"@id":"https:\/\/testwebsite.citygame.com\/fi\/games\/leuven\/sherlock-holmes-leuven\/#breadcrumb"},"inLanguage":"fi","potentialAction":[{"@type":"ReadAction","target":["https:\/\/testwebsite.citygame.com\/fi\/games\/leuven\/sherlock-holmes-leuven\/"]}]},{"@type":"ImageObject","inLanguage":"fi","@id":"https:\/\/testwebsite.citygame.com\/fi\/games\/leuven\/sherlock-holmes-leuven\/#primaryimage","url":"https:\/\/testwebsite.citygame.com\/wp-content\/blogs.dir\/1\/files\/sites\/62\/2026\/02\/person-playing-sherlock-city-game-leuven.jpg","contentUrl":"https:\/\/testwebsite.citygame.com\/wp-content\/blogs.dir\/1\/files\/sites\/62\/2026\/02\/person-playing-sherlock-city-game-leuven.jpg","width":1344,"height":768,"caption":"A player uses their smartphone to solve a mystery on the historic streets of Leuven."},{"@type":"BreadcrumbList","@id":"https:\/\/testwebsite.citygame.com\/fi\/games\/leuven\/sherlock-holmes-leuven\/#breadcrumb","itemListElement":[{"@type":"ListItem","position":1,"name":"Home","item":"https:\/\/testwebsite.citygame.com\/fi\/"},{"@type":"ListItem","position":2,"name":"Shop","item":"https:\/\/testwebsite.citygame.com\/shop\/"},{"@type":"ListItem","position":3,"name":"Sherlock Holmes Leuven"}]},{"@type":"WebSite","@id":"https:\/\/testwebsite.upevents.nl\/#website","url":"https:\/\/testwebsite.upevents.nl\/","name":"City Game","description":"","publisher":{"@id":"https:\/\/testwebsite.upevents.nl\/#organization"},"alternateName":"citygame.com","potentialAction":[{"@type":"SearchAction","target":{"@type":"EntryPoint","urlTemplate":"https:\/\/testwebsite.upevents.nl\/?s={search_term_string}"},"query-input":{"@type":"PropertyValueSpecification","valueRequired":true,"valueName":"search_term_string"}}],"inLanguage":"fi"},{"@type":["Organization","Place"],"@id":"https:\/\/testwebsite.upevents.nl\/#organization","name":"City Game","alternateName":"citygame.com","url":"https:\/\/testwebsite.upevents.nl\/","logo":{"@id":"https:\/\/testwebsite.citygame.com\/fi\/games\/leuven\/sherlock-holmes-leuven\/#local-main-organization-logo"},"image":{"@id":"https:\/\/testwebsite.citygame.com\/fi\/games\/leuven\/sherlock-holmes-leuven\/#local-main-organization-logo"},"sameAs":["https:\/\/www.facebook.com\/profile.php?id=100086426226253","https:\/\/www.instagram.com\/citygame_com","https:\/\/www.tiktok.com\/@citygamecom\/","https:\/\/www.linkedin.com\/company\/citygame-com"],"description":"Turn any city into a playground with our interactive City Games and self-guided tours. Fun, flexible, and ideal for groups and team building.","telephone":[],"openingHoursSpecification":[{"@type":"OpeningHoursSpecification","dayOfWeek":["Monday","Tuesday","Wednesday","Thursday","Friday","Saturday","Sunday"],"opens":"09:00","closes":"17:00"}]},{"@type":"ImageObject","inLanguage":"fi","@id":"https:\/\/testwebsite.citygame.com\/fi\/games\/leuven\/sherlock-holmes-leuven\/#local-main-organization-logo","url":"https:\/\/testwebsite.citygame.com\/wp-content\/blogs.dir\/1\/files\/sites\/62\/2025\/10\/CG_LOGO-City-Game.png","contentUrl":"https:\/\/testwebsite.citygame.com\/wp-content\/blogs.dir\/1\/files\/sites\/62\/2025\/10\/CG_LOGO-City-Game.png","width":351,"height":377,"caption":"City Game"}]}},"taxonomy_info":{"game-concept":[{"value":773,"label":"Sherlock"}],"location":[{"value":241,"label":"Leuven"}],"product_cat":[{"value":27,"label":"Geen categorie"}]},"featured_image_src_large":["https:\/\/testwebsite.citygame.com\/wp-content\/blogs.dir\/1\/files\/sites\/62\/2026\/02\/person-playing-sherlock-city-game-leuven-1024x585.jpg",1024,585,true],"author_info":[],"comment_info":"","_links":{"self":[{"href":"https:\/\/testwebsite.citygame.com\/fi\/wp-json\/wp\/v2\/product\/58598","targetHints":{"allow":["GET"]}}],"collection":[{"href":"https:\/\/testwebsite.citygame.com\/fi\/wp-json\/wp\/v2\/product"}],"about":[{"href":"https:\/\/testwebsite.citygame.com\/fi\/wp-json\/wp\/v2\/types\/product"}],"acf:post":[{"embeddable":true,"href":"https:\/\/testwebsite.citygame.com\/fi\/wp-json\/wp\/v2\/pages\/6595"}],"wp:featuredmedia":[{"embeddable":true,"href":"https:\/\/testwebsite.citygame.com\/fi\/wp-json\/wp\/v2\/media\/10488"}],"wp:attachment":[{"href":"https:\/\/testwebsite.citygame.com\/fi\/wp-json\/wp\/v2\/media?parent=58598"}],"wp:term":[{"taxonomy":"game-concept","embeddable":true,"href":"https:\/\/testwebsite.citygame.com\/fi\/wp-json\/wp\/v2\/game-concept?post=58598"},{"taxonomy":"location","embeddable":true,"href":"https:\/\/testwebsite.citygame.com\/fi\/wp-json\/wp\/v2\/location?post=58598"},{"taxonomy":"product_brand","embeddable":true,"href":"https:\/\/testwebsite.citygame.com\/fi\/wp-json\/wp\/v2\/product_brand?post=58598"},{"taxonomy":"product_cat","embeddable":true,"href":"https:\/\/testwebsite.citygame.com\/fi\/wp-json\/wp\/v2\/product_cat?post=58598"},{"taxonomy":"product_tag","embeddable":true,"href":"https:\/\/testwebsite.citygame.com\/fi\/wp-json\/wp\/v2\/product_tag?post=58598"}],"curies":[{"name":"wp","href":"https:\/\/api.w.org\/{rel}","templated":true}]}}