{"id":57489,"date":"2026-02-15T18:52:44","date_gmt":"2026-02-15T18:52:44","guid":{"rendered":"https:\/\/testwebsite.citygame.com\/games\/unknown-location\/the-almere-syndicate\/"},"modified":"2026-04-08T00:33:43","modified_gmt":"2026-04-08T00:33:43","slug":"the-almere-syndicate","status":"publish","type":"product","link":"https:\/\/testwebsite.citygame.com\/fi\/games\/almere\/the-almere-syndicate\/","title":{"rendered":"The Almere Syndicate"},"content":{"rendered":"<p>The Almere Syndicate on omatoiminen kaupunkipakopeli Almeressa, joka sijoittuu Almere keskustaan. T\u00e4ss\u00e4 teht\u00e4v\u00e4vetoisessa Almere-kaupunkipeliss\u00e4 sin\u00e4 ja tiimisi ty\u00f6skentelette yhdess\u00e4 j\u00e4ljitt\u00e4\u00e4ksenne vaikeasti tavoitettavan Magnuksen ja palauttaaksenne kuusi varastettua kaavaa ratkaisemalla sarjan toisiinsa liittyvi\u00e4 pulmia, teht\u00e4vi\u00e4 ja haasteita. Yhteisty\u00f6h\u00f6n ja mukaansatempaavaan tarinankerrontaan suunniteltu omatoiminen kaupunkipeli korostaa tiimity\u00f6t\u00e4 ja vaiheittaista etenemist\u00e4 kiehtovan urbaanin seikkailun l\u00e4pi.<\/p>\n","protected":false},"excerpt":{"rendered":"<p>Sukella The Almere Syndicate City Escape Game -pakopelin j\u00e4nnitt\u00e4v\u00e4\u00e4n maailmaan, omatoimiseen seikkailuusi Almere syd\u00e4mess\u00e4. Ty\u00f6skennelk\u00e4\u00e4t tiimin\u00e4, seuratkaa salaper\u00e4isi\u00e4 vihjeit\u00e4, ratkaiskaa monimutkaisia pulmia ja paljastakaa totuus suorittaaksenne teht\u00e4v\u00e4nne \u2013 jokainen sekunti on t\u00e4rke\u00e4!<\/p>\n","protected":false},"featured_media":13804,"template":"","meta":{"_acf_changed":false,"_yoast_wpseo_focuskw":"The Almere Syndicate","_yoast_wpseo_metadesc":"The Almere Syndicate. Pelaa omatoimista kaupunkipakopeli\u00e4, ratkaise pulmia, suorita teht\u00e4vi\u00e4 ja palauta varastetut kaavat omaan tahtiisi!","_kad_blocks_custom_css":"","_kad_blocks_head_custom_js":"","_kad_blocks_body_custom_js":"","_kad_blocks_footer_custom_js":"","ghostkit_customizer_options":"","ghostkit_custom_css":"","ghostkit_custom_js_head":"","ghostkit_custom_js_foot":"","ghostkit_typography":"","_kad_post_transparent":"default","_kad_post_title":"","_kad_post_layout":"default","_kad_post_sidebar_id":"","_kad_post_content_style":"default","_kad_post_vertical_padding":"default","_kad_post_feature":"","_kad_post_feature_position":"","_kad_post_header":false,"_kad_post_footer":false,"_kad_post_classname":"","_links_to":"","_links_to_target":""},"game-concept":[742],"location":[63],"product_brand":[],"product_cat":[27],"product_tag":[],"class_list":{"0":"post-57489","1":"product","2":"type-product","3":"status-publish","4":"has-post-thumbnail","6":"game-concept-syndicate","7":"location-almere","8":"product_cat-geen-categorie","10":"first","11":"instock","12":"shipping-taxable","13":"purchasable","14":"product-type-simple","15":"entry","16":"content-bg","17":"loop-entry"},"acf":{"full_bokun_product_name":"Self-Guided The Almere Syndicate City Escape Game","location_name":"Almere","bokun_calendar_widget_code":"<script type=\"text\/javascript\" src=\"https:\/\/widgets.bokun.io\/assets\/javascripts\/apps\/build\/BokunWidgetsLoader.js?bookingChannelUUID=a1e93e96-5232-4734-a595-28405f4b5a31\" async><\/script>\n     \n    <div class=\"bokunWidget\" data-src=\"https:\/\/widgets.bokun.io\/online-sales\/a1e93e96-5232-4734-a595-28405f4b5a31\/experience-calendar\/797570\"><\/div>\n    <noscript>Please enable javascript in your browser to book<\/noscript>","bokun_button_widget_code":"<script type=\"text\/javascript\" src=\"https:\/\/widgets.bokun.io\/assets\/javascripts\/apps\/build\/BokunWidgetsLoader.js?bookingChannelUUID=a1e93e96-5232-4734-a595-28405f4b5a31\" async><\/script>\n      <style> #bokun_ed001e45_5927_4f62_b470_ca766338d083 { display: inline-block; padding: .4em 1em; background: #47b82e; border-radius: 999999px; box-shadow: none; font-weight: 600; font-size: 24px; text-decoration: none; text-align: center; color: #FFFFFF; border:none; cursor: pointer; transition: background .2s ease; } #bokun_ed001e45_5927_4f62_b470_ca766338d083:hover{ background: #2f7b1f; } #bokun_ed001e45_5927_4f62_b470_ca766338d083:active{ background: #378f24; } <\/style> <button class=\"bokunButton\" disabled id=bokun_ed001e45_5927_4f62_b470_ca766338d083 data-src=\"https:\/\/widgets.bokun.io\/online-sales\/a1e93e96-5232-4734-a595-28405f4b5a31\/experience-calendar\/797570?partialView=1\" data-testid=\"widget-book-button\" > Book now <\/button> ","what_you\u2019ll_experience_during_the_game":"Sinut asetetaan j\u00e4nnitt\u00e4v\u00e4\u00e4n pakoteht\u00e4v\u00e4\u00e4n Almere syd\u00e4mess\u00e4, miss\u00e4 jokainen askel tuo sinut l\u00e4hemm\u00e4s totuuden paljastamista. Eliittiagentteina tavoitteesi on selke\u00e4: j\u00e4ljit\u00e4 Magnus kaupungin l\u00e4pi ja palauta kuusi varastettua kaavaa ennen kuin ne katoavat lopullisesti. Teht\u00e4v\u00e4 etenee vaiheittain, kun navigoit Almeressa, paljastaen uusia kerroksia tarinasta tiimisi edetess\u00e4.\r\n\r\n T\u00e4m\u00e4 t\u00e4ysin tarinavetoinen kokemus yhdist\u00e4\u00e4 ovelat pulmat, koodatut viestit ja koordinoidut haasteet, jotka vaativat ter\u00e4v\u00e4\u00e4 ajattelua ja tiivist\u00e4 yhteisty\u00f6t\u00e4. Jokainen p\u00e4\u00e4t\u00f6s muokkaa polkuasi eteenp\u00e4in, vaatien jatkuvaa tiimity\u00f6t\u00e4 ja selke\u00e4\u00e4 kommunikaatiota pysy\u00e4ksesi oikeilla j\u00e4ljill\u00e4. Joustavuutta silm\u00e4ll\u00e4 pit\u00e4en suunniteltu peli antaa sinun keskeytt\u00e4\u00e4 ja jatkaa omaan tahtiisi menett\u00e4m\u00e4tt\u00e4 vauhtia. Almere muuttuu operaatiosi n\u00e4ytt\u00e4m\u00f6ksi \u2013 aktiivinen ymp\u00e4rist\u00f6 teht\u00e4v\u00e4lle, jossa jokaisella vihjeell\u00e4 on merkityst\u00e4.","how_to_play":"Varaa kaupunkipeli, tarkista s\u00e4hk\u00f6postiviesti, jonka l\u00e4het\u00e4mme sinulle ohjeineen, lataa Loquiz App ja aloita pelikokemuksesi! Tutustu kaupunkiin tavalla, jolla et ole koskaan ennen tehnyt. T\u00e4m\u00e4 pakopeli on roolipeli-tarinapohjainen peli, ja jokaisella tiimisi j\u00e4senell\u00e4 on t\u00e4rke\u00e4 rooli teht\u00e4v\u00e4ss\u00e4. K\u00e4vele ymp\u00e4ri kaupunkia l\u00f6yt\u00e4\u00e4ksesi ratkaisun haastaviin pulmiin, arvoituksiin ja valokuvateht\u00e4viin.","start_location":"Almere, Stadspark Stadhuispromenade","available_languages":["nl","en"],"players_per_group":"1-4","duration":"1.5-2 hours","image_overlay_color_image":"https:\/\/testwebsite.citygame.com\/wp-content\/blogs.dir\/1\/files\/sites\/62\/2026\/01\/SyndicateColor.svg","image_overlay_game_logo":"https:\/\/testwebsite.citygame.com\/wp-content\/blogs.dir\/1\/files\/sites\/62\/2026\/01\/SyndicateLogo.png","city_page":4793,"woocommerce_general_content":null},"yoast_head":"<!-- This site is optimized with the Yoast SEO Premium plugin v26.2 (Yoast SEO v26.3) - https:\/\/yoast.com\/wordpress\/plugins\/seo\/ -->\n<title>The Almere Syndicate - City Game<\/title>\n<meta name=\"description\" content=\"The Almere Syndicate. Pelaa omatoimista kaupunkipakopeli\u00e4, ratkaise pulmia, suorita teht\u00e4vi\u00e4 ja palauta varastetut kaavat omaan tahtiisi!\" \/>\n<meta name=\"robots\" content=\"noindex, follow, max-snippet:-1, max-image-preview:large, max-video-preview:-1\" \/>\n<meta property=\"og:locale\" content=\"fi_FI\" \/>\n<meta property=\"og:type\" content=\"article\" \/>\n<meta property=\"og:title\" content=\"The Almere Syndicate\" \/>\n<meta property=\"og:description\" content=\"The Almere Syndicate. Pelaa omatoimista kaupunkipakopeli\u00e4, ratkaise pulmia, suorita teht\u00e4vi\u00e4 ja palauta varastetut kaavat omaan tahtiisi!\" \/>\n<meta property=\"og:url\" content=\"https:\/\/testwebsite.citygame.com\/fi\/games\/almere\/the-almere-syndicate\/\" \/>\n<meta property=\"og:site_name\" content=\"City Game\" \/>\n<meta property=\"article:publisher\" content=\"https:\/\/www.facebook.com\/profile.php?id=100086426226253\" \/>\n<meta property=\"article:modified_time\" content=\"2026-04-08T00:33:43+00:00\" \/>\n<meta property=\"og:image\" content=\"https:\/\/testwebsite.citygame.com\/wp-content\/blogs.dir\/1\/files\/sites\/62\/2026\/02\/group-of-friends-playing-city-game-kunstlinie-theatre-almere.jpg\" \/>\n\t<meta property=\"og:image:width\" content=\"1024\" \/>\n\t<meta property=\"og:image:height\" content=\"1024\" \/>\n\t<meta property=\"og:image:type\" content=\"image\/jpeg\" \/>\n<meta name=\"twitter:card\" content=\"summary_large_image\" \/>\n<script type=\"application\/ld+json\" class=\"yoast-schema-graph\">{\"@context\":\"https:\/\/schema.org\",\"@graph\":[{\"@type\":\"WebPage\",\"@id\":\"https:\/\/testwebsite.citygame.com\/fi\/games\/almere\/the-almere-syndicate\/\",\"url\":\"https:\/\/testwebsite.citygame.com\/fi\/games\/almere\/the-almere-syndicate\/\",\"name\":\"The Almere Syndicate - City Game\",\"isPartOf\":{\"@id\":\"https:\/\/testwebsite.upevents.nl\/#website\"},\"primaryImageOfPage\":{\"@id\":\"https:\/\/testwebsite.citygame.com\/fi\/games\/almere\/the-almere-syndicate\/#primaryimage\"},\"image\":{\"@id\":\"https:\/\/testwebsite.citygame.com\/fi\/games\/almere\/the-almere-syndicate\/#primaryimage\"},\"thumbnailUrl\":\"https:\/\/testwebsite.citygame.com\/wp-content\/blogs.dir\/1\/files\/sites\/62\/2026\/02\/group-of-friends-playing-city-game-kunstlinie-theatre-almere.jpg\",\"datePublished\":\"2026-02-15T18:52:44+00:00\",\"dateModified\":\"2026-04-08T00:33:43+00:00\",\"description\":\"The Almere Syndicate. Pelaa omatoimista kaupunkipakopeli\u00e4, ratkaise pulmia, suorita teht\u00e4vi\u00e4 ja palauta varastetut kaavat omaan tahtiisi!\",\"breadcrumb\":{\"@id\":\"https:\/\/testwebsite.citygame.com\/fi\/games\/almere\/the-almere-syndicate\/#breadcrumb\"},\"inLanguage\":\"fi\",\"potentialAction\":[{\"@type\":\"ReadAction\",\"target\":[\"https:\/\/testwebsite.citygame.com\/fi\/games\/almere\/the-almere-syndicate\/\"]}]},{\"@type\":\"ImageObject\",\"inLanguage\":\"fi\",\"@id\":\"https:\/\/testwebsite.citygame.com\/fi\/games\/almere\/the-almere-syndicate\/#primaryimage\",\"url\":\"https:\/\/testwebsite.citygame.com\/wp-content\/blogs.dir\/1\/files\/sites\/62\/2026\/02\/group-of-friends-playing-city-game-kunstlinie-theatre-almere.jpg\",\"contentUrl\":\"https:\/\/testwebsite.citygame.com\/wp-content\/blogs.dir\/1\/files\/sites\/62\/2026\/02\/group-of-friends-playing-city-game-kunstlinie-theatre-almere.jpg\",\"width\":1024,\"height\":1024,\"caption\":\"A group of friends collaborates while playing an outdoor city game in central Almere.\"},{\"@type\":\"BreadcrumbList\",\"@id\":\"https:\/\/testwebsite.citygame.com\/fi\/games\/almere\/the-almere-syndicate\/#breadcrumb\",\"itemListElement\":[{\"@type\":\"ListItem\",\"position\":1,\"name\":\"Home\",\"item\":\"https:\/\/testwebsite.citygame.com\/fi\/\"},{\"@type\":\"ListItem\",\"position\":2,\"name\":\"Shop\",\"item\":\"https:\/\/testwebsite.citygame.com\/shop\/\"},{\"@type\":\"ListItem\",\"position\":3,\"name\":\"The Almere Syndicate\"}]},{\"@type\":\"WebSite\",\"@id\":\"https:\/\/testwebsite.upevents.nl\/#website\",\"url\":\"https:\/\/testwebsite.upevents.nl\/\",\"name\":\"City Game\",\"description\":\"\",\"publisher\":{\"@id\":\"https:\/\/testwebsite.upevents.nl\/#organization\"},\"alternateName\":\"citygame.com\",\"potentialAction\":[{\"@type\":\"SearchAction\",\"target\":{\"@type\":\"EntryPoint\",\"urlTemplate\":\"https:\/\/testwebsite.upevents.nl\/?s={search_term_string}\"},\"query-input\":{\"@type\":\"PropertyValueSpecification\",\"valueRequired\":true,\"valueName\":\"search_term_string\"}}],\"inLanguage\":\"fi\"},{\"@type\":[\"Organization\",\"Place\"],\"@id\":\"https:\/\/testwebsite.upevents.nl\/#organization\",\"name\":\"City Game\",\"alternateName\":\"citygame.com\",\"url\":\"https:\/\/testwebsite.upevents.nl\/\",\"logo\":{\"@id\":\"https:\/\/testwebsite.citygame.com\/fi\/games\/almere\/the-almere-syndicate\/#local-main-organization-logo\"},\"image\":{\"@id\":\"https:\/\/testwebsite.citygame.com\/fi\/games\/almere\/the-almere-syndicate\/#local-main-organization-logo\"},\"sameAs\":[\"https:\/\/www.facebook.com\/profile.php?id=100086426226253\",\"https:\/\/www.instagram.com\/citygame_com\",\"https:\/\/www.tiktok.com\/@citygamecom\/\",\"https:\/\/www.linkedin.com\/company\/citygame-com\"],\"description\":\"Turn any city into a playground with our interactive City Games and self-guided tours. Fun, flexible, and ideal for groups and team building.\",\"telephone\":[],\"openingHoursSpecification\":[{\"@type\":\"OpeningHoursSpecification\",\"dayOfWeek\":[\"Monday\",\"Tuesday\",\"Wednesday\",\"Thursday\",\"Friday\",\"Saturday\",\"Sunday\"],\"opens\":\"09:00\",\"closes\":\"17:00\"}]},{\"@type\":\"ImageObject\",\"inLanguage\":\"fi\",\"@id\":\"https:\/\/testwebsite.citygame.com\/fi\/games\/almere\/the-almere-syndicate\/#local-main-organization-logo\",\"url\":\"https:\/\/testwebsite.citygame.com\/wp-content\/blogs.dir\/1\/files\/sites\/62\/2025\/10\/CG_LOGO-City-Game.png\",\"contentUrl\":\"https:\/\/testwebsite.citygame.com\/wp-content\/blogs.dir\/1\/files\/sites\/62\/2025\/10\/CG_LOGO-City-Game.png\",\"width\":351,\"height\":377,\"caption\":\"City Game\"}]}<\/script>\n<!-- \/ Yoast SEO Premium plugin. -->","yoast_head_json":{"title":"The Almere Syndicate - City Game","description":"The Almere Syndicate. Pelaa omatoimista kaupunkipakopeli\u00e4, ratkaise pulmia, suorita teht\u00e4vi\u00e4 ja palauta varastetut kaavat omaan tahtiisi!","robots":{"index":"noindex","follow":"follow","max-snippet":"max-snippet:-1","max-image-preview":"max-image-preview:large","max-video-preview":"max-video-preview:-1"},"og_locale":"fi_FI","og_type":"article","og_title":"The Almere Syndicate","og_description":"The Almere Syndicate. Pelaa omatoimista kaupunkipakopeli\u00e4, ratkaise pulmia, suorita teht\u00e4vi\u00e4 ja palauta varastetut kaavat omaan tahtiisi!","og_url":"https:\/\/testwebsite.citygame.com\/fi\/games\/almere\/the-almere-syndicate\/","og_site_name":"City Game","article_publisher":"https:\/\/www.facebook.com\/profile.php?id=100086426226253","article_modified_time":"2026-04-08T00:33:43+00:00","og_image":[{"width":1024,"height":1024,"url":"https:\/\/testwebsite.citygame.com\/wp-content\/blogs.dir\/1\/files\/sites\/62\/2026\/02\/group-of-friends-playing-city-game-kunstlinie-theatre-almere.jpg","type":"image\/jpeg"}],"twitter_card":"summary_large_image","schema":{"@context":"https:\/\/schema.org","@graph":[{"@type":"WebPage","@id":"https:\/\/testwebsite.citygame.com\/fi\/games\/almere\/the-almere-syndicate\/","url":"https:\/\/testwebsite.citygame.com\/fi\/games\/almere\/the-almere-syndicate\/","name":"The Almere Syndicate - City Game","isPartOf":{"@id":"https:\/\/testwebsite.upevents.nl\/#website"},"primaryImageOfPage":{"@id":"https:\/\/testwebsite.citygame.com\/fi\/games\/almere\/the-almere-syndicate\/#primaryimage"},"image":{"@id":"https:\/\/testwebsite.citygame.com\/fi\/games\/almere\/the-almere-syndicate\/#primaryimage"},"thumbnailUrl":"https:\/\/testwebsite.citygame.com\/wp-content\/blogs.dir\/1\/files\/sites\/62\/2026\/02\/group-of-friends-playing-city-game-kunstlinie-theatre-almere.jpg","datePublished":"2026-02-15T18:52:44+00:00","dateModified":"2026-04-08T00:33:43+00:00","description":"The Almere Syndicate. Pelaa omatoimista kaupunkipakopeli\u00e4, ratkaise pulmia, suorita teht\u00e4vi\u00e4 ja palauta varastetut kaavat omaan tahtiisi!","breadcrumb":{"@id":"https:\/\/testwebsite.citygame.com\/fi\/games\/almere\/the-almere-syndicate\/#breadcrumb"},"inLanguage":"fi","potentialAction":[{"@type":"ReadAction","target":["https:\/\/testwebsite.citygame.com\/fi\/games\/almere\/the-almere-syndicate\/"]}]},{"@type":"ImageObject","inLanguage":"fi","@id":"https:\/\/testwebsite.citygame.com\/fi\/games\/almere\/the-almere-syndicate\/#primaryimage","url":"https:\/\/testwebsite.citygame.com\/wp-content\/blogs.dir\/1\/files\/sites\/62\/2026\/02\/group-of-friends-playing-city-game-kunstlinie-theatre-almere.jpg","contentUrl":"https:\/\/testwebsite.citygame.com\/wp-content\/blogs.dir\/1\/files\/sites\/62\/2026\/02\/group-of-friends-playing-city-game-kunstlinie-theatre-almere.jpg","width":1024,"height":1024,"caption":"A group of friends collaborates while playing an outdoor city game in central Almere."},{"@type":"BreadcrumbList","@id":"https:\/\/testwebsite.citygame.com\/fi\/games\/almere\/the-almere-syndicate\/#breadcrumb","itemListElement":[{"@type":"ListItem","position":1,"name":"Home","item":"https:\/\/testwebsite.citygame.com\/fi\/"},{"@type":"ListItem","position":2,"name":"Shop","item":"https:\/\/testwebsite.citygame.com\/shop\/"},{"@type":"ListItem","position":3,"name":"The Almere Syndicate"}]},{"@type":"WebSite","@id":"https:\/\/testwebsite.upevents.nl\/#website","url":"https:\/\/testwebsite.upevents.nl\/","name":"City Game","description":"","publisher":{"@id":"https:\/\/testwebsite.upevents.nl\/#organization"},"alternateName":"citygame.com","potentialAction":[{"@type":"SearchAction","target":{"@type":"EntryPoint","urlTemplate":"https:\/\/testwebsite.upevents.nl\/?s={search_term_string}"},"query-input":{"@type":"PropertyValueSpecification","valueRequired":true,"valueName":"search_term_string"}}],"inLanguage":"fi"},{"@type":["Organization","Place"],"@id":"https:\/\/testwebsite.upevents.nl\/#organization","name":"City Game","alternateName":"citygame.com","url":"https:\/\/testwebsite.upevents.nl\/","logo":{"@id":"https:\/\/testwebsite.citygame.com\/fi\/games\/almere\/the-almere-syndicate\/#local-main-organization-logo"},"image":{"@id":"https:\/\/testwebsite.citygame.com\/fi\/games\/almere\/the-almere-syndicate\/#local-main-organization-logo"},"sameAs":["https:\/\/www.facebook.com\/profile.php?id=100086426226253","https:\/\/www.instagram.com\/citygame_com","https:\/\/www.tiktok.com\/@citygamecom\/","https:\/\/www.linkedin.com\/company\/citygame-com"],"description":"Turn any city into a playground with our interactive City Games and self-guided tours. Fun, flexible, and ideal for groups and team building.","telephone":[],"openingHoursSpecification":[{"@type":"OpeningHoursSpecification","dayOfWeek":["Monday","Tuesday","Wednesday","Thursday","Friday","Saturday","Sunday"],"opens":"09:00","closes":"17:00"}]},{"@type":"ImageObject","inLanguage":"fi","@id":"https:\/\/testwebsite.citygame.com\/fi\/games\/almere\/the-almere-syndicate\/#local-main-organization-logo","url":"https:\/\/testwebsite.citygame.com\/wp-content\/blogs.dir\/1\/files\/sites\/62\/2025\/10\/CG_LOGO-City-Game.png","contentUrl":"https:\/\/testwebsite.citygame.com\/wp-content\/blogs.dir\/1\/files\/sites\/62\/2025\/10\/CG_LOGO-City-Game.png","width":351,"height":377,"caption":"City Game"}]}},"taxonomy_info":{"game-concept":[{"value":742,"label":"Syndicate"}],"location":[{"value":63,"label":"Almere"}],"product_cat":[{"value":27,"label":"Geen categorie"}]},"featured_image_src_large":["https:\/\/testwebsite.citygame.com\/wp-content\/blogs.dir\/1\/files\/sites\/62\/2026\/02\/group-of-friends-playing-city-game-kunstlinie-theatre-almere.jpg",1024,1024,false],"author_info":[],"comment_info":"","_links":{"self":[{"href":"https:\/\/testwebsite.citygame.com\/fi\/wp-json\/wp\/v2\/product\/57489","targetHints":{"allow":["GET"]}}],"collection":[{"href":"https:\/\/testwebsite.citygame.com\/fi\/wp-json\/wp\/v2\/product"}],"about":[{"href":"https:\/\/testwebsite.citygame.com\/fi\/wp-json\/wp\/v2\/types\/product"}],"acf:post":[{"embeddable":true,"href":"https:\/\/testwebsite.citygame.com\/fi\/wp-json\/wp\/v2\/pages\/4793"}],"wp:featuredmedia":[{"embeddable":true,"href":"https:\/\/testwebsite.citygame.com\/fi\/wp-json\/wp\/v2\/media\/13804"}],"wp:attachment":[{"href":"https:\/\/testwebsite.citygame.com\/fi\/wp-json\/wp\/v2\/media?parent=57489"}],"wp:term":[{"taxonomy":"game-concept","embeddable":true,"href":"https:\/\/testwebsite.citygame.com\/fi\/wp-json\/wp\/v2\/game-concept?post=57489"},{"taxonomy":"location","embeddable":true,"href":"https:\/\/testwebsite.citygame.com\/fi\/wp-json\/wp\/v2\/location?post=57489"},{"taxonomy":"product_brand","embeddable":true,"href":"https:\/\/testwebsite.citygame.com\/fi\/wp-json\/wp\/v2\/product_brand?post=57489"},{"taxonomy":"product_cat","embeddable":true,"href":"https:\/\/testwebsite.citygame.com\/fi\/wp-json\/wp\/v2\/product_cat?post=57489"},{"taxonomy":"product_tag","embeddable":true,"href":"https:\/\/testwebsite.citygame.com\/fi\/wp-json\/wp\/v2\/product_tag?post=57489"}],"curies":[{"name":"wp","href":"https:\/\/api.w.org\/{rel}","templated":true}]}}