{"id":56901,"date":"2026-01-27T10:52:40","date_gmt":"2026-01-27T10:52:40","guid":{"rendered":"https:\/\/testwebsite.citygame.com\/games\/unknown-location\/secrets-of-maastricht\/"},"modified":"2026-04-07T23:28:26","modified_gmt":"2026-04-07T23:28:26","slug":"secrets-of-maastricht","status":"publish","type":"product","link":"https:\/\/testwebsite.citygame.com\/fi\/games\/maastricht\/secrets-of-maastricht\/","title":{"rendered":"Secrets of Maastricht"},"content":{"rendered":"<p>City Game Maastricht on itseohjattu, GPS-pohjainen peli, joka sijoittuu Maastrichtin historialliseen keskustaan. \u00c4lypuhelimen avulla pelaajat tutkivat kaupungin katuja ratkaisten samalla pulmia, arvoituksia ja hauskoja valokuvahaasteita osana t\u00e4t\u00e4 interaktiivista seikkailupeli\u00e4. Matkan varrella osallistujat paljastavat tarinoita Maastrichtin historiasta, kulttuurista ja piilotetuista yksityiskohdista, jotka muuten saattaisivat j\u00e4\u00e4d\u00e4 huomaamatta. T\u00e4m\u00e4 itseohjattu kaupunkipeli on ihanteellinen sek\u00e4 vierailijoille, jotka haluavat l\u00f6yt\u00e4\u00e4 kaupungin vieh\u00e4tyksen, ett\u00e4 paikallisille, jotka etsiv\u00e4t uutta n\u00e4k\u00f6kulmaa. Yksinpelaajille, pariskunnille, perheille ja kaveriporukoille sopiva GPS-pohjainen peli tarjoaa joustavan ja mukaansatempaavan tavan kokea Maastricht.<\/p>\n","protected":false},"excerpt":{"rendered":"<p>Paljasta Maastrichtin mysteerit ja majesteettius! Sukella kaupunkiin, jossa historian eloisa aave kohtaa nykyaikaisen vieh\u00e4tyksen jokaisen mukulakivikadun ja ikivanhan linnoituksen kautta. Ratkaise kiehtovia arvoituksia kulkiessasi sen eloisaa sielua pitkin, Maastricht pursuaa lumoa joka kulmassa!<\/p>\n","protected":false},"featured_media":4452,"template":"","meta":{"_acf_changed":false,"_yoast_wpseo_focuskw":"Secrets of Maastricht","_yoast_wpseo_metadesc":"Secrets of Maastricht. Pelaa itseohjattua kaupunkipeli\u00e4 ja tutki kaupunkia pulmien, arvoitusten ja haasteiden kautta. Pelaa omaan tahtiisi ja l\u00f6yd\u00e4 kuin paikallinen!","_kad_blocks_custom_css":"","_kad_blocks_head_custom_js":"","_kad_blocks_body_custom_js":"","_kad_blocks_footer_custom_js":"","ghostkit_customizer_options":"","ghostkit_custom_css":"","ghostkit_custom_js_head":"","ghostkit_custom_js_foot":"","ghostkit_typography":"","_kad_post_transparent":"","_kad_post_title":"","_kad_post_layout":"","_kad_post_sidebar_id":"","_kad_post_content_style":"","_kad_post_vertical_padding":"","_kad_post_feature":"","_kad_post_feature_position":"","_kad_post_header":false,"_kad_post_footer":false,"_kad_post_classname":"","_links_to":"","_links_to_target":""},"game-concept":[712],"location":[256],"product_brand":[],"product_cat":[27],"product_tag":[],"class_list":{"0":"post-56901","1":"product","2":"type-product","3":"status-publish","4":"has-post-thumbnail","6":"game-concept-secrets","7":"location-maastricht","8":"product_cat-geen-categorie","10":"first","11":"instock","12":"shipping-taxable","13":"purchasable","14":"product-type-simple","15":"entry","16":"content-bg","17":"loop-entry"},"acf":{"full_bokun_product_name":"Self-Guided Secrets of Maastricht Exploration Game","location_name":"Maastricht","bokun_calendar_widget_code":"<script type=\"text\/javascript\" src=\"https:\/\/widgets.bokun.io\/assets\/javascripts\/apps\/build\/BokunWidgetsLoader.js?bookingChannelUUID=a1e93e96-5232-4734-a595-28405f4b5a31\" async><\/script>\n     \n    <div class=\"bokunWidget\" data-src=\"https:\/\/widgets.bokun.io\/online-sales\/a1e93e96-5232-4734-a595-28405f4b5a31\/experience-calendar\/723448\"><\/div>\n    <noscript>Please enable javascript in your browser to book<\/noscript>","bokun_button_widget_code":"<script type=\"text\/javascript\" src=\"https:\/\/widgets.bokun.io\/assets\/javascripts\/apps\/build\/BokunWidgetsLoader.js?bookingChannelUUID=a1e93e96-5232-4734-a595-28405f4b5a31\" async><\/script>\n      <style> #bokun_ed001e45_5927_4f62_b470_ca766338d083 { display: inline-block; padding: .4em 1em; background: #47b82e; border-radius: 999999px; box-shadow: none; font-weight: 600; font-size: 24px; text-decoration: none; text-align: center; color: #FFFFFF; border:none; cursor: pointer; transition: background .2s ease; } #bokun_ed001e45_5927_4f62_b470_ca766338d083:hover{ background: #2f7b1f; } #bokun_ed001e45_5927_4f62_b470_ca766338d083:active{ background: #378f24; } <\/style> <button class=\"bokunButton\" disabled id=bokun_ed001e45_5927_4f62_b470_ca766338d083 data-src=\"https:\/\/widgets.bokun.io\/online-sales\/a1e93e96-5232-4734-a595-28405f4b5a31\/experience-calendar\/723448?partialView=1\" data-testid=\"widget-book-button\" > Book now <\/button> ","what_you\u2019ll_experience_during_the_game":"Secrets of Maastricht City Game -kaupunkipelin aikana tutustut kaupunkiin kiehtovan tarinankerronnan, n\u00e4ht\u00e4vyyksien ja interaktiivisen l\u00f6yt\u00f6retkeilyn yhdistelm\u00e4ll\u00e4. Seuratessasi vihjeit\u00e4 peli johdattaa sinut vieh\u00e4tt\u00e4vien katujen l\u00e4pi esitellen sinulle sek\u00e4 ikonisia maamerkkej\u00e4 ett\u00e4 Maastrichtin piilotettuja kulmia. Matkan varrella kohtaat paikkoja kuten historiallisen Vrijthof-aukion, vaikuttavan Pyh\u00e4n Servatiuksen basilikan ja vieh\u00e4tt\u00e4v\u00e4t naapurustot Jekerkwartierin l\u00e4hell\u00e4. Jokainen sijainti lis\u00e4\u00e4 syvyytt\u00e4 kerrontaan ja tarjoaa uuden n\u00e4k\u00f6kulman kaupungin rikkaaseen luonteeseen.\n\nKoko kaupunkipelin ajan ratkot erilaisia pulmia, luovia valokuvateht\u00e4vi\u00e4 ja paikallisia arvoituksia, jotka haastavat havainnointi- ja ongelmanratkaisutaitojasi. Jokaisen haasteen suorittaminen ansaitsee sinulle pisteit\u00e4 ja avaa vihjeit\u00e4, jotka auttavat sinua etenem\u00e4\u00e4n, paljastaen v\u00e4hitellen Maastrichtin ytimess\u00e4 olevan mysteerin. Peli on joustava \u2013 voit keskeytt\u00e4\u00e4 milloin haluat ja jatkaa my\u00f6hemmin omaan tahtiisi. Jos tunnet itsesi kilpailuhenkiseksi, voit seurata pistem\u00e4\u00e4r\u00e4\u00e4si ja tavoitella k\u00e4rkipaikkaa tulostaululla muiden Maastrichtia tutkivien joukkueiden keskuudessa.","how_to_play":"Varaa seikkailupeli, tarkista l\u00e4hett\u00e4m\u00e4mme s\u00e4hk\u00f6posti, jossa on yksinkertaiset ohjeet, lataa Loquiz App, siirry seikkailupeliin ja olet valmis aloittamaan pelikokemuksesi!","start_location":"Vrijthof Maastricht","available_languages":["en","nl","de"],"players_per_group":"1-4","duration":"1.5-2 hours","image_overlay_color_image":"https:\/\/testwebsite.citygame.com\/wp-content\/blogs.dir\/1\/files\/sites\/62\/2026\/01\/SecretsColor.svg","image_overlay_game_logo":"https:\/\/testwebsite.citygame.com\/wp-content\/blogs.dir\/1\/files\/sites\/62\/2026\/01\/SecretsLogo.png","city_page":4442,"woocommerce_general_content":null},"yoast_head":"<!-- This site is optimized with the Yoast SEO Premium plugin v26.2 (Yoast SEO v26.3) - https:\/\/yoast.com\/wordpress\/plugins\/seo\/ -->\n<title>Secrets of Maastricht - City Game<\/title>\n<meta name=\"description\" content=\"Secrets of Maastricht. Pelaa itseohjattua kaupunkipeli\u00e4 ja tutki kaupunkia pulmien, arvoitusten ja haasteiden kautta. Pelaa omaan tahtiisi ja l\u00f6yd\u00e4 kuin paikallinen!\" \/>\n<meta name=\"robots\" content=\"noindex, follow, max-snippet:-1, max-image-preview:large, max-video-preview:-1\" \/>\n<meta property=\"og:locale\" content=\"fi_FI\" \/>\n<meta property=\"og:type\" content=\"article\" \/>\n<meta property=\"og:title\" content=\"Secrets of Maastricht\" \/>\n<meta property=\"og:description\" content=\"Secrets of Maastricht. Pelaa itseohjattua kaupunkipeli\u00e4 ja tutki kaupunkia pulmien, arvoitusten ja haasteiden kautta. Pelaa omaan tahtiisi ja l\u00f6yd\u00e4 kuin paikallinen!\" \/>\n<meta property=\"og:url\" content=\"https:\/\/testwebsite.citygame.com\/fi\/games\/maastricht\/secrets-of-maastricht\/\" \/>\n<meta property=\"og:site_name\" content=\"City Game\" \/>\n<meta property=\"article:publisher\" content=\"https:\/\/www.facebook.com\/profile.php?id=100086426226253\" \/>\n<meta property=\"article:modified_time\" content=\"2026-04-07T23:28:26+00:00\" \/>\n<meta property=\"og:image\" content=\"https:\/\/testwebsite.citygame.com\/wp-content\/blogs.dir\/1\/files\/sites\/62\/2026\/01\/group-of-friends-playing-city-game-maastricht.jpg\" \/>\n\t<meta property=\"og:image:width\" content=\"1248\" \/>\n\t<meta property=\"og:image:height\" content=\"832\" \/>\n\t<meta property=\"og:image:type\" content=\"image\/jpeg\" \/>\n<meta name=\"twitter:card\" content=\"summary_large_image\" \/>\n<script type=\"application\/ld+json\" class=\"yoast-schema-graph\">{\"@context\":\"https:\/\/schema.org\",\"@graph\":[{\"@type\":\"WebPage\",\"@id\":\"https:\/\/testwebsite.citygame.com\/fi\/games\/maastricht\/secrets-of-maastricht\/\",\"url\":\"https:\/\/testwebsite.citygame.com\/fi\/games\/maastricht\/secrets-of-maastricht\/\",\"name\":\"Secrets of Maastricht - City Game\",\"isPartOf\":{\"@id\":\"https:\/\/testwebsite.upevents.nl\/#website\"},\"primaryImageOfPage\":{\"@id\":\"https:\/\/testwebsite.citygame.com\/fi\/games\/maastricht\/secrets-of-maastricht\/#primaryimage\"},\"image\":{\"@id\":\"https:\/\/testwebsite.citygame.com\/fi\/games\/maastricht\/secrets-of-maastricht\/#primaryimage\"},\"thumbnailUrl\":\"https:\/\/testwebsite.citygame.com\/wp-content\/blogs.dir\/1\/files\/sites\/62\/2026\/01\/group-of-friends-playing-city-game-maastricht.jpg\",\"datePublished\":\"2026-01-27T10:52:40+00:00\",\"dateModified\":\"2026-04-07T23:28:26+00:00\",\"description\":\"Secrets of Maastricht. Pelaa itseohjattua kaupunkipeli\u00e4 ja tutki kaupunkia pulmien, arvoitusten ja haasteiden kautta. Pelaa omaan tahtiisi ja l\u00f6yd\u00e4 kuin paikallinen!\",\"breadcrumb\":{\"@id\":\"https:\/\/testwebsite.citygame.com\/fi\/games\/maastricht\/secrets-of-maastricht\/#breadcrumb\"},\"inLanguage\":\"fi\",\"potentialAction\":[{\"@type\":\"ReadAction\",\"target\":[\"https:\/\/testwebsite.citygame.com\/fi\/games\/maastricht\/secrets-of-maastricht\/\"]}]},{\"@type\":\"ImageObject\",\"inLanguage\":\"fi\",\"@id\":\"https:\/\/testwebsite.citygame.com\/fi\/games\/maastricht\/secrets-of-maastricht\/#primaryimage\",\"url\":\"https:\/\/testwebsite.citygame.com\/wp-content\/blogs.dir\/1\/files\/sites\/62\/2026\/01\/group-of-friends-playing-city-game-maastricht.jpg\",\"contentUrl\":\"https:\/\/testwebsite.citygame.com\/wp-content\/blogs.dir\/1\/files\/sites\/62\/2026\/01\/group-of-friends-playing-city-game-maastricht.jpg\",\"width\":1248,\"height\":832,\"caption\":\"A group of young friends happily gathered around a smartphone while exploring Maastricht's historic canals.\"},{\"@type\":\"BreadcrumbList\",\"@id\":\"https:\/\/testwebsite.citygame.com\/fi\/games\/maastricht\/secrets-of-maastricht\/#breadcrumb\",\"itemListElement\":[{\"@type\":\"ListItem\",\"position\":1,\"name\":\"Home\",\"item\":\"https:\/\/testwebsite.citygame.com\/fi\/\"},{\"@type\":\"ListItem\",\"position\":2,\"name\":\"Shop\",\"item\":\"https:\/\/testwebsite.citygame.com\/shop\/\"},{\"@type\":\"ListItem\",\"position\":3,\"name\":\"Secrets of Maastricht\"}]},{\"@type\":\"WebSite\",\"@id\":\"https:\/\/testwebsite.upevents.nl\/#website\",\"url\":\"https:\/\/testwebsite.upevents.nl\/\",\"name\":\"City Game\",\"description\":\"\",\"publisher\":{\"@id\":\"https:\/\/testwebsite.upevents.nl\/#organization\"},\"alternateName\":\"citygame.com\",\"potentialAction\":[{\"@type\":\"SearchAction\",\"target\":{\"@type\":\"EntryPoint\",\"urlTemplate\":\"https:\/\/testwebsite.upevents.nl\/?s={search_term_string}\"},\"query-input\":{\"@type\":\"PropertyValueSpecification\",\"valueRequired\":true,\"valueName\":\"search_term_string\"}}],\"inLanguage\":\"fi\"},{\"@type\":[\"Organization\",\"Place\"],\"@id\":\"https:\/\/testwebsite.upevents.nl\/#organization\",\"name\":\"City Game\",\"alternateName\":\"citygame.com\",\"url\":\"https:\/\/testwebsite.upevents.nl\/\",\"logo\":{\"@id\":\"https:\/\/testwebsite.citygame.com\/fi\/games\/maastricht\/secrets-of-maastricht\/#local-main-organization-logo\"},\"image\":{\"@id\":\"https:\/\/testwebsite.citygame.com\/fi\/games\/maastricht\/secrets-of-maastricht\/#local-main-organization-logo\"},\"sameAs\":[\"https:\/\/www.facebook.com\/profile.php?id=100086426226253\",\"https:\/\/www.instagram.com\/citygame_com\",\"https:\/\/www.tiktok.com\/@citygamecom\/\",\"https:\/\/www.linkedin.com\/company\/citygame-com\"],\"description\":\"Turn any city into a playground with our interactive City Games and self-guided tours. Fun, flexible, and ideal for groups and team building.\",\"telephone\":[],\"openingHoursSpecification\":[{\"@type\":\"OpeningHoursSpecification\",\"dayOfWeek\":[\"Monday\",\"Tuesday\",\"Wednesday\",\"Thursday\",\"Friday\",\"Saturday\",\"Sunday\"],\"opens\":\"09:00\",\"closes\":\"17:00\"}]},{\"@type\":\"ImageObject\",\"inLanguage\":\"fi\",\"@id\":\"https:\/\/testwebsite.citygame.com\/fi\/games\/maastricht\/secrets-of-maastricht\/#local-main-organization-logo\",\"url\":\"https:\/\/testwebsite.citygame.com\/wp-content\/blogs.dir\/1\/files\/sites\/62\/2025\/10\/CG_LOGO-City-Game.png\",\"contentUrl\":\"https:\/\/testwebsite.citygame.com\/wp-content\/blogs.dir\/1\/files\/sites\/62\/2025\/10\/CG_LOGO-City-Game.png\",\"width\":351,\"height\":377,\"caption\":\"City Game\"}]}<\/script>\n<!-- \/ Yoast SEO Premium plugin. -->","yoast_head_json":{"title":"Secrets of Maastricht - City Game","description":"Secrets of Maastricht. Pelaa itseohjattua kaupunkipeli\u00e4 ja tutki kaupunkia pulmien, arvoitusten ja haasteiden kautta. Pelaa omaan tahtiisi ja l\u00f6yd\u00e4 kuin paikallinen!","robots":{"index":"noindex","follow":"follow","max-snippet":"max-snippet:-1","max-image-preview":"max-image-preview:large","max-video-preview":"max-video-preview:-1"},"og_locale":"fi_FI","og_type":"article","og_title":"Secrets of Maastricht","og_description":"Secrets of Maastricht. Pelaa itseohjattua kaupunkipeli\u00e4 ja tutki kaupunkia pulmien, arvoitusten ja haasteiden kautta. Pelaa omaan tahtiisi ja l\u00f6yd\u00e4 kuin paikallinen!","og_url":"https:\/\/testwebsite.citygame.com\/fi\/games\/maastricht\/secrets-of-maastricht\/","og_site_name":"City Game","article_publisher":"https:\/\/www.facebook.com\/profile.php?id=100086426226253","article_modified_time":"2026-04-07T23:28:26+00:00","og_image":[{"width":1248,"height":832,"url":"https:\/\/testwebsite.citygame.com\/wp-content\/blogs.dir\/1\/files\/sites\/62\/2026\/01\/group-of-friends-playing-city-game-maastricht.jpg","type":"image\/jpeg"}],"twitter_card":"summary_large_image","schema":{"@context":"https:\/\/schema.org","@graph":[{"@type":"WebPage","@id":"https:\/\/testwebsite.citygame.com\/fi\/games\/maastricht\/secrets-of-maastricht\/","url":"https:\/\/testwebsite.citygame.com\/fi\/games\/maastricht\/secrets-of-maastricht\/","name":"Secrets of Maastricht - City Game","isPartOf":{"@id":"https:\/\/testwebsite.upevents.nl\/#website"},"primaryImageOfPage":{"@id":"https:\/\/testwebsite.citygame.com\/fi\/games\/maastricht\/secrets-of-maastricht\/#primaryimage"},"image":{"@id":"https:\/\/testwebsite.citygame.com\/fi\/games\/maastricht\/secrets-of-maastricht\/#primaryimage"},"thumbnailUrl":"https:\/\/testwebsite.citygame.com\/wp-content\/blogs.dir\/1\/files\/sites\/62\/2026\/01\/group-of-friends-playing-city-game-maastricht.jpg","datePublished":"2026-01-27T10:52:40+00:00","dateModified":"2026-04-07T23:28:26+00:00","description":"Secrets of Maastricht. Pelaa itseohjattua kaupunkipeli\u00e4 ja tutki kaupunkia pulmien, arvoitusten ja haasteiden kautta. Pelaa omaan tahtiisi ja l\u00f6yd\u00e4 kuin paikallinen!","breadcrumb":{"@id":"https:\/\/testwebsite.citygame.com\/fi\/games\/maastricht\/secrets-of-maastricht\/#breadcrumb"},"inLanguage":"fi","potentialAction":[{"@type":"ReadAction","target":["https:\/\/testwebsite.citygame.com\/fi\/games\/maastricht\/secrets-of-maastricht\/"]}]},{"@type":"ImageObject","inLanguage":"fi","@id":"https:\/\/testwebsite.citygame.com\/fi\/games\/maastricht\/secrets-of-maastricht\/#primaryimage","url":"https:\/\/testwebsite.citygame.com\/wp-content\/blogs.dir\/1\/files\/sites\/62\/2026\/01\/group-of-friends-playing-city-game-maastricht.jpg","contentUrl":"https:\/\/testwebsite.citygame.com\/wp-content\/blogs.dir\/1\/files\/sites\/62\/2026\/01\/group-of-friends-playing-city-game-maastricht.jpg","width":1248,"height":832,"caption":"A group of young friends happily gathered around a smartphone while exploring Maastricht's historic canals."},{"@type":"BreadcrumbList","@id":"https:\/\/testwebsite.citygame.com\/fi\/games\/maastricht\/secrets-of-maastricht\/#breadcrumb","itemListElement":[{"@type":"ListItem","position":1,"name":"Home","item":"https:\/\/testwebsite.citygame.com\/fi\/"},{"@type":"ListItem","position":2,"name":"Shop","item":"https:\/\/testwebsite.citygame.com\/shop\/"},{"@type":"ListItem","position":3,"name":"Secrets of Maastricht"}]},{"@type":"WebSite","@id":"https:\/\/testwebsite.upevents.nl\/#website","url":"https:\/\/testwebsite.upevents.nl\/","name":"City Game","description":"","publisher":{"@id":"https:\/\/testwebsite.upevents.nl\/#organization"},"alternateName":"citygame.com","potentialAction":[{"@type":"SearchAction","target":{"@type":"EntryPoint","urlTemplate":"https:\/\/testwebsite.upevents.nl\/?s={search_term_string}"},"query-input":{"@type":"PropertyValueSpecification","valueRequired":true,"valueName":"search_term_string"}}],"inLanguage":"fi"},{"@type":["Organization","Place"],"@id":"https:\/\/testwebsite.upevents.nl\/#organization","name":"City Game","alternateName":"citygame.com","url":"https:\/\/testwebsite.upevents.nl\/","logo":{"@id":"https:\/\/testwebsite.citygame.com\/fi\/games\/maastricht\/secrets-of-maastricht\/#local-main-organization-logo"},"image":{"@id":"https:\/\/testwebsite.citygame.com\/fi\/games\/maastricht\/secrets-of-maastricht\/#local-main-organization-logo"},"sameAs":["https:\/\/www.facebook.com\/profile.php?id=100086426226253","https:\/\/www.instagram.com\/citygame_com","https:\/\/www.tiktok.com\/@citygamecom\/","https:\/\/www.linkedin.com\/company\/citygame-com"],"description":"Turn any city into a playground with our interactive City Games and self-guided tours. Fun, flexible, and ideal for groups and team building.","telephone":[],"openingHoursSpecification":[{"@type":"OpeningHoursSpecification","dayOfWeek":["Monday","Tuesday","Wednesday","Thursday","Friday","Saturday","Sunday"],"opens":"09:00","closes":"17:00"}]},{"@type":"ImageObject","inLanguage":"fi","@id":"https:\/\/testwebsite.citygame.com\/fi\/games\/maastricht\/secrets-of-maastricht\/#local-main-organization-logo","url":"https:\/\/testwebsite.citygame.com\/wp-content\/blogs.dir\/1\/files\/sites\/62\/2025\/10\/CG_LOGO-City-Game.png","contentUrl":"https:\/\/testwebsite.citygame.com\/wp-content\/blogs.dir\/1\/files\/sites\/62\/2025\/10\/CG_LOGO-City-Game.png","width":351,"height":377,"caption":"City Game"}]}},"taxonomy_info":{"game-concept":[{"value":712,"label":"Secrets"}],"location":[{"value":256,"label":"Maastricht"}],"product_cat":[{"value":27,"label":"Geen categorie"}]},"featured_image_src_large":["https:\/\/testwebsite.citygame.com\/wp-content\/blogs.dir\/1\/files\/sites\/62\/2026\/01\/group-of-friends-playing-city-game-maastricht-1024x683.jpg",1024,683,true],"author_info":[],"comment_info":"","_links":{"self":[{"href":"https:\/\/testwebsite.citygame.com\/fi\/wp-json\/wp\/v2\/product\/56901","targetHints":{"allow":["GET"]}}],"collection":[{"href":"https:\/\/testwebsite.citygame.com\/fi\/wp-json\/wp\/v2\/product"}],"about":[{"href":"https:\/\/testwebsite.citygame.com\/fi\/wp-json\/wp\/v2\/types\/product"}],"acf:post":[{"embeddable":true,"href":"https:\/\/testwebsite.citygame.com\/fi\/wp-json\/wp\/v2\/pages\/4442"}],"wp:featuredmedia":[{"embeddable":true,"href":"https:\/\/testwebsite.citygame.com\/fi\/wp-json\/wp\/v2\/media\/4452"}],"wp:attachment":[{"href":"https:\/\/testwebsite.citygame.com\/fi\/wp-json\/wp\/v2\/media?parent=56901"}],"wp:term":[{"taxonomy":"game-concept","embeddable":true,"href":"https:\/\/testwebsite.citygame.com\/fi\/wp-json\/wp\/v2\/game-concept?post=56901"},{"taxonomy":"location","embeddable":true,"href":"https:\/\/testwebsite.citygame.com\/fi\/wp-json\/wp\/v2\/location?post=56901"},{"taxonomy":"product_brand","embeddable":true,"href":"https:\/\/testwebsite.citygame.com\/fi\/wp-json\/wp\/v2\/product_brand?post=56901"},{"taxonomy":"product_cat","embeddable":true,"href":"https:\/\/testwebsite.citygame.com\/fi\/wp-json\/wp\/v2\/product_cat?post=56901"},{"taxonomy":"product_tag","embeddable":true,"href":"https:\/\/testwebsite.citygame.com\/fi\/wp-json\/wp\/v2\/product_tag?post=56901"}],"curies":[{"name":"wp","href":"https:\/\/api.w.org\/{rel}","templated":true}]}}