{"id":56561,"date":"2026-02-13T17:14:26","date_gmt":"2026-02-13T17:14:26","guid":{"rendered":"https:\/\/testwebsite.citygame.com\/games\/unknown-location\/the-groningen-syndicate\/"},"modified":"2026-04-07T22:54:28","modified_gmt":"2026-04-07T22:54:28","slug":"the-groningen-syndicate","status":"publish","type":"product","link":"https:\/\/testwebsite.citygame.com\/fi\/games\/groningen\/the-groningen-syndicate\/","title":{"rendered":"The Groningen Syndicate"},"content":{"rendered":"<p>T\u00e4m\u00e4 itseohjattu City Escape -peli Groningenissa sijoittuu Groningenin keskustaan, miss\u00e4 pelaajat muodostavat tiimin jahtaamaan vaikeasti tavoitettavaa Magnusta ja noutamaan kuusi varastettua kaavaa. Sarjan pulmien, teht\u00e4vien ja haasteiden kautta osallistujien on teht\u00e4v\u00e4 tiivist\u00e4 yhteisty\u00f6t\u00e4 edeten askel askeleelta tarinavetoisen teht\u00e4v\u00e4n l\u00e4pi. T\u00e4m\u00e4 Groningenin City Game korostaa tiimity\u00f6t\u00e4, mukaansatempaavaa tarinankerrontaa ja ongelmanratkaisua kokemuksen avainelementtein\u00e4.<\/p>\n","protected":false},"excerpt":{"rendered":"<p>Uppoudu Groningenin itseohjatun City Escape -pelin j\u00e4nnitt\u00e4v\u00e4\u00e4n toimintaan. Ty\u00f6skentele yhdess\u00e4 tiimisi kanssa, selvit\u00e4 monimutkaisia pulmia, seuraa mukaansatempaavia vihjeit\u00e4, navigoi l\u00e4pi haastavien teht\u00e4vien ja paljasta kaupungin piilotettujen salaisuuksien karmiva totuus \u2013 t\u00e4m\u00e4 on adrenaliinipitoinen teht\u00e4v\u00e4, joka vaatii t\u00e4ytt\u00e4 omistautumistasi!<\/p>\n","protected":false},"featured_media":13712,"template":"","meta":{"_acf_changed":false,"_yoast_wpseo_focuskw":"The Groningen Syndicate","_yoast_wpseo_metadesc":"The Groningen Syndicate. Pelaa itseohjattua City Escape -peli\u00e4, ratkaise pulmia, suorita teht\u00e4vi\u00e4 ja palauta varastetut kaavat omaan tahtiisi!","_kad_blocks_custom_css":"","_kad_blocks_head_custom_js":"","_kad_blocks_body_custom_js":"","_kad_blocks_footer_custom_js":"","ghostkit_customizer_options":"","ghostkit_custom_css":"","ghostkit_custom_js_head":"","ghostkit_custom_js_foot":"","ghostkit_typography":"","_kad_post_transparent":"","_kad_post_title":"","_kad_post_layout":"","_kad_post_sidebar_id":"","_kad_post_content_style":"","_kad_post_vertical_padding":"","_kad_post_feature":"","_kad_post_feature_position":"","_kad_post_header":false,"_kad_post_footer":false,"_kad_post_classname":"","_links_to":"","_links_to_target":""},"game-concept":[742],"location":[188],"product_brand":[],"product_cat":[27],"product_tag":[],"class_list":{"0":"post-56561","1":"product","2":"type-product","3":"status-publish","4":"has-post-thumbnail","6":"game-concept-syndicate","7":"location-groningen","8":"product_cat-geen-categorie","10":"first","11":"instock","12":"shipping-taxable","13":"purchasable","14":"product-type-simple","15":"entry","16":"content-bg","17":"loop-entry"},"acf":{"full_bokun_product_name":"Self-Guided The Groningen Syndicate City Escape Game","location_name":"Groningen","bokun_calendar_widget_code":"<script type=\"text\/javascript\" src=\"https:\/\/widgets.bokun.io\/assets\/javascripts\/apps\/build\/BokunWidgetsLoader.js?bookingChannelUUID=a1e93e96-5232-4734-a595-28405f4b5a31\" async><\/script>\n     \n    <div class=\"bokunWidget\" data-src=\"https:\/\/widgets.bokun.io\/online-sales\/a1e93e96-5232-4734-a595-28405f4b5a31\/experience-calendar\/785413\"><\/div>\n    <noscript>Please enable javascript in your browser to book<\/noscript>","bokun_button_widget_code":"<script type=\"text\/javascript\" src=\"https:\/\/widgets.bokun.io\/assets\/javascripts\/apps\/build\/BokunWidgetsLoader.js?bookingChannelUUID=a1e93e96-5232-4734-a595-28405f4b5a31\" async><\/script>\n      <style> #bokun_ed001e45_5927_4f62_b470_ca766338d083 { display: inline-block; padding: .4em 1em; background: #47b82e; border-radius: 999999px; box-shadow: none; font-weight: 600; font-size: 24px; text-decoration: none; text-align: center; color: #FFFFFF; border:none; cursor: pointer; transition: background .2s ease; } #bokun_ed001e45_5927_4f62_b470_ca766338d083:hover{ background: #2f7b1f; } #bokun_ed001e45_5927_4f62_b470_ca766338d083:active{ background: #378f24; } <\/style> <button class=\"bokunButton\" disabled id=bokun_ed001e45_5927_4f62_b470_ca766338d083 data-src=\"https:\/\/widgets.bokun.io\/online-sales\/a1e93e96-5232-4734-a595-28405f4b5a31\/experience-calendar\/785413?partialView=1\" data-testid=\"widget-book-button\" > Book now <\/button> ","what_you\u2019ll_experience_during_the_game":"Astu mukaan korkean panoksen pakoteht\u00e4v\u00e4\u00e4n Groningenin syd\u00e4mess\u00e4, jossa tiimisi teht\u00e4v\u00e4n\u00e4 on j\u00e4ljitt\u00e4\u00e4 vaikeasti tavoitettava Magnus ja palauttaa kuusi varastettua tieteellist\u00e4 kaavaa ennen kuin ne katoavat lopullisesti. Kun teht\u00e4v\u00e4 etenee askel askeleelta, navigoit kaupungin dynaamisten katujen l\u00e4pi, purat salattuja viestej\u00e4, ratkot monikerroksisia pulmia ja suoritat ratkaisevia teht\u00e4vi\u00e4, jotka venytt\u00e4v\u00e4t tiimisi koordinaatiokyvyn \u00e4\u00e4rirajoille.\n\nJokainen osa kokemuksesta on tiukasti sidottu jatkuvaan, tarinavetoiseen kerrontaan, joka vaatii yhteisty\u00f6t\u00e4, kriittist\u00e4 ajattelua ja selke\u00e4\u00e4 kommunikaatiota. Strategiset valinnat muokkaavat teht\u00e4v\u00e4si tahtia ja polkua, ja voit vapaasti keskeytt\u00e4\u00e4 ja jatkaa milloin tahansa olet valmis. Groningenista itsest\u00e4\u00e4n tulee jatkuvasti l\u00e4sn\u00e4 oleva tausta, t\u00e4ynn\u00e4 haasteita ja kiireellisyytt\u00e4, kun p\u00e4\u00e4t\u00f6ksesi m\u00e4\u00e4r\u00e4\u00e4v\u00e4t, pystyyk\u00f6 miehist\u00f6si ovelin Magnusta ja saattamaan operaation p\u00e4\u00e4t\u00f6kseen.","how_to_play":"Varaa City Game, tarkista s\u00e4hk\u00f6postiviestimme ohjeineen, lataa Loquiz App ja aloita pelikokemuksesi!","start_location":"Groningen, Grote Markt","available_languages":["en","nl"],"players_per_group":"1-4","duration":"1.5-2 hours","image_overlay_color_image":"https:\/\/testwebsite.citygame.com\/wp-content\/blogs.dir\/1\/files\/sites\/62\/2026\/01\/SyndicateColor.svg","image_overlay_game_logo":"https:\/\/testwebsite.citygame.com\/wp-content\/blogs.dir\/1\/files\/sites\/62\/2026\/01\/SyndicateLogo.png","city_page":4484,"woocommerce_general_content":null},"yoast_head":"<!-- This site is optimized with the Yoast SEO Premium plugin v26.2 (Yoast SEO v26.3) - https:\/\/yoast.com\/wordpress\/plugins\/seo\/ -->\n<title>The Groningen Syndicate - City Game<\/title>\n<meta name=\"description\" content=\"The Groningen Syndicate. Pelaa itseohjattua City Escape -peli\u00e4, ratkaise pulmia, suorita teht\u00e4vi\u00e4 ja palauta varastetut kaavat omaan tahtiisi!\" \/>\n<meta name=\"robots\" content=\"noindex, follow, max-snippet:-1, max-image-preview:large, max-video-preview:-1\" \/>\n<meta property=\"og:locale\" content=\"fi_FI\" \/>\n<meta property=\"og:type\" content=\"article\" \/>\n<meta property=\"og:title\" content=\"The Groningen Syndicate\" \/>\n<meta property=\"og:description\" content=\"The Groningen Syndicate. Pelaa itseohjattua City Escape -peli\u00e4, ratkaise pulmia, suorita teht\u00e4vi\u00e4 ja palauta varastetut kaavat omaan tahtiisi!\" \/>\n<meta property=\"og:url\" content=\"https:\/\/testwebsite.citygame.com\/fi\/games\/groningen\/the-groningen-syndicate\/\" \/>\n<meta property=\"og:site_name\" content=\"City Game\" \/>\n<meta property=\"article:publisher\" content=\"https:\/\/www.facebook.com\/profile.php?id=100086426226253\" \/>\n<meta property=\"article:modified_time\" content=\"2026-04-07T22:54:28+00:00\" \/>\n<meta property=\"og:image\" content=\"https:\/\/testwebsite.citygame.com\/wp-content\/blogs.dir\/1\/files\/sites\/62\/2026\/02\/players-city-game-groningen-martinikerk.jpg\" \/>\n\t<meta property=\"og:image:width\" content=\"1024\" \/>\n\t<meta property=\"og:image:height\" content=\"1024\" \/>\n\t<meta property=\"og:image:type\" content=\"image\/jpeg\" \/>\n<meta name=\"twitter:card\" content=\"summary_large_image\" \/>\n<script type=\"application\/ld+json\" class=\"yoast-schema-graph\">{\"@context\":\"https:\/\/schema.org\",\"@graph\":[{\"@type\":\"WebPage\",\"@id\":\"https:\/\/testwebsite.citygame.com\/fi\/games\/groningen\/the-groningen-syndicate\/\",\"url\":\"https:\/\/testwebsite.citygame.com\/fi\/games\/groningen\/the-groningen-syndicate\/\",\"name\":\"The Groningen Syndicate - City Game\",\"isPartOf\":{\"@id\":\"https:\/\/testwebsite.upevents.nl\/#website\"},\"primaryImageOfPage\":{\"@id\":\"https:\/\/testwebsite.citygame.com\/fi\/games\/groningen\/the-groningen-syndicate\/#primaryimage\"},\"image\":{\"@id\":\"https:\/\/testwebsite.citygame.com\/fi\/games\/groningen\/the-groningen-syndicate\/#primaryimage\"},\"thumbnailUrl\":\"https:\/\/testwebsite.citygame.com\/wp-content\/blogs.dir\/1\/files\/sites\/62\/2026\/02\/players-city-game-groningen-martinikerk.jpg\",\"datePublished\":\"2026-02-13T17:14:26+00:00\",\"dateModified\":\"2026-04-07T22:54:28+00:00\",\"description\":\"The Groningen Syndicate. Pelaa itseohjattua City Escape -peli\u00e4, ratkaise pulmia, suorita teht\u00e4vi\u00e4 ja palauta varastetut kaavat omaan tahtiisi!\",\"breadcrumb\":{\"@id\":\"https:\/\/testwebsite.citygame.com\/fi\/games\/groningen\/the-groningen-syndicate\/#breadcrumb\"},\"inLanguage\":\"fi\",\"potentialAction\":[{\"@type\":\"ReadAction\",\"target\":[\"https:\/\/testwebsite.citygame.com\/fi\/games\/groningen\/the-groningen-syndicate\/\"]}]},{\"@type\":\"ImageObject\",\"inLanguage\":\"fi\",\"@id\":\"https:\/\/testwebsite.citygame.com\/fi\/games\/groningen\/the-groningen-syndicate\/#primaryimage\",\"url\":\"https:\/\/testwebsite.citygame.com\/wp-content\/blogs.dir\/1\/files\/sites\/62\/2026\/02\/players-city-game-groningen-martinikerk.jpg\",\"contentUrl\":\"https:\/\/testwebsite.citygame.com\/wp-content\/blogs.dir\/1\/files\/sites\/62\/2026\/02\/players-city-game-groningen-martinikerk.jpg\",\"width\":1024,\"height\":1024,\"caption\":\"A group of young people explore the historic center of Groningen using a smartphone.\"},{\"@type\":\"BreadcrumbList\",\"@id\":\"https:\/\/testwebsite.citygame.com\/fi\/games\/groningen\/the-groningen-syndicate\/#breadcrumb\",\"itemListElement\":[{\"@type\":\"ListItem\",\"position\":1,\"name\":\"Home\",\"item\":\"https:\/\/testwebsite.citygame.com\/fi\/\"},{\"@type\":\"ListItem\",\"position\":2,\"name\":\"Shop\",\"item\":\"https:\/\/testwebsite.citygame.com\/shop\/\"},{\"@type\":\"ListItem\",\"position\":3,\"name\":\"The Groningen Syndicate\"}]},{\"@type\":\"WebSite\",\"@id\":\"https:\/\/testwebsite.upevents.nl\/#website\",\"url\":\"https:\/\/testwebsite.upevents.nl\/\",\"name\":\"City Game\",\"description\":\"\",\"publisher\":{\"@id\":\"https:\/\/testwebsite.upevents.nl\/#organization\"},\"alternateName\":\"citygame.com\",\"potentialAction\":[{\"@type\":\"SearchAction\",\"target\":{\"@type\":\"EntryPoint\",\"urlTemplate\":\"https:\/\/testwebsite.upevents.nl\/?s={search_term_string}\"},\"query-input\":{\"@type\":\"PropertyValueSpecification\",\"valueRequired\":true,\"valueName\":\"search_term_string\"}}],\"inLanguage\":\"fi\"},{\"@type\":[\"Organization\",\"Place\"],\"@id\":\"https:\/\/testwebsite.upevents.nl\/#organization\",\"name\":\"City Game\",\"alternateName\":\"citygame.com\",\"url\":\"https:\/\/testwebsite.upevents.nl\/\",\"logo\":{\"@id\":\"https:\/\/testwebsite.citygame.com\/fi\/games\/groningen\/the-groningen-syndicate\/#local-main-organization-logo\"},\"image\":{\"@id\":\"https:\/\/testwebsite.citygame.com\/fi\/games\/groningen\/the-groningen-syndicate\/#local-main-organization-logo\"},\"sameAs\":[\"https:\/\/www.facebook.com\/profile.php?id=100086426226253\",\"https:\/\/www.instagram.com\/citygame_com\",\"https:\/\/www.tiktok.com\/@citygamecom\/\",\"https:\/\/www.linkedin.com\/company\/citygame-com\"],\"description\":\"Turn any city into a playground with our interactive City Games and self-guided tours. Fun, flexible, and ideal for groups and team building.\",\"telephone\":[],\"openingHoursSpecification\":[{\"@type\":\"OpeningHoursSpecification\",\"dayOfWeek\":[\"Monday\",\"Tuesday\",\"Wednesday\",\"Thursday\",\"Friday\",\"Saturday\",\"Sunday\"],\"opens\":\"09:00\",\"closes\":\"17:00\"}]},{\"@type\":\"ImageObject\",\"inLanguage\":\"fi\",\"@id\":\"https:\/\/testwebsite.citygame.com\/fi\/games\/groningen\/the-groningen-syndicate\/#local-main-organization-logo\",\"url\":\"https:\/\/testwebsite.citygame.com\/wp-content\/blogs.dir\/1\/files\/sites\/62\/2025\/10\/CG_LOGO-City-Game.png\",\"contentUrl\":\"https:\/\/testwebsite.citygame.com\/wp-content\/blogs.dir\/1\/files\/sites\/62\/2025\/10\/CG_LOGO-City-Game.png\",\"width\":351,\"height\":377,\"caption\":\"City Game\"}]}<\/script>\n<!-- \/ Yoast SEO Premium plugin. -->","yoast_head_json":{"title":"The Groningen Syndicate - City Game","description":"The Groningen Syndicate. Pelaa itseohjattua City Escape -peli\u00e4, ratkaise pulmia, suorita teht\u00e4vi\u00e4 ja palauta varastetut kaavat omaan tahtiisi!","robots":{"index":"noindex","follow":"follow","max-snippet":"max-snippet:-1","max-image-preview":"max-image-preview:large","max-video-preview":"max-video-preview:-1"},"og_locale":"fi_FI","og_type":"article","og_title":"The Groningen Syndicate","og_description":"The Groningen Syndicate. Pelaa itseohjattua City Escape -peli\u00e4, ratkaise pulmia, suorita teht\u00e4vi\u00e4 ja palauta varastetut kaavat omaan tahtiisi!","og_url":"https:\/\/testwebsite.citygame.com\/fi\/games\/groningen\/the-groningen-syndicate\/","og_site_name":"City Game","article_publisher":"https:\/\/www.facebook.com\/profile.php?id=100086426226253","article_modified_time":"2026-04-07T22:54:28+00:00","og_image":[{"width":1024,"height":1024,"url":"https:\/\/testwebsite.citygame.com\/wp-content\/blogs.dir\/1\/files\/sites\/62\/2026\/02\/players-city-game-groningen-martinikerk.jpg","type":"image\/jpeg"}],"twitter_card":"summary_large_image","schema":{"@context":"https:\/\/schema.org","@graph":[{"@type":"WebPage","@id":"https:\/\/testwebsite.citygame.com\/fi\/games\/groningen\/the-groningen-syndicate\/","url":"https:\/\/testwebsite.citygame.com\/fi\/games\/groningen\/the-groningen-syndicate\/","name":"The Groningen Syndicate - City Game","isPartOf":{"@id":"https:\/\/testwebsite.upevents.nl\/#website"},"primaryImageOfPage":{"@id":"https:\/\/testwebsite.citygame.com\/fi\/games\/groningen\/the-groningen-syndicate\/#primaryimage"},"image":{"@id":"https:\/\/testwebsite.citygame.com\/fi\/games\/groningen\/the-groningen-syndicate\/#primaryimage"},"thumbnailUrl":"https:\/\/testwebsite.citygame.com\/wp-content\/blogs.dir\/1\/files\/sites\/62\/2026\/02\/players-city-game-groningen-martinikerk.jpg","datePublished":"2026-02-13T17:14:26+00:00","dateModified":"2026-04-07T22:54:28+00:00","description":"The Groningen Syndicate. Pelaa itseohjattua City Escape -peli\u00e4, ratkaise pulmia, suorita teht\u00e4vi\u00e4 ja palauta varastetut kaavat omaan tahtiisi!","breadcrumb":{"@id":"https:\/\/testwebsite.citygame.com\/fi\/games\/groningen\/the-groningen-syndicate\/#breadcrumb"},"inLanguage":"fi","potentialAction":[{"@type":"ReadAction","target":["https:\/\/testwebsite.citygame.com\/fi\/games\/groningen\/the-groningen-syndicate\/"]}]},{"@type":"ImageObject","inLanguage":"fi","@id":"https:\/\/testwebsite.citygame.com\/fi\/games\/groningen\/the-groningen-syndicate\/#primaryimage","url":"https:\/\/testwebsite.citygame.com\/wp-content\/blogs.dir\/1\/files\/sites\/62\/2026\/02\/players-city-game-groningen-martinikerk.jpg","contentUrl":"https:\/\/testwebsite.citygame.com\/wp-content\/blogs.dir\/1\/files\/sites\/62\/2026\/02\/players-city-game-groningen-martinikerk.jpg","width":1024,"height":1024,"caption":"A group of young people explore the historic center of Groningen using a smartphone."},{"@type":"BreadcrumbList","@id":"https:\/\/testwebsite.citygame.com\/fi\/games\/groningen\/the-groningen-syndicate\/#breadcrumb","itemListElement":[{"@type":"ListItem","position":1,"name":"Home","item":"https:\/\/testwebsite.citygame.com\/fi\/"},{"@type":"ListItem","position":2,"name":"Shop","item":"https:\/\/testwebsite.citygame.com\/shop\/"},{"@type":"ListItem","position":3,"name":"The Groningen Syndicate"}]},{"@type":"WebSite","@id":"https:\/\/testwebsite.upevents.nl\/#website","url":"https:\/\/testwebsite.upevents.nl\/","name":"City Game","description":"","publisher":{"@id":"https:\/\/testwebsite.upevents.nl\/#organization"},"alternateName":"citygame.com","potentialAction":[{"@type":"SearchAction","target":{"@type":"EntryPoint","urlTemplate":"https:\/\/testwebsite.upevents.nl\/?s={search_term_string}"},"query-input":{"@type":"PropertyValueSpecification","valueRequired":true,"valueName":"search_term_string"}}],"inLanguage":"fi"},{"@type":["Organization","Place"],"@id":"https:\/\/testwebsite.upevents.nl\/#organization","name":"City Game","alternateName":"citygame.com","url":"https:\/\/testwebsite.upevents.nl\/","logo":{"@id":"https:\/\/testwebsite.citygame.com\/fi\/games\/groningen\/the-groningen-syndicate\/#local-main-organization-logo"},"image":{"@id":"https:\/\/testwebsite.citygame.com\/fi\/games\/groningen\/the-groningen-syndicate\/#local-main-organization-logo"},"sameAs":["https:\/\/www.facebook.com\/profile.php?id=100086426226253","https:\/\/www.instagram.com\/citygame_com","https:\/\/www.tiktok.com\/@citygamecom\/","https:\/\/www.linkedin.com\/company\/citygame-com"],"description":"Turn any city into a playground with our interactive City Games and self-guided tours. Fun, flexible, and ideal for groups and team building.","telephone":[],"openingHoursSpecification":[{"@type":"OpeningHoursSpecification","dayOfWeek":["Monday","Tuesday","Wednesday","Thursday","Friday","Saturday","Sunday"],"opens":"09:00","closes":"17:00"}]},{"@type":"ImageObject","inLanguage":"fi","@id":"https:\/\/testwebsite.citygame.com\/fi\/games\/groningen\/the-groningen-syndicate\/#local-main-organization-logo","url":"https:\/\/testwebsite.citygame.com\/wp-content\/blogs.dir\/1\/files\/sites\/62\/2025\/10\/CG_LOGO-City-Game.png","contentUrl":"https:\/\/testwebsite.citygame.com\/wp-content\/blogs.dir\/1\/files\/sites\/62\/2025\/10\/CG_LOGO-City-Game.png","width":351,"height":377,"caption":"City Game"}]}},"taxonomy_info":{"game-concept":[{"value":742,"label":"Syndicate"}],"location":[{"value":188,"label":"Groningen"}],"product_cat":[{"value":27,"label":"Geen categorie"}]},"featured_image_src_large":["https:\/\/testwebsite.citygame.com\/wp-content\/blogs.dir\/1\/files\/sites\/62\/2026\/02\/players-city-game-groningen-martinikerk.jpg",1024,1024,false],"author_info":[],"comment_info":"","_links":{"self":[{"href":"https:\/\/testwebsite.citygame.com\/fi\/wp-json\/wp\/v2\/product\/56561","targetHints":{"allow":["GET"]}}],"collection":[{"href":"https:\/\/testwebsite.citygame.com\/fi\/wp-json\/wp\/v2\/product"}],"about":[{"href":"https:\/\/testwebsite.citygame.com\/fi\/wp-json\/wp\/v2\/types\/product"}],"acf:post":[{"embeddable":true,"href":"https:\/\/testwebsite.citygame.com\/fi\/wp-json\/wp\/v2\/pages\/4484"}],"wp:featuredmedia":[{"embeddable":true,"href":"https:\/\/testwebsite.citygame.com\/fi\/wp-json\/wp\/v2\/media\/13712"}],"wp:attachment":[{"href":"https:\/\/testwebsite.citygame.com\/fi\/wp-json\/wp\/v2\/media?parent=56561"}],"wp:term":[{"taxonomy":"game-concept","embeddable":true,"href":"https:\/\/testwebsite.citygame.com\/fi\/wp-json\/wp\/v2\/game-concept?post=56561"},{"taxonomy":"location","embeddable":true,"href":"https:\/\/testwebsite.citygame.com\/fi\/wp-json\/wp\/v2\/location?post=56561"},{"taxonomy":"product_brand","embeddable":true,"href":"https:\/\/testwebsite.citygame.com\/fi\/wp-json\/wp\/v2\/product_brand?post=56561"},{"taxonomy":"product_cat","embeddable":true,"href":"https:\/\/testwebsite.citygame.com\/fi\/wp-json\/wp\/v2\/product_cat?post=56561"},{"taxonomy":"product_tag","embeddable":true,"href":"https:\/\/testwebsite.citygame.com\/fi\/wp-json\/wp\/v2\/product_tag?post=56561"}],"curies":[{"name":"wp","href":"https:\/\/api.w.org\/{rel}","templated":true}]}}