{"id":55734,"date":"2026-02-19T11:34:38","date_gmt":"2026-02-19T11:34:38","guid":{"rendered":"https:\/\/testwebsite.citygame.com\/games\/unknown-location\/sherlock-holmes-montpellier\/"},"modified":"2026-04-07T21:26:32","modified_gmt":"2026-04-07T21:26:32","slug":"sherlock-holmes-montpellier","status":"publish","type":"product","link":"https:\/\/testwebsite.citygame.com\/fi\/games\/montpellier\/sherlock-holmes-montpellier\/","title":{"rendered":"Sherlock Holmes Montpellier"},"content":{"rendered":"<p>Uppoudu Sherlock Holmesin maailmaan omatoimisessa, tarinavetoisessa Sherlock Holmes City Game -peliss\u00e4, joka sijoittuu Montpellierin keskustaan. Vilkas kaupunki muuttuu mukaansatempaavaksi n\u00e4ytt\u00e4m\u00f6ksi j\u00e4nnitt\u00e4v\u00e4lle etsiv\u00e4tutkimukselle, kun etenet tarinassa omaan tahtiisi, j\u00e4nnityksen t\u00e4ytt\u00e4m\u00e4n Liberty Festivalin puitteissa. Paranna tutkintataitojasi ker\u00e4\u00e4m\u00e4ll\u00e4 todisteita, kuulustelemalla digitaalisia ep\u00e4iltyj\u00e4 ja purkamalla arvoituksia ratkaistaksesi salaper\u00e4isen murhan, samalla kokien ikonisen etsiv\u00e4n saappaisiin astumisen j\u00e4nnityksen.<\/p>\n","protected":false},"excerpt":{"rendered":"<p>Astu juonittelun ja p\u00e4\u00e4ttelyn maailmaan Sherlock Holmesina kiehtovassa, omatoimisessa murhamysteeripeliss\u00e4, joka sijoittuu Montpellieriin. Yhdist\u00e4m\u00e4ll\u00e4 voimanne ja k\u00e4ytt\u00e4m\u00e4ll\u00e4 \u00e4ly\u00e4nne vihjeiden seuraamiseen, arvoitusten ratkaisemiseen ja palapelin kokoamiseen, paljastatte j\u00e4rkytt\u00e4v\u00e4n totuuden ennen kuin aika loppuu!<\/p>\n","protected":false},"featured_media":14839,"template":"","meta":{"_acf_changed":false,"_yoast_wpseo_focuskw":"Sherlock Holmes Montpellier","_yoast_wpseo_metadesc":"Sherlock Holmes Montpellier. Pelaa omatoimista murhamysteeri City Game -peli\u00e4, ratkaise arvoituksia, seuraa vihjeit\u00e4 ja paljasta murhaaja omaan tahtiisi!","_kad_blocks_custom_css":"","_kad_blocks_head_custom_js":"","_kad_blocks_body_custom_js":"","_kad_blocks_footer_custom_js":"","ghostkit_customizer_options":"","ghostkit_custom_css":"","ghostkit_custom_js_head":"","ghostkit_custom_js_foot":"","ghostkit_typography":"","_kad_post_transparent":"","_kad_post_title":"","_kad_post_layout":"","_kad_post_sidebar_id":"","_kad_post_content_style":"","_kad_post_vertical_padding":"","_kad_post_feature":"","_kad_post_feature_position":"","_kad_post_header":false,"_kad_post_footer":false,"_kad_post_classname":"","_links_to":"","_links_to_target":""},"game-concept":[773],"location":[283],"product_brand":[],"product_cat":[27],"product_tag":[],"class_list":{"0":"post-55734","1":"product","2":"type-product","3":"status-publish","4":"has-post-thumbnail","6":"game-concept-sherlock","7":"location-montpellier","8":"product_cat-geen-categorie","10":"first","11":"instock","12":"shipping-taxable","13":"purchasable","14":"product-type-simple","15":"entry","16":"content-bg","17":"loop-entry"},"acf":{"full_bokun_product_name":"Montpellier Self-Guided Sherlock Holmes Murder Mystery Game","location_name":"Montpellier","bokun_calendar_widget_code":"<script type=\"text\/javascript\" src=\"https:\/\/widgets.bokun.io\/assets\/javascripts\/apps\/build\/BokunWidgetsLoader.js?bookingChannelUUID=a1e93e96-5232-4734-a595-28405f4b5a31\" async><\/script>\n     \n    <div class=\"bokunWidget\" data-src=\"https:\/\/widgets.bokun.io\/online-sales\/a1e93e96-5232-4734-a595-28405f4b5a31\/experience-calendar\/771528\"><\/div>\n    <noscript>Please enable javascript in your browser to book<\/noscript>","bokun_button_widget_code":"<script type=\"text\/javascript\" src=\"https:\/\/widgets.bokun.io\/assets\/javascripts\/apps\/build\/BokunWidgetsLoader.js?bookingChannelUUID=a1e93e96-5232-4734-a595-28405f4b5a31\" async><\/script>\n      <style> #bokun_ed001e45_5927_4f62_b470_ca766338d083 { display: inline-block; padding: .4em 1em; background: #47b82e; border-radius: 999999px; box-shadow: none; font-weight: 600; font-size: 24px; text-decoration: none; text-align: center; color: #FFFFFF; border:none; cursor: pointer; transition: background .2s ease; } #bokun_ed001e45_5927_4f62_b470_ca766338d083:hover{ background: #2f7b1f; } #bokun_ed001e45_5927_4f62_b470_ca766338d083:active{ background: #378f24; } <\/style> <button class=\"bokunButton\" disabled id=bokun_ed001e45_5927_4f62_b470_ca766338d083 data-src=\"https:\/\/widgets.bokun.io\/online-sales\/a1e93e96-5232-4734-a595-28405f4b5a31\/experience-calendar\/771528?partialView=1\" data-testid=\"widget-book-button\" > Book now <\/button> ","what_you\u2019ll_experience_during_the_game":"Kun aloitat Sherlock Holmes City Game -pelin, olet sukeltamassa j\u00e4nnitt\u00e4v\u00e4\u00e4n etsiv\u00e4tarinaan upean Montpellierin maisemissa. T\u00e4m\u00e4 kiehtova tarina kietoutuu kaupungin rakenteisiin paljastaen sen syvyyksi\u00e4 pala palalta, kun seuraat arvoitusten j\u00e4lki\u00e4 ja kohtaat odottamattomia k\u00e4\u00e4nteit\u00e4 joka k\u00e4\u00e4nteess\u00e4. Hy\u00f6dynn\u00e4 havainnointi- ja p\u00e4\u00e4ttelykyky\u00e4si, kun kaivat esiin ratkaisevia vihjeit\u00e4, ratkaiset monimutkaisia arvoituksia ja kuulustelet digitaalisia ep\u00e4iltyj\u00e4 selvitt\u00e4\u00e4ksesi monimutkaisia alibeja ja todistuksista johtuvia ristiriitaisuuksia. \n\nT\u00e4m\u00e4 mukaansatempaava Sherlock Holmes City Game on ep\u00e4ilem\u00e4tt\u00e4 matka mestarillisesti luodun, t\u00e4ysin tarinavetoisen ja j\u00e4nnitt\u00e4v\u00e4n kertomuksen l\u00e4pi. L\u00f6yd\u00e4t itsesi murhamysteerin ytimest\u00e4, joka paljastui Montpellierin Liberty Festivalin aikana. Jokaisesta kryptisest\u00e4 vihjeest\u00e4 jokaiseen ep\u00e4ilytt\u00e4v\u00e4\u00e4n hahmoon, t\u00e4m\u00e4 on kilpajuoksu aikaa vastaan paljastaa pelottavan rikoksen taustalla oleva levoton totuus. J\u00e4nnitt\u00e4vint\u00e4 on, ett\u00e4 voit suorittaa t\u00e4m\u00e4n j\u00e4nnitt\u00e4v\u00e4n matkan omaan tahtiisi, pys\u00e4ytt\u00e4en ja jatkaen milloin tahansa. Jos olet valmis pieneen yst\u00e4v\u00e4lliseen kilpailuun, kutsu muita mukaan ja katsokaa, kuka on ensimm\u00e4inen kokoamaan palapelin.","how_to_play":"Pelaa yksin tai yst\u00e4vien, perheen tai kollegoiden kanssa enint\u00e4\u00e4n nelj\u00e4n hengen joukkueissa per laite. Varauksen j\u00e4lkeen saat s\u00e4hk\u00f6postitse ohjeet kaikesta tarvitsemastasi.","start_location":"Montpellier, Cour d\u2019Appel de Montepellier","available_languages":["en","nl","es","fr","de","it"],"players_per_group":"1-4","duration":"1.5-2 hours","image_overlay_color_image":"https:\/\/testwebsite.citygame.com\/wp-content\/blogs.dir\/1\/files\/sites\/62\/2026\/01\/SherlockColor.svg","image_overlay_game_logo":"https:\/\/testwebsite.citygame.com\/wp-content\/blogs.dir\/1\/files\/sites\/62\/2026\/01\/SherlockLogo.png","city_page":8790,"woocommerce_general_content":null},"yoast_head":"<!-- This site is optimized with the Yoast SEO Premium plugin v26.2 (Yoast SEO v26.3) - https:\/\/yoast.com\/wordpress\/plugins\/seo\/ -->\n<title>Sherlock Holmes Montpellier - City Game<\/title>\n<meta name=\"description\" content=\"Sherlock Holmes Montpellier. Pelaa omatoimista murhamysteeri City Game -peli\u00e4, ratkaise arvoituksia, seuraa vihjeit\u00e4 ja paljasta murhaaja omaan tahtiisi!\" \/>\n<meta name=\"robots\" content=\"noindex, follow, max-snippet:-1, max-image-preview:large, max-video-preview:-1\" \/>\n<meta property=\"og:locale\" content=\"fi_FI\" \/>\n<meta property=\"og:type\" content=\"article\" \/>\n<meta property=\"og:title\" content=\"Sherlock Holmes Montpellier\" \/>\n<meta property=\"og:description\" content=\"Sherlock Holmes Montpellier. Pelaa omatoimista murhamysteeri City Game -peli\u00e4, ratkaise arvoituksia, seuraa vihjeit\u00e4 ja paljasta murhaaja omaan tahtiisi!\" \/>\n<meta property=\"og:url\" content=\"https:\/\/testwebsite.citygame.com\/fi\/games\/montpellier\/sherlock-holmes-montpellier\/\" \/>\n<meta property=\"og:site_name\" content=\"City Game\" \/>\n<meta property=\"article:publisher\" content=\"https:\/\/www.facebook.com\/profile.php?id=100086426226253\" \/>\n<meta property=\"article:modified_time\" content=\"2026-04-07T21:26:32+00:00\" \/>\n<meta property=\"og:image\" content=\"https:\/\/testwebsite.citygame.com\/wp-content\/blogs.dir\/1\/files\/sites\/62\/2026\/02\/montpellier-sherlock-city-game-musee-fabre.jpg\" \/>\n\t<meta property=\"og:image:width\" content=\"1024\" \/>\n\t<meta property=\"og:image:height\" content=\"1024\" \/>\n\t<meta property=\"og:image:type\" content=\"image\/jpeg\" \/>\n<meta name=\"twitter:card\" content=\"summary_large_image\" \/>\n<script type=\"application\/ld+json\" class=\"yoast-schema-graph\">{\"@context\":\"https:\/\/schema.org\",\"@graph\":[{\"@type\":\"WebPage\",\"@id\":\"https:\/\/testwebsite.citygame.com\/fi\/games\/montpellier\/sherlock-holmes-montpellier\/\",\"url\":\"https:\/\/testwebsite.citygame.com\/fi\/games\/montpellier\/sherlock-holmes-montpellier\/\",\"name\":\"Sherlock Holmes Montpellier - City Game\",\"isPartOf\":{\"@id\":\"https:\/\/testwebsite.upevents.nl\/#website\"},\"primaryImageOfPage\":{\"@id\":\"https:\/\/testwebsite.citygame.com\/fi\/games\/montpellier\/sherlock-holmes-montpellier\/#primaryimage\"},\"image\":{\"@id\":\"https:\/\/testwebsite.citygame.com\/fi\/games\/montpellier\/sherlock-holmes-montpellier\/#primaryimage\"},\"thumbnailUrl\":\"https:\/\/testwebsite.citygame.com\/wp-content\/blogs.dir\/1\/files\/sites\/62\/2026\/02\/montpellier-sherlock-city-game-musee-fabre.jpg\",\"datePublished\":\"2026-02-19T11:34:38+00:00\",\"dateModified\":\"2026-04-07T21:26:32+00:00\",\"description\":\"Sherlock Holmes Montpellier. Pelaa omatoimista murhamysteeri City Game -peli\u00e4, ratkaise arvoituksia, seuraa vihjeit\u00e4 ja paljasta murhaaja omaan tahtiisi!\",\"breadcrumb\":{\"@id\":\"https:\/\/testwebsite.citygame.com\/fi\/games\/montpellier\/sherlock-holmes-montpellier\/#breadcrumb\"},\"inLanguage\":\"fi\",\"potentialAction\":[{\"@type\":\"ReadAction\",\"target\":[\"https:\/\/testwebsite.citygame.com\/fi\/games\/montpellier\/sherlock-holmes-montpellier\/\"]}]},{\"@type\":\"ImageObject\",\"inLanguage\":\"fi\",\"@id\":\"https:\/\/testwebsite.citygame.com\/fi\/games\/montpellier\/sherlock-holmes-montpellier\/#primaryimage\",\"url\":\"https:\/\/testwebsite.citygame.com\/wp-content\/blogs.dir\/1\/files\/sites\/62\/2026\/02\/montpellier-sherlock-city-game-musee-fabre.jpg\",\"contentUrl\":\"https:\/\/testwebsite.citygame.com\/wp-content\/blogs.dir\/1\/files\/sites\/62\/2026\/02\/montpellier-sherlock-city-game-musee-fabre.jpg\",\"width\":1024,\"height\":1024,\"caption\":\"A player uses his smartphone to solve challenges in front of the Mus\u00e9e Fabre in Montpellier.\"},{\"@type\":\"BreadcrumbList\",\"@id\":\"https:\/\/testwebsite.citygame.com\/fi\/games\/montpellier\/sherlock-holmes-montpellier\/#breadcrumb\",\"itemListElement\":[{\"@type\":\"ListItem\",\"position\":1,\"name\":\"Home\",\"item\":\"https:\/\/testwebsite.citygame.com\/fi\/\"},{\"@type\":\"ListItem\",\"position\":2,\"name\":\"Shop\",\"item\":\"https:\/\/testwebsite.citygame.com\/shop\/\"},{\"@type\":\"ListItem\",\"position\":3,\"name\":\"Sherlock Holmes Montpellier\"}]},{\"@type\":\"WebSite\",\"@id\":\"https:\/\/testwebsite.upevents.nl\/#website\",\"url\":\"https:\/\/testwebsite.upevents.nl\/\",\"name\":\"City Game\",\"description\":\"\",\"publisher\":{\"@id\":\"https:\/\/testwebsite.upevents.nl\/#organization\"},\"alternateName\":\"citygame.com\",\"potentialAction\":[{\"@type\":\"SearchAction\",\"target\":{\"@type\":\"EntryPoint\",\"urlTemplate\":\"https:\/\/testwebsite.upevents.nl\/?s={search_term_string}\"},\"query-input\":{\"@type\":\"PropertyValueSpecification\",\"valueRequired\":true,\"valueName\":\"search_term_string\"}}],\"inLanguage\":\"fi\"},{\"@type\":[\"Organization\",\"Place\"],\"@id\":\"https:\/\/testwebsite.upevents.nl\/#organization\",\"name\":\"City Game\",\"alternateName\":\"citygame.com\",\"url\":\"https:\/\/testwebsite.upevents.nl\/\",\"logo\":{\"@id\":\"https:\/\/testwebsite.citygame.com\/fi\/games\/montpellier\/sherlock-holmes-montpellier\/#local-main-organization-logo\"},\"image\":{\"@id\":\"https:\/\/testwebsite.citygame.com\/fi\/games\/montpellier\/sherlock-holmes-montpellier\/#local-main-organization-logo\"},\"sameAs\":[\"https:\/\/www.facebook.com\/profile.php?id=100086426226253\",\"https:\/\/www.instagram.com\/citygame_com\",\"https:\/\/www.tiktok.com\/@citygamecom\/\",\"https:\/\/www.linkedin.com\/company\/citygame-com\"],\"description\":\"Turn any city into a playground with our interactive City Games and self-guided tours. Fun, flexible, and ideal for groups and team building.\",\"telephone\":[],\"openingHoursSpecification\":[{\"@type\":\"OpeningHoursSpecification\",\"dayOfWeek\":[\"Monday\",\"Tuesday\",\"Wednesday\",\"Thursday\",\"Friday\",\"Saturday\",\"Sunday\"],\"opens\":\"09:00\",\"closes\":\"17:00\"}]},{\"@type\":\"ImageObject\",\"inLanguage\":\"fi\",\"@id\":\"https:\/\/testwebsite.citygame.com\/fi\/games\/montpellier\/sherlock-holmes-montpellier\/#local-main-organization-logo\",\"url\":\"https:\/\/testwebsite.citygame.com\/wp-content\/blogs.dir\/1\/files\/sites\/62\/2025\/10\/CG_LOGO-City-Game.png\",\"contentUrl\":\"https:\/\/testwebsite.citygame.com\/wp-content\/blogs.dir\/1\/files\/sites\/62\/2025\/10\/CG_LOGO-City-Game.png\",\"width\":351,\"height\":377,\"caption\":\"City Game\"}]}<\/script>\n<!-- \/ Yoast SEO Premium plugin. -->","yoast_head_json":{"title":"Sherlock Holmes Montpellier - City Game","description":"Sherlock Holmes Montpellier. Pelaa omatoimista murhamysteeri City Game -peli\u00e4, ratkaise arvoituksia, seuraa vihjeit\u00e4 ja paljasta murhaaja omaan tahtiisi!","robots":{"index":"noindex","follow":"follow","max-snippet":"max-snippet:-1","max-image-preview":"max-image-preview:large","max-video-preview":"max-video-preview:-1"},"og_locale":"fi_FI","og_type":"article","og_title":"Sherlock Holmes Montpellier","og_description":"Sherlock Holmes Montpellier. Pelaa omatoimista murhamysteeri City Game -peli\u00e4, ratkaise arvoituksia, seuraa vihjeit\u00e4 ja paljasta murhaaja omaan tahtiisi!","og_url":"https:\/\/testwebsite.citygame.com\/fi\/games\/montpellier\/sherlock-holmes-montpellier\/","og_site_name":"City Game","article_publisher":"https:\/\/www.facebook.com\/profile.php?id=100086426226253","article_modified_time":"2026-04-07T21:26:32+00:00","og_image":[{"width":1024,"height":1024,"url":"https:\/\/testwebsite.citygame.com\/wp-content\/blogs.dir\/1\/files\/sites\/62\/2026\/02\/montpellier-sherlock-city-game-musee-fabre.jpg","type":"image\/jpeg"}],"twitter_card":"summary_large_image","schema":{"@context":"https:\/\/schema.org","@graph":[{"@type":"WebPage","@id":"https:\/\/testwebsite.citygame.com\/fi\/games\/montpellier\/sherlock-holmes-montpellier\/","url":"https:\/\/testwebsite.citygame.com\/fi\/games\/montpellier\/sherlock-holmes-montpellier\/","name":"Sherlock Holmes Montpellier - City Game","isPartOf":{"@id":"https:\/\/testwebsite.upevents.nl\/#website"},"primaryImageOfPage":{"@id":"https:\/\/testwebsite.citygame.com\/fi\/games\/montpellier\/sherlock-holmes-montpellier\/#primaryimage"},"image":{"@id":"https:\/\/testwebsite.citygame.com\/fi\/games\/montpellier\/sherlock-holmes-montpellier\/#primaryimage"},"thumbnailUrl":"https:\/\/testwebsite.citygame.com\/wp-content\/blogs.dir\/1\/files\/sites\/62\/2026\/02\/montpellier-sherlock-city-game-musee-fabre.jpg","datePublished":"2026-02-19T11:34:38+00:00","dateModified":"2026-04-07T21:26:32+00:00","description":"Sherlock Holmes Montpellier. Pelaa omatoimista murhamysteeri City Game -peli\u00e4, ratkaise arvoituksia, seuraa vihjeit\u00e4 ja paljasta murhaaja omaan tahtiisi!","breadcrumb":{"@id":"https:\/\/testwebsite.citygame.com\/fi\/games\/montpellier\/sherlock-holmes-montpellier\/#breadcrumb"},"inLanguage":"fi","potentialAction":[{"@type":"ReadAction","target":["https:\/\/testwebsite.citygame.com\/fi\/games\/montpellier\/sherlock-holmes-montpellier\/"]}]},{"@type":"ImageObject","inLanguage":"fi","@id":"https:\/\/testwebsite.citygame.com\/fi\/games\/montpellier\/sherlock-holmes-montpellier\/#primaryimage","url":"https:\/\/testwebsite.citygame.com\/wp-content\/blogs.dir\/1\/files\/sites\/62\/2026\/02\/montpellier-sherlock-city-game-musee-fabre.jpg","contentUrl":"https:\/\/testwebsite.citygame.com\/wp-content\/blogs.dir\/1\/files\/sites\/62\/2026\/02\/montpellier-sherlock-city-game-musee-fabre.jpg","width":1024,"height":1024,"caption":"A player uses his smartphone to solve challenges in front of the Mus\u00e9e Fabre in Montpellier."},{"@type":"BreadcrumbList","@id":"https:\/\/testwebsite.citygame.com\/fi\/games\/montpellier\/sherlock-holmes-montpellier\/#breadcrumb","itemListElement":[{"@type":"ListItem","position":1,"name":"Home","item":"https:\/\/testwebsite.citygame.com\/fi\/"},{"@type":"ListItem","position":2,"name":"Shop","item":"https:\/\/testwebsite.citygame.com\/shop\/"},{"@type":"ListItem","position":3,"name":"Sherlock Holmes Montpellier"}]},{"@type":"WebSite","@id":"https:\/\/testwebsite.upevents.nl\/#website","url":"https:\/\/testwebsite.upevents.nl\/","name":"City Game","description":"","publisher":{"@id":"https:\/\/testwebsite.upevents.nl\/#organization"},"alternateName":"citygame.com","potentialAction":[{"@type":"SearchAction","target":{"@type":"EntryPoint","urlTemplate":"https:\/\/testwebsite.upevents.nl\/?s={search_term_string}"},"query-input":{"@type":"PropertyValueSpecification","valueRequired":true,"valueName":"search_term_string"}}],"inLanguage":"fi"},{"@type":["Organization","Place"],"@id":"https:\/\/testwebsite.upevents.nl\/#organization","name":"City Game","alternateName":"citygame.com","url":"https:\/\/testwebsite.upevents.nl\/","logo":{"@id":"https:\/\/testwebsite.citygame.com\/fi\/games\/montpellier\/sherlock-holmes-montpellier\/#local-main-organization-logo"},"image":{"@id":"https:\/\/testwebsite.citygame.com\/fi\/games\/montpellier\/sherlock-holmes-montpellier\/#local-main-organization-logo"},"sameAs":["https:\/\/www.facebook.com\/profile.php?id=100086426226253","https:\/\/www.instagram.com\/citygame_com","https:\/\/www.tiktok.com\/@citygamecom\/","https:\/\/www.linkedin.com\/company\/citygame-com"],"description":"Turn any city into a playground with our interactive City Games and self-guided tours. Fun, flexible, and ideal for groups and team building.","telephone":[],"openingHoursSpecification":[{"@type":"OpeningHoursSpecification","dayOfWeek":["Monday","Tuesday","Wednesday","Thursday","Friday","Saturday","Sunday"],"opens":"09:00","closes":"17:00"}]},{"@type":"ImageObject","inLanguage":"fi","@id":"https:\/\/testwebsite.citygame.com\/fi\/games\/montpellier\/sherlock-holmes-montpellier\/#local-main-organization-logo","url":"https:\/\/testwebsite.citygame.com\/wp-content\/blogs.dir\/1\/files\/sites\/62\/2025\/10\/CG_LOGO-City-Game.png","contentUrl":"https:\/\/testwebsite.citygame.com\/wp-content\/blogs.dir\/1\/files\/sites\/62\/2025\/10\/CG_LOGO-City-Game.png","width":351,"height":377,"caption":"City Game"}]}},"taxonomy_info":{"game-concept":[{"value":773,"label":"Sherlock"}],"location":[{"value":283,"label":"Montpellier"}],"product_cat":[{"value":27,"label":"Geen categorie"}]},"featured_image_src_large":["https:\/\/testwebsite.citygame.com\/wp-content\/blogs.dir\/1\/files\/sites\/62\/2026\/02\/montpellier-sherlock-city-game-musee-fabre.jpg",1024,1024,false],"author_info":[],"comment_info":"","_links":{"self":[{"href":"https:\/\/testwebsite.citygame.com\/fi\/wp-json\/wp\/v2\/product\/55734","targetHints":{"allow":["GET"]}}],"collection":[{"href":"https:\/\/testwebsite.citygame.com\/fi\/wp-json\/wp\/v2\/product"}],"about":[{"href":"https:\/\/testwebsite.citygame.com\/fi\/wp-json\/wp\/v2\/types\/product"}],"acf:post":[{"embeddable":true,"href":"https:\/\/testwebsite.citygame.com\/fi\/wp-json\/wp\/v2\/pages\/8790"}],"wp:featuredmedia":[{"embeddable":true,"href":"https:\/\/testwebsite.citygame.com\/fi\/wp-json\/wp\/v2\/media\/14839"}],"wp:attachment":[{"href":"https:\/\/testwebsite.citygame.com\/fi\/wp-json\/wp\/v2\/media?parent=55734"}],"wp:term":[{"taxonomy":"game-concept","embeddable":true,"href":"https:\/\/testwebsite.citygame.com\/fi\/wp-json\/wp\/v2\/game-concept?post=55734"},{"taxonomy":"location","embeddable":true,"href":"https:\/\/testwebsite.citygame.com\/fi\/wp-json\/wp\/v2\/location?post=55734"},{"taxonomy":"product_brand","embeddable":true,"href":"https:\/\/testwebsite.citygame.com\/fi\/wp-json\/wp\/v2\/product_brand?post=55734"},{"taxonomy":"product_cat","embeddable":true,"href":"https:\/\/testwebsite.citygame.com\/fi\/wp-json\/wp\/v2\/product_cat?post=55734"},{"taxonomy":"product_tag","embeddable":true,"href":"https:\/\/testwebsite.citygame.com\/fi\/wp-json\/wp\/v2\/product_tag?post=55734"}],"curies":[{"name":"wp","href":"https:\/\/api.w.org\/{rel}","templated":true}]}}