{"id":54855,"date":"2026-01-13T09:42:04","date_gmt":"2026-01-13T09:42:04","guid":{"rendered":"https:\/\/testwebsite.citygame.com\/games\/unknown-location\/secrets-of-poznan\/"},"modified":"2026-04-07T19:42:50","modified_gmt":"2026-04-07T19:42:50","slug":"secrets-of-poznan","status":"publish","type":"product","link":"https:\/\/testwebsite.citygame.com\/fi\/games\/poznan\/secrets-of-poznan\/","title":{"rendered":"Secrets of Pozna\u0144"},"content":{"rendered":"<p>City Game Pozna\u0144 on omatoiminen, GPS-pohjainen peli, joka sijoittuu Pozna\u0144in historialliseen keskustaan. \u00c4lypuhelimellasi tutkit kaupunkia samalla kun ratkaiset pulmia, arvoituksia ja valokuvahaasteita, jotka paljastavat kiehtovia yksityiskohtia Pozna\u0144in historiasta, kulttuurista ja piilotetuista kolkista. T\u00e4m\u00e4 omatoiminen kaupunkipeli tarjoaa interaktiivisen ja mukaansatempaavan tavan tutustua paikalliseen tunnelmaan omaan tahtiisi. Se sopii niin vierailijoille kuin paikallisillekin, ja toimii yht\u00e4 hyvin yksin pelaaville, pariskunnille, perheille tai kaveriporukoille. Olitpa sitten uusi Pozna\u0144issa tai tunnet sen hyvin, t\u00e4m\u00e4 tutkimuspeli tarjoaa uuden n\u00e4k\u00f6kulman leikkis\u00e4n ja informatiivisen kokemuksen kautta.<\/p>\n","protected":false},"excerpt":{"rendered":"<p>Selvitt\u00e4k\u00e4\u00e4 Pozna\u0144in croissantin salaisuus! Astukaa kaupunkiin, jossa legendat nousevat kuninkaallisista saleista ja makeat tuoksut t\u00e4ytt\u00e4v\u00e4t ilman, kun autatte Beniamin P\u0105czkoa valloittamaan takaisin legendojen leivonnaisen.<\/p>\n","protected":false},"featured_media":3528,"template":"","meta":{"_acf_changed":false,"_yoast_wpseo_focuskw":"Secrets of Pozna\u0144","_yoast_wpseo_metadesc":"Secrets of Pozna\u0144. Pelaa omatoiminen kaupunkipeli ja tutustu kaupunkiin pulmien, arvoitusten ja haasteiden kautta. Pelaa omaan tahtiisi ja l\u00f6yd\u00e4 kaupunki kuin paikallinen!","_kad_blocks_custom_css":"","_kad_blocks_head_custom_js":"","_kad_blocks_body_custom_js":"","_kad_blocks_footer_custom_js":"","ghostkit_customizer_options":"","ghostkit_custom_css":"","ghostkit_custom_js_head":"","ghostkit_custom_js_foot":"","ghostkit_typography":"","_kad_post_transparent":"default","_kad_post_title":"","_kad_post_layout":"default","_kad_post_sidebar_id":"","_kad_post_content_style":"default","_kad_post_vertical_padding":"default","_kad_post_feature":"","_kad_post_feature_position":"","_kad_post_header":false,"_kad_post_footer":false,"_kad_post_classname":"","_links_to":"","_links_to_target":""},"game-concept":[712],"location":[330],"product_brand":[],"product_cat":[27],"product_tag":[],"class_list":{"0":"post-54855","1":"product","2":"type-product","3":"status-publish","4":"has-post-thumbnail","6":"game-concept-secrets","7":"location-poznan","8":"product_cat-geen-categorie","10":"first","11":"instock","12":"shipping-taxable","13":"purchasable","14":"product-type-simple","15":"entry","16":"content-bg","17":"loop-entry"},"acf":{"full_bokun_product_name":"Self-Guided Secrets of Pozna\u0144 Exploration Game","location_name":"Pozna\u0144","bokun_calendar_widget_code":"<script type=\"text\/javascript\" src=\"https:\/\/widgets.bokun.io\/assets\/javascripts\/apps\/build\/BokunWidgetsLoader.js?bookingChannelUUID=a1e93e96-5232-4734-a595-28405f4b5a31\" async><\/script>\n     \n    <div class=\"bokunWidget\" data-src=\"https:\/\/widgets.bokun.io\/online-sales\/a1e93e96-5232-4734-a595-28405f4b5a31\/experience-calendar\/1102397\"><\/div>\n    <noscript>Please enable javascript in your browser to book<\/noscript>","bokun_button_widget_code":"<script type=\"text\/javascript\" src=\"https:\/\/widgets.bokun.io\/assets\/javascripts\/apps\/build\/BokunWidgetsLoader.js?bookingChannelUUID=a1e93e96-5232-4734-a595-28405f4b5a31\" async><\/script>\n      <style> #bokun_ed001e45_5927_4f62_b470_ca766338d083 { display: inline-block; padding: .4em 1em; background: #47b82e; border-radius: 999999px; box-shadow: none; font-weight: 600; font-size: 24px; text-decoration: none; text-align: center; color: #FFFFFF; border:none; cursor: pointer; transition: background .2s ease; } #bokun_ed001e45_5927_4f62_b470_ca766338d083:hover{ background: #2f7b1f; } #bokun_ed001e45_5927_4f62_b470_ca766338d083:active{ background: #378f24; } <\/style> <button class=\"bokunButton\" disabled id=bokun_ed001e45_5927_4f62_b470_ca766338d083 data-src=\"https:\/\/widgets.bokun.io\/online-sales\/a1e93e96-5232-4734-a595-28405f4b5a31\/experience-calendar\/1102397?partialView=1\" data-testid=\"widget-book-button\" > Book now <\/button> ","what_you\u2019ll_experience_during_the_game":"Secrets of Pozna\u0144 City Gamen aikana l\u00f6yd\u00e4t kaupungin mukaansatempaavan tarinan kautta, joka on kudottu sen kaduille, arkkitehtuuriin ja paikalliseen luonteeseen. Kokemus johdattaa sinut sek\u00e4 tunnettuihin maamerkkeihin ett\u00e4 piilotettuihin kolkkiin paljastaen syvemm\u00e4n kerroksen Pozna\u0144in historialliseen keskustaan. Saatat pys\u00e4hty\u00e4 koristeellisen raatihuoneen eteen Stary Rynekill\u00e4, tutkia Kuninkaallisen linnan hiljaista ymp\u00e4rist\u00f6\u00e4 tai ihastella Nowa Synagogan mahtavaa l\u00e4sn\u00e4oloa. Jatkaessasi matkaa, paikat kuten Puolalainen teatteri ja Plac Wolno\u015bci n\u00e4ytt\u00e4ytyv\u00e4t uudessa valossa vihjeiden ja tarinoiden kautta, jotka sitovat ne osaksi matkaasi.\r\n\r\nPelin aikana suoritat sekoituksen arvoituksia, sijaintiin perustuvia kysymyksi\u00e4 ja luovia valokuvateht\u00e4vi\u00e4, jotka her\u00e4tt\u00e4v\u00e4t kaupungin menneisyyden ja nykyisyyden eloon. Jokainen haaste ansaitsee pisteit\u00e4, auttaa avaamaan vihjeit\u00e4 ja vie sinua l\u00e4hemm\u00e4s Pozna\u0144in kaduille k\u00e4tketyn lopullisen mysteerin ratkaisemista. Voit keskeytt\u00e4\u00e4 pelin milloin tahansa pit\u00e4\u00e4ksesi tauon ja jatkaa sit\u00e4 uudelleen silloin, kun se sinulle parhaiten sopii. Pelaajille, jotka nauttivat kilpailusta, on mahdollisuus seurata tuloksia ja tavoitella k\u00e4rkipaikkaa tulostaululla.","how_to_play":"Varauksen j\u00e4lkeen saat s\u00e4hk\u00f6postiviestin, jossa on suora pelilinkki peliin. Suuntaa Pozna\u0144in raatihuoneelle, aloituspisteeseen, avaa linkki ja aloita seikkailusi v\u00e4litt\u00f6m\u00e4sti. Voit keskeytt\u00e4\u00e4 pelin milloin tahansa ja jatkaa sit\u00e4 silloin, kun olet valmis jatkamaan Pozna\u0144in tutkimista omaan tahtiisi.","start_location":"Pozna\u0144, Pozna\u0144 Town Hall","available_languages":"","players_per_group":"1-4","duration":"1.5-2 hours","image_overlay_color_image":"https:\/\/testwebsite.citygame.com\/wp-content\/blogs.dir\/1\/files\/sites\/62\/2026\/01\/SecretsColor.svg","image_overlay_game_logo":"https:\/\/testwebsite.citygame.com\/wp-content\/blogs.dir\/1\/files\/sites\/62\/2026\/01\/SecretsLogo.png","city_page":15948,"woocommerce_general_content":null},"yoast_head":"<!-- This site is optimized with the Yoast SEO Premium plugin v26.2 (Yoast SEO v26.3) - https:\/\/yoast.com\/wordpress\/plugins\/seo\/ -->\n<title>Secrets of Pozna\u0144 - City Game<\/title>\n<meta name=\"description\" content=\"Secrets of Pozna\u0144. Pelaa omatoiminen kaupunkipeli ja tutustu kaupunkiin pulmien, arvoitusten ja haasteiden kautta. Pelaa omaan tahtiisi ja l\u00f6yd\u00e4 kaupunki kuin paikallinen!\" \/>\n<meta name=\"robots\" content=\"noindex, follow, max-snippet:-1, max-image-preview:large, max-video-preview:-1\" \/>\n<meta property=\"og:locale\" content=\"fi_FI\" \/>\n<meta property=\"og:type\" content=\"article\" \/>\n<meta property=\"og:title\" content=\"Secrets of Pozna\u0144\" \/>\n<meta property=\"og:description\" content=\"Secrets of Pozna\u0144. Pelaa omatoiminen kaupunkipeli ja tutustu kaupunkiin pulmien, arvoitusten ja haasteiden kautta. Pelaa omaan tahtiisi ja l\u00f6yd\u00e4 kaupunki kuin paikallinen!\" \/>\n<meta property=\"og:url\" content=\"https:\/\/testwebsite.citygame.com\/fi\/games\/poznan\/secrets-of-poznan\/\" \/>\n<meta property=\"og:site_name\" content=\"City Game\" \/>\n<meta property=\"article:publisher\" content=\"https:\/\/www.facebook.com\/profile.php?id=100086426226253\" \/>\n<meta property=\"article:modified_time\" content=\"2026-04-07T19:42:50+00:00\" \/>\n<meta property=\"og:image\" content=\"https:\/\/testwebsite.citygame.com\/wp-content\/blogs.dir\/1\/files\/sites\/62\/2026\/01\/poznan-old-market-square-city-game-player.jpg\" \/>\n\t<meta property=\"og:image:width\" content=\"864\" \/>\n\t<meta property=\"og:image:height\" content=\"1184\" \/>\n\t<meta property=\"og:image:type\" content=\"image\/jpeg\" \/>\n<meta name=\"twitter:card\" content=\"summary_large_image\" \/>\n<script type=\"application\/ld+json\" class=\"yoast-schema-graph\">{\"@context\":\"https:\/\/schema.org\",\"@graph\":[{\"@type\":\"WebPage\",\"@id\":\"https:\/\/testwebsite.citygame.com\/fi\/games\/poznan\/secrets-of-poznan\/\",\"url\":\"https:\/\/testwebsite.citygame.com\/fi\/games\/poznan\/secrets-of-poznan\/\",\"name\":\"Secrets of Pozna\u0144 - City Game\",\"isPartOf\":{\"@id\":\"https:\/\/testwebsite.upevents.nl\/#website\"},\"primaryImageOfPage\":{\"@id\":\"https:\/\/testwebsite.citygame.com\/fi\/games\/poznan\/secrets-of-poznan\/#primaryimage\"},\"image\":{\"@id\":\"https:\/\/testwebsite.citygame.com\/fi\/games\/poznan\/secrets-of-poznan\/#primaryimage\"},\"thumbnailUrl\":\"https:\/\/testwebsite.citygame.com\/wp-content\/blogs.dir\/1\/files\/sites\/62\/2026\/01\/poznan-old-market-square-city-game-player.jpg\",\"datePublished\":\"2026-01-13T09:42:04+00:00\",\"dateModified\":\"2026-04-07T19:42:50+00:00\",\"description\":\"Secrets of Pozna\u0144. Pelaa omatoiminen kaupunkipeli ja tutustu kaupunkiin pulmien, arvoitusten ja haasteiden kautta. Pelaa omaan tahtiisi ja l\u00f6yd\u00e4 kaupunki kuin paikallinen!\",\"breadcrumb\":{\"@id\":\"https:\/\/testwebsite.citygame.com\/fi\/games\/poznan\/secrets-of-poznan\/#breadcrumb\"},\"inLanguage\":\"fi\",\"potentialAction\":[{\"@type\":\"ReadAction\",\"target\":[\"https:\/\/testwebsite.citygame.com\/fi\/games\/poznan\/secrets-of-poznan\/\"]}]},{\"@type\":\"ImageObject\",\"inLanguage\":\"fi\",\"@id\":\"https:\/\/testwebsite.citygame.com\/fi\/games\/poznan\/secrets-of-poznan\/#primaryimage\",\"url\":\"https:\/\/testwebsite.citygame.com\/wp-content\/blogs.dir\/1\/files\/sites\/62\/2026\/01\/poznan-old-market-square-city-game-player.jpg\",\"contentUrl\":\"https:\/\/testwebsite.citygame.com\/wp-content\/blogs.dir\/1\/files\/sites\/62\/2026\/01\/poznan-old-market-square-city-game-player.jpg\",\"width\":864,\"height\":1184,\"caption\":\"A player uses her smartphone to explore the historic Old Market Square in Pozna\u0144, Poland.\"},{\"@type\":\"BreadcrumbList\",\"@id\":\"https:\/\/testwebsite.citygame.com\/fi\/games\/poznan\/secrets-of-poznan\/#breadcrumb\",\"itemListElement\":[{\"@type\":\"ListItem\",\"position\":1,\"name\":\"Home\",\"item\":\"https:\/\/testwebsite.citygame.com\/fi\/\"},{\"@type\":\"ListItem\",\"position\":2,\"name\":\"Shop\",\"item\":\"https:\/\/testwebsite.citygame.com\/shop\/\"},{\"@type\":\"ListItem\",\"position\":3,\"name\":\"Secrets of Pozna\u0144\"}]},{\"@type\":\"WebSite\",\"@id\":\"https:\/\/testwebsite.upevents.nl\/#website\",\"url\":\"https:\/\/testwebsite.upevents.nl\/\",\"name\":\"City Game\",\"description\":\"\",\"publisher\":{\"@id\":\"https:\/\/testwebsite.upevents.nl\/#organization\"},\"alternateName\":\"citygame.com\",\"potentialAction\":[{\"@type\":\"SearchAction\",\"target\":{\"@type\":\"EntryPoint\",\"urlTemplate\":\"https:\/\/testwebsite.upevents.nl\/?s={search_term_string}\"},\"query-input\":{\"@type\":\"PropertyValueSpecification\",\"valueRequired\":true,\"valueName\":\"search_term_string\"}}],\"inLanguage\":\"fi\"},{\"@type\":[\"Organization\",\"Place\"],\"@id\":\"https:\/\/testwebsite.upevents.nl\/#organization\",\"name\":\"City Game\",\"alternateName\":\"citygame.com\",\"url\":\"https:\/\/testwebsite.upevents.nl\/\",\"logo\":{\"@id\":\"https:\/\/testwebsite.citygame.com\/fi\/games\/poznan\/secrets-of-poznan\/#local-main-organization-logo\"},\"image\":{\"@id\":\"https:\/\/testwebsite.citygame.com\/fi\/games\/poznan\/secrets-of-poznan\/#local-main-organization-logo\"},\"sameAs\":[\"https:\/\/www.facebook.com\/profile.php?id=100086426226253\",\"https:\/\/www.instagram.com\/citygame_com\",\"https:\/\/www.tiktok.com\/@citygamecom\/\",\"https:\/\/www.linkedin.com\/company\/citygame-com\"],\"description\":\"Turn any city into a playground with our interactive City Games and self-guided tours. Fun, flexible, and ideal for groups and team building.\",\"telephone\":[],\"openingHoursSpecification\":[{\"@type\":\"OpeningHoursSpecification\",\"dayOfWeek\":[\"Monday\",\"Tuesday\",\"Wednesday\",\"Thursday\",\"Friday\",\"Saturday\",\"Sunday\"],\"opens\":\"09:00\",\"closes\":\"17:00\"}]},{\"@type\":\"ImageObject\",\"inLanguage\":\"fi\",\"@id\":\"https:\/\/testwebsite.citygame.com\/fi\/games\/poznan\/secrets-of-poznan\/#local-main-organization-logo\",\"url\":\"https:\/\/testwebsite.citygame.com\/wp-content\/blogs.dir\/1\/files\/sites\/62\/2025\/10\/CG_LOGO-City-Game.png\",\"contentUrl\":\"https:\/\/testwebsite.citygame.com\/wp-content\/blogs.dir\/1\/files\/sites\/62\/2025\/10\/CG_LOGO-City-Game.png\",\"width\":351,\"height\":377,\"caption\":\"City Game\"}]}<\/script>\n<!-- \/ Yoast SEO Premium plugin. -->","yoast_head_json":{"title":"Secrets of Pozna\u0144 - City Game","description":"Secrets of Pozna\u0144. Pelaa omatoiminen kaupunkipeli ja tutustu kaupunkiin pulmien, arvoitusten ja haasteiden kautta. Pelaa omaan tahtiisi ja l\u00f6yd\u00e4 kaupunki kuin paikallinen!","robots":{"index":"noindex","follow":"follow","max-snippet":"max-snippet:-1","max-image-preview":"max-image-preview:large","max-video-preview":"max-video-preview:-1"},"og_locale":"fi_FI","og_type":"article","og_title":"Secrets of Pozna\u0144","og_description":"Secrets of Pozna\u0144. Pelaa omatoiminen kaupunkipeli ja tutustu kaupunkiin pulmien, arvoitusten ja haasteiden kautta. Pelaa omaan tahtiisi ja l\u00f6yd\u00e4 kaupunki kuin paikallinen!","og_url":"https:\/\/testwebsite.citygame.com\/fi\/games\/poznan\/secrets-of-poznan\/","og_site_name":"City Game","article_publisher":"https:\/\/www.facebook.com\/profile.php?id=100086426226253","article_modified_time":"2026-04-07T19:42:50+00:00","og_image":[{"width":864,"height":1184,"url":"https:\/\/testwebsite.citygame.com\/wp-content\/blogs.dir\/1\/files\/sites\/62\/2026\/01\/poznan-old-market-square-city-game-player.jpg","type":"image\/jpeg"}],"twitter_card":"summary_large_image","schema":{"@context":"https:\/\/schema.org","@graph":[{"@type":"WebPage","@id":"https:\/\/testwebsite.citygame.com\/fi\/games\/poznan\/secrets-of-poznan\/","url":"https:\/\/testwebsite.citygame.com\/fi\/games\/poznan\/secrets-of-poznan\/","name":"Secrets of Pozna\u0144 - City Game","isPartOf":{"@id":"https:\/\/testwebsite.upevents.nl\/#website"},"primaryImageOfPage":{"@id":"https:\/\/testwebsite.citygame.com\/fi\/games\/poznan\/secrets-of-poznan\/#primaryimage"},"image":{"@id":"https:\/\/testwebsite.citygame.com\/fi\/games\/poznan\/secrets-of-poznan\/#primaryimage"},"thumbnailUrl":"https:\/\/testwebsite.citygame.com\/wp-content\/blogs.dir\/1\/files\/sites\/62\/2026\/01\/poznan-old-market-square-city-game-player.jpg","datePublished":"2026-01-13T09:42:04+00:00","dateModified":"2026-04-07T19:42:50+00:00","description":"Secrets of Pozna\u0144. Pelaa omatoiminen kaupunkipeli ja tutustu kaupunkiin pulmien, arvoitusten ja haasteiden kautta. Pelaa omaan tahtiisi ja l\u00f6yd\u00e4 kaupunki kuin paikallinen!","breadcrumb":{"@id":"https:\/\/testwebsite.citygame.com\/fi\/games\/poznan\/secrets-of-poznan\/#breadcrumb"},"inLanguage":"fi","potentialAction":[{"@type":"ReadAction","target":["https:\/\/testwebsite.citygame.com\/fi\/games\/poznan\/secrets-of-poznan\/"]}]},{"@type":"ImageObject","inLanguage":"fi","@id":"https:\/\/testwebsite.citygame.com\/fi\/games\/poznan\/secrets-of-poznan\/#primaryimage","url":"https:\/\/testwebsite.citygame.com\/wp-content\/blogs.dir\/1\/files\/sites\/62\/2026\/01\/poznan-old-market-square-city-game-player.jpg","contentUrl":"https:\/\/testwebsite.citygame.com\/wp-content\/blogs.dir\/1\/files\/sites\/62\/2026\/01\/poznan-old-market-square-city-game-player.jpg","width":864,"height":1184,"caption":"A player uses her smartphone to explore the historic Old Market Square in Pozna\u0144, Poland."},{"@type":"BreadcrumbList","@id":"https:\/\/testwebsite.citygame.com\/fi\/games\/poznan\/secrets-of-poznan\/#breadcrumb","itemListElement":[{"@type":"ListItem","position":1,"name":"Home","item":"https:\/\/testwebsite.citygame.com\/fi\/"},{"@type":"ListItem","position":2,"name":"Shop","item":"https:\/\/testwebsite.citygame.com\/shop\/"},{"@type":"ListItem","position":3,"name":"Secrets of Pozna\u0144"}]},{"@type":"WebSite","@id":"https:\/\/testwebsite.upevents.nl\/#website","url":"https:\/\/testwebsite.upevents.nl\/","name":"City Game","description":"","publisher":{"@id":"https:\/\/testwebsite.upevents.nl\/#organization"},"alternateName":"citygame.com","potentialAction":[{"@type":"SearchAction","target":{"@type":"EntryPoint","urlTemplate":"https:\/\/testwebsite.upevents.nl\/?s={search_term_string}"},"query-input":{"@type":"PropertyValueSpecification","valueRequired":true,"valueName":"search_term_string"}}],"inLanguage":"fi"},{"@type":["Organization","Place"],"@id":"https:\/\/testwebsite.upevents.nl\/#organization","name":"City Game","alternateName":"citygame.com","url":"https:\/\/testwebsite.upevents.nl\/","logo":{"@id":"https:\/\/testwebsite.citygame.com\/fi\/games\/poznan\/secrets-of-poznan\/#local-main-organization-logo"},"image":{"@id":"https:\/\/testwebsite.citygame.com\/fi\/games\/poznan\/secrets-of-poznan\/#local-main-organization-logo"},"sameAs":["https:\/\/www.facebook.com\/profile.php?id=100086426226253","https:\/\/www.instagram.com\/citygame_com","https:\/\/www.tiktok.com\/@citygamecom\/","https:\/\/www.linkedin.com\/company\/citygame-com"],"description":"Turn any city into a playground with our interactive City Games and self-guided tours. Fun, flexible, and ideal for groups and team building.","telephone":[],"openingHoursSpecification":[{"@type":"OpeningHoursSpecification","dayOfWeek":["Monday","Tuesday","Wednesday","Thursday","Friday","Saturday","Sunday"],"opens":"09:00","closes":"17:00"}]},{"@type":"ImageObject","inLanguage":"fi","@id":"https:\/\/testwebsite.citygame.com\/fi\/games\/poznan\/secrets-of-poznan\/#local-main-organization-logo","url":"https:\/\/testwebsite.citygame.com\/wp-content\/blogs.dir\/1\/files\/sites\/62\/2025\/10\/CG_LOGO-City-Game.png","contentUrl":"https:\/\/testwebsite.citygame.com\/wp-content\/blogs.dir\/1\/files\/sites\/62\/2025\/10\/CG_LOGO-City-Game.png","width":351,"height":377,"caption":"City Game"}]}},"taxonomy_info":{"game-concept":[{"value":712,"label":"Secrets"}],"location":[{"value":330,"label":"Pozna\u0144"}],"product_cat":[{"value":27,"label":"Geen categorie"}]},"featured_image_src_large":["https:\/\/testwebsite.citygame.com\/wp-content\/blogs.dir\/1\/files\/sites\/62\/2026\/01\/poznan-old-market-square-city-game-player-747x1024.jpg",747,1024,true],"author_info":[],"comment_info":"","_links":{"self":[{"href":"https:\/\/testwebsite.citygame.com\/fi\/wp-json\/wp\/v2\/product\/54855","targetHints":{"allow":["GET"]}}],"collection":[{"href":"https:\/\/testwebsite.citygame.com\/fi\/wp-json\/wp\/v2\/product"}],"about":[{"href":"https:\/\/testwebsite.citygame.com\/fi\/wp-json\/wp\/v2\/types\/product"}],"acf:post":[{"embeddable":true,"href":"https:\/\/testwebsite.citygame.com\/fi\/wp-json\/wp\/v2\/pages\/15948"}],"wp:featuredmedia":[{"embeddable":true,"href":"https:\/\/testwebsite.citygame.com\/fi\/wp-json\/wp\/v2\/media\/3528"}],"wp:attachment":[{"href":"https:\/\/testwebsite.citygame.com\/fi\/wp-json\/wp\/v2\/media?parent=54855"}],"wp:term":[{"taxonomy":"game-concept","embeddable":true,"href":"https:\/\/testwebsite.citygame.com\/fi\/wp-json\/wp\/v2\/game-concept?post=54855"},{"taxonomy":"location","embeddable":true,"href":"https:\/\/testwebsite.citygame.com\/fi\/wp-json\/wp\/v2\/location?post=54855"},{"taxonomy":"product_brand","embeddable":true,"href":"https:\/\/testwebsite.citygame.com\/fi\/wp-json\/wp\/v2\/product_brand?post=54855"},{"taxonomy":"product_cat","embeddable":true,"href":"https:\/\/testwebsite.citygame.com\/fi\/wp-json\/wp\/v2\/product_cat?post=54855"},{"taxonomy":"product_tag","embeddable":true,"href":"https:\/\/testwebsite.citygame.com\/fi\/wp-json\/wp\/v2\/product_tag?post=54855"}],"curies":[{"name":"wp","href":"https:\/\/api.w.org\/{rel}","templated":true}]}}