{"id":54563,"date":"2026-01-13T11:45:50","date_gmt":"2026-01-13T11:45:50","guid":{"rendered":"https:\/\/testwebsite.citygame.com\/games\/unknown-location\/secrets-of-lodz\/"},"modified":"2026-04-07T19:09:36","modified_gmt":"2026-04-07T19:09:36","slug":"secrets-of-lodz","status":"publish","type":"product","link":"https:\/\/testwebsite.citygame.com\/fi\/games\/lodz\/secrets-of-lodz\/","title":{"rendered":"Secrets of Lodz"},"content":{"rendered":"<p>City Game Lodz on itseohjattu, GPS-pohjainen tutkimuspeli, joka sijoittuu Lodzin keskustaan. \u00c4lypuhelintaan k\u00e4ytt\u00e4en pelaajat navigoivat alueella ratkoen samalla pulmia, arvoituksia ja valokuvahaasteita, jotka paljastavat paikallisia tarinoita ja yll\u00e4tt\u00e4vi\u00e4 yksityiskohtia. T\u00e4m\u00e4 itseohjattu kaupunkipeli tarjoaa n\u00e4k\u00f6kulmia Lodzin kulttuuriin, historiaan ja piilotettuihin nurkkiin, tehden siit\u00e4 mukaansatempaavan niin vierailijoille kuin paikallisillekin. Pelaatpa yksin, pariskuntana, perheen kanssa tai kaveriporukalla, peli tarjoaa joustavan ja interaktiivisen tavan kokea kaupunki. City Game Lodz yhdist\u00e4\u00e4 l\u00f6yt\u00e4misen ja leikin, tarjoten uudenlaisen n\u00e4k\u00f6kulman t\u00e4h\u00e4n dynaamiseen kaupunkikeskukseen.<\/p>\n","protected":false},"excerpt":{"rendered":"<p>Paljasta \u0141\u00f3d\u017ain piilev\u00e4 harmonia! Vaella kaduilla, joilla taide kohtaa teollisuuden ja melodiat kuiskivat jokaisesta muraalista, auttaen Arthur Rubinsteinia l\u00f6yt\u00e4m\u00e4\u00e4n kadonneen musiikkinsa ja her\u00e4tt\u00e4m\u00e4\u00e4n kaupungin sielun takaisin eloon.<\/p>\n","protected":false},"featured_media":3655,"template":"","meta":{"_acf_changed":false,"_yoast_wpseo_focuskw":"Secrets of Lodz","_yoast_wpseo_metadesc":"Secrets of Lodz. Pelaa itseohjattua City Game -peli\u00e4 ja tutki kaupunkia pulmien, arvoitusten ja haasteiden avulla. Pelaa omaan tahtiisi ja l\u00f6yd\u00e4 kaupunki kuin paikallinen!","_kad_blocks_custom_css":"","_kad_blocks_head_custom_js":"","_kad_blocks_body_custom_js":"","_kad_blocks_footer_custom_js":"","ghostkit_customizer_options":"","ghostkit_custom_css":"","ghostkit_custom_js_head":"","ghostkit_custom_js_foot":"","ghostkit_typography":"","_kad_post_transparent":"","_kad_post_title":"","_kad_post_layout":"","_kad_post_sidebar_id":"","_kad_post_content_style":"","_kad_post_vertical_padding":"","_kad_post_feature":"","_kad_post_feature_position":"","_kad_post_header":false,"_kad_post_footer":false,"_kad_post_classname":"","_links_to":"","_links_to_target":""},"game-concept":[712],"location":[249],"product_brand":[],"product_cat":[27],"product_tag":[],"class_list":{"0":"post-54563","1":"product","2":"type-product","3":"status-publish","4":"has-post-thumbnail","6":"game-concept-secrets","7":"location-lodz","8":"product_cat-geen-categorie","10":"first","11":"instock","12":"shipping-taxable","13":"purchasable","14":"product-type-simple","15":"entry","16":"content-bg","17":"loop-entry"},"acf":{"full_bokun_product_name":"Self-Guided Secrets of \u0141\u00f3d\u017a Exploration Game","location_name":"Lodz","bokun_calendar_widget_code":"<script type=\"text\/javascript\" src=\"https:\/\/widgets.bokun.io\/assets\/javascripts\/apps\/build\/BokunWidgetsLoader.js?bookingChannelUUID=a1e93e96-5232-4734-a595-28405f4b5a31\" async><\/script>\n     \n    <div class=\"bokunWidget\" data-src=\"https:\/\/widgets.bokun.io\/online-sales\/a1e93e96-5232-4734-a595-28405f4b5a31\/experience-calendar\/1102921\"><\/div>\n    <noscript>Please enable javascript in your browser to book<\/noscript>","bokun_button_widget_code":"<script type=\"text\/javascript\" src=\"https:\/\/widgets.bokun.io\/assets\/javascripts\/apps\/build\/BokunWidgetsLoader.js?bookingChannelUUID=a1e93e96-5232-4734-a595-28405f4b5a31\" async><\/script>\n      <style> #bokun_ed001e45_5927_4f62_b470_ca766338d083 { display: inline-block; padding: .4em 1em; background: #47b82e; border-radius: 999999px; box-shadow: none; font-weight: 600; font-size: 24px; text-decoration: none; text-align: center; color: #FFFFFF; border:none; cursor: pointer; transition: background .2s ease; } #bokun_ed001e45_5927_4f62_b470_ca766338d083:hover{ background: #2f7b1f; } #bokun_ed001e45_5927_4f62_b470_ca766338d083:active{ background: #378f24; } <\/style> <button class=\"bokunButton\" disabled id=bokun_ed001e45_5927_4f62_b470_ca766338d083 data-src=\"https:\/\/widgets.bokun.io\/online-sales\/a1e93e96-5232-4734-a595-28405f4b5a31\/experience-calendar\/1102921?partialView=1\" data-testid=\"widget-book-button\" > Book now <\/button> ","what_you\u2019ll_experience_during_the_game":"Secrets of \u0141\u00f3d\u017a City Game -pelin aikana tutkit kaupunkia tarinankerronnan ja interaktiivisten haasteiden yhdistelm\u00e4ll\u00e4, jotka viev\u00e4t sinut tyypillist\u00e4 n\u00e4ht\u00e4vyyksien katselua pidemm\u00e4lle. Kun liikut \u0141\u00f3d\u017ain keskustassa, l\u00f6yd\u00e4t ikonisia paikkoja, kuten Piotrkowska Streetin, ihailet Kolmen Teollisuusmiehen monumentin yksityiskohtaisia patsaita ja pys\u00e4hdyt taidokkaan Aleksanteri Nevskin katedraalin luona. Matkan varrella v\u00e4hemm\u00e4n tunnetut helmet, kuten Arthur Rubinstein Mural ja Kirjapainajien Historiallinen talo, paljastavat kaupungin kerroksellisen kulttuuri-identiteetin. Jokainen sijainti her\u00e4tt\u00e4\u00e4 uuden palan kaupungin tarinaa eloon yhdist\u00e4en historian, taiteen ja p\u00e4ivitt\u00e4isen urbaanialueen tunnelman.\n\nKoko pelin ajan ratkot erilaisia pulmia, arvoituksia ja hauskoja valokuvahaasteita, jotka auttavat sinua ansaitsemaan pisteit\u00e4 ja l\u00f6yt\u00e4m\u00e4\u00e4n johtolankoja. Jokainen askel vie sinua l\u00e4hemm\u00e4ksi lopullisen mysteerin ratkaisemista, joka sitoo kokemuksen yhteen. Voit keskeytt\u00e4\u00e4 pelin milloin tahansa ja jatkaa my\u00f6hemmin, mik\u00e4 tekee \u0141\u00f3d\u017ain tutkimisesta helppoa omaan tahtiisi. Kilpailuhenkisille ryhm\u00e4t ja yksil\u00f6t voivat seurata tuloksiaan ja pyrki\u00e4 kiipe\u00e4m\u00e4\u00e4n tulostaulun k\u00e4rkeen tutkiessaan t\u00e4t\u00e4 mukaansatempaavaa City Game -peli\u00e4.","how_to_play":"Varattuasi City Game \u0141\u00f3d\u017a -pelisi, saat s\u00e4hk\u00f6postiviestin, jossa on suora pelilinkki. Mene vain aloituspaikkaan \u0141\u00f3d\u017a Walk of Famelle, avaa linkki ja aloita seikkailusi heti. Peli toimii kokonaan \u00e4lypuhelimellasi, joten opasta tai sovelluksen lataamista ei tarvita. Voit keskeytt\u00e4\u00e4 pelin milloin tahansa ja jatkaa my\u00f6hemmin \u2013 se on sinun tarinasi, jonka p\u00e4\u00e4t\u00e4t, milloin haluat.","start_location":"\u0141\u00f3d\u017a, \u0141\u00f3d\u017a Walk of Fame (Aleja Gwiazd)","available_languages":[],"players_per_group":"1-4","duration":"1.5-2 hours","image_overlay_color_image":"https:\/\/testwebsite.citygame.com\/wp-content\/blogs.dir\/1\/files\/sites\/62\/2026\/01\/SecretsColor.svg","image_overlay_game_logo":"https:\/\/testwebsite.citygame.com\/wp-content\/blogs.dir\/1\/files\/sites\/62\/2026\/01\/SecretsLogo.png","city_page":15935,"woocommerce_general_content":null},"yoast_head":"<!-- This site is optimized with the Yoast SEO Premium plugin v26.2 (Yoast SEO v26.3) - https:\/\/yoast.com\/wordpress\/plugins\/seo\/ -->\n<title>Secrets of Lodz - City Game<\/title>\n<meta name=\"description\" content=\"Secrets of Lodz. Pelaa itseohjattua City Game -peli\u00e4 ja tutki kaupunkia pulmien, arvoitusten ja haasteiden avulla. Pelaa omaan tahtiisi ja l\u00f6yd\u00e4 kaupunki kuin paikallinen!\" \/>\n<meta name=\"robots\" content=\"noindex, follow, max-snippet:-1, max-image-preview:large, max-video-preview:-1\" \/>\n<meta property=\"og:locale\" content=\"fi_FI\" \/>\n<meta property=\"og:type\" content=\"article\" \/>\n<meta property=\"og:title\" content=\"Secrets of Lodz\" \/>\n<meta property=\"og:description\" content=\"Secrets of Lodz. Pelaa itseohjattua City Game -peli\u00e4 ja tutki kaupunkia pulmien, arvoitusten ja haasteiden avulla. Pelaa omaan tahtiisi ja l\u00f6yd\u00e4 kaupunki kuin paikallinen!\" \/>\n<meta property=\"og:url\" content=\"https:\/\/testwebsite.citygame.com\/fi\/games\/lodz\/secrets-of-lodz\/\" \/>\n<meta property=\"og:site_name\" content=\"City Game\" \/>\n<meta property=\"article:publisher\" content=\"https:\/\/www.facebook.com\/profile.php?id=100086426226253\" \/>\n<meta property=\"article:modified_time\" content=\"2026-04-07T19:09:36+00:00\" \/>\n<meta property=\"og:image\" content=\"https:\/\/testwebsite.citygame.com\/wp-content\/blogs.dir\/1\/files\/sites\/62\/2026\/01\/lodz-poland-player-alexander-nevsky-cathedral-city-game.jpg\" \/>\n\t<meta property=\"og:image:width\" content=\"864\" \/>\n\t<meta property=\"og:image:height\" content=\"1184\" \/>\n\t<meta property=\"og:image:type\" content=\"image\/jpeg\" \/>\n<meta name=\"twitter:card\" content=\"summary_large_image\" \/>\n<script type=\"application\/ld+json\" class=\"yoast-schema-graph\">{\"@context\":\"https:\/\/schema.org\",\"@graph\":[{\"@type\":\"WebPage\",\"@id\":\"https:\/\/testwebsite.citygame.com\/fi\/games\/lodz\/secrets-of-lodz\/\",\"url\":\"https:\/\/testwebsite.citygame.com\/fi\/games\/lodz\/secrets-of-lodz\/\",\"name\":\"Secrets of Lodz - City Game\",\"isPartOf\":{\"@id\":\"https:\/\/testwebsite.upevents.nl\/#website\"},\"primaryImageOfPage\":{\"@id\":\"https:\/\/testwebsite.citygame.com\/fi\/games\/lodz\/secrets-of-lodz\/#primaryimage\"},\"image\":{\"@id\":\"https:\/\/testwebsite.citygame.com\/fi\/games\/lodz\/secrets-of-lodz\/#primaryimage\"},\"thumbnailUrl\":\"https:\/\/testwebsite.citygame.com\/wp-content\/blogs.dir\/1\/files\/sites\/62\/2026\/01\/lodz-poland-player-alexander-nevsky-cathedral-city-game.jpg\",\"datePublished\":\"2026-01-13T11:45:50+00:00\",\"dateModified\":\"2026-04-07T19:09:36+00:00\",\"description\":\"Secrets of Lodz. Pelaa itseohjattua City Game -peli\u00e4 ja tutki kaupunkia pulmien, arvoitusten ja haasteiden avulla. Pelaa omaan tahtiisi ja l\u00f6yd\u00e4 kaupunki kuin paikallinen!\",\"breadcrumb\":{\"@id\":\"https:\/\/testwebsite.citygame.com\/fi\/games\/lodz\/secrets-of-lodz\/#breadcrumb\"},\"inLanguage\":\"fi\",\"potentialAction\":[{\"@type\":\"ReadAction\",\"target\":[\"https:\/\/testwebsite.citygame.com\/fi\/games\/lodz\/secrets-of-lodz\/\"]}]},{\"@type\":\"ImageObject\",\"inLanguage\":\"fi\",\"@id\":\"https:\/\/testwebsite.citygame.com\/fi\/games\/lodz\/secrets-of-lodz\/#primaryimage\",\"url\":\"https:\/\/testwebsite.citygame.com\/wp-content\/blogs.dir\/1\/files\/sites\/62\/2026\/01\/lodz-poland-player-alexander-nevsky-cathedral-city-game.jpg\",\"contentUrl\":\"https:\/\/testwebsite.citygame.com\/wp-content\/blogs.dir\/1\/files\/sites\/62\/2026\/01\/lodz-poland-player-alexander-nevsky-cathedral-city-game.jpg\",\"width\":864,\"height\":1184,\"caption\":\"Playing a city game in front of the historic Alexander Nevsky Cathedral in Lodz, Poland.\"},{\"@type\":\"BreadcrumbList\",\"@id\":\"https:\/\/testwebsite.citygame.com\/fi\/games\/lodz\/secrets-of-lodz\/#breadcrumb\",\"itemListElement\":[{\"@type\":\"ListItem\",\"position\":1,\"name\":\"Home\",\"item\":\"https:\/\/testwebsite.citygame.com\/fi\/\"},{\"@type\":\"ListItem\",\"position\":2,\"name\":\"Shop\",\"item\":\"https:\/\/testwebsite.citygame.com\/shop\/\"},{\"@type\":\"ListItem\",\"position\":3,\"name\":\"Secrets of Lodz\"}]},{\"@type\":\"WebSite\",\"@id\":\"https:\/\/testwebsite.upevents.nl\/#website\",\"url\":\"https:\/\/testwebsite.upevents.nl\/\",\"name\":\"City Game\",\"description\":\"\",\"publisher\":{\"@id\":\"https:\/\/testwebsite.upevents.nl\/#organization\"},\"alternateName\":\"citygame.com\",\"potentialAction\":[{\"@type\":\"SearchAction\",\"target\":{\"@type\":\"EntryPoint\",\"urlTemplate\":\"https:\/\/testwebsite.upevents.nl\/?s={search_term_string}\"},\"query-input\":{\"@type\":\"PropertyValueSpecification\",\"valueRequired\":true,\"valueName\":\"search_term_string\"}}],\"inLanguage\":\"fi\"},{\"@type\":[\"Organization\",\"Place\"],\"@id\":\"https:\/\/testwebsite.upevents.nl\/#organization\",\"name\":\"City Game\",\"alternateName\":\"citygame.com\",\"url\":\"https:\/\/testwebsite.upevents.nl\/\",\"logo\":{\"@id\":\"https:\/\/testwebsite.citygame.com\/fi\/games\/lodz\/secrets-of-lodz\/#local-main-organization-logo\"},\"image\":{\"@id\":\"https:\/\/testwebsite.citygame.com\/fi\/games\/lodz\/secrets-of-lodz\/#local-main-organization-logo\"},\"sameAs\":[\"https:\/\/www.facebook.com\/profile.php?id=100086426226253\",\"https:\/\/www.instagram.com\/citygame_com\",\"https:\/\/www.tiktok.com\/@citygamecom\/\",\"https:\/\/www.linkedin.com\/company\/citygame-com\"],\"description\":\"Turn any city into a playground with our interactive City Games and self-guided tours. Fun, flexible, and ideal for groups and team building.\",\"telephone\":[],\"openingHoursSpecification\":[{\"@type\":\"OpeningHoursSpecification\",\"dayOfWeek\":[\"Monday\",\"Tuesday\",\"Wednesday\",\"Thursday\",\"Friday\",\"Saturday\",\"Sunday\"],\"opens\":\"09:00\",\"closes\":\"17:00\"}]},{\"@type\":\"ImageObject\",\"inLanguage\":\"fi\",\"@id\":\"https:\/\/testwebsite.citygame.com\/fi\/games\/lodz\/secrets-of-lodz\/#local-main-organization-logo\",\"url\":\"https:\/\/testwebsite.citygame.com\/wp-content\/blogs.dir\/1\/files\/sites\/62\/2025\/10\/CG_LOGO-City-Game.png\",\"contentUrl\":\"https:\/\/testwebsite.citygame.com\/wp-content\/blogs.dir\/1\/files\/sites\/62\/2025\/10\/CG_LOGO-City-Game.png\",\"width\":351,\"height\":377,\"caption\":\"City Game\"}]}<\/script>\n<!-- \/ Yoast SEO Premium plugin. -->","yoast_head_json":{"title":"Secrets of Lodz - City Game","description":"Secrets of Lodz. Pelaa itseohjattua City Game -peli\u00e4 ja tutki kaupunkia pulmien, arvoitusten ja haasteiden avulla. Pelaa omaan tahtiisi ja l\u00f6yd\u00e4 kaupunki kuin paikallinen!","robots":{"index":"noindex","follow":"follow","max-snippet":"max-snippet:-1","max-image-preview":"max-image-preview:large","max-video-preview":"max-video-preview:-1"},"og_locale":"fi_FI","og_type":"article","og_title":"Secrets of Lodz","og_description":"Secrets of Lodz. Pelaa itseohjattua City Game -peli\u00e4 ja tutki kaupunkia pulmien, arvoitusten ja haasteiden avulla. Pelaa omaan tahtiisi ja l\u00f6yd\u00e4 kaupunki kuin paikallinen!","og_url":"https:\/\/testwebsite.citygame.com\/fi\/games\/lodz\/secrets-of-lodz\/","og_site_name":"City Game","article_publisher":"https:\/\/www.facebook.com\/profile.php?id=100086426226253","article_modified_time":"2026-04-07T19:09:36+00:00","og_image":[{"width":864,"height":1184,"url":"https:\/\/testwebsite.citygame.com\/wp-content\/blogs.dir\/1\/files\/sites\/62\/2026\/01\/lodz-poland-player-alexander-nevsky-cathedral-city-game.jpg","type":"image\/jpeg"}],"twitter_card":"summary_large_image","schema":{"@context":"https:\/\/schema.org","@graph":[{"@type":"WebPage","@id":"https:\/\/testwebsite.citygame.com\/fi\/games\/lodz\/secrets-of-lodz\/","url":"https:\/\/testwebsite.citygame.com\/fi\/games\/lodz\/secrets-of-lodz\/","name":"Secrets of Lodz - City Game","isPartOf":{"@id":"https:\/\/testwebsite.upevents.nl\/#website"},"primaryImageOfPage":{"@id":"https:\/\/testwebsite.citygame.com\/fi\/games\/lodz\/secrets-of-lodz\/#primaryimage"},"image":{"@id":"https:\/\/testwebsite.citygame.com\/fi\/games\/lodz\/secrets-of-lodz\/#primaryimage"},"thumbnailUrl":"https:\/\/testwebsite.citygame.com\/wp-content\/blogs.dir\/1\/files\/sites\/62\/2026\/01\/lodz-poland-player-alexander-nevsky-cathedral-city-game.jpg","datePublished":"2026-01-13T11:45:50+00:00","dateModified":"2026-04-07T19:09:36+00:00","description":"Secrets of Lodz. Pelaa itseohjattua City Game -peli\u00e4 ja tutki kaupunkia pulmien, arvoitusten ja haasteiden avulla. Pelaa omaan tahtiisi ja l\u00f6yd\u00e4 kaupunki kuin paikallinen!","breadcrumb":{"@id":"https:\/\/testwebsite.citygame.com\/fi\/games\/lodz\/secrets-of-lodz\/#breadcrumb"},"inLanguage":"fi","potentialAction":[{"@type":"ReadAction","target":["https:\/\/testwebsite.citygame.com\/fi\/games\/lodz\/secrets-of-lodz\/"]}]},{"@type":"ImageObject","inLanguage":"fi","@id":"https:\/\/testwebsite.citygame.com\/fi\/games\/lodz\/secrets-of-lodz\/#primaryimage","url":"https:\/\/testwebsite.citygame.com\/wp-content\/blogs.dir\/1\/files\/sites\/62\/2026\/01\/lodz-poland-player-alexander-nevsky-cathedral-city-game.jpg","contentUrl":"https:\/\/testwebsite.citygame.com\/wp-content\/blogs.dir\/1\/files\/sites\/62\/2026\/01\/lodz-poland-player-alexander-nevsky-cathedral-city-game.jpg","width":864,"height":1184,"caption":"Playing a city game in front of the historic Alexander Nevsky Cathedral in Lodz, Poland."},{"@type":"BreadcrumbList","@id":"https:\/\/testwebsite.citygame.com\/fi\/games\/lodz\/secrets-of-lodz\/#breadcrumb","itemListElement":[{"@type":"ListItem","position":1,"name":"Home","item":"https:\/\/testwebsite.citygame.com\/fi\/"},{"@type":"ListItem","position":2,"name":"Shop","item":"https:\/\/testwebsite.citygame.com\/shop\/"},{"@type":"ListItem","position":3,"name":"Secrets of Lodz"}]},{"@type":"WebSite","@id":"https:\/\/testwebsite.upevents.nl\/#website","url":"https:\/\/testwebsite.upevents.nl\/","name":"City Game","description":"","publisher":{"@id":"https:\/\/testwebsite.upevents.nl\/#organization"},"alternateName":"citygame.com","potentialAction":[{"@type":"SearchAction","target":{"@type":"EntryPoint","urlTemplate":"https:\/\/testwebsite.upevents.nl\/?s={search_term_string}"},"query-input":{"@type":"PropertyValueSpecification","valueRequired":true,"valueName":"search_term_string"}}],"inLanguage":"fi"},{"@type":["Organization","Place"],"@id":"https:\/\/testwebsite.upevents.nl\/#organization","name":"City Game","alternateName":"citygame.com","url":"https:\/\/testwebsite.upevents.nl\/","logo":{"@id":"https:\/\/testwebsite.citygame.com\/fi\/games\/lodz\/secrets-of-lodz\/#local-main-organization-logo"},"image":{"@id":"https:\/\/testwebsite.citygame.com\/fi\/games\/lodz\/secrets-of-lodz\/#local-main-organization-logo"},"sameAs":["https:\/\/www.facebook.com\/profile.php?id=100086426226253","https:\/\/www.instagram.com\/citygame_com","https:\/\/www.tiktok.com\/@citygamecom\/","https:\/\/www.linkedin.com\/company\/citygame-com"],"description":"Turn any city into a playground with our interactive City Games and self-guided tours. Fun, flexible, and ideal for groups and team building.","telephone":[],"openingHoursSpecification":[{"@type":"OpeningHoursSpecification","dayOfWeek":["Monday","Tuesday","Wednesday","Thursday","Friday","Saturday","Sunday"],"opens":"09:00","closes":"17:00"}]},{"@type":"ImageObject","inLanguage":"fi","@id":"https:\/\/testwebsite.citygame.com\/fi\/games\/lodz\/secrets-of-lodz\/#local-main-organization-logo","url":"https:\/\/testwebsite.citygame.com\/wp-content\/blogs.dir\/1\/files\/sites\/62\/2025\/10\/CG_LOGO-City-Game.png","contentUrl":"https:\/\/testwebsite.citygame.com\/wp-content\/blogs.dir\/1\/files\/sites\/62\/2025\/10\/CG_LOGO-City-Game.png","width":351,"height":377,"caption":"City Game"}]}},"taxonomy_info":{"game-concept":[{"value":712,"label":"Secrets"}],"location":[{"value":249,"label":"Lodz"}],"product_cat":[{"value":27,"label":"Geen categorie"}]},"featured_image_src_large":["https:\/\/testwebsite.citygame.com\/wp-content\/blogs.dir\/1\/files\/sites\/62\/2026\/01\/lodz-poland-player-alexander-nevsky-cathedral-city-game-747x1024.jpg",747,1024,true],"author_info":[],"comment_info":"","_links":{"self":[{"href":"https:\/\/testwebsite.citygame.com\/fi\/wp-json\/wp\/v2\/product\/54563","targetHints":{"allow":["GET"]}}],"collection":[{"href":"https:\/\/testwebsite.citygame.com\/fi\/wp-json\/wp\/v2\/product"}],"about":[{"href":"https:\/\/testwebsite.citygame.com\/fi\/wp-json\/wp\/v2\/types\/product"}],"acf:post":[{"embeddable":true,"href":"https:\/\/testwebsite.citygame.com\/fi\/wp-json\/wp\/v2\/pages\/15935"}],"wp:featuredmedia":[{"embeddable":true,"href":"https:\/\/testwebsite.citygame.com\/fi\/wp-json\/wp\/v2\/media\/3655"}],"wp:attachment":[{"href":"https:\/\/testwebsite.citygame.com\/fi\/wp-json\/wp\/v2\/media?parent=54563"}],"wp:term":[{"taxonomy":"game-concept","embeddable":true,"href":"https:\/\/testwebsite.citygame.com\/fi\/wp-json\/wp\/v2\/game-concept?post=54563"},{"taxonomy":"location","embeddable":true,"href":"https:\/\/testwebsite.citygame.com\/fi\/wp-json\/wp\/v2\/location?post=54563"},{"taxonomy":"product_brand","embeddable":true,"href":"https:\/\/testwebsite.citygame.com\/fi\/wp-json\/wp\/v2\/product_brand?post=54563"},{"taxonomy":"product_cat","embeddable":true,"href":"https:\/\/testwebsite.citygame.com\/fi\/wp-json\/wp\/v2\/product_cat?post=54563"},{"taxonomy":"product_tag","embeddable":true,"href":"https:\/\/testwebsite.citygame.com\/fi\/wp-json\/wp\/v2\/product_tag?post=54563"}],"curies":[{"name":"wp","href":"https:\/\/api.w.org\/{rel}","templated":true}]}}