{"id":54473,"date":"2026-02-19T10:58:44","date_gmt":"2026-02-19T10:58:44","guid":{"rendered":"https:\/\/testwebsite.citygame.com\/games\/unknown-location\/sherlock-holmes-ibiza\/"},"modified":"2026-04-07T18:58:10","modified_gmt":"2026-04-07T18:58:10","slug":"sherlock-holmes-ibiza","status":"publish","type":"product","link":"https:\/\/testwebsite.citygame.com\/fi\/games\/ibiza\/sherlock-holmes-ibiza\/","title":{"rendered":"Sherlock Holmes Ibiza"},"content":{"rendered":"<p>Sukella Sherlock Holmesin maailmaan itseohjautuvan, tarinavetoisen murhamysteerikaupunkipelimme avulla, joka sijoittuu Ibizan keskustaan. Omistautuneena etsiv\u00e4n\u00e4 tutkit h\u00e4mment\u00e4v\u00e4\u00e4 rikosta, joka tapahtui Liberty Festivalin aikana, ker\u00e4ten vihjeit\u00e4, ratkaisten pulmia ja kuulustelemalla digitaalisia ep\u00e4iltyj\u00e4 kulkiessasi kaupungin halki. T\u00e4m\u00e4 kiehtova kertomus etenee ainutlaatuisesti omaan tahtiisi samalla kun nautit vangitsevasta etsiv\u00e4kokemuksesta, uppoutuen kaupungin tunnelmaan selvitt\u00e4ess\u00e4si mysteeri\u00e4 Sherlock Holmesin tarkalla t\u00e4sm\u00e4llisyydell\u00e4.<\/p>\n","protected":false},"excerpt":{"rendered":"<p>Astu Sherlock Holmesin nokkeliin kenkiin ja l\u00f6yd\u00e4 itsesi keskelt\u00e4 j\u00e4nnitt\u00e4v\u00e4\u00e4 murhamysteeri\u00e4 Ibizan syd\u00e4mess\u00e4. Kun selvit\u00e4t monimutkaisia pulmia ja seuraat arvoituksellisia vihjeit\u00e4 tiimisi kanssa, kilpajuoksu totuuden paljastamiseksi etenee \u2013 aika on valttia, etsiv\u00e4!<\/p>\n","protected":false},"featured_media":14806,"template":"","meta":{"_acf_changed":false,"_yoast_wpseo_focuskw":"Sherlock Holmes Ibiza","_yoast_wpseo_metadesc":"Sherlock Holmes Ibiza. Pelaa itseohjattua murhamysteerikaupunkipeli\u00e4, ratkaise pulmia, seuraa vihjeit\u00e4 ja paljasta murhaaja omaan tahtiisi!","_kad_blocks_custom_css":"","_kad_blocks_head_custom_js":"","_kad_blocks_body_custom_js":"","_kad_blocks_footer_custom_js":"","ghostkit_customizer_options":"","ghostkit_custom_css":"","ghostkit_custom_js_head":"","ghostkit_custom_js_foot":"","ghostkit_typography":"","_kad_post_transparent":"","_kad_post_title":"","_kad_post_layout":"","_kad_post_sidebar_id":"","_kad_post_content_style":"","_kad_post_vertical_padding":"","_kad_post_feature":"","_kad_post_feature_position":"","_kad_post_header":false,"_kad_post_footer":false,"_kad_post_classname":"","_links_to":"","_links_to_target":""},"game-concept":[773],"location":[204],"product_brand":[],"product_cat":[27],"product_tag":[],"class_list":{"0":"post-54473","1":"product","2":"type-product","3":"status-publish","4":"has-post-thumbnail","6":"game-concept-sherlock","7":"location-ibiza","8":"product_cat-geen-categorie","10":"first","11":"instock","12":"shipping-taxable","13":"purchasable","14":"product-type-simple","15":"entry","16":"content-bg","17":"loop-entry"},"acf":{"full_bokun_product_name":"Ibiza Self-Guided Sherlock Holmes Murder Mystery Game","location_name":"Ibiza","bokun_calendar_widget_code":"<script type=\"text\/javascript\" src=\"https:\/\/widgets.bokun.io\/assets\/javascripts\/apps\/build\/BokunWidgetsLoader.js?bookingChannelUUID=a1e93e96-5232-4734-a595-28405f4b5a31\" async><\/script>\n     \n    <div class=\"bokunWidget\" data-src=\"https:\/\/widgets.bokun.io\/online-sales\/a1e93e96-5232-4734-a595-28405f4b5a31\/experience-calendar\/767994\"><\/div>\n    <noscript>Please enable javascript in your browser to book<\/noscript>","bokun_button_widget_code":"<script type=\"text\/javascript\" src=\"https:\/\/widgets.bokun.io\/assets\/javascripts\/apps\/build\/BokunWidgetsLoader.js?bookingChannelUUID=a1e93e96-5232-4734-a595-28405f4b5a31\" async><\/script>\n      <style> #bokun_ed001e45_5927_4f62_b470_ca766338d083 { display: inline-block; padding: .4em 1em; background: #47b82e; border-radius: 999999px; box-shadow: none; font-weight: 600; font-size: 24px; text-decoration: none; text-align: center; color: #FFFFFF; border:none; cursor: pointer; transition: background .2s ease; } #bokun_ed001e45_5927_4f62_b470_ca766338d083:hover{ background: #2f7b1f; } #bokun_ed001e45_5927_4f62_b470_ca766338d083:active{ background: #378f24; } <\/style> <button class=\"bokunButton\" disabled id=bokun_ed001e45_5927_4f62_b470_ca766338d083 data-src=\"https:\/\/widgets.bokun.io\/online-sales\/a1e93e96-5232-4734-a595-28405f4b5a31\/experience-calendar\/767994?partialView=1\" data-testid=\"widget-book-button\" > Book now <\/button> ","what_you\u2019ll_experience_during_the_game":"Sherlock Holmes City Gamessa Ibizalla sukellat p\u00e4\u00e4 edell\u00e4 mukaansatempaavaan etsiv\u00e4tarinaan, jossa koko kaupunki on n\u00e4ytt\u00e4m\u00f6si. Kulkiessasi katuja pitkin sinusta tulee keskeinen osa mysteeri\u00e4, joka paljastuu jokaisella ottamallasi askeleella. Jokainen tutkimasi paikka paljastaa uusia vihjeit\u00e4 ja pulmia, kutsuen sinua k\u00e4ytt\u00e4m\u00e4\u00e4n p\u00e4\u00e4ttelykyky\u00e4si ja tarkkailutaitojasi. Tutkimuksesi k\u00e4\u00e4nteet ja yll\u00e4tykset pit\u00e4v\u00e4t sinut jatkuvasti otteessaan.\n\nSinulla on mahdollisuus kuulustella digitaalisia ep\u00e4iltyj\u00e4, analysoida alibeja ja purkaa ristiriitoja paljastaaksesi totuuden. Tarina riippuu siit\u00e4, ett\u00e4 selvit\u00e4t Liberty Festivalin aikana tapahtuneen murhan taustat. Saatat my\u00f6s joutua yst\u00e4v\u00e4lliseen kilpailuun muiden joukkueiden kanssa, mutta muista, ett\u00e4 p\u00e4\u00e4paino on tarinassa. Muista, ett\u00e4 nokkeluutesi, yksityiskohtien huomioiminen ja p\u00e4\u00e4ttelykykysi ovat t\u00e4rkeimm\u00e4t ty\u00f6kalusi t\u00e4m\u00e4n mysteerin ratkaisemisessa. Voit pelata peli\u00e4 omaan tahtiisi, kooten tarinan lankaa yhteen joka vaiheessa, vapaudella keskeytt\u00e4\u00e4 ja jatkaa milloin tahansa. Selvit\u00e4 t\u00e4m\u00e4n t\u00e4ysin tarinavetoisen seikkailun monimutkainen kudelma Ibizalla ja uppoudu maailman suurimman etsiv\u00e4n kenkiin.","how_to_play":"Pelaa yksin tai yst\u00e4vien, perheen tai kollegoiden kanssa enint\u00e4\u00e4n nelj\u00e4n hengen joukkueissa per laite. Varauksen j\u00e4lkeen saat s\u00e4hk\u00f6postitse ohjeet kaikesta tarvittavasta.","start_location":"Portal de ses Taules","available_languages":["en","es","fr","de","it","nl"],"players_per_group":"1-4","duration":"1.5-2 hours","image_overlay_color_image":"https:\/\/testwebsite.citygame.com\/wp-content\/blogs.dir\/1\/files\/sites\/62\/2026\/01\/SherlockColor.svg","image_overlay_game_logo":"https:\/\/testwebsite.citygame.com\/wp-content\/blogs.dir\/1\/files\/sites\/62\/2026\/01\/SherlockLogo.png","city_page":8555,"woocommerce_general_content":null},"yoast_head":"<!-- This site is optimized with the Yoast SEO Premium plugin v26.2 (Yoast SEO v26.3) - https:\/\/yoast.com\/wordpress\/plugins\/seo\/ -->\n<title>Sherlock Holmes Ibiza - City Game<\/title>\n<meta name=\"description\" content=\"Sherlock Holmes Ibiza. Pelaa itseohjattua murhamysteerikaupunkipeli\u00e4, ratkaise pulmia, seuraa vihjeit\u00e4 ja paljasta murhaaja omaan tahtiisi!\" \/>\n<meta name=\"robots\" content=\"noindex, follow, max-snippet:-1, max-image-preview:large, max-video-preview:-1\" \/>\n<meta property=\"og:locale\" content=\"fi_FI\" \/>\n<meta property=\"og:type\" content=\"article\" \/>\n<meta property=\"og:title\" content=\"Sherlock Holmes Ibiza\" \/>\n<meta property=\"og:description\" content=\"Sherlock Holmes Ibiza. Pelaa itseohjattua murhamysteerikaupunkipeli\u00e4, ratkaise pulmia, seuraa vihjeit\u00e4 ja paljasta murhaaja omaan tahtiisi!\" \/>\n<meta property=\"og:url\" content=\"https:\/\/testwebsite.citygame.com\/fi\/games\/ibiza\/sherlock-holmes-ibiza\/\" \/>\n<meta property=\"og:site_name\" content=\"City Game\" \/>\n<meta property=\"article:publisher\" content=\"https:\/\/www.facebook.com\/profile.php?id=100086426226253\" \/>\n<meta property=\"article:modified_time\" content=\"2026-04-07T18:58:10+00:00\" \/>\n<meta property=\"og:image\" content=\"https:\/\/testwebsite.citygame.com\/wp-content\/blogs.dir\/1\/files\/sites\/62\/2026\/02\/team-playing-city-game-on-stone-steps-ibiza.jpg\" \/>\n\t<meta property=\"og:image:width\" content=\"1024\" \/>\n\t<meta property=\"og:image:height\" content=\"1024\" \/>\n\t<meta property=\"og:image:type\" content=\"image\/jpeg\" \/>\n<meta name=\"twitter:card\" content=\"summary_large_image\" \/>\n<script type=\"application\/ld+json\" class=\"yoast-schema-graph\">{\"@context\":\"https:\/\/schema.org\",\"@graph\":[{\"@type\":\"WebPage\",\"@id\":\"https:\/\/testwebsite.citygame.com\/fi\/games\/ibiza\/sherlock-holmes-ibiza\/\",\"url\":\"https:\/\/testwebsite.citygame.com\/fi\/games\/ibiza\/sherlock-holmes-ibiza\/\",\"name\":\"Sherlock Holmes Ibiza - City Game\",\"isPartOf\":{\"@id\":\"https:\/\/testwebsite.upevents.nl\/#website\"},\"primaryImageOfPage\":{\"@id\":\"https:\/\/testwebsite.citygame.com\/fi\/games\/ibiza\/sherlock-holmes-ibiza\/#primaryimage\"},\"image\":{\"@id\":\"https:\/\/testwebsite.citygame.com\/fi\/games\/ibiza\/sherlock-holmes-ibiza\/#primaryimage\"},\"thumbnailUrl\":\"https:\/\/testwebsite.citygame.com\/wp-content\/blogs.dir\/1\/files\/sites\/62\/2026\/02\/team-playing-city-game-on-stone-steps-ibiza.jpg\",\"datePublished\":\"2026-02-19T10:58:44+00:00\",\"dateModified\":\"2026-04-07T18:58:10+00:00\",\"description\":\"Sherlock Holmes Ibiza. Pelaa itseohjattua murhamysteerikaupunkipeli\u00e4, ratkaise pulmia, seuraa vihjeit\u00e4 ja paljasta murhaaja omaan tahtiisi!\",\"breadcrumb\":{\"@id\":\"https:\/\/testwebsite.citygame.com\/fi\/games\/ibiza\/sherlock-holmes-ibiza\/#breadcrumb\"},\"inLanguage\":\"fi\",\"potentialAction\":[{\"@type\":\"ReadAction\",\"target\":[\"https:\/\/testwebsite.citygame.com\/fi\/games\/ibiza\/sherlock-holmes-ibiza\/\"]}]},{\"@type\":\"ImageObject\",\"inLanguage\":\"fi\",\"@id\":\"https:\/\/testwebsite.citygame.com\/fi\/games\/ibiza\/sherlock-holmes-ibiza\/#primaryimage\",\"url\":\"https:\/\/testwebsite.citygame.com\/wp-content\/blogs.dir\/1\/files\/sites\/62\/2026\/02\/team-playing-city-game-on-stone-steps-ibiza.jpg\",\"contentUrl\":\"https:\/\/testwebsite.citygame.com\/wp-content\/blogs.dir\/1\/files\/sites\/62\/2026\/02\/team-playing-city-game-on-stone-steps-ibiza.jpg\",\"width\":1024,\"height\":1024,\"caption\":\"A team of players consults their smartphone while exploring the historic streets of Ibiza.\"},{\"@type\":\"BreadcrumbList\",\"@id\":\"https:\/\/testwebsite.citygame.com\/fi\/games\/ibiza\/sherlock-holmes-ibiza\/#breadcrumb\",\"itemListElement\":[{\"@type\":\"ListItem\",\"position\":1,\"name\":\"Home\",\"item\":\"https:\/\/testwebsite.citygame.com\/fi\/\"},{\"@type\":\"ListItem\",\"position\":2,\"name\":\"Shop\",\"item\":\"https:\/\/testwebsite.citygame.com\/shop\/\"},{\"@type\":\"ListItem\",\"position\":3,\"name\":\"Sherlock Holmes Ibiza\"}]},{\"@type\":\"WebSite\",\"@id\":\"https:\/\/testwebsite.upevents.nl\/#website\",\"url\":\"https:\/\/testwebsite.upevents.nl\/\",\"name\":\"City Game\",\"description\":\"\",\"publisher\":{\"@id\":\"https:\/\/testwebsite.upevents.nl\/#organization\"},\"alternateName\":\"citygame.com\",\"potentialAction\":[{\"@type\":\"SearchAction\",\"target\":{\"@type\":\"EntryPoint\",\"urlTemplate\":\"https:\/\/testwebsite.upevents.nl\/?s={search_term_string}\"},\"query-input\":{\"@type\":\"PropertyValueSpecification\",\"valueRequired\":true,\"valueName\":\"search_term_string\"}}],\"inLanguage\":\"fi\"},{\"@type\":[\"Organization\",\"Place\"],\"@id\":\"https:\/\/testwebsite.upevents.nl\/#organization\",\"name\":\"City Game\",\"alternateName\":\"citygame.com\",\"url\":\"https:\/\/testwebsite.upevents.nl\/\",\"logo\":{\"@id\":\"https:\/\/testwebsite.citygame.com\/fi\/games\/ibiza\/sherlock-holmes-ibiza\/#local-main-organization-logo\"},\"image\":{\"@id\":\"https:\/\/testwebsite.citygame.com\/fi\/games\/ibiza\/sherlock-holmes-ibiza\/#local-main-organization-logo\"},\"sameAs\":[\"https:\/\/www.facebook.com\/profile.php?id=100086426226253\",\"https:\/\/www.instagram.com\/citygame_com\",\"https:\/\/www.tiktok.com\/@citygamecom\/\",\"https:\/\/www.linkedin.com\/company\/citygame-com\"],\"description\":\"Turn any city into a playground with our interactive City Games and self-guided tours. Fun, flexible, and ideal for groups and team building.\",\"telephone\":[],\"openingHoursSpecification\":[{\"@type\":\"OpeningHoursSpecification\",\"dayOfWeek\":[\"Monday\",\"Tuesday\",\"Wednesday\",\"Thursday\",\"Friday\",\"Saturday\",\"Sunday\"],\"opens\":\"09:00\",\"closes\":\"17:00\"}]},{\"@type\":\"ImageObject\",\"inLanguage\":\"fi\",\"@id\":\"https:\/\/testwebsite.citygame.com\/fi\/games\/ibiza\/sherlock-holmes-ibiza\/#local-main-organization-logo\",\"url\":\"https:\/\/testwebsite.citygame.com\/wp-content\/blogs.dir\/1\/files\/sites\/62\/2025\/10\/CG_LOGO-City-Game.png\",\"contentUrl\":\"https:\/\/testwebsite.citygame.com\/wp-content\/blogs.dir\/1\/files\/sites\/62\/2025\/10\/CG_LOGO-City-Game.png\",\"width\":351,\"height\":377,\"caption\":\"City Game\"}]}<\/script>\n<!-- \/ Yoast SEO Premium plugin. -->","yoast_head_json":{"title":"Sherlock Holmes Ibiza - City Game","description":"Sherlock Holmes Ibiza. Pelaa itseohjattua murhamysteerikaupunkipeli\u00e4, ratkaise pulmia, seuraa vihjeit\u00e4 ja paljasta murhaaja omaan tahtiisi!","robots":{"index":"noindex","follow":"follow","max-snippet":"max-snippet:-1","max-image-preview":"max-image-preview:large","max-video-preview":"max-video-preview:-1"},"og_locale":"fi_FI","og_type":"article","og_title":"Sherlock Holmes Ibiza","og_description":"Sherlock Holmes Ibiza. Pelaa itseohjattua murhamysteerikaupunkipeli\u00e4, ratkaise pulmia, seuraa vihjeit\u00e4 ja paljasta murhaaja omaan tahtiisi!","og_url":"https:\/\/testwebsite.citygame.com\/fi\/games\/ibiza\/sherlock-holmes-ibiza\/","og_site_name":"City Game","article_publisher":"https:\/\/www.facebook.com\/profile.php?id=100086426226253","article_modified_time":"2026-04-07T18:58:10+00:00","og_image":[{"width":1024,"height":1024,"url":"https:\/\/testwebsite.citygame.com\/wp-content\/blogs.dir\/1\/files\/sites\/62\/2026\/02\/team-playing-city-game-on-stone-steps-ibiza.jpg","type":"image\/jpeg"}],"twitter_card":"summary_large_image","schema":{"@context":"https:\/\/schema.org","@graph":[{"@type":"WebPage","@id":"https:\/\/testwebsite.citygame.com\/fi\/games\/ibiza\/sherlock-holmes-ibiza\/","url":"https:\/\/testwebsite.citygame.com\/fi\/games\/ibiza\/sherlock-holmes-ibiza\/","name":"Sherlock Holmes Ibiza - City Game","isPartOf":{"@id":"https:\/\/testwebsite.upevents.nl\/#website"},"primaryImageOfPage":{"@id":"https:\/\/testwebsite.citygame.com\/fi\/games\/ibiza\/sherlock-holmes-ibiza\/#primaryimage"},"image":{"@id":"https:\/\/testwebsite.citygame.com\/fi\/games\/ibiza\/sherlock-holmes-ibiza\/#primaryimage"},"thumbnailUrl":"https:\/\/testwebsite.citygame.com\/wp-content\/blogs.dir\/1\/files\/sites\/62\/2026\/02\/team-playing-city-game-on-stone-steps-ibiza.jpg","datePublished":"2026-02-19T10:58:44+00:00","dateModified":"2026-04-07T18:58:10+00:00","description":"Sherlock Holmes Ibiza. Pelaa itseohjattua murhamysteerikaupunkipeli\u00e4, ratkaise pulmia, seuraa vihjeit\u00e4 ja paljasta murhaaja omaan tahtiisi!","breadcrumb":{"@id":"https:\/\/testwebsite.citygame.com\/fi\/games\/ibiza\/sherlock-holmes-ibiza\/#breadcrumb"},"inLanguage":"fi","potentialAction":[{"@type":"ReadAction","target":["https:\/\/testwebsite.citygame.com\/fi\/games\/ibiza\/sherlock-holmes-ibiza\/"]}]},{"@type":"ImageObject","inLanguage":"fi","@id":"https:\/\/testwebsite.citygame.com\/fi\/games\/ibiza\/sherlock-holmes-ibiza\/#primaryimage","url":"https:\/\/testwebsite.citygame.com\/wp-content\/blogs.dir\/1\/files\/sites\/62\/2026\/02\/team-playing-city-game-on-stone-steps-ibiza.jpg","contentUrl":"https:\/\/testwebsite.citygame.com\/wp-content\/blogs.dir\/1\/files\/sites\/62\/2026\/02\/team-playing-city-game-on-stone-steps-ibiza.jpg","width":1024,"height":1024,"caption":"A team of players consults their smartphone while exploring the historic streets of Ibiza."},{"@type":"BreadcrumbList","@id":"https:\/\/testwebsite.citygame.com\/fi\/games\/ibiza\/sherlock-holmes-ibiza\/#breadcrumb","itemListElement":[{"@type":"ListItem","position":1,"name":"Home","item":"https:\/\/testwebsite.citygame.com\/fi\/"},{"@type":"ListItem","position":2,"name":"Shop","item":"https:\/\/testwebsite.citygame.com\/shop\/"},{"@type":"ListItem","position":3,"name":"Sherlock Holmes Ibiza"}]},{"@type":"WebSite","@id":"https:\/\/testwebsite.upevents.nl\/#website","url":"https:\/\/testwebsite.upevents.nl\/","name":"City Game","description":"","publisher":{"@id":"https:\/\/testwebsite.upevents.nl\/#organization"},"alternateName":"citygame.com","potentialAction":[{"@type":"SearchAction","target":{"@type":"EntryPoint","urlTemplate":"https:\/\/testwebsite.upevents.nl\/?s={search_term_string}"},"query-input":{"@type":"PropertyValueSpecification","valueRequired":true,"valueName":"search_term_string"}}],"inLanguage":"fi"},{"@type":["Organization","Place"],"@id":"https:\/\/testwebsite.upevents.nl\/#organization","name":"City Game","alternateName":"citygame.com","url":"https:\/\/testwebsite.upevents.nl\/","logo":{"@id":"https:\/\/testwebsite.citygame.com\/fi\/games\/ibiza\/sherlock-holmes-ibiza\/#local-main-organization-logo"},"image":{"@id":"https:\/\/testwebsite.citygame.com\/fi\/games\/ibiza\/sherlock-holmes-ibiza\/#local-main-organization-logo"},"sameAs":["https:\/\/www.facebook.com\/profile.php?id=100086426226253","https:\/\/www.instagram.com\/citygame_com","https:\/\/www.tiktok.com\/@citygamecom\/","https:\/\/www.linkedin.com\/company\/citygame-com"],"description":"Turn any city into a playground with our interactive City Games and self-guided tours. Fun, flexible, and ideal for groups and team building.","telephone":[],"openingHoursSpecification":[{"@type":"OpeningHoursSpecification","dayOfWeek":["Monday","Tuesday","Wednesday","Thursday","Friday","Saturday","Sunday"],"opens":"09:00","closes":"17:00"}]},{"@type":"ImageObject","inLanguage":"fi","@id":"https:\/\/testwebsite.citygame.com\/fi\/games\/ibiza\/sherlock-holmes-ibiza\/#local-main-organization-logo","url":"https:\/\/testwebsite.citygame.com\/wp-content\/blogs.dir\/1\/files\/sites\/62\/2025\/10\/CG_LOGO-City-Game.png","contentUrl":"https:\/\/testwebsite.citygame.com\/wp-content\/blogs.dir\/1\/files\/sites\/62\/2025\/10\/CG_LOGO-City-Game.png","width":351,"height":377,"caption":"City Game"}]}},"taxonomy_info":{"game-concept":[{"value":773,"label":"Sherlock"}],"location":[{"value":204,"label":"Ibiza"}],"product_cat":[{"value":27,"label":"Geen categorie"}]},"featured_image_src_large":["https:\/\/testwebsite.citygame.com\/wp-content\/blogs.dir\/1\/files\/sites\/62\/2026\/02\/team-playing-city-game-on-stone-steps-ibiza.jpg",1024,1024,false],"author_info":[],"comment_info":"","_links":{"self":[{"href":"https:\/\/testwebsite.citygame.com\/fi\/wp-json\/wp\/v2\/product\/54473","targetHints":{"allow":["GET"]}}],"collection":[{"href":"https:\/\/testwebsite.citygame.com\/fi\/wp-json\/wp\/v2\/product"}],"about":[{"href":"https:\/\/testwebsite.citygame.com\/fi\/wp-json\/wp\/v2\/types\/product"}],"acf:post":[{"embeddable":true,"href":"https:\/\/testwebsite.citygame.com\/fi\/wp-json\/wp\/v2\/pages\/8555"}],"wp:featuredmedia":[{"embeddable":true,"href":"https:\/\/testwebsite.citygame.com\/fi\/wp-json\/wp\/v2\/media\/14806"}],"wp:attachment":[{"href":"https:\/\/testwebsite.citygame.com\/fi\/wp-json\/wp\/v2\/media?parent=54473"}],"wp:term":[{"taxonomy":"game-concept","embeddable":true,"href":"https:\/\/testwebsite.citygame.com\/fi\/wp-json\/wp\/v2\/game-concept?post=54473"},{"taxonomy":"location","embeddable":true,"href":"https:\/\/testwebsite.citygame.com\/fi\/wp-json\/wp\/v2\/location?post=54473"},{"taxonomy":"product_brand","embeddable":true,"href":"https:\/\/testwebsite.citygame.com\/fi\/wp-json\/wp\/v2\/product_brand?post=54473"},{"taxonomy":"product_cat","embeddable":true,"href":"https:\/\/testwebsite.citygame.com\/fi\/wp-json\/wp\/v2\/product_cat?post=54473"},{"taxonomy":"product_tag","embeddable":true,"href":"https:\/\/testwebsite.citygame.com\/fi\/wp-json\/wp\/v2\/product_tag?post=54473"}],"curies":[{"name":"wp","href":"https:\/\/api.w.org\/{rel}","templated":true}]}}