{"id":53323,"date":"2026-02-19T16:48:58","date_gmt":"2026-02-19T16:48:58","guid":{"rendered":"https:\/\/testwebsite.citygame.com\/games\/unknown-location\/sherlock-holmes-saint-tropez\/"},"modified":"2026-04-07T16:38:51","modified_gmt":"2026-04-07T16:38:51","slug":"sherlock-holmes-saint-tropez","status":"publish","type":"product","link":"https:\/\/testwebsite.citygame.com\/fi\/games\/saint-tropez\/sherlock-holmes-saint-tropez\/","title":{"rendered":"Sherlock Holmes Saint-tropez"},"content":{"rendered":"<p>Koputa sis\u00e4isen etsiv\u00e4si oveen t\u00e4m\u00e4n itseohjatun, tarinavetoisen murhamysteeri-kaupunkipelin avulla, joka sijoittuu Saint-Tropez&#8217;n historialliseen keskustaan. Kun aurinko laskee Liberty Festivalin ylle, salaper\u00e4isyyteen verhoutunut kaupunki muuttuu mukaansatempaavaksi n\u00e4ytt\u00e4m\u00f6ksi Sherlock Holmes -henkiselle tutkimuksellesi. Navigoi kaupungin kapeilla kujilla ja vieh\u00e4tt\u00e4vill\u00e4 aukioilla omaan tahtiisi, seuraten etenev\u00e4\u00e4 tarinaa, ker\u00e4ten vihjeit\u00e4, ratkaisten monimutkaisia pulmia ja kuulustellen digitaalisia ep\u00e4iltyj\u00e4 paljastaaksesi ep\u00e4ilytt\u00e4v\u00e4n murhan. T\u00e4m\u00e4 loistava kokemus korostaa takaa-ajon j\u00e4nnityst\u00e4 ja vapaudella pelata omaan tahtiisi. Se upottaa sinut henke\u00e4salpaavaan etsiv\u00e4seikkailuun, joka ylitt\u00e4\u00e4 tavallisen rajat.<\/p>\n","protected":false},"excerpt":{"rendered":"<p>Astu Sherlock Holmesin armottomiin saappaisiin ja navigoi vangitsevassa murhamysteeriss\u00e4 Saint-Tropez&#8217;n upeilla kaduilla. Pelk\u00e4st\u00e4\u00e4n \u00e4lykkyytesi avulla sinun teht\u00e4v\u00e4n\u00e4si on seurata vaikeasti tavoitettavia vihjeit\u00e4, ratkaista ovelia pulmia ja ty\u00f6skennell\u00e4 tiimisi kanssa paljastaaksesi kiistattoman totuuden, samalla kun kisaatte aikaa vastaan!<\/p>\n","protected":false},"featured_media":15057,"template":"","meta":{"_acf_changed":false,"_yoast_wpseo_focuskw":"Sherlock Holmes Saint-tropez","_yoast_wpseo_metadesc":"Sherlock Holmes Saint-tropez. Pelaa itseohjattua murhamysteeri-kaupunkipeli\u00e4, ratkaise pulmia, seuraa vihjeit\u00e4 ja paljasta murhaaja omaan tahtiisi!","_kad_blocks_custom_css":"","_kad_blocks_head_custom_js":"","_kad_blocks_body_custom_js":"","_kad_blocks_footer_custom_js":"","ghostkit_customizer_options":"","ghostkit_custom_css":"","ghostkit_custom_js_head":"","ghostkit_custom_js_foot":"","ghostkit_typography":"","_kad_post_transparent":"","_kad_post_title":"","_kad_post_layout":"","_kad_post_sidebar_id":"","_kad_post_content_style":"","_kad_post_vertical_padding":"","_kad_post_feature":"","_kad_post_feature_position":"","_kad_post_header":false,"_kad_post_footer":false,"_kad_post_classname":"","_links_to":"","_links_to_target":""},"game-concept":[773],"location":[349],"product_brand":[],"product_cat":[27],"product_tag":[],"class_list":{"0":"post-53323","1":"product","2":"type-product","3":"status-publish","4":"has-post-thumbnail","6":"game-concept-sherlock","7":"location-saint-tropez","8":"product_cat-geen-categorie","10":"first","11":"instock","12":"shipping-taxable","13":"purchasable","14":"product-type-simple","15":"entry","16":"content-bg","17":"loop-entry"},"acf":{"full_bokun_product_name":"Saint-Tropez Self-Guided Sherlock Holmes Murder Mystery Game","location_name":"Saint-tropez","bokun_calendar_widget_code":"<script type=\"text\/javascript\" src=\"https:\/\/widgets.bokun.io\/assets\/javascripts\/apps\/build\/BokunWidgetsLoader.js?bookingChannelUUID=a1e93e96-5232-4734-a595-28405f4b5a31\" async><\/script>\n     \n    <div class=\"bokunWidget\" data-src=\"https:\/\/widgets.bokun.io\/online-sales\/a1e93e96-5232-4734-a595-28405f4b5a31\/experience-calendar\/855846\"><\/div>\n    <noscript>Please enable javascript in your browser to book<\/noscript>","bokun_button_widget_code":"<script type=\"text\/javascript\" src=\"https:\/\/widgets.bokun.io\/assets\/javascripts\/apps\/build\/BokunWidgetsLoader.js?bookingChannelUUID=a1e93e96-5232-4734-a595-28405f4b5a31\" async><\/script>\n      <style> #bokun_ed001e45_5927_4f62_b470_ca766338d083 { display: inline-block; padding: .4em 1em; background: #47b82e; border-radius: 999999px; box-shadow: none; font-weight: 600; font-size: 24px; text-decoration: none; text-align: center; color: #FFFFFF; border:none; cursor: pointer; transition: background .2s ease; } #bokun_ed001e45_5927_4f62_b470_ca766338d083:hover{ background: #2f7b1f; } #bokun_ed001e45_5927_4f62_b470_ca766338d083:active{ background: #378f24; } <\/style> <button class=\"bokunButton\" disabled id=bokun_ed001e45_5927_4f62_b470_ca766338d083 data-src=\"https:\/\/widgets.bokun.io\/online-sales\/a1e93e96-5232-4734-a595-28405f4b5a31\/experience-calendar\/855846?partialView=1\" data-testid=\"widget-book-button\" > Book now <\/button> ","what_you\u2019ll_experience_during_the_game":"Uppoudu mukaansatempaavaan etsiv\u00e4tarinaan Saint-Tropez'n syd\u00e4mess\u00e4. Kun kuljet kaupungin kaduilla, mysteeri avautuu joka k\u00e4\u00e4nteess\u00e4. L\u00f6yd\u00e4 kaupungin rakenteisiin k\u00e4tkettyj\u00e4 vihjeit\u00e4, ratkaise ovelia pulmia ja kohtaa juonenk\u00e4\u00e4nteit\u00e4, jotka pit\u00e4v\u00e4t tutkimuksesi j\u00e4nnitt\u00e4v\u00e4n\u00e4. Huomaat kuulustelevasi digitaalisia ep\u00e4iltyj\u00e4, analysoivasi alibeja ja ristiriitaisuuksia yritt\u00e4ess\u00e4si p\u00e4\u00e4st\u00e4 l\u00e4hemm\u00e4ksi totuutta.\n\nT\u00e4m\u00e4 vangitseva kokemus on t\u00e4ysin tarinavetoinen, jossa kriittinen ajattelusi, tarkka havainnointi ja p\u00e4\u00e4ttelytaitosi joutuvat kaikki koetukselle. Liberty Festivalin aikaisen tuhoisan murhan totuus piilee piilossa odottaen, ett\u00e4 paljastat sen. Ainutlaatuinen henkirikos, jonka voi ratkaista omalla ajalla, keskeytt\u00e4\u00e4 ja jatkaa milloin tahansa. Ja vaikka kilpailuhenki kutkuttaa joukkueita, painopiste pysyy tarinassa ja sen juonessa. Kaiva esiin totuus Saint-Tropez'n rikoksen takana ja tule sellaiseksi etsiv\u00e4ksi, jollaiseksi olet aina halunnut olla.","how_to_play":"Pelaa yksin tai yst\u00e4vien, perheen tai kollegoiden kanssa enint\u00e4\u00e4n nelj\u00e4n hengen tiimeiss\u00e4 per laite. Varauksen j\u00e4lkeen saat s\u00e4hk\u00f6postitse ohjeet kaikella tarvitsemallasi tiedolla.","start_location":"Saint-Tropez, Place des Lices","available_languages":["en","es","fr","de","it","nl"],"players_per_group":"1-4","duration":"1.5-2 hours","image_overlay_color_image":"https:\/\/testwebsite.citygame.com\/wp-content\/blogs.dir\/1\/files\/sites\/62\/2026\/01\/SherlockColor.svg","image_overlay_game_logo":"https:\/\/testwebsite.citygame.com\/wp-content\/blogs.dir\/1\/files\/sites\/62\/2026\/01\/SherlockLogo.png","city_page":13341,"woocommerce_general_content":null},"yoast_head":"<!-- This site is optimized with the Yoast SEO Premium plugin v26.2 (Yoast SEO v26.3) - https:\/\/yoast.com\/wordpress\/plugins\/seo\/ -->\n<title>Sherlock Holmes Saint-tropez - City Game<\/title>\n<meta name=\"description\" content=\"Sherlock Holmes Saint-tropez. Pelaa itseohjattua murhamysteeri-kaupunkipeli\u00e4, ratkaise pulmia, seuraa vihjeit\u00e4 ja paljasta murhaaja omaan tahtiisi!\" \/>\n<meta name=\"robots\" content=\"noindex, follow, max-snippet:-1, max-image-preview:large, max-video-preview:-1\" \/>\n<meta property=\"og:locale\" content=\"fi_FI\" \/>\n<meta property=\"og:type\" content=\"article\" \/>\n<meta property=\"og:title\" content=\"Sherlock Holmes Saint-tropez\" \/>\n<meta property=\"og:description\" content=\"Sherlock Holmes Saint-tropez. Pelaa itseohjattua murhamysteeri-kaupunkipeli\u00e4, ratkaise pulmia, seuraa vihjeit\u00e4 ja paljasta murhaaja omaan tahtiisi!\" \/>\n<meta property=\"og:url\" content=\"https:\/\/testwebsite.citygame.com\/fi\/games\/saint-tropez\/sherlock-holmes-saint-tropez\/\" \/>\n<meta property=\"og:site_name\" content=\"City Game\" \/>\n<meta property=\"article:publisher\" content=\"https:\/\/www.facebook.com\/profile.php?id=100086426226253\" \/>\n<meta property=\"article:modified_time\" content=\"2026-04-07T16:38:51+00:00\" \/>\n<meta property=\"og:image\" content=\"https:\/\/testwebsite.citygame.com\/wp-content\/blogs.dir\/1\/files\/sites\/62\/2026\/02\/saint-tropez-citadelle-vague-sculpture-sherlock-game.jpg\" \/>\n\t<meta property=\"og:image:width\" content=\"1024\" \/>\n\t<meta property=\"og:image:height\" content=\"1024\" \/>\n\t<meta property=\"og:image:type\" content=\"image\/jpeg\" \/>\n<meta name=\"twitter:card\" content=\"summary_large_image\" \/>\n<script type=\"application\/ld+json\" class=\"yoast-schema-graph\">{\"@context\":\"https:\/\/schema.org\",\"@graph\":[{\"@type\":\"WebPage\",\"@id\":\"https:\/\/testwebsite.citygame.com\/fi\/games\/saint-tropez\/sherlock-holmes-saint-tropez\/\",\"url\":\"https:\/\/testwebsite.citygame.com\/fi\/games\/saint-tropez\/sherlock-holmes-saint-tropez\/\",\"name\":\"Sherlock Holmes Saint-tropez - City Game\",\"isPartOf\":{\"@id\":\"https:\/\/testwebsite.upevents.nl\/#website\"},\"primaryImageOfPage\":{\"@id\":\"https:\/\/testwebsite.citygame.com\/fi\/games\/saint-tropez\/sherlock-holmes-saint-tropez\/#primaryimage\"},\"image\":{\"@id\":\"https:\/\/testwebsite.citygame.com\/fi\/games\/saint-tropez\/sherlock-holmes-saint-tropez\/#primaryimage\"},\"thumbnailUrl\":\"https:\/\/testwebsite.citygame.com\/wp-content\/blogs.dir\/1\/files\/sites\/62\/2026\/02\/saint-tropez-citadelle-vague-sculpture-sherlock-game.jpg\",\"datePublished\":\"2026-02-19T16:48:58+00:00\",\"dateModified\":\"2026-04-07T16:38:51+00:00\",\"description\":\"Sherlock Holmes Saint-tropez. Pelaa itseohjattua murhamysteeri-kaupunkipeli\u00e4, ratkaise pulmia, seuraa vihjeit\u00e4 ja paljasta murhaaja omaan tahtiisi!\",\"breadcrumb\":{\"@id\":\"https:\/\/testwebsite.citygame.com\/fi\/games\/saint-tropez\/sherlock-holmes-saint-tropez\/#breadcrumb\"},\"inLanguage\":\"fi\",\"potentialAction\":[{\"@type\":\"ReadAction\",\"target\":[\"https:\/\/testwebsite.citygame.com\/fi\/games\/saint-tropez\/sherlock-holmes-saint-tropez\/\"]}]},{\"@type\":\"ImageObject\",\"inLanguage\":\"fi\",\"@id\":\"https:\/\/testwebsite.citygame.com\/fi\/games\/saint-tropez\/sherlock-holmes-saint-tropez\/#primaryimage\",\"url\":\"https:\/\/testwebsite.citygame.com\/wp-content\/blogs.dir\/1\/files\/sites\/62\/2026\/02\/saint-tropez-citadelle-vague-sculpture-sherlock-game.jpg\",\"contentUrl\":\"https:\/\/testwebsite.citygame.com\/wp-content\/blogs.dir\/1\/files\/sites\/62\/2026\/02\/saint-tropez-citadelle-vague-sculpture-sherlock-game.jpg\",\"width\":1024,\"height\":1024,\"caption\":\"A player uses the Sherloch app near the 'Vague' sculpture at the Citadelle de Saint-Tropez.\"},{\"@type\":\"BreadcrumbList\",\"@id\":\"https:\/\/testwebsite.citygame.com\/fi\/games\/saint-tropez\/sherlock-holmes-saint-tropez\/#breadcrumb\",\"itemListElement\":[{\"@type\":\"ListItem\",\"position\":1,\"name\":\"Home\",\"item\":\"https:\/\/testwebsite.citygame.com\/fi\/\"},{\"@type\":\"ListItem\",\"position\":2,\"name\":\"Shop\",\"item\":\"https:\/\/testwebsite.citygame.com\/shop\/\"},{\"@type\":\"ListItem\",\"position\":3,\"name\":\"Sherlock Holmes Saint-tropez\"}]},{\"@type\":\"WebSite\",\"@id\":\"https:\/\/testwebsite.upevents.nl\/#website\",\"url\":\"https:\/\/testwebsite.upevents.nl\/\",\"name\":\"City Game\",\"description\":\"\",\"publisher\":{\"@id\":\"https:\/\/testwebsite.upevents.nl\/#organization\"},\"alternateName\":\"citygame.com\",\"potentialAction\":[{\"@type\":\"SearchAction\",\"target\":{\"@type\":\"EntryPoint\",\"urlTemplate\":\"https:\/\/testwebsite.upevents.nl\/?s={search_term_string}\"},\"query-input\":{\"@type\":\"PropertyValueSpecification\",\"valueRequired\":true,\"valueName\":\"search_term_string\"}}],\"inLanguage\":\"fi\"},{\"@type\":[\"Organization\",\"Place\"],\"@id\":\"https:\/\/testwebsite.upevents.nl\/#organization\",\"name\":\"City Game\",\"alternateName\":\"citygame.com\",\"url\":\"https:\/\/testwebsite.upevents.nl\/\",\"logo\":{\"@id\":\"https:\/\/testwebsite.citygame.com\/fi\/games\/saint-tropez\/sherlock-holmes-saint-tropez\/#local-main-organization-logo\"},\"image\":{\"@id\":\"https:\/\/testwebsite.citygame.com\/fi\/games\/saint-tropez\/sherlock-holmes-saint-tropez\/#local-main-organization-logo\"},\"sameAs\":[\"https:\/\/www.facebook.com\/profile.php?id=100086426226253\",\"https:\/\/www.instagram.com\/citygame_com\",\"https:\/\/www.tiktok.com\/@citygamecom\/\",\"https:\/\/www.linkedin.com\/company\/citygame-com\"],\"description\":\"Turn any city into a playground with our interactive City Games and self-guided tours. Fun, flexible, and ideal for groups and team building.\",\"telephone\":[],\"openingHoursSpecification\":[{\"@type\":\"OpeningHoursSpecification\",\"dayOfWeek\":[\"Monday\",\"Tuesday\",\"Wednesday\",\"Thursday\",\"Friday\",\"Saturday\",\"Sunday\"],\"opens\":\"09:00\",\"closes\":\"17:00\"}]},{\"@type\":\"ImageObject\",\"inLanguage\":\"fi\",\"@id\":\"https:\/\/testwebsite.citygame.com\/fi\/games\/saint-tropez\/sherlock-holmes-saint-tropez\/#local-main-organization-logo\",\"url\":\"https:\/\/testwebsite.citygame.com\/wp-content\/blogs.dir\/1\/files\/sites\/62\/2025\/10\/CG_LOGO-City-Game.png\",\"contentUrl\":\"https:\/\/testwebsite.citygame.com\/wp-content\/blogs.dir\/1\/files\/sites\/62\/2025\/10\/CG_LOGO-City-Game.png\",\"width\":351,\"height\":377,\"caption\":\"City Game\"}]}<\/script>\n<!-- \/ Yoast SEO Premium plugin. -->","yoast_head_json":{"title":"Sherlock Holmes Saint-tropez - City Game","description":"Sherlock Holmes Saint-tropez. Pelaa itseohjattua murhamysteeri-kaupunkipeli\u00e4, ratkaise pulmia, seuraa vihjeit\u00e4 ja paljasta murhaaja omaan tahtiisi!","robots":{"index":"noindex","follow":"follow","max-snippet":"max-snippet:-1","max-image-preview":"max-image-preview:large","max-video-preview":"max-video-preview:-1"},"og_locale":"fi_FI","og_type":"article","og_title":"Sherlock Holmes Saint-tropez","og_description":"Sherlock Holmes Saint-tropez. Pelaa itseohjattua murhamysteeri-kaupunkipeli\u00e4, ratkaise pulmia, seuraa vihjeit\u00e4 ja paljasta murhaaja omaan tahtiisi!","og_url":"https:\/\/testwebsite.citygame.com\/fi\/games\/saint-tropez\/sherlock-holmes-saint-tropez\/","og_site_name":"City Game","article_publisher":"https:\/\/www.facebook.com\/profile.php?id=100086426226253","article_modified_time":"2026-04-07T16:38:51+00:00","og_image":[{"width":1024,"height":1024,"url":"https:\/\/testwebsite.citygame.com\/wp-content\/blogs.dir\/1\/files\/sites\/62\/2026\/02\/saint-tropez-citadelle-vague-sculpture-sherlock-game.jpg","type":"image\/jpeg"}],"twitter_card":"summary_large_image","schema":{"@context":"https:\/\/schema.org","@graph":[{"@type":"WebPage","@id":"https:\/\/testwebsite.citygame.com\/fi\/games\/saint-tropez\/sherlock-holmes-saint-tropez\/","url":"https:\/\/testwebsite.citygame.com\/fi\/games\/saint-tropez\/sherlock-holmes-saint-tropez\/","name":"Sherlock Holmes Saint-tropez - City Game","isPartOf":{"@id":"https:\/\/testwebsite.upevents.nl\/#website"},"primaryImageOfPage":{"@id":"https:\/\/testwebsite.citygame.com\/fi\/games\/saint-tropez\/sherlock-holmes-saint-tropez\/#primaryimage"},"image":{"@id":"https:\/\/testwebsite.citygame.com\/fi\/games\/saint-tropez\/sherlock-holmes-saint-tropez\/#primaryimage"},"thumbnailUrl":"https:\/\/testwebsite.citygame.com\/wp-content\/blogs.dir\/1\/files\/sites\/62\/2026\/02\/saint-tropez-citadelle-vague-sculpture-sherlock-game.jpg","datePublished":"2026-02-19T16:48:58+00:00","dateModified":"2026-04-07T16:38:51+00:00","description":"Sherlock Holmes Saint-tropez. Pelaa itseohjattua murhamysteeri-kaupunkipeli\u00e4, ratkaise pulmia, seuraa vihjeit\u00e4 ja paljasta murhaaja omaan tahtiisi!","breadcrumb":{"@id":"https:\/\/testwebsite.citygame.com\/fi\/games\/saint-tropez\/sherlock-holmes-saint-tropez\/#breadcrumb"},"inLanguage":"fi","potentialAction":[{"@type":"ReadAction","target":["https:\/\/testwebsite.citygame.com\/fi\/games\/saint-tropez\/sherlock-holmes-saint-tropez\/"]}]},{"@type":"ImageObject","inLanguage":"fi","@id":"https:\/\/testwebsite.citygame.com\/fi\/games\/saint-tropez\/sherlock-holmes-saint-tropez\/#primaryimage","url":"https:\/\/testwebsite.citygame.com\/wp-content\/blogs.dir\/1\/files\/sites\/62\/2026\/02\/saint-tropez-citadelle-vague-sculpture-sherlock-game.jpg","contentUrl":"https:\/\/testwebsite.citygame.com\/wp-content\/blogs.dir\/1\/files\/sites\/62\/2026\/02\/saint-tropez-citadelle-vague-sculpture-sherlock-game.jpg","width":1024,"height":1024,"caption":"A player uses the Sherloch app near the 'Vague' sculpture at the Citadelle de Saint-Tropez."},{"@type":"BreadcrumbList","@id":"https:\/\/testwebsite.citygame.com\/fi\/games\/saint-tropez\/sherlock-holmes-saint-tropez\/#breadcrumb","itemListElement":[{"@type":"ListItem","position":1,"name":"Home","item":"https:\/\/testwebsite.citygame.com\/fi\/"},{"@type":"ListItem","position":2,"name":"Shop","item":"https:\/\/testwebsite.citygame.com\/shop\/"},{"@type":"ListItem","position":3,"name":"Sherlock Holmes Saint-tropez"}]},{"@type":"WebSite","@id":"https:\/\/testwebsite.upevents.nl\/#website","url":"https:\/\/testwebsite.upevents.nl\/","name":"City Game","description":"","publisher":{"@id":"https:\/\/testwebsite.upevents.nl\/#organization"},"alternateName":"citygame.com","potentialAction":[{"@type":"SearchAction","target":{"@type":"EntryPoint","urlTemplate":"https:\/\/testwebsite.upevents.nl\/?s={search_term_string}"},"query-input":{"@type":"PropertyValueSpecification","valueRequired":true,"valueName":"search_term_string"}}],"inLanguage":"fi"},{"@type":["Organization","Place"],"@id":"https:\/\/testwebsite.upevents.nl\/#organization","name":"City Game","alternateName":"citygame.com","url":"https:\/\/testwebsite.upevents.nl\/","logo":{"@id":"https:\/\/testwebsite.citygame.com\/fi\/games\/saint-tropez\/sherlock-holmes-saint-tropez\/#local-main-organization-logo"},"image":{"@id":"https:\/\/testwebsite.citygame.com\/fi\/games\/saint-tropez\/sherlock-holmes-saint-tropez\/#local-main-organization-logo"},"sameAs":["https:\/\/www.facebook.com\/profile.php?id=100086426226253","https:\/\/www.instagram.com\/citygame_com","https:\/\/www.tiktok.com\/@citygamecom\/","https:\/\/www.linkedin.com\/company\/citygame-com"],"description":"Turn any city into a playground with our interactive City Games and self-guided tours. Fun, flexible, and ideal for groups and team building.","telephone":[],"openingHoursSpecification":[{"@type":"OpeningHoursSpecification","dayOfWeek":["Monday","Tuesday","Wednesday","Thursday","Friday","Saturday","Sunday"],"opens":"09:00","closes":"17:00"}]},{"@type":"ImageObject","inLanguage":"fi","@id":"https:\/\/testwebsite.citygame.com\/fi\/games\/saint-tropez\/sherlock-holmes-saint-tropez\/#local-main-organization-logo","url":"https:\/\/testwebsite.citygame.com\/wp-content\/blogs.dir\/1\/files\/sites\/62\/2025\/10\/CG_LOGO-City-Game.png","contentUrl":"https:\/\/testwebsite.citygame.com\/wp-content\/blogs.dir\/1\/files\/sites\/62\/2025\/10\/CG_LOGO-City-Game.png","width":351,"height":377,"caption":"City Game"}]}},"taxonomy_info":{"game-concept":[{"value":773,"label":"Sherlock"}],"location":[{"value":349,"label":"Saint-Tropez"}],"product_cat":[{"value":27,"label":"Geen categorie"}]},"featured_image_src_large":["https:\/\/testwebsite.citygame.com\/wp-content\/blogs.dir\/1\/files\/sites\/62\/2026\/02\/saint-tropez-citadelle-vague-sculpture-sherlock-game.jpg",1024,1024,false],"author_info":[],"comment_info":"","_links":{"self":[{"href":"https:\/\/testwebsite.citygame.com\/fi\/wp-json\/wp\/v2\/product\/53323","targetHints":{"allow":["GET"]}}],"collection":[{"href":"https:\/\/testwebsite.citygame.com\/fi\/wp-json\/wp\/v2\/product"}],"about":[{"href":"https:\/\/testwebsite.citygame.com\/fi\/wp-json\/wp\/v2\/types\/product"}],"acf:post":[{"embeddable":true,"href":"https:\/\/testwebsite.citygame.com\/fi\/wp-json\/wp\/v2\/pages\/13341"}],"wp:featuredmedia":[{"embeddable":true,"href":"https:\/\/testwebsite.citygame.com\/fi\/wp-json\/wp\/v2\/media\/15057"}],"wp:attachment":[{"href":"https:\/\/testwebsite.citygame.com\/fi\/wp-json\/wp\/v2\/media?parent=53323"}],"wp:term":[{"taxonomy":"game-concept","embeddable":true,"href":"https:\/\/testwebsite.citygame.com\/fi\/wp-json\/wp\/v2\/game-concept?post=53323"},{"taxonomy":"location","embeddable":true,"href":"https:\/\/testwebsite.citygame.com\/fi\/wp-json\/wp\/v2\/location?post=53323"},{"taxonomy":"product_brand","embeddable":true,"href":"https:\/\/testwebsite.citygame.com\/fi\/wp-json\/wp\/v2\/product_brand?post=53323"},{"taxonomy":"product_cat","embeddable":true,"href":"https:\/\/testwebsite.citygame.com\/fi\/wp-json\/wp\/v2\/product_cat?post=53323"},{"taxonomy":"product_tag","embeddable":true,"href":"https:\/\/testwebsite.citygame.com\/fi\/wp-json\/wp\/v2\/product_tag?post=53323"}],"curies":[{"name":"wp","href":"https:\/\/api.w.org\/{rel}","templated":true}]}}