{"id":49732,"date":"2026-02-13T13:26:13","date_gmt":"2026-02-13T13:26:13","guid":{"rendered":"https:\/\/testwebsite.citygame.com\/games\/unknown-location\/tuote-479\/"},"modified":"2026-04-03T23:22:30","modified_gmt":"2026-04-03T23:22:30","slug":"tuote-479","status":"publish","type":"product","link":"https:\/\/testwebsite.citygame.com\/fi\/games\/unknown-location\/tuote-479\/","title":{"rendered":"Tuote"},"content":{"rendered":"","protected":false},"excerpt":{"rendered":"","protected":false},"featured_media":13561,"template":"","meta":{"_acf_changed":false,"_yoast_wpseo_focuskw":"The Nijmegen Syndicate","_yoast_wpseo_metadesc":"The Nijmegen Syndicate. Pelaa itseohjautuvaa City Escape Gamea, ratkaise pulmia, suorita teht\u00e4vi\u00e4 ja palauta varastetut kaavat omaan tahtiisi!","_kad_blocks_custom_css":"","_kad_blocks_head_custom_js":"","_kad_blocks_body_custom_js":"","_kad_blocks_footer_custom_js":"","ghostkit_customizer_options":"","ghostkit_custom_css":"","ghostkit_custom_js_head":"","ghostkit_custom_js_foot":"","ghostkit_typography":"","_kad_post_transparent":"default","_kad_post_title":"","_kad_post_layout":"default","_kad_post_sidebar_id":"","_kad_post_content_style":"default","_kad_post_vertical_padding":"default","_kad_post_feature":"","_kad_post_feature_position":"","_kad_post_header":false,"_kad_post_footer":false,"_kad_post_classname":"","_links_to":"","_links_to_target":""},"game-concept":[37],"location":[],"product_brand":[],"product_cat":[27],"product_tag":[],"class_list":{"0":"post-49732","1":"product","2":"type-product","3":"status-publish","4":"has-post-thumbnail","6":"game-concept-syndicate","7":"product_cat-geen-categorie","9":"first","10":"instock","11":"shipping-taxable","12":"purchasable","13":"product-type-simple","14":"entry","15":"content-bg","16":"loop-entry"},"acf":{"full_bokun_product_name":"Self-Guided The Nijmegen Syndicate City Escape Game","location_name":"Nijmegen","bokun_calendar_widget_code":"<script type=\"text\/javascript\" src=\"https:\/\/widgets.bokun.io\/assets\/javascripts\/apps\/build\/BokunWidgetsLoader.js?bookingChannelUUID=a1e93e96-5232-4734-a595-28405f4b5a31\" async><\/script>\n     \n    <div class=\"bokunWidget\" data-src=\"https:\/\/widgets.bokun.io\/online-sales\/a1e93e96-5232-4734-a595-28405f4b5a31\/experience-calendar\/772525\"><\/div>\n    <noscript>Please enable javascript in your browser to book<\/noscript>","bokun_button_widget_code":"<script type=\"text\/javascript\" src=\"https:\/\/widgets.bokun.io\/assets\/javascripts\/apps\/build\/BokunWidgetsLoader.js?bookingChannelUUID=a1e93e96-5232-4734-a595-28405f4b5a31\" async><\/script>\n      <style> #bokun_ed001e45_5927_4f62_b470_ca766338d083 { display: inline-block; padding: .4em 1em; background: #47b82e; border-radius: 999999px; box-shadow: none; font-weight: 600; font-size: 24px; text-decoration: none; text-align: center; color: #FFFFFF; border:none; cursor: pointer; transition: background .2s ease; } #bokun_ed001e45_5927_4f62_b470_ca766338d083:hover{ background: #2f7b1f; } #bokun_ed001e45_5927_4f62_b470_ca766338d083:active{ background: #378f24; } <\/style> <button class=\"bokunButton\" disabled id=bokun_ed001e45_5927_4f62_b470_ca766338d083 data-src=\"https:\/\/widgets.bokun.io\/online-sales\/a1e93e96-5232-4734-a595-28405f4b5a31\/experience-calendar\/772525?partialView=1\" data-testid=\"widget-book-button\" > Book now <\/button> ","what_you\u2019ll_experience_during_the_game":"Sin\u00e4 ja tiimisi asetetaan korkean panoksen pakoteht\u00e4v\u00e4n keskipisteeseen syv\u00e4ll\u00e4 Nijmegenin kaduilla. Salaisina agentteina tavoitteenne on l\u00f6yt\u00e4\u00e4 vaikeasti tavoitettava Magnus ja palauttaa kuusi varastettua kaavaa ennen kuin ne katoavat lopullisesti. Koko kokemus on t\u00e4ysin tarinavetoinen, ja jokainen teht\u00e4v\u00e4n vaihe paljastuu edetess\u00e4si kaupungissa, samalla kun tulkitset vihjeit\u00e4, jotka tuovat sinut l\u00e4hemm\u00e4s totuutta.\r\n\r\nEdistyminen riippuu yhteisest\u00e4 ongelmanratkaisustanne: murrat koodattuja viestej\u00e4, hallitset monikerroksisia pulmia ja suoritat aikasidonnaisia teht\u00e4vi\u00e4, jotka on suunniteltu haastamaan kommunikaatiotasi ja p\u00e4\u00e4t\u00f6ksentekoasi. Nijmegenist\u00e4 tulee enemm\u00e4n kuin pelkk\u00e4 tausta \u2013 se on tiimisi toiminnan el\u00e4v\u00e4 ymp\u00e4rist\u00f6. Valitsitpa sitten suorittaa teht\u00e4v\u00e4n yhdess\u00e4 istunnossa tai keskeytt\u00e4\u00e4 ja jatkaa my\u00f6hemmin, teht\u00e4v\u00e4 mukautuu tahtiisi pit\u00e4en paineen yll\u00e4.","how_to_play":"Varaa City Game, tarkista s\u00e4hk\u00f6postiviesti, jonka l\u00e4het\u00e4mme sinulle ohjeineen, lataa Loquiz-sovellus ja aloita pelikokemuksesi!","start_location":"Nijmegen, Grote Markt","available_languages":["en","nl"],"players_per_group":"1-4","duration":"1.5-2 hours","image_overlay_color_image":"https:\/\/testwebsite.citygame.com\/wp-content\/blogs.dir\/1\/files\/sites\/62\/2026\/01\/SyndicateColor.svg","image_overlay_game_logo":"https:\/\/testwebsite.citygame.com\/wp-content\/blogs.dir\/1\/files\/sites\/62\/2026\/01\/SyndicateLogo.png","city_page":4556,"woocommerce_general_content":null},"yoast_head":"<!-- This site is optimized with the Yoast SEO Premium plugin v26.2 (Yoast SEO v26.3) - https:\/\/yoast.com\/wordpress\/plugins\/seo\/ -->\n<title>Tuote - City Game<\/title>\n<meta name=\"description\" content=\"The Nijmegen Syndicate. Pelaa itseohjautuvaa City Escape Gamea, ratkaise pulmia, suorita teht\u00e4vi\u00e4 ja palauta varastetut kaavat omaan tahtiisi!\" \/>\n<meta name=\"robots\" content=\"noindex, follow, max-snippet:-1, max-image-preview:large, max-video-preview:-1\" \/>\n<meta property=\"og:locale\" content=\"fi_FI\" \/>\n<meta property=\"og:type\" content=\"article\" \/>\n<meta property=\"og:title\" content=\"Tuote\" \/>\n<meta property=\"og:description\" content=\"The Nijmegen Syndicate. Pelaa itseohjautuvaa City Escape Gamea, ratkaise pulmia, suorita teht\u00e4vi\u00e4 ja palauta varastetut kaavat omaan tahtiisi!\" \/>\n<meta property=\"og:url\" content=\"https:\/\/testwebsite.citygame.com\/fi\/games\/unknown-location\/tuote-479\/\" \/>\n<meta property=\"og:site_name\" content=\"City Game\" \/>\n<meta property=\"article:publisher\" content=\"https:\/\/www.facebook.com\/profile.php?id=100086426226253\" \/>\n<meta property=\"article:modified_time\" content=\"2026-04-03T23:22:30+00:00\" \/>\n<meta property=\"og:image\" content=\"https:\/\/testwebsite.citygame.com\/wp-content\/blogs.dir\/1\/files\/sites\/62\/2026\/02\/man-playing-city-game-on-phone-in-courtyard-nijmegen.jpg\" \/>\n\t<meta property=\"og:image:width\" content=\"1024\" \/>\n\t<meta property=\"og:image:height\" content=\"1024\" \/>\n\t<meta property=\"og:image:type\" content=\"image\/jpeg\" \/>\n<meta name=\"twitter:card\" content=\"summary_large_image\" \/>\n<script type=\"application\/ld+json\" class=\"yoast-schema-graph\">{\"@context\":\"https:\/\/schema.org\",\"@graph\":[{\"@type\":\"WebPage\",\"@id\":\"https:\/\/testwebsite.citygame.com\/fi\/games\/unknown-location\/tuote-479\/\",\"url\":\"https:\/\/testwebsite.citygame.com\/fi\/games\/unknown-location\/tuote-479\/\",\"name\":\"Tuote - City Game\",\"isPartOf\":{\"@id\":\"https:\/\/testwebsite.upevents.nl\/#website\"},\"primaryImageOfPage\":{\"@id\":\"https:\/\/testwebsite.citygame.com\/fi\/games\/unknown-location\/tuote-479\/#primaryimage\"},\"image\":{\"@id\":\"https:\/\/testwebsite.citygame.com\/fi\/games\/unknown-location\/tuote-479\/#primaryimage\"},\"thumbnailUrl\":\"https:\/\/testwebsite.citygame.com\/wp-content\/blogs.dir\/1\/files\/sites\/62\/2026\/02\/man-playing-city-game-on-phone-in-courtyard-nijmegen.jpg\",\"datePublished\":\"2026-02-13T13:26:13+00:00\",\"dateModified\":\"2026-04-03T23:22:30+00:00\",\"description\":\"The Nijmegen Syndicate. Pelaa itseohjautuvaa City Escape Gamea, ratkaise pulmia, suorita teht\u00e4vi\u00e4 ja palauta varastetut kaavat omaan tahtiisi!\",\"breadcrumb\":{\"@id\":\"https:\/\/testwebsite.citygame.com\/fi\/games\/unknown-location\/tuote-479\/#breadcrumb\"},\"inLanguage\":\"fi\",\"potentialAction\":[{\"@type\":\"ReadAction\",\"target\":[\"https:\/\/testwebsite.citygame.com\/fi\/games\/unknown-location\/tuote-479\/\"]}]},{\"@type\":\"ImageObject\",\"inLanguage\":\"fi\",\"@id\":\"https:\/\/testwebsite.citygame.com\/fi\/games\/unknown-location\/tuote-479\/#primaryimage\",\"url\":\"https:\/\/testwebsite.citygame.com\/wp-content\/blogs.dir\/1\/files\/sites\/62\/2026\/02\/man-playing-city-game-on-phone-in-courtyard-nijmegen.jpg\",\"contentUrl\":\"https:\/\/testwebsite.citygame.com\/wp-content\/blogs.dir\/1\/files\/sites\/62\/2026\/02\/man-playing-city-game-on-phone-in-courtyard-nijmegen.jpg\",\"width\":1024,\"height\":1024,\"caption\":\"A player interacts with a game on his smartphone in a historic courtyard in Nijmegen.\"},{\"@type\":\"BreadcrumbList\",\"@id\":\"https:\/\/testwebsite.citygame.com\/fi\/games\/unknown-location\/tuote-479\/#breadcrumb\",\"itemListElement\":[{\"@type\":\"ListItem\",\"position\":1,\"name\":\"Home\",\"item\":\"https:\/\/testwebsite.citygame.com\/fi\/\"},{\"@type\":\"ListItem\",\"position\":2,\"name\":\"Shop\",\"item\":\"https:\/\/testwebsite.citygame.com\/shop\/\"},{\"@type\":\"ListItem\",\"position\":3,\"name\":\"Tuote\"}]},{\"@type\":\"WebSite\",\"@id\":\"https:\/\/testwebsite.upevents.nl\/#website\",\"url\":\"https:\/\/testwebsite.upevents.nl\/\",\"name\":\"City Game\",\"description\":\"\",\"publisher\":{\"@id\":\"https:\/\/testwebsite.upevents.nl\/#organization\"},\"alternateName\":\"citygame.com\",\"potentialAction\":[{\"@type\":\"SearchAction\",\"target\":{\"@type\":\"EntryPoint\",\"urlTemplate\":\"https:\/\/testwebsite.upevents.nl\/?s={search_term_string}\"},\"query-input\":{\"@type\":\"PropertyValueSpecification\",\"valueRequired\":true,\"valueName\":\"search_term_string\"}}],\"inLanguage\":\"fi\"},{\"@type\":[\"Organization\",\"Place\"],\"@id\":\"https:\/\/testwebsite.upevents.nl\/#organization\",\"name\":\"City Game\",\"alternateName\":\"citygame.com\",\"url\":\"https:\/\/testwebsite.upevents.nl\/\",\"logo\":{\"@id\":\"https:\/\/testwebsite.citygame.com\/fi\/games\/unknown-location\/tuote-479\/#local-main-organization-logo\"},\"image\":{\"@id\":\"https:\/\/testwebsite.citygame.com\/fi\/games\/unknown-location\/tuote-479\/#local-main-organization-logo\"},\"sameAs\":[\"https:\/\/www.facebook.com\/profile.php?id=100086426226253\",\"https:\/\/www.instagram.com\/citygame_com\",\"https:\/\/www.tiktok.com\/@citygamecom\/\",\"https:\/\/www.linkedin.com\/company\/citygame-com\"],\"description\":\"Turn any city into a playground with our interactive City Games and self-guided tours. Fun, flexible, and ideal for groups and team building.\",\"telephone\":[],\"openingHoursSpecification\":[{\"@type\":\"OpeningHoursSpecification\",\"dayOfWeek\":[\"Monday\",\"Tuesday\",\"Wednesday\",\"Thursday\",\"Friday\",\"Saturday\",\"Sunday\"],\"opens\":\"09:00\",\"closes\":\"17:00\"}]},{\"@type\":\"ImageObject\",\"inLanguage\":\"fi\",\"@id\":\"https:\/\/testwebsite.citygame.com\/fi\/games\/unknown-location\/tuote-479\/#local-main-organization-logo\",\"url\":\"https:\/\/testwebsite.citygame.com\/wp-content\/blogs.dir\/1\/files\/sites\/62\/2025\/10\/CG_LOGO-City-Game.png\",\"contentUrl\":\"https:\/\/testwebsite.citygame.com\/wp-content\/blogs.dir\/1\/files\/sites\/62\/2025\/10\/CG_LOGO-City-Game.png\",\"width\":351,\"height\":377,\"caption\":\"City Game\"}]}<\/script>\n<!-- \/ Yoast SEO Premium plugin. -->","yoast_head_json":{"title":"Tuote - City Game","description":"The Nijmegen Syndicate. Pelaa itseohjautuvaa City Escape Gamea, ratkaise pulmia, suorita teht\u00e4vi\u00e4 ja palauta varastetut kaavat omaan tahtiisi!","robots":{"index":"noindex","follow":"follow","max-snippet":"max-snippet:-1","max-image-preview":"max-image-preview:large","max-video-preview":"max-video-preview:-1"},"og_locale":"fi_FI","og_type":"article","og_title":"Tuote","og_description":"The Nijmegen Syndicate. Pelaa itseohjautuvaa City Escape Gamea, ratkaise pulmia, suorita teht\u00e4vi\u00e4 ja palauta varastetut kaavat omaan tahtiisi!","og_url":"https:\/\/testwebsite.citygame.com\/fi\/games\/unknown-location\/tuote-479\/","og_site_name":"City Game","article_publisher":"https:\/\/www.facebook.com\/profile.php?id=100086426226253","article_modified_time":"2026-04-03T23:22:30+00:00","og_image":[{"width":1024,"height":1024,"url":"https:\/\/testwebsite.citygame.com\/wp-content\/blogs.dir\/1\/files\/sites\/62\/2026\/02\/man-playing-city-game-on-phone-in-courtyard-nijmegen.jpg","type":"image\/jpeg"}],"twitter_card":"summary_large_image","schema":{"@context":"https:\/\/schema.org","@graph":[{"@type":"WebPage","@id":"https:\/\/testwebsite.citygame.com\/fi\/games\/unknown-location\/tuote-479\/","url":"https:\/\/testwebsite.citygame.com\/fi\/games\/unknown-location\/tuote-479\/","name":"Tuote - City Game","isPartOf":{"@id":"https:\/\/testwebsite.upevents.nl\/#website"},"primaryImageOfPage":{"@id":"https:\/\/testwebsite.citygame.com\/fi\/games\/unknown-location\/tuote-479\/#primaryimage"},"image":{"@id":"https:\/\/testwebsite.citygame.com\/fi\/games\/unknown-location\/tuote-479\/#primaryimage"},"thumbnailUrl":"https:\/\/testwebsite.citygame.com\/wp-content\/blogs.dir\/1\/files\/sites\/62\/2026\/02\/man-playing-city-game-on-phone-in-courtyard-nijmegen.jpg","datePublished":"2026-02-13T13:26:13+00:00","dateModified":"2026-04-03T23:22:30+00:00","description":"The Nijmegen Syndicate. Pelaa itseohjautuvaa City Escape Gamea, ratkaise pulmia, suorita teht\u00e4vi\u00e4 ja palauta varastetut kaavat omaan tahtiisi!","breadcrumb":{"@id":"https:\/\/testwebsite.citygame.com\/fi\/games\/unknown-location\/tuote-479\/#breadcrumb"},"inLanguage":"fi","potentialAction":[{"@type":"ReadAction","target":["https:\/\/testwebsite.citygame.com\/fi\/games\/unknown-location\/tuote-479\/"]}]},{"@type":"ImageObject","inLanguage":"fi","@id":"https:\/\/testwebsite.citygame.com\/fi\/games\/unknown-location\/tuote-479\/#primaryimage","url":"https:\/\/testwebsite.citygame.com\/wp-content\/blogs.dir\/1\/files\/sites\/62\/2026\/02\/man-playing-city-game-on-phone-in-courtyard-nijmegen.jpg","contentUrl":"https:\/\/testwebsite.citygame.com\/wp-content\/blogs.dir\/1\/files\/sites\/62\/2026\/02\/man-playing-city-game-on-phone-in-courtyard-nijmegen.jpg","width":1024,"height":1024,"caption":"A player interacts with a game on his smartphone in a historic courtyard in Nijmegen."},{"@type":"BreadcrumbList","@id":"https:\/\/testwebsite.citygame.com\/fi\/games\/unknown-location\/tuote-479\/#breadcrumb","itemListElement":[{"@type":"ListItem","position":1,"name":"Home","item":"https:\/\/testwebsite.citygame.com\/fi\/"},{"@type":"ListItem","position":2,"name":"Shop","item":"https:\/\/testwebsite.citygame.com\/shop\/"},{"@type":"ListItem","position":3,"name":"Tuote"}]},{"@type":"WebSite","@id":"https:\/\/testwebsite.upevents.nl\/#website","url":"https:\/\/testwebsite.upevents.nl\/","name":"City Game","description":"","publisher":{"@id":"https:\/\/testwebsite.upevents.nl\/#organization"},"alternateName":"citygame.com","potentialAction":[{"@type":"SearchAction","target":{"@type":"EntryPoint","urlTemplate":"https:\/\/testwebsite.upevents.nl\/?s={search_term_string}"},"query-input":{"@type":"PropertyValueSpecification","valueRequired":true,"valueName":"search_term_string"}}],"inLanguage":"fi"},{"@type":["Organization","Place"],"@id":"https:\/\/testwebsite.upevents.nl\/#organization","name":"City Game","alternateName":"citygame.com","url":"https:\/\/testwebsite.upevents.nl\/","logo":{"@id":"https:\/\/testwebsite.citygame.com\/fi\/games\/unknown-location\/tuote-479\/#local-main-organization-logo"},"image":{"@id":"https:\/\/testwebsite.citygame.com\/fi\/games\/unknown-location\/tuote-479\/#local-main-organization-logo"},"sameAs":["https:\/\/www.facebook.com\/profile.php?id=100086426226253","https:\/\/www.instagram.com\/citygame_com","https:\/\/www.tiktok.com\/@citygamecom\/","https:\/\/www.linkedin.com\/company\/citygame-com"],"description":"Turn any city into a playground with our interactive City Games and self-guided tours. Fun, flexible, and ideal for groups and team building.","telephone":[],"openingHoursSpecification":[{"@type":"OpeningHoursSpecification","dayOfWeek":["Monday","Tuesday","Wednesday","Thursday","Friday","Saturday","Sunday"],"opens":"09:00","closes":"17:00"}]},{"@type":"ImageObject","inLanguage":"fi","@id":"https:\/\/testwebsite.citygame.com\/fi\/games\/unknown-location\/tuote-479\/#local-main-organization-logo","url":"https:\/\/testwebsite.citygame.com\/wp-content\/blogs.dir\/1\/files\/sites\/62\/2025\/10\/CG_LOGO-City-Game.png","contentUrl":"https:\/\/testwebsite.citygame.com\/wp-content\/blogs.dir\/1\/files\/sites\/62\/2025\/10\/CG_LOGO-City-Game.png","width":351,"height":377,"caption":"City Game"}]}},"taxonomy_info":{"game-concept":[{"value":37,"label":"Syndicate"}],"product_cat":[{"value":27,"label":"Geen categorie"}]},"featured_image_src_large":["https:\/\/testwebsite.citygame.com\/wp-content\/blogs.dir\/1\/files\/sites\/62\/2026\/02\/man-playing-city-game-on-phone-in-courtyard-nijmegen.jpg",1024,1024,false],"author_info":[],"comment_info":"","_links":{"self":[{"href":"https:\/\/testwebsite.citygame.com\/fi\/wp-json\/wp\/v2\/product\/49732","targetHints":{"allow":["GET"]}}],"collection":[{"href":"https:\/\/testwebsite.citygame.com\/fi\/wp-json\/wp\/v2\/product"}],"about":[{"href":"https:\/\/testwebsite.citygame.com\/fi\/wp-json\/wp\/v2\/types\/product"}],"acf:post":[{"embeddable":true,"href":"https:\/\/testwebsite.citygame.com\/fi\/wp-json\/wp\/v2\/pages\/4556"}],"wp:featuredmedia":[{"embeddable":true,"href":"https:\/\/testwebsite.citygame.com\/fi\/wp-json\/wp\/v2\/media\/13561"}],"wp:attachment":[{"href":"https:\/\/testwebsite.citygame.com\/fi\/wp-json\/wp\/v2\/media?parent=49732"}],"wp:term":[{"taxonomy":"game-concept","embeddable":true,"href":"https:\/\/testwebsite.citygame.com\/fi\/wp-json\/wp\/v2\/game-concept?post=49732"},{"taxonomy":"location","embeddable":true,"href":"https:\/\/testwebsite.citygame.com\/fi\/wp-json\/wp\/v2\/location?post=49732"},{"taxonomy":"product_brand","embeddable":true,"href":"https:\/\/testwebsite.citygame.com\/fi\/wp-json\/wp\/v2\/product_brand?post=49732"},{"taxonomy":"product_cat","embeddable":true,"href":"https:\/\/testwebsite.citygame.com\/fi\/wp-json\/wp\/v2\/product_cat?post=49732"},{"taxonomy":"product_tag","embeddable":true,"href":"https:\/\/testwebsite.citygame.com\/fi\/wp-json\/wp\/v2\/product_tag?post=49732"}],"curies":[{"name":"wp","href":"https:\/\/api.w.org\/{rel}","templated":true}]}}