{"id":46132,"date":"2026-03-19T09:37:02","date_gmt":"2026-03-19T09:37:02","guid":{"rendered":"https:\/\/testwebsite.citygame.com\/games\/unknown-location\/tuote-429\/"},"modified":"2026-04-03T06:10:12","modified_gmt":"2026-04-03T06:10:12","slug":"tuote-429","status":"publish","type":"product","link":"https:\/\/testwebsite.citygame.com\/fi\/games\/unknown-location\/tuote-429\/","title":{"rendered":"Tuote"},"content":{"rendered":"","protected":false},"excerpt":{"rendered":"","protected":false},"featured_media":19258,"template":"","meta":{"_acf_changed":false,"_yoast_wpseo_focuskw":"Secrets of Luxembourg City","_yoast_wpseo_metadesc":"Secrets of Luxembourg City. Pelaa itseohjattua City Gamea ja tutki kaupunkia pulmien, arvoitusten ja haasteiden kautta. Pelaa omaan tahtiisi ja l\u00f6yd\u00e4 kaupunki kuin paikallinen!","_kad_blocks_custom_css":"","_kad_blocks_head_custom_js":"","_kad_blocks_body_custom_js":"","_kad_blocks_footer_custom_js":"","ghostkit_customizer_options":"","ghostkit_custom_css":"","ghostkit_custom_js_head":"","ghostkit_custom_js_foot":"","ghostkit_typography":"","_kad_post_transparent":"","_kad_post_title":"","_kad_post_layout":"","_kad_post_sidebar_id":"","_kad_post_content_style":"","_kad_post_vertical_padding":"","_kad_post_feature":"","_kad_post_feature_position":"","_kad_post_header":false,"_kad_post_footer":false,"_kad_post_classname":"","_links_to":"","_links_to_target":""},"game-concept":[36],"location":[],"product_brand":[],"product_cat":[27],"product_tag":[],"class_list":{"0":"post-46132","1":"product","2":"type-product","3":"status-publish","4":"has-post-thumbnail","6":"game-concept-secrets","7":"product_cat-geen-categorie","9":"first","10":"instock","11":"shipping-taxable","12":"purchasable","13":"product-type-simple","14":"entry","15":"content-bg","16":"loop-entry"},"acf":{"full_bokun_product_name":"Self-Guided Secrets of Luxembourg Exploration Game","location_name":"Luxembourg City","bokun_calendar_widget_code":"<script type=\"text\/javascript\" src=\"https:\/\/widgets.bokun.io\/assets\/javascripts\/apps\/build\/BokunWidgetsLoader.js?bookingChannelUUID=a1e93e96-5232-4734-a595-28405f4b5a31\" async><\/script>\n     \n    <div class=\"bokunWidget\" data-src=\"https:\/\/widgets.bokun.io\/online-sales\/a1e93e96-5232-4734-a595-28405f4b5a31\/experience-calendar\/872766\"><\/div>\n    <noscript>Please enable javascript in your browser to book<\/noscript>","bokun_button_widget_code":"<script type=\"text\/javascript\" src=\"https:\/\/widgets.bokun.io\/assets\/javascripts\/apps\/build\/BokunWidgetsLoader.js?bookingChannelUUID=a1e93e96-5232-4734-a595-28405f4b5a31\" async><\/script>\n      <style> #bokun_ed001e45_5927_4f62_b470_ca766338d083 { display: inline-block; padding: .4em 1em; background: #47b82e; border-radius: 999999px; box-shadow: none; font-weight: 600; font-size: 24px; text-decoration: none; text-align: center; color: #FFFFFF; border:none; cursor: pointer; transition: background .2s ease; } #bokun_ed001e45_5927_4f62_b470_ca766338d083:hover{ background: #2f7b1f; } #bokun_ed001e45_5927_4f62_b470_ca766338d083:active{ background: #378f24; } <\/style> <button class=\"bokunButton\" disabled id=bokun_ed001e45_5927_4f62_b470_ca766338d083 data-src=\"https:\/\/widgets.bokun.io\/online-sales\/a1e93e96-5232-4734-a595-28405f4b5a31\/experience-calendar\/872766?partialView=1\" data-testid=\"widget-book-button\" > Book now <\/button> ","what_you\u2019ll_experience_during_the_game":"Koe ainutlaatuinen yhdistelm\u00e4 n\u00e4ht\u00e4vyyksien katselua ja interaktiivista pelaamista syventyess\u00e4si 'Secrets of Luxembourg City Game' -peliin. T\u00e4m\u00e4 tutkimuspeli opastaa sinut Luxembourg Cityn sek\u00e4 tunnettujen ett\u00e4 piilotettujen nurkkien l\u00e4pi tarjoten mukaansatempaavan tarinan ja kiehtovia haasteita matkan varrella. Ilman tietty\u00e4 reitti\u00e4 tai j\u00e4rjestyst\u00e4 p\u00e4\u00e4set nauttimaan monipuolisista maisemista vilkkaista aukioista kiehtoviin keskiaikaisiin torneihin. Kohokohtiin kuuluvat ikonisen, kaupungin syd\u00e4mess\u00e4 sijaitsevan linnan suuruus, vieh\u00e4tt\u00e4vien puistojen tyyneys ja vieh\u00e4tt\u00e4vien, mutkittelevien katujen vieh\u00e4tys.\n\nLuxembourg City Game ei ole tyypillinen kaupunkitutkimus. Matkatessasi Luxembourg Cityn l\u00e4pi kohtaat pulmia, arvoituksia ja ajatuksia her\u00e4tt\u00e4vi\u00e4 kysymyksi\u00e4, jotka rikastuttavat n\u00e4ht\u00e4vyyskokemustasi. Interaktiiviset valokuvaushaasteet on suunniteltu aktivoimaan luovaa puoltasi ja auttamaan sinua ker\u00e4\u00e4m\u00e4\u00e4n pisteit\u00e4 syventyess\u00e4si kaupungin historiaan. N\u00e4m\u00e4 haasteet voivat my\u00f6s avata vihjeit\u00e4, jotka johdattavat sinut l\u00e4hemm\u00e4s kaupungin viimeisen, kunnioitusta her\u00e4tt\u00e4v\u00e4n mysteerin ratkaisemista. Voit keskeytt\u00e4\u00e4 pelin milloin tahansa ja jatkaa sit\u00e4 halutessasi. Jos sinulla on kilpailuhenke\u00e4, City Game esittelee tulostaulun, jossa voit tavoitella korkeita pisteit\u00e4 ja kehuskeluoikeuksia.","how_to_play":"Varaa Exploration Game, tarkista s\u00e4hk\u00f6postiviesti, jonka l\u00e4het\u00e4mme sinulle yksinkertaisine ohjeineen, lataa Loquiz App, siirry Exploration Gameen ja olet valmis aloittamaan pelikokemuksesi!","start_location":" Luxembourg, Centre municipal (Luxembourg)","available_languages":["en"],"players_per_group":"1-4","duration":"1.5-2 hours","image_overlay_color_image":"https:\/\/testwebsite.citygame.com\/wp-content\/blogs.dir\/1\/files\/sites\/62\/2026\/01\/SecretsColor.svg","image_overlay_game_logo":"https:\/\/testwebsite.citygame.com\/wp-content\/blogs.dir\/1\/files\/sites\/62\/2026\/01\/SecretsLogo.png","city_page":12299,"woocommerce_general_content":null,"the_story":"","name_main_character":"","photo_main_character":null,"loquiz_or_kokimoki":"Loquiz"},"yoast_head":"<!-- This site is optimized with the Yoast SEO Premium plugin v26.2 (Yoast SEO v26.3) - https:\/\/yoast.com\/wordpress\/plugins\/seo\/ -->\n<title>Tuote - City Game<\/title>\n<meta name=\"description\" content=\"Secrets of Luxembourg City. Pelaa itseohjattua City Gamea ja tutki kaupunkia pulmien, arvoitusten ja haasteiden kautta. Pelaa omaan tahtiisi ja l\u00f6yd\u00e4 kaupunki kuin paikallinen!\" \/>\n<meta name=\"robots\" content=\"noindex, follow, max-snippet:-1, max-image-preview:large, max-video-preview:-1\" \/>\n<meta property=\"og:locale\" content=\"fi_FI\" \/>\n<meta property=\"og:type\" content=\"article\" \/>\n<meta property=\"og:title\" content=\"Tuote\" \/>\n<meta property=\"og:description\" content=\"Secrets of Luxembourg City. Pelaa itseohjattua City Gamea ja tutki kaupunkia pulmien, arvoitusten ja haasteiden kautta. Pelaa omaan tahtiisi ja l\u00f6yd\u00e4 kaupunki kuin paikallinen!\" \/>\n<meta property=\"og:url\" content=\"https:\/\/testwebsite.citygame.com\/fi\/games\/unknown-location\/tuote-429\/\" \/>\n<meta property=\"og:site_name\" content=\"City Game\" \/>\n<meta property=\"article:publisher\" content=\"https:\/\/www.facebook.com\/profile.php?id=100086426226253\" \/>\n<meta property=\"article:modified_time\" content=\"2026-04-03T06:10:12+00:00\" \/>\n<meta property=\"og:image\" content=\"https:\/\/testwebsite.citygame.com\/wp-content\/blogs.dir\/1\/files\/sites\/62\/2026\/03\/luxembourg-city-players-looking-at-phone-in-front-of-old-town.jpg\" \/>\n\t<meta property=\"og:image:width\" content=\"1024\" \/>\n\t<meta property=\"og:image:height\" content=\"1024\" \/>\n\t<meta property=\"og:image:type\" content=\"image\/jpeg\" \/>\n<meta name=\"twitter:card\" content=\"summary_large_image\" \/>\n<script type=\"application\/ld+json\" class=\"yoast-schema-graph\">{\"@context\":\"https:\/\/schema.org\",\"@graph\":[{\"@type\":\"WebPage\",\"@id\":\"https:\/\/testwebsite.citygame.com\/fi\/games\/unknown-location\/tuote-429\/\",\"url\":\"https:\/\/testwebsite.citygame.com\/fi\/games\/unknown-location\/tuote-429\/\",\"name\":\"Tuote - City Game\",\"isPartOf\":{\"@id\":\"https:\/\/testwebsite.upevents.nl\/#website\"},\"primaryImageOfPage\":{\"@id\":\"https:\/\/testwebsite.citygame.com\/fi\/games\/unknown-location\/tuote-429\/#primaryimage\"},\"image\":{\"@id\":\"https:\/\/testwebsite.citygame.com\/fi\/games\/unknown-location\/tuote-429\/#primaryimage\"},\"thumbnailUrl\":\"https:\/\/testwebsite.citygame.com\/wp-content\/blogs.dir\/1\/files\/sites\/62\/2026\/03\/luxembourg-city-players-looking-at-phone-in-front-of-old-town.jpg\",\"datePublished\":\"2026-03-19T09:37:02+00:00\",\"dateModified\":\"2026-04-03T06:10:12+00:00\",\"description\":\"Secrets of Luxembourg City. Pelaa itseohjattua City Gamea ja tutki kaupunkia pulmien, arvoitusten ja haasteiden kautta. Pelaa omaan tahtiisi ja l\u00f6yd\u00e4 kaupunki kuin paikallinen!\",\"breadcrumb\":{\"@id\":\"https:\/\/testwebsite.citygame.com\/fi\/games\/unknown-location\/tuote-429\/#breadcrumb\"},\"inLanguage\":\"fi\",\"potentialAction\":[{\"@type\":\"ReadAction\",\"target\":[\"https:\/\/testwebsite.citygame.com\/fi\/games\/unknown-location\/tuote-429\/\"]}]},{\"@type\":\"ImageObject\",\"inLanguage\":\"fi\",\"@id\":\"https:\/\/testwebsite.citygame.com\/fi\/games\/unknown-location\/tuote-429\/#primaryimage\",\"url\":\"https:\/\/testwebsite.citygame.com\/wp-content\/blogs.dir\/1\/files\/sites\/62\/2026\/03\/luxembourg-city-players-looking-at-phone-in-front-of-old-town.jpg\",\"contentUrl\":\"https:\/\/testwebsite.citygame.com\/wp-content\/blogs.dir\/1\/files\/sites\/62\/2026\/03\/luxembourg-city-players-looking-at-phone-in-front-of-old-town.jpg\",\"width\":1024,\"height\":1024,\"caption\":\"A group of young friends happily collaborates while looking at a smartphone in Luxembourg City.\"},{\"@type\":\"BreadcrumbList\",\"@id\":\"https:\/\/testwebsite.citygame.com\/fi\/games\/unknown-location\/tuote-429\/#breadcrumb\",\"itemListElement\":[{\"@type\":\"ListItem\",\"position\":1,\"name\":\"Home\",\"item\":\"https:\/\/testwebsite.citygame.com\/fi\/\"},{\"@type\":\"ListItem\",\"position\":2,\"name\":\"Shop\",\"item\":\"https:\/\/testwebsite.citygame.com\/shop\/\"},{\"@type\":\"ListItem\",\"position\":3,\"name\":\"Tuote\"}]},{\"@type\":\"WebSite\",\"@id\":\"https:\/\/testwebsite.upevents.nl\/#website\",\"url\":\"https:\/\/testwebsite.upevents.nl\/\",\"name\":\"City Game\",\"description\":\"\",\"publisher\":{\"@id\":\"https:\/\/testwebsite.upevents.nl\/#organization\"},\"alternateName\":\"citygame.com\",\"potentialAction\":[{\"@type\":\"SearchAction\",\"target\":{\"@type\":\"EntryPoint\",\"urlTemplate\":\"https:\/\/testwebsite.upevents.nl\/?s={search_term_string}\"},\"query-input\":{\"@type\":\"PropertyValueSpecification\",\"valueRequired\":true,\"valueName\":\"search_term_string\"}}],\"inLanguage\":\"fi\"},{\"@type\":[\"Organization\",\"Place\"],\"@id\":\"https:\/\/testwebsite.upevents.nl\/#organization\",\"name\":\"City Game\",\"alternateName\":\"citygame.com\",\"url\":\"https:\/\/testwebsite.upevents.nl\/\",\"logo\":{\"@id\":\"https:\/\/testwebsite.citygame.com\/fi\/games\/unknown-location\/tuote-429\/#local-main-organization-logo\"},\"image\":{\"@id\":\"https:\/\/testwebsite.citygame.com\/fi\/games\/unknown-location\/tuote-429\/#local-main-organization-logo\"},\"sameAs\":[\"https:\/\/www.facebook.com\/profile.php?id=100086426226253\",\"https:\/\/www.instagram.com\/citygame_com\",\"https:\/\/www.tiktok.com\/@citygamecom\/\",\"https:\/\/www.linkedin.com\/company\/citygame-com\"],\"description\":\"Turn any city into a playground with our interactive City Games and self-guided tours. Fun, flexible, and ideal for groups and team building.\",\"telephone\":[],\"openingHoursSpecification\":[{\"@type\":\"OpeningHoursSpecification\",\"dayOfWeek\":[\"Monday\",\"Tuesday\",\"Wednesday\",\"Thursday\",\"Friday\",\"Saturday\",\"Sunday\"],\"opens\":\"09:00\",\"closes\":\"17:00\"}]},{\"@type\":\"ImageObject\",\"inLanguage\":\"fi\",\"@id\":\"https:\/\/testwebsite.citygame.com\/fi\/games\/unknown-location\/tuote-429\/#local-main-organization-logo\",\"url\":\"https:\/\/testwebsite.citygame.com\/wp-content\/blogs.dir\/1\/files\/sites\/62\/2025\/10\/CG_LOGO-City-Game.png\",\"contentUrl\":\"https:\/\/testwebsite.citygame.com\/wp-content\/blogs.dir\/1\/files\/sites\/62\/2025\/10\/CG_LOGO-City-Game.png\",\"width\":351,\"height\":377,\"caption\":\"City Game\"}]}<\/script>\n<!-- \/ Yoast SEO Premium plugin. -->","yoast_head_json":{"title":"Tuote - City Game","description":"Secrets of Luxembourg City. Pelaa itseohjattua City Gamea ja tutki kaupunkia pulmien, arvoitusten ja haasteiden kautta. Pelaa omaan tahtiisi ja l\u00f6yd\u00e4 kaupunki kuin paikallinen!","robots":{"index":"noindex","follow":"follow","max-snippet":"max-snippet:-1","max-image-preview":"max-image-preview:large","max-video-preview":"max-video-preview:-1"},"og_locale":"fi_FI","og_type":"article","og_title":"Tuote","og_description":"Secrets of Luxembourg City. Pelaa itseohjattua City Gamea ja tutki kaupunkia pulmien, arvoitusten ja haasteiden kautta. Pelaa omaan tahtiisi ja l\u00f6yd\u00e4 kaupunki kuin paikallinen!","og_url":"https:\/\/testwebsite.citygame.com\/fi\/games\/unknown-location\/tuote-429\/","og_site_name":"City Game","article_publisher":"https:\/\/www.facebook.com\/profile.php?id=100086426226253","article_modified_time":"2026-04-03T06:10:12+00:00","og_image":[{"width":1024,"height":1024,"url":"https:\/\/testwebsite.citygame.com\/wp-content\/blogs.dir\/1\/files\/sites\/62\/2026\/03\/luxembourg-city-players-looking-at-phone-in-front-of-old-town.jpg","type":"image\/jpeg"}],"twitter_card":"summary_large_image","schema":{"@context":"https:\/\/schema.org","@graph":[{"@type":"WebPage","@id":"https:\/\/testwebsite.citygame.com\/fi\/games\/unknown-location\/tuote-429\/","url":"https:\/\/testwebsite.citygame.com\/fi\/games\/unknown-location\/tuote-429\/","name":"Tuote - City Game","isPartOf":{"@id":"https:\/\/testwebsite.upevents.nl\/#website"},"primaryImageOfPage":{"@id":"https:\/\/testwebsite.citygame.com\/fi\/games\/unknown-location\/tuote-429\/#primaryimage"},"image":{"@id":"https:\/\/testwebsite.citygame.com\/fi\/games\/unknown-location\/tuote-429\/#primaryimage"},"thumbnailUrl":"https:\/\/testwebsite.citygame.com\/wp-content\/blogs.dir\/1\/files\/sites\/62\/2026\/03\/luxembourg-city-players-looking-at-phone-in-front-of-old-town.jpg","datePublished":"2026-03-19T09:37:02+00:00","dateModified":"2026-04-03T06:10:12+00:00","description":"Secrets of Luxembourg City. Pelaa itseohjattua City Gamea ja tutki kaupunkia pulmien, arvoitusten ja haasteiden kautta. Pelaa omaan tahtiisi ja l\u00f6yd\u00e4 kaupunki kuin paikallinen!","breadcrumb":{"@id":"https:\/\/testwebsite.citygame.com\/fi\/games\/unknown-location\/tuote-429\/#breadcrumb"},"inLanguage":"fi","potentialAction":[{"@type":"ReadAction","target":["https:\/\/testwebsite.citygame.com\/fi\/games\/unknown-location\/tuote-429\/"]}]},{"@type":"ImageObject","inLanguage":"fi","@id":"https:\/\/testwebsite.citygame.com\/fi\/games\/unknown-location\/tuote-429\/#primaryimage","url":"https:\/\/testwebsite.citygame.com\/wp-content\/blogs.dir\/1\/files\/sites\/62\/2026\/03\/luxembourg-city-players-looking-at-phone-in-front-of-old-town.jpg","contentUrl":"https:\/\/testwebsite.citygame.com\/wp-content\/blogs.dir\/1\/files\/sites\/62\/2026\/03\/luxembourg-city-players-looking-at-phone-in-front-of-old-town.jpg","width":1024,"height":1024,"caption":"A group of young friends happily collaborates while looking at a smartphone in Luxembourg City."},{"@type":"BreadcrumbList","@id":"https:\/\/testwebsite.citygame.com\/fi\/games\/unknown-location\/tuote-429\/#breadcrumb","itemListElement":[{"@type":"ListItem","position":1,"name":"Home","item":"https:\/\/testwebsite.citygame.com\/fi\/"},{"@type":"ListItem","position":2,"name":"Shop","item":"https:\/\/testwebsite.citygame.com\/shop\/"},{"@type":"ListItem","position":3,"name":"Tuote"}]},{"@type":"WebSite","@id":"https:\/\/testwebsite.upevents.nl\/#website","url":"https:\/\/testwebsite.upevents.nl\/","name":"City Game","description":"","publisher":{"@id":"https:\/\/testwebsite.upevents.nl\/#organization"},"alternateName":"citygame.com","potentialAction":[{"@type":"SearchAction","target":{"@type":"EntryPoint","urlTemplate":"https:\/\/testwebsite.upevents.nl\/?s={search_term_string}"},"query-input":{"@type":"PropertyValueSpecification","valueRequired":true,"valueName":"search_term_string"}}],"inLanguage":"fi"},{"@type":["Organization","Place"],"@id":"https:\/\/testwebsite.upevents.nl\/#organization","name":"City Game","alternateName":"citygame.com","url":"https:\/\/testwebsite.upevents.nl\/","logo":{"@id":"https:\/\/testwebsite.citygame.com\/fi\/games\/unknown-location\/tuote-429\/#local-main-organization-logo"},"image":{"@id":"https:\/\/testwebsite.citygame.com\/fi\/games\/unknown-location\/tuote-429\/#local-main-organization-logo"},"sameAs":["https:\/\/www.facebook.com\/profile.php?id=100086426226253","https:\/\/www.instagram.com\/citygame_com","https:\/\/www.tiktok.com\/@citygamecom\/","https:\/\/www.linkedin.com\/company\/citygame-com"],"description":"Turn any city into a playground with our interactive City Games and self-guided tours. Fun, flexible, and ideal for groups and team building.","telephone":[],"openingHoursSpecification":[{"@type":"OpeningHoursSpecification","dayOfWeek":["Monday","Tuesday","Wednesday","Thursday","Friday","Saturday","Sunday"],"opens":"09:00","closes":"17:00"}]},{"@type":"ImageObject","inLanguage":"fi","@id":"https:\/\/testwebsite.citygame.com\/fi\/games\/unknown-location\/tuote-429\/#local-main-organization-logo","url":"https:\/\/testwebsite.citygame.com\/wp-content\/blogs.dir\/1\/files\/sites\/62\/2025\/10\/CG_LOGO-City-Game.png","contentUrl":"https:\/\/testwebsite.citygame.com\/wp-content\/blogs.dir\/1\/files\/sites\/62\/2025\/10\/CG_LOGO-City-Game.png","width":351,"height":377,"caption":"City Game"}]}},"taxonomy_info":{"game-concept":[{"value":36,"label":"Secrets"}],"product_cat":[{"value":27,"label":"Geen categorie"}]},"featured_image_src_large":["https:\/\/testwebsite.citygame.com\/wp-content\/blogs.dir\/1\/files\/sites\/62\/2026\/03\/luxembourg-city-players-looking-at-phone-in-front-of-old-town.jpg",1024,1024,false],"author_info":[],"comment_info":"","_links":{"self":[{"href":"https:\/\/testwebsite.citygame.com\/fi\/wp-json\/wp\/v2\/product\/46132","targetHints":{"allow":["GET"]}}],"collection":[{"href":"https:\/\/testwebsite.citygame.com\/fi\/wp-json\/wp\/v2\/product"}],"about":[{"href":"https:\/\/testwebsite.citygame.com\/fi\/wp-json\/wp\/v2\/types\/product"}],"acf:post":[{"embeddable":true,"href":"https:\/\/testwebsite.citygame.com\/fi\/wp-json\/wp\/v2\/pages\/12299"}],"wp:featuredmedia":[{"embeddable":true,"href":"https:\/\/testwebsite.citygame.com\/fi\/wp-json\/wp\/v2\/media\/19258"}],"wp:attachment":[{"href":"https:\/\/testwebsite.citygame.com\/fi\/wp-json\/wp\/v2\/media?parent=46132"}],"wp:term":[{"taxonomy":"game-concept","embeddable":true,"href":"https:\/\/testwebsite.citygame.com\/fi\/wp-json\/wp\/v2\/game-concept?post=46132"},{"taxonomy":"location","embeddable":true,"href":"https:\/\/testwebsite.citygame.com\/fi\/wp-json\/wp\/v2\/location?post=46132"},{"taxonomy":"product_brand","embeddable":true,"href":"https:\/\/testwebsite.citygame.com\/fi\/wp-json\/wp\/v2\/product_brand?post=46132"},{"taxonomy":"product_cat","embeddable":true,"href":"https:\/\/testwebsite.citygame.com\/fi\/wp-json\/wp\/v2\/product_cat?post=46132"},{"taxonomy":"product_tag","embeddable":true,"href":"https:\/\/testwebsite.citygame.com\/fi\/wp-json\/wp\/v2\/product_tag?post=46132"}],"curies":[{"name":"wp","href":"https:\/\/api.w.org\/{rel}","templated":true}]}}