{"id":44113,"date":"2026-01-27T10:59:20","date_gmt":"2026-01-27T10:59:20","guid":{"rendered":"https:\/\/testwebsite.citygame.com\/games\/unknown-location\/tuote-395\/"},"modified":"2026-04-02T22:38:13","modified_gmt":"2026-04-02T22:38:13","slug":"tuote-395","status":"publish","type":"product","link":"https:\/\/testwebsite.citygame.com\/fi\/games\/unknown-location\/tuote-395\/","title":{"rendered":"Tuote"},"content":{"rendered":"","protected":false},"excerpt":{"rendered":"","protected":false},"featured_media":4561,"template":"","meta":{"_acf_changed":false,"_yoast_wpseo_focuskw":"Secrets of Gouda","_yoast_wpseo_metadesc":"Secrets of Gouda. Pelaa itseohjattua kaupunkipeli\u00e4 ja tutustu kaupunkiin pulmien, arvoitusten ja haasteiden avulla. Pelaa omaan tahtiisi ja l\u00f6yd\u00e4 kuin paikallinen!","_kad_blocks_custom_css":"","_kad_blocks_head_custom_js":"","_kad_blocks_body_custom_js":"","_kad_blocks_footer_custom_js":"","ghostkit_customizer_options":"","ghostkit_custom_css":"","ghostkit_custom_js_head":"","ghostkit_custom_js_foot":"","ghostkit_typography":"","_kad_post_transparent":"","_kad_post_title":"","_kad_post_layout":"","_kad_post_sidebar_id":"","_kad_post_content_style":"","_kad_post_vertical_padding":"","_kad_post_feature":"","_kad_post_feature_position":"","_kad_post_header":false,"_kad_post_footer":false,"_kad_post_classname":"","_links_to":"","_links_to_target":""},"game-concept":[36],"location":[],"product_brand":[],"product_cat":[27],"product_tag":[],"class_list":{"0":"post-44113","1":"product","2":"type-product","3":"status-publish","4":"has-post-thumbnail","6":"game-concept-secrets","7":"product_cat-geen-categorie","9":"first","10":"instock","11":"shipping-taxable","12":"purchasable","13":"product-type-simple","14":"entry","15":"content-bg","16":"loop-entry"},"acf":{"full_bokun_product_name":"Self-Guided Secrets of Gouda Exploration Game","location_name":"Gouda","bokun_calendar_widget_code":"<script type=\"text\/javascript\" src=\"https:\/\/widgets.bokun.io\/assets\/javascripts\/apps\/build\/BokunWidgetsLoader.js?bookingChannelUUID=a1e93e96-5232-4734-a595-28405f4b5a31\" async><\/script>\n     \n    <div class=\"bokunWidget\" data-src=\"https:\/\/widgets.bokun.io\/online-sales\/a1e93e96-5232-4734-a595-28405f4b5a31\/experience-calendar\/795492\"><\/div>\n    <noscript>Please enable javascript in your browser to book<\/noscript>","bokun_button_widget_code":"<script type=\"text\/javascript\" src=\"https:\/\/widgets.bokun.io\/assets\/javascripts\/apps\/build\/BokunWidgetsLoader.js?bookingChannelUUID=a1e93e96-5232-4734-a595-28405f4b5a31\" async><\/script>\n      <style> #bokun_ed001e45_5927_4f62_b470_ca766338d083 { display: inline-block; padding: .4em 1em; background: #47b82e; border-radius: 999999px; box-shadow: none; font-weight: 600; font-size: 24px; text-decoration: none; text-align: center; color: #FFFFFF; border:none; cursor: pointer; transition: background .2s ease; } #bokun_ed001e45_5927_4f62_b470_ca766338d083:hover{ background: #2f7b1f; } #bokun_ed001e45_5927_4f62_b470_ca766338d083:active{ background: #378f24; } <\/style> <button class=\"bokunButton\" disabled id=bokun_ed001e45_5927_4f62_b470_ca766338d083 data-src=\"https:\/\/widgets.bokun.io\/online-sales\/a1e93e96-5232-4734-a595-28405f4b5a31\/experience-calendar\/795492?partialView=1\" data-testid=\"widget-book-button\" > Book now <\/button> ","what_you\u2019ll_experience_during_the_game":"Koe Goudan salaisuuksien selvitt\u00e4misen j\u00e4nnitys ja vieh\u00e4tys t\u00e4m\u00e4n innovatiivisen City Gamen kautta. Yhdist\u00e4m\u00e4ll\u00e4 n\u00e4ht\u00e4vyyksien katselun mukaansatempaavaan tarinaan ja kiinnostaviin haasteisiin, se tarjoaa ainutlaatuisen n\u00e4k\u00f6kulman t\u00e4h\u00e4n klassiseen hollantilaiseen kaupunkiin. Peli vie sinut sek\u00e4 tunnettuihin ett\u00e4 v\u00e4hemm\u00e4n tunnettuihin kohteisiin, luoden t\u00e4ydellisen yhdistelm\u00e4n laaja-alaista tutkimusta. Kulje ikonisten tuulimyllyjen ohi taustalla ja uppoudu loputtoman oloisiin juustomarkkinoihin samalla ratkoen kiehtovia ja mukaansatempaavia pulmia.\n\nKun nautit Goudan vieh\u00e4tysvoimasta, osallistut pelin haasteisiin, jotka sis\u00e4lt\u00e4v\u00e4t pulmien ratkaisua, arvoitusten murtamista, kysymyksiin vastaamista ja luoviin valokuvahaasteisiin osallistumista. N\u00e4m\u00e4 aktiviteetit ovat enemm\u00e4n kuin vain hauskaa \u2013 ne auttavat sinua avaamaan vihjeit\u00e4 ja ker\u00e4\u00e4m\u00e4\u00e4n pisteit\u00e4, vieden sinua l\u00e4hemm\u00e4s lopullisen mysteerin selvitt\u00e4mist\u00e4. Voit keskeytt\u00e4\u00e4 pelin milloin tahansa ja jatkaa sit\u00e4 rauhassa. Haasta yst\u00e4v\u00e4si, muodostakaa joukkueita ja tavoitelkaa korkeaa sijoitusta tulostaululla kokeaksesi Goudan t\u00e4ss\u00e4 interaktiivisessa ja ikimuistoisessa tutkimuspeliss\u00e4.","how_to_play":"Varaa tutkimuspeli, tarkista sinulle l\u00e4hett\u00e4m\u00e4mme s\u00e4hk\u00f6posti yksinkertaisine ohjeineen, lataa Loquiz App, p\u00e4\u00e4set k\u00e4siksi tutkimuspeliin ja olet valmis aloittamaan pelikokemuksesi!","start_location":"Gouda, Markt","available_languages":["en","nl"],"players_per_group":"1-4","duration":"1.5-2 hours","image_overlay_color_image":"https:\/\/testwebsite.citygame.com\/wp-content\/blogs.dir\/1\/files\/sites\/62\/2026\/01\/SecretsColor.svg","image_overlay_game_logo":"https:\/\/testwebsite.citygame.com\/wp-content\/blogs.dir\/1\/files\/sites\/62\/2026\/01\/SecretsLogo.png","city_page":4541,"woocommerce_general_content":null,"the_story":"","name_main_character":"","photo_main_character":null,"loquiz_or_kokimoki":"Loquiz"},"yoast_head":"<!-- This site is optimized with the Yoast SEO Premium plugin v26.2 (Yoast SEO v26.3) - https:\/\/yoast.com\/wordpress\/plugins\/seo\/ -->\n<title>Tuote - City Game<\/title>\n<meta name=\"description\" content=\"Secrets of Gouda. Pelaa itseohjattua kaupunkipeli\u00e4 ja tutustu kaupunkiin pulmien, arvoitusten ja haasteiden avulla. Pelaa omaan tahtiisi ja l\u00f6yd\u00e4 kuin paikallinen!\" \/>\n<meta name=\"robots\" content=\"noindex, follow, max-snippet:-1, max-image-preview:large, max-video-preview:-1\" \/>\n<meta property=\"og:locale\" content=\"fi_FI\" \/>\n<meta property=\"og:type\" content=\"article\" \/>\n<meta property=\"og:title\" content=\"Tuote\" \/>\n<meta property=\"og:description\" content=\"Secrets of Gouda. Pelaa itseohjattua kaupunkipeli\u00e4 ja tutustu kaupunkiin pulmien, arvoitusten ja haasteiden avulla. Pelaa omaan tahtiisi ja l\u00f6yd\u00e4 kuin paikallinen!\" \/>\n<meta property=\"og:url\" content=\"https:\/\/testwebsite.citygame.com\/fi\/games\/unknown-location\/tuote-395\/\" \/>\n<meta property=\"og:site_name\" content=\"City Game\" \/>\n<meta property=\"article:publisher\" content=\"https:\/\/www.facebook.com\/profile.php?id=100086426226253\" \/>\n<meta property=\"article:modified_time\" content=\"2026-04-02T22:38:13+00:00\" \/>\n<meta property=\"og:image\" content=\"https:\/\/testwebsite.citygame.com\/wp-content\/blogs.dir\/1\/files\/sites\/62\/2026\/01\/gouda-players-smartphone-street.jpg\" \/>\n\t<meta property=\"og:image:width\" content=\"1248\" \/>\n\t<meta property=\"og:image:height\" content=\"832\" \/>\n\t<meta property=\"og:image:type\" content=\"image\/jpeg\" \/>\n<meta name=\"twitter:card\" content=\"summary_large_image\" \/>\n<script type=\"application\/ld+json\" class=\"yoast-schema-graph\">{\"@context\":\"https:\/\/schema.org\",\"@graph\":[{\"@type\":\"WebPage\",\"@id\":\"https:\/\/testwebsite.citygame.com\/fi\/games\/unknown-location\/tuote-395\/\",\"url\":\"https:\/\/testwebsite.citygame.com\/fi\/games\/unknown-location\/tuote-395\/\",\"name\":\"Tuote - City Game\",\"isPartOf\":{\"@id\":\"https:\/\/testwebsite.upevents.nl\/#website\"},\"primaryImageOfPage\":{\"@id\":\"https:\/\/testwebsite.citygame.com\/fi\/games\/unknown-location\/tuote-395\/#primaryimage\"},\"image\":{\"@id\":\"https:\/\/testwebsite.citygame.com\/fi\/games\/unknown-location\/tuote-395\/#primaryimage\"},\"thumbnailUrl\":\"https:\/\/testwebsite.citygame.com\/wp-content\/blogs.dir\/1\/files\/sites\/62\/2026\/01\/gouda-players-smartphone-street.jpg\",\"datePublished\":\"2026-01-27T10:59:20+00:00\",\"dateModified\":\"2026-04-02T22:38:13+00:00\",\"description\":\"Secrets of Gouda. Pelaa itseohjattua kaupunkipeli\u00e4 ja tutustu kaupunkiin pulmien, arvoitusten ja haasteiden avulla. Pelaa omaan tahtiisi ja l\u00f6yd\u00e4 kuin paikallinen!\",\"breadcrumb\":{\"@id\":\"https:\/\/testwebsite.citygame.com\/fi\/games\/unknown-location\/tuote-395\/#breadcrumb\"},\"inLanguage\":\"fi\",\"potentialAction\":[{\"@type\":\"ReadAction\",\"target\":[\"https:\/\/testwebsite.citygame.com\/fi\/games\/unknown-location\/tuote-395\/\"]}]},{\"@type\":\"ImageObject\",\"inLanguage\":\"fi\",\"@id\":\"https:\/\/testwebsite.citygame.com\/fi\/games\/unknown-location\/tuote-395\/#primaryimage\",\"url\":\"https:\/\/testwebsite.citygame.com\/wp-content\/blogs.dir\/1\/files\/sites\/62\/2026\/01\/gouda-players-smartphone-street.jpg\",\"contentUrl\":\"https:\/\/testwebsite.citygame.com\/wp-content\/blogs.dir\/1\/files\/sites\/62\/2026\/01\/gouda-players-smartphone-street.jpg\",\"width\":1248,\"height\":832,\"caption\":\"A group of young adults collaborates while playing a game on a smartphone in Gouda.\"},{\"@type\":\"BreadcrumbList\",\"@id\":\"https:\/\/testwebsite.citygame.com\/fi\/games\/unknown-location\/tuote-395\/#breadcrumb\",\"itemListElement\":[{\"@type\":\"ListItem\",\"position\":1,\"name\":\"Home\",\"item\":\"https:\/\/testwebsite.citygame.com\/fi\/\"},{\"@type\":\"ListItem\",\"position\":2,\"name\":\"Shop\",\"item\":\"https:\/\/testwebsite.citygame.com\/shop\/\"},{\"@type\":\"ListItem\",\"position\":3,\"name\":\"Tuote\"}]},{\"@type\":\"WebSite\",\"@id\":\"https:\/\/testwebsite.upevents.nl\/#website\",\"url\":\"https:\/\/testwebsite.upevents.nl\/\",\"name\":\"City Game\",\"description\":\"\",\"publisher\":{\"@id\":\"https:\/\/testwebsite.upevents.nl\/#organization\"},\"alternateName\":\"citygame.com\",\"potentialAction\":[{\"@type\":\"SearchAction\",\"target\":{\"@type\":\"EntryPoint\",\"urlTemplate\":\"https:\/\/testwebsite.upevents.nl\/?s={search_term_string}\"},\"query-input\":{\"@type\":\"PropertyValueSpecification\",\"valueRequired\":true,\"valueName\":\"search_term_string\"}}],\"inLanguage\":\"fi\"},{\"@type\":[\"Organization\",\"Place\"],\"@id\":\"https:\/\/testwebsite.upevents.nl\/#organization\",\"name\":\"City Game\",\"alternateName\":\"citygame.com\",\"url\":\"https:\/\/testwebsite.upevents.nl\/\",\"logo\":{\"@id\":\"https:\/\/testwebsite.citygame.com\/fi\/games\/unknown-location\/tuote-395\/#local-main-organization-logo\"},\"image\":{\"@id\":\"https:\/\/testwebsite.citygame.com\/fi\/games\/unknown-location\/tuote-395\/#local-main-organization-logo\"},\"sameAs\":[\"https:\/\/www.facebook.com\/profile.php?id=100086426226253\",\"https:\/\/www.instagram.com\/citygame_com\",\"https:\/\/www.tiktok.com\/@citygamecom\/\",\"https:\/\/www.linkedin.com\/company\/citygame-com\"],\"description\":\"Turn any city into a playground with our interactive City Games and self-guided tours. Fun, flexible, and ideal for groups and team building.\",\"telephone\":[],\"openingHoursSpecification\":[{\"@type\":\"OpeningHoursSpecification\",\"dayOfWeek\":[\"Monday\",\"Tuesday\",\"Wednesday\",\"Thursday\",\"Friday\",\"Saturday\",\"Sunday\"],\"opens\":\"09:00\",\"closes\":\"17:00\"}]},{\"@type\":\"ImageObject\",\"inLanguage\":\"fi\",\"@id\":\"https:\/\/testwebsite.citygame.com\/fi\/games\/unknown-location\/tuote-395\/#local-main-organization-logo\",\"url\":\"https:\/\/testwebsite.citygame.com\/wp-content\/blogs.dir\/1\/files\/sites\/62\/2025\/10\/CG_LOGO-City-Game.png\",\"contentUrl\":\"https:\/\/testwebsite.citygame.com\/wp-content\/blogs.dir\/1\/files\/sites\/62\/2025\/10\/CG_LOGO-City-Game.png\",\"width\":351,\"height\":377,\"caption\":\"City Game\"}]}<\/script>\n<!-- \/ Yoast SEO Premium plugin. -->","yoast_head_json":{"title":"Tuote - City Game","description":"Secrets of Gouda. Pelaa itseohjattua kaupunkipeli\u00e4 ja tutustu kaupunkiin pulmien, arvoitusten ja haasteiden avulla. Pelaa omaan tahtiisi ja l\u00f6yd\u00e4 kuin paikallinen!","robots":{"index":"noindex","follow":"follow","max-snippet":"max-snippet:-1","max-image-preview":"max-image-preview:large","max-video-preview":"max-video-preview:-1"},"og_locale":"fi_FI","og_type":"article","og_title":"Tuote","og_description":"Secrets of Gouda. Pelaa itseohjattua kaupunkipeli\u00e4 ja tutustu kaupunkiin pulmien, arvoitusten ja haasteiden avulla. Pelaa omaan tahtiisi ja l\u00f6yd\u00e4 kuin paikallinen!","og_url":"https:\/\/testwebsite.citygame.com\/fi\/games\/unknown-location\/tuote-395\/","og_site_name":"City Game","article_publisher":"https:\/\/www.facebook.com\/profile.php?id=100086426226253","article_modified_time":"2026-04-02T22:38:13+00:00","og_image":[{"width":1248,"height":832,"url":"https:\/\/testwebsite.citygame.com\/wp-content\/blogs.dir\/1\/files\/sites\/62\/2026\/01\/gouda-players-smartphone-street.jpg","type":"image\/jpeg"}],"twitter_card":"summary_large_image","schema":{"@context":"https:\/\/schema.org","@graph":[{"@type":"WebPage","@id":"https:\/\/testwebsite.citygame.com\/fi\/games\/unknown-location\/tuote-395\/","url":"https:\/\/testwebsite.citygame.com\/fi\/games\/unknown-location\/tuote-395\/","name":"Tuote - City Game","isPartOf":{"@id":"https:\/\/testwebsite.upevents.nl\/#website"},"primaryImageOfPage":{"@id":"https:\/\/testwebsite.citygame.com\/fi\/games\/unknown-location\/tuote-395\/#primaryimage"},"image":{"@id":"https:\/\/testwebsite.citygame.com\/fi\/games\/unknown-location\/tuote-395\/#primaryimage"},"thumbnailUrl":"https:\/\/testwebsite.citygame.com\/wp-content\/blogs.dir\/1\/files\/sites\/62\/2026\/01\/gouda-players-smartphone-street.jpg","datePublished":"2026-01-27T10:59:20+00:00","dateModified":"2026-04-02T22:38:13+00:00","description":"Secrets of Gouda. Pelaa itseohjattua kaupunkipeli\u00e4 ja tutustu kaupunkiin pulmien, arvoitusten ja haasteiden avulla. Pelaa omaan tahtiisi ja l\u00f6yd\u00e4 kuin paikallinen!","breadcrumb":{"@id":"https:\/\/testwebsite.citygame.com\/fi\/games\/unknown-location\/tuote-395\/#breadcrumb"},"inLanguage":"fi","potentialAction":[{"@type":"ReadAction","target":["https:\/\/testwebsite.citygame.com\/fi\/games\/unknown-location\/tuote-395\/"]}]},{"@type":"ImageObject","inLanguage":"fi","@id":"https:\/\/testwebsite.citygame.com\/fi\/games\/unknown-location\/tuote-395\/#primaryimage","url":"https:\/\/testwebsite.citygame.com\/wp-content\/blogs.dir\/1\/files\/sites\/62\/2026\/01\/gouda-players-smartphone-street.jpg","contentUrl":"https:\/\/testwebsite.citygame.com\/wp-content\/blogs.dir\/1\/files\/sites\/62\/2026\/01\/gouda-players-smartphone-street.jpg","width":1248,"height":832,"caption":"A group of young adults collaborates while playing a game on a smartphone in Gouda."},{"@type":"BreadcrumbList","@id":"https:\/\/testwebsite.citygame.com\/fi\/games\/unknown-location\/tuote-395\/#breadcrumb","itemListElement":[{"@type":"ListItem","position":1,"name":"Home","item":"https:\/\/testwebsite.citygame.com\/fi\/"},{"@type":"ListItem","position":2,"name":"Shop","item":"https:\/\/testwebsite.citygame.com\/shop\/"},{"@type":"ListItem","position":3,"name":"Tuote"}]},{"@type":"WebSite","@id":"https:\/\/testwebsite.upevents.nl\/#website","url":"https:\/\/testwebsite.upevents.nl\/","name":"City Game","description":"","publisher":{"@id":"https:\/\/testwebsite.upevents.nl\/#organization"},"alternateName":"citygame.com","potentialAction":[{"@type":"SearchAction","target":{"@type":"EntryPoint","urlTemplate":"https:\/\/testwebsite.upevents.nl\/?s={search_term_string}"},"query-input":{"@type":"PropertyValueSpecification","valueRequired":true,"valueName":"search_term_string"}}],"inLanguage":"fi"},{"@type":["Organization","Place"],"@id":"https:\/\/testwebsite.upevents.nl\/#organization","name":"City Game","alternateName":"citygame.com","url":"https:\/\/testwebsite.upevents.nl\/","logo":{"@id":"https:\/\/testwebsite.citygame.com\/fi\/games\/unknown-location\/tuote-395\/#local-main-organization-logo"},"image":{"@id":"https:\/\/testwebsite.citygame.com\/fi\/games\/unknown-location\/tuote-395\/#local-main-organization-logo"},"sameAs":["https:\/\/www.facebook.com\/profile.php?id=100086426226253","https:\/\/www.instagram.com\/citygame_com","https:\/\/www.tiktok.com\/@citygamecom\/","https:\/\/www.linkedin.com\/company\/citygame-com"],"description":"Turn any city into a playground with our interactive City Games and self-guided tours. Fun, flexible, and ideal for groups and team building.","telephone":[],"openingHoursSpecification":[{"@type":"OpeningHoursSpecification","dayOfWeek":["Monday","Tuesday","Wednesday","Thursday","Friday","Saturday","Sunday"],"opens":"09:00","closes":"17:00"}]},{"@type":"ImageObject","inLanguage":"fi","@id":"https:\/\/testwebsite.citygame.com\/fi\/games\/unknown-location\/tuote-395\/#local-main-organization-logo","url":"https:\/\/testwebsite.citygame.com\/wp-content\/blogs.dir\/1\/files\/sites\/62\/2025\/10\/CG_LOGO-City-Game.png","contentUrl":"https:\/\/testwebsite.citygame.com\/wp-content\/blogs.dir\/1\/files\/sites\/62\/2025\/10\/CG_LOGO-City-Game.png","width":351,"height":377,"caption":"City Game"}]}},"taxonomy_info":{"game-concept":[{"value":36,"label":"Secrets"}],"product_cat":[{"value":27,"label":"Geen categorie"}]},"featured_image_src_large":["https:\/\/testwebsite.citygame.com\/wp-content\/blogs.dir\/1\/files\/sites\/62\/2026\/01\/gouda-players-smartphone-street-1024x683.jpg",1024,683,true],"author_info":[],"comment_info":"","_links":{"self":[{"href":"https:\/\/testwebsite.citygame.com\/fi\/wp-json\/wp\/v2\/product\/44113","targetHints":{"allow":["GET"]}}],"collection":[{"href":"https:\/\/testwebsite.citygame.com\/fi\/wp-json\/wp\/v2\/product"}],"about":[{"href":"https:\/\/testwebsite.citygame.com\/fi\/wp-json\/wp\/v2\/types\/product"}],"acf:post":[{"embeddable":true,"href":"https:\/\/testwebsite.citygame.com\/fi\/wp-json\/wp\/v2\/pages\/4541"}],"wp:featuredmedia":[{"embeddable":true,"href":"https:\/\/testwebsite.citygame.com\/fi\/wp-json\/wp\/v2\/media\/4561"}],"wp:attachment":[{"href":"https:\/\/testwebsite.citygame.com\/fi\/wp-json\/wp\/v2\/media?parent=44113"}],"wp:term":[{"taxonomy":"game-concept","embeddable":true,"href":"https:\/\/testwebsite.citygame.com\/fi\/wp-json\/wp\/v2\/game-concept?post=44113"},{"taxonomy":"location","embeddable":true,"href":"https:\/\/testwebsite.citygame.com\/fi\/wp-json\/wp\/v2\/location?post=44113"},{"taxonomy":"product_brand","embeddable":true,"href":"https:\/\/testwebsite.citygame.com\/fi\/wp-json\/wp\/v2\/product_brand?post=44113"},{"taxonomy":"product_cat","embeddable":true,"href":"https:\/\/testwebsite.citygame.com\/fi\/wp-json\/wp\/v2\/product_cat?post=44113"},{"taxonomy":"product_tag","embeddable":true,"href":"https:\/\/testwebsite.citygame.com\/fi\/wp-json\/wp\/v2\/product_tag?post=44113"}],"curies":[{"name":"wp","href":"https:\/\/api.w.org\/{rel}","templated":true}]}}