{"id":65980,"date":"2026-03-13T14:12:14","date_gmt":"2026-03-13T14:12:14","guid":{"rendered":"https:\/\/testwebsite.citygame.com\/games\/unknown-location\/secrets-of-kaunas\/"},"modified":"2026-04-08T17:10:15","modified_gmt":"2026-04-08T17:10:15","slug":"secrets-of-kaunas","status":"publish","type":"product","link":"https:\/\/testwebsite.citygame.com\/es\/games\/kaunas\/secrets-of-kaunas\/","title":{"rendered":"Secrets of Kaunas"},"content":{"rendered":"<p>Descubre los misterios en el centro de Kaunas con nuestro Juego de Ciudad autoguiado y basado en GPS, Kaunas. Este juego de exploraci\u00f3n permite a los jugadores adentrarse en el coraz\u00f3n de esta cautivadora ciudad utilizando solo su tel\u00e9fono inteligente, participando en rompecabezas alucinantes, enigmas apasionantes y divertidos desaf\u00edos fotogr\u00e1ficos. Mientras navegas por cada rinc\u00f3n y recoveco, el juego te asegura que conocer\u00e1s la historia, la cultura y los aspectos a menudo pasados por alto de Kaunas. Perfecto tanto para lugare\u00f1os como para visitantes, este juego basado en GPS es una forma encantadora de hacer turismo por tu cuenta o compartido como una experiencia con tu pareja, familia o grupo de amigos. No importa tu compa\u00f1\u00eda, nuestro Juego de Ciudad Kaunas promete un viaje atractivo a trav\u00e9s de la cultura e historia lituana.<\/p>\n","protected":false},"excerpt":{"rendered":"<p>\u00a1Experimenta el encanto y el car\u00e1cter de Kaunas! Recorre una ciudad donde los vestigios de la magnificencia medieval se mezclan a la perfecci\u00f3n con la vitalidad moderna, desde castillos antiguos hasta festivales animados. Sum\u00e9rgete en los misterios mientras viajas a trav\u00e9s de su alma din\u00e1mica, Kaunas guarda descubrimientos asombrosos en cada esquina!<\/p>\n","protected":false},"featured_media":18662,"template":"","meta":{"_acf_changed":false,"_yoast_wpseo_focuskw":"Secrets of Kaunas","_yoast_wpseo_metadesc":"Secrets of Kaunas. Juega un Juego de Ciudad autoguiado y explora la ciudad a trav\u00e9s de rompecabezas, enigmas y desaf\u00edos. \u00a1Juega a tu propio ritmo y descubre como un local!","_kad_blocks_custom_css":"","_kad_blocks_head_custom_js":"","_kad_blocks_body_custom_js":"","_kad_blocks_footer_custom_js":"","ghostkit_customizer_options":"","ghostkit_custom_css":"","ghostkit_custom_js_head":"","ghostkit_custom_js_foot":"","ghostkit_typography":"","_kad_post_transparent":"","_kad_post_title":"","_kad_post_layout":"","_kad_post_sidebar_id":"","_kad_post_content_style":"","_kad_post_vertical_padding":"","_kad_post_feature":"","_kad_post_feature_position":"","_kad_post_header":false,"_kad_post_footer":false,"_kad_post_classname":"","_links_to":"","_links_to_target":""},"game-concept":[711],"location":[221],"product_brand":[],"product_cat":[666],"product_tag":[],"class_list":{"0":"post-65980","1":"product","2":"type-product","3":"status-publish","4":"has-post-thumbnail","6":"game-concept-secrets","7":"location-kaunas","8":"product_cat-sin-categorizar","10":"first","11":"instock","12":"shipping-taxable","13":"purchasable","14":"product-type-simple","15":"entry","16":"content-bg","17":"loop-entry"},"acf":{"full_bokun_product_name":"Self-Guided Secrets of Kaunas Exploration Game","location_name":"Kaunas","bokun_calendar_widget_code":"<script type=\"text\/javascript\" src=\"https:\/\/widgets.bokun.io\/assets\/javascripts\/apps\/build\/BokunWidgetsLoader.js?bookingChannelUUID=a1e93e96-5232-4734-a595-28405f4b5a31\" async><\/script>\n     \n    <div class=\"bokunWidget\" data-src=\"https:\/\/widgets.bokun.io\/online-sales\/a1e93e96-5232-4734-a595-28405f4b5a31\/experience-calendar\/919147\"><\/div>\n    <noscript>Please enable javascript in your browser to book<\/noscript>","bokun_button_widget_code":"<script type=\"text\/javascript\" src=\"https:\/\/widgets.bokun.io\/assets\/javascripts\/apps\/build\/BokunWidgetsLoader.js?bookingChannelUUID=a1e93e96-5232-4734-a595-28405f4b5a31\" async><\/script>\n      <style> #bokun_ed001e45_5927_4f62_b470_ca766338d083 { display: inline-block; padding: .4em 1em; background: #47b82e; border-radius: 999999px; box-shadow: none; font-weight: 600; font-size: 24px; text-decoration: none; text-align: center; color: #FFFFFF; border:none; cursor: pointer; transition: background .2s ease; } #bokun_ed001e45_5927_4f62_b470_ca766338d083:hover{ background: #2f7b1f; } #bokun_ed001e45_5927_4f62_b470_ca766338d083:active{ background: #378f24; } <\/style> <button class=\"bokunButton\" disabled id=bokun_ed001e45_5927_4f62_b470_ca766338d083 data-src=\"https:\/\/widgets.bokun.io\/online-sales\/a1e93e96-5232-4734-a595-28405f4b5a31\/experience-calendar\/919147?partialView=1\" data-testid=\"widget-book-button\" > Book now <\/button> ","what_you\u2019ll_experience_during_the_game":"Sum\u00e9rgete en la atm\u00f3sfera din\u00e1mica de Kaunas con un City Game que combina el turismo con una narrativa cautivadora y desaf\u00edos l\u00fadicos. Ser\u00e1s guiado a trav\u00e9s de un conjunto de lugares renombrados y poco convencionales, lo que te permitir\u00e1 capturar el encanto vers\u00e1til de esta ciudad lituana. Explora la intrincada cuadr\u00edcula de calles del centro de la ciudad, ad\u00e9ntrate en los rincones ocultos del casco antiguo y marav\u00edllate con el sereno paisaje de la ribera. A medida que desentra\u00f1as el juego, cada lugar en Kaunas despliega un nuevo cap\u00edtulo, haci\u00e9ndote parte de una historia en evoluci\u00f3n.\n\nParticipar en el City Game en Kaunas implica resolver una serie de rompecabezas, enigmas y preguntas intrigantes. Estos desaf\u00edos no solo despiertan tu curiosidad intelectual, sino que tambi\u00e9n te ayudan a ganar puntos y desbloquear pistas que te acercar\u00e1n al gran final: un misterio final en el coraz\u00f3n de la narrativa de la ciudad. Si te apetece un poco de competencia, esfu\u00e9rzate por conseguir una posici\u00f3n destacada en la tabla de clasificaci\u00f3n en vivo. El juego permite pausas cuando lo desees, d\u00e1ndote la flexibilidad de explorar Kaunas a tu antojo. Tienes el poder de empezar de nuevo en cualquier momento, lo que convierte a este City Game en una experiencia de exploraci\u00f3n verdaderamente inmersiva.","how_to_play":"\u00a1Reserva el Exploration Game, revisa el correo electr\u00f3nico que te enviamos con las instrucciones sencillas, descarga la App Loquiz, accede al Exploration Game y estar\u00e1s listo para comenzar tu experiencia de juego!","start_location":"Laisv\u0117s Statula","available_languages":["en"],"players_per_group":"1-4","duration":"1.5-2 hours","image_overlay_color_image":"https:\/\/testwebsite.citygame.com\/wp-content\/blogs.dir\/1\/files\/sites\/62\/2026\/01\/SecretsColor.svg","image_overlay_game_logo":"https:\/\/testwebsite.citygame.com\/wp-content\/blogs.dir\/1\/files\/sites\/62\/2026\/01\/SecretsLogo.png","city_page":15764,"woocommerce_general_content":null},"yoast_head":"<!-- This site is optimized with the Yoast SEO Premium plugin v26.2 (Yoast SEO v26.3) - https:\/\/yoast.com\/wordpress\/plugins\/seo\/ -->\n<title>Secrets of Kaunas - City Game<\/title>\n<meta name=\"description\" content=\"Secrets of Kaunas. Juega un Juego de Ciudad autoguiado y explora la ciudad a trav\u00e9s de rompecabezas, enigmas y desaf\u00edos. \u00a1Juega a tu propio ritmo y descubre como un local!\" \/>\n<meta name=\"robots\" content=\"noindex, follow, max-snippet:-1, max-image-preview:large, max-video-preview:-1\" \/>\n<meta property=\"og:locale\" content=\"es_ES\" \/>\n<meta property=\"og:type\" content=\"article\" \/>\n<meta property=\"og:title\" content=\"Secrets of Kaunas\" \/>\n<meta property=\"og:description\" content=\"Secrets of Kaunas. Juega un Juego de Ciudad autoguiado y explora la ciudad a trav\u00e9s de rompecabezas, enigmas y desaf\u00edos. \u00a1Juega a tu propio ritmo y descubre como un local!\" \/>\n<meta property=\"og:url\" content=\"https:\/\/testwebsite.citygame.com\/es\/games\/kaunas\/secrets-of-kaunas\/\" \/>\n<meta property=\"og:site_name\" content=\"City Game\" \/>\n<meta property=\"article:publisher\" content=\"https:\/\/www.facebook.com\/profile.php?id=100086426226253\" \/>\n<meta property=\"article:modified_time\" content=\"2026-04-08T17:10:15+00:00\" \/>\n<meta property=\"og:image\" content=\"https:\/\/testwebsite.citygame.com\/wp-content\/blogs.dir\/1\/files\/sites\/62\/2026\/03\/kaunas-laisves-aleja-players-smartphone-fountain.jpg\" \/>\n\t<meta property=\"og:image:width\" content=\"1024\" \/>\n\t<meta property=\"og:image:height\" content=\"1024\" \/>\n\t<meta property=\"og:image:type\" content=\"image\/jpeg\" \/>\n<meta name=\"twitter:card\" content=\"summary_large_image\" \/>\n<meta name=\"twitter:label1\" content=\"Tiempo de lectura\" \/>\n\t<meta name=\"twitter:data1\" content=\"1 minuto\" \/>\n<script type=\"application\/ld+json\" class=\"yoast-schema-graph\">{\"@context\":\"https:\/\/schema.org\",\"@graph\":[{\"@type\":\"WebPage\",\"@id\":\"https:\/\/testwebsite.citygame.com\/es\/games\/kaunas\/secrets-of-kaunas\/\",\"url\":\"https:\/\/testwebsite.citygame.com\/es\/games\/kaunas\/secrets-of-kaunas\/\",\"name\":\"Secrets of Kaunas - City Game\",\"isPartOf\":{\"@id\":\"https:\/\/testwebsite.upevents.nl\/#website\"},\"primaryImageOfPage\":{\"@id\":\"https:\/\/testwebsite.citygame.com\/es\/games\/kaunas\/secrets-of-kaunas\/#primaryimage\"},\"image\":{\"@id\":\"https:\/\/testwebsite.citygame.com\/es\/games\/kaunas\/secrets-of-kaunas\/#primaryimage\"},\"thumbnailUrl\":\"https:\/\/testwebsite.citygame.com\/wp-content\/blogs.dir\/1\/files\/sites\/62\/2026\/03\/kaunas-laisves-aleja-players-smartphone-fountain.jpg\",\"datePublished\":\"2026-03-13T14:12:14+00:00\",\"dateModified\":\"2026-04-08T17:10:15+00:00\",\"description\":\"Secrets of Kaunas. Juega un Juego de Ciudad autoguiado y explora la ciudad a trav\u00e9s de rompecabezas, enigmas y desaf\u00edos. \u00a1Juega a tu propio ritmo y descubre como un local!\",\"breadcrumb\":{\"@id\":\"https:\/\/testwebsite.citygame.com\/es\/games\/kaunas\/secrets-of-kaunas\/#breadcrumb\"},\"inLanguage\":\"es\",\"potentialAction\":[{\"@type\":\"ReadAction\",\"target\":[\"https:\/\/testwebsite.citygame.com\/es\/games\/kaunas\/secrets-of-kaunas\/\"]}]},{\"@type\":\"ImageObject\",\"inLanguage\":\"es\",\"@id\":\"https:\/\/testwebsite.citygame.com\/es\/games\/kaunas\/secrets-of-kaunas\/#primaryimage\",\"url\":\"https:\/\/testwebsite.citygame.com\/wp-content\/blogs.dir\/1\/files\/sites\/62\/2026\/03\/kaunas-laisves-aleja-players-smartphone-fountain.jpg\",\"contentUrl\":\"https:\/\/testwebsite.citygame.com\/wp-content\/blogs.dir\/1\/files\/sites\/62\/2026\/03\/kaunas-laisves-aleja-players-smartphone-fountain.jpg\",\"width\":1024,\"height\":1024,\"caption\":\"A group of young people explore the city of Kaunas together using a mobile app.\"},{\"@type\":\"BreadcrumbList\",\"@id\":\"https:\/\/testwebsite.citygame.com\/es\/games\/kaunas\/secrets-of-kaunas\/#breadcrumb\",\"itemListElement\":[{\"@type\":\"ListItem\",\"position\":1,\"name\":\"Home\",\"item\":\"https:\/\/testwebsite.citygame.com\/es\/\"},{\"@type\":\"ListItem\",\"position\":2,\"name\":\"Shop\",\"item\":\"https:\/\/testwebsite.citygame.com\/shop\/\"},{\"@type\":\"ListItem\",\"position\":3,\"name\":\"Secrets of Kaunas\"}]},{\"@type\":\"WebSite\",\"@id\":\"https:\/\/testwebsite.upevents.nl\/#website\",\"url\":\"https:\/\/testwebsite.upevents.nl\/\",\"name\":\"City Game\",\"description\":\"\",\"publisher\":{\"@id\":\"https:\/\/testwebsite.upevents.nl\/#organization\"},\"alternateName\":\"citygame.com\",\"potentialAction\":[{\"@type\":\"SearchAction\",\"target\":{\"@type\":\"EntryPoint\",\"urlTemplate\":\"https:\/\/testwebsite.upevents.nl\/?s={search_term_string}\"},\"query-input\":{\"@type\":\"PropertyValueSpecification\",\"valueRequired\":true,\"valueName\":\"search_term_string\"}}],\"inLanguage\":\"es\"},{\"@type\":[\"Organization\",\"Place\"],\"@id\":\"https:\/\/testwebsite.upevents.nl\/#organization\",\"name\":\"City Game\",\"alternateName\":\"citygame.com\",\"url\":\"https:\/\/testwebsite.upevents.nl\/\",\"logo\":{\"@id\":\"https:\/\/testwebsite.citygame.com\/es\/games\/kaunas\/secrets-of-kaunas\/#local-main-organization-logo\"},\"image\":{\"@id\":\"https:\/\/testwebsite.citygame.com\/es\/games\/kaunas\/secrets-of-kaunas\/#local-main-organization-logo\"},\"sameAs\":[\"https:\/\/www.facebook.com\/profile.php?id=100086426226253\",\"https:\/\/www.instagram.com\/citygame_com\",\"https:\/\/www.tiktok.com\/@citygamecom\/\",\"https:\/\/www.linkedin.com\/company\/citygame-com\"],\"description\":\"Turn any city into a playground with our interactive City Games and self-guided tours. Fun, flexible, and ideal for groups and team building.\",\"telephone\":[],\"openingHoursSpecification\":[{\"@type\":\"OpeningHoursSpecification\",\"dayOfWeek\":[\"Monday\",\"Tuesday\",\"Wednesday\",\"Thursday\",\"Friday\",\"Saturday\",\"Sunday\"],\"opens\":\"09:00\",\"closes\":\"17:00\"}]},{\"@type\":\"ImageObject\",\"inLanguage\":\"es\",\"@id\":\"https:\/\/testwebsite.citygame.com\/es\/games\/kaunas\/secrets-of-kaunas\/#local-main-organization-logo\",\"url\":\"https:\/\/testwebsite.citygame.com\/wp-content\/blogs.dir\/1\/files\/sites\/62\/2025\/10\/CG_LOGO-City-Game.png\",\"contentUrl\":\"https:\/\/testwebsite.citygame.com\/wp-content\/blogs.dir\/1\/files\/sites\/62\/2025\/10\/CG_LOGO-City-Game.png\",\"width\":351,\"height\":377,\"caption\":\"City Game\"}]}<\/script>\n<!-- \/ Yoast SEO Premium plugin. -->","yoast_head_json":{"title":"Secrets of Kaunas - City Game","description":"Secrets of Kaunas. Juega un Juego de Ciudad autoguiado y explora la ciudad a trav\u00e9s de rompecabezas, enigmas y desaf\u00edos. \u00a1Juega a tu propio ritmo y descubre como un local!","robots":{"index":"noindex","follow":"follow","max-snippet":"max-snippet:-1","max-image-preview":"max-image-preview:large","max-video-preview":"max-video-preview:-1"},"og_locale":"es_ES","og_type":"article","og_title":"Secrets of Kaunas","og_description":"Secrets of Kaunas. Juega un Juego de Ciudad autoguiado y explora la ciudad a trav\u00e9s de rompecabezas, enigmas y desaf\u00edos. \u00a1Juega a tu propio ritmo y descubre como un local!","og_url":"https:\/\/testwebsite.citygame.com\/es\/games\/kaunas\/secrets-of-kaunas\/","og_site_name":"City Game","article_publisher":"https:\/\/www.facebook.com\/profile.php?id=100086426226253","article_modified_time":"2026-04-08T17:10:15+00:00","og_image":[{"width":1024,"height":1024,"url":"https:\/\/testwebsite.citygame.com\/wp-content\/blogs.dir\/1\/files\/sites\/62\/2026\/03\/kaunas-laisves-aleja-players-smartphone-fountain.jpg","type":"image\/jpeg"}],"twitter_card":"summary_large_image","twitter_misc":{"Tiempo de lectura":"1 minuto"},"schema":{"@context":"https:\/\/schema.org","@graph":[{"@type":"WebPage","@id":"https:\/\/testwebsite.citygame.com\/es\/games\/kaunas\/secrets-of-kaunas\/","url":"https:\/\/testwebsite.citygame.com\/es\/games\/kaunas\/secrets-of-kaunas\/","name":"Secrets of Kaunas - City Game","isPartOf":{"@id":"https:\/\/testwebsite.upevents.nl\/#website"},"primaryImageOfPage":{"@id":"https:\/\/testwebsite.citygame.com\/es\/games\/kaunas\/secrets-of-kaunas\/#primaryimage"},"image":{"@id":"https:\/\/testwebsite.citygame.com\/es\/games\/kaunas\/secrets-of-kaunas\/#primaryimage"},"thumbnailUrl":"https:\/\/testwebsite.citygame.com\/wp-content\/blogs.dir\/1\/files\/sites\/62\/2026\/03\/kaunas-laisves-aleja-players-smartphone-fountain.jpg","datePublished":"2026-03-13T14:12:14+00:00","dateModified":"2026-04-08T17:10:15+00:00","description":"Secrets of Kaunas. Juega un Juego de Ciudad autoguiado y explora la ciudad a trav\u00e9s de rompecabezas, enigmas y desaf\u00edos. \u00a1Juega a tu propio ritmo y descubre como un local!","breadcrumb":{"@id":"https:\/\/testwebsite.citygame.com\/es\/games\/kaunas\/secrets-of-kaunas\/#breadcrumb"},"inLanguage":"es","potentialAction":[{"@type":"ReadAction","target":["https:\/\/testwebsite.citygame.com\/es\/games\/kaunas\/secrets-of-kaunas\/"]}]},{"@type":"ImageObject","inLanguage":"es","@id":"https:\/\/testwebsite.citygame.com\/es\/games\/kaunas\/secrets-of-kaunas\/#primaryimage","url":"https:\/\/testwebsite.citygame.com\/wp-content\/blogs.dir\/1\/files\/sites\/62\/2026\/03\/kaunas-laisves-aleja-players-smartphone-fountain.jpg","contentUrl":"https:\/\/testwebsite.citygame.com\/wp-content\/blogs.dir\/1\/files\/sites\/62\/2026\/03\/kaunas-laisves-aleja-players-smartphone-fountain.jpg","width":1024,"height":1024,"caption":"A group of young people explore the city of Kaunas together using a mobile app."},{"@type":"BreadcrumbList","@id":"https:\/\/testwebsite.citygame.com\/es\/games\/kaunas\/secrets-of-kaunas\/#breadcrumb","itemListElement":[{"@type":"ListItem","position":1,"name":"Home","item":"https:\/\/testwebsite.citygame.com\/es\/"},{"@type":"ListItem","position":2,"name":"Shop","item":"https:\/\/testwebsite.citygame.com\/shop\/"},{"@type":"ListItem","position":3,"name":"Secrets of Kaunas"}]},{"@type":"WebSite","@id":"https:\/\/testwebsite.upevents.nl\/#website","url":"https:\/\/testwebsite.upevents.nl\/","name":"City Game","description":"","publisher":{"@id":"https:\/\/testwebsite.upevents.nl\/#organization"},"alternateName":"citygame.com","potentialAction":[{"@type":"SearchAction","target":{"@type":"EntryPoint","urlTemplate":"https:\/\/testwebsite.upevents.nl\/?s={search_term_string}"},"query-input":{"@type":"PropertyValueSpecification","valueRequired":true,"valueName":"search_term_string"}}],"inLanguage":"es"},{"@type":["Organization","Place"],"@id":"https:\/\/testwebsite.upevents.nl\/#organization","name":"City Game","alternateName":"citygame.com","url":"https:\/\/testwebsite.upevents.nl\/","logo":{"@id":"https:\/\/testwebsite.citygame.com\/es\/games\/kaunas\/secrets-of-kaunas\/#local-main-organization-logo"},"image":{"@id":"https:\/\/testwebsite.citygame.com\/es\/games\/kaunas\/secrets-of-kaunas\/#local-main-organization-logo"},"sameAs":["https:\/\/www.facebook.com\/profile.php?id=100086426226253","https:\/\/www.instagram.com\/citygame_com","https:\/\/www.tiktok.com\/@citygamecom\/","https:\/\/www.linkedin.com\/company\/citygame-com"],"description":"Turn any city into a playground with our interactive City Games and self-guided tours. Fun, flexible, and ideal for groups and team building.","telephone":[],"openingHoursSpecification":[{"@type":"OpeningHoursSpecification","dayOfWeek":["Monday","Tuesday","Wednesday","Thursday","Friday","Saturday","Sunday"],"opens":"09:00","closes":"17:00"}]},{"@type":"ImageObject","inLanguage":"es","@id":"https:\/\/testwebsite.citygame.com\/es\/games\/kaunas\/secrets-of-kaunas\/#local-main-organization-logo","url":"https:\/\/testwebsite.citygame.com\/wp-content\/blogs.dir\/1\/files\/sites\/62\/2025\/10\/CG_LOGO-City-Game.png","contentUrl":"https:\/\/testwebsite.citygame.com\/wp-content\/blogs.dir\/1\/files\/sites\/62\/2025\/10\/CG_LOGO-City-Game.png","width":351,"height":377,"caption":"City Game"}]}},"taxonomy_info":{"game-concept":[{"value":711,"label":"Secrets"}],"location":[{"value":221,"label":"Kaunas"}],"product_cat":[{"value":666,"label":"Sin categorizar"}]},"featured_image_src_large":["https:\/\/testwebsite.citygame.com\/wp-content\/blogs.dir\/1\/files\/sites\/62\/2026\/03\/kaunas-laisves-aleja-players-smartphone-fountain.jpg",1024,1024,false],"author_info":[],"comment_info":"","_links":{"self":[{"href":"https:\/\/testwebsite.citygame.com\/es\/wp-json\/wp\/v2\/product\/65980","targetHints":{"allow":["GET"]}}],"collection":[{"href":"https:\/\/testwebsite.citygame.com\/es\/wp-json\/wp\/v2\/product"}],"about":[{"href":"https:\/\/testwebsite.citygame.com\/es\/wp-json\/wp\/v2\/types\/product"}],"acf:post":[{"embeddable":true,"href":"https:\/\/testwebsite.citygame.com\/es\/wp-json\/wp\/v2\/pages\/15764"}],"wp:featuredmedia":[{"embeddable":true,"href":"https:\/\/testwebsite.citygame.com\/es\/wp-json\/wp\/v2\/media\/18662"}],"wp:attachment":[{"href":"https:\/\/testwebsite.citygame.com\/es\/wp-json\/wp\/v2\/media?parent=65980"}],"wp:term":[{"taxonomy":"game-concept","embeddable":true,"href":"https:\/\/testwebsite.citygame.com\/es\/wp-json\/wp\/v2\/game-concept?post=65980"},{"taxonomy":"location","embeddable":true,"href":"https:\/\/testwebsite.citygame.com\/es\/wp-json\/wp\/v2\/location?post=65980"},{"taxonomy":"product_brand","embeddable":true,"href":"https:\/\/testwebsite.citygame.com\/es\/wp-json\/wp\/v2\/product_brand?post=65980"},{"taxonomy":"product_cat","embeddable":true,"href":"https:\/\/testwebsite.citygame.com\/es\/wp-json\/wp\/v2\/product_cat?post=65980"},{"taxonomy":"product_tag","embeddable":true,"href":"https:\/\/testwebsite.citygame.com\/es\/wp-json\/wp\/v2\/product_tag?post=65980"}],"curies":[{"name":"wp","href":"https:\/\/api.w.org\/{rel}","templated":true}]}}