{"id":65145,"date":"2026-03-13T12:31:32","date_gmt":"2026-03-13T12:31:32","guid":{"rendered":"https:\/\/testwebsite.citygame.com\/games\/unknown-location\/secrets-of-hannover\/"},"modified":"2026-04-08T15:23:07","modified_gmt":"2026-04-08T15:23:07","slug":"secrets-of-hannover","status":"publish","type":"product","link":"https:\/\/testwebsite.citygame.com\/es\/games\/hannover\/secrets-of-hannover\/","title":{"rendered":"Secrets of Hannover"},"content":{"rendered":"<p>Descubre el encanto de Hannover con el City Game Hannover autoguiado y basado en GPS, que tiene lugar en el centro de Hannover. Los jugadores se embarcan en un viaje de aventura, explorando la ciudad con sus tel\u00e9fonos inteligentes como herramienta clave para resolver estimulantes rompecabezas, acertijos y atractivos desaf\u00edos fotogr\u00e1ficos. A medida que avanza el juego de exploraci\u00f3n, los jugadores se adentran en la cautivadora historia de la ciudad, su vibrante cultura y detalles poco conocidos, brindando una experiencia de aprendizaje completa pero entretenida. El juego es una opci\u00f3n fant\u00e1stica tanto para turistas que desean familiarizarse con Hannover como para los lugare\u00f1os que desean ver su ciudad desde una nueva perspectiva. El juego se adapta perfectamente a todos \u2013 desde jugadores solitarios, parejas que buscan una experiencia de cita \u00fanica, hasta familias y grupos de amigos que buscan una actividad recreativa compartida.<\/p>\n","protected":false},"excerpt":{"rendered":"<p>\u00a1Sum\u00e9rgete en los Tesoros Ocultos de Hannover! Recorre una ciudad donde la innovaci\u00f3n se encuentra con una rica herencia, desde jardines reales hasta rascacielos ultramodernos. Sigue las pistas a trav\u00e9s de su diverso paisaje, \u00a1Hannover te sorprender\u00e1 con cada paso que des!<\/p>\n","protected":false},"featured_media":18535,"template":"","meta":{"_acf_changed":false,"_yoast_wpseo_focuskw":"Secrets of Hannover","_yoast_wpseo_metadesc":"Secrets of Hannover. Juega a un City Game autoguiado y explora la ciudad a trav\u00e9s de rompecabezas, acertijos y desaf\u00edos. \u00a1Juega a tu propio ritmo y descubre como un local!","_kad_blocks_custom_css":"","_kad_blocks_head_custom_js":"","_kad_blocks_body_custom_js":"","_kad_blocks_footer_custom_js":"","ghostkit_customizer_options":"","ghostkit_custom_css":"","ghostkit_custom_js_head":"","ghostkit_custom_js_foot":"","ghostkit_typography":"","_kad_post_transparent":"","_kad_post_title":"","_kad_post_layout":"","_kad_post_sidebar_id":"","_kad_post_content_style":"","_kad_post_vertical_padding":"","_kad_post_feature":"","_kad_post_feature_position":"","_kad_post_header":false,"_kad_post_footer":false,"_kad_post_classname":"","_links_to":"","_links_to_target":""},"game-concept":[711],"location":[605],"product_brand":[],"product_cat":[666],"product_tag":[],"class_list":{"0":"post-65145","1":"product","2":"type-product","3":"status-publish","4":"has-post-thumbnail","6":"game-concept-secrets","7":"location-hannover","8":"product_cat-sin-categorizar","10":"first","11":"instock","12":"shipping-taxable","13":"purchasable","14":"product-type-simple","15":"entry","16":"content-bg","17":"loop-entry"},"acf":{"full_bokun_product_name":"Self-Guided Secrets of Hanover Exploration Game","location_name":"Hannover","bokun_calendar_widget_code":"<script type=\"text\/javascript\" src=\"https:\/\/widgets.bokun.io\/assets\/javascripts\/apps\/build\/BokunWidgetsLoader.js?bookingChannelUUID=a1e93e96-5232-4734-a595-28405f4b5a31\" async><\/script>\n     \n    <div class=\"bokunWidget\" data-src=\"https:\/\/widgets.bokun.io\/online-sales\/a1e93e96-5232-4734-a595-28405f4b5a31\/experience-calendar\/918896\"><\/div>\n    <noscript>Please enable javascript in your browser to book<\/noscript>","bokun_button_widget_code":"<script type=\"text\/javascript\" src=\"https:\/\/widgets.bokun.io\/assets\/javascripts\/apps\/build\/BokunWidgetsLoader.js?bookingChannelUUID=a1e93e96-5232-4734-a595-28405f4b5a31\" async><\/script>\n      <style> #bokun_ed001e45_5927_4f62_b470_ca766338d083 { display: inline-block; padding: .4em 1em; background: #47b82e; border-radius: 999999px; box-shadow: none; font-weight: 600; font-size: 24px; text-decoration: none; text-align: center; color: #FFFFFF; border:none; cursor: pointer; transition: background .2s ease; } #bokun_ed001e45_5927_4f62_b470_ca766338d083:hover{ background: #2f7b1f; } #bokun_ed001e45_5927_4f62_b470_ca766338d083:active{ background: #378f24; } <\/style> <button class=\"bokunButton\" disabled id=bokun_ed001e45_5927_4f62_b470_ca766338d083 data-src=\"https:\/\/widgets.bokun.io\/online-sales\/a1e93e96-5232-4734-a595-28405f4b5a31\/experience-calendar\/918896?partialView=1\" data-testid=\"widget-book-button\" > Book now <\/button> ","what_you\u2019ll_experience_during_the_game":"En las encantadoras calles de Hannover, el City Game despliega una cautivadora mezcla de exploraci\u00f3n y juego. Esta experiencia inmersiva es mucho m\u00e1s que un simple recorrido tur\u00edstico, llev\u00e1ndote no solo por los sitios ic\u00f3nicos sino tambi\u00e9n por las joyas ocultas de Hannover. Ad\u00e9ntrate en la rica historia del centro hist\u00f3rico de Hannover, pasea por las encantadoras calles del Casco Antiguo y marav\u00edllate con la belleza arquitect\u00f3nica del Nuevo Ayuntamiento, enclavado en el coraz\u00f3n de la ciudad. El juego es m\u00e1s que navegaci\u00f3n \u2013 es una oportunidad para explorar los rincones y recovecos de la ciudad, ofreciendo una inmersi\u00f3n profunda en su cultura e historia.\n\nMientras paseas por la ciudad, el juego te desaf\u00eda con una diversa selecci\u00f3n de rompecabezas, acertijos y creativas tareas fotogr\u00e1ficas. Estos desaf\u00edos no solo son divertidos, tambi\u00e9n te ayudan a ganar puntos, desbloquear pistas \u00fatiles y acercarte a desentra\u00f1ar el enigma final. No te preocupes por resolver todo de una vez, el juego se puede pausar cuando lo desees y reanudar a tu conveniencia. Para aquellos que disfrutan de la emoci\u00f3n de la competici\u00f3n, apunta alto y compite por un puesto en la tabla de clasificaci\u00f3n. El City Game Hannover transforma verdaderamente el turismo en una experiencia de exploraci\u00f3n inolvidable.","how_to_play":"Reserva el Juego de Exploraci\u00f3n, revisa el correo electr\u00f3nico que te enviaremos con las instrucciones sencillas, descarga la aplicaci\u00f3n Loquiz, accede al Juego de Exploraci\u00f3n y \u00a1estar\u00e1s listo para comenzar tu experiencia de juego!","start_location":"Hanover, Holzmarkt","available_languages":["en"],"players_per_group":"1-4","duration":"1.5-2 hours","image_overlay_color_image":"https:\/\/testwebsite.citygame.com\/wp-content\/blogs.dir\/1\/files\/sites\/62\/2026\/01\/SecretsColor.svg","image_overlay_game_logo":"https:\/\/testwebsite.citygame.com\/wp-content\/blogs.dir\/1\/files\/sites\/62\/2026\/01\/SecretsLogo.png","city_page":15340,"woocommerce_general_content":null},"yoast_head":"<!-- This site is optimized with the Yoast SEO Premium plugin v26.2 (Yoast SEO v26.3) - https:\/\/yoast.com\/wordpress\/plugins\/seo\/ -->\n<title>Secrets of Hannover - City Game<\/title>\n<meta name=\"description\" content=\"Secrets of Hannover. Juega a un City Game autoguiado y explora la ciudad a trav\u00e9s de rompecabezas, acertijos y desaf\u00edos. \u00a1Juega a tu propio ritmo y descubre como un local!\" \/>\n<meta name=\"robots\" content=\"noindex, follow, max-snippet:-1, max-image-preview:large, max-video-preview:-1\" \/>\n<meta property=\"og:locale\" content=\"es_ES\" \/>\n<meta property=\"og:type\" content=\"article\" \/>\n<meta property=\"og:title\" content=\"Secrets of Hannover\" \/>\n<meta property=\"og:description\" content=\"Secrets of Hannover. Juega a un City Game autoguiado y explora la ciudad a trav\u00e9s de rompecabezas, acertijos y desaf\u00edos. \u00a1Juega a tu propio ritmo y descubre como un local!\" \/>\n<meta property=\"og:url\" content=\"https:\/\/testwebsite.citygame.com\/es\/games\/hannover\/secrets-of-hannover\/\" \/>\n<meta property=\"og:site_name\" content=\"City Game\" \/>\n<meta property=\"article:publisher\" content=\"https:\/\/www.facebook.com\/profile.php?id=100086426226253\" \/>\n<meta property=\"article:modified_time\" content=\"2026-04-08T15:23:07+00:00\" \/>\n<meta property=\"og:image\" content=\"https:\/\/testwebsite.citygame.com\/wp-content\/blogs.dir\/1\/files\/sites\/62\/2026\/03\/group-of-friends-playing-city-game-hannover-old-town.jpg\" \/>\n\t<meta property=\"og:image:width\" content=\"1024\" \/>\n\t<meta property=\"og:image:height\" content=\"1024\" \/>\n\t<meta property=\"og:image:type\" content=\"image\/jpeg\" \/>\n<meta name=\"twitter:card\" content=\"summary_large_image\" \/>\n<meta name=\"twitter:label1\" content=\"Tiempo de lectura\" \/>\n\t<meta name=\"twitter:data1\" content=\"1 minuto\" \/>\n<script type=\"application\/ld+json\" class=\"yoast-schema-graph\">{\"@context\":\"https:\/\/schema.org\",\"@graph\":[{\"@type\":\"WebPage\",\"@id\":\"https:\/\/testwebsite.citygame.com\/es\/games\/hannover\/secrets-of-hannover\/\",\"url\":\"https:\/\/testwebsite.citygame.com\/es\/games\/hannover\/secrets-of-hannover\/\",\"name\":\"Secrets of Hannover - City Game\",\"isPartOf\":{\"@id\":\"https:\/\/testwebsite.upevents.nl\/#website\"},\"primaryImageOfPage\":{\"@id\":\"https:\/\/testwebsite.citygame.com\/es\/games\/hannover\/secrets-of-hannover\/#primaryimage\"},\"image\":{\"@id\":\"https:\/\/testwebsite.citygame.com\/es\/games\/hannover\/secrets-of-hannover\/#primaryimage\"},\"thumbnailUrl\":\"https:\/\/testwebsite.citygame.com\/wp-content\/blogs.dir\/1\/files\/sites\/62\/2026\/03\/group-of-friends-playing-city-game-hannover-old-town.jpg\",\"datePublished\":\"2026-03-13T12:31:32+00:00\",\"dateModified\":\"2026-04-08T15:23:07+00:00\",\"description\":\"Secrets of Hannover. Juega a un City Game autoguiado y explora la ciudad a trav\u00e9s de rompecabezas, acertijos y desaf\u00edos. \u00a1Juega a tu propio ritmo y descubre como un local!\",\"breadcrumb\":{\"@id\":\"https:\/\/testwebsite.citygame.com\/es\/games\/hannover\/secrets-of-hannover\/#breadcrumb\"},\"inLanguage\":\"es\",\"potentialAction\":[{\"@type\":\"ReadAction\",\"target\":[\"https:\/\/testwebsite.citygame.com\/es\/games\/hannover\/secrets-of-hannover\/\"]}]},{\"@type\":\"ImageObject\",\"inLanguage\":\"es\",\"@id\":\"https:\/\/testwebsite.citygame.com\/es\/games\/hannover\/secrets-of-hannover\/#primaryimage\",\"url\":\"https:\/\/testwebsite.citygame.com\/wp-content\/blogs.dir\/1\/files\/sites\/62\/2026\/03\/group-of-friends-playing-city-game-hannover-old-town.jpg\",\"contentUrl\":\"https:\/\/testwebsite.citygame.com\/wp-content\/blogs.dir\/1\/files\/sites\/62\/2026\/03\/group-of-friends-playing-city-game-hannover-old-town.jpg\",\"width\":1024,\"height\":1024,\"caption\":\"A group of friends enjoys a sunny day exploring the historic streets of Hannover.\"},{\"@type\":\"BreadcrumbList\",\"@id\":\"https:\/\/testwebsite.citygame.com\/es\/games\/hannover\/secrets-of-hannover\/#breadcrumb\",\"itemListElement\":[{\"@type\":\"ListItem\",\"position\":1,\"name\":\"Home\",\"item\":\"https:\/\/testwebsite.citygame.com\/es\/\"},{\"@type\":\"ListItem\",\"position\":2,\"name\":\"Shop\",\"item\":\"https:\/\/testwebsite.citygame.com\/shop\/\"},{\"@type\":\"ListItem\",\"position\":3,\"name\":\"Secrets of Hannover\"}]},{\"@type\":\"WebSite\",\"@id\":\"https:\/\/testwebsite.upevents.nl\/#website\",\"url\":\"https:\/\/testwebsite.upevents.nl\/\",\"name\":\"City Game\",\"description\":\"\",\"publisher\":{\"@id\":\"https:\/\/testwebsite.upevents.nl\/#organization\"},\"alternateName\":\"citygame.com\",\"potentialAction\":[{\"@type\":\"SearchAction\",\"target\":{\"@type\":\"EntryPoint\",\"urlTemplate\":\"https:\/\/testwebsite.upevents.nl\/?s={search_term_string}\"},\"query-input\":{\"@type\":\"PropertyValueSpecification\",\"valueRequired\":true,\"valueName\":\"search_term_string\"}}],\"inLanguage\":\"es\"},{\"@type\":[\"Organization\",\"Place\"],\"@id\":\"https:\/\/testwebsite.upevents.nl\/#organization\",\"name\":\"City Game\",\"alternateName\":\"citygame.com\",\"url\":\"https:\/\/testwebsite.upevents.nl\/\",\"logo\":{\"@id\":\"https:\/\/testwebsite.citygame.com\/es\/games\/hannover\/secrets-of-hannover\/#local-main-organization-logo\"},\"image\":{\"@id\":\"https:\/\/testwebsite.citygame.com\/es\/games\/hannover\/secrets-of-hannover\/#local-main-organization-logo\"},\"sameAs\":[\"https:\/\/www.facebook.com\/profile.php?id=100086426226253\",\"https:\/\/www.instagram.com\/citygame_com\",\"https:\/\/www.tiktok.com\/@citygamecom\/\",\"https:\/\/www.linkedin.com\/company\/citygame-com\"],\"description\":\"Turn any city into a playground with our interactive City Games and self-guided tours. Fun, flexible, and ideal for groups and team building.\",\"telephone\":[],\"openingHoursSpecification\":[{\"@type\":\"OpeningHoursSpecification\",\"dayOfWeek\":[\"Monday\",\"Tuesday\",\"Wednesday\",\"Thursday\",\"Friday\",\"Saturday\",\"Sunday\"],\"opens\":\"09:00\",\"closes\":\"17:00\"}]},{\"@type\":\"ImageObject\",\"inLanguage\":\"es\",\"@id\":\"https:\/\/testwebsite.citygame.com\/es\/games\/hannover\/secrets-of-hannover\/#local-main-organization-logo\",\"url\":\"https:\/\/testwebsite.citygame.com\/wp-content\/blogs.dir\/1\/files\/sites\/62\/2025\/10\/CG_LOGO-City-Game.png\",\"contentUrl\":\"https:\/\/testwebsite.citygame.com\/wp-content\/blogs.dir\/1\/files\/sites\/62\/2025\/10\/CG_LOGO-City-Game.png\",\"width\":351,\"height\":377,\"caption\":\"City Game\"}]}<\/script>\n<!-- \/ Yoast SEO Premium plugin. -->","yoast_head_json":{"title":"Secrets of Hannover - City Game","description":"Secrets of Hannover. Juega a un City Game autoguiado y explora la ciudad a trav\u00e9s de rompecabezas, acertijos y desaf\u00edos. \u00a1Juega a tu propio ritmo y descubre como un local!","robots":{"index":"noindex","follow":"follow","max-snippet":"max-snippet:-1","max-image-preview":"max-image-preview:large","max-video-preview":"max-video-preview:-1"},"og_locale":"es_ES","og_type":"article","og_title":"Secrets of Hannover","og_description":"Secrets of Hannover. Juega a un City Game autoguiado y explora la ciudad a trav\u00e9s de rompecabezas, acertijos y desaf\u00edos. \u00a1Juega a tu propio ritmo y descubre como un local!","og_url":"https:\/\/testwebsite.citygame.com\/es\/games\/hannover\/secrets-of-hannover\/","og_site_name":"City Game","article_publisher":"https:\/\/www.facebook.com\/profile.php?id=100086426226253","article_modified_time":"2026-04-08T15:23:07+00:00","og_image":[{"width":1024,"height":1024,"url":"https:\/\/testwebsite.citygame.com\/wp-content\/blogs.dir\/1\/files\/sites\/62\/2026\/03\/group-of-friends-playing-city-game-hannover-old-town.jpg","type":"image\/jpeg"}],"twitter_card":"summary_large_image","twitter_misc":{"Tiempo de lectura":"1 minuto"},"schema":{"@context":"https:\/\/schema.org","@graph":[{"@type":"WebPage","@id":"https:\/\/testwebsite.citygame.com\/es\/games\/hannover\/secrets-of-hannover\/","url":"https:\/\/testwebsite.citygame.com\/es\/games\/hannover\/secrets-of-hannover\/","name":"Secrets of Hannover - City Game","isPartOf":{"@id":"https:\/\/testwebsite.upevents.nl\/#website"},"primaryImageOfPage":{"@id":"https:\/\/testwebsite.citygame.com\/es\/games\/hannover\/secrets-of-hannover\/#primaryimage"},"image":{"@id":"https:\/\/testwebsite.citygame.com\/es\/games\/hannover\/secrets-of-hannover\/#primaryimage"},"thumbnailUrl":"https:\/\/testwebsite.citygame.com\/wp-content\/blogs.dir\/1\/files\/sites\/62\/2026\/03\/group-of-friends-playing-city-game-hannover-old-town.jpg","datePublished":"2026-03-13T12:31:32+00:00","dateModified":"2026-04-08T15:23:07+00:00","description":"Secrets of Hannover. Juega a un City Game autoguiado y explora la ciudad a trav\u00e9s de rompecabezas, acertijos y desaf\u00edos. \u00a1Juega a tu propio ritmo y descubre como un local!","breadcrumb":{"@id":"https:\/\/testwebsite.citygame.com\/es\/games\/hannover\/secrets-of-hannover\/#breadcrumb"},"inLanguage":"es","potentialAction":[{"@type":"ReadAction","target":["https:\/\/testwebsite.citygame.com\/es\/games\/hannover\/secrets-of-hannover\/"]}]},{"@type":"ImageObject","inLanguage":"es","@id":"https:\/\/testwebsite.citygame.com\/es\/games\/hannover\/secrets-of-hannover\/#primaryimage","url":"https:\/\/testwebsite.citygame.com\/wp-content\/blogs.dir\/1\/files\/sites\/62\/2026\/03\/group-of-friends-playing-city-game-hannover-old-town.jpg","contentUrl":"https:\/\/testwebsite.citygame.com\/wp-content\/blogs.dir\/1\/files\/sites\/62\/2026\/03\/group-of-friends-playing-city-game-hannover-old-town.jpg","width":1024,"height":1024,"caption":"A group of friends enjoys a sunny day exploring the historic streets of Hannover."},{"@type":"BreadcrumbList","@id":"https:\/\/testwebsite.citygame.com\/es\/games\/hannover\/secrets-of-hannover\/#breadcrumb","itemListElement":[{"@type":"ListItem","position":1,"name":"Home","item":"https:\/\/testwebsite.citygame.com\/es\/"},{"@type":"ListItem","position":2,"name":"Shop","item":"https:\/\/testwebsite.citygame.com\/shop\/"},{"@type":"ListItem","position":3,"name":"Secrets of Hannover"}]},{"@type":"WebSite","@id":"https:\/\/testwebsite.upevents.nl\/#website","url":"https:\/\/testwebsite.upevents.nl\/","name":"City Game","description":"","publisher":{"@id":"https:\/\/testwebsite.upevents.nl\/#organization"},"alternateName":"citygame.com","potentialAction":[{"@type":"SearchAction","target":{"@type":"EntryPoint","urlTemplate":"https:\/\/testwebsite.upevents.nl\/?s={search_term_string}"},"query-input":{"@type":"PropertyValueSpecification","valueRequired":true,"valueName":"search_term_string"}}],"inLanguage":"es"},{"@type":["Organization","Place"],"@id":"https:\/\/testwebsite.upevents.nl\/#organization","name":"City Game","alternateName":"citygame.com","url":"https:\/\/testwebsite.upevents.nl\/","logo":{"@id":"https:\/\/testwebsite.citygame.com\/es\/games\/hannover\/secrets-of-hannover\/#local-main-organization-logo"},"image":{"@id":"https:\/\/testwebsite.citygame.com\/es\/games\/hannover\/secrets-of-hannover\/#local-main-organization-logo"},"sameAs":["https:\/\/www.facebook.com\/profile.php?id=100086426226253","https:\/\/www.instagram.com\/citygame_com","https:\/\/www.tiktok.com\/@citygamecom\/","https:\/\/www.linkedin.com\/company\/citygame-com"],"description":"Turn any city into a playground with our interactive City Games and self-guided tours. Fun, flexible, and ideal for groups and team building.","telephone":[],"openingHoursSpecification":[{"@type":"OpeningHoursSpecification","dayOfWeek":["Monday","Tuesday","Wednesday","Thursday","Friday","Saturday","Sunday"],"opens":"09:00","closes":"17:00"}]},{"@type":"ImageObject","inLanguage":"es","@id":"https:\/\/testwebsite.citygame.com\/es\/games\/hannover\/secrets-of-hannover\/#local-main-organization-logo","url":"https:\/\/testwebsite.citygame.com\/wp-content\/blogs.dir\/1\/files\/sites\/62\/2025\/10\/CG_LOGO-City-Game.png","contentUrl":"https:\/\/testwebsite.citygame.com\/wp-content\/blogs.dir\/1\/files\/sites\/62\/2025\/10\/CG_LOGO-City-Game.png","width":351,"height":377,"caption":"City Game"}]}},"taxonomy_info":{"game-concept":[{"value":711,"label":"Secrets"}],"location":[{"value":605,"label":"Hannover"}],"product_cat":[{"value":666,"label":"Sin categorizar"}]},"featured_image_src_large":["https:\/\/testwebsite.citygame.com\/wp-content\/blogs.dir\/1\/files\/sites\/62\/2026\/03\/group-of-friends-playing-city-game-hannover-old-town.jpg",1024,1024,false],"author_info":[],"comment_info":"","_links":{"self":[{"href":"https:\/\/testwebsite.citygame.com\/es\/wp-json\/wp\/v2\/product\/65145","targetHints":{"allow":["GET"]}}],"collection":[{"href":"https:\/\/testwebsite.citygame.com\/es\/wp-json\/wp\/v2\/product"}],"about":[{"href":"https:\/\/testwebsite.citygame.com\/es\/wp-json\/wp\/v2\/types\/product"}],"acf:post":[{"embeddable":true,"href":"https:\/\/testwebsite.citygame.com\/es\/wp-json\/wp\/v2\/pages\/15340"}],"wp:featuredmedia":[{"embeddable":true,"href":"https:\/\/testwebsite.citygame.com\/es\/wp-json\/wp\/v2\/media\/18535"}],"wp:attachment":[{"href":"https:\/\/testwebsite.citygame.com\/es\/wp-json\/wp\/v2\/media?parent=65145"}],"wp:term":[{"taxonomy":"game-concept","embeddable":true,"href":"https:\/\/testwebsite.citygame.com\/es\/wp-json\/wp\/v2\/game-concept?post=65145"},{"taxonomy":"location","embeddable":true,"href":"https:\/\/testwebsite.citygame.com\/es\/wp-json\/wp\/v2\/location?post=65145"},{"taxonomy":"product_brand","embeddable":true,"href":"https:\/\/testwebsite.citygame.com\/es\/wp-json\/wp\/v2\/product_brand?post=65145"},{"taxonomy":"product_cat","embeddable":true,"href":"https:\/\/testwebsite.citygame.com\/es\/wp-json\/wp\/v2\/product_cat?post=65145"},{"taxonomy":"product_tag","embeddable":true,"href":"https:\/\/testwebsite.citygame.com\/es\/wp-json\/wp\/v2\/product_tag?post=65145"}],"curies":[{"name":"wp","href":"https:\/\/api.w.org\/{rel}","templated":true}]}}