{"id":64328,"date":"2026-02-06T09:23:28","date_gmt":"2026-02-06T09:23:28","guid":{"rendered":"https:\/\/testwebsite.citygame.com\/games\/unknown-location\/sherlock-holmes-san-jose\/"},"modified":"2026-04-08T13:39:52","modified_gmt":"2026-04-08T13:39:52","slug":"sherlock-holmes-san-jose","status":"publish","type":"product","link":"https:\/\/testwebsite.citygame.com\/es\/games\/san-jose\/sherlock-holmes-san-jose\/","title":{"rendered":"Sherlock Holmes San Jos\u00e9"},"content":{"rendered":"<p>Ad\u00e9ntrate en el mundo de Sherlock Holmes con este City Game de misterio de asesinato autoguiado y basado en una historia, ambientado en el centro de San Jos\u00e9. Mientras el pac\u00edfico Festival de la Libertad se ve destrozado por un impactante asesinato, asumir\u00e1s el papel de detective, movi\u00e9ndote por la ciudad mientras desentra\u00f1as una apasionante investigaci\u00f3n. Sigue una narrativa din\u00e1mica a tu propio ritmo, reuniendo pistas, resolviendo acertijos e interrogando a sospechosos digitales en una experiencia de misterio totalmente inmersiva.<\/p>\n","protected":false},"excerpt":{"rendered":"<p>Ad\u00e9ntrate en otro reino, convi\u00e9rtete en el mism\u00edsimo Sherlock Holmes y sum\u00e9rgete en un emocionante misterio de asesinato autoguiado ambientado en San Jos\u00e9. \u00a1Con tu equipo, ad\u00e9ntrate en el intrincado laberinto de pistas, resuelve desafiantes acertijos y descubre la sombr\u00eda verdad en esta aventura de alto riesgo!<\/p>\n","protected":false},"featured_media":11171,"template":"","meta":{"_acf_changed":false,"_yoast_wpseo_focuskw":"Sherlock Holmes San Jos\u00e9","_yoast_wpseo_metadesc":"Sherlock Holmes San Jos\u00e9. \u00a1Juega a un City Game de misterio de asesinato autoguiado, resuelve acertijos, sigue pistas y descubre al asesino a tu propio ritmo!","_kad_blocks_custom_css":"","_kad_blocks_head_custom_js":"","_kad_blocks_body_custom_js":"","_kad_blocks_footer_custom_js":"","ghostkit_customizer_options":"","ghostkit_custom_css":"","ghostkit_custom_js_head":"","ghostkit_custom_js_foot":"","ghostkit_typography":"","_kad_post_transparent":"","_kad_post_title":"","_kad_post_layout":"","_kad_post_sidebar_id":"","_kad_post_content_style":"","_kad_post_vertical_padding":"","_kad_post_feature":"","_kad_post_feature_position":"","_kad_post_header":false,"_kad_post_footer":false,"_kad_post_classname":"","_links_to":"","_links_to_target":""},"game-concept":[772],"location":[355],"product_brand":[],"product_cat":[666],"product_tag":[],"class_list":{"0":"post-64328","1":"product","2":"type-product","3":"status-publish","4":"has-post-thumbnail","6":"game-concept-sherlock","7":"location-san-jose","8":"product_cat-sin-categorizar","10":"first","11":"instock","12":"shipping-taxable","13":"purchasable","14":"product-type-simple","15":"entry","16":"content-bg","17":"loop-entry"},"acf":{"full_bokun_product_name":"San Jos\u00e9 Self-Guided Sherlock Holmes Murder Mystery Game","location_name":"San Jos\u00e9","bokun_calendar_widget_code":"<script type=\"text\/javascript\" src=\"https:\/\/widgets.bokun.io\/assets\/javascripts\/apps\/build\/BokunWidgetsLoader.js?bookingChannelUUID=a1e93e96-5232-4734-a595-28405f4b5a31\" async><\/script>\n     \n    <div class=\"bokunWidget\" data-src=\"https:\/\/widgets.bokun.io\/online-sales\/a1e93e96-5232-4734-a595-28405f4b5a31\/experience-calendar\/734110\"><\/div>\n    <noscript>Please enable javascript in your browser to book<\/noscript>","bokun_button_widget_code":"<script type=\"text\/javascript\" src=\"https:\/\/widgets.bokun.io\/assets\/javascripts\/apps\/build\/BokunWidgetsLoader.js?bookingChannelUUID=a1e93e96-5232-4734-a595-28405f4b5a31\" async><\/script>\n      <style> #bokun_ed001e45_5927_4f62_b470_ca766338d083 { display: inline-block; padding: .4em 1em; background: #47b82e; border-radius: 999999px; box-shadow: none; font-weight: 600; font-size: 24px; text-decoration: none; text-align: center; color: #FFFFFF; border:none; cursor: pointer; transition: background .2s ease; } #bokun_ed001e45_5927_4f62_b470_ca766338d083:hover{ background: #2f7b1f; } #bokun_ed001e45_5927_4f62_b470_ca766338d083:active{ background: #378f24; } <\/style> <button class=\"bokunButton\" disabled id=bokun_ed001e45_5927_4f62_b470_ca766338d083 data-src=\"https:\/\/widgets.bokun.io\/online-sales\/a1e93e96-5232-4734-a595-28405f4b5a31\/experience-calendar\/734110?partialView=1\" data-testid=\"widget-book-button\" > Book now <\/button> ","what_you\u2019ll_experience_during_the_game":"Te adentrar\u00e1s en una apasionante historia de detectives ambientada en el coraz\u00f3n de San Jos\u00e9, donde cada esquina podr\u00eda esconder una pista y cada calle podr\u00eda acercarte a la verdad. A medida que la investigaci\u00f3n se desarrolla, navegas por la ciudad a tu propio ritmo, desentra\u00f1ando el misterio detr\u00e1s de un asesinato que interrumpi\u00f3 el Festival de la Libertad. Tu viaje est\u00e1 completamente impulsado por la historia, coloc\u00e1ndote en el papel de investigador mientras sigues pistas, resuelves acertijos y te adaptas a giros inesperados que dan forma a tu caso.\n\nEn el camino, interrogas a sospechosos digitales, analizas coartadas y expones contradicciones que desaf\u00edan tus instintos como detective. La observaci\u00f3n, la l\u00f3gica y la deducci\u00f3n ser\u00e1n tus herramientas m\u00e1s fuertes a medida que conectas piezas de evidencia ocultas en todo San Jos\u00e9. Eres libre de pausar y reanudar cuando lo desees, manteniendo el control total sobre el ritmo de tu investigaci\u00f3n. Si juegas en equipo, incluso puedes poner a prueba tus habilidades de forma competitiva para ver qui\u00e9n descubre la verdad primero, pero el misterio sigue siendo tuyo para resolver.","how_to_play":"Juega en solitario o con amigos, familiares o colegas en equipos de hasta cuatro personas por dispositivo. Despu\u00e9s de reservar, recibir\u00e1s un correo electr\u00f3nico con las instrucciones y todo lo que necesitas.","start_location":"San Jos\u00e9, Plaza de la Cultura","available_languages":["en","es","fr","de","it","nl"],"players_per_group":"1-4","duration":"1.5-2 hours","image_overlay_color_image":"https:\/\/testwebsite.citygame.com\/wp-content\/blogs.dir\/1\/files\/sites\/62\/2026\/01\/SherlockColor.svg","image_overlay_game_logo":"https:\/\/testwebsite.citygame.com\/wp-content\/blogs.dir\/1\/files\/sites\/62\/2026\/01\/SherlockLogo.png","city_page":11169,"woocommerce_general_content":null},"yoast_head":"<!-- This site is optimized with the Yoast SEO Premium plugin v26.2 (Yoast SEO v26.3) - https:\/\/yoast.com\/wordpress\/plugins\/seo\/ -->\n<title>Sherlock Holmes San Jos\u00e9 - City Game<\/title>\n<meta name=\"description\" content=\"Sherlock Holmes San Jos\u00e9. \u00a1Juega a un City Game de misterio de asesinato autoguiado, resuelve acertijos, sigue pistas y descubre al asesino a tu propio ritmo!\" \/>\n<meta name=\"robots\" content=\"noindex, follow, max-snippet:-1, max-image-preview:large, max-video-preview:-1\" \/>\n<meta property=\"og:locale\" content=\"es_ES\" \/>\n<meta property=\"og:type\" content=\"article\" \/>\n<meta property=\"og:title\" content=\"Sherlock Holmes San Jos\u00e9\" \/>\n<meta property=\"og:description\" content=\"Sherlock Holmes San Jos\u00e9. \u00a1Juega a un City Game de misterio de asesinato autoguiado, resuelve acertijos, sigue pistas y descubre al asesino a tu propio ritmo!\" \/>\n<meta property=\"og:url\" content=\"https:\/\/testwebsite.citygame.com\/es\/games\/san-jose\/sherlock-holmes-san-jose\/\" \/>\n<meta property=\"og:site_name\" content=\"City Game\" \/>\n<meta property=\"article:publisher\" content=\"https:\/\/www.facebook.com\/profile.php?id=100086426226253\" \/>\n<meta property=\"article:modified_time\" content=\"2026-04-08T13:39:52+00:00\" \/>\n<meta property=\"og:image\" content=\"https:\/\/testwebsite.citygame.com\/wp-content\/blogs.dir\/1\/files\/sites\/62\/2026\/02\/group-of-friends-playing-city-game-on-phone-san-jose.jpg\" \/>\n\t<meta property=\"og:image:width\" content=\"1344\" \/>\n\t<meta property=\"og:image:height\" content=\"768\" \/>\n\t<meta property=\"og:image:type\" content=\"image\/jpeg\" \/>\n<meta name=\"twitter:card\" content=\"summary_large_image\" \/>\n<script type=\"application\/ld+json\" class=\"yoast-schema-graph\">{\"@context\":\"https:\/\/schema.org\",\"@graph\":[{\"@type\":\"WebPage\",\"@id\":\"https:\/\/testwebsite.citygame.com\/es\/games\/san-jose\/sherlock-holmes-san-jose\/\",\"url\":\"https:\/\/testwebsite.citygame.com\/es\/games\/san-jose\/sherlock-holmes-san-jose\/\",\"name\":\"Sherlock Holmes San Jos\u00e9 - City Game\",\"isPartOf\":{\"@id\":\"https:\/\/testwebsite.upevents.nl\/#website\"},\"primaryImageOfPage\":{\"@id\":\"https:\/\/testwebsite.citygame.com\/es\/games\/san-jose\/sherlock-holmes-san-jose\/#primaryimage\"},\"image\":{\"@id\":\"https:\/\/testwebsite.citygame.com\/es\/games\/san-jose\/sherlock-holmes-san-jose\/#primaryimage\"},\"thumbnailUrl\":\"https:\/\/testwebsite.citygame.com\/wp-content\/blogs.dir\/1\/files\/sites\/62\/2026\/02\/group-of-friends-playing-city-game-on-phone-san-jose.jpg\",\"datePublished\":\"2026-02-06T09:23:28+00:00\",\"dateModified\":\"2026-04-08T13:39:52+00:00\",\"description\":\"Sherlock Holmes San Jos\u00e9. \u00a1Juega a un City Game de misterio de asesinato autoguiado, resuelve acertijos, sigue pistas y descubre al asesino a tu propio ritmo!\",\"breadcrumb\":{\"@id\":\"https:\/\/testwebsite.citygame.com\/es\/games\/san-jose\/sherlock-holmes-san-jose\/#breadcrumb\"},\"inLanguage\":\"es\",\"potentialAction\":[{\"@type\":\"ReadAction\",\"target\":[\"https:\/\/testwebsite.citygame.com\/es\/games\/san-jose\/sherlock-holmes-san-jose\/\"]}]},{\"@type\":\"ImageObject\",\"inLanguage\":\"es\",\"@id\":\"https:\/\/testwebsite.citygame.com\/es\/games\/san-jose\/sherlock-holmes-san-jose\/#primaryimage\",\"url\":\"https:\/\/testwebsite.citygame.com\/wp-content\/blogs.dir\/1\/files\/sites\/62\/2026\/02\/group-of-friends-playing-city-game-on-phone-san-jose.jpg\",\"contentUrl\":\"https:\/\/testwebsite.citygame.com\/wp-content\/blogs.dir\/1\/files\/sites\/62\/2026\/02\/group-of-friends-playing-city-game-on-phone-san-jose.jpg\",\"width\":1344,\"height\":768,\"caption\":\"A group of friends collaborates while looking at an app on a smartphone on a city street.\"},{\"@type\":\"BreadcrumbList\",\"@id\":\"https:\/\/testwebsite.citygame.com\/es\/games\/san-jose\/sherlock-holmes-san-jose\/#breadcrumb\",\"itemListElement\":[{\"@type\":\"ListItem\",\"position\":1,\"name\":\"Home\",\"item\":\"https:\/\/testwebsite.citygame.com\/es\/\"},{\"@type\":\"ListItem\",\"position\":2,\"name\":\"Shop\",\"item\":\"https:\/\/testwebsite.citygame.com\/shop\/\"},{\"@type\":\"ListItem\",\"position\":3,\"name\":\"Sherlock Holmes San Jos\u00e9\"}]},{\"@type\":\"WebSite\",\"@id\":\"https:\/\/testwebsite.upevents.nl\/#website\",\"url\":\"https:\/\/testwebsite.upevents.nl\/\",\"name\":\"City Game\",\"description\":\"\",\"publisher\":{\"@id\":\"https:\/\/testwebsite.upevents.nl\/#organization\"},\"alternateName\":\"citygame.com\",\"potentialAction\":[{\"@type\":\"SearchAction\",\"target\":{\"@type\":\"EntryPoint\",\"urlTemplate\":\"https:\/\/testwebsite.upevents.nl\/?s={search_term_string}\"},\"query-input\":{\"@type\":\"PropertyValueSpecification\",\"valueRequired\":true,\"valueName\":\"search_term_string\"}}],\"inLanguage\":\"es\"},{\"@type\":[\"Organization\",\"Place\"],\"@id\":\"https:\/\/testwebsite.upevents.nl\/#organization\",\"name\":\"City Game\",\"alternateName\":\"citygame.com\",\"url\":\"https:\/\/testwebsite.upevents.nl\/\",\"logo\":{\"@id\":\"https:\/\/testwebsite.citygame.com\/es\/games\/san-jose\/sherlock-holmes-san-jose\/#local-main-organization-logo\"},\"image\":{\"@id\":\"https:\/\/testwebsite.citygame.com\/es\/games\/san-jose\/sherlock-holmes-san-jose\/#local-main-organization-logo\"},\"sameAs\":[\"https:\/\/www.facebook.com\/profile.php?id=100086426226253\",\"https:\/\/www.instagram.com\/citygame_com\",\"https:\/\/www.tiktok.com\/@citygamecom\/\",\"https:\/\/www.linkedin.com\/company\/citygame-com\"],\"description\":\"Turn any city into a playground with our interactive City Games and self-guided tours. Fun, flexible, and ideal for groups and team building.\",\"telephone\":[],\"openingHoursSpecification\":[{\"@type\":\"OpeningHoursSpecification\",\"dayOfWeek\":[\"Monday\",\"Tuesday\",\"Wednesday\",\"Thursday\",\"Friday\",\"Saturday\",\"Sunday\"],\"opens\":\"09:00\",\"closes\":\"17:00\"}]},{\"@type\":\"ImageObject\",\"inLanguage\":\"es\",\"@id\":\"https:\/\/testwebsite.citygame.com\/es\/games\/san-jose\/sherlock-holmes-san-jose\/#local-main-organization-logo\",\"url\":\"https:\/\/testwebsite.citygame.com\/wp-content\/blogs.dir\/1\/files\/sites\/62\/2025\/10\/CG_LOGO-City-Game.png\",\"contentUrl\":\"https:\/\/testwebsite.citygame.com\/wp-content\/blogs.dir\/1\/files\/sites\/62\/2025\/10\/CG_LOGO-City-Game.png\",\"width\":351,\"height\":377,\"caption\":\"City Game\"}]}<\/script>\n<!-- \/ Yoast SEO Premium plugin. -->","yoast_head_json":{"title":"Sherlock Holmes San Jos\u00e9 - City Game","description":"Sherlock Holmes San Jos\u00e9. \u00a1Juega a un City Game de misterio de asesinato autoguiado, resuelve acertijos, sigue pistas y descubre al asesino a tu propio ritmo!","robots":{"index":"noindex","follow":"follow","max-snippet":"max-snippet:-1","max-image-preview":"max-image-preview:large","max-video-preview":"max-video-preview:-1"},"og_locale":"es_ES","og_type":"article","og_title":"Sherlock Holmes San Jos\u00e9","og_description":"Sherlock Holmes San Jos\u00e9. \u00a1Juega a un City Game de misterio de asesinato autoguiado, resuelve acertijos, sigue pistas y descubre al asesino a tu propio ritmo!","og_url":"https:\/\/testwebsite.citygame.com\/es\/games\/san-jose\/sherlock-holmes-san-jose\/","og_site_name":"City Game","article_publisher":"https:\/\/www.facebook.com\/profile.php?id=100086426226253","article_modified_time":"2026-04-08T13:39:52+00:00","og_image":[{"width":1344,"height":768,"url":"https:\/\/testwebsite.citygame.com\/wp-content\/blogs.dir\/1\/files\/sites\/62\/2026\/02\/group-of-friends-playing-city-game-on-phone-san-jose.jpg","type":"image\/jpeg"}],"twitter_card":"summary_large_image","schema":{"@context":"https:\/\/schema.org","@graph":[{"@type":"WebPage","@id":"https:\/\/testwebsite.citygame.com\/es\/games\/san-jose\/sherlock-holmes-san-jose\/","url":"https:\/\/testwebsite.citygame.com\/es\/games\/san-jose\/sherlock-holmes-san-jose\/","name":"Sherlock Holmes San Jos\u00e9 - City Game","isPartOf":{"@id":"https:\/\/testwebsite.upevents.nl\/#website"},"primaryImageOfPage":{"@id":"https:\/\/testwebsite.citygame.com\/es\/games\/san-jose\/sherlock-holmes-san-jose\/#primaryimage"},"image":{"@id":"https:\/\/testwebsite.citygame.com\/es\/games\/san-jose\/sherlock-holmes-san-jose\/#primaryimage"},"thumbnailUrl":"https:\/\/testwebsite.citygame.com\/wp-content\/blogs.dir\/1\/files\/sites\/62\/2026\/02\/group-of-friends-playing-city-game-on-phone-san-jose.jpg","datePublished":"2026-02-06T09:23:28+00:00","dateModified":"2026-04-08T13:39:52+00:00","description":"Sherlock Holmes San Jos\u00e9. \u00a1Juega a un City Game de misterio de asesinato autoguiado, resuelve acertijos, sigue pistas y descubre al asesino a tu propio ritmo!","breadcrumb":{"@id":"https:\/\/testwebsite.citygame.com\/es\/games\/san-jose\/sherlock-holmes-san-jose\/#breadcrumb"},"inLanguage":"es","potentialAction":[{"@type":"ReadAction","target":["https:\/\/testwebsite.citygame.com\/es\/games\/san-jose\/sherlock-holmes-san-jose\/"]}]},{"@type":"ImageObject","inLanguage":"es","@id":"https:\/\/testwebsite.citygame.com\/es\/games\/san-jose\/sherlock-holmes-san-jose\/#primaryimage","url":"https:\/\/testwebsite.citygame.com\/wp-content\/blogs.dir\/1\/files\/sites\/62\/2026\/02\/group-of-friends-playing-city-game-on-phone-san-jose.jpg","contentUrl":"https:\/\/testwebsite.citygame.com\/wp-content\/blogs.dir\/1\/files\/sites\/62\/2026\/02\/group-of-friends-playing-city-game-on-phone-san-jose.jpg","width":1344,"height":768,"caption":"A group of friends collaborates while looking at an app on a smartphone on a city street."},{"@type":"BreadcrumbList","@id":"https:\/\/testwebsite.citygame.com\/es\/games\/san-jose\/sherlock-holmes-san-jose\/#breadcrumb","itemListElement":[{"@type":"ListItem","position":1,"name":"Home","item":"https:\/\/testwebsite.citygame.com\/es\/"},{"@type":"ListItem","position":2,"name":"Shop","item":"https:\/\/testwebsite.citygame.com\/shop\/"},{"@type":"ListItem","position":3,"name":"Sherlock Holmes San Jos\u00e9"}]},{"@type":"WebSite","@id":"https:\/\/testwebsite.upevents.nl\/#website","url":"https:\/\/testwebsite.upevents.nl\/","name":"City Game","description":"","publisher":{"@id":"https:\/\/testwebsite.upevents.nl\/#organization"},"alternateName":"citygame.com","potentialAction":[{"@type":"SearchAction","target":{"@type":"EntryPoint","urlTemplate":"https:\/\/testwebsite.upevents.nl\/?s={search_term_string}"},"query-input":{"@type":"PropertyValueSpecification","valueRequired":true,"valueName":"search_term_string"}}],"inLanguage":"es"},{"@type":["Organization","Place"],"@id":"https:\/\/testwebsite.upevents.nl\/#organization","name":"City Game","alternateName":"citygame.com","url":"https:\/\/testwebsite.upevents.nl\/","logo":{"@id":"https:\/\/testwebsite.citygame.com\/es\/games\/san-jose\/sherlock-holmes-san-jose\/#local-main-organization-logo"},"image":{"@id":"https:\/\/testwebsite.citygame.com\/es\/games\/san-jose\/sherlock-holmes-san-jose\/#local-main-organization-logo"},"sameAs":["https:\/\/www.facebook.com\/profile.php?id=100086426226253","https:\/\/www.instagram.com\/citygame_com","https:\/\/www.tiktok.com\/@citygamecom\/","https:\/\/www.linkedin.com\/company\/citygame-com"],"description":"Turn any city into a playground with our interactive City Games and self-guided tours. Fun, flexible, and ideal for groups and team building.","telephone":[],"openingHoursSpecification":[{"@type":"OpeningHoursSpecification","dayOfWeek":["Monday","Tuesday","Wednesday","Thursday","Friday","Saturday","Sunday"],"opens":"09:00","closes":"17:00"}]},{"@type":"ImageObject","inLanguage":"es","@id":"https:\/\/testwebsite.citygame.com\/es\/games\/san-jose\/sherlock-holmes-san-jose\/#local-main-organization-logo","url":"https:\/\/testwebsite.citygame.com\/wp-content\/blogs.dir\/1\/files\/sites\/62\/2025\/10\/CG_LOGO-City-Game.png","contentUrl":"https:\/\/testwebsite.citygame.com\/wp-content\/blogs.dir\/1\/files\/sites\/62\/2025\/10\/CG_LOGO-City-Game.png","width":351,"height":377,"caption":"City Game"}]}},"taxonomy_info":{"game-concept":[{"value":772,"label":"Sherlock"}],"location":[{"value":355,"label":"San Jose"}],"product_cat":[{"value":666,"label":"Sin categorizar"}]},"featured_image_src_large":["https:\/\/testwebsite.citygame.com\/wp-content\/blogs.dir\/1\/files\/sites\/62\/2026\/02\/group-of-friends-playing-city-game-on-phone-san-jose-1024x585.jpg",1024,585,true],"author_info":[],"comment_info":"","_links":{"self":[{"href":"https:\/\/testwebsite.citygame.com\/es\/wp-json\/wp\/v2\/product\/64328","targetHints":{"allow":["GET"]}}],"collection":[{"href":"https:\/\/testwebsite.citygame.com\/es\/wp-json\/wp\/v2\/product"}],"about":[{"href":"https:\/\/testwebsite.citygame.com\/es\/wp-json\/wp\/v2\/types\/product"}],"acf:post":[{"embeddable":true,"href":"https:\/\/testwebsite.citygame.com\/es\/wp-json\/wp\/v2\/pages\/11169"}],"wp:featuredmedia":[{"embeddable":true,"href":"https:\/\/testwebsite.citygame.com\/es\/wp-json\/wp\/v2\/media\/11171"}],"wp:attachment":[{"href":"https:\/\/testwebsite.citygame.com\/es\/wp-json\/wp\/v2\/media?parent=64328"}],"wp:term":[{"taxonomy":"game-concept","embeddable":true,"href":"https:\/\/testwebsite.citygame.com\/es\/wp-json\/wp\/v2\/game-concept?post=64328"},{"taxonomy":"location","embeddable":true,"href":"https:\/\/testwebsite.citygame.com\/es\/wp-json\/wp\/v2\/location?post=64328"},{"taxonomy":"product_brand","embeddable":true,"href":"https:\/\/testwebsite.citygame.com\/es\/wp-json\/wp\/v2\/product_brand?post=64328"},{"taxonomy":"product_cat","embeddable":true,"href":"https:\/\/testwebsite.citygame.com\/es\/wp-json\/wp\/v2\/product_cat?post=64328"},{"taxonomy":"product_tag","embeddable":true,"href":"https:\/\/testwebsite.citygame.com\/es\/wp-json\/wp\/v2\/product_tag?post=64328"}],"curies":[{"name":"wp","href":"https:\/\/api.w.org\/{rel}","templated":true}]}}