{"id":61469,"date":"2026-02-05T12:48:51","date_gmt":"2026-02-05T12:48:51","guid":{"rendered":"https:\/\/testwebsite.citygame.com\/games\/unknown-location\/sherlock-holmes-florence\/"},"modified":"2026-04-08T07:47:30","modified_gmt":"2026-04-08T07:47:30","slug":"sherlock-holmes-florence","status":"publish","type":"product","link":"https:\/\/testwebsite.citygame.com\/es\/games\/florence\/sherlock-holmes-florence\/","title":{"rendered":"Sherlock Holmes Florence"},"content":{"rendered":"<p>Ad\u00e9ntrate en el mundo de Sherlock Holmes con este City Game autoguiado de misterio y asesinato, con una narrativa envolvente, ambientado en el centro hist\u00f3rico de Florencia. Mientras las calles se convierten en el escenario de tu investigaci\u00f3n, desentra\u00f1ar\u00e1s un caso apasionante que implica un asesinato cometido durante el Liberty Festival. Siguiendo una narrativa que se va desarrollando, t\u00fa y tus compa\u00f1eros detectives recopilar\u00e9is pistas, resolver\u00e9is intrincados puzles e interrogar\u00e9is a sospechosos digitales a vuestro propio ritmo, sumergi\u00e9ndoos por completo en el misterio.<\/p>\n","protected":false},"excerpt":{"rendered":"<p>Ponte en la piel del mundialmente famoso detective, Sherlock Holmes, en esta experiencia autoguiada de misterio y asesinato ambientada en Florencia. Sigue el rastro de las pistas, resuelve intrincados puzles con tu equipo y descubre la verdad detr\u00e1s del crimen antes de que se acabe el tiempo.<\/p>\n","protected":false},"featured_media":10783,"template":"","meta":{"_acf_changed":false,"_yoast_wpseo_focuskw":"Sherlock Holmes Florence","_yoast_wpseo_metadesc":"Sherlock Holmes Florence. Juega un City Game autoguiado de misterio y asesinato, resuelve puzles, sigue pistas y descubre al asesino a tu propio ritmo.","_kad_blocks_custom_css":"","_kad_blocks_head_custom_js":"","_kad_blocks_body_custom_js":"","_kad_blocks_footer_custom_js":"","ghostkit_customizer_options":"","ghostkit_custom_css":"","ghostkit_custom_js_head":"","ghostkit_custom_js_foot":"","ghostkit_typography":"","_kad_post_transparent":"","_kad_post_title":"","_kad_post_layout":"","_kad_post_sidebar_id":"","_kad_post_content_style":"","_kad_post_vertical_padding":"","_kad_post_feature":"","_kad_post_feature_position":"","_kad_post_header":false,"_kad_post_footer":false,"_kad_post_classname":"","_links_to":"","_links_to_target":""},"game-concept":[772],"location":[165],"product_brand":[],"product_cat":[666],"product_tag":[],"class_list":{"0":"post-61469","1":"product","2":"type-product","3":"status-publish","4":"has-post-thumbnail","6":"game-concept-sherlock","7":"location-florence","8":"product_cat-sin-categorizar","10":"first","11":"instock","12":"shipping-taxable","13":"purchasable","14":"product-type-simple","15":"entry","16":"content-bg","17":"loop-entry"},"acf":{"full_bokun_product_name":"Florence Self-Guided Sherlock Holmes Murder Mystery Game","location_name":"Florence","bokun_calendar_widget_code":"<script type=\"text\/javascript\" src=\"https:\/\/widgets.bokun.io\/assets\/javascripts\/apps\/build\/BokunWidgetsLoader.js?bookingChannelUUID=a1e93e96-5232-4734-a595-28405f4b5a31\" async><\/script>\n     \n    <div class=\"bokunWidget\" data-src=\"https:\/\/widgets.bokun.io\/online-sales\/a1e93e96-5232-4734-a595-28405f4b5a31\/experience-calendar\/733148\"><\/div>\n    <noscript>Please enable javascript in your browser to book<\/noscript>","bokun_button_widget_code":"<script type=\"text\/javascript\" src=\"https:\/\/widgets.bokun.io\/assets\/javascripts\/apps\/build\/BokunWidgetsLoader.js?bookingChannelUUID=a1e93e96-5232-4734-a595-28405f4b5a31\" async><\/script>\n      <style> #bokun_ed001e45_5927_4f62_b470_ca766338d083 { display: inline-block; padding: .4em 1em; background: #47b82e; border-radius: 999999px; box-shadow: none; font-weight: 600; font-size: 24px; text-decoration: none; text-align: center; color: #FFFFFF; border:none; cursor: pointer; transition: background .2s ease; } #bokun_ed001e45_5927_4f62_b470_ca766338d083:hover{ background: #2f7b1f; } #bokun_ed001e45_5927_4f62_b470_ca766338d083:active{ background: #378f24; } <\/style> <button class=\"bokunButton\" disabled id=bokun_ed001e45_5927_4f62_b470_ca766338d083 data-src=\"https:\/\/widgets.bokun.io\/online-sales\/a1e93e96-5232-4734-a595-28405f4b5a31\/experience-calendar\/733148?partialView=1\" data-testid=\"widget-book-button\" > Book now <\/button> ","what_you\u2019ll_experience_during_the_game":"Te adentrar\u00e1s en una apasionante historia de detectives ambientada en el coraz\u00f3n de Florencia, donde un impactante asesinato en el Liberty Festival se desvela en una compleja red de secretos y mentiras. A medida que te mueves por la ciudad, la investigaci\u00f3n se desarrolla pieza por pieza, sumergi\u00e9ndote m\u00e1s profundamente en un misterio totalmente guiado por la historia que exige tus mejores habilidades de observaci\u00f3n y tus instintos m\u00e1s agudos.\n\nBuscar\u00e1s pistas ocultas, resolver\u00e1s puzles cada vez m\u00e1s intrincados y te enfrentar\u00e1s a sospechosos digitales mientras analizas sus coartadas en busca de contradicciones. Los giros en el caso desafiar\u00e1n tu l\u00f3gica, y cada descubrimiento te acercar\u00e1 un paso m\u00e1s a desvelar la verdad. El pensamiento cr\u00edtico y la deducci\u00f3n son esenciales, pero t\u00fa tienes el control del ritmo: puedes pausar y continuar cuando quieras. Ya sea que trabajes como detective solitario o compitas en equipos, el misterio de Florencia espera tu investigaci\u00f3n.","how_to_play":"Juega solo o con amigos, familiares o compa\u00f1eros de trabajo en equipos de hasta cuatro personas por dispositivo. Despu\u00e9s de reservar, recibir\u00e1s un correo electr\u00f3nico con las instrucciones y todo lo que necesitas.","start_location":"Florence, Piazza della Signoria","available_languages":["en","es","fr","de","it","nl"],"players_per_group":"1-4","duration":"1.5-2 hours","image_overlay_color_image":"https:\/\/testwebsite.citygame.com\/wp-content\/blogs.dir\/1\/files\/sites\/62\/2026\/01\/SherlockColor.svg","image_overlay_game_logo":"https:\/\/testwebsite.citygame.com\/wp-content\/blogs.dir\/1\/files\/sites\/62\/2026\/01\/SherlockLogo.png","city_page":7430,"woocommerce_general_content":null},"yoast_head":"<!-- This site is optimized with the Yoast SEO Premium plugin v26.2 (Yoast SEO v26.3) - https:\/\/yoast.com\/wordpress\/plugins\/seo\/ -->\n<title>Sherlock Holmes Florence - City Game<\/title>\n<meta name=\"description\" content=\"Sherlock Holmes Florence. Juega un City Game autoguiado de misterio y asesinato, resuelve puzles, sigue pistas y descubre al asesino a tu propio ritmo.\" \/>\n<meta name=\"robots\" content=\"noindex, follow, max-snippet:-1, max-image-preview:large, max-video-preview:-1\" \/>\n<meta property=\"og:locale\" content=\"es_ES\" \/>\n<meta property=\"og:type\" content=\"article\" \/>\n<meta property=\"og:title\" content=\"Sherlock Holmes Florence\" \/>\n<meta property=\"og:description\" content=\"Sherlock Holmes Florence. Juega un City Game autoguiado de misterio y asesinato, resuelve puzles, sigue pistas y descubre al asesino a tu propio ritmo.\" \/>\n<meta property=\"og:url\" content=\"https:\/\/testwebsite.citygame.com\/es\/games\/florence\/sherlock-holmes-florence\/\" \/>\n<meta property=\"og:site_name\" content=\"City Game\" \/>\n<meta property=\"article:publisher\" content=\"https:\/\/www.facebook.com\/profile.php?id=100086426226253\" \/>\n<meta property=\"article:modified_time\" content=\"2026-04-08T07:47:30+00:00\" \/>\n<meta property=\"og:image\" content=\"https:\/\/testwebsite.citygame.com\/wp-content\/blogs.dir\/1\/files\/sites\/62\/2026\/02\/florence-woman-playing-sherlock-city-game-on-phone.jpg\" \/>\n\t<meta property=\"og:image:width\" content=\"1344\" \/>\n\t<meta property=\"og:image:height\" content=\"768\" \/>\n\t<meta property=\"og:image:type\" content=\"image\/jpeg\" \/>\n<meta name=\"twitter:card\" content=\"summary_large_image\" \/>\n<script type=\"application\/ld+json\" class=\"yoast-schema-graph\">{\"@context\":\"https:\/\/schema.org\",\"@graph\":[{\"@type\":\"WebPage\",\"@id\":\"https:\/\/testwebsite.citygame.com\/es\/games\/florence\/sherlock-holmes-florence\/\",\"url\":\"https:\/\/testwebsite.citygame.com\/es\/games\/florence\/sherlock-holmes-florence\/\",\"name\":\"Sherlock Holmes Florence - City Game\",\"isPartOf\":{\"@id\":\"https:\/\/testwebsite.upevents.nl\/#website\"},\"primaryImageOfPage\":{\"@id\":\"https:\/\/testwebsite.citygame.com\/es\/games\/florence\/sherlock-holmes-florence\/#primaryimage\"},\"image\":{\"@id\":\"https:\/\/testwebsite.citygame.com\/es\/games\/florence\/sherlock-holmes-florence\/#primaryimage\"},\"thumbnailUrl\":\"https:\/\/testwebsite.citygame.com\/wp-content\/blogs.dir\/1\/files\/sites\/62\/2026\/02\/florence-woman-playing-sherlock-city-game-on-phone.jpg\",\"datePublished\":\"2026-02-05T12:48:51+00:00\",\"dateModified\":\"2026-04-08T07:47:30+00:00\",\"description\":\"Sherlock Holmes Florence. Juega un City Game autoguiado de misterio y asesinato, resuelve puzles, sigue pistas y descubre al asesino a tu propio ritmo.\",\"breadcrumb\":{\"@id\":\"https:\/\/testwebsite.citygame.com\/es\/games\/florence\/sherlock-holmes-florence\/#breadcrumb\"},\"inLanguage\":\"es\",\"potentialAction\":[{\"@type\":\"ReadAction\",\"target\":[\"https:\/\/testwebsite.citygame.com\/es\/games\/florence\/sherlock-holmes-florence\/\"]}]},{\"@type\":\"ImageObject\",\"inLanguage\":\"es\",\"@id\":\"https:\/\/testwebsite.citygame.com\/es\/games\/florence\/sherlock-holmes-florence\/#primaryimage\",\"url\":\"https:\/\/testwebsite.citygame.com\/wp-content\/blogs.dir\/1\/files\/sites\/62\/2026\/02\/florence-woman-playing-sherlock-city-game-on-phone.jpg\",\"contentUrl\":\"https:\/\/testwebsite.citygame.com\/wp-content\/blogs.dir\/1\/files\/sites\/62\/2026\/02\/florence-woman-playing-sherlock-city-game-on-phone.jpg\",\"width\":1344,\"height\":768,\"caption\":\"A player interacts with the Sherlock city game app while exploring the historic streets of Florence.\"},{\"@type\":\"BreadcrumbList\",\"@id\":\"https:\/\/testwebsite.citygame.com\/es\/games\/florence\/sherlock-holmes-florence\/#breadcrumb\",\"itemListElement\":[{\"@type\":\"ListItem\",\"position\":1,\"name\":\"Home\",\"item\":\"https:\/\/testwebsite.citygame.com\/es\/\"},{\"@type\":\"ListItem\",\"position\":2,\"name\":\"Shop\",\"item\":\"https:\/\/testwebsite.citygame.com\/shop\/\"},{\"@type\":\"ListItem\",\"position\":3,\"name\":\"Sherlock Holmes Florence\"}]},{\"@type\":\"WebSite\",\"@id\":\"https:\/\/testwebsite.upevents.nl\/#website\",\"url\":\"https:\/\/testwebsite.upevents.nl\/\",\"name\":\"City Game\",\"description\":\"\",\"publisher\":{\"@id\":\"https:\/\/testwebsite.upevents.nl\/#organization\"},\"alternateName\":\"citygame.com\",\"potentialAction\":[{\"@type\":\"SearchAction\",\"target\":{\"@type\":\"EntryPoint\",\"urlTemplate\":\"https:\/\/testwebsite.upevents.nl\/?s={search_term_string}\"},\"query-input\":{\"@type\":\"PropertyValueSpecification\",\"valueRequired\":true,\"valueName\":\"search_term_string\"}}],\"inLanguage\":\"es\"},{\"@type\":[\"Organization\",\"Place\"],\"@id\":\"https:\/\/testwebsite.upevents.nl\/#organization\",\"name\":\"City Game\",\"alternateName\":\"citygame.com\",\"url\":\"https:\/\/testwebsite.upevents.nl\/\",\"logo\":{\"@id\":\"https:\/\/testwebsite.citygame.com\/es\/games\/florence\/sherlock-holmes-florence\/#local-main-organization-logo\"},\"image\":{\"@id\":\"https:\/\/testwebsite.citygame.com\/es\/games\/florence\/sherlock-holmes-florence\/#local-main-organization-logo\"},\"sameAs\":[\"https:\/\/www.facebook.com\/profile.php?id=100086426226253\",\"https:\/\/www.instagram.com\/citygame_com\",\"https:\/\/www.tiktok.com\/@citygamecom\/\",\"https:\/\/www.linkedin.com\/company\/citygame-com\"],\"description\":\"Turn any city into a playground with our interactive City Games and self-guided tours. Fun, flexible, and ideal for groups and team building.\",\"telephone\":[],\"openingHoursSpecification\":[{\"@type\":\"OpeningHoursSpecification\",\"dayOfWeek\":[\"Monday\",\"Tuesday\",\"Wednesday\",\"Thursday\",\"Friday\",\"Saturday\",\"Sunday\"],\"opens\":\"09:00\",\"closes\":\"17:00\"}]},{\"@type\":\"ImageObject\",\"inLanguage\":\"es\",\"@id\":\"https:\/\/testwebsite.citygame.com\/es\/games\/florence\/sherlock-holmes-florence\/#local-main-organization-logo\",\"url\":\"https:\/\/testwebsite.citygame.com\/wp-content\/blogs.dir\/1\/files\/sites\/62\/2025\/10\/CG_LOGO-City-Game.png\",\"contentUrl\":\"https:\/\/testwebsite.citygame.com\/wp-content\/blogs.dir\/1\/files\/sites\/62\/2025\/10\/CG_LOGO-City-Game.png\",\"width\":351,\"height\":377,\"caption\":\"City Game\"}]}<\/script>\n<!-- \/ Yoast SEO Premium plugin. -->","yoast_head_json":{"title":"Sherlock Holmes Florence - City Game","description":"Sherlock Holmes Florence. Juega un City Game autoguiado de misterio y asesinato, resuelve puzles, sigue pistas y descubre al asesino a tu propio ritmo.","robots":{"index":"noindex","follow":"follow","max-snippet":"max-snippet:-1","max-image-preview":"max-image-preview:large","max-video-preview":"max-video-preview:-1"},"og_locale":"es_ES","og_type":"article","og_title":"Sherlock Holmes Florence","og_description":"Sherlock Holmes Florence. Juega un City Game autoguiado de misterio y asesinato, resuelve puzles, sigue pistas y descubre al asesino a tu propio ritmo.","og_url":"https:\/\/testwebsite.citygame.com\/es\/games\/florence\/sherlock-holmes-florence\/","og_site_name":"City Game","article_publisher":"https:\/\/www.facebook.com\/profile.php?id=100086426226253","article_modified_time":"2026-04-08T07:47:30+00:00","og_image":[{"width":1344,"height":768,"url":"https:\/\/testwebsite.citygame.com\/wp-content\/blogs.dir\/1\/files\/sites\/62\/2026\/02\/florence-woman-playing-sherlock-city-game-on-phone.jpg","type":"image\/jpeg"}],"twitter_card":"summary_large_image","schema":{"@context":"https:\/\/schema.org","@graph":[{"@type":"WebPage","@id":"https:\/\/testwebsite.citygame.com\/es\/games\/florence\/sherlock-holmes-florence\/","url":"https:\/\/testwebsite.citygame.com\/es\/games\/florence\/sherlock-holmes-florence\/","name":"Sherlock Holmes Florence - City Game","isPartOf":{"@id":"https:\/\/testwebsite.upevents.nl\/#website"},"primaryImageOfPage":{"@id":"https:\/\/testwebsite.citygame.com\/es\/games\/florence\/sherlock-holmes-florence\/#primaryimage"},"image":{"@id":"https:\/\/testwebsite.citygame.com\/es\/games\/florence\/sherlock-holmes-florence\/#primaryimage"},"thumbnailUrl":"https:\/\/testwebsite.citygame.com\/wp-content\/blogs.dir\/1\/files\/sites\/62\/2026\/02\/florence-woman-playing-sherlock-city-game-on-phone.jpg","datePublished":"2026-02-05T12:48:51+00:00","dateModified":"2026-04-08T07:47:30+00:00","description":"Sherlock Holmes Florence. Juega un City Game autoguiado de misterio y asesinato, resuelve puzles, sigue pistas y descubre al asesino a tu propio ritmo.","breadcrumb":{"@id":"https:\/\/testwebsite.citygame.com\/es\/games\/florence\/sherlock-holmes-florence\/#breadcrumb"},"inLanguage":"es","potentialAction":[{"@type":"ReadAction","target":["https:\/\/testwebsite.citygame.com\/es\/games\/florence\/sherlock-holmes-florence\/"]}]},{"@type":"ImageObject","inLanguage":"es","@id":"https:\/\/testwebsite.citygame.com\/es\/games\/florence\/sherlock-holmes-florence\/#primaryimage","url":"https:\/\/testwebsite.citygame.com\/wp-content\/blogs.dir\/1\/files\/sites\/62\/2026\/02\/florence-woman-playing-sherlock-city-game-on-phone.jpg","contentUrl":"https:\/\/testwebsite.citygame.com\/wp-content\/blogs.dir\/1\/files\/sites\/62\/2026\/02\/florence-woman-playing-sherlock-city-game-on-phone.jpg","width":1344,"height":768,"caption":"A player interacts with the Sherlock city game app while exploring the historic streets of Florence."},{"@type":"BreadcrumbList","@id":"https:\/\/testwebsite.citygame.com\/es\/games\/florence\/sherlock-holmes-florence\/#breadcrumb","itemListElement":[{"@type":"ListItem","position":1,"name":"Home","item":"https:\/\/testwebsite.citygame.com\/es\/"},{"@type":"ListItem","position":2,"name":"Shop","item":"https:\/\/testwebsite.citygame.com\/shop\/"},{"@type":"ListItem","position":3,"name":"Sherlock Holmes Florence"}]},{"@type":"WebSite","@id":"https:\/\/testwebsite.upevents.nl\/#website","url":"https:\/\/testwebsite.upevents.nl\/","name":"City Game","description":"","publisher":{"@id":"https:\/\/testwebsite.upevents.nl\/#organization"},"alternateName":"citygame.com","potentialAction":[{"@type":"SearchAction","target":{"@type":"EntryPoint","urlTemplate":"https:\/\/testwebsite.upevents.nl\/?s={search_term_string}"},"query-input":{"@type":"PropertyValueSpecification","valueRequired":true,"valueName":"search_term_string"}}],"inLanguage":"es"},{"@type":["Organization","Place"],"@id":"https:\/\/testwebsite.upevents.nl\/#organization","name":"City Game","alternateName":"citygame.com","url":"https:\/\/testwebsite.upevents.nl\/","logo":{"@id":"https:\/\/testwebsite.citygame.com\/es\/games\/florence\/sherlock-holmes-florence\/#local-main-organization-logo"},"image":{"@id":"https:\/\/testwebsite.citygame.com\/es\/games\/florence\/sherlock-holmes-florence\/#local-main-organization-logo"},"sameAs":["https:\/\/www.facebook.com\/profile.php?id=100086426226253","https:\/\/www.instagram.com\/citygame_com","https:\/\/www.tiktok.com\/@citygamecom\/","https:\/\/www.linkedin.com\/company\/citygame-com"],"description":"Turn any city into a playground with our interactive City Games and self-guided tours. Fun, flexible, and ideal for groups and team building.","telephone":[],"openingHoursSpecification":[{"@type":"OpeningHoursSpecification","dayOfWeek":["Monday","Tuesday","Wednesday","Thursday","Friday","Saturday","Sunday"],"opens":"09:00","closes":"17:00"}]},{"@type":"ImageObject","inLanguage":"es","@id":"https:\/\/testwebsite.citygame.com\/es\/games\/florence\/sherlock-holmes-florence\/#local-main-organization-logo","url":"https:\/\/testwebsite.citygame.com\/wp-content\/blogs.dir\/1\/files\/sites\/62\/2025\/10\/CG_LOGO-City-Game.png","contentUrl":"https:\/\/testwebsite.citygame.com\/wp-content\/blogs.dir\/1\/files\/sites\/62\/2025\/10\/CG_LOGO-City-Game.png","width":351,"height":377,"caption":"City Game"}]}},"taxonomy_info":{"game-concept":[{"value":772,"label":"Sherlock"}],"location":[{"value":165,"label":"Florence"}],"product_cat":[{"value":666,"label":"Sin categorizar"}]},"featured_image_src_large":["https:\/\/testwebsite.citygame.com\/wp-content\/blogs.dir\/1\/files\/sites\/62\/2026\/02\/florence-woman-playing-sherlock-city-game-on-phone-1024x585.jpg",1024,585,true],"author_info":[],"comment_info":"","_links":{"self":[{"href":"https:\/\/testwebsite.citygame.com\/es\/wp-json\/wp\/v2\/product\/61469","targetHints":{"allow":["GET"]}}],"collection":[{"href":"https:\/\/testwebsite.citygame.com\/es\/wp-json\/wp\/v2\/product"}],"about":[{"href":"https:\/\/testwebsite.citygame.com\/es\/wp-json\/wp\/v2\/types\/product"}],"acf:post":[{"embeddable":true,"href":"https:\/\/testwebsite.citygame.com\/es\/wp-json\/wp\/v2\/pages\/7430"}],"wp:featuredmedia":[{"embeddable":true,"href":"https:\/\/testwebsite.citygame.com\/es\/wp-json\/wp\/v2\/media\/10783"}],"wp:attachment":[{"href":"https:\/\/testwebsite.citygame.com\/es\/wp-json\/wp\/v2\/media?parent=61469"}],"wp:term":[{"taxonomy":"game-concept","embeddable":true,"href":"https:\/\/testwebsite.citygame.com\/es\/wp-json\/wp\/v2\/game-concept?post=61469"},{"taxonomy":"location","embeddable":true,"href":"https:\/\/testwebsite.citygame.com\/es\/wp-json\/wp\/v2\/location?post=61469"},{"taxonomy":"product_brand","embeddable":true,"href":"https:\/\/testwebsite.citygame.com\/es\/wp-json\/wp\/v2\/product_brand?post=61469"},{"taxonomy":"product_cat","embeddable":true,"href":"https:\/\/testwebsite.citygame.com\/es\/wp-json\/wp\/v2\/product_cat?post=61469"},{"taxonomy":"product_tag","embeddable":true,"href":"https:\/\/testwebsite.citygame.com\/es\/wp-json\/wp\/v2\/product_tag?post=61469"}],"curies":[{"name":"wp","href":"https:\/\/api.w.org\/{rel}","templated":true}]}}