{"id":60856,"date":"2026-02-05T11:30:18","date_gmt":"2026-02-05T11:30:18","guid":{"rendered":"https:\/\/testwebsite.citygame.com\/games\/unknown-location\/sherlock-holmes-bordeaux\/"},"modified":"2026-04-08T06:33:50","modified_gmt":"2026-04-08T06:33:50","slug":"sherlock-holmes-bordeaux","status":"publish","type":"product","link":"https:\/\/testwebsite.citygame.com\/es\/games\/bordeaux\/sherlock-holmes-bordeaux\/","title":{"rendered":"Sherlock Holmes Bordeaux"},"content":{"rendered":"<p>Ad\u00e9ntrate en el mundo de Sherlock Holmes con este City Game de misterio de asesinato autoguiado y basado en una historia, ambientado en el centro hist\u00f3rico de Burdeos. Mientras te mueves por las calles, seguir\u00e1s una narrativa en desarrollo que te convierte en el detective que investiga un espeluznante asesinato durante el Festival de la Libertad. Re\u00fane pistas, resuelve intrincados rompecabezas e interroga a sospechosos digitales a tu propio ritmo, todo mientras la rica atm\u00f3sfera de Burdeos te sumerge m\u00e1s profundamente en el misterio.<\/p>\n","protected":false},"excerpt":{"rendered":"<p>Ponte en la piel del maestro detective Sherlock Holmes, emb\u00e1rcate en un misterio de asesinato autoguiado ambientado en el coraz\u00f3n de Burdeos. Mientras sigues pistas esquivas, resuelves intrincados rompecabezas y unes la verdad, recuerda &#8211; cada decisi\u00f3n tiene un gran peso en la misi\u00f3n de tu equipo para desentra\u00f1ar este desaf\u00edo urgente y de alto riesgo.<\/p>\n","protected":false},"featured_media":10717,"template":"","meta":{"_acf_changed":false,"_yoast_wpseo_focuskw":"Sherlock Holmes Bordeaux","_yoast_wpseo_metadesc":"Sherlock Holmes Bordeaux. Juega un City Game de misterio de asesinato autoguiado, resuelve acertijos, sigue pistas y descubre al asesino a tu propio ritmo.","_kad_blocks_custom_css":"","_kad_blocks_head_custom_js":"","_kad_blocks_body_custom_js":"","_kad_blocks_footer_custom_js":"","ghostkit_customizer_options":"","ghostkit_custom_css":"","ghostkit_custom_js_head":"","ghostkit_custom_js_foot":"","ghostkit_typography":"","_kad_post_transparent":"","_kad_post_title":"","_kad_post_layout":"","_kad_post_sidebar_id":"","_kad_post_content_style":"","_kad_post_vertical_padding":"","_kad_post_feature":"","_kad_post_feature_position":"","_kad_post_header":false,"_kad_post_footer":false,"_kad_post_classname":"","_links_to":"","_links_to_target":""},"game-concept":[772],"location":[96],"product_brand":[],"product_cat":[666],"product_tag":[],"class_list":{"0":"post-60856","1":"product","2":"type-product","3":"status-publish","4":"has-post-thumbnail","6":"game-concept-sherlock","7":"location-bordeaux","8":"product_cat-sin-categorizar","10":"first","11":"instock","12":"shipping-taxable","13":"purchasable","14":"product-type-simple","15":"entry","16":"content-bg","17":"loop-entry"},"acf":{"full_bokun_product_name":"Bordeaux Self-Guided Sherlock Holmes Murder Mystery Game","location_name":"Bordeaux","bokun_calendar_widget_code":"<script type=\"text\/javascript\" src=\"https:\/\/widgets.bokun.io\/assets\/javascripts\/apps\/build\/BokunWidgetsLoader.js?bookingChannelUUID=a1e93e96-5232-4734-a595-28405f4b5a31\" async><\/script>\n     \n    <div class=\"bokunWidget\" data-src=\"https:\/\/widgets.bokun.io\/online-sales\/a1e93e96-5232-4734-a595-28405f4b5a31\/experience-calendar\/731679\"><\/div>\n    <noscript>Please enable javascript in your browser to book<\/noscript>","bokun_button_widget_code":"<script type=\"text\/javascript\" src=\"https:\/\/widgets.bokun.io\/assets\/javascripts\/apps\/build\/BokunWidgetsLoader.js?bookingChannelUUID=a1e93e96-5232-4734-a595-28405f4b5a31\" async><\/script>\n      <style> #bokun_ed001e45_5927_4f62_b470_ca766338d083 { display: inline-block; padding: .4em 1em; background: #47b82e; border-radius: 999999px; box-shadow: none; font-weight: 600; font-size: 24px; text-decoration: none; text-align: center; color: #FFFFFF; border:none; cursor: pointer; transition: background .2s ease; } #bokun_ed001e45_5927_4f62_b470_ca766338d083:hover{ background: #2f7b1f; } #bokun_ed001e45_5927_4f62_b470_ca766338d083:active{ background: #378f24; } <\/style> <button class=\"bokunButton\" disabled id=bokun_ed001e45_5927_4f62_b470_ca766338d083 data-src=\"https:\/\/widgets.bokun.io\/online-sales\/a1e93e96-5232-4734-a595-28405f4b5a31\/experience-calendar\/731679?partialView=1\" data-testid=\"widget-book-button\" > Book now <\/button> ","what_you\u2019ll_experience_during_the_game":"Ad\u00e9ntrate en una apasionante historia de detectives ambientada en el coraz\u00f3n de Burdeos, donde te convertir\u00e1s en Sherlock Holmes por un d\u00eda. A medida que el misterio se desarrolla, te mover\u00e1s por la ciudad, siguiendo los pasos del sospechoso y uniendo las pruebas relacionadas con un asesinato que conmocion\u00f3 el Festival de la Libertad. Tu papel es claro: interroga a sospechosos digitales, descubre contradicciones en sus coartadas y deja que una aguda observaci\u00f3n gu\u00ede tu pr\u00f3ximo movimiento.  \n\nCon cada nueva ubicaci\u00f3n, descubrir\u00e1s pistas ocultas, resolver\u00e1s intrincados rompecabezas y te enfrentar\u00e1s a giros inesperados en tu investigaci\u00f3n. La experiencia est\u00e1 totalmente impulsada por la historia, sumergi\u00e9ndote en un mundo que exige pensamiento cr\u00edtico y deducci\u00f3n cuidadosa. Puedes pausar el juego cuando quieras y continuar a tu propio ritmo, haci\u00e9ndolo tan flexible como atractivo. Si juegas en equipo, puedes intentar resolver el caso m\u00e1s r\u00e1pido que tus rivales, pero el verdadero desaf\u00edo reside en descubrir la verdad detr\u00e1s del crimen.","how_to_play":"Juega solo o con amigos, familiares o colegas en equipos de hasta cuatro personas por dispositivo. Despu\u00e9s de reservar, recibir\u00e1s un correo electr\u00f3nico con instrucciones con todo lo que necesitas.","start_location":"Place de la Bourse","available_languages":["en","es","fr","de","it","nl"],"players_per_group":"1-4","duration":"1.5-2 hours","image_overlay_color_image":"https:\/\/testwebsite.citygame.com\/wp-content\/blogs.dir\/1\/files\/sites\/62\/2026\/01\/SherlockColor.svg","image_overlay_game_logo":"https:\/\/testwebsite.citygame.com\/wp-content\/blogs.dir\/1\/files\/sites\/62\/2026\/01\/SherlockLogo.png","city_page":7323,"woocommerce_general_content":null},"yoast_head":"<!-- This site is optimized with the Yoast SEO Premium plugin v26.2 (Yoast SEO v26.3) - https:\/\/yoast.com\/wordpress\/plugins\/seo\/ -->\n<title>Sherlock Holmes Bordeaux - City Game<\/title>\n<meta name=\"description\" content=\"Sherlock Holmes Bordeaux. Juega un City Game de misterio de asesinato autoguiado, resuelve acertijos, sigue pistas y descubre al asesino a tu propio ritmo.\" \/>\n<meta name=\"robots\" content=\"noindex, follow, max-snippet:-1, max-image-preview:large, max-video-preview:-1\" \/>\n<meta property=\"og:locale\" content=\"es_ES\" \/>\n<meta property=\"og:type\" content=\"article\" \/>\n<meta property=\"og:title\" content=\"Sherlock Holmes Bordeaux\" \/>\n<meta property=\"og:description\" content=\"Sherlock Holmes Bordeaux. Juega un City Game de misterio de asesinato autoguiado, resuelve acertijos, sigue pistas y descubre al asesino a tu propio ritmo.\" \/>\n<meta property=\"og:url\" content=\"https:\/\/testwebsite.citygame.com\/es\/games\/bordeaux\/sherlock-holmes-bordeaux\/\" \/>\n<meta property=\"og:site_name\" content=\"City Game\" \/>\n<meta property=\"article:publisher\" content=\"https:\/\/www.facebook.com\/profile.php?id=100086426226253\" \/>\n<meta property=\"article:modified_time\" content=\"2026-04-08T06:33:50+00:00\" \/>\n<meta property=\"og:image\" content=\"https:\/\/testwebsite.citygame.com\/wp-content\/blogs.dir\/1\/files\/sites\/62\/2026\/02\/bordeaux-sherlock-game-player-woman-with-phone-on-old-town-street.jpg\" \/>\n\t<meta property=\"og:image:width\" content=\"1344\" \/>\n\t<meta property=\"og:image:height\" content=\"768\" \/>\n\t<meta property=\"og:image:type\" content=\"image\/jpeg\" \/>\n<meta name=\"twitter:card\" content=\"summary_large_image\" \/>\n<script type=\"application\/ld+json\" class=\"yoast-schema-graph\">{\"@context\":\"https:\/\/schema.org\",\"@graph\":[{\"@type\":\"WebPage\",\"@id\":\"https:\/\/testwebsite.citygame.com\/es\/games\/bordeaux\/sherlock-holmes-bordeaux\/\",\"url\":\"https:\/\/testwebsite.citygame.com\/es\/games\/bordeaux\/sherlock-holmes-bordeaux\/\",\"name\":\"Sherlock Holmes Bordeaux - City Game\",\"isPartOf\":{\"@id\":\"https:\/\/testwebsite.upevents.nl\/#website\"},\"primaryImageOfPage\":{\"@id\":\"https:\/\/testwebsite.citygame.com\/es\/games\/bordeaux\/sherlock-holmes-bordeaux\/#primaryimage\"},\"image\":{\"@id\":\"https:\/\/testwebsite.citygame.com\/es\/games\/bordeaux\/sherlock-holmes-bordeaux\/#primaryimage\"},\"thumbnailUrl\":\"https:\/\/testwebsite.citygame.com\/wp-content\/blogs.dir\/1\/files\/sites\/62\/2026\/02\/bordeaux-sherlock-game-player-woman-with-phone-on-old-town-street.jpg\",\"datePublished\":\"2026-02-05T11:30:18+00:00\",\"dateModified\":\"2026-04-08T06:33:50+00:00\",\"description\":\"Sherlock Holmes Bordeaux. Juega un City Game de misterio de asesinato autoguiado, resuelve acertijos, sigue pistas y descubre al asesino a tu propio ritmo.\",\"breadcrumb\":{\"@id\":\"https:\/\/testwebsite.citygame.com\/es\/games\/bordeaux\/sherlock-holmes-bordeaux\/#breadcrumb\"},\"inLanguage\":\"es\",\"potentialAction\":[{\"@type\":\"ReadAction\",\"target\":[\"https:\/\/testwebsite.citygame.com\/es\/games\/bordeaux\/sherlock-holmes-bordeaux\/\"]}]},{\"@type\":\"ImageObject\",\"inLanguage\":\"es\",\"@id\":\"https:\/\/testwebsite.citygame.com\/es\/games\/bordeaux\/sherlock-holmes-bordeaux\/#primaryimage\",\"url\":\"https:\/\/testwebsite.citygame.com\/wp-content\/blogs.dir\/1\/files\/sites\/62\/2026\/02\/bordeaux-sherlock-game-player-woman-with-phone-on-old-town-street.jpg\",\"contentUrl\":\"https:\/\/testwebsite.citygame.com\/wp-content\/blogs.dir\/1\/files\/sites\/62\/2026\/02\/bordeaux-sherlock-game-player-woman-with-phone-on-old-town-street.jpg\",\"width\":1344,\"height\":768,\"caption\":\"A player solves puzzles on her phone while exploring the historic streets of Bordeaux.\"},{\"@type\":\"BreadcrumbList\",\"@id\":\"https:\/\/testwebsite.citygame.com\/es\/games\/bordeaux\/sherlock-holmes-bordeaux\/#breadcrumb\",\"itemListElement\":[{\"@type\":\"ListItem\",\"position\":1,\"name\":\"Home\",\"item\":\"https:\/\/testwebsite.citygame.com\/es\/\"},{\"@type\":\"ListItem\",\"position\":2,\"name\":\"Shop\",\"item\":\"https:\/\/testwebsite.citygame.com\/shop\/\"},{\"@type\":\"ListItem\",\"position\":3,\"name\":\"Sherlock Holmes Bordeaux\"}]},{\"@type\":\"WebSite\",\"@id\":\"https:\/\/testwebsite.upevents.nl\/#website\",\"url\":\"https:\/\/testwebsite.upevents.nl\/\",\"name\":\"City Game\",\"description\":\"\",\"publisher\":{\"@id\":\"https:\/\/testwebsite.upevents.nl\/#organization\"},\"alternateName\":\"citygame.com\",\"potentialAction\":[{\"@type\":\"SearchAction\",\"target\":{\"@type\":\"EntryPoint\",\"urlTemplate\":\"https:\/\/testwebsite.upevents.nl\/?s={search_term_string}\"},\"query-input\":{\"@type\":\"PropertyValueSpecification\",\"valueRequired\":true,\"valueName\":\"search_term_string\"}}],\"inLanguage\":\"es\"},{\"@type\":[\"Organization\",\"Place\"],\"@id\":\"https:\/\/testwebsite.upevents.nl\/#organization\",\"name\":\"City Game\",\"alternateName\":\"citygame.com\",\"url\":\"https:\/\/testwebsite.upevents.nl\/\",\"logo\":{\"@id\":\"https:\/\/testwebsite.citygame.com\/es\/games\/bordeaux\/sherlock-holmes-bordeaux\/#local-main-organization-logo\"},\"image\":{\"@id\":\"https:\/\/testwebsite.citygame.com\/es\/games\/bordeaux\/sherlock-holmes-bordeaux\/#local-main-organization-logo\"},\"sameAs\":[\"https:\/\/www.facebook.com\/profile.php?id=100086426226253\",\"https:\/\/www.instagram.com\/citygame_com\",\"https:\/\/www.tiktok.com\/@citygamecom\/\",\"https:\/\/www.linkedin.com\/company\/citygame-com\"],\"description\":\"Turn any city into a playground with our interactive City Games and self-guided tours. Fun, flexible, and ideal for groups and team building.\",\"telephone\":[],\"openingHoursSpecification\":[{\"@type\":\"OpeningHoursSpecification\",\"dayOfWeek\":[\"Monday\",\"Tuesday\",\"Wednesday\",\"Thursday\",\"Friday\",\"Saturday\",\"Sunday\"],\"opens\":\"09:00\",\"closes\":\"17:00\"}]},{\"@type\":\"ImageObject\",\"inLanguage\":\"es\",\"@id\":\"https:\/\/testwebsite.citygame.com\/es\/games\/bordeaux\/sherlock-holmes-bordeaux\/#local-main-organization-logo\",\"url\":\"https:\/\/testwebsite.citygame.com\/wp-content\/blogs.dir\/1\/files\/sites\/62\/2025\/10\/CG_LOGO-City-Game.png\",\"contentUrl\":\"https:\/\/testwebsite.citygame.com\/wp-content\/blogs.dir\/1\/files\/sites\/62\/2025\/10\/CG_LOGO-City-Game.png\",\"width\":351,\"height\":377,\"caption\":\"City Game\"}]}<\/script>\n<!-- \/ Yoast SEO Premium plugin. -->","yoast_head_json":{"title":"Sherlock Holmes Bordeaux - City Game","description":"Sherlock Holmes Bordeaux. Juega un City Game de misterio de asesinato autoguiado, resuelve acertijos, sigue pistas y descubre al asesino a tu propio ritmo.","robots":{"index":"noindex","follow":"follow","max-snippet":"max-snippet:-1","max-image-preview":"max-image-preview:large","max-video-preview":"max-video-preview:-1"},"og_locale":"es_ES","og_type":"article","og_title":"Sherlock Holmes Bordeaux","og_description":"Sherlock Holmes Bordeaux. Juega un City Game de misterio de asesinato autoguiado, resuelve acertijos, sigue pistas y descubre al asesino a tu propio ritmo.","og_url":"https:\/\/testwebsite.citygame.com\/es\/games\/bordeaux\/sherlock-holmes-bordeaux\/","og_site_name":"City Game","article_publisher":"https:\/\/www.facebook.com\/profile.php?id=100086426226253","article_modified_time":"2026-04-08T06:33:50+00:00","og_image":[{"width":1344,"height":768,"url":"https:\/\/testwebsite.citygame.com\/wp-content\/blogs.dir\/1\/files\/sites\/62\/2026\/02\/bordeaux-sherlock-game-player-woman-with-phone-on-old-town-street.jpg","type":"image\/jpeg"}],"twitter_card":"summary_large_image","schema":{"@context":"https:\/\/schema.org","@graph":[{"@type":"WebPage","@id":"https:\/\/testwebsite.citygame.com\/es\/games\/bordeaux\/sherlock-holmes-bordeaux\/","url":"https:\/\/testwebsite.citygame.com\/es\/games\/bordeaux\/sherlock-holmes-bordeaux\/","name":"Sherlock Holmes Bordeaux - City Game","isPartOf":{"@id":"https:\/\/testwebsite.upevents.nl\/#website"},"primaryImageOfPage":{"@id":"https:\/\/testwebsite.citygame.com\/es\/games\/bordeaux\/sherlock-holmes-bordeaux\/#primaryimage"},"image":{"@id":"https:\/\/testwebsite.citygame.com\/es\/games\/bordeaux\/sherlock-holmes-bordeaux\/#primaryimage"},"thumbnailUrl":"https:\/\/testwebsite.citygame.com\/wp-content\/blogs.dir\/1\/files\/sites\/62\/2026\/02\/bordeaux-sherlock-game-player-woman-with-phone-on-old-town-street.jpg","datePublished":"2026-02-05T11:30:18+00:00","dateModified":"2026-04-08T06:33:50+00:00","description":"Sherlock Holmes Bordeaux. Juega un City Game de misterio de asesinato autoguiado, resuelve acertijos, sigue pistas y descubre al asesino a tu propio ritmo.","breadcrumb":{"@id":"https:\/\/testwebsite.citygame.com\/es\/games\/bordeaux\/sherlock-holmes-bordeaux\/#breadcrumb"},"inLanguage":"es","potentialAction":[{"@type":"ReadAction","target":["https:\/\/testwebsite.citygame.com\/es\/games\/bordeaux\/sherlock-holmes-bordeaux\/"]}]},{"@type":"ImageObject","inLanguage":"es","@id":"https:\/\/testwebsite.citygame.com\/es\/games\/bordeaux\/sherlock-holmes-bordeaux\/#primaryimage","url":"https:\/\/testwebsite.citygame.com\/wp-content\/blogs.dir\/1\/files\/sites\/62\/2026\/02\/bordeaux-sherlock-game-player-woman-with-phone-on-old-town-street.jpg","contentUrl":"https:\/\/testwebsite.citygame.com\/wp-content\/blogs.dir\/1\/files\/sites\/62\/2026\/02\/bordeaux-sherlock-game-player-woman-with-phone-on-old-town-street.jpg","width":1344,"height":768,"caption":"A player solves puzzles on her phone while exploring the historic streets of Bordeaux."},{"@type":"BreadcrumbList","@id":"https:\/\/testwebsite.citygame.com\/es\/games\/bordeaux\/sherlock-holmes-bordeaux\/#breadcrumb","itemListElement":[{"@type":"ListItem","position":1,"name":"Home","item":"https:\/\/testwebsite.citygame.com\/es\/"},{"@type":"ListItem","position":2,"name":"Shop","item":"https:\/\/testwebsite.citygame.com\/shop\/"},{"@type":"ListItem","position":3,"name":"Sherlock Holmes Bordeaux"}]},{"@type":"WebSite","@id":"https:\/\/testwebsite.upevents.nl\/#website","url":"https:\/\/testwebsite.upevents.nl\/","name":"City Game","description":"","publisher":{"@id":"https:\/\/testwebsite.upevents.nl\/#organization"},"alternateName":"citygame.com","potentialAction":[{"@type":"SearchAction","target":{"@type":"EntryPoint","urlTemplate":"https:\/\/testwebsite.upevents.nl\/?s={search_term_string}"},"query-input":{"@type":"PropertyValueSpecification","valueRequired":true,"valueName":"search_term_string"}}],"inLanguage":"es"},{"@type":["Organization","Place"],"@id":"https:\/\/testwebsite.upevents.nl\/#organization","name":"City Game","alternateName":"citygame.com","url":"https:\/\/testwebsite.upevents.nl\/","logo":{"@id":"https:\/\/testwebsite.citygame.com\/es\/games\/bordeaux\/sherlock-holmes-bordeaux\/#local-main-organization-logo"},"image":{"@id":"https:\/\/testwebsite.citygame.com\/es\/games\/bordeaux\/sherlock-holmes-bordeaux\/#local-main-organization-logo"},"sameAs":["https:\/\/www.facebook.com\/profile.php?id=100086426226253","https:\/\/www.instagram.com\/citygame_com","https:\/\/www.tiktok.com\/@citygamecom\/","https:\/\/www.linkedin.com\/company\/citygame-com"],"description":"Turn any city into a playground with our interactive City Games and self-guided tours. Fun, flexible, and ideal for groups and team building.","telephone":[],"openingHoursSpecification":[{"@type":"OpeningHoursSpecification","dayOfWeek":["Monday","Tuesday","Wednesday","Thursday","Friday","Saturday","Sunday"],"opens":"09:00","closes":"17:00"}]},{"@type":"ImageObject","inLanguage":"es","@id":"https:\/\/testwebsite.citygame.com\/es\/games\/bordeaux\/sherlock-holmes-bordeaux\/#local-main-organization-logo","url":"https:\/\/testwebsite.citygame.com\/wp-content\/blogs.dir\/1\/files\/sites\/62\/2025\/10\/CG_LOGO-City-Game.png","contentUrl":"https:\/\/testwebsite.citygame.com\/wp-content\/blogs.dir\/1\/files\/sites\/62\/2025\/10\/CG_LOGO-City-Game.png","width":351,"height":377,"caption":"City Game"}]}},"taxonomy_info":{"game-concept":[{"value":772,"label":"Sherlock"}],"location":[{"value":96,"label":"Bordeaux"}],"product_cat":[{"value":666,"label":"Sin categorizar"}]},"featured_image_src_large":["https:\/\/testwebsite.citygame.com\/wp-content\/blogs.dir\/1\/files\/sites\/62\/2026\/02\/bordeaux-sherlock-game-player-woman-with-phone-on-old-town-street-1024x585.jpg",1024,585,true],"author_info":[],"comment_info":"","_links":{"self":[{"href":"https:\/\/testwebsite.citygame.com\/es\/wp-json\/wp\/v2\/product\/60856","targetHints":{"allow":["GET"]}}],"collection":[{"href":"https:\/\/testwebsite.citygame.com\/es\/wp-json\/wp\/v2\/product"}],"about":[{"href":"https:\/\/testwebsite.citygame.com\/es\/wp-json\/wp\/v2\/types\/product"}],"acf:post":[{"embeddable":true,"href":"https:\/\/testwebsite.citygame.com\/es\/wp-json\/wp\/v2\/pages\/7323"}],"wp:featuredmedia":[{"embeddable":true,"href":"https:\/\/testwebsite.citygame.com\/es\/wp-json\/wp\/v2\/media\/10717"}],"wp:attachment":[{"href":"https:\/\/testwebsite.citygame.com\/es\/wp-json\/wp\/v2\/media?parent=60856"}],"wp:term":[{"taxonomy":"game-concept","embeddable":true,"href":"https:\/\/testwebsite.citygame.com\/es\/wp-json\/wp\/v2\/game-concept?post=60856"},{"taxonomy":"location","embeddable":true,"href":"https:\/\/testwebsite.citygame.com\/es\/wp-json\/wp\/v2\/location?post=60856"},{"taxonomy":"product_brand","embeddable":true,"href":"https:\/\/testwebsite.citygame.com\/es\/wp-json\/wp\/v2\/product_brand?post=60856"},{"taxonomy":"product_cat","embeddable":true,"href":"https:\/\/testwebsite.citygame.com\/es\/wp-json\/wp\/v2\/product_cat?post=60856"},{"taxonomy":"product_tag","embeddable":true,"href":"https:\/\/testwebsite.citygame.com\/es\/wp-json\/wp\/v2\/product_tag?post=60856"}],"curies":[{"name":"wp","href":"https:\/\/api.w.org\/{rel}","templated":true}]}}