{"id":59903,"date":"2026-03-13T09:32:36","date_gmt":"2026-03-13T09:32:36","guid":{"rendered":"https:\/\/testwebsite.citygame.com\/games\/unknown-location\/secrets-of-jerez-de-la-frontera\/"},"modified":"2026-04-08T04:50:27","modified_gmt":"2026-04-08T04:50:27","slug":"secrets-of-jerez-de-la-frontera","status":"publish","type":"product","link":"https:\/\/testwebsite.citygame.com\/es\/games\/jerez-de-la-frontera\/secrets-of-jerez-de-la-frontera\/","title":{"rendered":"Secrets of Jerez de la Frontera"},"content":{"rendered":"<p>Con\u00e9ctate con el centro de Jerez de la Frontera de una forma completamente nueva con nuestro Juego de la Ciudad &#8216;Secrets of Jerez de la Frontera&#8217;. Este juego de exploraci\u00f3n autoguiado y basado en GPS te da la oportunidad de descubrir las historias ocultas de la ciudad mientras resuelves intrincados acertijos, adivinanzas y desaf\u00edos fotogr\u00e1ficos interactivos en tu smartphone. Te sumergir\u00e1s en la rica historia y la vibrante cultura de Jerez, descubriendo detalles desconocidos que incluso los lugare\u00f1os podr\u00edan haber pasado por alto. Nuestro juego, ideal como un viaje en solitario o como una divertida ocasi\u00f3n para parejas, familias y grupos de amigos, funciona brillantemente tanto para residentes como para turistas para experimentar Jerez de la Frontera como nunca antes.<\/p>\n","protected":false},"excerpt":{"rendered":"<p>\u00a1Descubre el fuego Flamenco de Jerez de la Frontera! Sum\u00e9rgete en una ciudad donde la historia vive en cada arco y la cultura resuena desde sus bodegas de jerez hasta sus deslumbrantes estudios de baile, desentra\u00f1a el enigma mientras deambulas por sus emotivos pasillos, \u00a1porque Jerez de la Frontera es efervescente y te est\u00e1 esperando!<\/p>\n","protected":false},"featured_media":18423,"template":"","meta":{"_acf_changed":false,"_yoast_wpseo_focuskw":"Secrets of Jerez de la Frontera","_yoast_wpseo_metadesc":"Secrets of Jerez de la Frontera. \u00a1Juega a un Juego de la Ciudad autoguiado y explora la ciudad a trav\u00e9s de puzles, acertijos y desaf\u00edos. Juega a tu propio ritmo y descubre como un local!","_kad_blocks_custom_css":"","_kad_blocks_head_custom_js":"","_kad_blocks_body_custom_js":"","_kad_blocks_footer_custom_js":"","ghostkit_customizer_options":"","ghostkit_custom_css":"","ghostkit_custom_js_head":"","ghostkit_custom_js_foot":"","ghostkit_typography":"","_kad_post_transparent":"","_kad_post_title":"","_kad_post_layout":"","_kad_post_sidebar_id":"","_kad_post_content_style":"","_kad_post_vertical_padding":"","_kad_post_feature":"","_kad_post_feature_position":"","_kad_post_header":false,"_kad_post_footer":false,"_kad_post_classname":"","_links_to":"","_links_to_target":""},"game-concept":[711],"location":[215],"product_brand":[],"product_cat":[666],"product_tag":[],"class_list":{"0":"post-59903","1":"product","2":"type-product","3":"status-publish","4":"has-post-thumbnail","6":"game-concept-secrets","7":"location-jerez-de-la-frontera","8":"product_cat-sin-categorizar","10":"first","11":"instock","12":"shipping-taxable","13":"purchasable","14":"product-type-simple","15":"entry","16":"content-bg","17":"loop-entry"},"acf":{"full_bokun_product_name":"Self-Guided Secrets of Jerez de la Frontera Exploration Game","location_name":"Jerez de la Frontera","bokun_calendar_widget_code":"<script type=\"text\/javascript\" src=\"https:\/\/widgets.bokun.io\/assets\/javascripts\/apps\/build\/BokunWidgetsLoader.js?bookingChannelUUID=a1e93e96-5232-4734-a595-28405f4b5a31\" async><\/script>\n     \n    <div class=\"bokunWidget\" data-src=\"https:\/\/widgets.bokun.io\/online-sales\/a1e93e96-5232-4734-a595-28405f4b5a31\/experience-calendar\/828178\"><\/div>\n    <noscript>Please enable javascript in your browser to book<\/noscript>","bokun_button_widget_code":"<script type=\"text\/javascript\" src=\"https:\/\/widgets.bokun.io\/assets\/javascripts\/apps\/build\/BokunWidgetsLoader.js?bookingChannelUUID=a1e93e96-5232-4734-a595-28405f4b5a31\" async><\/script>\n      <style> #bokun_ed001e45_5927_4f62_b470_ca766338d083 { display: inline-block; padding: .4em 1em; background: #47b82e; border-radius: 999999px; box-shadow: none; font-weight: 600; font-size: 24px; text-decoration: none; text-align: center; color: #FFFFFF; border:none; cursor: pointer; transition: background .2s ease; } #bokun_ed001e45_5927_4f62_b470_ca766338d083:hover{ background: #2f7b1f; } #bokun_ed001e45_5927_4f62_b470_ca766338d083:active{ background: #378f24; } <\/style> <button class=\"bokunButton\" disabled id=bokun_ed001e45_5927_4f62_b470_ca766338d083 data-src=\"https:\/\/widgets.bokun.io\/online-sales\/a1e93e96-5232-4734-a595-28405f4b5a31\/experience-calendar\/828178?partialView=1\" data-testid=\"widget-book-button\" > Book now <\/button> ","what_you\u2019ll_experience_during_the_game":"Sum\u00e9rgete en el vibrante ritmo de Jerez de la Frontera con nuestro Juego de la Ciudad, una mezcla \u00fanica de turismo y entretenimiento interactivo. Mientras recorres las encantadoras calles de Jerez, tanto los lugares emblem\u00e1ticos como los menos conocidos se convertir\u00e1n en tu patio de juegos. Respira la atm\u00f3sfera m\u00e1gica de la ciudad mientras descubres rincones que incluso los lugare\u00f1os podr\u00edan desconocer. Tu viaje te guiar\u00e1 a trav\u00e9s de destacados importantes como la fascinante arquitectura de item 0, las joyas ocultas en item 2 y la cautivadora historia escondida detr\u00e1s de los muros de item 4.\n\nEl aspecto de juego de esta exploraci\u00f3n urbana no se limita solo al turismo. A medida que tu viaje por Jerez de la Frontera se desarrolla, te encontrar\u00e1s con una serie de cautivadores puzles, enigm\u00e1ticas adivinanzas, preguntas desafiantes y creativos desaf\u00edos fotogr\u00e1ficos. Cada desaf\u00edo que conquistes a\u00f1ade puntos a tu marcador, desbloqueando pistas y acerc\u00e1ndote a resolver el misterio final. Para aquellos que prosperan con la competencia, hay un lugar en nuestra clasificaci\u00f3n en juego. Para colmo, nuestro Juego de la Ciudad ofrece la flexibilidad de pausar a tu antojo, permiti\u00e9ndote reanudar cuando te convenga, a\u00f1adiendo un toque personalizado a tu exploraci\u00f3n de Jerez de la Frontera.","how_to_play":"\u00a1Reserva el Juego de Exploraci\u00f3n, revisa el correo electr\u00f3nico que te enviamos con las sencillas instrucciones, descarga la aplicaci\u00f3n Loquiz, accede al Juego de Exploraci\u00f3n y estar\u00e1s listo para comenzar tu experiencia de juego!","start_location":"Jerez de la Frontera, Plaza del Arenal","available_languages":["en"],"players_per_group":"1-4","duration":"1.5-2 hours","image_overlay_color_image":"https:\/\/testwebsite.citygame.com\/wp-content\/blogs.dir\/1\/files\/sites\/62\/2026\/01\/SecretsColor.svg","image_overlay_game_logo":"https:\/\/testwebsite.citygame.com\/wp-content\/blogs.dir\/1\/files\/sites\/62\/2026\/01\/SecretsLogo.png","city_page":13234,"woocommerce_general_content":null},"yoast_head":"<!-- This site is optimized with the Yoast SEO Premium plugin v26.2 (Yoast SEO v26.3) - https:\/\/yoast.com\/wordpress\/plugins\/seo\/ -->\n<title>Secrets of Jerez de la Frontera - City Game<\/title>\n<meta name=\"description\" content=\"Secrets of Jerez de la Frontera. \u00a1Juega a un Juego de la Ciudad autoguiado y explora la ciudad a trav\u00e9s de puzles, acertijos y desaf\u00edos. Juega a tu propio ritmo y descubre como un local!\" \/>\n<meta name=\"robots\" content=\"noindex, follow, max-snippet:-1, max-image-preview:large, max-video-preview:-1\" \/>\n<meta property=\"og:locale\" content=\"es_ES\" \/>\n<meta property=\"og:type\" content=\"article\" \/>\n<meta property=\"og:title\" content=\"Secrets of Jerez de la Frontera\" \/>\n<meta property=\"og:description\" content=\"Secrets of Jerez de la Frontera. \u00a1Juega a un Juego de la Ciudad autoguiado y explora la ciudad a trav\u00e9s de puzles, acertijos y desaf\u00edos. Juega a tu propio ritmo y descubre como un local!\" \/>\n<meta property=\"og:url\" content=\"https:\/\/testwebsite.citygame.com\/es\/games\/jerez-de-la-frontera\/secrets-of-jerez-de-la-frontera\/\" \/>\n<meta property=\"og:site_name\" content=\"City Game\" \/>\n<meta property=\"article:publisher\" content=\"https:\/\/www.facebook.com\/profile.php?id=100086426226253\" \/>\n<meta property=\"article:modified_time\" content=\"2026-04-08T04:50:27+00:00\" \/>\n<meta property=\"og:image\" content=\"https:\/\/testwebsite.citygame.com\/wp-content\/blogs.dir\/1\/files\/sites\/62\/2026\/03\/jerez-de-la-frontera-cathedral-steps-spain.jpg\" \/>\n\t<meta property=\"og:image:width\" content=\"1024\" \/>\n\t<meta property=\"og:image:height\" content=\"1024\" \/>\n\t<meta property=\"og:image:type\" content=\"image\/jpeg\" \/>\n<meta name=\"twitter:card\" content=\"summary_large_image\" \/>\n<meta name=\"twitter:label1\" content=\"Tiempo de lectura\" \/>\n\t<meta name=\"twitter:data1\" content=\"1 minuto\" \/>\n<script type=\"application\/ld+json\" class=\"yoast-schema-graph\">{\"@context\":\"https:\/\/schema.org\",\"@graph\":[{\"@type\":\"WebPage\",\"@id\":\"https:\/\/testwebsite.citygame.com\/es\/games\/jerez-de-la-frontera\/secrets-of-jerez-de-la-frontera\/\",\"url\":\"https:\/\/testwebsite.citygame.com\/es\/games\/jerez-de-la-frontera\/secrets-of-jerez-de-la-frontera\/\",\"name\":\"Secrets of Jerez de la Frontera - City Game\",\"isPartOf\":{\"@id\":\"https:\/\/testwebsite.upevents.nl\/#website\"},\"primaryImageOfPage\":{\"@id\":\"https:\/\/testwebsite.citygame.com\/es\/games\/jerez-de-la-frontera\/secrets-of-jerez-de-la-frontera\/#primaryimage\"},\"image\":{\"@id\":\"https:\/\/testwebsite.citygame.com\/es\/games\/jerez-de-la-frontera\/secrets-of-jerez-de-la-frontera\/#primaryimage\"},\"thumbnailUrl\":\"https:\/\/testwebsite.citygame.com\/wp-content\/blogs.dir\/1\/files\/sites\/62\/2026\/03\/jerez-de-la-frontera-cathedral-steps-spain.jpg\",\"datePublished\":\"2026-03-13T09:32:36+00:00\",\"dateModified\":\"2026-04-08T04:50:27+00:00\",\"description\":\"Secrets of Jerez de la Frontera. \u00a1Juega a un Juego de la Ciudad autoguiado y explora la ciudad a trav\u00e9s de puzles, acertijos y desaf\u00edos. Juega a tu propio ritmo y descubre como un local!\",\"breadcrumb\":{\"@id\":\"https:\/\/testwebsite.citygame.com\/es\/games\/jerez-de-la-frontera\/secrets-of-jerez-de-la-frontera\/#breadcrumb\"},\"inLanguage\":\"es\",\"potentialAction\":[{\"@type\":\"ReadAction\",\"target\":[\"https:\/\/testwebsite.citygame.com\/es\/games\/jerez-de-la-frontera\/secrets-of-jerez-de-la-frontera\/\"]}]},{\"@type\":\"ImageObject\",\"inLanguage\":\"es\",\"@id\":\"https:\/\/testwebsite.citygame.com\/es\/games\/jerez-de-la-frontera\/secrets-of-jerez-de-la-frontera\/#primaryimage\",\"url\":\"https:\/\/testwebsite.citygame.com\/wp-content\/blogs.dir\/1\/files\/sites\/62\/2026\/03\/jerez-de-la-frontera-cathedral-steps-spain.jpg\",\"contentUrl\":\"https:\/\/testwebsite.citygame.com\/wp-content\/blogs.dir\/1\/files\/sites\/62\/2026\/03\/jerez-de-la-frontera-cathedral-steps-spain.jpg\",\"width\":1024,\"height\":1024,\"caption\":\"Enjoying the sunny view from the historic steps of the cathedral in Jerez de la Frontera.\"},{\"@type\":\"BreadcrumbList\",\"@id\":\"https:\/\/testwebsite.citygame.com\/es\/games\/jerez-de-la-frontera\/secrets-of-jerez-de-la-frontera\/#breadcrumb\",\"itemListElement\":[{\"@type\":\"ListItem\",\"position\":1,\"name\":\"Home\",\"item\":\"https:\/\/testwebsite.citygame.com\/es\/\"},{\"@type\":\"ListItem\",\"position\":2,\"name\":\"Shop\",\"item\":\"https:\/\/testwebsite.citygame.com\/shop\/\"},{\"@type\":\"ListItem\",\"position\":3,\"name\":\"Secrets of Jerez de la Frontera\"}]},{\"@type\":\"WebSite\",\"@id\":\"https:\/\/testwebsite.upevents.nl\/#website\",\"url\":\"https:\/\/testwebsite.upevents.nl\/\",\"name\":\"City Game\",\"description\":\"\",\"publisher\":{\"@id\":\"https:\/\/testwebsite.upevents.nl\/#organization\"},\"alternateName\":\"citygame.com\",\"potentialAction\":[{\"@type\":\"SearchAction\",\"target\":{\"@type\":\"EntryPoint\",\"urlTemplate\":\"https:\/\/testwebsite.upevents.nl\/?s={search_term_string}\"},\"query-input\":{\"@type\":\"PropertyValueSpecification\",\"valueRequired\":true,\"valueName\":\"search_term_string\"}}],\"inLanguage\":\"es\"},{\"@type\":[\"Organization\",\"Place\"],\"@id\":\"https:\/\/testwebsite.upevents.nl\/#organization\",\"name\":\"City Game\",\"alternateName\":\"citygame.com\",\"url\":\"https:\/\/testwebsite.upevents.nl\/\",\"logo\":{\"@id\":\"https:\/\/testwebsite.citygame.com\/es\/games\/jerez-de-la-frontera\/secrets-of-jerez-de-la-frontera\/#local-main-organization-logo\"},\"image\":{\"@id\":\"https:\/\/testwebsite.citygame.com\/es\/games\/jerez-de-la-frontera\/secrets-of-jerez-de-la-frontera\/#local-main-organization-logo\"},\"sameAs\":[\"https:\/\/www.facebook.com\/profile.php?id=100086426226253\",\"https:\/\/www.instagram.com\/citygame_com\",\"https:\/\/www.tiktok.com\/@citygamecom\/\",\"https:\/\/www.linkedin.com\/company\/citygame-com\"],\"description\":\"Turn any city into a playground with our interactive City Games and self-guided tours. Fun, flexible, and ideal for groups and team building.\",\"telephone\":[],\"openingHoursSpecification\":[{\"@type\":\"OpeningHoursSpecification\",\"dayOfWeek\":[\"Monday\",\"Tuesday\",\"Wednesday\",\"Thursday\",\"Friday\",\"Saturday\",\"Sunday\"],\"opens\":\"09:00\",\"closes\":\"17:00\"}]},{\"@type\":\"ImageObject\",\"inLanguage\":\"es\",\"@id\":\"https:\/\/testwebsite.citygame.com\/es\/games\/jerez-de-la-frontera\/secrets-of-jerez-de-la-frontera\/#local-main-organization-logo\",\"url\":\"https:\/\/testwebsite.citygame.com\/wp-content\/blogs.dir\/1\/files\/sites\/62\/2025\/10\/CG_LOGO-City-Game.png\",\"contentUrl\":\"https:\/\/testwebsite.citygame.com\/wp-content\/blogs.dir\/1\/files\/sites\/62\/2025\/10\/CG_LOGO-City-Game.png\",\"width\":351,\"height\":377,\"caption\":\"City Game\"}]}<\/script>\n<!-- \/ Yoast SEO Premium plugin. -->","yoast_head_json":{"title":"Secrets of Jerez de la Frontera - City Game","description":"Secrets of Jerez de la Frontera. \u00a1Juega a un Juego de la Ciudad autoguiado y explora la ciudad a trav\u00e9s de puzles, acertijos y desaf\u00edos. Juega a tu propio ritmo y descubre como un local!","robots":{"index":"noindex","follow":"follow","max-snippet":"max-snippet:-1","max-image-preview":"max-image-preview:large","max-video-preview":"max-video-preview:-1"},"og_locale":"es_ES","og_type":"article","og_title":"Secrets of Jerez de la Frontera","og_description":"Secrets of Jerez de la Frontera. \u00a1Juega a un Juego de la Ciudad autoguiado y explora la ciudad a trav\u00e9s de puzles, acertijos y desaf\u00edos. Juega a tu propio ritmo y descubre como un local!","og_url":"https:\/\/testwebsite.citygame.com\/es\/games\/jerez-de-la-frontera\/secrets-of-jerez-de-la-frontera\/","og_site_name":"City Game","article_publisher":"https:\/\/www.facebook.com\/profile.php?id=100086426226253","article_modified_time":"2026-04-08T04:50:27+00:00","og_image":[{"width":1024,"height":1024,"url":"https:\/\/testwebsite.citygame.com\/wp-content\/blogs.dir\/1\/files\/sites\/62\/2026\/03\/jerez-de-la-frontera-cathedral-steps-spain.jpg","type":"image\/jpeg"}],"twitter_card":"summary_large_image","twitter_misc":{"Tiempo de lectura":"1 minuto"},"schema":{"@context":"https:\/\/schema.org","@graph":[{"@type":"WebPage","@id":"https:\/\/testwebsite.citygame.com\/es\/games\/jerez-de-la-frontera\/secrets-of-jerez-de-la-frontera\/","url":"https:\/\/testwebsite.citygame.com\/es\/games\/jerez-de-la-frontera\/secrets-of-jerez-de-la-frontera\/","name":"Secrets of Jerez de la Frontera - City Game","isPartOf":{"@id":"https:\/\/testwebsite.upevents.nl\/#website"},"primaryImageOfPage":{"@id":"https:\/\/testwebsite.citygame.com\/es\/games\/jerez-de-la-frontera\/secrets-of-jerez-de-la-frontera\/#primaryimage"},"image":{"@id":"https:\/\/testwebsite.citygame.com\/es\/games\/jerez-de-la-frontera\/secrets-of-jerez-de-la-frontera\/#primaryimage"},"thumbnailUrl":"https:\/\/testwebsite.citygame.com\/wp-content\/blogs.dir\/1\/files\/sites\/62\/2026\/03\/jerez-de-la-frontera-cathedral-steps-spain.jpg","datePublished":"2026-03-13T09:32:36+00:00","dateModified":"2026-04-08T04:50:27+00:00","description":"Secrets of Jerez de la Frontera. \u00a1Juega a un Juego de la Ciudad autoguiado y explora la ciudad a trav\u00e9s de puzles, acertijos y desaf\u00edos. Juega a tu propio ritmo y descubre como un local!","breadcrumb":{"@id":"https:\/\/testwebsite.citygame.com\/es\/games\/jerez-de-la-frontera\/secrets-of-jerez-de-la-frontera\/#breadcrumb"},"inLanguage":"es","potentialAction":[{"@type":"ReadAction","target":["https:\/\/testwebsite.citygame.com\/es\/games\/jerez-de-la-frontera\/secrets-of-jerez-de-la-frontera\/"]}]},{"@type":"ImageObject","inLanguage":"es","@id":"https:\/\/testwebsite.citygame.com\/es\/games\/jerez-de-la-frontera\/secrets-of-jerez-de-la-frontera\/#primaryimage","url":"https:\/\/testwebsite.citygame.com\/wp-content\/blogs.dir\/1\/files\/sites\/62\/2026\/03\/jerez-de-la-frontera-cathedral-steps-spain.jpg","contentUrl":"https:\/\/testwebsite.citygame.com\/wp-content\/blogs.dir\/1\/files\/sites\/62\/2026\/03\/jerez-de-la-frontera-cathedral-steps-spain.jpg","width":1024,"height":1024,"caption":"Enjoying the sunny view from the historic steps of the cathedral in Jerez de la Frontera."},{"@type":"BreadcrumbList","@id":"https:\/\/testwebsite.citygame.com\/es\/games\/jerez-de-la-frontera\/secrets-of-jerez-de-la-frontera\/#breadcrumb","itemListElement":[{"@type":"ListItem","position":1,"name":"Home","item":"https:\/\/testwebsite.citygame.com\/es\/"},{"@type":"ListItem","position":2,"name":"Shop","item":"https:\/\/testwebsite.citygame.com\/shop\/"},{"@type":"ListItem","position":3,"name":"Secrets of Jerez de la Frontera"}]},{"@type":"WebSite","@id":"https:\/\/testwebsite.upevents.nl\/#website","url":"https:\/\/testwebsite.upevents.nl\/","name":"City Game","description":"","publisher":{"@id":"https:\/\/testwebsite.upevents.nl\/#organization"},"alternateName":"citygame.com","potentialAction":[{"@type":"SearchAction","target":{"@type":"EntryPoint","urlTemplate":"https:\/\/testwebsite.upevents.nl\/?s={search_term_string}"},"query-input":{"@type":"PropertyValueSpecification","valueRequired":true,"valueName":"search_term_string"}}],"inLanguage":"es"},{"@type":["Organization","Place"],"@id":"https:\/\/testwebsite.upevents.nl\/#organization","name":"City Game","alternateName":"citygame.com","url":"https:\/\/testwebsite.upevents.nl\/","logo":{"@id":"https:\/\/testwebsite.citygame.com\/es\/games\/jerez-de-la-frontera\/secrets-of-jerez-de-la-frontera\/#local-main-organization-logo"},"image":{"@id":"https:\/\/testwebsite.citygame.com\/es\/games\/jerez-de-la-frontera\/secrets-of-jerez-de-la-frontera\/#local-main-organization-logo"},"sameAs":["https:\/\/www.facebook.com\/profile.php?id=100086426226253","https:\/\/www.instagram.com\/citygame_com","https:\/\/www.tiktok.com\/@citygamecom\/","https:\/\/www.linkedin.com\/company\/citygame-com"],"description":"Turn any city into a playground with our interactive City Games and self-guided tours. Fun, flexible, and ideal for groups and team building.","telephone":[],"openingHoursSpecification":[{"@type":"OpeningHoursSpecification","dayOfWeek":["Monday","Tuesday","Wednesday","Thursday","Friday","Saturday","Sunday"],"opens":"09:00","closes":"17:00"}]},{"@type":"ImageObject","inLanguage":"es","@id":"https:\/\/testwebsite.citygame.com\/es\/games\/jerez-de-la-frontera\/secrets-of-jerez-de-la-frontera\/#local-main-organization-logo","url":"https:\/\/testwebsite.citygame.com\/wp-content\/blogs.dir\/1\/files\/sites\/62\/2025\/10\/CG_LOGO-City-Game.png","contentUrl":"https:\/\/testwebsite.citygame.com\/wp-content\/blogs.dir\/1\/files\/sites\/62\/2025\/10\/CG_LOGO-City-Game.png","width":351,"height":377,"caption":"City Game"}]}},"taxonomy_info":{"game-concept":[{"value":711,"label":"Secrets"}],"location":[{"value":215,"label":"Jerez de la Frontera"}],"product_cat":[{"value":666,"label":"Sin categorizar"}]},"featured_image_src_large":["https:\/\/testwebsite.citygame.com\/wp-content\/blogs.dir\/1\/files\/sites\/62\/2026\/03\/jerez-de-la-frontera-cathedral-steps-spain.jpg",1024,1024,false],"author_info":[],"comment_info":"","_links":{"self":[{"href":"https:\/\/testwebsite.citygame.com\/es\/wp-json\/wp\/v2\/product\/59903","targetHints":{"allow":["GET"]}}],"collection":[{"href":"https:\/\/testwebsite.citygame.com\/es\/wp-json\/wp\/v2\/product"}],"about":[{"href":"https:\/\/testwebsite.citygame.com\/es\/wp-json\/wp\/v2\/types\/product"}],"acf:post":[{"embeddable":true,"href":"https:\/\/testwebsite.citygame.com\/es\/wp-json\/wp\/v2\/pages\/13234"}],"wp:featuredmedia":[{"embeddable":true,"href":"https:\/\/testwebsite.citygame.com\/es\/wp-json\/wp\/v2\/media\/18423"}],"wp:attachment":[{"href":"https:\/\/testwebsite.citygame.com\/es\/wp-json\/wp\/v2\/media?parent=59903"}],"wp:term":[{"taxonomy":"game-concept","embeddable":true,"href":"https:\/\/testwebsite.citygame.com\/es\/wp-json\/wp\/v2\/game-concept?post=59903"},{"taxonomy":"location","embeddable":true,"href":"https:\/\/testwebsite.citygame.com\/es\/wp-json\/wp\/v2\/location?post=59903"},{"taxonomy":"product_brand","embeddable":true,"href":"https:\/\/testwebsite.citygame.com\/es\/wp-json\/wp\/v2\/product_brand?post=59903"},{"taxonomy":"product_cat","embeddable":true,"href":"https:\/\/testwebsite.citygame.com\/es\/wp-json\/wp\/v2\/product_cat?post=59903"},{"taxonomy":"product_tag","embeddable":true,"href":"https:\/\/testwebsite.citygame.com\/es\/wp-json\/wp\/v2\/product_tag?post=59903"}],"curies":[{"name":"wp","href":"https:\/\/api.w.org\/{rel}","templated":true}]}}