{"id":58707,"date":"2026-02-04T19:56:48","date_gmt":"2026-02-04T19:56:48","guid":{"rendered":"https:\/\/testwebsite.citygame.com\/games\/unknown-location\/sherlock-holmes-jakarta\/"},"modified":"2026-04-08T02:42:40","modified_gmt":"2026-04-08T02:42:40","slug":"sherlock-holmes-jakarta","status":"publish","type":"product","link":"https:\/\/testwebsite.citygame.com\/es\/games\/jakarta\/sherlock-holmes-jakarta\/","title":{"rendered":"Sherlock Holmes Jakarta"},"content":{"rendered":"<p>Ad\u00e9ntrate en el mundo de Sherlock Holmes con este Juego de Ciudad de misterio de asesinato autoguiado y basado en una historia, ambientado en el centro de Yakarta. El bullicioso paisaje urbano se convierte en el escenario de una absorbente investigaci\u00f3n detectivesca sobre un asesinato ocurrido durante el Liberty Festival. A medida que te mueves por la ciudad, recolectar\u00e1s pistas, resolver\u00e1s rompecabezas e interrogar\u00e1s a sospechosos digitales, todo mientras sigues una narrativa que se desarrolla a tu propio ritmo.<\/p>\n","protected":false},"excerpt":{"rendered":"<p>Ponte en la piel de Sherlock Holmes para un intrigante misterio de asesinato autoguiado ambientado en el coraz\u00f3n de Yakarta. Re\u00fane a tu equipo para seguir pistas, resolver intrincados rompecabezas y desvelar la verdad detr\u00e1s del crimen, \u00a1el tiempo corre, acepta el desaf\u00edo!<\/p>\n","protected":false},"featured_media":10499,"template":"","meta":{"_acf_changed":false,"_yoast_wpseo_focuskw":"Sherlock Holmes Jakarta","_yoast_wpseo_metadesc":"Sherlock Holmes Jakarta. Juega a un Juego de Ciudad de misterio de asesinato autoguiado, resuelve rompecabezas, sigue pistas y descubre al asesino a tu propio ritmo!","_kad_blocks_custom_css":"","_kad_blocks_head_custom_js":"","_kad_blocks_body_custom_js":"","_kad_blocks_footer_custom_js":"","ghostkit_customizer_options":"","ghostkit_custom_css":"","ghostkit_custom_js_head":"","ghostkit_custom_js_foot":"","ghostkit_typography":"","_kad_post_transparent":"","_kad_post_title":"","_kad_post_layout":"","_kad_post_sidebar_id":"","_kad_post_content_style":"","_kad_post_vertical_padding":"","_kad_post_feature":"","_kad_post_feature_position":"","_kad_post_header":false,"_kad_post_footer":false,"_kad_post_classname":"","_links_to":"","_links_to_target":""},"game-concept":[772],"location":[213],"product_brand":[],"product_cat":[666],"product_tag":[],"class_list":{"0":"post-58707","1":"product","2":"type-product","3":"status-publish","4":"has-post-thumbnail","6":"game-concept-sherlock","7":"location-jakarta","8":"product_cat-sin-categorizar","10":"first","11":"instock","12":"shipping-taxable","13":"purchasable","14":"product-type-simple","15":"entry","16":"content-bg","17":"loop-entry"},"acf":{"full_bokun_product_name":"Jakarta Self-Guided Sherlock Holmes Murder Mystery Game","location_name":"Jakarta","bokun_calendar_widget_code":"<script type=\"text\/javascript\" src=\"https:\/\/widgets.bokun.io\/assets\/javascripts\/apps\/build\/BokunWidgetsLoader.js?bookingChannelUUID=a1e93e96-5232-4734-a595-28405f4b5a31\" async><\/script>\n     \n    <div class=\"bokunWidget\" data-src=\"https:\/\/widgets.bokun.io\/online-sales\/a1e93e96-5232-4734-a595-28405f4b5a31\/experience-calendar\/731417\"><\/div>\n    <noscript>Please enable javascript in your browser to book<\/noscript>","bokun_button_widget_code":"<script type=\"text\/javascript\" src=\"https:\/\/widgets.bokun.io\/assets\/javascripts\/apps\/build\/BokunWidgetsLoader.js?bookingChannelUUID=a1e93e96-5232-4734-a595-28405f4b5a31\" async><\/script>\n      <style> #bokun_ed001e45_5927_4f62_b470_ca766338d083 { display: inline-block; padding: .4em 1em; background: #47b82e; border-radius: 999999px; box-shadow: none; font-weight: 600; font-size: 24px; text-decoration: none; text-align: center; color: #FFFFFF; border:none; cursor: pointer; transition: background .2s ease; } #bokun_ed001e45_5927_4f62_b470_ca766338d083:hover{ background: #2f7b1f; } #bokun_ed001e45_5927_4f62_b470_ca766338d083:active{ background: #378f24; } <\/style> <button class=\"bokunButton\" disabled id=bokun_ed001e45_5927_4f62_b470_ca766338d083 data-src=\"https:\/\/widgets.bokun.io\/online-sales\/a1e93e96-5232-4734-a595-28405f4b5a31\/experience-calendar\/731417?partialView=1\" data-testid=\"widget-book-button\" > Book now <\/button> ","what_you\u2019ll_experience_during_the_game":"Te adentras en una apasionante historia de detectives ambientada en el coraz\u00f3n de Yakarta, donde un asesinato ha destrozado las festividades del Liberty Festival. A medida que se desarrolla la investigaci\u00f3n, la ciudad se convierte en tu expediente. Sigues el rastro por diferentes barrios, reconstruyendo lo sucedido al descubrir pistas, resolver rompecabezas l\u00f3gicos y enfrentar giros inesperados que desaf\u00edan tus suposiciones. Cada paso trae nuevas pistas que examinar y secretos que esperan salir a la luz.\n\nInterrogas a sospechosos digitales, analizas sus coartadas y buscas contradicciones ocultas en sus historias. Con cada decisi\u00f3n, conf\u00edas en tus habilidades de deducci\u00f3n, observaci\u00f3n y pensamiento cr\u00edtico para hacer avanzar la investigaci\u00f3n. Tu progreso est\u00e1 completamente impulsado por la historia, lo que te permite sumergirte por completo en el misterio sin presiones de tiempo. Puedes pausar en cualquier momento y continuar cuando est\u00e9s listo, o incluso trabajar en equipo si te sientes competitivo. Ya sea solo o con otros, descubrir la verdad detr\u00e1s del asesinato del Liberty Festival depende de ti.","how_to_play":"Juega solo o con amigos, familiares o colegas en equipos de hasta cuatro personas por dispositivo. Despu\u00e9s de reservar, recibir\u00e1s un correo electr\u00f3nico con las instrucciones y todo lo que necesitas.","start_location":"Jakarta, Masjid Istiqlal","available_languages":["en","es","fr","de","it","nl"],"players_per_group":"1-4","duration":"1.5-2 hours","image_overlay_color_image":"https:\/\/testwebsite.citygame.com\/wp-content\/blogs.dir\/1\/files\/sites\/62\/2026\/01\/SherlockColor.svg","image_overlay_game_logo":"https:\/\/testwebsite.citygame.com\/wp-content\/blogs.dir\/1\/files\/sites\/62\/2026\/01\/SherlockLogo.png","city_page":6649,"woocommerce_general_content":null},"yoast_head":"<!-- This site is optimized with the Yoast SEO Premium plugin v26.2 (Yoast SEO v26.3) - https:\/\/yoast.com\/wordpress\/plugins\/seo\/ -->\n<title>Sherlock Holmes Jakarta - City Game<\/title>\n<meta name=\"description\" content=\"Sherlock Holmes Jakarta. Juega a un Juego de Ciudad de misterio de asesinato autoguiado, resuelve rompecabezas, sigue pistas y descubre al asesino a tu propio ritmo!\" \/>\n<meta name=\"robots\" content=\"noindex, follow, max-snippet:-1, max-image-preview:large, max-video-preview:-1\" \/>\n<meta property=\"og:locale\" content=\"es_ES\" \/>\n<meta property=\"og:type\" content=\"article\" \/>\n<meta property=\"og:title\" content=\"Sherlock Holmes Jakarta\" \/>\n<meta property=\"og:description\" content=\"Sherlock Holmes Jakarta. Juega a un Juego de Ciudad de misterio de asesinato autoguiado, resuelve rompecabezas, sigue pistas y descubre al asesino a tu propio ritmo!\" \/>\n<meta property=\"og:url\" content=\"https:\/\/testwebsite.citygame.com\/es\/games\/jakarta\/sherlock-holmes-jakarta\/\" \/>\n<meta property=\"og:site_name\" content=\"City Game\" \/>\n<meta property=\"article:publisher\" content=\"https:\/\/www.facebook.com\/profile.php?id=100086426226253\" \/>\n<meta property=\"article:modified_time\" content=\"2026-04-08T02:42:40+00:00\" \/>\n<meta property=\"og:image\" content=\"https:\/\/testwebsite.citygame.com\/wp-content\/blogs.dir\/1\/files\/sites\/62\/2026\/02\/group-of-friends-playing-city-game-jakarta.jpg\" \/>\n\t<meta property=\"og:image:width\" content=\"1344\" \/>\n\t<meta property=\"og:image:height\" content=\"768\" \/>\n\t<meta property=\"og:image:type\" content=\"image\/jpeg\" \/>\n<meta name=\"twitter:card\" content=\"summary_large_image\" \/>\n<script type=\"application\/ld+json\" class=\"yoast-schema-graph\">{\"@context\":\"https:\/\/schema.org\",\"@graph\":[{\"@type\":\"WebPage\",\"@id\":\"https:\/\/testwebsite.citygame.com\/es\/games\/jakarta\/sherlock-holmes-jakarta\/\",\"url\":\"https:\/\/testwebsite.citygame.com\/es\/games\/jakarta\/sherlock-holmes-jakarta\/\",\"name\":\"Sherlock Holmes Jakarta - City Game\",\"isPartOf\":{\"@id\":\"https:\/\/testwebsite.upevents.nl\/#website\"},\"primaryImageOfPage\":{\"@id\":\"https:\/\/testwebsite.citygame.com\/es\/games\/jakarta\/sherlock-holmes-jakarta\/#primaryimage\"},\"image\":{\"@id\":\"https:\/\/testwebsite.citygame.com\/es\/games\/jakarta\/sherlock-holmes-jakarta\/#primaryimage\"},\"thumbnailUrl\":\"https:\/\/testwebsite.citygame.com\/wp-content\/blogs.dir\/1\/files\/sites\/62\/2026\/02\/group-of-friends-playing-city-game-jakarta.jpg\",\"datePublished\":\"2026-02-04T19:56:48+00:00\",\"dateModified\":\"2026-04-08T02:42:40+00:00\",\"description\":\"Sherlock Holmes Jakarta. Juega a un Juego de Ciudad de misterio de asesinato autoguiado, resuelve rompecabezas, sigue pistas y descubre al asesino a tu propio ritmo!\",\"breadcrumb\":{\"@id\":\"https:\/\/testwebsite.citygame.com\/es\/games\/jakarta\/sherlock-holmes-jakarta\/#breadcrumb\"},\"inLanguage\":\"es\",\"potentialAction\":[{\"@type\":\"ReadAction\",\"target\":[\"https:\/\/testwebsite.citygame.com\/es\/games\/jakarta\/sherlock-holmes-jakarta\/\"]}]},{\"@type\":\"ImageObject\",\"inLanguage\":\"es\",\"@id\":\"https:\/\/testwebsite.citygame.com\/es\/games\/jakarta\/sherlock-holmes-jakarta\/#primaryimage\",\"url\":\"https:\/\/testwebsite.citygame.com\/wp-content\/blogs.dir\/1\/files\/sites\/62\/2026\/02\/group-of-friends-playing-city-game-jakarta.jpg\",\"contentUrl\":\"https:\/\/testwebsite.citygame.com\/wp-content\/blogs.dir\/1\/files\/sites\/62\/2026\/02\/group-of-friends-playing-city-game-jakarta.jpg\",\"width\":1344,\"height\":768,\"caption\":\"A group of friends navigate the city streets using a paper map and a smartphone app.\"},{\"@type\":\"BreadcrumbList\",\"@id\":\"https:\/\/testwebsite.citygame.com\/es\/games\/jakarta\/sherlock-holmes-jakarta\/#breadcrumb\",\"itemListElement\":[{\"@type\":\"ListItem\",\"position\":1,\"name\":\"Home\",\"item\":\"https:\/\/testwebsite.citygame.com\/es\/\"},{\"@type\":\"ListItem\",\"position\":2,\"name\":\"Shop\",\"item\":\"https:\/\/testwebsite.citygame.com\/shop\/\"},{\"@type\":\"ListItem\",\"position\":3,\"name\":\"Sherlock Holmes Jakarta\"}]},{\"@type\":\"WebSite\",\"@id\":\"https:\/\/testwebsite.upevents.nl\/#website\",\"url\":\"https:\/\/testwebsite.upevents.nl\/\",\"name\":\"City Game\",\"description\":\"\",\"publisher\":{\"@id\":\"https:\/\/testwebsite.upevents.nl\/#organization\"},\"alternateName\":\"citygame.com\",\"potentialAction\":[{\"@type\":\"SearchAction\",\"target\":{\"@type\":\"EntryPoint\",\"urlTemplate\":\"https:\/\/testwebsite.upevents.nl\/?s={search_term_string}\"},\"query-input\":{\"@type\":\"PropertyValueSpecification\",\"valueRequired\":true,\"valueName\":\"search_term_string\"}}],\"inLanguage\":\"es\"},{\"@type\":[\"Organization\",\"Place\"],\"@id\":\"https:\/\/testwebsite.upevents.nl\/#organization\",\"name\":\"City Game\",\"alternateName\":\"citygame.com\",\"url\":\"https:\/\/testwebsite.upevents.nl\/\",\"logo\":{\"@id\":\"https:\/\/testwebsite.citygame.com\/es\/games\/jakarta\/sherlock-holmes-jakarta\/#local-main-organization-logo\"},\"image\":{\"@id\":\"https:\/\/testwebsite.citygame.com\/es\/games\/jakarta\/sherlock-holmes-jakarta\/#local-main-organization-logo\"},\"sameAs\":[\"https:\/\/www.facebook.com\/profile.php?id=100086426226253\",\"https:\/\/www.instagram.com\/citygame_com\",\"https:\/\/www.tiktok.com\/@citygamecom\/\",\"https:\/\/www.linkedin.com\/company\/citygame-com\"],\"description\":\"Turn any city into a playground with our interactive City Games and self-guided tours. Fun, flexible, and ideal for groups and team building.\",\"telephone\":[],\"openingHoursSpecification\":[{\"@type\":\"OpeningHoursSpecification\",\"dayOfWeek\":[\"Monday\",\"Tuesday\",\"Wednesday\",\"Thursday\",\"Friday\",\"Saturday\",\"Sunday\"],\"opens\":\"09:00\",\"closes\":\"17:00\"}]},{\"@type\":\"ImageObject\",\"inLanguage\":\"es\",\"@id\":\"https:\/\/testwebsite.citygame.com\/es\/games\/jakarta\/sherlock-holmes-jakarta\/#local-main-organization-logo\",\"url\":\"https:\/\/testwebsite.citygame.com\/wp-content\/blogs.dir\/1\/files\/sites\/62\/2025\/10\/CG_LOGO-City-Game.png\",\"contentUrl\":\"https:\/\/testwebsite.citygame.com\/wp-content\/blogs.dir\/1\/files\/sites\/62\/2025\/10\/CG_LOGO-City-Game.png\",\"width\":351,\"height\":377,\"caption\":\"City Game\"}]}<\/script>\n<!-- \/ Yoast SEO Premium plugin. -->","yoast_head_json":{"title":"Sherlock Holmes Jakarta - City Game","description":"Sherlock Holmes Jakarta. Juega a un Juego de Ciudad de misterio de asesinato autoguiado, resuelve rompecabezas, sigue pistas y descubre al asesino a tu propio ritmo!","robots":{"index":"noindex","follow":"follow","max-snippet":"max-snippet:-1","max-image-preview":"max-image-preview:large","max-video-preview":"max-video-preview:-1"},"og_locale":"es_ES","og_type":"article","og_title":"Sherlock Holmes Jakarta","og_description":"Sherlock Holmes Jakarta. Juega a un Juego de Ciudad de misterio de asesinato autoguiado, resuelve rompecabezas, sigue pistas y descubre al asesino a tu propio ritmo!","og_url":"https:\/\/testwebsite.citygame.com\/es\/games\/jakarta\/sherlock-holmes-jakarta\/","og_site_name":"City Game","article_publisher":"https:\/\/www.facebook.com\/profile.php?id=100086426226253","article_modified_time":"2026-04-08T02:42:40+00:00","og_image":[{"width":1344,"height":768,"url":"https:\/\/testwebsite.citygame.com\/wp-content\/blogs.dir\/1\/files\/sites\/62\/2026\/02\/group-of-friends-playing-city-game-jakarta.jpg","type":"image\/jpeg"}],"twitter_card":"summary_large_image","schema":{"@context":"https:\/\/schema.org","@graph":[{"@type":"WebPage","@id":"https:\/\/testwebsite.citygame.com\/es\/games\/jakarta\/sherlock-holmes-jakarta\/","url":"https:\/\/testwebsite.citygame.com\/es\/games\/jakarta\/sherlock-holmes-jakarta\/","name":"Sherlock Holmes Jakarta - City Game","isPartOf":{"@id":"https:\/\/testwebsite.upevents.nl\/#website"},"primaryImageOfPage":{"@id":"https:\/\/testwebsite.citygame.com\/es\/games\/jakarta\/sherlock-holmes-jakarta\/#primaryimage"},"image":{"@id":"https:\/\/testwebsite.citygame.com\/es\/games\/jakarta\/sherlock-holmes-jakarta\/#primaryimage"},"thumbnailUrl":"https:\/\/testwebsite.citygame.com\/wp-content\/blogs.dir\/1\/files\/sites\/62\/2026\/02\/group-of-friends-playing-city-game-jakarta.jpg","datePublished":"2026-02-04T19:56:48+00:00","dateModified":"2026-04-08T02:42:40+00:00","description":"Sherlock Holmes Jakarta. Juega a un Juego de Ciudad de misterio de asesinato autoguiado, resuelve rompecabezas, sigue pistas y descubre al asesino a tu propio ritmo!","breadcrumb":{"@id":"https:\/\/testwebsite.citygame.com\/es\/games\/jakarta\/sherlock-holmes-jakarta\/#breadcrumb"},"inLanguage":"es","potentialAction":[{"@type":"ReadAction","target":["https:\/\/testwebsite.citygame.com\/es\/games\/jakarta\/sherlock-holmes-jakarta\/"]}]},{"@type":"ImageObject","inLanguage":"es","@id":"https:\/\/testwebsite.citygame.com\/es\/games\/jakarta\/sherlock-holmes-jakarta\/#primaryimage","url":"https:\/\/testwebsite.citygame.com\/wp-content\/blogs.dir\/1\/files\/sites\/62\/2026\/02\/group-of-friends-playing-city-game-jakarta.jpg","contentUrl":"https:\/\/testwebsite.citygame.com\/wp-content\/blogs.dir\/1\/files\/sites\/62\/2026\/02\/group-of-friends-playing-city-game-jakarta.jpg","width":1344,"height":768,"caption":"A group of friends navigate the city streets using a paper map and a smartphone app."},{"@type":"BreadcrumbList","@id":"https:\/\/testwebsite.citygame.com\/es\/games\/jakarta\/sherlock-holmes-jakarta\/#breadcrumb","itemListElement":[{"@type":"ListItem","position":1,"name":"Home","item":"https:\/\/testwebsite.citygame.com\/es\/"},{"@type":"ListItem","position":2,"name":"Shop","item":"https:\/\/testwebsite.citygame.com\/shop\/"},{"@type":"ListItem","position":3,"name":"Sherlock Holmes Jakarta"}]},{"@type":"WebSite","@id":"https:\/\/testwebsite.upevents.nl\/#website","url":"https:\/\/testwebsite.upevents.nl\/","name":"City Game","description":"","publisher":{"@id":"https:\/\/testwebsite.upevents.nl\/#organization"},"alternateName":"citygame.com","potentialAction":[{"@type":"SearchAction","target":{"@type":"EntryPoint","urlTemplate":"https:\/\/testwebsite.upevents.nl\/?s={search_term_string}"},"query-input":{"@type":"PropertyValueSpecification","valueRequired":true,"valueName":"search_term_string"}}],"inLanguage":"es"},{"@type":["Organization","Place"],"@id":"https:\/\/testwebsite.upevents.nl\/#organization","name":"City Game","alternateName":"citygame.com","url":"https:\/\/testwebsite.upevents.nl\/","logo":{"@id":"https:\/\/testwebsite.citygame.com\/es\/games\/jakarta\/sherlock-holmes-jakarta\/#local-main-organization-logo"},"image":{"@id":"https:\/\/testwebsite.citygame.com\/es\/games\/jakarta\/sherlock-holmes-jakarta\/#local-main-organization-logo"},"sameAs":["https:\/\/www.facebook.com\/profile.php?id=100086426226253","https:\/\/www.instagram.com\/citygame_com","https:\/\/www.tiktok.com\/@citygamecom\/","https:\/\/www.linkedin.com\/company\/citygame-com"],"description":"Turn any city into a playground with our interactive City Games and self-guided tours. Fun, flexible, and ideal for groups and team building.","telephone":[],"openingHoursSpecification":[{"@type":"OpeningHoursSpecification","dayOfWeek":["Monday","Tuesday","Wednesday","Thursday","Friday","Saturday","Sunday"],"opens":"09:00","closes":"17:00"}]},{"@type":"ImageObject","inLanguage":"es","@id":"https:\/\/testwebsite.citygame.com\/es\/games\/jakarta\/sherlock-holmes-jakarta\/#local-main-organization-logo","url":"https:\/\/testwebsite.citygame.com\/wp-content\/blogs.dir\/1\/files\/sites\/62\/2025\/10\/CG_LOGO-City-Game.png","contentUrl":"https:\/\/testwebsite.citygame.com\/wp-content\/blogs.dir\/1\/files\/sites\/62\/2025\/10\/CG_LOGO-City-Game.png","width":351,"height":377,"caption":"City Game"}]}},"taxonomy_info":{"game-concept":[{"value":772,"label":"Sherlock"}],"location":[{"value":213,"label":"Jakarta"}],"product_cat":[{"value":666,"label":"Sin categorizar"}]},"featured_image_src_large":["https:\/\/testwebsite.citygame.com\/wp-content\/blogs.dir\/1\/files\/sites\/62\/2026\/02\/group-of-friends-playing-city-game-jakarta-1024x585.jpg",1024,585,true],"author_info":[],"comment_info":"","_links":{"self":[{"href":"https:\/\/testwebsite.citygame.com\/es\/wp-json\/wp\/v2\/product\/58707","targetHints":{"allow":["GET"]}}],"collection":[{"href":"https:\/\/testwebsite.citygame.com\/es\/wp-json\/wp\/v2\/product"}],"about":[{"href":"https:\/\/testwebsite.citygame.com\/es\/wp-json\/wp\/v2\/types\/product"}],"acf:post":[{"embeddable":true,"href":"https:\/\/testwebsite.citygame.com\/es\/wp-json\/wp\/v2\/pages\/6649"}],"wp:featuredmedia":[{"embeddable":true,"href":"https:\/\/testwebsite.citygame.com\/es\/wp-json\/wp\/v2\/media\/10499"}],"wp:attachment":[{"href":"https:\/\/testwebsite.citygame.com\/es\/wp-json\/wp\/v2\/media?parent=58707"}],"wp:term":[{"taxonomy":"game-concept","embeddable":true,"href":"https:\/\/testwebsite.citygame.com\/es\/wp-json\/wp\/v2\/game-concept?post=58707"},{"taxonomy":"location","embeddable":true,"href":"https:\/\/testwebsite.citygame.com\/es\/wp-json\/wp\/v2\/location?post=58707"},{"taxonomy":"product_brand","embeddable":true,"href":"https:\/\/testwebsite.citygame.com\/es\/wp-json\/wp\/v2\/product_brand?post=58707"},{"taxonomy":"product_cat","embeddable":true,"href":"https:\/\/testwebsite.citygame.com\/es\/wp-json\/wp\/v2\/product_cat?post=58707"},{"taxonomy":"product_tag","embeddable":true,"href":"https:\/\/testwebsite.citygame.com\/es\/wp-json\/wp\/v2\/product_tag?post=58707"}],"curies":[{"name":"wp","href":"https:\/\/api.w.org\/{rel}","templated":true}]}}