{"id":58105,"date":"2026-02-19T12:53:19","date_gmt":"2026-02-19T12:53:19","guid":{"rendered":"https:\/\/testwebsite.citygame.com\/games\/unknown-location\/sherlock-holmes-brasov\/"},"modified":"2026-04-08T01:40:09","modified_gmt":"2026-04-08T01:40:09","slug":"sherlock-holmes-brasov","status":"publish","type":"product","link":"https:\/\/testwebsite.citygame.com\/es\/games\/brasov\/sherlock-holmes-brasov\/","title":{"rendered":"Sherlock Holmes Brasov"},"content":{"rendered":"<p>Avent\u00farate en el coraz\u00f3n del centro hist\u00f3rico de Brasov con nuestro juego de ciudad de Sherlock Holmes autoguiado y basado en una historia. Imagina el tel\u00f3n de fondo medieval de la ciudad como tu escenario inmersivo para una apasionante investigaci\u00f3n detectivesca, desvelando una escalofriante narrativa de un asesinato durante el Liberty Festival. Si\u00e9ntete como un verdadero detective mientras te mueves por las calles adoquinadas, reuniendo pistas, resolviendo rompecabezas alucinantes e interrogando a sospechosos digitales, todo a tu propio ritmo. Sum\u00e9rgete en el intrincado mundo de Sherlock Holmes, experimentando el emocionante suspense y misterio sin revelar la soluci\u00f3n. Disfruta de la libertad de explorar un misterio &#8216;sherlockiano&#8217; a tu propio ritmo, a\u00f1adiendo profundidad a la experiencia detectivesca.<\/p>\n","protected":false},"excerpt":{"rendered":"<p>Ponte en los cautivadores zapatos de Sherlock Holmes en un emocionante misterio de asesinato autoguiado justo en el coraz\u00f3n de Brasov. \u00a1T\u00fa y tu equipo deben seguir pistas escurridizas, sumergirse en intrigantes rompecabezas y trabajar intensamente contra el reloj para desvelar la verdad antes de que sea demasiado tarde!<\/p>\n","protected":false},"featured_media":14885,"template":"","meta":{"_acf_changed":false,"_yoast_wpseo_focuskw":"Sherlock Holmes Brasov","_yoast_wpseo_metadesc":"Sherlock Holmes Brasov. \u00a1Juega un juego de ciudad de misterio de asesinato autoguiado, resuelve rompecabezas, sigue pistas y descubre al asesino a tu propio ritmo!","_kad_blocks_custom_css":"","_kad_blocks_head_custom_js":"","_kad_blocks_body_custom_js":"","_kad_blocks_footer_custom_js":"","ghostkit_customizer_options":"","ghostkit_custom_css":"","ghostkit_custom_js_head":"","ghostkit_custom_js_foot":"","ghostkit_typography":"","_kad_post_transparent":"","_kad_post_title":"","_kad_post_layout":"","_kad_post_sidebar_id":"","_kad_post_content_style":"","_kad_post_vertical_padding":"","_kad_post_feature":"","_kad_post_feature_position":"","_kad_post_header":false,"_kad_post_footer":false,"_kad_post_classname":"","_links_to":"","_links_to_target":""},"game-concept":[772],"location":[98],"product_brand":[],"product_cat":[666],"product_tag":[],"class_list":{"0":"post-58105","1":"product","2":"type-product","3":"status-publish","4":"has-post-thumbnail","6":"game-concept-sherlock","7":"location-brasov","8":"product_cat-sin-categorizar","10":"first","11":"instock","12":"shipping-taxable","13":"purchasable","14":"product-type-simple","15":"entry","16":"content-bg","17":"loop-entry"},"acf":{"full_bokun_product_name":"Brasov Self-Guided Sherlock Holmes Murder Mystery Game","location_name":"Brasov","bokun_calendar_widget_code":"<script type=\"text\/javascript\" src=\"https:\/\/widgets.bokun.io\/assets\/javascripts\/apps\/build\/BokunWidgetsLoader.js?bookingChannelUUID=a1e93e96-5232-4734-a595-28405f4b5a31\" async><\/script>\n     \n    <div class=\"bokunWidget\" data-src=\"https:\/\/widgets.bokun.io\/online-sales\/a1e93e96-5232-4734-a595-28405f4b5a31\/experience-calendar\/771678\"><\/div>\n    <noscript>Please enable javascript in your browser to book<\/noscript>","bokun_button_widget_code":"<script type=\"text\/javascript\" src=\"https:\/\/widgets.bokun.io\/assets\/javascripts\/apps\/build\/BokunWidgetsLoader.js?bookingChannelUUID=a1e93e96-5232-4734-a595-28405f4b5a31\" async><\/script>\n      <style> #bokun_ed001e45_5927_4f62_b470_ca766338d083 { display: inline-block; padding: .4em 1em; background: #47b82e; border-radius: 999999px; box-shadow: none; font-weight: 600; font-size: 24px; text-decoration: none; text-align: center; color: #FFFFFF; border:none; cursor: pointer; transition: background .2s ease; } #bokun_ed001e45_5927_4f62_b470_ca766338d083:hover{ background: #2f7b1f; } #bokun_ed001e45_5927_4f62_b470_ca766338d083:active{ background: #378f24; } <\/style> <button class=\"bokunButton\" disabled id=bokun_ed001e45_5927_4f62_b470_ca766338d083 data-src=\"https:\/\/widgets.bokun.io\/online-sales\/a1e93e96-5232-4734-a595-28405f4b5a31\/experience-calendar\/771678?partialView=1\" data-testid=\"widget-book-button\" > Book now <\/button> ","what_you\u2019ll_experience_during_the_game":"Imag\u00ednate inmerso en el torbellino de una apasionante historia de detectives ambientada en el coraz\u00f3n de Brasov. Cada paso que das por las calles de la ciudad desvela una capa m\u00e1s del misterio, acerc\u00e1ndote a la verdad. Te encontrar\u00e1s examinando pistas, resolviendo desafiantes rompecabezas y encontrando giros inesperados que empujan los l\u00edmites de tu investigaci\u00f3n. \n\nConversar con sospechosos digitales, encontrar inconsistencias en las coartadas, comparar y contrastar varios testimonios: todos estos m\u00e9todos te acercar\u00e1n a desvelar los secretos ocultos. A medida que la historia se desarrolla, tu tarea es arrojar luz sobre un crimen cometido durante el Liberty Festival. Recuerda, esta experiencia exige tu pensamiento cr\u00edtico, observaci\u00f3n y poder de deducci\u00f3n. Es una experiencia completamente basada en la historia que te permite jugar a tu propio ritmo, e incluso ofrece un elemento de competici\u00f3n para equipos. \u00a1Aprovecha esta oportunidad para liberar a tu detective interior!","how_to_play":"Juega solo o con amigos, familiares o colegas en equipos de hasta cuatro personas por dispositivo. Despu\u00e9s de reservar, recibir\u00e1s un correo electr\u00f3nico con las instrucciones y todo lo que necesitas.","start_location":"Brasov, Prim\u0103ria Bra\u0219ov","available_languages":["en","nl","it","de","fr","es"],"players_per_group":"1-4","duration":"1.5-2 hours","image_overlay_color_image":"https:\/\/testwebsite.citygame.com\/wp-content\/blogs.dir\/1\/files\/sites\/62\/2026\/01\/SherlockColor.svg","image_overlay_game_logo":"https:\/\/testwebsite.citygame.com\/wp-content\/blogs.dir\/1\/files\/sites\/62\/2026\/01\/SherlockLogo.png","city_page":12185,"woocommerce_general_content":null},"yoast_head":"<!-- This site is optimized with the Yoast SEO Premium plugin v26.2 (Yoast SEO v26.3) - https:\/\/yoast.com\/wordpress\/plugins\/seo\/ -->\n<title>Sherlock Holmes Brasov - City Game<\/title>\n<meta name=\"description\" content=\"Sherlock Holmes Brasov. \u00a1Juega un juego de ciudad de misterio de asesinato autoguiado, resuelve rompecabezas, sigue pistas y descubre al asesino a tu propio ritmo!\" \/>\n<meta name=\"robots\" content=\"noindex, follow, max-snippet:-1, max-image-preview:large, max-video-preview:-1\" \/>\n<meta property=\"og:locale\" content=\"es_ES\" \/>\n<meta property=\"og:type\" content=\"article\" \/>\n<meta property=\"og:title\" content=\"Sherlock Holmes Brasov\" \/>\n<meta property=\"og:description\" content=\"Sherlock Holmes Brasov. \u00a1Juega un juego de ciudad de misterio de asesinato autoguiado, resuelve rompecabezas, sigue pistas y descubre al asesino a tu propio ritmo!\" \/>\n<meta property=\"og:url\" content=\"https:\/\/testwebsite.citygame.com\/es\/games\/brasov\/sherlock-holmes-brasov\/\" \/>\n<meta property=\"og:site_name\" content=\"City Game\" \/>\n<meta property=\"article:publisher\" content=\"https:\/\/www.facebook.com\/profile.php?id=100086426226253\" \/>\n<meta property=\"article:modified_time\" content=\"2026-04-08T01:40:09+00:00\" \/>\n<meta property=\"og:image\" content=\"https:\/\/testwebsite.citygame.com\/wp-content\/blogs.dir\/1\/files\/sites\/62\/2026\/02\/brasov-sherlock-game-player-in-park.jpg\" \/>\n\t<meta property=\"og:image:width\" content=\"1024\" \/>\n\t<meta property=\"og:image:height\" content=\"1024\" \/>\n\t<meta property=\"og:image:type\" content=\"image\/jpeg\" \/>\n<meta name=\"twitter:card\" content=\"summary_large_image\" \/>\n<meta name=\"twitter:label1\" content=\"Tiempo de lectura\" \/>\n\t<meta name=\"twitter:data1\" content=\"1 minuto\" \/>\n<script type=\"application\/ld+json\" class=\"yoast-schema-graph\">{\"@context\":\"https:\/\/schema.org\",\"@graph\":[{\"@type\":\"WebPage\",\"@id\":\"https:\/\/testwebsite.citygame.com\/es\/games\/brasov\/sherlock-holmes-brasov\/\",\"url\":\"https:\/\/testwebsite.citygame.com\/es\/games\/brasov\/sherlock-holmes-brasov\/\",\"name\":\"Sherlock Holmes Brasov - City Game\",\"isPartOf\":{\"@id\":\"https:\/\/testwebsite.upevents.nl\/#website\"},\"primaryImageOfPage\":{\"@id\":\"https:\/\/testwebsite.citygame.com\/es\/games\/brasov\/sherlock-holmes-brasov\/#primaryimage\"},\"image\":{\"@id\":\"https:\/\/testwebsite.citygame.com\/es\/games\/brasov\/sherlock-holmes-brasov\/#primaryimage\"},\"thumbnailUrl\":\"https:\/\/testwebsite.citygame.com\/wp-content\/blogs.dir\/1\/files\/sites\/62\/2026\/02\/brasov-sherlock-game-player-in-park.jpg\",\"datePublished\":\"2026-02-19T12:53:19+00:00\",\"dateModified\":\"2026-04-08T01:40:09+00:00\",\"description\":\"Sherlock Holmes Brasov. \u00a1Juega un juego de ciudad de misterio de asesinato autoguiado, resuelve rompecabezas, sigue pistas y descubre al asesino a tu propio ritmo!\",\"breadcrumb\":{\"@id\":\"https:\/\/testwebsite.citygame.com\/es\/games\/brasov\/sherlock-holmes-brasov\/#breadcrumb\"},\"inLanguage\":\"es\",\"potentialAction\":[{\"@type\":\"ReadAction\",\"target\":[\"https:\/\/testwebsite.citygame.com\/es\/games\/brasov\/sherlock-holmes-brasov\/\"]}]},{\"@type\":\"ImageObject\",\"inLanguage\":\"es\",\"@id\":\"https:\/\/testwebsite.citygame.com\/es\/games\/brasov\/sherlock-holmes-brasov\/#primaryimage\",\"url\":\"https:\/\/testwebsite.citygame.com\/wp-content\/blogs.dir\/1\/files\/sites\/62\/2026\/02\/brasov-sherlock-game-player-in-park.jpg\",\"contentUrl\":\"https:\/\/testwebsite.citygame.com\/wp-content\/blogs.dir\/1\/files\/sites\/62\/2026\/02\/brasov-sherlock-game-player-in-park.jpg\",\"width\":1024,\"height\":1024,\"caption\":\"A young woman interacts with the Sherlock city game on her smartphone in a park in Brasov.\"},{\"@type\":\"BreadcrumbList\",\"@id\":\"https:\/\/testwebsite.citygame.com\/es\/games\/brasov\/sherlock-holmes-brasov\/#breadcrumb\",\"itemListElement\":[{\"@type\":\"ListItem\",\"position\":1,\"name\":\"Home\",\"item\":\"https:\/\/testwebsite.citygame.com\/es\/\"},{\"@type\":\"ListItem\",\"position\":2,\"name\":\"Shop\",\"item\":\"https:\/\/testwebsite.citygame.com\/shop\/\"},{\"@type\":\"ListItem\",\"position\":3,\"name\":\"Sherlock Holmes Brasov\"}]},{\"@type\":\"WebSite\",\"@id\":\"https:\/\/testwebsite.upevents.nl\/#website\",\"url\":\"https:\/\/testwebsite.upevents.nl\/\",\"name\":\"City Game\",\"description\":\"\",\"publisher\":{\"@id\":\"https:\/\/testwebsite.upevents.nl\/#organization\"},\"alternateName\":\"citygame.com\",\"potentialAction\":[{\"@type\":\"SearchAction\",\"target\":{\"@type\":\"EntryPoint\",\"urlTemplate\":\"https:\/\/testwebsite.upevents.nl\/?s={search_term_string}\"},\"query-input\":{\"@type\":\"PropertyValueSpecification\",\"valueRequired\":true,\"valueName\":\"search_term_string\"}}],\"inLanguage\":\"es\"},{\"@type\":[\"Organization\",\"Place\"],\"@id\":\"https:\/\/testwebsite.upevents.nl\/#organization\",\"name\":\"City Game\",\"alternateName\":\"citygame.com\",\"url\":\"https:\/\/testwebsite.upevents.nl\/\",\"logo\":{\"@id\":\"https:\/\/testwebsite.citygame.com\/es\/games\/brasov\/sherlock-holmes-brasov\/#local-main-organization-logo\"},\"image\":{\"@id\":\"https:\/\/testwebsite.citygame.com\/es\/games\/brasov\/sherlock-holmes-brasov\/#local-main-organization-logo\"},\"sameAs\":[\"https:\/\/www.facebook.com\/profile.php?id=100086426226253\",\"https:\/\/www.instagram.com\/citygame_com\",\"https:\/\/www.tiktok.com\/@citygamecom\/\",\"https:\/\/www.linkedin.com\/company\/citygame-com\"],\"description\":\"Turn any city into a playground with our interactive City Games and self-guided tours. Fun, flexible, and ideal for groups and team building.\",\"telephone\":[],\"openingHoursSpecification\":[{\"@type\":\"OpeningHoursSpecification\",\"dayOfWeek\":[\"Monday\",\"Tuesday\",\"Wednesday\",\"Thursday\",\"Friday\",\"Saturday\",\"Sunday\"],\"opens\":\"09:00\",\"closes\":\"17:00\"}]},{\"@type\":\"ImageObject\",\"inLanguage\":\"es\",\"@id\":\"https:\/\/testwebsite.citygame.com\/es\/games\/brasov\/sherlock-holmes-brasov\/#local-main-organization-logo\",\"url\":\"https:\/\/testwebsite.citygame.com\/wp-content\/blogs.dir\/1\/files\/sites\/62\/2025\/10\/CG_LOGO-City-Game.png\",\"contentUrl\":\"https:\/\/testwebsite.citygame.com\/wp-content\/blogs.dir\/1\/files\/sites\/62\/2025\/10\/CG_LOGO-City-Game.png\",\"width\":351,\"height\":377,\"caption\":\"City Game\"}]}<\/script>\n<!-- \/ Yoast SEO Premium plugin. -->","yoast_head_json":{"title":"Sherlock Holmes Brasov - City Game","description":"Sherlock Holmes Brasov. \u00a1Juega un juego de ciudad de misterio de asesinato autoguiado, resuelve rompecabezas, sigue pistas y descubre al asesino a tu propio ritmo!","robots":{"index":"noindex","follow":"follow","max-snippet":"max-snippet:-1","max-image-preview":"max-image-preview:large","max-video-preview":"max-video-preview:-1"},"og_locale":"es_ES","og_type":"article","og_title":"Sherlock Holmes Brasov","og_description":"Sherlock Holmes Brasov. \u00a1Juega un juego de ciudad de misterio de asesinato autoguiado, resuelve rompecabezas, sigue pistas y descubre al asesino a tu propio ritmo!","og_url":"https:\/\/testwebsite.citygame.com\/es\/games\/brasov\/sherlock-holmes-brasov\/","og_site_name":"City Game","article_publisher":"https:\/\/www.facebook.com\/profile.php?id=100086426226253","article_modified_time":"2026-04-08T01:40:09+00:00","og_image":[{"width":1024,"height":1024,"url":"https:\/\/testwebsite.citygame.com\/wp-content\/blogs.dir\/1\/files\/sites\/62\/2026\/02\/brasov-sherlock-game-player-in-park.jpg","type":"image\/jpeg"}],"twitter_card":"summary_large_image","twitter_misc":{"Tiempo de lectura":"1 minuto"},"schema":{"@context":"https:\/\/schema.org","@graph":[{"@type":"WebPage","@id":"https:\/\/testwebsite.citygame.com\/es\/games\/brasov\/sherlock-holmes-brasov\/","url":"https:\/\/testwebsite.citygame.com\/es\/games\/brasov\/sherlock-holmes-brasov\/","name":"Sherlock Holmes Brasov - City Game","isPartOf":{"@id":"https:\/\/testwebsite.upevents.nl\/#website"},"primaryImageOfPage":{"@id":"https:\/\/testwebsite.citygame.com\/es\/games\/brasov\/sherlock-holmes-brasov\/#primaryimage"},"image":{"@id":"https:\/\/testwebsite.citygame.com\/es\/games\/brasov\/sherlock-holmes-brasov\/#primaryimage"},"thumbnailUrl":"https:\/\/testwebsite.citygame.com\/wp-content\/blogs.dir\/1\/files\/sites\/62\/2026\/02\/brasov-sherlock-game-player-in-park.jpg","datePublished":"2026-02-19T12:53:19+00:00","dateModified":"2026-04-08T01:40:09+00:00","description":"Sherlock Holmes Brasov. \u00a1Juega un juego de ciudad de misterio de asesinato autoguiado, resuelve rompecabezas, sigue pistas y descubre al asesino a tu propio ritmo!","breadcrumb":{"@id":"https:\/\/testwebsite.citygame.com\/es\/games\/brasov\/sherlock-holmes-brasov\/#breadcrumb"},"inLanguage":"es","potentialAction":[{"@type":"ReadAction","target":["https:\/\/testwebsite.citygame.com\/es\/games\/brasov\/sherlock-holmes-brasov\/"]}]},{"@type":"ImageObject","inLanguage":"es","@id":"https:\/\/testwebsite.citygame.com\/es\/games\/brasov\/sherlock-holmes-brasov\/#primaryimage","url":"https:\/\/testwebsite.citygame.com\/wp-content\/blogs.dir\/1\/files\/sites\/62\/2026\/02\/brasov-sherlock-game-player-in-park.jpg","contentUrl":"https:\/\/testwebsite.citygame.com\/wp-content\/blogs.dir\/1\/files\/sites\/62\/2026\/02\/brasov-sherlock-game-player-in-park.jpg","width":1024,"height":1024,"caption":"A young woman interacts with the Sherlock city game on her smartphone in a park in Brasov."},{"@type":"BreadcrumbList","@id":"https:\/\/testwebsite.citygame.com\/es\/games\/brasov\/sherlock-holmes-brasov\/#breadcrumb","itemListElement":[{"@type":"ListItem","position":1,"name":"Home","item":"https:\/\/testwebsite.citygame.com\/es\/"},{"@type":"ListItem","position":2,"name":"Shop","item":"https:\/\/testwebsite.citygame.com\/shop\/"},{"@type":"ListItem","position":3,"name":"Sherlock Holmes Brasov"}]},{"@type":"WebSite","@id":"https:\/\/testwebsite.upevents.nl\/#website","url":"https:\/\/testwebsite.upevents.nl\/","name":"City Game","description":"","publisher":{"@id":"https:\/\/testwebsite.upevents.nl\/#organization"},"alternateName":"citygame.com","potentialAction":[{"@type":"SearchAction","target":{"@type":"EntryPoint","urlTemplate":"https:\/\/testwebsite.upevents.nl\/?s={search_term_string}"},"query-input":{"@type":"PropertyValueSpecification","valueRequired":true,"valueName":"search_term_string"}}],"inLanguage":"es"},{"@type":["Organization","Place"],"@id":"https:\/\/testwebsite.upevents.nl\/#organization","name":"City Game","alternateName":"citygame.com","url":"https:\/\/testwebsite.upevents.nl\/","logo":{"@id":"https:\/\/testwebsite.citygame.com\/es\/games\/brasov\/sherlock-holmes-brasov\/#local-main-organization-logo"},"image":{"@id":"https:\/\/testwebsite.citygame.com\/es\/games\/brasov\/sherlock-holmes-brasov\/#local-main-organization-logo"},"sameAs":["https:\/\/www.facebook.com\/profile.php?id=100086426226253","https:\/\/www.instagram.com\/citygame_com","https:\/\/www.tiktok.com\/@citygamecom\/","https:\/\/www.linkedin.com\/company\/citygame-com"],"description":"Turn any city into a playground with our interactive City Games and self-guided tours. Fun, flexible, and ideal for groups and team building.","telephone":[],"openingHoursSpecification":[{"@type":"OpeningHoursSpecification","dayOfWeek":["Monday","Tuesday","Wednesday","Thursday","Friday","Saturday","Sunday"],"opens":"09:00","closes":"17:00"}]},{"@type":"ImageObject","inLanguage":"es","@id":"https:\/\/testwebsite.citygame.com\/es\/games\/brasov\/sherlock-holmes-brasov\/#local-main-organization-logo","url":"https:\/\/testwebsite.citygame.com\/wp-content\/blogs.dir\/1\/files\/sites\/62\/2025\/10\/CG_LOGO-City-Game.png","contentUrl":"https:\/\/testwebsite.citygame.com\/wp-content\/blogs.dir\/1\/files\/sites\/62\/2025\/10\/CG_LOGO-City-Game.png","width":351,"height":377,"caption":"City Game"}]}},"taxonomy_info":{"game-concept":[{"value":772,"label":"Sherlock"}],"location":[{"value":98,"label":"Brasov"}],"product_cat":[{"value":666,"label":"Sin categorizar"}]},"featured_image_src_large":["https:\/\/testwebsite.citygame.com\/wp-content\/blogs.dir\/1\/files\/sites\/62\/2026\/02\/brasov-sherlock-game-player-in-park.jpg",1024,1024,false],"author_info":[],"comment_info":"","_links":{"self":[{"href":"https:\/\/testwebsite.citygame.com\/es\/wp-json\/wp\/v2\/product\/58105","targetHints":{"allow":["GET"]}}],"collection":[{"href":"https:\/\/testwebsite.citygame.com\/es\/wp-json\/wp\/v2\/product"}],"about":[{"href":"https:\/\/testwebsite.citygame.com\/es\/wp-json\/wp\/v2\/types\/product"}],"acf:post":[{"embeddable":true,"href":"https:\/\/testwebsite.citygame.com\/es\/wp-json\/wp\/v2\/pages\/12185"}],"wp:featuredmedia":[{"embeddable":true,"href":"https:\/\/testwebsite.citygame.com\/es\/wp-json\/wp\/v2\/media\/14885"}],"wp:attachment":[{"href":"https:\/\/testwebsite.citygame.com\/es\/wp-json\/wp\/v2\/media?parent=58105"}],"wp:term":[{"taxonomy":"game-concept","embeddable":true,"href":"https:\/\/testwebsite.citygame.com\/es\/wp-json\/wp\/v2\/game-concept?post=58105"},{"taxonomy":"location","embeddable":true,"href":"https:\/\/testwebsite.citygame.com\/es\/wp-json\/wp\/v2\/location?post=58105"},{"taxonomy":"product_brand","embeddable":true,"href":"https:\/\/testwebsite.citygame.com\/es\/wp-json\/wp\/v2\/product_brand?post=58105"},{"taxonomy":"product_cat","embeddable":true,"href":"https:\/\/testwebsite.citygame.com\/es\/wp-json\/wp\/v2\/product_cat?post=58105"},{"taxonomy":"product_tag","embeddable":true,"href":"https:\/\/testwebsite.citygame.com\/es\/wp-json\/wp\/v2\/product_tag?post=58105"}],"curies":[{"name":"wp","href":"https:\/\/api.w.org\/{rel}","templated":true}]}}