{"id":55492,"date":"2026-01-13T11:46:22","date_gmt":"2026-01-13T11:46:22","guid":{"rendered":"https:\/\/testwebsite.citygame.com\/games\/unknown-location\/secrets-of-linkoping\/"},"modified":"2026-04-07T20:56:42","modified_gmt":"2026-04-07T20:56:42","slug":"secrets-of-linkoping","status":"publish","type":"product","link":"https:\/\/testwebsite.citygame.com\/es\/games\/linkoping\/secrets-of-linkoping\/","title":{"rendered":"Secrets of Link\u00f6ping"},"content":{"rendered":"<p>El City Game Link\u00f6ping es un juego autoguiado basado en GPS que tiene lugar en el centro de Link\u00f6ping. Usando un smartphone, los jugadores exploran la zona mientras resuelven una variedad de rompecabezas, acertijos y desaf\u00edos fotogr\u00e1ficos. Este juego de exploraci\u00f3n interactivo ofrece una forma atractiva de descubrir la cultura, la historia y los detalles ocultos de Link\u00f6ping&#8217;s a tu propio ritmo. El juego urbano autoguiado es adecuado tanto para visitantes como para lugare\u00f1os, y funciona bien para jugadores solitarios, parejas, familias o grupos de amigos. Tanto si eres nuevo en la ciudad como si has vivido all\u00ed durante a\u00f1os, el City Game Link\u00f6ping ofrece una nueva perspectiva de su paisaje urbano.<\/p>\n","protected":false},"excerpt":{"rendered":"<p>\u00a1Descubre la Sabidur\u00eda Oculta de Link\u00f6ping! \u00danete a Elias St\u00e5hl en una emocionante b\u00fasqueda para recuperar su L\u00e1piz M\u00e1gico Definitivo mientras exploras una ciudad donde la historia, la creatividad y la curiosidad cobran vida en cada esquina.<\/p>\n","protected":false},"featured_media":3658,"template":"","meta":{"_acf_changed":false,"_yoast_wpseo_focuskw":"Secrets of Link\u00f6ping","_yoast_wpseo_metadesc":"Secrets of Link\u00f6ping. Juega un City Game autoguiado y explora la ciudad a trav\u00e9s de rompecabezas, acertijos y desaf\u00edos. \u00a1Juega a tu propio ritmo y descubre como un local!","_kad_blocks_custom_css":"","_kad_blocks_head_custom_js":"","_kad_blocks_body_custom_js":"","_kad_blocks_footer_custom_js":"","ghostkit_customizer_options":"","ghostkit_custom_css":"","ghostkit_custom_js_head":"","ghostkit_custom_js_foot":"","ghostkit_typography":"","_kad_post_transparent":"default","_kad_post_title":"","_kad_post_layout":"default","_kad_post_sidebar_id":"","_kad_post_content_style":"default","_kad_post_vertical_padding":"default","_kad_post_feature":"","_kad_post_feature_position":"","_kad_post_header":false,"_kad_post_footer":false,"_kad_post_classname":"","_links_to":"","_links_to_target":""},"game-concept":[711],"location":[244],"product_brand":[],"product_cat":[666],"product_tag":[],"class_list":{"0":"post-55492","1":"product","2":"type-product","3":"status-publish","4":"has-post-thumbnail","6":"game-concept-secrets","7":"location-linkoping","8":"product_cat-sin-categorizar","10":"first","11":"instock","12":"shipping-taxable","13":"purchasable","14":"product-type-simple","15":"entry","16":"content-bg","17":"loop-entry"},"acf":{"full_bokun_product_name":"Self-Guided Secrets of Link\u00f6ping Exploration Game","location_name":"Link\u00f6ping","bokun_calendar_widget_code":"<script type=\"text\/javascript\" src=\"https:\/\/widgets.bokun.io\/assets\/javascripts\/apps\/build\/BokunWidgetsLoader.js?bookingChannelUUID=a1e93e96-5232-4734-a595-28405f4b5a31\" async><\/script>\n     \n    <div class=\"bokunWidget\" data-src=\"https:\/\/widgets.bokun.io\/online-sales\/a1e93e96-5232-4734-a595-28405f4b5a31\/experience-calendar\/1097027\"><\/div>\n    <noscript>Please enable javascript in your browser to book<\/noscript>","bokun_button_widget_code":"<script type=\"text\/javascript\" src=\"https:\/\/widgets.bokun.io\/assets\/javascripts\/apps\/build\/BokunWidgetsLoader.js?bookingChannelUUID=a1e93e96-5232-4734-a595-28405f4b5a31\" async><\/script>\n      <style> #bokun_ed001e45_5927_4f62_b470_ca766338d083 { display: inline-block; padding: .4em 1em; background: #47b82e; border-radius: 999999px; box-shadow: none; font-weight: 600; font-size: 24px; text-decoration: none; text-align: center; color: #FFFFFF; border:none; cursor: pointer; transition: background .2s ease; } #bokun_ed001e45_5927_4f62_b470_ca766338d083:hover{ background: #2f7b1f; } #bokun_ed001e45_5927_4f62_b470_ca766338d083:active{ background: #378f24; } <\/style> <button class=\"bokunButton\" disabled id=bokun_ed001e45_5927_4f62_b470_ca766338d083 data-src=\"https:\/\/widgets.bokun.io\/online-sales\/a1e93e96-5232-4734-a595-28405f4b5a31\/experience-calendar\/1097027?partialView=1\" data-testid=\"widget-book-button\" > Book now <\/button> ","what_you\u2019ll_experience_during_the_game":"Durante el City Game Secrets of Link\u00f6ping, descubrir\u00e1s la ciudad a trav\u00e9s de una exploraci\u00f3n narrativa combinada con desaf\u00edos interactivos. A medida que la historia se desarrolla, la ruta te lleva por lugares tanto ic\u00f3nicos como menos conocidos, ofreciendo una perspectiva m\u00e1s rica del paisaje y la historia de la ciudad. Pasar\u00e1s por sitios destacados como la distintiva Torre Nya R\u00e5dhuset en Stora Torget, el expresivo arte callejero a lo largo de Platensgatan, y las colecciones culturales del \u00d6sterg\u00f6tlands Museum. Rincones tranquilos como Lilla Torget y la grandiosa Link\u00f6ping Cathedral a\u00f1aden diversidad a la experiencia, mezclando la energ\u00eda de la ciudad con momentos de reflexi\u00f3n.\r\n\r\nMientras exploras Link\u00f6ping, resolver\u00e1s rompecabezas, responder\u00e1s acertijos, completar\u00e1s preguntas y te enfrentar\u00e1s a tareas fotogr\u00e1ficas imaginativas que guiar\u00e1n tu progreso. Cada desaf\u00edo te da la oportunidad de ganar puntos, desbloquear pistas \u00fatiles y acercarte a resolver el misterio final. El juego es flexible y se puede pausar en cualquier momento, permiti\u00e9ndote tomar descansos o explorar la ciudad a tu propio ritmo. Los jugadores con esp\u00edritu competitivo pueden seguir su rendimiento en la tabla de clasificaci\u00f3n, lo que lo convierte en un divertido equilibrio entre descubrimiento y competici\u00f3n amistosa.","how_to_play":"Despu\u00e9s de reservar tu City Game Link\u00f6ping, recibir\u00e1s un correo electr\u00f3nico con un enlace directo para jugar. Simplemente ve al punto de partida en L\u00e4rkans Spr\u00e5kf\u00f6rskola, abre el enlace en tu smartphone y comienza tu aventura cuando est\u00e9s listo. Puedes pausar y reanudar el juego mientras exploras la ciudad, descubres secretos y disfrutas de la mezcla perfecta de historia y juego.","start_location":"Link\u00f6ping, Spr\u00e5kf\u00f6rskola L\u00e4rkan","available_languages":"","players_per_group":"1-4","duration":"1.5-2 hours","image_overlay_color_image":"https:\/\/testwebsite.citygame.com\/wp-content\/blogs.dir\/1\/files\/sites\/62\/2026\/01\/SecretsColor.svg","image_overlay_game_logo":"https:\/\/testwebsite.citygame.com\/wp-content\/blogs.dir\/1\/files\/sites\/62\/2026\/01\/SecretsLogo.png","city_page":7575,"woocommerce_general_content":null},"yoast_head":"<!-- This site is optimized with the Yoast SEO Premium plugin v26.2 (Yoast SEO v26.3) - https:\/\/yoast.com\/wordpress\/plugins\/seo\/ -->\n<title>Secrets of Link\u00f6ping - City Game<\/title>\n<meta name=\"description\" content=\"Secrets of Link\u00f6ping. Juega un City Game autoguiado y explora la ciudad a trav\u00e9s de rompecabezas, acertijos y desaf\u00edos. \u00a1Juega a tu propio ritmo y descubre como un local!\" \/>\n<meta name=\"robots\" content=\"noindex, follow, max-snippet:-1, max-image-preview:large, max-video-preview:-1\" \/>\n<meta property=\"og:locale\" content=\"es_ES\" \/>\n<meta property=\"og:type\" content=\"article\" \/>\n<meta property=\"og:title\" content=\"Secrets of Link\u00f6ping\" \/>\n<meta property=\"og:description\" content=\"Secrets of Link\u00f6ping. Juega un City Game autoguiado y explora la ciudad a trav\u00e9s de rompecabezas, acertijos y desaf\u00edos. \u00a1Juega a tu propio ritmo y descubre como un local!\" \/>\n<meta property=\"og:url\" content=\"https:\/\/testwebsite.citygame.com\/es\/games\/linkoping\/secrets-of-linkoping\/\" \/>\n<meta property=\"og:site_name\" content=\"City Game\" \/>\n<meta property=\"article:publisher\" content=\"https:\/\/www.facebook.com\/profile.php?id=100086426226253\" \/>\n<meta property=\"article:modified_time\" content=\"2026-04-07T20:56:42+00:00\" \/>\n<meta property=\"og:image\" content=\"https:\/\/testwebsite.citygame.com\/wp-content\/blogs.dir\/1\/files\/sites\/62\/2026\/01\/linkoping-sweden-player-smartphone-city-street.jpg\" \/>\n\t<meta property=\"og:image:width\" content=\"704\" \/>\n\t<meta property=\"og:image:height\" content=\"1472\" \/>\n\t<meta property=\"og:image:type\" content=\"image\/jpeg\" \/>\n<meta name=\"twitter:card\" content=\"summary_large_image\" \/>\n<meta name=\"twitter:label1\" content=\"Tiempo de lectura\" \/>\n\t<meta name=\"twitter:data1\" content=\"1 minuto\" \/>\n<script type=\"application\/ld+json\" class=\"yoast-schema-graph\">{\"@context\":\"https:\/\/schema.org\",\"@graph\":[{\"@type\":\"WebPage\",\"@id\":\"https:\/\/testwebsite.citygame.com\/es\/games\/linkoping\/secrets-of-linkoping\/\",\"url\":\"https:\/\/testwebsite.citygame.com\/es\/games\/linkoping\/secrets-of-linkoping\/\",\"name\":\"Secrets of Link\u00f6ping - City Game\",\"isPartOf\":{\"@id\":\"https:\/\/testwebsite.upevents.nl\/#website\"},\"primaryImageOfPage\":{\"@id\":\"https:\/\/testwebsite.citygame.com\/es\/games\/linkoping\/secrets-of-linkoping\/#primaryimage\"},\"image\":{\"@id\":\"https:\/\/testwebsite.citygame.com\/es\/games\/linkoping\/secrets-of-linkoping\/#primaryimage\"},\"thumbnailUrl\":\"https:\/\/testwebsite.citygame.com\/wp-content\/blogs.dir\/1\/files\/sites\/62\/2026\/01\/linkoping-sweden-player-smartphone-city-street.jpg\",\"datePublished\":\"2026-01-13T11:46:22+00:00\",\"dateModified\":\"2026-04-07T20:56:42+00:00\",\"description\":\"Secrets of Link\u00f6ping. Juega un City Game autoguiado y explora la ciudad a trav\u00e9s de rompecabezas, acertijos y desaf\u00edos. \u00a1Juega a tu propio ritmo y descubre como un local!\",\"breadcrumb\":{\"@id\":\"https:\/\/testwebsite.citygame.com\/es\/games\/linkoping\/secrets-of-linkoping\/#breadcrumb\"},\"inLanguage\":\"es\",\"potentialAction\":[{\"@type\":\"ReadAction\",\"target\":[\"https:\/\/testwebsite.citygame.com\/es\/games\/linkoping\/secrets-of-linkoping\/\"]}]},{\"@type\":\"ImageObject\",\"inLanguage\":\"es\",\"@id\":\"https:\/\/testwebsite.citygame.com\/es\/games\/linkoping\/secrets-of-linkoping\/#primaryimage\",\"url\":\"https:\/\/testwebsite.citygame.com\/wp-content\/blogs.dir\/1\/files\/sites\/62\/2026\/01\/linkoping-sweden-player-smartphone-city-street.jpg\",\"contentUrl\":\"https:\/\/testwebsite.citygame.com\/wp-content\/blogs.dir\/1\/files\/sites\/62\/2026\/01\/linkoping-sweden-player-smartphone-city-street.jpg\",\"width\":704,\"height\":1472,\"caption\":\"A player uses their smartphone to explore a wide, tree-lined pedestrian street in downtown Link\u00f6ping.\"},{\"@type\":\"BreadcrumbList\",\"@id\":\"https:\/\/testwebsite.citygame.com\/es\/games\/linkoping\/secrets-of-linkoping\/#breadcrumb\",\"itemListElement\":[{\"@type\":\"ListItem\",\"position\":1,\"name\":\"Home\",\"item\":\"https:\/\/testwebsite.citygame.com\/es\/\"},{\"@type\":\"ListItem\",\"position\":2,\"name\":\"Shop\",\"item\":\"https:\/\/testwebsite.citygame.com\/shop\/\"},{\"@type\":\"ListItem\",\"position\":3,\"name\":\"Secrets of Link\u00f6ping\"}]},{\"@type\":\"WebSite\",\"@id\":\"https:\/\/testwebsite.upevents.nl\/#website\",\"url\":\"https:\/\/testwebsite.upevents.nl\/\",\"name\":\"City Game\",\"description\":\"\",\"publisher\":{\"@id\":\"https:\/\/testwebsite.upevents.nl\/#organization\"},\"alternateName\":\"citygame.com\",\"potentialAction\":[{\"@type\":\"SearchAction\",\"target\":{\"@type\":\"EntryPoint\",\"urlTemplate\":\"https:\/\/testwebsite.upevents.nl\/?s={search_term_string}\"},\"query-input\":{\"@type\":\"PropertyValueSpecification\",\"valueRequired\":true,\"valueName\":\"search_term_string\"}}],\"inLanguage\":\"es\"},{\"@type\":[\"Organization\",\"Place\"],\"@id\":\"https:\/\/testwebsite.upevents.nl\/#organization\",\"name\":\"City Game\",\"alternateName\":\"citygame.com\",\"url\":\"https:\/\/testwebsite.upevents.nl\/\",\"logo\":{\"@id\":\"https:\/\/testwebsite.citygame.com\/es\/games\/linkoping\/secrets-of-linkoping\/#local-main-organization-logo\"},\"image\":{\"@id\":\"https:\/\/testwebsite.citygame.com\/es\/games\/linkoping\/secrets-of-linkoping\/#local-main-organization-logo\"},\"sameAs\":[\"https:\/\/www.facebook.com\/profile.php?id=100086426226253\",\"https:\/\/www.instagram.com\/citygame_com\",\"https:\/\/www.tiktok.com\/@citygamecom\/\",\"https:\/\/www.linkedin.com\/company\/citygame-com\"],\"description\":\"Turn any city into a playground with our interactive City Games and self-guided tours. Fun, flexible, and ideal for groups and team building.\",\"telephone\":[],\"openingHoursSpecification\":[{\"@type\":\"OpeningHoursSpecification\",\"dayOfWeek\":[\"Monday\",\"Tuesday\",\"Wednesday\",\"Thursday\",\"Friday\",\"Saturday\",\"Sunday\"],\"opens\":\"09:00\",\"closes\":\"17:00\"}]},{\"@type\":\"ImageObject\",\"inLanguage\":\"es\",\"@id\":\"https:\/\/testwebsite.citygame.com\/es\/games\/linkoping\/secrets-of-linkoping\/#local-main-organization-logo\",\"url\":\"https:\/\/testwebsite.citygame.com\/wp-content\/blogs.dir\/1\/files\/sites\/62\/2025\/10\/CG_LOGO-City-Game.png\",\"contentUrl\":\"https:\/\/testwebsite.citygame.com\/wp-content\/blogs.dir\/1\/files\/sites\/62\/2025\/10\/CG_LOGO-City-Game.png\",\"width\":351,\"height\":377,\"caption\":\"City Game\"}]}<\/script>\n<!-- \/ Yoast SEO Premium plugin. -->","yoast_head_json":{"title":"Secrets of Link\u00f6ping - City Game","description":"Secrets of Link\u00f6ping. Juega un City Game autoguiado y explora la ciudad a trav\u00e9s de rompecabezas, acertijos y desaf\u00edos. \u00a1Juega a tu propio ritmo y descubre como un local!","robots":{"index":"noindex","follow":"follow","max-snippet":"max-snippet:-1","max-image-preview":"max-image-preview:large","max-video-preview":"max-video-preview:-1"},"og_locale":"es_ES","og_type":"article","og_title":"Secrets of Link\u00f6ping","og_description":"Secrets of Link\u00f6ping. Juega un City Game autoguiado y explora la ciudad a trav\u00e9s de rompecabezas, acertijos y desaf\u00edos. \u00a1Juega a tu propio ritmo y descubre como un local!","og_url":"https:\/\/testwebsite.citygame.com\/es\/games\/linkoping\/secrets-of-linkoping\/","og_site_name":"City Game","article_publisher":"https:\/\/www.facebook.com\/profile.php?id=100086426226253","article_modified_time":"2026-04-07T20:56:42+00:00","og_image":[{"width":704,"height":1472,"url":"https:\/\/testwebsite.citygame.com\/wp-content\/blogs.dir\/1\/files\/sites\/62\/2026\/01\/linkoping-sweden-player-smartphone-city-street.jpg","type":"image\/jpeg"}],"twitter_card":"summary_large_image","twitter_misc":{"Tiempo de lectura":"1 minuto"},"schema":{"@context":"https:\/\/schema.org","@graph":[{"@type":"WebPage","@id":"https:\/\/testwebsite.citygame.com\/es\/games\/linkoping\/secrets-of-linkoping\/","url":"https:\/\/testwebsite.citygame.com\/es\/games\/linkoping\/secrets-of-linkoping\/","name":"Secrets of Link\u00f6ping - City Game","isPartOf":{"@id":"https:\/\/testwebsite.upevents.nl\/#website"},"primaryImageOfPage":{"@id":"https:\/\/testwebsite.citygame.com\/es\/games\/linkoping\/secrets-of-linkoping\/#primaryimage"},"image":{"@id":"https:\/\/testwebsite.citygame.com\/es\/games\/linkoping\/secrets-of-linkoping\/#primaryimage"},"thumbnailUrl":"https:\/\/testwebsite.citygame.com\/wp-content\/blogs.dir\/1\/files\/sites\/62\/2026\/01\/linkoping-sweden-player-smartphone-city-street.jpg","datePublished":"2026-01-13T11:46:22+00:00","dateModified":"2026-04-07T20:56:42+00:00","description":"Secrets of Link\u00f6ping. Juega un City Game autoguiado y explora la ciudad a trav\u00e9s de rompecabezas, acertijos y desaf\u00edos. \u00a1Juega a tu propio ritmo y descubre como un local!","breadcrumb":{"@id":"https:\/\/testwebsite.citygame.com\/es\/games\/linkoping\/secrets-of-linkoping\/#breadcrumb"},"inLanguage":"es","potentialAction":[{"@type":"ReadAction","target":["https:\/\/testwebsite.citygame.com\/es\/games\/linkoping\/secrets-of-linkoping\/"]}]},{"@type":"ImageObject","inLanguage":"es","@id":"https:\/\/testwebsite.citygame.com\/es\/games\/linkoping\/secrets-of-linkoping\/#primaryimage","url":"https:\/\/testwebsite.citygame.com\/wp-content\/blogs.dir\/1\/files\/sites\/62\/2026\/01\/linkoping-sweden-player-smartphone-city-street.jpg","contentUrl":"https:\/\/testwebsite.citygame.com\/wp-content\/blogs.dir\/1\/files\/sites\/62\/2026\/01\/linkoping-sweden-player-smartphone-city-street.jpg","width":704,"height":1472,"caption":"A player uses their smartphone to explore a wide, tree-lined pedestrian street in downtown Link\u00f6ping."},{"@type":"BreadcrumbList","@id":"https:\/\/testwebsite.citygame.com\/es\/games\/linkoping\/secrets-of-linkoping\/#breadcrumb","itemListElement":[{"@type":"ListItem","position":1,"name":"Home","item":"https:\/\/testwebsite.citygame.com\/es\/"},{"@type":"ListItem","position":2,"name":"Shop","item":"https:\/\/testwebsite.citygame.com\/shop\/"},{"@type":"ListItem","position":3,"name":"Secrets of Link\u00f6ping"}]},{"@type":"WebSite","@id":"https:\/\/testwebsite.upevents.nl\/#website","url":"https:\/\/testwebsite.upevents.nl\/","name":"City Game","description":"","publisher":{"@id":"https:\/\/testwebsite.upevents.nl\/#organization"},"alternateName":"citygame.com","potentialAction":[{"@type":"SearchAction","target":{"@type":"EntryPoint","urlTemplate":"https:\/\/testwebsite.upevents.nl\/?s={search_term_string}"},"query-input":{"@type":"PropertyValueSpecification","valueRequired":true,"valueName":"search_term_string"}}],"inLanguage":"es"},{"@type":["Organization","Place"],"@id":"https:\/\/testwebsite.upevents.nl\/#organization","name":"City Game","alternateName":"citygame.com","url":"https:\/\/testwebsite.upevents.nl\/","logo":{"@id":"https:\/\/testwebsite.citygame.com\/es\/games\/linkoping\/secrets-of-linkoping\/#local-main-organization-logo"},"image":{"@id":"https:\/\/testwebsite.citygame.com\/es\/games\/linkoping\/secrets-of-linkoping\/#local-main-organization-logo"},"sameAs":["https:\/\/www.facebook.com\/profile.php?id=100086426226253","https:\/\/www.instagram.com\/citygame_com","https:\/\/www.tiktok.com\/@citygamecom\/","https:\/\/www.linkedin.com\/company\/citygame-com"],"description":"Turn any city into a playground with our interactive City Games and self-guided tours. Fun, flexible, and ideal for groups and team building.","telephone":[],"openingHoursSpecification":[{"@type":"OpeningHoursSpecification","dayOfWeek":["Monday","Tuesday","Wednesday","Thursday","Friday","Saturday","Sunday"],"opens":"09:00","closes":"17:00"}]},{"@type":"ImageObject","inLanguage":"es","@id":"https:\/\/testwebsite.citygame.com\/es\/games\/linkoping\/secrets-of-linkoping\/#local-main-organization-logo","url":"https:\/\/testwebsite.citygame.com\/wp-content\/blogs.dir\/1\/files\/sites\/62\/2025\/10\/CG_LOGO-City-Game.png","contentUrl":"https:\/\/testwebsite.citygame.com\/wp-content\/blogs.dir\/1\/files\/sites\/62\/2025\/10\/CG_LOGO-City-Game.png","width":351,"height":377,"caption":"City Game"}]}},"taxonomy_info":{"game-concept":[{"value":711,"label":"Secrets"}],"location":[{"value":244,"label":"Link\u00f6ping"}],"product_cat":[{"value":666,"label":"Sin categorizar"}]},"featured_image_src_large":["https:\/\/testwebsite.citygame.com\/wp-content\/blogs.dir\/1\/files\/sites\/62\/2026\/01\/linkoping-sweden-player-smartphone-city-street-490x1024.jpg",490,1024,true],"author_info":[],"comment_info":"","_links":{"self":[{"href":"https:\/\/testwebsite.citygame.com\/es\/wp-json\/wp\/v2\/product\/55492","targetHints":{"allow":["GET"]}}],"collection":[{"href":"https:\/\/testwebsite.citygame.com\/es\/wp-json\/wp\/v2\/product"}],"about":[{"href":"https:\/\/testwebsite.citygame.com\/es\/wp-json\/wp\/v2\/types\/product"}],"acf:post":[{"embeddable":true,"href":"https:\/\/testwebsite.citygame.com\/es\/wp-json\/wp\/v2\/pages\/7575"}],"wp:featuredmedia":[{"embeddable":true,"href":"https:\/\/testwebsite.citygame.com\/es\/wp-json\/wp\/v2\/media\/3658"}],"wp:attachment":[{"href":"https:\/\/testwebsite.citygame.com\/es\/wp-json\/wp\/v2\/media?parent=55492"}],"wp:term":[{"taxonomy":"game-concept","embeddable":true,"href":"https:\/\/testwebsite.citygame.com\/es\/wp-json\/wp\/v2\/game-concept?post=55492"},{"taxonomy":"location","embeddable":true,"href":"https:\/\/testwebsite.citygame.com\/es\/wp-json\/wp\/v2\/location?post=55492"},{"taxonomy":"product_brand","embeddable":true,"href":"https:\/\/testwebsite.citygame.com\/es\/wp-json\/wp\/v2\/product_brand?post=55492"},{"taxonomy":"product_cat","embeddable":true,"href":"https:\/\/testwebsite.citygame.com\/es\/wp-json\/wp\/v2\/product_cat?post=55492"},{"taxonomy":"product_tag","embeddable":true,"href":"https:\/\/testwebsite.citygame.com\/es\/wp-json\/wp\/v2\/product_tag?post=55492"}],"curies":[{"name":"wp","href":"https:\/\/api.w.org\/{rel}","templated":true}]}}