{"id":52633,"date":"2026-01-13T15:27:00","date_gmt":"2026-01-13T15:27:00","guid":{"rendered":"https:\/\/testwebsite.citygame.com\/games\/unknown-location\/secrets-of-dublin\/"},"modified":"2026-04-07T14:57:08","modified_gmt":"2026-04-07T14:57:08","slug":"secrets-of-dublin","status":"publish","type":"product","link":"https:\/\/testwebsite.citygame.com\/es\/games\/dublin\/secrets-of-dublin\/","title":{"rendered":"Secrets of Dublin"},"content":{"rendered":"<p>El City Game Dublin es un juego autoguiado, basado en GPS, que se desarrolla en el centro hist\u00f3rico de Dubl\u00edn. Usando un smartphone, los jugadores exploran la ciudad mientras resuelven acertijos, enigmas y atractivos desaf\u00edos fotogr\u00e1ficos. Este juego de exploraci\u00f3n ofrece una visi\u00f3n de la historia, la cultura y los detalles ocultos de Dubl\u00edn, haci\u00e9ndolo tanto educativo como entretenido. Adecuado para visitantes y lugare\u00f1os por igual, el juego de ciudad autoguiado es una forma flexible de descubrir la ciudad a tu propio ritmo. Ya sea que juegues solo, en pareja, con la familia o en un grupo de amigos, el juego basado en GPS proporciona una experiencia interactiva a trav\u00e9s del centro de Dubl\u00edn.<\/p>\n","protected":false},"excerpt":{"rendered":"<p>\u00a1Descubre los Secretos de Inspiraci\u00f3n de Dubl\u00edn! Explora calles vibrantes e historia rica mientras ayudas a Oscar Wilde a recuperar la chispa para su pr\u00f3xima gran historia.<\/p>\n","protected":false},"featured_media":3803,"template":"","meta":{"_acf_changed":false,"_yoast_wpseo_focuskw":"Secrets of Dublin","_yoast_wpseo_metadesc":"Secrets of Dublin. Juega un City Game autoguiado y explora la ciudad a trav\u00e9s de acertijos, enigmas y desaf\u00edos. \u00a1Juega a tu propio ritmo y descubre como un local!","_kad_blocks_custom_css":"","_kad_blocks_head_custom_js":"","_kad_blocks_body_custom_js":"","_kad_blocks_footer_custom_js":"","ghostkit_customizer_options":"","ghostkit_custom_css":"","ghostkit_custom_js_head":"","ghostkit_custom_js_foot":"","ghostkit_typography":"","_kad_post_transparent":"","_kad_post_title":"","_kad_post_layout":"","_kad_post_sidebar_id":"","_kad_post_content_style":"","_kad_post_vertical_padding":"","_kad_post_feature":"","_kad_post_feature_position":"","_kad_post_header":false,"_kad_post_footer":false,"_kad_post_classname":"","_links_to":"","_links_to_target":""},"game-concept":[711],"location":[147],"product_brand":[],"product_cat":[666],"product_tag":[],"class_list":{"0":"post-52633","1":"product","2":"type-product","3":"status-publish","4":"has-post-thumbnail","6":"game-concept-secrets","7":"location-dublin","8":"product_cat-sin-categorizar","10":"first","11":"instock","12":"shipping-taxable","13":"purchasable","14":"product-type-simple","15":"entry","16":"content-bg","17":"loop-entry"},"acf":{"full_bokun_product_name":"Self-Guided Secrets of Dublin Exploration Game","location_name":"Dublin","bokun_calendar_widget_code":"<script type=\"text\/javascript\" src=\"https:\/\/widgets.bokun.io\/assets\/javascripts\/apps\/build\/BokunWidgetsLoader.js?bookingChannelUUID=a1e93e96-5232-4734-a595-28405f4b5a31\" async><\/script>\n     \n    <div class=\"bokunWidget\" data-src=\"https:\/\/widgets.bokun.io\/online-sales\/a1e93e96-5232-4734-a595-28405f4b5a31\/experience-calendar\/1082842\"><\/div>\n    <noscript>Please enable javascript in your browser to book<\/noscript>","bokun_button_widget_code":"<script type=\"text\/javascript\" src=\"https:\/\/widgets.bokun.io\/assets\/javascripts\/apps\/build\/BokunWidgetsLoader.js?bookingChannelUUID=a1e93e96-5232-4734-a595-28405f4b5a31\" async><\/script>\n      <style> #bokun_ed001e45_5927_4f62_b470_ca766338d083 { display: inline-block; padding: .4em 1em; background: #47b82e; border-radius: 999999px; box-shadow: none; font-weight: 600; font-size: 24px; text-decoration: none; text-align: center; color: #FFFFFF; border:none; cursor: pointer; transition: background .2s ease; } #bokun_ed001e45_5927_4f62_b470_ca766338d083:hover{ background: #2f7b1f; } #bokun_ed001e45_5927_4f62_b470_ca766338d083:active{ background: #378f24; } <\/style> <button class=\"bokunButton\" disabled id=bokun_ed001e45_5927_4f62_b470_ca766338d083 data-src=\"https:\/\/widgets.bokun.io\/online-sales\/a1e93e96-5232-4734-a595-28405f4b5a31\/experience-calendar\/1082842?partialView=1\" data-testid=\"widget-book-button\" > Book now <\/button> ","what_you\u2019ll_experience_during_the_game":"Mientras juegas el City Game 'Secrets of Dublin', descubrir\u00e1s la ciudad a trav\u00e9s de una mezcla de exploraci\u00f3n del mundo real y una historia que se desarrolla llena de pistas y sorpresas. La experiencia te llevar\u00e1 a trav\u00e9s de lugares ic\u00f3nicos y rincones menos conocidos, revelando diferentes capas del car\u00e1cter de Dubl\u00edn. En el camino, pasar\u00e1s por majestuosos lugares de inter\u00e9s como el College Park de Trinity College y la impresionante Christ Church Cathedral, as\u00ed como por lugares tranquilos como St. Stephen's Green. Tambi\u00e9n te encontrar\u00e1s cerca del River Liffey y del hist\u00f3rico O'Connell Monument, viendo c\u00f3mo cada ubicaci\u00f3n se conecta con una narrativa m\u00e1s amplia tejida en la propia ciudad.\n\nA lo largo del juego, resolver\u00e1s pistas, acertijos y desaf\u00edos creativos que guiar\u00e1n tu progreso y profundizar\u00e1n tu conexi\u00f3n con las calles de Dubl\u00edn. Cada rompecabezas resuelto desbloquea puntos y pistas \u00fatiles, todo contribuyendo a tu objetivo de revelar un misterio final de la ciudad. El City Game se puede iniciar, pausar y continuar cuando se adapte a tu ritmo, lo que lo hace flexible para cualquier tipo de d\u00eda. Para aquellos que disfrutan de la competencia, tambi\u00e9n existe la oportunidad de escalar en la tabla de clasificaci\u00f3n completando los desaf\u00edos de manera eficiente y en equipo.","how_to_play":"Despu\u00e9s de reservar, recibir\u00e1s un correo electr\u00f3nico con un enlace directo para jugar. Dir\u00edgete al punto de partida en College Park y comienza el juego cuando est\u00e9s listo. Juega a tu propio ritmo, pausa cuando quieras y retoma el juego mientras contin\u00faas tu viaje de secretos y descubrimientos por Dubl\u00edn.","start_location":"Dublin, College Park","available_languages":[],"players_per_group":"1-4","duration":"1.5-2 hours","image_overlay_color_image":"https:\/\/testwebsite.citygame.com\/wp-content\/blogs.dir\/1\/files\/sites\/62\/2026\/01\/SecretsColor.svg","image_overlay_game_logo":"https:\/\/testwebsite.citygame.com\/wp-content\/blogs.dir\/1\/files\/sites\/62\/2026\/01\/SecretsLogo.png","city_page":8363,"woocommerce_general_content":null},"yoast_head":"<!-- This site is optimized with the Yoast SEO Premium plugin v26.2 (Yoast SEO v26.3) - https:\/\/yoast.com\/wordpress\/plugins\/seo\/ -->\n<title>Secrets of Dublin - City Game<\/title>\n<meta name=\"description\" content=\"Secrets of Dublin. Juega un City Game autoguiado y explora la ciudad a trav\u00e9s de acertijos, enigmas y desaf\u00edos. \u00a1Juega a tu propio ritmo y descubre como un local!\" \/>\n<meta name=\"robots\" content=\"noindex, follow, max-snippet:-1, max-image-preview:large, max-video-preview:-1\" \/>\n<meta property=\"og:locale\" content=\"es_ES\" \/>\n<meta property=\"og:type\" content=\"article\" \/>\n<meta property=\"og:title\" content=\"Secrets of Dublin\" \/>\n<meta property=\"og:description\" content=\"Secrets of Dublin. Juega un City Game autoguiado y explora la ciudad a trav\u00e9s de acertijos, enigmas y desaf\u00edos. \u00a1Juega a tu propio ritmo y descubre como un local!\" \/>\n<meta property=\"og:url\" content=\"https:\/\/testwebsite.citygame.com\/es\/games\/dublin\/secrets-of-dublin\/\" \/>\n<meta property=\"og:site_name\" content=\"City Game\" \/>\n<meta property=\"article:publisher\" content=\"https:\/\/www.facebook.com\/profile.php?id=100086426226253\" \/>\n<meta property=\"article:modified_time\" content=\"2026-04-07T14:57:08+00:00\" \/>\n<meta property=\"og:image\" content=\"https:\/\/testwebsite.citygame.com\/wp-content\/blogs.dir\/1\/files\/sites\/62\/2026\/01\/players-oconnell-monument-dublin.jpg\" \/>\n\t<meta property=\"og:image:width\" content=\"864\" \/>\n\t<meta property=\"og:image:height\" content=\"1184\" \/>\n\t<meta property=\"og:image:type\" content=\"image\/jpeg\" \/>\n<meta name=\"twitter:card\" content=\"summary_large_image\" \/>\n<meta name=\"twitter:label1\" content=\"Tiempo de lectura\" \/>\n\t<meta name=\"twitter:data1\" content=\"1 minuto\" \/>\n<script type=\"application\/ld+json\" class=\"yoast-schema-graph\">{\"@context\":\"https:\/\/schema.org\",\"@graph\":[{\"@type\":\"WebPage\",\"@id\":\"https:\/\/testwebsite.citygame.com\/es\/games\/dublin\/secrets-of-dublin\/\",\"url\":\"https:\/\/testwebsite.citygame.com\/es\/games\/dublin\/secrets-of-dublin\/\",\"name\":\"Secrets of Dublin - City Game\",\"isPartOf\":{\"@id\":\"https:\/\/testwebsite.upevents.nl\/#website\"},\"primaryImageOfPage\":{\"@id\":\"https:\/\/testwebsite.citygame.com\/es\/games\/dublin\/secrets-of-dublin\/#primaryimage\"},\"image\":{\"@id\":\"https:\/\/testwebsite.citygame.com\/es\/games\/dublin\/secrets-of-dublin\/#primaryimage\"},\"thumbnailUrl\":\"https:\/\/testwebsite.citygame.com\/wp-content\/blogs.dir\/1\/files\/sites\/62\/2026\/01\/players-oconnell-monument-dublin.jpg\",\"datePublished\":\"2026-01-13T15:27:00+00:00\",\"dateModified\":\"2026-04-07T14:57:08+00:00\",\"description\":\"Secrets of Dublin. Juega un City Game autoguiado y explora la ciudad a trav\u00e9s de acertijos, enigmas y desaf\u00edos. \u00a1Juega a tu propio ritmo y descubre como un local!\",\"breadcrumb\":{\"@id\":\"https:\/\/testwebsite.citygame.com\/es\/games\/dublin\/secrets-of-dublin\/#breadcrumb\"},\"inLanguage\":\"es\",\"potentialAction\":[{\"@type\":\"ReadAction\",\"target\":[\"https:\/\/testwebsite.citygame.com\/es\/games\/dublin\/secrets-of-dublin\/\"]}]},{\"@type\":\"ImageObject\",\"inLanguage\":\"es\",\"@id\":\"https:\/\/testwebsite.citygame.com\/es\/games\/dublin\/secrets-of-dublin\/#primaryimage\",\"url\":\"https:\/\/testwebsite.citygame.com\/wp-content\/blogs.dir\/1\/files\/sites\/62\/2026\/01\/players-oconnell-monument-dublin.jpg\",\"contentUrl\":\"https:\/\/testwebsite.citygame.com\/wp-content\/blogs.dir\/1\/files\/sites\/62\/2026\/01\/players-oconnell-monument-dublin.jpg\",\"width\":864,\"height\":1184,\"caption\":\"A group of friends collaborates on a puzzle while exploring Dublin's O'Connell Street with a city game.\"},{\"@type\":\"BreadcrumbList\",\"@id\":\"https:\/\/testwebsite.citygame.com\/es\/games\/dublin\/secrets-of-dublin\/#breadcrumb\",\"itemListElement\":[{\"@type\":\"ListItem\",\"position\":1,\"name\":\"Home\",\"item\":\"https:\/\/testwebsite.citygame.com\/es\/\"},{\"@type\":\"ListItem\",\"position\":2,\"name\":\"Shop\",\"item\":\"https:\/\/testwebsite.citygame.com\/shop\/\"},{\"@type\":\"ListItem\",\"position\":3,\"name\":\"Secrets of Dublin\"}]},{\"@type\":\"WebSite\",\"@id\":\"https:\/\/testwebsite.upevents.nl\/#website\",\"url\":\"https:\/\/testwebsite.upevents.nl\/\",\"name\":\"City Game\",\"description\":\"\",\"publisher\":{\"@id\":\"https:\/\/testwebsite.upevents.nl\/#organization\"},\"alternateName\":\"citygame.com\",\"potentialAction\":[{\"@type\":\"SearchAction\",\"target\":{\"@type\":\"EntryPoint\",\"urlTemplate\":\"https:\/\/testwebsite.upevents.nl\/?s={search_term_string}\"},\"query-input\":{\"@type\":\"PropertyValueSpecification\",\"valueRequired\":true,\"valueName\":\"search_term_string\"}}],\"inLanguage\":\"es\"},{\"@type\":[\"Organization\",\"Place\"],\"@id\":\"https:\/\/testwebsite.upevents.nl\/#organization\",\"name\":\"City Game\",\"alternateName\":\"citygame.com\",\"url\":\"https:\/\/testwebsite.upevents.nl\/\",\"logo\":{\"@id\":\"https:\/\/testwebsite.citygame.com\/es\/games\/dublin\/secrets-of-dublin\/#local-main-organization-logo\"},\"image\":{\"@id\":\"https:\/\/testwebsite.citygame.com\/es\/games\/dublin\/secrets-of-dublin\/#local-main-organization-logo\"},\"sameAs\":[\"https:\/\/www.facebook.com\/profile.php?id=100086426226253\",\"https:\/\/www.instagram.com\/citygame_com\",\"https:\/\/www.tiktok.com\/@citygamecom\/\",\"https:\/\/www.linkedin.com\/company\/citygame-com\"],\"description\":\"Turn any city into a playground with our interactive City Games and self-guided tours. Fun, flexible, and ideal for groups and team building.\",\"telephone\":[],\"openingHoursSpecification\":[{\"@type\":\"OpeningHoursSpecification\",\"dayOfWeek\":[\"Monday\",\"Tuesday\",\"Wednesday\",\"Thursday\",\"Friday\",\"Saturday\",\"Sunday\"],\"opens\":\"09:00\",\"closes\":\"17:00\"}]},{\"@type\":\"ImageObject\",\"inLanguage\":\"es\",\"@id\":\"https:\/\/testwebsite.citygame.com\/es\/games\/dublin\/secrets-of-dublin\/#local-main-organization-logo\",\"url\":\"https:\/\/testwebsite.citygame.com\/wp-content\/blogs.dir\/1\/files\/sites\/62\/2025\/10\/CG_LOGO-City-Game.png\",\"contentUrl\":\"https:\/\/testwebsite.citygame.com\/wp-content\/blogs.dir\/1\/files\/sites\/62\/2025\/10\/CG_LOGO-City-Game.png\",\"width\":351,\"height\":377,\"caption\":\"City Game\"}]}<\/script>\n<!-- \/ Yoast SEO Premium plugin. -->","yoast_head_json":{"title":"Secrets of Dublin - City Game","description":"Secrets of Dublin. Juega un City Game autoguiado y explora la ciudad a trav\u00e9s de acertijos, enigmas y desaf\u00edos. \u00a1Juega a tu propio ritmo y descubre como un local!","robots":{"index":"noindex","follow":"follow","max-snippet":"max-snippet:-1","max-image-preview":"max-image-preview:large","max-video-preview":"max-video-preview:-1"},"og_locale":"es_ES","og_type":"article","og_title":"Secrets of Dublin","og_description":"Secrets of Dublin. Juega un City Game autoguiado y explora la ciudad a trav\u00e9s de acertijos, enigmas y desaf\u00edos. \u00a1Juega a tu propio ritmo y descubre como un local!","og_url":"https:\/\/testwebsite.citygame.com\/es\/games\/dublin\/secrets-of-dublin\/","og_site_name":"City Game","article_publisher":"https:\/\/www.facebook.com\/profile.php?id=100086426226253","article_modified_time":"2026-04-07T14:57:08+00:00","og_image":[{"width":864,"height":1184,"url":"https:\/\/testwebsite.citygame.com\/wp-content\/blogs.dir\/1\/files\/sites\/62\/2026\/01\/players-oconnell-monument-dublin.jpg","type":"image\/jpeg"}],"twitter_card":"summary_large_image","twitter_misc":{"Tiempo de lectura":"1 minuto"},"schema":{"@context":"https:\/\/schema.org","@graph":[{"@type":"WebPage","@id":"https:\/\/testwebsite.citygame.com\/es\/games\/dublin\/secrets-of-dublin\/","url":"https:\/\/testwebsite.citygame.com\/es\/games\/dublin\/secrets-of-dublin\/","name":"Secrets of Dublin - City Game","isPartOf":{"@id":"https:\/\/testwebsite.upevents.nl\/#website"},"primaryImageOfPage":{"@id":"https:\/\/testwebsite.citygame.com\/es\/games\/dublin\/secrets-of-dublin\/#primaryimage"},"image":{"@id":"https:\/\/testwebsite.citygame.com\/es\/games\/dublin\/secrets-of-dublin\/#primaryimage"},"thumbnailUrl":"https:\/\/testwebsite.citygame.com\/wp-content\/blogs.dir\/1\/files\/sites\/62\/2026\/01\/players-oconnell-monument-dublin.jpg","datePublished":"2026-01-13T15:27:00+00:00","dateModified":"2026-04-07T14:57:08+00:00","description":"Secrets of Dublin. Juega un City Game autoguiado y explora la ciudad a trav\u00e9s de acertijos, enigmas y desaf\u00edos. \u00a1Juega a tu propio ritmo y descubre como un local!","breadcrumb":{"@id":"https:\/\/testwebsite.citygame.com\/es\/games\/dublin\/secrets-of-dublin\/#breadcrumb"},"inLanguage":"es","potentialAction":[{"@type":"ReadAction","target":["https:\/\/testwebsite.citygame.com\/es\/games\/dublin\/secrets-of-dublin\/"]}]},{"@type":"ImageObject","inLanguage":"es","@id":"https:\/\/testwebsite.citygame.com\/es\/games\/dublin\/secrets-of-dublin\/#primaryimage","url":"https:\/\/testwebsite.citygame.com\/wp-content\/blogs.dir\/1\/files\/sites\/62\/2026\/01\/players-oconnell-monument-dublin.jpg","contentUrl":"https:\/\/testwebsite.citygame.com\/wp-content\/blogs.dir\/1\/files\/sites\/62\/2026\/01\/players-oconnell-monument-dublin.jpg","width":864,"height":1184,"caption":"A group of friends collaborates on a puzzle while exploring Dublin's O'Connell Street with a city game."},{"@type":"BreadcrumbList","@id":"https:\/\/testwebsite.citygame.com\/es\/games\/dublin\/secrets-of-dublin\/#breadcrumb","itemListElement":[{"@type":"ListItem","position":1,"name":"Home","item":"https:\/\/testwebsite.citygame.com\/es\/"},{"@type":"ListItem","position":2,"name":"Shop","item":"https:\/\/testwebsite.citygame.com\/shop\/"},{"@type":"ListItem","position":3,"name":"Secrets of Dublin"}]},{"@type":"WebSite","@id":"https:\/\/testwebsite.upevents.nl\/#website","url":"https:\/\/testwebsite.upevents.nl\/","name":"City Game","description":"","publisher":{"@id":"https:\/\/testwebsite.upevents.nl\/#organization"},"alternateName":"citygame.com","potentialAction":[{"@type":"SearchAction","target":{"@type":"EntryPoint","urlTemplate":"https:\/\/testwebsite.upevents.nl\/?s={search_term_string}"},"query-input":{"@type":"PropertyValueSpecification","valueRequired":true,"valueName":"search_term_string"}}],"inLanguage":"es"},{"@type":["Organization","Place"],"@id":"https:\/\/testwebsite.upevents.nl\/#organization","name":"City Game","alternateName":"citygame.com","url":"https:\/\/testwebsite.upevents.nl\/","logo":{"@id":"https:\/\/testwebsite.citygame.com\/es\/games\/dublin\/secrets-of-dublin\/#local-main-organization-logo"},"image":{"@id":"https:\/\/testwebsite.citygame.com\/es\/games\/dublin\/secrets-of-dublin\/#local-main-organization-logo"},"sameAs":["https:\/\/www.facebook.com\/profile.php?id=100086426226253","https:\/\/www.instagram.com\/citygame_com","https:\/\/www.tiktok.com\/@citygamecom\/","https:\/\/www.linkedin.com\/company\/citygame-com"],"description":"Turn any city into a playground with our interactive City Games and self-guided tours. Fun, flexible, and ideal for groups and team building.","telephone":[],"openingHoursSpecification":[{"@type":"OpeningHoursSpecification","dayOfWeek":["Monday","Tuesday","Wednesday","Thursday","Friday","Saturday","Sunday"],"opens":"09:00","closes":"17:00"}]},{"@type":"ImageObject","inLanguage":"es","@id":"https:\/\/testwebsite.citygame.com\/es\/games\/dublin\/secrets-of-dublin\/#local-main-organization-logo","url":"https:\/\/testwebsite.citygame.com\/wp-content\/blogs.dir\/1\/files\/sites\/62\/2025\/10\/CG_LOGO-City-Game.png","contentUrl":"https:\/\/testwebsite.citygame.com\/wp-content\/blogs.dir\/1\/files\/sites\/62\/2025\/10\/CG_LOGO-City-Game.png","width":351,"height":377,"caption":"City Game"}]}},"taxonomy_info":{"game-concept":[{"value":711,"label":"Secrets"}],"location":[{"value":147,"label":"Dublin"}],"product_cat":[{"value":666,"label":"Sin categorizar"}]},"featured_image_src_large":["https:\/\/testwebsite.citygame.com\/wp-content\/blogs.dir\/1\/files\/sites\/62\/2026\/01\/players-oconnell-monument-dublin-747x1024.jpg",747,1024,true],"author_info":[],"comment_info":"","_links":{"self":[{"href":"https:\/\/testwebsite.citygame.com\/es\/wp-json\/wp\/v2\/product\/52633","targetHints":{"allow":["GET"]}}],"collection":[{"href":"https:\/\/testwebsite.citygame.com\/es\/wp-json\/wp\/v2\/product"}],"about":[{"href":"https:\/\/testwebsite.citygame.com\/es\/wp-json\/wp\/v2\/types\/product"}],"acf:post":[{"embeddable":true,"href":"https:\/\/testwebsite.citygame.com\/es\/wp-json\/wp\/v2\/pages\/8363"}],"wp:featuredmedia":[{"embeddable":true,"href":"https:\/\/testwebsite.citygame.com\/es\/wp-json\/wp\/v2\/media\/3803"}],"wp:attachment":[{"href":"https:\/\/testwebsite.citygame.com\/es\/wp-json\/wp\/v2\/media?parent=52633"}],"wp:term":[{"taxonomy":"game-concept","embeddable":true,"href":"https:\/\/testwebsite.citygame.com\/es\/wp-json\/wp\/v2\/game-concept?post=52633"},{"taxonomy":"location","embeddable":true,"href":"https:\/\/testwebsite.citygame.com\/es\/wp-json\/wp\/v2\/location?post=52633"},{"taxonomy":"product_brand","embeddable":true,"href":"https:\/\/testwebsite.citygame.com\/es\/wp-json\/wp\/v2\/product_brand?post=52633"},{"taxonomy":"product_cat","embeddable":true,"href":"https:\/\/testwebsite.citygame.com\/es\/wp-json\/wp\/v2\/product_cat?post=52633"},{"taxonomy":"product_tag","embeddable":true,"href":"https:\/\/testwebsite.citygame.com\/es\/wp-json\/wp\/v2\/product_tag?post=52633"}],"curies":[{"name":"wp","href":"https:\/\/api.w.org\/{rel}","templated":true}]}}