{"id":46130,"date":"2026-03-19T09:37:02","date_gmt":"2026-03-19T09:37:02","guid":{"rendered":"https:\/\/testwebsite.citygame.com\/games\/unknown-location\/producto-429\/"},"modified":"2026-04-03T06:09:51","modified_gmt":"2026-04-03T06:09:51","slug":"producto-429","status":"publish","type":"product","link":"https:\/\/testwebsite.citygame.com\/es\/games\/unknown-location\/producto-429\/","title":{"rendered":"Producto"},"content":{"rendered":"","protected":false},"excerpt":{"rendered":"","protected":false},"featured_media":19258,"template":"","meta":{"_acf_changed":false,"_yoast_wpseo_focuskw":"Secrets of Luxembourg City","_yoast_wpseo_metadesc":"Secrets of Luxembourg City. \u00a1Juega a un Juego de Ciudad autoguiado y explora la ciudad a trav\u00e9s de rompecabezas, acertijos y desaf\u00edos. Juega a tu propio ritmo y descubre como un local!","_kad_blocks_custom_css":"","_kad_blocks_head_custom_js":"","_kad_blocks_body_custom_js":"","_kad_blocks_footer_custom_js":"","ghostkit_customizer_options":"","ghostkit_custom_css":"","ghostkit_custom_js_head":"","ghostkit_custom_js_foot":"","ghostkit_typography":"","_kad_post_transparent":"","_kad_post_title":"","_kad_post_layout":"","_kad_post_sidebar_id":"","_kad_post_content_style":"","_kad_post_vertical_padding":"","_kad_post_feature":"","_kad_post_feature_position":"","_kad_post_header":false,"_kad_post_footer":false,"_kad_post_classname":"","_links_to":"","_links_to_target":""},"game-concept":[36],"location":[],"product_brand":[],"product_cat":[666],"product_tag":[],"class_list":{"0":"post-46130","1":"product","2":"type-product","3":"status-publish","4":"has-post-thumbnail","6":"game-concept-secrets","7":"product_cat-sin-categorizar","9":"first","10":"instock","11":"shipping-taxable","12":"purchasable","13":"product-type-simple","14":"entry","15":"content-bg","16":"loop-entry"},"acf":{"full_bokun_product_name":"Self-Guided Secrets of Luxembourg Exploration Game","location_name":"Luxembourg City","bokun_calendar_widget_code":"<script type=\"text\/javascript\" src=\"https:\/\/widgets.bokun.io\/assets\/javascripts\/apps\/build\/BokunWidgetsLoader.js?bookingChannelUUID=a1e93e96-5232-4734-a595-28405f4b5a31\" async><\/script>\n     \n    <div class=\"bokunWidget\" data-src=\"https:\/\/widgets.bokun.io\/online-sales\/a1e93e96-5232-4734-a595-28405f4b5a31\/experience-calendar\/872766\"><\/div>\n    <noscript>Please enable javascript in your browser to book<\/noscript>","bokun_button_widget_code":"<script type=\"text\/javascript\" src=\"https:\/\/widgets.bokun.io\/assets\/javascripts\/apps\/build\/BokunWidgetsLoader.js?bookingChannelUUID=a1e93e96-5232-4734-a595-28405f4b5a31\" async><\/script>\n      <style> #bokun_ed001e45_5927_4f62_b470_ca766338d083 { display: inline-block; padding: .4em 1em; background: #47b82e; border-radius: 999999px; box-shadow: none; font-weight: 600; font-size: 24px; text-decoration: none; text-align: center; color: #FFFFFF; border:none; cursor: pointer; transition: background .2s ease; } #bokun_ed001e45_5927_4f62_b470_ca766338d083:hover{ background: #2f7b1f; } #bokun_ed001e45_5927_4f62_b470_ca766338d083:active{ background: #378f24; } <\/style> <button class=\"bokunButton\" disabled id=bokun_ed001e45_5927_4f62_b470_ca766338d083 data-src=\"https:\/\/widgets.bokun.io\/online-sales\/a1e93e96-5232-4734-a595-28405f4b5a31\/experience-calendar\/872766?partialView=1\" data-testid=\"widget-book-button\" > Book now <\/button> ","what_you\u2019ll_experience_during_the_game":"Experimenta una fusi\u00f3n \u00fanica de turismo y juego interactivo mientras te sumerges en el 'Secrets of Luxembourg City Game'. Este juego de exploraci\u00f3n te guiar\u00e1 por rincones famosos y ocultos de Luxemburgo, ofreci\u00e9ndote una historia inmersiva y desaf\u00edos intrigantes a lo largo del camino. Sin seguir una ruta u orden espec\u00edficos, podr\u00e1s apreciar los diversos paisajes, desde animadas plazas hasta intrigantes torres medievales. Entre los puntos destacados se incluyen la grandeza del ic\u00f3nico castillo anidado en el coraz\u00f3n de la ciudad, la serenidad de los parques pintorescos y el encanto de las calles pintorescas y sinuosas.\n\nEl 'Luxembourg City Game' no es la t\u00edpica exploraci\u00f3n urbana. Mientras viajas por Luxemburgo, encontrar\u00e1s rompecabezas, acertijos y preguntas que invitan a la reflexi\u00f3n que enriquecer\u00e1n tu experiencia tur\u00edstica. Los desaf\u00edos fotogr\u00e1ficos interactivos est\u00e1n dise\u00f1ados para activar tu lado creativo y ayudarte a ganar puntos a medida que profundizas en la historia de la ciudad. Estos desaf\u00edos tambi\u00e9n pueden desbloquear pistas que te acercar\u00e1n a resolver el misterio final e impresionante de la ciudad. Puedes pausar tu juego en cualquier momento y reanudarlo cuando prefieras. Si tienes esp\u00edritu competitivo, el 'City Game' cuenta con una tabla de clasificaci\u00f3n donde puedes aspirar a una puntuaci\u00f3n alta y alardear de tus logros.","how_to_play":"\u00a1Reserva el Juego de Exploraci\u00f3n, revisa el correo electr\u00f3nico que te enviamos con las sencillas instrucciones, descarga la aplicaci\u00f3n Loquiz, accede al Juego de Exploraci\u00f3n y estar\u00e1s listo para comenzar tu experiencia de juego!","start_location":" Luxembourg, Centre municipal (Luxembourg)","available_languages":["en"],"players_per_group":"1-4","duration":"1.5-2 hours","image_overlay_color_image":"https:\/\/testwebsite.citygame.com\/wp-content\/blogs.dir\/1\/files\/sites\/62\/2026\/01\/SecretsColor.svg","image_overlay_game_logo":"https:\/\/testwebsite.citygame.com\/wp-content\/blogs.dir\/1\/files\/sites\/62\/2026\/01\/SecretsLogo.png","city_page":12299,"woocommerce_general_content":null,"the_story":"","name_main_character":"","photo_main_character":null,"loquiz_or_kokimoki":"Loquiz"},"yoast_head":"<!-- This site is optimized with the Yoast SEO Premium plugin v26.2 (Yoast SEO v26.3) - https:\/\/yoast.com\/wordpress\/plugins\/seo\/ -->\n<title>Producto - City Game<\/title>\n<meta name=\"description\" content=\"Secrets of Luxembourg City. \u00a1Juega a un Juego de Ciudad autoguiado y explora la ciudad a trav\u00e9s de rompecabezas, acertijos y desaf\u00edos. Juega a tu propio ritmo y descubre como un local!\" \/>\n<meta name=\"robots\" content=\"noindex, follow, max-snippet:-1, max-image-preview:large, max-video-preview:-1\" \/>\n<meta property=\"og:locale\" content=\"es_ES\" \/>\n<meta property=\"og:type\" content=\"article\" \/>\n<meta property=\"og:title\" content=\"Producto\" \/>\n<meta property=\"og:description\" content=\"Secrets of Luxembourg City. \u00a1Juega a un Juego de Ciudad autoguiado y explora la ciudad a trav\u00e9s de rompecabezas, acertijos y desaf\u00edos. Juega a tu propio ritmo y descubre como un local!\" \/>\n<meta property=\"og:url\" content=\"https:\/\/testwebsite.citygame.com\/es\/games\/unknown-location\/producto-429\/\" \/>\n<meta property=\"og:site_name\" content=\"City Game\" \/>\n<meta property=\"article:publisher\" content=\"https:\/\/www.facebook.com\/profile.php?id=100086426226253\" \/>\n<meta property=\"article:modified_time\" content=\"2026-04-03T06:09:51+00:00\" \/>\n<meta property=\"og:image\" content=\"https:\/\/testwebsite.citygame.com\/wp-content\/blogs.dir\/1\/files\/sites\/62\/2026\/03\/luxembourg-city-players-looking-at-phone-in-front-of-old-town.jpg\" \/>\n\t<meta property=\"og:image:width\" content=\"1024\" \/>\n\t<meta property=\"og:image:height\" content=\"1024\" \/>\n\t<meta property=\"og:image:type\" content=\"image\/jpeg\" \/>\n<meta name=\"twitter:card\" content=\"summary_large_image\" \/>\n<script type=\"application\/ld+json\" class=\"yoast-schema-graph\">{\"@context\":\"https:\/\/schema.org\",\"@graph\":[{\"@type\":\"WebPage\",\"@id\":\"https:\/\/testwebsite.citygame.com\/es\/games\/unknown-location\/producto-429\/\",\"url\":\"https:\/\/testwebsite.citygame.com\/es\/games\/unknown-location\/producto-429\/\",\"name\":\"Producto - City Game\",\"isPartOf\":{\"@id\":\"https:\/\/testwebsite.upevents.nl\/#website\"},\"primaryImageOfPage\":{\"@id\":\"https:\/\/testwebsite.citygame.com\/es\/games\/unknown-location\/producto-429\/#primaryimage\"},\"image\":{\"@id\":\"https:\/\/testwebsite.citygame.com\/es\/games\/unknown-location\/producto-429\/#primaryimage\"},\"thumbnailUrl\":\"https:\/\/testwebsite.citygame.com\/wp-content\/blogs.dir\/1\/files\/sites\/62\/2026\/03\/luxembourg-city-players-looking-at-phone-in-front-of-old-town.jpg\",\"datePublished\":\"2026-03-19T09:37:02+00:00\",\"dateModified\":\"2026-04-03T06:09:51+00:00\",\"description\":\"Secrets of Luxembourg City. \u00a1Juega a un Juego de Ciudad autoguiado y explora la ciudad a trav\u00e9s de rompecabezas, acertijos y desaf\u00edos. Juega a tu propio ritmo y descubre como un local!\",\"breadcrumb\":{\"@id\":\"https:\/\/testwebsite.citygame.com\/es\/games\/unknown-location\/producto-429\/#breadcrumb\"},\"inLanguage\":\"es\",\"potentialAction\":[{\"@type\":\"ReadAction\",\"target\":[\"https:\/\/testwebsite.citygame.com\/es\/games\/unknown-location\/producto-429\/\"]}]},{\"@type\":\"ImageObject\",\"inLanguage\":\"es\",\"@id\":\"https:\/\/testwebsite.citygame.com\/es\/games\/unknown-location\/producto-429\/#primaryimage\",\"url\":\"https:\/\/testwebsite.citygame.com\/wp-content\/blogs.dir\/1\/files\/sites\/62\/2026\/03\/luxembourg-city-players-looking-at-phone-in-front-of-old-town.jpg\",\"contentUrl\":\"https:\/\/testwebsite.citygame.com\/wp-content\/blogs.dir\/1\/files\/sites\/62\/2026\/03\/luxembourg-city-players-looking-at-phone-in-front-of-old-town.jpg\",\"width\":1024,\"height\":1024,\"caption\":\"A group of young friends happily collaborates while looking at a smartphone in Luxembourg City.\"},{\"@type\":\"BreadcrumbList\",\"@id\":\"https:\/\/testwebsite.citygame.com\/es\/games\/unknown-location\/producto-429\/#breadcrumb\",\"itemListElement\":[{\"@type\":\"ListItem\",\"position\":1,\"name\":\"Home\",\"item\":\"https:\/\/testwebsite.citygame.com\/es\/\"},{\"@type\":\"ListItem\",\"position\":2,\"name\":\"Shop\",\"item\":\"https:\/\/testwebsite.citygame.com\/shop\/\"},{\"@type\":\"ListItem\",\"position\":3,\"name\":\"Producto\"}]},{\"@type\":\"WebSite\",\"@id\":\"https:\/\/testwebsite.upevents.nl\/#website\",\"url\":\"https:\/\/testwebsite.upevents.nl\/\",\"name\":\"City Game\",\"description\":\"\",\"publisher\":{\"@id\":\"https:\/\/testwebsite.upevents.nl\/#organization\"},\"alternateName\":\"citygame.com\",\"potentialAction\":[{\"@type\":\"SearchAction\",\"target\":{\"@type\":\"EntryPoint\",\"urlTemplate\":\"https:\/\/testwebsite.upevents.nl\/?s={search_term_string}\"},\"query-input\":{\"@type\":\"PropertyValueSpecification\",\"valueRequired\":true,\"valueName\":\"search_term_string\"}}],\"inLanguage\":\"es\"},{\"@type\":[\"Organization\",\"Place\"],\"@id\":\"https:\/\/testwebsite.upevents.nl\/#organization\",\"name\":\"City Game\",\"alternateName\":\"citygame.com\",\"url\":\"https:\/\/testwebsite.upevents.nl\/\",\"logo\":{\"@id\":\"https:\/\/testwebsite.citygame.com\/es\/games\/unknown-location\/producto-429\/#local-main-organization-logo\"},\"image\":{\"@id\":\"https:\/\/testwebsite.citygame.com\/es\/games\/unknown-location\/producto-429\/#local-main-organization-logo\"},\"sameAs\":[\"https:\/\/www.facebook.com\/profile.php?id=100086426226253\",\"https:\/\/www.instagram.com\/citygame_com\",\"https:\/\/www.tiktok.com\/@citygamecom\/\",\"https:\/\/www.linkedin.com\/company\/citygame-com\"],\"description\":\"Turn any city into a playground with our interactive City Games and self-guided tours. Fun, flexible, and ideal for groups and team building.\",\"telephone\":[],\"openingHoursSpecification\":[{\"@type\":\"OpeningHoursSpecification\",\"dayOfWeek\":[\"Monday\",\"Tuesday\",\"Wednesday\",\"Thursday\",\"Friday\",\"Saturday\",\"Sunday\"],\"opens\":\"09:00\",\"closes\":\"17:00\"}]},{\"@type\":\"ImageObject\",\"inLanguage\":\"es\",\"@id\":\"https:\/\/testwebsite.citygame.com\/es\/games\/unknown-location\/producto-429\/#local-main-organization-logo\",\"url\":\"https:\/\/testwebsite.citygame.com\/wp-content\/blogs.dir\/1\/files\/sites\/62\/2025\/10\/CG_LOGO-City-Game.png\",\"contentUrl\":\"https:\/\/testwebsite.citygame.com\/wp-content\/blogs.dir\/1\/files\/sites\/62\/2025\/10\/CG_LOGO-City-Game.png\",\"width\":351,\"height\":377,\"caption\":\"City Game\"}]}<\/script>\n<!-- \/ Yoast SEO Premium plugin. -->","yoast_head_json":{"title":"Producto - City Game","description":"Secrets of Luxembourg City. \u00a1Juega a un Juego de Ciudad autoguiado y explora la ciudad a trav\u00e9s de rompecabezas, acertijos y desaf\u00edos. Juega a tu propio ritmo y descubre como un local!","robots":{"index":"noindex","follow":"follow","max-snippet":"max-snippet:-1","max-image-preview":"max-image-preview:large","max-video-preview":"max-video-preview:-1"},"og_locale":"es_ES","og_type":"article","og_title":"Producto","og_description":"Secrets of Luxembourg City. \u00a1Juega a un Juego de Ciudad autoguiado y explora la ciudad a trav\u00e9s de rompecabezas, acertijos y desaf\u00edos. Juega a tu propio ritmo y descubre como un local!","og_url":"https:\/\/testwebsite.citygame.com\/es\/games\/unknown-location\/producto-429\/","og_site_name":"City Game","article_publisher":"https:\/\/www.facebook.com\/profile.php?id=100086426226253","article_modified_time":"2026-04-03T06:09:51+00:00","og_image":[{"width":1024,"height":1024,"url":"https:\/\/testwebsite.citygame.com\/wp-content\/blogs.dir\/1\/files\/sites\/62\/2026\/03\/luxembourg-city-players-looking-at-phone-in-front-of-old-town.jpg","type":"image\/jpeg"}],"twitter_card":"summary_large_image","schema":{"@context":"https:\/\/schema.org","@graph":[{"@type":"WebPage","@id":"https:\/\/testwebsite.citygame.com\/es\/games\/unknown-location\/producto-429\/","url":"https:\/\/testwebsite.citygame.com\/es\/games\/unknown-location\/producto-429\/","name":"Producto - City Game","isPartOf":{"@id":"https:\/\/testwebsite.upevents.nl\/#website"},"primaryImageOfPage":{"@id":"https:\/\/testwebsite.citygame.com\/es\/games\/unknown-location\/producto-429\/#primaryimage"},"image":{"@id":"https:\/\/testwebsite.citygame.com\/es\/games\/unknown-location\/producto-429\/#primaryimage"},"thumbnailUrl":"https:\/\/testwebsite.citygame.com\/wp-content\/blogs.dir\/1\/files\/sites\/62\/2026\/03\/luxembourg-city-players-looking-at-phone-in-front-of-old-town.jpg","datePublished":"2026-03-19T09:37:02+00:00","dateModified":"2026-04-03T06:09:51+00:00","description":"Secrets of Luxembourg City. \u00a1Juega a un Juego de Ciudad autoguiado y explora la ciudad a trav\u00e9s de rompecabezas, acertijos y desaf\u00edos. Juega a tu propio ritmo y descubre como un local!","breadcrumb":{"@id":"https:\/\/testwebsite.citygame.com\/es\/games\/unknown-location\/producto-429\/#breadcrumb"},"inLanguage":"es","potentialAction":[{"@type":"ReadAction","target":["https:\/\/testwebsite.citygame.com\/es\/games\/unknown-location\/producto-429\/"]}]},{"@type":"ImageObject","inLanguage":"es","@id":"https:\/\/testwebsite.citygame.com\/es\/games\/unknown-location\/producto-429\/#primaryimage","url":"https:\/\/testwebsite.citygame.com\/wp-content\/blogs.dir\/1\/files\/sites\/62\/2026\/03\/luxembourg-city-players-looking-at-phone-in-front-of-old-town.jpg","contentUrl":"https:\/\/testwebsite.citygame.com\/wp-content\/blogs.dir\/1\/files\/sites\/62\/2026\/03\/luxembourg-city-players-looking-at-phone-in-front-of-old-town.jpg","width":1024,"height":1024,"caption":"A group of young friends happily collaborates while looking at a smartphone in Luxembourg City."},{"@type":"BreadcrumbList","@id":"https:\/\/testwebsite.citygame.com\/es\/games\/unknown-location\/producto-429\/#breadcrumb","itemListElement":[{"@type":"ListItem","position":1,"name":"Home","item":"https:\/\/testwebsite.citygame.com\/es\/"},{"@type":"ListItem","position":2,"name":"Shop","item":"https:\/\/testwebsite.citygame.com\/shop\/"},{"@type":"ListItem","position":3,"name":"Producto"}]},{"@type":"WebSite","@id":"https:\/\/testwebsite.upevents.nl\/#website","url":"https:\/\/testwebsite.upevents.nl\/","name":"City Game","description":"","publisher":{"@id":"https:\/\/testwebsite.upevents.nl\/#organization"},"alternateName":"citygame.com","potentialAction":[{"@type":"SearchAction","target":{"@type":"EntryPoint","urlTemplate":"https:\/\/testwebsite.upevents.nl\/?s={search_term_string}"},"query-input":{"@type":"PropertyValueSpecification","valueRequired":true,"valueName":"search_term_string"}}],"inLanguage":"es"},{"@type":["Organization","Place"],"@id":"https:\/\/testwebsite.upevents.nl\/#organization","name":"City Game","alternateName":"citygame.com","url":"https:\/\/testwebsite.upevents.nl\/","logo":{"@id":"https:\/\/testwebsite.citygame.com\/es\/games\/unknown-location\/producto-429\/#local-main-organization-logo"},"image":{"@id":"https:\/\/testwebsite.citygame.com\/es\/games\/unknown-location\/producto-429\/#local-main-organization-logo"},"sameAs":["https:\/\/www.facebook.com\/profile.php?id=100086426226253","https:\/\/www.instagram.com\/citygame_com","https:\/\/www.tiktok.com\/@citygamecom\/","https:\/\/www.linkedin.com\/company\/citygame-com"],"description":"Turn any city into a playground with our interactive City Games and self-guided tours. Fun, flexible, and ideal for groups and team building.","telephone":[],"openingHoursSpecification":[{"@type":"OpeningHoursSpecification","dayOfWeek":["Monday","Tuesday","Wednesday","Thursday","Friday","Saturday","Sunday"],"opens":"09:00","closes":"17:00"}]},{"@type":"ImageObject","inLanguage":"es","@id":"https:\/\/testwebsite.citygame.com\/es\/games\/unknown-location\/producto-429\/#local-main-organization-logo","url":"https:\/\/testwebsite.citygame.com\/wp-content\/blogs.dir\/1\/files\/sites\/62\/2025\/10\/CG_LOGO-City-Game.png","contentUrl":"https:\/\/testwebsite.citygame.com\/wp-content\/blogs.dir\/1\/files\/sites\/62\/2025\/10\/CG_LOGO-City-Game.png","width":351,"height":377,"caption":"City Game"}]}},"taxonomy_info":{"game-concept":[{"value":36,"label":"Secrets"}],"product_cat":[{"value":666,"label":"Sin categorizar"}]},"featured_image_src_large":["https:\/\/testwebsite.citygame.com\/wp-content\/blogs.dir\/1\/files\/sites\/62\/2026\/03\/luxembourg-city-players-looking-at-phone-in-front-of-old-town.jpg",1024,1024,false],"author_info":[],"comment_info":"","_links":{"self":[{"href":"https:\/\/testwebsite.citygame.com\/es\/wp-json\/wp\/v2\/product\/46130","targetHints":{"allow":["GET"]}}],"collection":[{"href":"https:\/\/testwebsite.citygame.com\/es\/wp-json\/wp\/v2\/product"}],"about":[{"href":"https:\/\/testwebsite.citygame.com\/es\/wp-json\/wp\/v2\/types\/product"}],"acf:post":[{"embeddable":true,"href":"https:\/\/testwebsite.citygame.com\/es\/wp-json\/wp\/v2\/pages\/12299"}],"wp:featuredmedia":[{"embeddable":true,"href":"https:\/\/testwebsite.citygame.com\/es\/wp-json\/wp\/v2\/media\/19258"}],"wp:attachment":[{"href":"https:\/\/testwebsite.citygame.com\/es\/wp-json\/wp\/v2\/media?parent=46130"}],"wp:term":[{"taxonomy":"game-concept","embeddable":true,"href":"https:\/\/testwebsite.citygame.com\/es\/wp-json\/wp\/v2\/game-concept?post=46130"},{"taxonomy":"location","embeddable":true,"href":"https:\/\/testwebsite.citygame.com\/es\/wp-json\/wp\/v2\/location?post=46130"},{"taxonomy":"product_brand","embeddable":true,"href":"https:\/\/testwebsite.citygame.com\/es\/wp-json\/wp\/v2\/product_brand?post=46130"},{"taxonomy":"product_cat","embeddable":true,"href":"https:\/\/testwebsite.citygame.com\/es\/wp-json\/wp\/v2\/product_cat?post=46130"},{"taxonomy":"product_tag","embeddable":true,"href":"https:\/\/testwebsite.citygame.com\/es\/wp-json\/wp\/v2\/product_tag?post=46130"}],"curies":[{"name":"wp","href":"https:\/\/api.w.org\/{rel}","templated":true}]}}